{"id":250,"date":"2024-03-15T17:19:14","date_gmt":"2024-03-15T17:19:14","guid":{"rendered":"https:\/\/www.carliseppf.com\/?page_id=250"},"modified":"2025-11-19T10:01:55","modified_gmt":"2025-11-19T10:01:55","slug":"privacy-policy","status":"publish","type":"page","link":"https:\/\/www.carliseppf.com\/de\/privacy-policy\/","title":{"rendered":"Datenschutzerkl\u00e4rung"},"content":{"rendered":"<p>Wir nehmen Ihre Privatsph\u00e4re ernst, und diese Datenschutzerkl\u00e4rung erkl\u00e4rt, wie\u00a0\u00a0(zusammenfassend \u201ewir\u201c, \u201euns\u201c oder \u201eunser\u201c) Ihre Informationen sammelt, verwendet, teilt und verarbeitet.<\/p>\n<p><strong><b>Sammlung und Verwendung personenbezogener Daten<\/b><\/strong><\/p>\n<p>Personenbezogene Daten sind Informationen, die verwendet werden k\u00f6nnen, um Sie direkt oder indirekt zu identifizieren. Personenbezogene Daten umfassen auch anonyme Daten, die mit Informationen verkn\u00fcpft sind, die verwendet werden k\u00f6nnen, um Sie direkt oder indirekt zu identifizieren. Personenbezogene Daten schlie\u00dfen keine Daten ein, die unwiderruflich anonymisiert oder aggregiert wurden, sodass sie uns nicht mehr erm\u00f6glichen, Sie zu identifizieren, sei es in Kombination mit anderen Informationen oder anderweitig.<\/p>\n<p><strong><b>F\u00f6rderung von Sicherheit und Schutz<\/b><\/strong><\/p>\n<p>Wir halten uns an die Prinzipien der Rechtm\u00e4\u00dfigkeit, Legitimit\u00e4t und Transparenz, verwenden und verarbeiten nur die notwendigsten Daten im Rahmen eines begrenzten Zwecks, und ergreifen technische sowie administrative Ma\u00dfnahmen zum Schutz der Datensicherheit. Wir verwenden personenbezogene Daten, um Konten und Nutzeraktivit\u00e4ten zu verifizieren sowie um Sicherheit und Schutz zu f\u00f6rdern, beispielsweise durch \u00dcberwachung von Betrug und Untersuchung verd\u00e4chtiger oder potenziell illegaler Aktivit\u00e4ten oder Verst\u00f6\u00dfe gegen unsere Bedingungen oder Richtlinien. Solche Verarbeitung basiert auf unserem berechtigten Interesse, die Sicherheit unserer Produkte und Dienstleistungen zu gew\u00e4hrleisten.<\/p>\n<p>Hier ist eine Beschreibung der Arten personenbezogener Daten, die wir m\u00f6glicherweise sammeln, und wie wir sie verwenden:<\/p>\n<p><strong><b>Welche personenbezogenen Daten wir sammeln<\/b><\/strong><\/p>\n<p>\u2170. Daten, die Sie bereitstellen:<\/p>\n<p>Wir sammeln die personenbezogenen Daten, die Sie bereitstellen, wenn Sie unsere Produkte und Dienstleistungen nutzen oder anderweitig mit uns interagieren, beispielsweise wenn Sie ein Konto erstellen, uns kontaktieren, an einer Online-Umfrage teilnehmen, unseren Online-Hilfebereich oder Online-Chat nutzen. Wenn Sie einen Kauf t\u00e4tigen, sammeln wir personenbezogene Daten im Zusammenhang mit dem Kauf. Diese Daten umfassen Ihre Zahlungsdaten, wie Ihre Kredit- oder Debitkartennummer und andere Kartendaten, sowie weitere Konten- und Authentifizierungsinformationen sowie Rechnungs-, Versand- und Kontaktdaten.<\/p>\n<p>\u2171. Daten \u00fcber die Nutzung unserer Dienste und Produkte:<\/p>\n<p>Wenn Sie unsere Websites besuchen, k\u00f6nnen wir Daten \u00fcber den Ger\u00e4tetyp, den eindeutigen Ger\u00e4te-Identifikator, die IP-Adresse Ihres Ger\u00e4ts, Ihr Betriebssystem, den verwendeten Internetbrowser, Nutzungsinformationen, Diagnosedaten und Standortinformationen von oder \u00fcber die Computer, Telefone oder andere Ger\u00e4te sammeln, auf denen Sie unsere Produkte oder Dienste installieren oder auf diese zugreifen. Wo verf\u00fcgbar, k\u00f6nnen unsere Dienste GPS, Ihre IP-Adresse und andere Technologien verwenden, um den ungef\u00e4hren Standort eines Ger\u00e4ts zu bestimmen, um unsere Produkte und Dienste zu verbessern.<\/p>\n<p><strong><b>Wie wir Ihre personenbezogenen Daten verwenden<\/b><\/strong><\/p>\n<p>Im Allgemeinen verwenden wir personenbezogene Daten, um unsere Produkte und Dienste bereitzustellen, zu verbessern und weiterzuentwickeln, um mit Ihnen zu kommunizieren, um Ihnen zielgerichtete Werbung und Dienste anzubieten, sowie um uns und unsere Kunden zu sch\u00fctzen.<\/p>\n<p>\u2170. Bereitstellung, Verbesserung und Weiterentwicklung unserer Produkte und Dienste:<\/p>\n<p>Wir verwenden personenbezogene Daten, um uns bei der Bereitstellung, Verbesserung und Weiterentwicklung unserer Produkte, Dienste und Werbung zu unterst\u00fctzen. Dies umfasst die Nutzung personenbezogener Daten f\u00fcr Zwecke wie Datenanalyse, Forschung und Audits. Solche Verarbeitung basiert auf unserem berechtigten Interesse, Ihnen Produkte und Dienste anzubieten und die Gesch\u00e4ftskontinuit\u00e4t zu sichern. Wenn Sie an einem Wettbewerb oder einer anderen Aktion teilnehmen, k\u00f6nnen wir die von Ihnen bereitgestellten personenbezogenen Daten zur Verwaltung dieser Programme verwenden. Einige dieser Aktivit\u00e4ten haben zus\u00e4tzliche Regeln, die weitere Informationen dar\u00fcber enthalten, wie wir personenbezogene Daten verwenden, daher empfehlen wir Ihnen, diese Regeln sorgf\u00e4ltig zu lesen, bevor Sie teilnehmen.<\/p>\n<p>\u2171. Kommunikation mit Ihnen:<\/p>\n<p>Vorbehaltlich Ihrer vorherigen ausdr\u00fccklichen Zustimmung k\u00f6nnen wir personenbezogene Daten verwenden, um Ihnen Marketingkommunikationen im Zusammenhang mit unseren eigenen Produkten und Diensten zu senden, mit Ihnen bez\u00fcglich Ihres Kontos oder Ihrer Transaktionen zu kommunizieren und Sie \u00fcber unsere Richtlinien und Bedingungen zu informieren. Wenn Sie keine Marketing-E-Mails mehr erhalten m\u00f6chten, kontaktieren Sie uns bitte, um sich abzumelden. Wir k\u00f6nnen Ihre Daten auch verwenden, um Ihre Anfragen zu bearbeiten und darauf zu reagieren, wenn Sie uns kontaktieren. Vorbehaltlich Ihrer vorherigen ausdr\u00fccklichen Zustimmung k\u00f6nnen wir Ihre personenbezogenen Daten mit Drittpartnern teilen, die Ihnen Marketingkommunikationen im Zusammenhang mit ihren Produkten und Diensten senden k\u00f6nnen. Vorbehaltlich Ihrer vorherigen ausdr\u00fccklichen Zustimmung k\u00f6nnen wir personenbezogene Daten verwenden, um Ihre Erfahrung mit unseren Produkten und Diensten sowie auf Drittanbieter-Websites und -Anwendungen zu personalisieren und die Wirksamkeit unserer Werbekampagnen zu bestimmen.<\/p>\n<p>HINWEIS: F\u00fcr alle oben beschriebenen Verwendungszwecke Ihrer Daten, die Ihre vorherige ausdr\u00fcckliche Zustimmung erfordern, beachten Sie bitte, dass Sie Ihre Zustimmung widerrufen k\u00f6nnen, indem Sie uns kontaktieren.<\/p>\n<p><strong><b>Definition von Cookies<\/b><\/strong><\/p>\n<p>Cookies sind kleine Textst\u00fccke, die verwendet werden, um Informationen in Webbrowsern zu speichern. Cookies werden weit verbreitet genutzt, um Identifikatoren und andere Informationen auf Computern, Telefonen und anderen Ger\u00e4ten zu speichern und zu empfangen. Wir verwenden auch andere Technologien, einschlie\u00dflich Daten, die wir in Ihrem Webbrowser oder auf Ihrem Ger\u00e4t speichern, Identifikatoren, die mit Ihrem Ger\u00e4t verkn\u00fcpft sind, und andere Software, f\u00fcr \u00e4hnliche Zwecke. In dieser Cookie-Erkl\u00e4rung beziehen wir uns auf all diese Technologien als Cookies<\/p>\n<p><strong><b>Verwendung von Cookies<\/b><\/strong><\/p>\n<p>Wir verwenden Cookies, um unsere Produkte und Dienstleistungen bereitzustellen, zu sch\u00fctzen und zu verbessern, beispielsweise durch Personalisierung von Inhalten, Angebot und Messung von Werbung, Verst\u00e4ndnis des Nutzerverhaltens und Bereitstellung einer sichereren Erfahrung. Bitte beachten Sie, dass die spezifischen Cookies, die wir m\u00f6glicherweise verwenden, je nach den von Ihnen genutzten Websites und Diensten variieren.<\/p>\n<p><strong><b>Offenlegung personenbezogener Daten<\/b><\/strong><\/p>\n<p>Wir stellen bestimmten strategischen Partnern personenbezogene Daten zur Verf\u00fcgung, die mit uns zusammenarbeiten, um unsere Produkte und Dienstleistungen bereitzustellen oder uns bei der Vermarktung an Kunden zu unterst\u00fctzen. Personenbezogene Daten werden nur von uns mit diesen Unternehmen geteilt, um unsere Produkte, Dienstleistungen und Werbung bereitzustellen oder zu verbessern; sie werden nicht ohne Ihre vorherige ausdr\u00fcckliche Zustimmung an Dritte f\u00fcr deren eigene Marketingzwecke weitergegeben.<\/p>\n<p><strong><b>Datenoffenlegung oder -speicherung, -\u00fcbertragung und -verarbeitung<\/b><\/strong><\/p>\n<p>\u2170. Erf\u00fcllung gesetzlicher Verpflichtungen:<\/p>\n<p>Aufgrund der zwingenden Gesetze in Deutschland existieren oder sind bestimmte rechtliche Handlungen erfolgt, und es m\u00fcssen bestimmte rechtliche Verpflichtungen erf\u00fcllt werden. Die Verarbeitung personenbezogener Daten von in Deutschland ans\u00e4ssigen Personen \u2014 wie unten beschrieben, wenn Sie in Deutschland wohnen, wird unsere Verarbeitung Ihrer personenbezogenen Daten legitimiert: Wann immer wir Ihre Zustimmung f\u00fcr die Verarbeitung Ihrer personenbezogenen Daten ben\u00f6tigen, wird diese Verarbeitung gem\u00e4\u00df Artikel 6(1) der Datenschutz-Grundverordnung (Deutschland) gerechtfertigt.<\/p>\n<p>\u2171. F\u00fcr die Umsetzung oder Anwendung dieses Artikels:<\/p>\n<p>Wir k\u00f6nnen personenbezogene Daten mit allen unseren verbundenen Unternehmen teilen. Im Falle einer Fusion, Umstrukturierung, \u00dcbernahme, Gemeinschaftsunternehmen, Abtretung, Ausgliederung, \u00dcbertragung oder Verkauf oder Ver\u00e4u\u00dferung aller oder eines Teils unseres Gesch\u00e4fts, einschlie\u00dflich im Zusammenhang mit Insolvenz- oder \u00e4hnlichen Verfahren, k\u00f6nnen wir alle personenbezogenen Daten an den entsprechenden Dritten \u00fcbertragen. Wir k\u00f6nnen personenbezogene Daten auch offenlegen, wenn wir in gutem Glauben feststellen, dass eine Offenlegung vern\u00fcnftigerweise notwendig ist, um unsere Rechte zu sch\u00fctzen und verf\u00fcgbare Rechtsmittel zu verfolgen, unsere Gesch\u00e4ftsbedingungen durchzusetzen, Betrug zu untersuchen oder unsere Betriebe oder Nutzer zu sch\u00fctzen.<\/p>\n<p>\u2172. Rechtliche Einhaltung und Sicherheit oder Schutz anderer Rechte<\/p>\n<p>Es kann notwendig sein \u2014 durch Gesetz, rechtlichen Prozess, Rechtsstreit und\/oder Anfragen \u00f6ffentlicher und staatlicher Beh\u00f6rden innerhalb oder au\u00dferhalb Ihres Wohnsitzlandes \u2014 personenbezogene Daten offenzulegen. Wir k\u00f6nnen personenbezogene Daten auch offenlegen, wenn wir feststellen, dass eine Offenlegung im Hinblick auf nationale Sicherheit, Strafverfolgung oder andere Fragen von \u00f6ffentlichem Interesse notwendig oder angemessen ist.<\/p>\n<p><strong><b>Kinder<\/b><\/strong><\/p>\n<p>Unsere Produkte und Dienstleistungen sind f\u00fcr Erwachsene bestimmt. Dementsprechend erfassen, verwenden oder offenbaren wir keine Daten von Kindern unter 18 Jahren. Wenn wir erfahren, dass wir die personenbezogenen Daten eines Kindes unter 18 Jahren oder des entsprechenden Mindestalters je nach Rechtsordnung gesammelt haben, werden wir die Daten so schnell wie m\u00f6glich l\u00f6schen. Bitte kontaktieren Sie uns umgehend, wenn Sie feststellen, dass ein Kind unter 18 Jahren uns personenbezogene Daten bereitgestellt hat.<\/p>\n<p><strong><b>Ihre Rechte<\/b><\/strong><\/p>\n<p>Wir ergreifen angemessene Ma\u00dfnahmen, um sicherzustellen, dass Ihre personenbezogenen Daten korrekt, vollst\u00e4ndig und aktuell sind. Sie haben das Recht, auf die von uns gesammelten personenbezogenen Daten zuzugreifen, sie zu korrigieren oder zu l\u00f6schen. Sie sind auch berechtigt, jederzeit der weiteren Verarbeitung Ihrer personenbezogenen Daten zu widersprechen oder diese einzuschr\u00e4nken. Sie haben das Recht, Ihre personenbezogenen Daten in einem strukturierten und g\u00e4ngigen Format zu erhalten. Sie k\u00f6nnen eine Beschwerde bei der zust\u00e4ndigen Datenschutzbeh\u00f6rde bez\u00fcglich der Verarbeitung Ihrer personenbezogenen Daten einreichen. Zum Schutz Ihrer Privatsph\u00e4re und Sicherheit k\u00f6nnen wir von Ihnen Daten anfordern, um Ihre Identit\u00e4t und Ihr Recht auf Zugriff auf diese Daten zu best\u00e4tigen sowie um nach Ihren personenbezogenen Daten zu suchen und diese bereitzustellen. Es gibt F\u00e4lle, in denen geltendes Recht oder regulatorische Anforderungen uns erlauben oder verlangen, die Bereitstellung oder L\u00f6schung einiger oder aller unserer gespeicherten personenbezogenen Daten abzulehnen. Sie k\u00f6nnen uns kontaktieren, um Ihre Rechte auszu\u00fcben. Wir werden auf Ihre Anfrage innerhalb eines angemessenen Zeitrahmens, in jedem Fall innerhalb von weniger als 30 Tagen, reagieren.<\/p>\n<p><strong><b>Websites und Dienste Dritter<\/b><\/strong><\/p>\n<p>Wenn ein Kunde einen Link zu einer Website eines Drittanbieters betreibt, die eine Beziehung zu uns hat, \u00fcbernehmen wir keine Verpflichtung oder Verantwortung f\u00fcr eine solche Richtlinie aufgrund der Datenschutzrichtlinie des Dritten. Unsere Websites, Produkte und Dienste k\u00f6nnen Links zu oder die M\u00f6glichkeit enthalten, auf Websites, Produkte und Dienste Dritter zuzugreifen. Wir sind nicht verantwortlich f\u00fcr die Datenschutzpraktiken dieser Dritten, noch f\u00fcr die Informationen oder Inhalte, die ihre Produkte und Dienste enthalten. Diese Datenschutzerkl\u00e4rung gilt ausschlie\u00dflich f\u00fcr Daten, die wir durch unsere Produkte und Dienste erheben. Wir empfehlen Ihnen, die Datenschutzrichtlinien Dritter zu lesen, bevor Sie deren Websites, Produkte oder Dienste nutzen.<\/p>\n<p><strong><b>Datensicherheit, Integrit\u00e4t und Aufbewahrung<\/b><\/strong><\/p>\n<p>Wir verwenden angemessene technische, administrative und physische Sicherheitsma\u00dfnahmen, um Ihre Daten zu sch\u00fctzen und unbefugten Zugriff zu verhindern sowie die korrekte Nutzung der gesammelten Daten sicherzustellen. Wir bewahren Ihre personenbezogenen Daten so lange auf, wie es notwendig ist, um die in dieser Datenschutzerkl\u00e4rung genannten Zwecke zu erf\u00fcllen, es sei denn, eine l\u00e4ngere Aufbewahrungsfrist ist gesetzlich vorgeschrieben oder erlaubt.<\/p>\n<p><strong><b>\u00c4nderungen dieser Datenschutzerkl\u00e4rung<\/b><\/strong><\/p>\n<p>Wir k\u00f6nnen diese Datenschutzerkl\u00e4rung gelegentlich \u00e4ndern, um mit neuen Technologien, Branchenpraktiken und regulatorischen Anforderungen Schritt zu halten, unter anderem. Ihre fortgesetzte Nutzung unserer Produkte und Dienstleistungen nach dem Inkrafttreten der Datenschutzerkl\u00e4rung bedeutet, dass Sie die \u00fcberarbeitete Datenschutzerkl\u00e4rung akzeptieren. Wenn Sie mit der \u00fcberarbeiteten Datenschutzerkl\u00e4rung nicht einverstanden sind, kontaktieren Sie uns bitte, verzichten Sie auf die Nutzung unserer Produkte oder Dienstleistungen und schlie\u00dfen Sie gegebenenfalls ein Konto bei uns.<\/p>\n<p><strong><b>Datenschutz f\u00fcr Minderj\u00e4hrige<\/b><\/strong><\/p>\n<p>Wir verpflichten uns, die Privatsph\u00e4re von Personen unter 18 Jahren zu sch\u00fctzen. Wir sammeln, verwenden oder offenbaren keine personenbezogenen Daten von Personen unter 18 Jahren wissentlich. Wenn wir feststellen, dass wir versehentlich personenbezogene Daten eines Minderj\u00e4hrigen gesammelt haben, werden wir angemessene Schritte unternehmen, um diese Daten aus unseren Aufzeichnungen zu l\u00f6schen. Wenn Sie Elternteil oder Erziehungsberechtigter sind und glauben, dass Ihr Kind uns personenbezogene Daten bereitgestellt hat, kontaktieren Sie uns bitte, damit wir die Angelegenheit umgehend kl\u00e4ren k\u00f6nnen.<\/p>","protected":false},"excerpt":{"rendered":"<p>We take your privacy seriously and this privacy statement explains how\u00a0\u00a0(collectively, \u201cwe,\u201d \u201cus,\u201d or \u201cour\u201d) collects, uses, shares, and processes your information. Collection and Use for Personal Data Personal data&hellip;<\/p>","protected":false},"author":1,"featured_media":0,"parent":0,"menu_order":0,"comment_status":"closed","ping_status":"closed","template":"","meta":{"footnotes":""},"class_list":["post-250","page","type-page","status-publish","hentry"],"_hostinger_reach_plugin_has_subscription_block":false,"_hostinger_reach_plugin_is_elementor":false,"_links":{"self":[{"href":"https:\/\/www.carliseppf.com\/de\/wp-json\/wp\/v2\/pages\/250","targetHints":{"allow":["GET"]}}],"collection":[{"href":"https:\/\/www.carliseppf.com\/de\/wp-json\/wp\/v2\/pages"}],"about":[{"href":"https:\/\/www.carliseppf.com\/de\/wp-json\/wp\/v2\/types\/page"}],"author":[{"embeddable":true,"href":"https:\/\/www.carliseppf.com\/de\/wp-json\/wp\/v2\/users\/1"}],"replies":[{"embeddable":true,"href":"https:\/\/www.carliseppf.com\/de\/wp-json\/wp\/v2\/comments?post=250"}],"version-history":[{"count":3,"href":"https:\/\/www.carliseppf.com\/de\/wp-json\/wp\/v2\/pages\/250\/revisions"}],"predecessor-version":[{"id":9664,"href":"https:\/\/www.carliseppf.com\/de\/wp-json\/wp\/v2\/pages\/250\/revisions\/9664"}],"wp:attachment":[{"href":"https:\/\/www.carliseppf.com\/de\/wp-json\/wp\/v2\/media?parent=250"}],"curies":[{"name":"wp","href":"https:\/\/api.w.org\/{rel}","templated":true}]}}