{"id":2946,"date":"2024-07-03T08:30:47","date_gmt":"2024-07-03T08:30:47","guid":{"rendered":"https:\/\/www.carliseppf.com\/?page_id=2946"},"modified":"2025-11-26T08:21:49","modified_gmt":"2025-11-26T08:21:49","slug":"service-cases","status":"publish","type":"page","link":"https:\/\/www.carliseppf.com\/de\/service-cases\/","title":{"rendered":"Servicef\u00e4lle"},"content":{"rendered":"<div data-elementor-type=\"wp-page\" data-elementor-id=\"2946\" class=\"elementor elementor-2946\">\n\t\t\t\t\t\t<section class=\"elementor-section elementor-top-section elementor-element elementor-element-041a8df elementor-section-boxed elementor-section-height-default elementor-section-height-default sc_fly_static\" data-id=\"041a8df\" data-element_type=\"section\">\n\t\t\t\t\t\t<div class=\"elementor-container elementor-column-gap-extended\">\n\t\t\t\t\t<div class=\"elementor-column elementor-col-100 elementor-top-column elementor-element elementor-element-114f119 sc_content_align_inherit sc_layouts_column_icons_position_left sc_fly_static\" data-id=\"114f119\" data-element_type=\"column\">\n\t\t\t<div class=\"elementor-widget-wrap elementor-element-populated\">\n\t\t\t\t\t\t<div class=\"elementor-element elementor-element-251e574 sc_height_large sc_fly_static elementor-widget elementor-widget-spacer\" data-id=\"251e574\" data-element_type=\"widget\" data-widget_type=\"spacer.default\">\n\t\t\t\t<div class=\"elementor-widget-container\">\n\t\t\t\t\t\t\t<div class=\"elementor-spacer\">\n\t\t\t<div class=\"elementor-spacer-inner\"><\/div>\n\t\t<\/div>\n\t\t\t\t\t\t<\/div>\n\t\t\t\t<\/div>\n\t\t\t\t\t<\/div>\n\t\t<\/div>\n\t\t\t\t\t<\/div>\n\t\t<\/section>\n\t\t\t\t<section class=\"elementor-section elementor-top-section elementor-element elementor-element-d92c140 elementor-section-boxed elementor-section-height-default elementor-section-height-default sc_fly_static\" data-id=\"d92c140\" data-element_type=\"section\">\n\t\t\t\t\t\t<div class=\"elementor-container elementor-column-gap-no\">\n\t\t\t\t\t<div class=\"elementor-column elementor-col-100 elementor-top-column elementor-element elementor-element-fa451c7 sc_content_align_inherit sc_layouts_column_icons_position_left sc_fly_static\" data-id=\"fa451c7\" data-element_type=\"column\">\n\t\t\t<div class=\"elementor-widget-wrap elementor-element-populated\">\n\t\t\t\t\t\t<div class=\"elementor-element elementor-element-098868c sc_fly_static elementor-widget elementor-widget-text-editor\" data-id=\"098868c\" data-element_type=\"widget\" data-widget_type=\"text-editor.default\">\n\t\t\t\t<div class=\"elementor-widget-container\">\n\t\t\t\t\t\t\t\t\t<p>Wir bieten Automobilfolienl\u00f6sungen f\u00fcr Marken, Gro\u00dfh\u00e4ndler, Installateure und Projektauftragnehmer in \u00fcber 50 L\u00e4ndern an. Unsere Servicef\u00e4lle zeigen, wie unsere Car-Wrap-Vinyl, PPF, Fensterfolien und architektonischen Solarfolien Kunden bei der Probleml\u00f6sung helfen und ihr Gesch\u00e4ft erweitern.<\/p>\t\t\t\t\t\t\t\t<\/div>\n\t\t\t\t<\/div>\n\t\t\t\t<div class=\"elementor-element elementor-element-15b909a sc_fly_static elementor-widget elementor-widget-trx_sc_services\" data-id=\"15b909a\" data-element_type=\"widget\" data-widget_type=\"trx_sc_services.default\">\n\t\t\t\t<div class=\"elementor-widget-container\">\n\t\t\t\t\t<div class=\"sc_services sc_services_default sc_services_featured_top\"><div class=\"sc_services_columns_wrap sc_item_columns sc_item_posts_container sc_item_columns_3 trx_addons_columns_wrap columns_padding_bottom\"><div class=\"trx_addons_column-1_3\"><div data-post-id=\"9773\" class=\"sc_services_item sc_item_container post_container with_content with_image sc_services_item_featured_top post-9773 cpt_services type-cpt_services status-publish has-post-thumbnail hentry cpt_services_group-services-cases\" data-item-number=\"1\"\r\n>\r\n\t<div class=\"post_featured with_thumb hover_link sc_services_item_thumb\"><img fetchpriority=\"high\" decoding=\"async\" width=\"890\" height=\"664\" src=\"https:\/\/www.carliseppf.com\/wp-content\/uploads\/2025\/11\/1-5-890x664.jpg\" class=\"attachment-rally-thumb-square size-rally-thumb-square wp-post-image\" alt=\"Deutsches Auto mit aufgebrachter Einweg-Fenstert\u00f6nung \u2013 Projektansicht\" srcset=\"https:\/\/www.carliseppf.com\/wp-content\/uploads\/2025\/11\/1-5-890x664.jpg 890w, https:\/\/www.carliseppf.com\/wp-content\/uploads\/2025\/11\/1-5-18x12.jpg 18w\" sizes=\"(max-width: 890px) 100vw, 890px\" \/>\t\t\t\t\t\t<div class=\"mask\"><\/div>\r\n\t\t\t\t\t\t<a class=\"post_link sc_services_item_link\" href=\"https:\/\/www.carliseppf.com\/de\/services\/dubai-one-way-window-tint\/\"><\/a>\t\t\t<a href=\"https:\/\/www.carliseppf.com\/de\/services\/dubai-one-way-window-tint\/\"  aria-hidden=\"true\" class=\"link\"><\/a>\r\n\t\t\t<\/div>\t\r\n\t<div class=\"sc_services_item_info\">\r\n\t\t\t\t<div class=\"sc_services_item_header\">\r\n\t\t\t\t\t\t<h4 class=\"sc_services_item_title entry-title\"><a href=\"https:\/\/www.carliseppf.com\/de\/services\/dubai-one-way-window-tint\/\">Erfolgsgeschichte eines Kunden in Dubai \u2013 Projekt mit Einweg-Fenstert\u00f6nung<\/a><\/h4>\r\n\t\t\t<div class=\"sc_services_item_subtitle\"><a href=\"https:\/\/www.carliseppf.com\/de\/services_group\/services-cases\/\" title=\"Alle Beitr\u00e4ge in Service-F\u00e4lle anzeigen\">Servicef\u00e4lle<\/a><\/div>\t\t<\/div>\r\n\t\t                    <div class=\"sc_services_item_content\"><p>Projekt mit Einweg-Fenstert\u00f6nung Unsere Zusammenarbeit mit einem deutschen Kunden begann vor einem Jahr. Anfangs kaufte er eine kleine Menge an Produkten zum Testen, insbesondere unsere Einweg-Fenstert\u00f6nung\u2026<\/p>\n<\/div><div class=\"sc_services_item_button sc_item_button\">\r\n            <a href=\"https:\/\/www.carliseppf.com\/de\/services\/dubai-one-way-window-tint\/\" class=\"sc_services_item_more_link\">\r\n                <span class=\"link_text\">Weiterlesen<\/span><span class=\"link_icon\"><\/span>\r\n            <\/a>\r\n            <\/div><\/div>\r\n<\/div>\r\n<\/div><div class=\"trx_addons_column-1_3\"><div data-post-id=\"9781\" class=\"sc_services_item sc_item_container post_container with_content with_image sc_services_item_featured_top post-9781 cpt_services type-cpt_services status-publish has-post-thumbnail hentry cpt_services_group-services-cases\" data-item-number=\"2\"\r\n>\r\n\t<div class=\"post_featured with_thumb hover_link sc_services_item_thumb\"><img decoding=\"async\" width=\"890\" height=\"664\" src=\"https:\/\/www.carliseppf.com\/wp-content\/uploads\/2025\/11\/ca8ca546f33ddf8e36dbda39961643dd-890x664.jpg\" class=\"attachment-rally-thumb-square size-rally-thumb-square wp-post-image\" alt=\"Kosteng\u00fcnstige Fenstert\u00f6nung\" \/>\t\t\t\t\t\t<div class=\"mask\"><\/div>\r\n\t\t\t\t\t\t<a class=\"post_link sc_services_item_link\" href=\"https:\/\/www.carliseppf.com\/de\/services\/kenya-low-cost-window-tinting\/\"><\/a>\t\t\t<a href=\"https:\/\/www.carliseppf.com\/de\/services\/kenya-low-cost-window-tinting\/\"  aria-hidden=\"true\" class=\"link\"><\/a>\r\n\t\t\t<\/div>\t\r\n\t<div class=\"sc_services_item_info\">\r\n\t\t\t\t<div class=\"sc_services_item_header\">\r\n\t\t\t\t\t\t<h4 class=\"sc_services_item_title entry-title\"><a href=\"https:\/\/www.carliseppf.com\/de\/services\/kenya-low-cost-window-tinting\/\">Erfolgsgeschichte eines deutschen Kunden \u2013 Projekt mit kosteng\u00fcnstiger Fenstert\u00f6nung<\/a><\/h4>\r\n\t\t\t<div class=\"sc_services_item_subtitle\"><a href=\"https:\/\/www.carliseppf.com\/de\/services_group\/services-cases\/\" title=\"Alle Beitr\u00e4ge in Service-F\u00e4lle anzeigen\">Servicef\u00e4lle<\/a><\/div>\t\t<\/div>\r\n\t\t                    <div class=\"sc_services_item_content\"><p>Unser deutscher Kunde begann die Zusammenarbeit mit uns, w\u00e4hrend er noch im Bereich Automobilfolie t\u00e4tig war. Er ben\u00f6tigte einen zuverl\u00e4ssigen Lieferanten, der konsistente Qualit\u00e4t und professionelle Unterst\u00fctzung bieten kann, w\u00e4hrend er\u2026<\/p>\n<\/div><div class=\"sc_services_item_button sc_item_button\">\r\n            <a href=\"https:\/\/www.carliseppf.com\/de\/services\/kenya-low-cost-window-tinting\/\" class=\"sc_services_item_more_link\">\r\n                <span class=\"link_text\">Weiterlesen<\/span><span class=\"link_icon\"><\/span>\r\n            <\/a>\r\n            <\/div><\/div>\r\n<\/div>\r\n<\/div><div class=\"trx_addons_column-1_3\"><div data-post-id=\"9794\" class=\"sc_services_item sc_item_container post_container with_content with_image sc_services_item_featured_top post-9794 cpt_services type-cpt_services status-publish has-post-thumbnail hentry cpt_services_group-services-cases\" data-item-number=\"3\"\r\n>\r\n\t<div class=\"post_featured with_thumb hover_link sc_services_item_thumb\"><img decoding=\"async\" width=\"890\" height=\"664\" src=\"https:\/\/www.carliseppf.com\/wp-content\/uploads\/2025\/11\/1-2-890x664.jpg\" class=\"attachment-rally-thumb-square size-rally-thumb-square wp-post-image\" alt=\"Automobil-Fenstert\u00f6nungsfolie\" srcset=\"https:\/\/www.carliseppf.com\/wp-content\/uploads\/2025\/11\/1-2-890x664.jpg 890w, https:\/\/www.carliseppf.com\/wp-content\/uploads\/2025\/11\/1-2-18x12.jpg 18w\" sizes=\"(max-width: 890px) 100vw, 890px\" \/>\t\t\t\t\t\t<div class=\"mask\"><\/div>\r\n\t\t\t\t\t\t<a class=\"post_link sc_services_item_link\" href=\"https:\/\/www.carliseppf.com\/de\/services\/saudi-automotive-window-tint-film\/\"><\/a>\t\t\t<a href=\"https:\/\/www.carliseppf.com\/de\/services\/saudi-automotive-window-tint-film\/\"  aria-hidden=\"true\" class=\"link\"><\/a>\r\n\t\t\t<\/div>\t\r\n\t<div class=\"sc_services_item_info\">\r\n\t\t\t\t<div class=\"sc_services_item_header\">\r\n\t\t\t\t\t\t<h4 class=\"sc_services_item_title entry-title\"><a href=\"https:\/\/www.carliseppf.com\/de\/services\/saudi-automotive-window-tint-film\/\">Erfolgsgeschichte eines deutschen Kunden \u2013 Projekt mit Automobil-Fenstert\u00f6nungsfolie<\/a><\/h4>\r\n\t\t\t<div class=\"sc_services_item_subtitle\"><a href=\"https:\/\/www.carliseppf.com\/de\/services_group\/services-cases\/\" title=\"Alle Beitr\u00e4ge in Service-F\u00e4lle anzeigen\">Servicef\u00e4lle<\/a><\/div>\t\t<\/div>\r\n\t\t                    <div class=\"sc_services_item_content\"><p>Unsere Zusammenarbeit mit einem deutschen Kunden begann mit einem klaren Ziel: eine Automobil-Fenstert\u00f6nungsfolie zu finden, die sowohl Haltbarkeit als auch ein hochwertiges Aussehen unter extremen klimatischen Bedingungen in Deutschland bietet.\u2026<\/p>\n<\/div><div class=\"sc_services_item_button sc_item_button\">\r\n            <a href=\"https:\/\/www.carliseppf.com\/de\/services\/saudi-automotive-window-tint-film\/\" class=\"sc_services_item_more_link\">\r\n                <span class=\"link_text\">Weiterlesen<\/span><span class=\"link_icon\"><\/span>\r\n            <\/a>\r\n            <\/div><\/div>\r\n<\/div>\r\n<\/div><div class=\"trx_addons_column-1_3\"><div data-post-id=\"9801\" class=\"sc_services_item sc_item_container post_container with_content with_image sc_services_item_featured_top post-9801 cpt_services type-cpt_services status-publish has-post-thumbnail hentry cpt_services_group-services-cases\" data-item-number=\"4\"\r\n>\r\n\t<div class=\"post_featured with_thumb hover_link sc_services_item_thumb\"><img loading=\"lazy\" decoding=\"async\" width=\"890\" height=\"664\" src=\"https:\/\/www.carliseppf.com\/wp-content\/uploads\/2025\/11\/8df23d473d4c4623e15ba6b8fe6773a1-890x664.png\" class=\"attachment-rally-thumb-square size-rally-thumb-square wp-post-image\" alt=\"\" \/>\t\t\t\t\t\t<div class=\"mask\"><\/div>\r\n\t\t\t\t\t\t<a class=\"post_link sc_services_item_link\" href=\"https:\/\/www.carliseppf.com\/de\/services\/thailand-blackout-window-tint\/\"><\/a>\t\t\t<a href=\"https:\/\/www.carliseppf.com\/de\/services\/thailand-blackout-window-tint\/\"  aria-hidden=\"true\" class=\"link\"><\/a>\r\n\t\t\t<\/div>\t\r\n\t<div class=\"sc_services_item_info\">\r\n\t\t\t\t<div class=\"sc_services_item_header\">\r\n\t\t\t\t\t\t<h4 class=\"sc_services_item_title entry-title\"><a href=\"https:\/\/www.carliseppf.com\/de\/services\/thailand-blackout-window-tint\/\">Erfolgsgeschichte eines deutschen Kunden \u2013 Projekt mit Verdunkelungsfenstert\u00f6nung<\/a><\/h4>\r\n\t\t\t<div class=\"sc_services_item_subtitle\"><a href=\"https:\/\/www.carliseppf.com\/de\/services_group\/services-cases\/\" title=\"Alle Beitr\u00e4ge in Service-F\u00e4lle anzeigen\">Servicef\u00e4lle<\/a><\/div>\t\t<\/div>\r\n\t\t                    <div class=\"sc_services_item_content\"><p>Unser deutscher Kunde wandte sich zun\u00e4chst an uns, w\u00e4hrend er nach einer zuverl\u00e4ssigen Verdunkelungsfenstert\u00f6nung suchte, die in Deutschland bei hoher Luftfeuchtigkeit und starker UV-Belastung gut funktioniert. Zun\u00e4chst war er\u2026<\/p>\n<\/div><div class=\"sc_services_item_button sc_item_button\">\r\n            <a href=\"https:\/\/www.carliseppf.com\/de\/services\/thailand-blackout-window-tint\/\" class=\"sc_services_item_more_link\">\r\n                <span class=\"link_text\">Weiterlesen<\/span><span class=\"link_icon\"><\/span>\r\n            <\/a>\r\n            <\/div><\/div>\r\n<\/div>\r\n<\/div><\/div><\/div>\t\t\t\t<\/div>\n\t\t\t\t<\/div>\n\t\t\t\t\t<\/div>\n\t\t<\/div>\n\t\t\t\t\t<\/div>\n\t\t<\/section>\n\t\t\t\t<section class=\"elementor-section elementor-top-section elementor-element elementor-element-bb732ee elementor-section-boxed elementor-section-height-default elementor-section-height-default sc_fly_static\" data-id=\"bb732ee\" data-element_type=\"section\">\n\t\t\t\t\t\t<div class=\"elementor-container elementor-column-gap-extended\">\n\t\t\t\t\t<div class=\"elementor-column elementor-col-100 elementor-top-column elementor-element elementor-element-9692373 sc_content_align_inherit sc_layouts_column_icons_position_left sc_fly_static\" data-id=\"9692373\" data-element_type=\"column\">\n\t\t\t<div class=\"elementor-widget-wrap elementor-element-populated\">\n\t\t\t\t\t\t<div class=\"elementor-element elementor-element-334f913 sc_height_extra_huge sc_fly_static elementor-widget elementor-widget-spacer\" data-id=\"334f913\" data-element_type=\"widget\" data-widget_type=\"spacer.default\">\n\t\t\t\t<div class=\"elementor-widget-container\">\n\t\t\t\t\t\t\t<div class=\"elementor-spacer\">\n\t\t\t<div class=\"elementor-spacer-inner\"><\/div>\n\t\t<\/div>\n\t\t\t\t\t\t<\/div>\n\t\t\t\t<\/div>\n\t\t\t\t\t<\/div>\n\t\t<\/div>\n\t\t\t\t\t<\/div>\n\t\t<\/section>\n\t\t\t\t<\/div>","protected":false},"excerpt":{"rendered":"<p>We provide automotive film solutions to brands, wholesalers, installers, and project contractors in over 50+ countries. Our service cases display how our car wrap vinyl, PPF, window tint film, and&hellip;<\/p>","protected":false},"author":1,"featured_media":0,"parent":0,"menu_order":0,"comment_status":"closed","ping_status":"closed","template":"","meta":{"footnotes":""},"class_list":["post-2946","page","type-page","status-publish","hentry"],"_hostinger_reach_plugin_has_subscription_block":false,"_hostinger_reach_plugin_is_elementor":false,"_links":{"self":[{"href":"https:\/\/www.carliseppf.com\/de\/wp-json\/wp\/v2\/pages\/2946","targetHints":{"allow":["GET"]}}],"collection":[{"href":"https:\/\/www.carliseppf.com\/de\/wp-json\/wp\/v2\/pages"}],"about":[{"href":"https:\/\/www.carliseppf.com\/de\/wp-json\/wp\/v2\/types\/page"}],"author":[{"embeddable":true,"href":"https:\/\/www.carliseppf.com\/de\/wp-json\/wp\/v2\/users\/1"}],"replies":[{"embeddable":true,"href":"https:\/\/www.carliseppf.com\/de\/wp-json\/wp\/v2\/comments?post=2946"}],"version-history":[{"count":29,"href":"https:\/\/www.carliseppf.com\/de\/wp-json\/wp\/v2\/pages\/2946\/revisions"}],"predecessor-version":[{"id":10049,"href":"https:\/\/www.carliseppf.com\/de\/wp-json\/wp\/v2\/pages\/2946\/revisions\/10049"}],"wp:attachment":[{"href":"https:\/\/www.carliseppf.com\/de\/wp-json\/wp\/v2\/media?parent=2946"}],"curies":[{"name":"wp","href":"https:\/\/api.w.org\/{rel}","templated":true}]}}