{"id":9285,"date":"2025-11-03T03:10:26","date_gmt":"2025-11-03T03:10:26","guid":{"rendered":"https:\/\/www.carliseppf.com\/?page_id=9285"},"modified":"2025-11-21T03:55:07","modified_gmt":"2025-11-21T03:55:07","slug":"export-guides","status":"publish","type":"page","link":"https:\/\/www.carliseppf.com\/de\/export-guides\/","title":{"rendered":"Exportleitf\u00e4den"},"content":{"rendered":"<div data-elementor-type=\"wp-page\" data-elementor-id=\"9285\" class=\"elementor elementor-9285\">\n\t\t\t\t\t\t<section class=\"elementor-section elementor-top-section elementor-element elementor-element-f31459e elementor-section-stretched elementor-section-boxed elementor-section-height-default elementor-section-height-default sc_fly_static\" data-id=\"f31459e\" data-element_type=\"section\" data-settings=\"{&quot;stretch_section&quot;:&quot;section-stretched&quot;}\">\n\t\t\t\t\t\t<div class=\"elementor-container elementor-column-gap-extended\">\n\t\t\t\t\t<div class=\"elementor-column elementor-col-100 elementor-top-column elementor-element elementor-element-e5f45c9 sc_content_align_inherit sc_layouts_column_icons_position_left sc_fly_static\" data-id=\"e5f45c9\" data-element_type=\"column\">\n\t\t\t<div class=\"elementor-widget-wrap elementor-element-populated\">\n\t\t\t\t\t\t<section class=\"elementor-section elementor-inner-section elementor-element elementor-element-6fd01f7 elementor-section-boxed elementor-section-height-default elementor-section-height-default sc_fly_static\" data-id=\"6fd01f7\" data-element_type=\"section\">\n\t\t\t\t\t\t<div class=\"elementor-container elementor-column-gap-extended\">\n\t\t\t\t\t<div class=\"elementor-column elementor-col-100 elementor-inner-column elementor-element elementor-element-2ac88c2 sc_content_align_inherit sc_layouts_column_icons_position_left sc_fly_static\" data-id=\"2ac88c2\" data-element_type=\"column\">\n\t\t\t<div class=\"elementor-widget-wrap elementor-element-populated\">\n\t\t\t\t\t\t<div class=\"elementor-element elementor-element-a8d84fd sc_fly_static elementor-widget elementor-widget-trx_sc_title\" data-id=\"a8d84fd\" data-element_type=\"widget\" data-widget_type=\"trx_sc_title.default\">\n\t\t\t\t<div class=\"elementor-widget-container\">\n\t\t\t\t\t<div\t\tclass=\"sc_title sc_title_default\" ><h1 class=\"sc_item_title sc_title_title sc_align_center sc_item_title_style_default sc_item_title_tag\"\n\t\t\t><span class=\"sc_item_title_text\">Globale Exportl\u00f6sungen f\u00fcr Automobilfilme<\/span><\/h1><div class=\"sc_item_descr sc_title_descr sc_align_center\"><p>Optimieren Sie Ihren internationalen Versand von PPF, Fahrzeugfolien und Fensterfolien mit unseren umfassenden Exportleitf\u00e4den, Compliance-Expertise und Logistikl\u00f6sungen.<\/p>\n<\/div><div\tclass=\"sc_item_button sc_button_wrap sc_align_center sc_item_button sc_item_button_default sc_item_button_size_normal sc_title_button\"><a href=\"\/de\/contacts\/\" class=\"sc_button sc_button_default sc_button_size_normal sc_button_icon_left\"><span class=\"sc_button_text\"><span class=\"sc_button_title\">Entdecken Sie Unsere L\u00f6sungen<\/span><\/span><\/a><\/div><\/div>\t\t\t\t<\/div>\n\t\t\t\t<\/div>\n\t\t\t\t\t<\/div>\n\t\t<\/div>\n\t\t\t\t\t<\/div>\n\t\t<\/section>\n\t\t\t\t\t<\/div>\n\t\t<\/div>\n\t\t\t\t\t<\/div>\n\t\t<\/section>\n\t\t\t\t<section class=\"elementor-section elementor-top-section elementor-element elementor-element-ae96491 elementor-section-stretched elementor-section-boxed elementor-section-height-default elementor-section-height-default sc_fly_static\" data-id=\"ae96491\" data-element_type=\"section\" data-settings=\"{&quot;stretch_section&quot;:&quot;section-stretched&quot;}\">\n\t\t\t\t\t\t<div class=\"elementor-container elementor-column-gap-extended\">\n\t\t\t\t\t<div class=\"elementor-column elementor-col-100 elementor-top-column elementor-element elementor-element-29225db sc_content_align_inherit sc_layouts_column_icons_position_left sc_fly_static\" data-id=\"29225db\" data-element_type=\"column\">\n\t\t\t<div class=\"elementor-widget-wrap elementor-element-populated\">\n\t\t\t\t\t\t<div class=\"elementor-element elementor-element-9810a11 sc_fly_static elementor-widget elementor-widget-trx_sc_title\" data-id=\"9810a11\" data-element_type=\"widget\" data-widget_type=\"trx_sc_title.default\">\n\t\t\t\t<div class=\"elementor-widget-container\">\n\t\t\t\t\t<div\t\tclass=\"sc_title sc_title_default\" ><h1 class=\"sc_item_title sc_title_title sc_align_center sc_item_title_style_default sc_item_title_tag\"\n\t\t\t><span class=\"sc_item_title_text\">Export-Expertise<\/span><\/h1><div class=\"sc_item_descr sc_title_descr sc_align_center\"><p>Navigieren Sie mit Vertrauen durch internationale M\u00e4rkte mit unserem spezialisierten Wissen \u00fcber Exportvorschriften und Logistik f\u00fcr Automobilfilme.<\/p>\n<\/div><\/div>\t\t\t\t<\/div>\n\t\t\t\t<\/div>\n\t\t\t\t<section class=\"elementor-section elementor-inner-section elementor-element elementor-element-dd2762b elementor-section-boxed elementor-section-height-default elementor-section-height-default sc_fly_static\" data-id=\"dd2762b\" data-element_type=\"section\">\n\t\t\t\t\t\t<div class=\"elementor-container elementor-column-gap-extended\">\n\t\t\t\t\t<div class=\"elementor-column elementor-col-33 elementor-inner-column elementor-element elementor-element-cebda87 sc_content_align_inherit sc_layouts_column_icons_position_left sc_fly_static\" data-id=\"cebda87\" data-element_type=\"column\">\n\t\t\t<div class=\"elementor-widget-wrap elementor-element-populated\">\n\t\t\t\t\t\t<div class=\"elementor-element elementor-element-e15b0a8 elementor-position-top sc_fly_static elementor-widget elementor-widget-image-box\" data-id=\"e15b0a8\" data-element_type=\"widget\" data-widget_type=\"image-box.default\">\n\t\t\t\t<div class=\"elementor-widget-container\">\n\t\t\t\t\t<div class=\"elementor-image-box-wrapper\"><figure class=\"elementor-image-box-img\"><img decoding=\"async\" src=\"https:\/\/www.carliseppf.com\/wp-content\/uploads\/elementor\/thumbs\/afa83831e3b7c620298de9d9f354e82-re5rg863ylmx2kvhj54y05jr5hmfnyagwtc8e6booo.png\" title=\"afa83831e3b7c620298de9d9f354e82\" alt=\"afa83831e3b7c620298de9d9f354e82\" loading=\"lazy\" \/><\/figure><div class=\"elementor-image-box-content\"><h5 class=\"elementor-image-box-title\">Verpackungsstandards<\/h5><p class=\"elementor-image-box-description\">Branchenf\u00fchrende Verpackungsprotokolle, um sicherzustellen, dass Ihre Automobilfilme in perfektem Zustand ankommen, unabh\u00e4ngig vom Zielort.<\/p><\/div><\/div>\t\t\t\t<\/div>\n\t\t\t\t<\/div>\n\t\t\t\t\t<\/div>\n\t\t<\/div>\n\t\t\t\t<div class=\"elementor-column elementor-col-33 elementor-inner-column elementor-element elementor-element-1352f3b sc_content_align_inherit sc_layouts_column_icons_position_left sc_fly_static\" data-id=\"1352f3b\" data-element_type=\"column\">\n\t\t\t<div class=\"elementor-widget-wrap elementor-element-populated\">\n\t\t\t\t\t\t<div class=\"elementor-element elementor-element-858caf3 elementor-position-top sc_fly_static elementor-widget elementor-widget-image-box\" data-id=\"858caf3\" data-element_type=\"widget\" data-widget_type=\"image-box.default\">\n\t\t\t\t<div class=\"elementor-widget-container\">\n\t\t\t\t\t<div class=\"elementor-image-box-wrapper\"><figure class=\"elementor-image-box-img\"><img decoding=\"async\" src=\"https:\/\/www.carliseppf.com\/wp-content\/uploads\/elementor\/thumbs\/885b9db541406400d13ea9b5033199fc-re56qivi28tqfc1rwt3zwbv5gx3h4dwidxgu7jzgzc.jpg\" title=\"885b9db541406400d13ea9b5033199fc\" alt=\"885b9db541406400d13ea9b5033199fc\" loading=\"lazy\" \/><\/figure><div class=\"elementor-image-box-content\"><h5 class=\"elementor-image-box-title\">Zoll-Compliance<\/h5><p class=\"elementor-image-box-description\">Meistern Sie komplexe internationale Vorschriften mit unserer umfassenden Zoll-Dokumentation und Klassifikationsexpertise.<\/p><\/div><\/div>\t\t\t\t<\/div>\n\t\t\t\t<\/div>\n\t\t\t\t\t<\/div>\n\t\t<\/div>\n\t\t\t\t<div class=\"elementor-column elementor-col-33 elementor-inner-column elementor-element elementor-element-4633ff2 sc_content_align_inherit sc_layouts_column_icons_position_left sc_fly_static\" data-id=\"4633ff2\" data-element_type=\"column\">\n\t\t\t<div class=\"elementor-widget-wrap elementor-element-populated\">\n\t\t\t\t\t\t<div class=\"elementor-element elementor-element-20f6905 elementor-position-top sc_fly_static elementor-widget elementor-widget-image-box\" data-id=\"20f6905\" data-element_type=\"widget\" data-widget_type=\"image-box.default\">\n\t\t\t\t<div class=\"elementor-widget-container\">\n\t\t\t\t\t<div class=\"elementor-image-box-wrapper\"><figure class=\"elementor-image-box-img\"><img decoding=\"async\" src=\"https:\/\/www.carliseppf.com\/wp-content\/uploads\/elementor\/thumbs\/405f2b38b767ba67259d91d1a38341b0-re56t140ac99dwep9w46jp3ehwqpnbuqqc3ga49oe0.jpg\" title=\"405f2b38b767ba67259d91d1a38341b0\" alt=\"405f2b38b767ba67259d91d1a38341b0\" loading=\"lazy\" \/><\/figure><div class=\"elementor-image-box-content\"><h5 class=\"elementor-image-box-title\">Logistikl\u00f6sungen<\/h5><p class=\"elementor-image-box-description\">Optimierte Versandstrategien f\u00fcr PPF, Fahrzeugfolien und Fensterfolien in globale M\u00e4rkte mit Sendungsverfolgung und Versicherung.<\/p><\/div><\/div>\t\t\t\t<\/div>\n\t\t\t\t<\/div>\n\t\t\t\t\t<\/div>\n\t\t<\/div>\n\t\t\t\t\t<\/div>\n\t\t<\/section>\n\t\t\t\t\t<\/div>\n\t\t<\/div>\n\t\t\t\t\t<\/div>\n\t\t<\/section>\n\t\t\t\t<section class=\"elementor-section elementor-top-section elementor-element elementor-element-f1f4388 elementor-section-stretched elementor-section-boxed elementor-section-height-default elementor-section-height-default sc_fly_static\" data-id=\"f1f4388\" data-element_type=\"section\" data-settings=\"{&quot;stretch_section&quot;:&quot;section-stretched&quot;}\">\n\t\t\t\t\t\t<div class=\"elementor-container elementor-column-gap-extended\">\n\t\t\t\t\t<div class=\"elementor-column elementor-col-100 elementor-top-column elementor-element elementor-element-0ce8db4 sc_content_align_inherit sc_layouts_column_icons_position_left sc_fly_static\" data-id=\"0ce8db4\" data-element_type=\"column\">\n\t\t\t<div class=\"elementor-widget-wrap elementor-element-populated\">\n\t\t\t\t\t\t<div class=\"elementor-element elementor-element-b004969 sc_fly_static elementor-widget elementor-widget-trx_sc_title\" data-id=\"b004969\" data-element_type=\"widget\" data-widget_type=\"trx_sc_title.default\">\n\t\t\t\t<div class=\"elementor-widget-container\">\n\t\t\t\t\t<div\t\tclass=\"sc_title sc_title_default\" ><h1 class=\"sc_item_title sc_title_title sc_align_center sc_item_title_style_default sc_item_title_tag\"\n\t\t\t><span class=\"sc_item_title_text\">Unser Exportprozess<\/span><\/h1><div class=\"sc_item_descr sc_title_descr sc_align_center\"><p>Ein effizienter Ansatz, um sicherzustellen, dass Ihre Automobilfilme schnell und regelkonform auf internationalen M\u00e4rkten ankommen.<\/p>\n<\/div><\/div>\t\t\t\t<\/div>\n\t\t\t\t<\/div>\n\t\t\t\t<section class=\"elementor-section elementor-inner-section elementor-element elementor-element-bb8aec0 elementor-section-boxed elementor-section-height-default elementor-section-height-default sc_fly_static\" data-id=\"bb8aec0\" data-element_type=\"section\">\n\t\t\t\t\t\t<div class=\"elementor-container elementor-column-gap-extended\">\n\t\t\t\t\t<div class=\"elementor-column elementor-col-25 elementor-inner-column elementor-element elementor-element-fee049e sc_content_align_inherit sc_layouts_column_icons_position_left sc_fly_static\" data-id=\"fee049e\" data-element_type=\"column\">\n\t\t\t<div class=\"elementor-widget-wrap elementor-element-populated\">\n\t\t\t\t\t\t<div class=\"elementor-element elementor-element-f4ce952 sc_fly_static elementor-widget elementor-widget-trx_sc_icons\" data-id=\"f4ce952\" data-element_type=\"widget\" data-widget_type=\"trx_sc_icons.default\">\n\t\t\t\t<div class=\"elementor-widget-container\">\n\t\t\t\t\t<div \tclass=\"sc_icons sc_icons_default sc_icons_size_medium sc_align_center\" ><div class=\"sc_icons_item\"><div class=\"sc_icons_icon sc_icon_type_ icon-book-open\" ><span class=\"sc_icon_type_ icon-book-open\"><\/span><\/div><div class=\"sc_icons_item_details\"><h4 class=\"sc_icons_item_title\"><span>Produktbewertung<\/span><\/h4><div class=\"sc_icons_item_description\"><span>Wir analysieren Ihre spezifischen Filmprodukte, um optimale Verpackungs- und Compliance-Anforderungen zu bestimmen.<\/span><\/div><\/div><\/div><\/div><!-- \/.sc_icons -->\t\t\t\t<\/div>\n\t\t\t\t<\/div>\n\t\t\t\t\t<\/div>\n\t\t<\/div>\n\t\t\t\t<div class=\"elementor-column elementor-col-25 elementor-inner-column elementor-element elementor-element-85425b1 sc_content_align_inherit sc_layouts_column_icons_position_left sc_fly_static\" data-id=\"85425b1\" data-element_type=\"column\">\n\t\t\t<div class=\"elementor-widget-wrap elementor-element-populated\">\n\t\t\t\t\t\t<div class=\"elementor-element elementor-element-a788380 sc_fly_static elementor-widget elementor-widget-trx_sc_icons\" data-id=\"a788380\" data-element_type=\"widget\" data-widget_type=\"trx_sc_icons.default\">\n\t\t\t\t<div class=\"elementor-widget-container\">\n\t\t\t\t\t<div \tclass=\"sc_icons sc_icons_default sc_icons_size_medium sc_align_center\" ><div class=\"sc_icons_item\"><div class=\"sc_icons_icon sc_icon_type_ icon-portfolio\" ><span class=\"sc_icon_type_ icon-portfolio\"><\/span><\/div><div class=\"sc_icons_item_details\"><h4 class=\"sc_icons_item_title\"><span>Dokumentation<\/span><\/h4><div class=\"sc_icons_item_description\"><span>Vorbereitung aller notwendigen Exportdokumente, Zertifikate und Zollanmeldungen.<\/span><\/div><\/div><\/div><\/div><!-- \/.sc_icons -->\t\t\t\t<\/div>\n\t\t\t\t<\/div>\n\t\t\t\t\t<\/div>\n\t\t<\/div>\n\t\t\t\t<div class=\"elementor-column elementor-col-25 elementor-inner-column elementor-element elementor-element-341058a sc_content_align_inherit sc_layouts_column_icons_position_left sc_fly_static\" data-id=\"341058a\" data-element_type=\"column\">\n\t\t\t<div class=\"elementor-widget-wrap elementor-element-populated\">\n\t\t\t\t\t\t<div class=\"elementor-element elementor-element-59a5046 sc_fly_static elementor-widget elementor-widget-trx_sc_icons\" data-id=\"59a5046\" data-element_type=\"widget\" data-widget_type=\"trx_sc_icons.default\">\n\t\t\t\t<div class=\"elementor-widget-container\">\n\t\t\t\t\t<div \tclass=\"sc_icons sc_icons_default sc_icons_size_medium sc_align_center\" ><div class=\"sc_icons_item\"><div class=\"sc_icons_icon sc_icon_type_ icon-calendar-events\" ><span class=\"sc_icon_type_ icon-calendar-events\"><\/span><\/div><div class=\"sc_icons_item_details\"><h4 class=\"sc_icons_item_title\"><span>Logistikplanung<\/span><\/h4><div class=\"sc_icons_item_description\"><span>Auswahl der optimalen Versandmethoden und Routen basierend auf Zielort und Produktspezifikationen.<\/span><\/div><\/div><\/div><\/div><!-- \/.sc_icons -->\t\t\t\t<\/div>\n\t\t\t\t<\/div>\n\t\t\t\t\t<\/div>\n\t\t<\/div>\n\t\t\t\t<div class=\"elementor-column elementor-col-25 elementor-inner-column elementor-element elementor-element-34d9187 sc_content_align_inherit sc_layouts_column_icons_position_left sc_fly_static\" data-id=\"34d9187\" data-element_type=\"column\">\n\t\t\t<div class=\"elementor-widget-wrap elementor-element-populated\">\n\t\t\t\t\t\t<div class=\"elementor-element elementor-element-4f545ab sc_fly_static elementor-widget elementor-widget-trx_sc_icons\" data-id=\"4f545ab\" data-element_type=\"widget\" data-widget_type=\"trx_sc_icons.default\">\n\t\t\t\t<div class=\"elementor-widget-container\">\n\t\t\t\t\t<div \tclass=\"sc_icons sc_icons_default sc_icons_size_medium sc_align_center\" ><div class=\"sc_icons_item\"><div class=\"sc_icons_icon sc_icon_type_ icon-ship\" ><span class=\"sc_icon_type_ icon-ship\"><\/span><\/div><div class=\"sc_icons_item_details\"><h4 class=\"sc_icons_item_title\"><span>Weltweite Lieferung<\/span><\/h4><div class=\"sc_icons_item_description\"><span>Sichere Bef\u00f6rderung mit Sendungsverfolgung und Unterst\u00fctzung bei der Zollabfertigung am Zielort.<\/span><\/div><\/div><\/div><\/div><!-- \/.sc_icons -->\t\t\t\t<\/div>\n\t\t\t\t<\/div>\n\t\t\t\t\t<\/div>\n\t\t<\/div>\n\t\t\t\t\t<\/div>\n\t\t<\/section>\n\t\t\t\t\t<\/div>\n\t\t<\/div>\n\t\t\t\t\t<\/div>\n\t\t<\/section>\n\t\t\t\t<section class=\"elementor-section elementor-top-section elementor-element elementor-element-9a785f9 elementor-section-stretched elementor-section-boxed elementor-section-height-default elementor-section-height-default sc_fly_static\" data-id=\"9a785f9\" data-element_type=\"section\" data-settings=\"{&quot;stretch_section&quot;:&quot;section-stretched&quot;}\">\n\t\t\t\t\t\t<div class=\"elementor-container elementor-column-gap-extended\">\n\t\t\t\t\t<div class=\"elementor-column elementor-col-100 elementor-top-column elementor-element elementor-element-b9176c8 sc_content_align_inherit sc_layouts_column_icons_position_left sc_fly_static\" data-id=\"b9176c8\" data-element_type=\"column\">\n\t\t\t<div class=\"elementor-widget-wrap elementor-element-populated\">\n\t\t\t\t\t\t<section class=\"elementor-section elementor-inner-section elementor-element elementor-element-c27651c elementor-section-boxed elementor-section-height-default elementor-section-height-default sc_fly_static\" data-id=\"c27651c\" data-element_type=\"section\">\n\t\t\t\t\t\t<div class=\"elementor-container elementor-column-gap-extended\">\n\t\t\t\t\t<div class=\"elementor-column elementor-col-100 elementor-inner-column elementor-element elementor-element-d0e9b95 sc_content_align_inherit sc_layouts_column_icons_position_left sc_fly_static\" data-id=\"d0e9b95\" data-element_type=\"column\">\n\t\t\t<div class=\"elementor-widget-wrap elementor-element-populated\">\n\t\t\t\t\t\t<div class=\"elementor-element elementor-element-c3ca27a sc_fly_static elementor-widget elementor-widget-trx_sc_title\" data-id=\"c3ca27a\" data-element_type=\"widget\" data-widget_type=\"trx_sc_title.default\">\n\t\t\t\t<div class=\"elementor-widget-container\">\n\t\t\t\t\t<div\t\tclass=\"sc_title sc_title_default\" ><h1 class=\"sc_item_title sc_title_title sc_align_center sc_item_title_style_default sc_item_title_tag\"\n\t\t\t><span class=\"sc_item_title_text\">Bereit, Ihre globale Reichweite zu erweitern?<\/span><\/h1><div class=\"sc_item_descr sc_title_descr sc_align_center\"><p>Kontaktieren Sie noch heute unsere Export-Spezialisten, um zu besprechen, wie wir Ihren Versandprozess f\u00fcr Automobilfilme optimieren und Sie bei der Navigation auf internationalen M\u00e4rkten mit Vertrauen unterst\u00fctzen k\u00f6nnen.<\/p>\n<\/div><div\tclass=\"sc_item_button sc_button_wrap sc_align_center sc_item_button sc_item_button_bordered sc_item_button_size_normal sc_title_button\"><a href=\"\/de\/contacts\/\" class=\"sc_button sc_button_bordered sc_button_size_normal sc_button_icon_left\"><span class=\"sc_button_text\"><span class=\"sc_button_title\">Entdecken Sie Unsere L\u00f6sungen<\/span><\/span><\/a><\/div><\/div>\t\t\t\t<\/div>\n\t\t\t\t<\/div>\n\t\t\t\t\t<\/div>\n\t\t<\/div>\n\t\t\t\t\t<\/div>\n\t\t<\/section>\n\t\t\t\t\t<\/div>\n\t\t<\/div>\n\t\t\t\t\t<\/div>\n\t\t<\/section>\n\t\t\t\t<section class=\"elementor-section elementor-top-section elementor-element elementor-element-18e21456 elementor-section-full_width scheme_dark elementor-section-height-default elementor-section-height-default sc_fly_static\" data-id=\"18e21456\" data-element_type=\"section\" data-settings=\"{&quot;background_background&quot;:&quot;classic&quot;}\">\n\t\t\t\t\t\t<div class=\"elementor-container elementor-column-gap-no\">\n\t\t\t\t\t<div class=\"elementor-column elementor-col-100 elementor-top-column elementor-element elementor-element-706006fb sc_content_align_inherit sc_layouts_column_icons_position_left sc_fly_static\" data-id=\"706006fb\" data-element_type=\"column\">\n\t\t\t<div class=\"elementor-widget-wrap elementor-element-populated\">\n\t\t\t\t\t\t<div class=\"elementor-element elementor-element-76643da2 sc_height_large sc_fly_static elementor-widget elementor-widget-spacer\" data-id=\"76643da2\" data-element_type=\"widget\" data-widget_type=\"spacer.default\">\n\t\t\t\t<div class=\"elementor-widget-container\">\n\t\t\t\t\t\t\t<div class=\"elementor-spacer\">\n\t\t\t<div class=\"elementor-spacer-inner\"><\/div>\n\t\t<\/div>\n\t\t\t\t\t\t<\/div>\n\t\t\t\t<\/div>\n\t\t\t\t<section class=\"elementor-section elementor-inner-section elementor-element elementor-element-36084752 elementor-section-content-middle elementor-section-boxed elementor-section-height-default elementor-section-height-default sc_fly_static\" data-id=\"36084752\" data-element_type=\"section\">\n\t\t\t\t\t\t<div class=\"elementor-container elementor-column-gap-extended\">\n\t\t\t\t\t<div class=\"elementor-column elementor-col-100 elementor-inner-column elementor-element elementor-element-7de28427 sc_content_align_inherit sc_layouts_column_icons_position_left sc_fly_static\" data-id=\"7de28427\" data-element_type=\"column\">\n\t\t\t<div class=\"elementor-widget-wrap elementor-element-populated\">\n\t\t\t\t\t\t<div class=\"elementor-element elementor-element-6408de15 sc_fly_static elementor-widget elementor-widget-trx_sc_title\" data-id=\"6408de15\" data-element_type=\"widget\" data-widget_type=\"trx_sc_title.default\">\n\t\t\t\t<div class=\"elementor-widget-container\">\n\t\t\t\t\t<div\t\tclass=\"sc_title sc_title_default\" ><h2 class=\"sc_item_title sc_title_title sc_align_center sc_item_title_style_default sc_item_title_tag\"\n\t\t\t><span class=\"sc_item_title_text\">Angebot anfordern<\/span><\/h2><\/div>\t\t\t\t<\/div>\n\t\t\t\t<\/div>\n\t\t\t\t<div class=\"elementor-element elementor-element-19f6bc76 sc_fly_static elementor-widget elementor-widget-trx_sc_contact_form_7\" data-id=\"19f6bc76\" data-element_type=\"widget\" data-widget_type=\"trx_sc_contact_form_7.default\">\n\t\t\t\t<div class=\"elementor-widget-container\">\n\t\t\t\t\t\n<div class=\"wpcf7 no-js\" id=\"wpcf7-f9668-o1\" lang=\"en-US\" dir=\"ltr\" data-wpcf7-id=\"9668\">\n<div class=\"screen-reader-response\"><p role=\"status\" aria-live=\"polite\" aria-atomic=\"true\"><\/p> <ul><\/ul><\/div>\n<form action=\"\/de\/wp-json\/wp\/v2\/pages\/9285#wpcf7-f9668-o1\" method=\"post\" class=\"wpcf7-form init\" aria-label=\"Kontaktformular\" novalidate=\"novalidate\" data-status=\"init\" data-trp-original-action=\"\/de\/wp-json\/wp\/v2\/pages\/9285#wpcf7-f9668-o1\">\n<fieldset class=\"hidden-fields-container\"><input type=\"hidden\" name=\"_wpcf7\" value=\"9668\" \/><input type=\"hidden\" name=\"_wpcf7_version\" value=\"6.1.1\" \/><input type=\"hidden\" name=\"_wpcf7_locale\" value=\"en_US\" \/><input type=\"hidden\" name=\"_wpcf7_unit_tag\" value=\"wpcf7-f9668-o1\" \/><input type=\"hidden\" name=\"_wpcf7_container_post\" value=\"0\" \/><input type=\"hidden\" name=\"_wpcf7_posted_data_hash\" value=\"\" \/>\n<\/fieldset>\n<div class=\"form-style-4\">\n\t<div class=\"columns_wrap\">\n\t\t<div class=\"column-1_2\">\n\t\t\t<p><span class=\"style-icon icon-name\"><span class=\"wpcf7-form-control-wrap\" data-name=\"your-name\"><input size=\"40\" maxlength=\"400\" class=\"wpcf7-form-control wpcf7-text wpcf7-validates-as-required\" aria-required=\"true\" aria-invalid=\"false\" placeholder=\"Name\" value=\"\" type=\"text\" name=\"your-name\" \/><\/span><\/span>\n\t\t\t<\/p>\n\t\t<\/div>\n\t\t<div class=\"column-1_2\">\n\t\t\t<p><span class=\"style-icon icon-email\"><span class=\"wpcf7-form-control-wrap\" data-name=\"your-email\"><input size=\"40\" maxlength=\"400\" class=\"wpcf7-form-control wpcf7-email wpcf7-validates-as-required wpcf7-text wpcf7-validates-as-email\" aria-required=\"true\" aria-invalid=\"false\" placeholder=\"E-Mail-Adresse\" value=\"\" type=\"email\" name=\"your-email\" \/><\/span><\/span>\n\t\t\t<\/p>\n\t\t<\/div>\n\t<\/div>\n\t<div class=\"columns_wrap\">\n\t\t<div class=\"column-1_2\">\n\t\t\t<p><span class=\"style-icon icon-phone\"><span class=\"wpcf7-form-control-wrap\" data-name=\"your-phone\"><input size=\"40\" maxlength=\"400\" class=\"wpcf7-form-control wpcf7-tel wpcf7-validates-as-required wpcf7-text wpcf7-validates-as-tel\" aria-required=\"true\" aria-invalid=\"false\" placeholder=\"Telefon\" value=\"\" type=\"tel\" name=\"your-phone\" \/><\/span><\/span>\n\t\t\t<\/p>\n\t\t<\/div>\n\t\t<div class=\"column-1_2\">\n\t\t\t<p><span class=\"style-icon icon-subject\"><span class=\"wpcf7-form-control-wrap\" data-name=\"your-subject\"><input size=\"40\" maxlength=\"400\" class=\"wpcf7-form-control wpcf7-text wpcf7-validates-as-required\" aria-required=\"true\" aria-invalid=\"false\" placeholder=\"Betreff\" value=\"\" type=\"text\" name=\"your-subject\" \/><\/span><\/span>\n\t\t\t<\/p>\n\t\t<\/div>\n\t<\/div>\n\t<div class=\"columns_wrap margin-bottom\">\n\t\t<div class=\"column-1_1\">\n\t\t\t<p><span class=\"style-icon icon-textarea\"><span class=\"wpcf7-form-control-wrap\" data-name=\"your-message\"><textarea cols=\"40\" rows=\"10\" maxlength=\"2000\" class=\"wpcf7-form-control wpcf7-textarea wpcf7-validates-as-required\" aria-required=\"true\" aria-invalid=\"false\" placeholder=\"Wie k\u00f6nnen wir Ihnen helfen? Z\u00f6gern Sie nicht, uns zu kontaktieren!\" name=\"your-message\"><\/textarea><\/span><\/span>\n\t\t\t<\/p>\n\t\t<\/div>\n\t<\/div>\n\t<p><input class=\"wpcf7-form-control wpcf7-submit has-spinner\" type=\"submit\" value=\"Kontakt aufnehmen\" \/>\n\t<\/p>\n<\/div><div class=\"wpcf7-response-output\" aria-hidden=\"true\"><\/div>\n<input type=\"hidden\" name=\"trp-form-language\" value=\"de\"\/><\/form>\n<\/div>\n\t\t\t\t<\/div>\n\t\t\t\t<\/div>\n\t\t\t\t\t<\/div>\n\t\t<\/div>\n\t\t\t\t\t<\/div>\n\t\t<\/section>\n\t\t\t\t<div class=\"elementor-element elementor-element-2f71045 sc_height_large scheme_default sc_fly_static elementor-widget elementor-widget-spacer\" data-id=\"2f71045\" data-element_type=\"widget\" data-widget_type=\"spacer.default\">\n\t\t\t\t<div class=\"elementor-widget-container\">\n\t\t\t\t\t\t\t<div class=\"elementor-spacer\">\n\t\t\t<div class=\"elementor-spacer-inner\"><\/div>\n\t\t<\/div>\n\t\t\t\t\t\t<\/div>\n\t\t\t\t<\/div>\n\t\t\t\t\t<\/div>\n\t\t<\/div>\n\t\t\t\t\t<\/div>\n\t\t<\/section>\n\t\t\t\t<\/div>","protected":false},"excerpt":{"rendered":"<p>Global Export Solutions for Automotive Films Streamline your international shipping of PPF, car wrap, and window tint films with our comprehensive export guides, compliance expertise, and logistics solutions. Explore Our&hellip;<\/p>","protected":false},"author":1,"featured_media":0,"parent":0,"menu_order":0,"comment_status":"closed","ping_status":"closed","template":"","meta":{"footnotes":""},"class_list":["post-9285","page","type-page","status-publish","hentry"],"_hostinger_reach_plugin_has_subscription_block":false,"_hostinger_reach_plugin_is_elementor":false,"_links":{"self":[{"href":"https:\/\/www.carliseppf.com\/de\/wp-json\/wp\/v2\/pages\/9285","targetHints":{"allow":["GET"]}}],"collection":[{"href":"https:\/\/www.carliseppf.com\/de\/wp-json\/wp\/v2\/pages"}],"about":[{"href":"https:\/\/www.carliseppf.com\/de\/wp-json\/wp\/v2\/types\/page"}],"author":[{"embeddable":true,"href":"https:\/\/www.carliseppf.com\/de\/wp-json\/wp\/v2\/users\/1"}],"replies":[{"embeddable":true,"href":"https:\/\/www.carliseppf.com\/de\/wp-json\/wp\/v2\/comments?post=9285"}],"version-history":[{"count":27,"href":"https:\/\/www.carliseppf.com\/de\/wp-json\/wp\/v2\/pages\/9285\/revisions"}],"predecessor-version":[{"id":9857,"href":"https:\/\/www.carliseppf.com\/de\/wp-json\/wp\/v2\/pages\/9285\/revisions\/9857"}],"wp:attachment":[{"href":"https:\/\/www.carliseppf.com\/de\/wp-json\/wp\/v2\/media?parent=9285"}],"curies":[{"name":"wp","href":"https:\/\/api.w.org\/{rel}","templated":true}]}}