{"id":10061,"date":"2025-11-29T07:17:25","date_gmt":"2025-11-29T07:17:25","guid":{"rendered":"https:\/\/www.carliseppf.com\/?post_type=product&#038;p=10061"},"modified":"2025-12-01T02:35:21","modified_gmt":"2025-12-01T02:35:21","slug":"purple-paint-protection-film","status":"publish","type":"product","link":"https:\/\/www.carliseppf.com\/de\/product\/purple-paint-protection-film\/","title":{"rendered":"TPU Selbstheilende Venedig Lila Lackschutzfolie Anti-Kratz Anti-Gelb-Verf\u00e4rbung UV\/IR-Schutz 5 Jahre Garantie f\u00fcr Karosserie"},"content":{"rendered":"<h2 data-start=\"829\" data-end=\"852\"><strong data-start=\"832\" data-end=\"852\">Produkt\u00fcbersicht<\/strong><\/h2>\n<p data-start=\"854\" data-end=\"1203\">Dieses fortschrittliche <strong data-start=\"868\" data-end=\"900\">Lila Lackschutzfolie<\/strong> wird mit TPU-Selbstheilungstechnologie entwickelt und bietet langanhaltenden Oberfl\u00e4chenschutz f\u00fcr Automobillackierungen. Die Venice Purple Farbe sorgt f\u00fcr ein gl\u00e4nzendes, hochwertiges Finish und verbessert sowohl Stil als auch Schutz f\u00fcr Fahrzeuge. Perfekt f\u00fcr Werkst\u00e4tten, Monteure, Autopflegezentren und B2B-H\u00e4ndler.<\/p>\n<h2 data-start=\"1205\" data-end=\"1235\"><strong data-start=\"1208\" data-end=\"1235\">Wichtige Merkmale &amp; Vorteile<\/strong><\/h2>\n<ul data-start=\"1237\" data-end=\"1714\">\n<li data-start=\"1237\" data-end=\"1308\">\n<p data-start=\"1239\" data-end=\"1308\">Auf TPU basierend <strong data-start=\"1249\" data-end=\"1281\">Lila Lackschutzfolie<\/strong> mit langlebiger Oberfl\u00e4chenbeschichtung<\/p>\n<\/li>\n<li data-start=\"1309\" data-end=\"1365\">\n<p data-start=\"1311\" data-end=\"1365\">Sofortige Selbstheilung bei leichten Kratzern und Swirls<\/p>\n<\/li>\n<li data-start=\"1366\" data-end=\"1449\">\n<p data-start=\"1368\" data-end=\"1449\">Ausgezeichnete Resistenz gegen Steinschl\u00e4ge, Stra\u00dfenschmutz, Vogelkot und Chemikalien<\/p>\n<\/li>\n<li data-start=\"1450\" data-end=\"1518\">\n<p data-start=\"1452\" data-end=\"1518\">Anti-Gelbstich-Stabilit\u00e4t, geeignet f\u00fcr langfristige Au\u00dfenexposition<\/p>\n<\/li>\n<li data-start=\"1519\" data-end=\"1580\">\n<p data-start=\"1521\" data-end=\"1580\">UV- &amp; IR-Blockierung zum Schutz des Autolacks und der Farbintegrit\u00e4t<\/p>\n<\/li>\n<li data-start=\"1581\" data-end=\"1648\">\n<p data-start=\"1583\" data-end=\"1648\">Hochgl\u00e4nzendes Venice Purple Finish f\u00fcr verbessertes Fahrzeugbild<\/p>\n<\/li>\n<li data-start=\"1649\" data-end=\"1714\">\n<p data-start=\"1651\" data-end=\"1714\">5-Jahres-Garantie f\u00fcr Farbbest\u00e4ndigkeit und Klebeleistung<\/p>\n<\/li>\n<\/ul>\n<h2 data-start=\"1716\" data-end=\"1741\"><strong data-start=\"1719\" data-end=\"1741\">Material &amp; Qualit\u00e4t<\/strong><\/h2>\n<ul data-start=\"1743\" data-end=\"1950\">\n<li data-start=\"1743\" data-end=\"1771\">\n<p data-start=\"1745\" data-end=\"1771\">Hochwertiges aliphatisches TPU<\/p>\n<\/li>\n<li data-start=\"1772\" data-end=\"1804\">\n<p data-start=\"1774\" data-end=\"1804\">Kratzfeste Oberfl\u00e4chenbeschichtung<\/p>\n<\/li>\n<li data-start=\"1805\" data-end=\"1848\">\n<p data-start=\"1807\" data-end=\"1848\">Hydrophobe Oberfl\u00e4chenschicht f\u00fcr einfache Reinigung<\/p>\n<\/li>\n<li data-start=\"1849\" data-end=\"1892\">\n<p data-start=\"1851\" data-end=\"1892\">UV\/IR-best\u00e4ndig f\u00fcr verl\u00e4ngerte Haltbarkeit<\/p>\n<\/li>\n<li data-start=\"1893\" data-end=\"1950\">\n<p data-start=\"1895\" data-end=\"1950\">Stabile Farbtechnologie verhindert Ausbleichen und Vergilbung<\/p>\n<\/li>\n<\/ul>\n<h2 data-start=\"1952\" data-end=\"1985\"><strong data-start=\"1955\" data-end=\"1985\">Montage &amp; Leistung<\/strong><\/h2>\n<ul data-start=\"1987\" data-end=\"2297\">\n<li data-start=\"1987\" data-end=\"2057\">\n<p data-start=\"1989\" data-end=\"2057\">Dehnbares TPU f\u00fcr reibungsloses Umh\u00fcllen von Kurven und komplexen Oberfl\u00e4chen<\/p>\n<\/li>\n<li data-start=\"2058\" data-end=\"2114\">\n<p data-start=\"2060\" data-end=\"2114\">Starker Acrylkleber f\u00fcr blasenfreie Installation<\/p>\n<\/li>\n<li data-start=\"2115\" data-end=\"2179\">\n<p data-start=\"2117\" data-end=\"2179\">Geeignet f\u00fcr Ganzk\u00f6rper- oder Teil-PPF-Anwendung<\/p>\n<\/li>\n<li data-start=\"2180\" data-end=\"2222\">\n<p data-start=\"2182\" data-end=\"2222\">Kompatibel mit professionellen Hei\u00dfluftgebl\u00e4sen<\/p>\n<\/li>\n<li data-start=\"2223\" data-end=\"2297\">\n<p data-start=\"2225\" data-end=\"2297\">Entwickelt f\u00fcr gewerbliche Monteure, die zuverl\u00e4ssige Folienleistung ben\u00f6tigen<\/p>\n<\/li>\n<\/ul>\n<h2 data-start=\"2299\" data-end=\"2318\"><strong data-start=\"2302\" data-end=\"2318\">Anwendungen<\/strong><\/h2>\n<ul data-start=\"2320\" data-end=\"2549\">\n<li data-start=\"2320\" data-end=\"2363\">\n<p data-start=\"2322\" data-end=\"2363\">Vollkarosseriefarbwechsel + Schutz<\/p>\n<\/li>\n<li data-start=\"2364\" data-end=\"2420\">\n<p data-start=\"2366\" data-end=\"2420\">Teil-PPF (Motorhaube, T\u00fcrkanten, Sto\u00dfstangen, Spiegelkappen)<\/p>\n<\/li>\n<li data-start=\"2421\" data-end=\"2477\">\n<p data-start=\"2423\" data-end=\"2477\">Auto-Detailing-Shops &amp; professionelle Folierungszentren<\/p>\n<\/li>\n<li data-start=\"2478\" data-end=\"2549\">\n<p data-start=\"2480\" data-end=\"2549\">Geeignet f\u00fcr Limousinen, SUVs, Lastwagen, Sportwagen und Luxusfahrzeuge<\/p>\n<\/li>\n<\/ul>\n<h2 data-start=\"2551\" data-end=\"2602\"><strong data-start=\"2554\" data-end=\"2602\">Warum unseren Purple Paint Protection Film w\u00e4hlen?<\/strong><\/h2>\n<p data-start=\"2604\" data-end=\"2889\">Unser Venice Purple <strong data-start=\"2622\" data-end=\"2654\">Lila Lackschutzfolie<\/strong> kombiniert hochwertiges TPU-Material, herausragende Glanzklarheit und branchenf\u00fchrende Haltbarkeit. Hersteller, H\u00e4ndler und Monteure w\u00e4hlen diesen Film f\u00fcr zuverl\u00e4ssige Leistung, einfache Installation und langfristige Kundenzufriedenheit.<\/p>\n<h2 data-start=\"2891\" data-end=\"2914\"><strong data-start=\"2894\" data-end=\"2914\">Paket beinhaltet<\/strong><\/h2>\n<ul data-start=\"2916\" data-end=\"3078\">\n<li data-start=\"2916\" data-end=\"2969\">\n<p data-start=\"2918\" data-end=\"2969\">1 Rolle Venice Purple TPU-Klarlackschutzfolie<\/p>\n<\/li>\n<li data-start=\"2970\" data-end=\"3017\">\n<p data-start=\"2972\" data-end=\"3017\">Dicke: 7,5\u20138,5 mil (typisch f\u00fcr TPU-PFF)<\/p>\n<\/li>\n<li data-start=\"3018\" data-end=\"3078\">\n<p data-start=\"3020\" data-end=\"3078\">Optionale Installationskits f\u00fcr Gro\u00dfbestellungen erh\u00e4ltlich<\/p>\n<\/li>\n<\/ul>\n<p><img fetchpriority=\"high\" decoding=\"async\" class=\"alignnone wp-image-10065 size-full\" src=\"https:\/\/www.carliseppf.com\/wp-content\/uploads\/2025\/11\/H090e79a5d2e54f47b2b33a595d1029e4s.png_avifclosewebpclose.png\" alt=\"Purple Paint Protection Film - TPU-Selbstheilende PFF \" width=\"800\" height=\"800\" srcset=\"https:\/\/www.carliseppf.com\/wp-content\/uploads\/2025\/11\/H090e79a5d2e54f47b2b33a595d1029e4s.png_avifclosewebpclose.png 800w, https:\/\/www.carliseppf.com\/wp-content\/uploads\/2025\/11\/H090e79a5d2e54f47b2b33a595d1029e4s.png_avifclosewebpclose-300x300.png 300w, https:\/\/www.carliseppf.com\/wp-content\/uploads\/2025\/11\/H090e79a5d2e54f47b2b33a595d1029e4s.png_avifclosewebpclose-150x150.png 150w, https:\/\/www.carliseppf.com\/wp-content\/uploads\/2025\/11\/H090e79a5d2e54f47b2b33a595d1029e4s.png_avifclosewebpclose-768x768.png 768w, https:\/\/www.carliseppf.com\/wp-content\/uploads\/2025\/11\/H090e79a5d2e54f47b2b33a595d1029e4s.png_avifclosewebpclose-12x12.png 12w, https:\/\/www.carliseppf.com\/wp-content\/uploads\/2025\/11\/H090e79a5d2e54f47b2b33a595d1029e4s.png_avifclosewebpclose-370x370.png 370w, https:\/\/www.carliseppf.com\/wp-content\/uploads\/2025\/11\/H090e79a5d2e54f47b2b33a595d1029e4s.png_avifclosewebpclose-120x120.png 120w, https:\/\/www.carliseppf.com\/wp-content\/uploads\/2025\/11\/H090e79a5d2e54f47b2b33a595d1029e4s.png_avifclosewebpclose-410x410.png 410w, https:\/\/www.carliseppf.com\/wp-content\/uploads\/2025\/11\/H090e79a5d2e54f47b2b33a595d1029e4s.png_avifclosewebpclose-630x630.png 630w, https:\/\/www.carliseppf.com\/wp-content\/uploads\/2025\/11\/H090e79a5d2e54f47b2b33a595d1029e4s.png_avifclosewebpclose-730x730.png 730w, https:\/\/www.carliseppf.com\/wp-content\/uploads\/2025\/11\/H090e79a5d2e54f47b2b33a595d1029e4s.png_avifclosewebpclose-460x460.png 460w\" sizes=\"(max-width: 800px) 100vw, 800px\" \/><\/p>","protected":false},"excerpt":{"rendered":"<p>Premium <strong data-start=\"886\" data-end=\"918\">Lila Lackschutzfolie<\/strong> Hergestellt aus hochwertigem TPU, mit selbstheilender, kratzfester Beschichtung, UV\/IR-Schutz und 5 Jahren Haltbarkeit. Ideal zum Schutz der Karosserie, f\u00fcr H\u00e4ndler, Monteure und OEM-Gro\u00dfbestellungen.<\/p>","protected":false},"featured_media":10064,"comment_status":"open","ping_status":"closed","template":"","meta":[],"product_brand":[],"product_cat":[216],"product_tag":[],"class_list":{"0":"post-10061","1":"product","2":"type-product","3":"status-publish","4":"has-post-thumbnail","6":"product_cat-colored-ppf","8":"first","9":"instock","10":"shipping-taxable","11":"product-type-simple"},"_links":{"self":[{"href":"https:\/\/www.carliseppf.com\/de\/wp-json\/wp\/v2\/product\/10061","targetHints":{"allow":["GET"]}}],"collection":[{"href":"https:\/\/www.carliseppf.com\/de\/wp-json\/wp\/v2\/product"}],"about":[{"href":"https:\/\/www.carliseppf.com\/de\/wp-json\/wp\/v2\/types\/product"}],"replies":[{"embeddable":true,"href":"https:\/\/www.carliseppf.com\/de\/wp-json\/wp\/v2\/comments?post=10061"}],"wp:featuredmedia":[{"embeddable":true,"href":"https:\/\/www.carliseppf.com\/de\/wp-json\/wp\/v2\/media\/10064"}],"wp:attachment":[{"href":"https:\/\/www.carliseppf.com\/de\/wp-json\/wp\/v2\/media?parent=10061"}],"wp:term":[{"taxonomy":"product_brand","embeddable":true,"href":"https:\/\/www.carliseppf.com\/de\/wp-json\/wp\/v2\/product_brand?post=10061"},{"taxonomy":"product_cat","embeddable":true,"href":"https:\/\/www.carliseppf.com\/de\/wp-json\/wp\/v2\/product_cat?post=10061"},{"taxonomy":"product_tag","embeddable":true,"href":"https:\/\/www.carliseppf.com\/de\/wp-json\/wp\/v2\/product_tag?post=10061"}],"curies":[{"name":"wp","href":"https:\/\/api.w.org\/{rel}","templated":true}]}}