{"id":10091,"date":"2025-12-02T07:12:03","date_gmt":"2025-12-02T07:12:03","guid":{"rendered":"https:\/\/www.carliseppf.com\/?post_type=product&#038;p=10091"},"modified":"2025-12-03T11:11:26","modified_gmt":"2025-12-03T11:11:26","slug":"colored-ppf-film-mimosa-red","status":"publish","type":"product","link":"https:\/\/www.carliseppf.com\/de\/product\/colored-ppf-film-mimosa-red\/","title":{"rendered":"Factory Direct MIMOSA ROT TPU Vinyl Autoaufkleber 1,52*15m Gl\u00e4nzend Farbwechsel-Funktion zum Schutz des Karosserie 5 Jahre Garantie"},"content":{"rendered":"<h2 data-start=\"854\" data-end=\"877\"><strong data-start=\"857\" data-end=\"877\">Produkt\u00fcbersicht<\/strong><\/h2>\n<p data-start=\"879\" data-end=\"1190\">Dieses Mimosa Rot <strong data-start=\"895\" data-end=\"915\">farbiger PPF-Film<\/strong> ist mit TPU-Material entwickelt und soll eine fortschrittliche, farbwechselnde \u00c4sthetik bieten, w\u00e4hrend es langanhaltenden Schutz f\u00fcr die Fahrzeuglackierung gew\u00e4hrleistet. Das gl\u00e4nzende, lebendige Finish verbessert das Erscheinungsbild des Fahrzeugs und sch\u00fctzt die Karosserie vor Kratzern, Steinschl\u00e4gen und UV-Strahlen.<\/p>\n<h2 data-start=\"1192\" data-end=\"1218\"><strong data-start=\"1195\" data-end=\"1218\">Merkmale &amp; Vorteile<\/strong><\/h2>\n<ul data-start=\"1220\" data-end=\"1571\">\n<li data-start=\"1220\" data-end=\"1282\">\n<p data-start=\"1222\" data-end=\"1282\">Premium Mimosa Rot <strong data-start=\"1241\" data-end=\"1261\">farbiger PPF-Film<\/strong> mit gl\u00e4nzendem Finish<\/p>\n<\/li>\n<li data-start=\"1283\" data-end=\"1350\">\n<p data-start=\"1285\" data-end=\"1350\">TPU-Material mit selbstheilender und kratzfester Technologie<\/p>\n<\/li>\n<li data-start=\"1351\" data-end=\"1414\">\n<p data-start=\"1353\" data-end=\"1414\">Farbwechselnder Effekt verbessert den Fahrzeugstil und die Sichtbarkeit<\/p>\n<\/li>\n<li data-start=\"1415\" data-end=\"1467\">\n<p data-start=\"1417\" data-end=\"1467\">UV-best\u00e4ndig, schmutzabweisend und nicht vergilbend<\/p>\n<\/li>\n<li data-start=\"1468\" data-end=\"1518\">\n<p data-start=\"1470\" data-end=\"1518\">Geeignet f\u00fcr vollst\u00e4ndige oder partielle Karosserieinstallation<\/p>\n<\/li>\n<li data-start=\"1519\" data-end=\"1571\">\n<p data-start=\"1521\" data-end=\"1571\">Unterst\u00fctzt <strong data-start=\"1530\" data-end=\"1545\">Gro\u00dfbestellungen<\/strong> und <strong data-start=\"1550\" data-end=\"1571\">OEM-Anpassung<\/strong><\/p>\n<\/li>\n<\/ul>\n<h2 data-start=\"1573\" data-end=\"1602\"><strong data-start=\"1576\" data-end=\"1602\">Material &amp; Leistung<\/strong><\/h2>\n<ul data-start=\"1604\" data-end=\"1811\">\n<li data-start=\"1604\" data-end=\"1657\">\n<p data-start=\"1606\" data-end=\"1657\">Fortschrittliches TPU f\u00fcr hohe Elastizit\u00e4t und Selbstheilung<\/p>\n<\/li>\n<li data-start=\"1658\" data-end=\"1720\">\n<p data-start=\"1660\" data-end=\"1720\">Resistent gegen allt\u00e4gliche Abnutzung, St\u00f6\u00dfe und Oberfl\u00e4chenabrasionen<\/p>\n<\/li>\n<li data-start=\"1721\" data-end=\"1762\">\n<p data-start=\"1723\" data-end=\"1762\">Bewahrt langfristigen Glanz und Klarheit<\/p>\n<\/li>\n<li data-start=\"1763\" data-end=\"1811\">\n<p data-start=\"1765\" data-end=\"1811\">Hitzebest\u00e4ndiges Formen f\u00fcr Kurven und Kanten<\/p>\n<\/li>\n<\/ul>\n<h2 data-start=\"1813\" data-end=\"1848\"><strong data-start=\"1816\" data-end=\"1848\">Installation &amp; Anpassung<\/strong><\/h2>\n<ul data-start=\"1850\" data-end=\"2059\">\n<li data-start=\"1850\" data-end=\"1911\">\n<p data-start=\"1852\" data-end=\"1911\">Luftaustrittskleber f\u00fcr glatte, blasenfreie Montage<\/p>\n<\/li>\n<li data-start=\"1912\" data-end=\"1970\">\n<p data-start=\"1914\" data-end=\"1970\">Ideal f\u00fcr professionelle Monteure und Car-Wrap-Studios<\/p>\n<\/li>\n<li data-start=\"1971\" data-end=\"2016\">\n<p data-start=\"1973\" data-end=\"2016\">Verf\u00fcgbare Sondergr\u00f6\u00dfen und -dicken<\/p>\n<\/li>\n<li data-start=\"2017\" data-end=\"2059\">\n<p data-start=\"2019\" data-end=\"2059\">Direktpreise vom Hersteller f\u00fcr Gro\u00dfh\u00e4ndler<\/p>\n<\/li>\n<\/ul>\n<h2 data-start=\"2061\" data-end=\"2080\"><strong data-start=\"2064\" data-end=\"2080\">Anwendungen<\/strong><\/h2>\n<ul data-start=\"2082\" data-end=\"2230\">\n<li data-start=\"2082\" data-end=\"2114\">\n<p data-start=\"2084\" data-end=\"2114\">Vollst\u00e4ndiger Schutz der Fahrzeugkarosserie<\/p>\n<\/li>\n<li data-start=\"2115\" data-end=\"2167\">\n<p data-start=\"2117\" data-end=\"2167\">Teilinstallation: Motorhaube, Dach, Spiegel, T\u00fcren<\/p>\n<\/li>\n<li data-start=\"2168\" data-end=\"2230\">\n<p data-start=\"2170\" data-end=\"2230\">Geeignet f\u00fcr Autos, SUVs, Hochleistungsfahrzeuge, Motorr\u00e4der<\/p>\n<\/li>\n<\/ul>\n<h2 data-start=\"2232\" data-end=\"2253\"><strong data-start=\"2235\" data-end=\"2253\">Hauptvorteile<\/strong><\/h2>\n<ul data-start=\"2255\" data-end=\"2493\">\n<li data-start=\"2255\" data-end=\"2298\">\n<p data-start=\"2257\" data-end=\"2298\">Hochgl\u00e4nzendes Mimosa-Rot mit auff\u00e4lligem Erscheinungsbild<\/p>\n<\/li>\n<li data-start=\"2299\" data-end=\"2370\">\n<p data-start=\"2301\" data-end=\"2370\">Langlebig <strong data-start=\"2309\" data-end=\"2329\">farbiger PPF-Film<\/strong> geeignet f\u00fcr Einzelhandel und Gro\u00dfhandel<\/p>\n<\/li>\n<li data-start=\"2371\" data-end=\"2424\">\n<p data-start=\"2373\" data-end=\"2424\">5 Jahre Garantie auf Haltbarkeit und Farbstabilit\u00e4t<\/p>\n<\/li>\n<li data-start=\"2425\" data-end=\"2493\">\n<p data-start=\"2427\" data-end=\"2493\">Entwickelt f\u00fcr erstklassigen Fahrzeugschutz und optische Aufwertung<\/p>\n<\/li>\n<\/ul>\n<h2 data-start=\"2495\" data-end=\"2518\"><strong data-start=\"2498\" data-end=\"2518\">Paket beinhaltet<\/strong><\/h2>\n<ul data-start=\"2520\" data-end=\"2639\">\n<li data-start=\"2520\" data-end=\"2582\">\n<p data-start=\"2522\" data-end=\"2582\">1 Rolle Mimosa-Rot Hochglanz <strong data-start=\"2546\" data-end=\"2566\">farbiger PPF-Film<\/strong> (1,52 m \u00d7 15 m)<\/p>\n<\/li>\n<li data-start=\"2583\" data-end=\"2639\">\n<p data-start=\"2585\" data-end=\"2639\">Optionales Installationswerkzeugset (auf Anfrage erh\u00e4ltlich)<\/p>\n<\/li>\n<\/ul>\n<h2 data-start=\"2641\" data-end=\"2672\"><strong data-start=\"2644\" data-end=\"2672\">Warum dieses Produkt w\u00e4hlen?<\/strong><\/h2>\n<p data-start=\"2674\" data-end=\"2996\">Dieses Mimosa Rot <strong data-start=\"2690\" data-end=\"2710\">farbiger PPF-Film<\/strong> Verschmilzt \u00fcberlegenen TPU-Schutz mit einem auff\u00e4lligen, farbwechselnden Finish, ideal f\u00fcr Autobesitzer, die \u00c4sthetik und Haltbarkeit suchen. Mit werkseigener Herstellung, schneller Lieferung und Anpassungsoptionen ist es perfekt f\u00fcr Auto-Folienbetriebe und internationale H\u00e4ndler.<\/p>\n<p><img fetchpriority=\"high\" decoding=\"async\" class=\"aligncenter wp-image-10097 size-full\" src=\"https:\/\/www.carliseppf.com\/wp-content\/uploads\/2025\/12\/Hee828b3e9567443997268ff060cc3c58l.jpg_avifclosewebpclose.png\" alt=\"Mimosa-Rot gef\u00e4rbter PPF-Folienrolle\" width=\"1004\" height=\"1004\" srcset=\"https:\/\/www.carliseppf.com\/wp-content\/uploads\/2025\/12\/Hee828b3e9567443997268ff060cc3c58l.jpg_avifclosewebpclose.png 1004w, https:\/\/www.carliseppf.com\/wp-content\/uploads\/2025\/12\/Hee828b3e9567443997268ff060cc3c58l.jpg_avifclosewebpclose-300x300.png 300w, https:\/\/www.carliseppf.com\/wp-content\/uploads\/2025\/12\/Hee828b3e9567443997268ff060cc3c58l.jpg_avifclosewebpclose-150x150.png 150w, https:\/\/www.carliseppf.com\/wp-content\/uploads\/2025\/12\/Hee828b3e9567443997268ff060cc3c58l.jpg_avifclosewebpclose-768x768.png 768w, https:\/\/www.carliseppf.com\/wp-content\/uploads\/2025\/12\/Hee828b3e9567443997268ff060cc3c58l.jpg_avifclosewebpclose-12x12.png 12w, https:\/\/www.carliseppf.com\/wp-content\/uploads\/2025\/12\/Hee828b3e9567443997268ff060cc3c58l.jpg_avifclosewebpclose-370x370.png 370w, https:\/\/www.carliseppf.com\/wp-content\/uploads\/2025\/12\/Hee828b3e9567443997268ff060cc3c58l.jpg_avifclosewebpclose-120x120.png 120w, https:\/\/www.carliseppf.com\/wp-content\/uploads\/2025\/12\/Hee828b3e9567443997268ff060cc3c58l.jpg_avifclosewebpclose-840x840.png 840w, https:\/\/www.carliseppf.com\/wp-content\/uploads\/2025\/12\/Hee828b3e9567443997268ff060cc3c58l.jpg_avifclosewebpclose-410x410.png 410w, https:\/\/www.carliseppf.com\/wp-content\/uploads\/2025\/12\/Hee828b3e9567443997268ff060cc3c58l.jpg_avifclosewebpclose-630x630.png 630w, https:\/\/www.carliseppf.com\/wp-content\/uploads\/2025\/12\/Hee828b3e9567443997268ff060cc3c58l.jpg_avifclosewebpclose-730x730.png 730w, https:\/\/www.carliseppf.com\/wp-content\/uploads\/2025\/12\/Hee828b3e9567443997268ff060cc3c58l.jpg_avifclosewebpclose-460x460.png 460w\" sizes=\"(max-width: 1004px) 100vw, 1004px\" \/><\/p>\n<p><iframe title=\"e70f7ffda7839d5ca0a39ce0635a9a5f roher Datensatz\" width=\"1260\" height=\"709\" src=\"https:\/\/www.youtube.com\/embed\/2qLp3wbKQCs?feature=oembed\" frameborder=\"0\" allow=\"accelerometer; autoplay; clipboard-write; encrypted-media; gyroscope; picture-in-picture; web-share\" referrerpolicy=\"strict-origin-when-cross-origin\" allowfullscreen><\/iframe><\/p>","protected":false},"excerpt":{"rendered":"<p>Hochwertig <strong data-start=\"570\" data-end=\"590\">farbiger PPF-Film<\/strong> in Mimosa Rot, hergestellt mit langlebigem TPU und einem gl\u00e4nzenden, farbwechselnden Finish. Bietet selbstheilende, kratzfeste und UV-best\u00e4ndige Schutzfunktion. Direkt ab Werk mit vollst\u00e4ndiger Anpassung und 5-Jahres-Garantie, ideal f\u00fcr Installateure und Gro\u00dfh\u00e4ndler.<\/p>","protected":false},"featured_media":10095,"comment_status":"open","ping_status":"closed","template":"","meta":[],"product_brand":[],"product_cat":[216],"product_tag":[],"class_list":{"0":"post-10091","1":"product","2":"type-product","3":"status-publish","4":"has-post-thumbnail","6":"product_cat-colored-ppf","8":"first","9":"instock","10":"shipping-taxable","11":"product-type-simple"},"_links":{"self":[{"href":"https:\/\/www.carliseppf.com\/de\/wp-json\/wp\/v2\/product\/10091","targetHints":{"allow":["GET"]}}],"collection":[{"href":"https:\/\/www.carliseppf.com\/de\/wp-json\/wp\/v2\/product"}],"about":[{"href":"https:\/\/www.carliseppf.com\/de\/wp-json\/wp\/v2\/types\/product"}],"replies":[{"embeddable":true,"href":"https:\/\/www.carliseppf.com\/de\/wp-json\/wp\/v2\/comments?post=10091"}],"wp:featuredmedia":[{"embeddable":true,"href":"https:\/\/www.carliseppf.com\/de\/wp-json\/wp\/v2\/media\/10095"}],"wp:attachment":[{"href":"https:\/\/www.carliseppf.com\/de\/wp-json\/wp\/v2\/media?parent=10091"}],"wp:term":[{"taxonomy":"product_brand","embeddable":true,"href":"https:\/\/www.carliseppf.com\/de\/wp-json\/wp\/v2\/product_brand?post=10091"},{"taxonomy":"product_cat","embeddable":true,"href":"https:\/\/www.carliseppf.com\/de\/wp-json\/wp\/v2\/product_cat?post=10091"},{"taxonomy":"product_tag","embeddable":true,"href":"https:\/\/www.carliseppf.com\/de\/wp-json\/wp\/v2\/product_tag?post=10091"}],"curies":[{"name":"wp","href":"https:\/\/api.w.org\/{rel}","templated":true}]}}