{"id":9223,"date":"2025-10-28T03:11:18","date_gmt":"2025-10-28T03:11:18","guid":{"rendered":"https:\/\/www.carliseppf.com\/?post_type=product&#038;p=9223"},"modified":"2025-11-20T11:17:26","modified_gmt":"2025-11-20T11:17:26","slug":"ppf-wrap-for-car-american-tpu-matte","status":"publish","type":"product","link":"https:\/\/www.carliseppf.com\/de\/product\/ppf-wrap-for-car-american-tpu-matte\/","title":{"rendered":"Amerikanische Selbstheilende TPU PPF-Folie \u2013 Matt Autoaufkleber, 10 Jahre Schutz"},"content":{"rendered":"<h2 data-start=\"670\" data-end=\"691\">Produkt\u00fcbersicht<\/h2>\n<p data-start=\"692\" data-end=\"1119\">Dieses <strong data-start=\"697\" data-end=\"717\">PPF-Folie f\u00fcr Auto<\/strong> Hergestellt aus hochwertigem amerikanischem TPU, bietet Selbstheilung und matte Oberfl\u00e4che f\u00fcr \u00fcberlegenen Lackschutz. Mit einer Garantie von 10 Jahren bietet es zuverl\u00e4ssigen Schutz vor Kratzern, kleinen St\u00f6\u00dfen und UV-Sch\u00e4den. Perfekt f\u00fcr Voll- oder Teilverklebungen an Autos, Motorr\u00e4dern, Motorhauben, Spiegeln und Dekorplatten. Direkt ab Werk, erm\u00f6glicht Gro\u00dfbestellungen und individuelle Gr\u00f6\u00dfen f\u00fcr professionelle Monteure.<\/p>\n<h2 style=\"color: #ffffff; font-family: Manrope, sans-serif; font-size: 47.005px; font-weight: 600; font-style: normal; line-height: 47.9921px; text-decoration: none; text-transform: none; letter-spacing: normal; margin-top: 31.4934px; margin-bottom: 22.5624px; outline: 0px;\" data-start=\"2085\" data-end=\"2104\"><img fetchpriority=\"high\" decoding=\"async\" class=\"alignnone wp-image-9225 size-full\" style=\"color: #c0c0c1; font-size: 17px; font-weight: 400;\" src=\"https:\/\/www.carliseppf.com\/wp-content\/uploads\/2025\/10\/1947d55c4258ffa0e338a56de4d0540f.png\" alt=\"PPF-Folie f\u00fcr Auto\" width=\"800\" height=\"800\" srcset=\"https:\/\/www.carliseppf.com\/wp-content\/uploads\/2025\/10\/1947d55c4258ffa0e338a56de4d0540f.png 800w, https:\/\/www.carliseppf.com\/wp-content\/uploads\/2025\/10\/1947d55c4258ffa0e338a56de4d0540f-300x300.png 300w, https:\/\/www.carliseppf.com\/wp-content\/uploads\/2025\/10\/1947d55c4258ffa0e338a56de4d0540f-150x150.png 150w, https:\/\/www.carliseppf.com\/wp-content\/uploads\/2025\/10\/1947d55c4258ffa0e338a56de4d0540f-768x768.png 768w, https:\/\/www.carliseppf.com\/wp-content\/uploads\/2025\/10\/1947d55c4258ffa0e338a56de4d0540f-370x370.png 370w, https:\/\/www.carliseppf.com\/wp-content\/uploads\/2025\/10\/1947d55c4258ffa0e338a56de4d0540f-120x120.png 120w, https:\/\/www.carliseppf.com\/wp-content\/uploads\/2025\/10\/1947d55c4258ffa0e338a56de4d0540f-410x410.png 410w, https:\/\/www.carliseppf.com\/wp-content\/uploads\/2025\/10\/1947d55c4258ffa0e338a56de4d0540f-630x630.png 630w, https:\/\/www.carliseppf.com\/wp-content\/uploads\/2025\/10\/1947d55c4258ffa0e338a56de4d0540f-730x730.png 730w, https:\/\/www.carliseppf.com\/wp-content\/uploads\/2025\/10\/1947d55c4258ffa0e338a56de4d0540f-460x460.png 460w\" sizes=\"(max-width: 800px) 100vw, 800px\" \/><\/h2>\n<h2 data-start=\"1121\" data-end=\"1143\">Design &amp; Eigenschaften<\/h2>\n<ul data-start=\"1144\" data-end=\"1439\">\n<li data-start=\"1144\" data-end=\"1216\">\n<p data-start=\"1146\" data-end=\"1216\">Amerikanischer TPU mit matter Oberfl\u00e4che f\u00fcr Premium <strong data-start=\"1189\" data-end=\"1209\">PPF-Folie f\u00fcr Auto<\/strong> Aussehen<\/p>\n<\/li>\n<li data-start=\"1217\" data-end=\"1261\">\n<p data-start=\"1219\" data-end=\"1261\">Selbstheilende und kratzfeste Technologie<\/p>\n<\/li>\n<li data-start=\"1262\" data-end=\"1302\">\n<p data-start=\"1264\" data-end=\"1302\">Flexibel, langlebig und einfach anzubringen<\/p>\n<\/li>\n<li data-start=\"1303\" data-end=\"1358\">\n<p data-start=\"1305\" data-end=\"1358\">Kompatibel mit professionellen PPF-Installationswerkzeugen<\/p>\n<\/li>\n<li data-start=\"1359\" data-end=\"1439\">\n<p data-start=\"1361\" data-end=\"1439\">Ideal f\u00fcr vollst\u00e4ndige oder partielle Fahrzeugabdeckungen, Gro\u00dfbestellungen und individuelle Projekte<\/p>\n<\/li>\n<\/ul>\n<h2 data-start=\"1441\" data-end=\"1467\">Hochwertiges Material<\/h2>\n<ul data-start=\"1468\" data-end=\"1628\">\n<li data-start=\"1468\" data-end=\"1500\">\n<p data-start=\"1470\" data-end=\"1500\">Premium TPU-Autolackfolie<\/p>\n<\/li>\n<li data-start=\"1501\" data-end=\"1549\">\n<p data-start=\"1503\" data-end=\"1549\">UV-best\u00e4ndig, wasserdicht, sicher f\u00fcr OEM-Lack<\/p>\n<\/li>\n<li data-start=\"1550\" data-end=\"1597\">\n<p data-start=\"1552\" data-end=\"1597\">Langanhaltende Outdoor-Leistung (10 Jahre)<\/p>\n<\/li>\n<li data-start=\"1598\" data-end=\"1628\">\n<p data-start=\"1600\" data-end=\"1628\">Einfach zu reinigen und zu pflegen<\/p>\n<\/li>\n<\/ul>\n<h2 data-start=\"1630\" data-end=\"1668\">Einfache Installation &amp; Anpassung<\/h2>\n<ul data-start=\"1669\" data-end=\"1880\">\n<li data-start=\"1669\" data-end=\"1721\">\n<p data-start=\"1671\" data-end=\"1721\">Luftaustrittskleber f\u00fcr blasenfreie Anwendung<\/p>\n<\/li>\n<li data-start=\"1722\" data-end=\"1773\">\n<p data-start=\"1724\" data-end=\"1773\">Flexibel und hitzebest\u00e4ndig f\u00fcr Kurven und Kanten<\/p>\n<\/li>\n<li data-start=\"1774\" data-end=\"1825\">\n<p data-start=\"1776\" data-end=\"1825\">Anpassbare Rollen f\u00fcr Gro\u00df- oder Gro\u00dfhandelsbestellungen<\/p>\n<\/li>\n<li data-start=\"1826\" data-end=\"1880\">\n<p data-start=\"1828\" data-end=\"1880\">Geeignet f\u00fcr professionelle Monteure und Heimwerker<\/p>\n<\/li>\n<\/ul>\n<h2 data-start=\"1882\" data-end=\"1899\">Anwendungen<\/h2>\n<ul data-start=\"1900\" data-end=\"2083\">\n<li data-start=\"1900\" data-end=\"1947\">\n<p data-start=\"1902\" data-end=\"1947\">Vollst\u00e4ndige Fahrzeugbeklebungen: Autos, SUVs, Motorr\u00e4der<\/p>\n<\/li>\n<li data-start=\"1948\" data-end=\"1998\">\n<p data-start=\"1950\" data-end=\"1998\">Teilfolierungen: Motorhauben, D\u00e4cher, Spiegel, Spoiler<\/p>\n<\/li>\n<li data-start=\"1999\" data-end=\"2039\">\n<p data-start=\"2001\" data-end=\"2039\">Innenverkleidungen und Dekorationspaneele<\/p>\n<\/li>\n<li data-start=\"2040\" data-end=\"2083\">\n<p data-start=\"2042\" data-end=\"2083\">Ideal f\u00fcr <strong data-start=\"2052\" data-end=\"2072\">PPF-Folie f\u00fcr Auto<\/strong> Projekte<\/p>\n<\/li>\n<\/ul>\n<h2 data-start=\"2085\" data-end=\"2104\">Hauptvorteile<\/h2>\n<ul data-start=\"2105\" data-end=\"2392\">\n<li data-start=\"2105\" data-end=\"2145\">\n<p data-start=\"2107\" data-end=\"2145\">Premium <strong data-start=\"2115\" data-end=\"2135\">PPF-Folie f\u00fcr Auto<\/strong> Qualit\u00e4t<\/p>\n<\/li>\n<li data-start=\"2146\" data-end=\"2211\">\n<p data-start=\"2148\" data-end=\"2211\">Selbstheilend, kratzfest und langlebiger matter Schutz<\/p>\n<\/li>\n<li data-start=\"2212\" data-end=\"2266\">\n<p data-start=\"2214\" data-end=\"2266\">Direkt vom Hersteller, vollst\u00e4ndig anpassbar f\u00fcr Gro\u00dfbestellungen<\/p>\n<\/li>\n<li data-start=\"2267\" data-end=\"2330\">\n<p data-start=\"2269\" data-end=\"2330\">Einfache Installation f\u00fcr Heimwerker und professionelle Installateure<\/p>\n<\/li>\n<li data-start=\"2331\" data-end=\"2392\">\n<p data-start=\"2333\" data-end=\"2392\">Perfekt f\u00fcr Autowerkst\u00e4tten, Installateure und Enthusiasten<\/p>\n<\/li>\n<\/ul>\n<h2 data-start=\"2394\" data-end=\"2415\">Paket beinhaltet<\/h2>\n<ul data-start=\"2416\" data-end=\"2526\">\n<li data-start=\"2416\" data-end=\"2457\">\n<p data-start=\"2418\" data-end=\"2457\">1 Rolle amerikanischer TPU-Matte PPF-Folie<\/p>\n<\/li>\n<li data-start=\"2458\" data-end=\"2526\">\n<p data-start=\"2460\" data-end=\"2526\">Optionales Installationswerkzeugset: Rakel, Klinge, Mikrofasertuch<\/p>\n<\/li>\n<\/ul>\n<h2 data-start=\"2528\" data-end=\"2557\">Warum dieses Produkt w\u00e4hlen?<\/h2>\n<p data-start=\"2558\" data-end=\"2819\">Direkt vom Hersteller <strong data-start=\"2578\" data-end=\"2598\">PPF-Folie f\u00fcr Auto<\/strong> Bietet professionellen Schutz, matte Oberfl\u00e4che und 10 Jahre Haltbarkeit. Vollst\u00e4ndig anpassbar f\u00fcr Gro\u00df- oder Einzelbestellungen, ideal f\u00fcr Monteure, Gro\u00dfh\u00e4ndler und Unternehmen, die Premium-Lackschutzl\u00f6sungen anbieten.<\/p>\n<p>\u00a0<img decoding=\"async\" class=\"alignnone wp-image-9226 size-full\" src=\"https:\/\/www.carliseppf.com\/wp-content\/uploads\/2025\/10\/a61982fcbcae63c8afe5e68eb1a17615.png\" alt=\"PPF-Folie f\u00fcr Autos \u2013 Amerikanischer selbstheilender TPU-Matte Vollauto-Folie\" width=\"800\" height=\"800\" srcset=\"https:\/\/www.carliseppf.com\/wp-content\/uploads\/2025\/10\/a61982fcbcae63c8afe5e68eb1a17615.png 800w, https:\/\/www.carliseppf.com\/wp-content\/uploads\/2025\/10\/a61982fcbcae63c8afe5e68eb1a17615-300x300.png 300w, https:\/\/www.carliseppf.com\/wp-content\/uploads\/2025\/10\/a61982fcbcae63c8afe5e68eb1a17615-150x150.png 150w, https:\/\/www.carliseppf.com\/wp-content\/uploads\/2025\/10\/a61982fcbcae63c8afe5e68eb1a17615-768x768.png 768w, https:\/\/www.carliseppf.com\/wp-content\/uploads\/2025\/10\/a61982fcbcae63c8afe5e68eb1a17615-370x370.png 370w, https:\/\/www.carliseppf.com\/wp-content\/uploads\/2025\/10\/a61982fcbcae63c8afe5e68eb1a17615-120x120.png 120w, https:\/\/www.carliseppf.com\/wp-content\/uploads\/2025\/10\/a61982fcbcae63c8afe5e68eb1a17615-410x410.png 410w, https:\/\/www.carliseppf.com\/wp-content\/uploads\/2025\/10\/a61982fcbcae63c8afe5e68eb1a17615-630x630.png 630w, https:\/\/www.carliseppf.com\/wp-content\/uploads\/2025\/10\/a61982fcbcae63c8afe5e68eb1a17615-730x730.png 730w, https:\/\/www.carliseppf.com\/wp-content\/uploads\/2025\/10\/a61982fcbcae63c8afe5e68eb1a17615-460x460.png 460w\" sizes=\"(max-width: 800px) 100vw, 800px\" \/> <img decoding=\"async\" class=\"alignnone wp-image-9227 size-full\" src=\"https:\/\/www.carliseppf.com\/wp-content\/uploads\/2025\/10\/f750cf0c4f17ae72bfa5415666b22bd5.png\" alt=\"PPF-Folie f\u00fcr Autos \u2013 Amerikanischer TPU-Matte Film Kratzschutz\" width=\"800\" height=\"800\" srcset=\"https:\/\/www.carliseppf.com\/wp-content\/uploads\/2025\/10\/f750cf0c4f17ae72bfa5415666b22bd5.png 800w, https:\/\/www.carliseppf.com\/wp-content\/uploads\/2025\/10\/f750cf0c4f17ae72bfa5415666b22bd5-300x300.png 300w, https:\/\/www.carliseppf.com\/wp-content\/uploads\/2025\/10\/f750cf0c4f17ae72bfa5415666b22bd5-150x150.png 150w, https:\/\/www.carliseppf.com\/wp-content\/uploads\/2025\/10\/f750cf0c4f17ae72bfa5415666b22bd5-768x768.png 768w, https:\/\/www.carliseppf.com\/wp-content\/uploads\/2025\/10\/f750cf0c4f17ae72bfa5415666b22bd5-370x370.png 370w, https:\/\/www.carliseppf.com\/wp-content\/uploads\/2025\/10\/f750cf0c4f17ae72bfa5415666b22bd5-120x120.png 120w, https:\/\/www.carliseppf.com\/wp-content\/uploads\/2025\/10\/f750cf0c4f17ae72bfa5415666b22bd5-410x410.png 410w, https:\/\/www.carliseppf.com\/wp-content\/uploads\/2025\/10\/f750cf0c4f17ae72bfa5415666b22bd5-630x630.png 630w, https:\/\/www.carliseppf.com\/wp-content\/uploads\/2025\/10\/f750cf0c4f17ae72bfa5415666b22bd5-730x730.png 730w, https:\/\/www.carliseppf.com\/wp-content\/uploads\/2025\/10\/f750cf0c4f17ae72bfa5415666b22bd5-460x460.png 460w\" sizes=\"(max-width: 800px) 100vw, 800px\" \/> <img loading=\"lazy\" decoding=\"async\" class=\"alignnone size-full wp-image-9228\" src=\"https:\/\/www.carliseppf.com\/wp-content\/uploads\/2025\/10\/01becd7fbe3701c1e6404a0ea879d230.png\" alt=\"\" width=\"800\" height=\"800\" srcset=\"https:\/\/www.carliseppf.com\/wp-content\/uploads\/2025\/10\/01becd7fbe3701c1e6404a0ea879d230.png 800w, https:\/\/www.carliseppf.com\/wp-content\/uploads\/2025\/10\/01becd7fbe3701c1e6404a0ea879d230-300x300.png 300w, https:\/\/www.carliseppf.com\/wp-content\/uploads\/2025\/10\/01becd7fbe3701c1e6404a0ea879d230-150x150.png 150w, https:\/\/www.carliseppf.com\/wp-content\/uploads\/2025\/10\/01becd7fbe3701c1e6404a0ea879d230-768x768.png 768w, https:\/\/www.carliseppf.com\/wp-content\/uploads\/2025\/10\/01becd7fbe3701c1e6404a0ea879d230-370x370.png 370w, https:\/\/www.carliseppf.com\/wp-content\/uploads\/2025\/10\/01becd7fbe3701c1e6404a0ea879d230-120x120.png 120w, https:\/\/www.carliseppf.com\/wp-content\/uploads\/2025\/10\/01becd7fbe3701c1e6404a0ea879d230-410x410.png 410w, https:\/\/www.carliseppf.com\/wp-content\/uploads\/2025\/10\/01becd7fbe3701c1e6404a0ea879d230-630x630.png 630w, https:\/\/www.carliseppf.com\/wp-content\/uploads\/2025\/10\/01becd7fbe3701c1e6404a0ea879d230-730x730.png 730w, https:\/\/www.carliseppf.com\/wp-content\/uploads\/2025\/10\/01becd7fbe3701c1e6404a0ea879d230-460x460.png 460w\" sizes=\"(max-width: 800px) 100vw, 800px\" \/> <img loading=\"lazy\" decoding=\"async\" class=\"alignnone wp-image-9229 size-full\" src=\"https:\/\/www.carliseppf.com\/wp-content\/uploads\/2025\/10\/4a3fd3fc6e1eb5f64eaac77dac32030c.png\" alt=\"PPF-Folie f\u00fcr Autos \u2013 Amerikanischer TPU-Matte Selbstheilende Auto-Vinylfolie\" width=\"800\" height=\"800\" srcset=\"https:\/\/www.carliseppf.com\/wp-content\/uploads\/2025\/10\/4a3fd3fc6e1eb5f64eaac77dac32030c.png 800w, https:\/\/www.carliseppf.com\/wp-content\/uploads\/2025\/10\/4a3fd3fc6e1eb5f64eaac77dac32030c-300x300.png 300w, https:\/\/www.carliseppf.com\/wp-content\/uploads\/2025\/10\/4a3fd3fc6e1eb5f64eaac77dac32030c-150x150.png 150w, https:\/\/www.carliseppf.com\/wp-content\/uploads\/2025\/10\/4a3fd3fc6e1eb5f64eaac77dac32030c-768x768.png 768w, https:\/\/www.carliseppf.com\/wp-content\/uploads\/2025\/10\/4a3fd3fc6e1eb5f64eaac77dac32030c-370x370.png 370w, https:\/\/www.carliseppf.com\/wp-content\/uploads\/2025\/10\/4a3fd3fc6e1eb5f64eaac77dac32030c-120x120.png 120w, https:\/\/www.carliseppf.com\/wp-content\/uploads\/2025\/10\/4a3fd3fc6e1eb5f64eaac77dac32030c-410x410.png 410w, https:\/\/www.carliseppf.com\/wp-content\/uploads\/2025\/10\/4a3fd3fc6e1eb5f64eaac77dac32030c-630x630.png 630w, https:\/\/www.carliseppf.com\/wp-content\/uploads\/2025\/10\/4a3fd3fc6e1eb5f64eaac77dac32030c-730x730.png 730w, https:\/\/www.carliseppf.com\/wp-content\/uploads\/2025\/10\/4a3fd3fc6e1eb5f64eaac77dac32030c-460x460.png 460w\" sizes=\"(max-width: 800px) 100vw, 800px\" \/> <img loading=\"lazy\" decoding=\"async\" class=\"alignnone wp-image-9230 size-full\" src=\"https:\/\/www.carliseppf.com\/wp-content\/uploads\/2025\/10\/5e45568bd0def4ac6c122997c1d41bee.png\" alt=\"PPF-Folie f\u00fcr Autos \u2013 Amerikanischer TPU-Matte Lackschutzfolie Seitent\u00fcr\" width=\"800\" height=\"800\" srcset=\"https:\/\/www.carliseppf.com\/wp-content\/uploads\/2025\/10\/5e45568bd0def4ac6c122997c1d41bee.png 800w, https:\/\/www.carliseppf.com\/wp-content\/uploads\/2025\/10\/5e45568bd0def4ac6c122997c1d41bee-300x300.png 300w, https:\/\/www.carliseppf.com\/wp-content\/uploads\/2025\/10\/5e45568bd0def4ac6c122997c1d41bee-150x150.png 150w, https:\/\/www.carliseppf.com\/wp-content\/uploads\/2025\/10\/5e45568bd0def4ac6c122997c1d41bee-768x768.png 768w, https:\/\/www.carliseppf.com\/wp-content\/uploads\/2025\/10\/5e45568bd0def4ac6c122997c1d41bee-370x370.png 370w, https:\/\/www.carliseppf.com\/wp-content\/uploads\/2025\/10\/5e45568bd0def4ac6c122997c1d41bee-120x120.png 120w, https:\/\/www.carliseppf.com\/wp-content\/uploads\/2025\/10\/5e45568bd0def4ac6c122997c1d41bee-410x410.png 410w, https:\/\/www.carliseppf.com\/wp-content\/uploads\/2025\/10\/5e45568bd0def4ac6c122997c1d41bee-630x630.png 630w, https:\/\/www.carliseppf.com\/wp-content\/uploads\/2025\/10\/5e45568bd0def4ac6c122997c1d41bee-730x730.png 730w, https:\/\/www.carliseppf.com\/wp-content\/uploads\/2025\/10\/5e45568bd0def4ac6c122997c1d41bee-460x460.png 460w\" sizes=\"(max-width: 800px) 100vw, 800px\" \/><\/p>","protected":false},"excerpt":{"rendered":"<p>Sch\u00fctzen Sie Ihr Fahrzeug mit diesem <strong data-start=\"374\" data-end=\"402\">Premium PPF-Folie f\u00fcr Autos<\/strong> \u2013 Amerikanischer TPU-Film mit Selbstheilung, matter Oberfl\u00e4che und 10 Jahren Haltbarkeit. Direkt ab Werk, vollst\u00e4ndig anpassbar f\u00fcr Gro\u00dfbestellungen. Perfekt f\u00fcr professionelle Monteure, Autowerkst\u00e4tten und Enthusiasten, die langlebigen Lackschutz suchen.<\/p>","protected":false},"featured_media":9224,"comment_status":"open","ping_status":"closed","template":"","meta":[],"product_brand":[],"product_cat":[216],"product_tag":[],"class_list":{"0":"post-9223","1":"product","2":"type-product","3":"status-publish","4":"has-post-thumbnail","6":"product_cat-colored-ppf","8":"first","9":"instock","10":"shipping-taxable","11":"product-type-simple"},"_links":{"self":[{"href":"https:\/\/www.carliseppf.com\/de\/wp-json\/wp\/v2\/product\/9223","targetHints":{"allow":["GET"]}}],"collection":[{"href":"https:\/\/www.carliseppf.com\/de\/wp-json\/wp\/v2\/product"}],"about":[{"href":"https:\/\/www.carliseppf.com\/de\/wp-json\/wp\/v2\/types\/product"}],"replies":[{"embeddable":true,"href":"https:\/\/www.carliseppf.com\/de\/wp-json\/wp\/v2\/comments?post=9223"}],"wp:featuredmedia":[{"embeddable":true,"href":"https:\/\/www.carliseppf.com\/de\/wp-json\/wp\/v2\/media\/9224"}],"wp:attachment":[{"href":"https:\/\/www.carliseppf.com\/de\/wp-json\/wp\/v2\/media?parent=9223"}],"wp:term":[{"taxonomy":"product_brand","embeddable":true,"href":"https:\/\/www.carliseppf.com\/de\/wp-json\/wp\/v2\/product_brand?post=9223"},{"taxonomy":"product_cat","embeddable":true,"href":"https:\/\/www.carliseppf.com\/de\/wp-json\/wp\/v2\/product_cat?post=9223"},{"taxonomy":"product_tag","embeddable":true,"href":"https:\/\/www.carliseppf.com\/de\/wp-json\/wp\/v2\/product_tag?post=9223"}],"curies":[{"name":"wp","href":"https:\/\/api.w.org\/{rel}","templated":true}]}}