{"id":9233,"date":"2025-10-28T03:18:44","date_gmt":"2025-10-28T03:18:44","guid":{"rendered":"https:\/\/www.carliseppf.com\/?post_type=product&#038;p=9233"},"modified":"2025-11-20T11:10:21","modified_gmt":"2025-11-20T11:10:21","slug":"car-wrap-ppf-nado-grey-tpu","status":"publish","type":"product","link":"https:\/\/www.carliseppf.com\/de\/product\/car-wrap-ppf-nado-grey-tpu\/","title":{"rendered":"Nado Grau TPU \u2013 Premium Autoaufkleber PPF"},"content":{"rendered":"<h2 data-start=\"666\" data-end=\"687\">Produkt\u00fcbersicht<\/h2>\n<p data-start=\"688\" data-end=\"1079\">Dieses <strong data-start=\"693\" data-end=\"709\">Auto-Folie PPF<\/strong> Features Nado Grey TPU-Material mit farbwechselnden Effekten, bietet hervorragenden Schutz f\u00fcr den Lack Ihres Fahrzeugs. Selbstheilende und kratzfeste Eigenschaften sorgen f\u00fcr langlebige Ergebnisse. Perfekt f\u00fcr Voll- oder Teilfolierungen, Motorr\u00e4der, Motorhauben, Spiegel und Dekorationspaneele. Direkt ab Werk, unterst\u00fctzt Gro\u00dfbestellungen und individuelle Gr\u00f6\u00dfenanpassungen f\u00fcr Monteure und Gro\u00dfh\u00e4ndler.<\/p>\n<h2 style=\"color: #ffffff; font-family: Manrope, sans-serif; font-size: 47.005px; font-weight: 600; font-style: normal; line-height: 47.9921px; text-decoration: none; text-transform: none; letter-spacing: normal; margin-top: 31.4934px; margin-bottom: 22.5624px; outline: 0px;\" data-start=\"1081\" data-end=\"1103\"><img fetchpriority=\"high\" decoding=\"async\" class=\"alignnone wp-image-9225 size-full\" style=\"color: #c0c0c1; font-size: 17px; font-weight: 400;\" src=\"https:\/\/www.carliseppf.com\/wp-content\/uploads\/2025\/10\/1947d55c4258ffa0e338a56de4d0540f.png\" alt=\"Auto-Folie PPF\" width=\"800\" height=\"800\" srcset=\"https:\/\/www.carliseppf.com\/wp-content\/uploads\/2025\/10\/1947d55c4258ffa0e338a56de4d0540f.png 800w, https:\/\/www.carliseppf.com\/wp-content\/uploads\/2025\/10\/1947d55c4258ffa0e338a56de4d0540f-300x300.png 300w, https:\/\/www.carliseppf.com\/wp-content\/uploads\/2025\/10\/1947d55c4258ffa0e338a56de4d0540f-150x150.png 150w, https:\/\/www.carliseppf.com\/wp-content\/uploads\/2025\/10\/1947d55c4258ffa0e338a56de4d0540f-768x768.png 768w, https:\/\/www.carliseppf.com\/wp-content\/uploads\/2025\/10\/1947d55c4258ffa0e338a56de4d0540f-370x370.png 370w, https:\/\/www.carliseppf.com\/wp-content\/uploads\/2025\/10\/1947d55c4258ffa0e338a56de4d0540f-120x120.png 120w, https:\/\/www.carliseppf.com\/wp-content\/uploads\/2025\/10\/1947d55c4258ffa0e338a56de4d0540f-410x410.png 410w, https:\/\/www.carliseppf.com\/wp-content\/uploads\/2025\/10\/1947d55c4258ffa0e338a56de4d0540f-630x630.png 630w, https:\/\/www.carliseppf.com\/wp-content\/uploads\/2025\/10\/1947d55c4258ffa0e338a56de4d0540f-730x730.png 730w, https:\/\/www.carliseppf.com\/wp-content\/uploads\/2025\/10\/1947d55c4258ffa0e338a56de4d0540f-460x460.png 460w\" sizes=\"(max-width: 800px) 100vw, 800px\" \/><\/h2>\n<h2 data-start=\"1081\" data-end=\"1103\">Design &amp; Eigenschaften<\/h2>\n<ul data-start=\"1104\" data-end=\"1397\">\n<li data-start=\"1104\" data-end=\"1174\">\n<p data-start=\"1106\" data-end=\"1174\">Nado Grey TPU mit farbwechselndem Effekt f\u00fcr erstklassige visuelle Attraktivit\u00e4t<\/p>\n<\/li>\n<li data-start=\"1175\" data-end=\"1219\">\n<p data-start=\"1177\" data-end=\"1219\">Selbstheilende und kratzfeste Technologie<\/p>\n<\/li>\n<li data-start=\"1220\" data-end=\"1260\">\n<p data-start=\"1222\" data-end=\"1260\">Flexibel, langlebig und einfach anzubringen<\/p>\n<\/li>\n<li data-start=\"1261\" data-end=\"1316\">\n<p data-start=\"1263\" data-end=\"1316\">Kompatibel mit professionellen <strong data-start=\"1292\" data-end=\"1308\">Auto-Folie PPF<\/strong> Werkzeugen<\/p>\n<\/li>\n<li data-start=\"1317\" data-end=\"1397\">\n<p data-start=\"1319\" data-end=\"1397\">Ideal f\u00fcr vollst\u00e4ndige oder partielle Fahrzeugabdeckungen, Gro\u00dfbestellungen und individuelle Projekte<\/p>\n<\/li>\n<\/ul>\n<h2 data-start=\"1399\" data-end=\"1425\">Hochwertiges Material<\/h2>\n<ul data-start=\"1426\" data-end=\"1587\">\n<li data-start=\"1426\" data-end=\"1458\">\n<p data-start=\"1428\" data-end=\"1458\">Langlebiges TPU-Auto-Vinyl<\/p>\n<\/li>\n<li data-start=\"1459\" data-end=\"1507\">\n<p data-start=\"1461\" data-end=\"1507\">UV-best\u00e4ndig, wasserdicht, sicher f\u00fcr OEM-Lack<\/p>\n<\/li>\n<li data-start=\"1508\" data-end=\"1556\">\n<p data-start=\"1510\" data-end=\"1556\">Langanhaltende Outdoor-Leistung (3\u20135 Jahre)<\/p>\n<\/li>\n<li data-start=\"1557\" data-end=\"1587\">\n<p data-start=\"1559\" data-end=\"1587\">Einfach zu reinigen und zu pflegen<\/p>\n<\/li>\n<\/ul>\n<h2 data-start=\"1589\" data-end=\"1627\">Einfache Installation &amp; Anpassung<\/h2>\n<ul data-start=\"1628\" data-end=\"1858\">\n<li data-start=\"1628\" data-end=\"1680\">\n<p data-start=\"1630\" data-end=\"1680\">Luftaustrittskleber f\u00fcr blasenfreie Anwendung<\/p>\n<\/li>\n<li data-start=\"1681\" data-end=\"1751\">\n<p data-start=\"1683\" data-end=\"1751\">Flexibel und hitzebest\u00e4ndig formbar f\u00fcr Kanten, Kurven und komplexe Oberfl\u00e4chen<\/p>\n<\/li>\n<li data-start=\"1752\" data-end=\"1803\">\n<p data-start=\"1754\" data-end=\"1803\">Anpassbare Rollen f\u00fcr Gro\u00df- oder Gro\u00dfhandelsbestellungen<\/p>\n<\/li>\n<li data-start=\"1804\" data-end=\"1858\">\n<p data-start=\"1806\" data-end=\"1858\">Geeignet f\u00fcr professionelle Monteure und Heimwerker<\/p>\n<\/li>\n<\/ul>\n<h2 data-start=\"1860\" data-end=\"1877\">Anwendungen<\/h2>\n<ul data-start=\"1878\" data-end=\"2063\">\n<li data-start=\"1878\" data-end=\"1931\">\n<p data-start=\"1880\" data-end=\"1931\">Vollfahrzeugfolierungen: Autos, SUVs, Motorr\u00e4der, Vans<\/p>\n<\/li>\n<li data-start=\"1932\" data-end=\"1982\">\n<p data-start=\"1934\" data-end=\"1982\">Teilfolierungen: Motorhauben, D\u00e4cher, Spiegel, Spoiler<\/p>\n<\/li>\n<li data-start=\"1983\" data-end=\"2023\">\n<p data-start=\"1985\" data-end=\"2023\">Innenverkleidungen und Dekorationspaneele<\/p>\n<\/li>\n<li data-start=\"2024\" data-end=\"2063\">\n<p data-start=\"2026\" data-end=\"2063\">Ideal f\u00fcr <strong data-start=\"2036\" data-end=\"2052\">Auto-Folie PPF<\/strong> Projekte<\/p>\n<\/li>\n<\/ul>\n<h2 data-start=\"2065\" data-end=\"2084\">Hauptvorteile<\/h2>\n<ul data-start=\"2085\" data-end=\"2364\">\n<li data-start=\"2085\" data-end=\"2121\">\n<p data-start=\"2087\" data-end=\"2121\">Premium <strong data-start=\"2095\" data-end=\"2111\">Auto-Folie PPF<\/strong> Qualit\u00e4t<\/p>\n<\/li>\n<li data-start=\"2122\" data-end=\"2183\">\n<p data-start=\"2124\" data-end=\"2183\">Selbstheilende, kratzfeste und farbwechselnde Technologie<\/p>\n<\/li>\n<li data-start=\"2184\" data-end=\"2238\">\n<p data-start=\"2186\" data-end=\"2238\">Direkt vom Hersteller, vollst\u00e4ndig anpassbar f\u00fcr Gro\u00dfbestellungen<\/p>\n<\/li>\n<li data-start=\"2239\" data-end=\"2302\">\n<p data-start=\"2241\" data-end=\"2302\">Einfache Installation f\u00fcr Heimwerker und professionelle Installateure<\/p>\n<\/li>\n<li data-start=\"2303\" data-end=\"2364\">\n<p data-start=\"2305\" data-end=\"2364\">Perfekt f\u00fcr Autowerkst\u00e4tten, Installateure und Enthusiasten<\/p>\n<\/li>\n<\/ul>\n<h2 data-start=\"2366\" data-end=\"2387\">Paket beinhaltet<\/h2>\n<ul data-start=\"2388\" data-end=\"2503\">\n<li data-start=\"2388\" data-end=\"2434\">\n<p data-start=\"2390\" data-end=\"2434\">1 Rolle Nado Grey TPU Vinyl Car Wrap PPF<\/p>\n<\/li>\n<li data-start=\"2435\" data-end=\"2503\">\n<p data-start=\"2437\" data-end=\"2503\">Optionales Installationswerkzeugset: Rakel, Klinge, Mikrofasertuch<\/p>\n<\/li>\n<\/ul>\n<h2 data-start=\"2505\" data-end=\"2534\">Warum dieses Produkt w\u00e4hlen?<\/h2>\n<p data-start=\"2535\" data-end=\"2844\">Direkt vom Hersteller <strong data-start=\"2555\" data-end=\"2571\">Auto-Folie PPF<\/strong> Vinylfolie bietet professionelle Qualit\u00e4t, lebendiges Nado Grey farbwechselndes Finish und langanhaltenden Lackschutz. Vollst\u00e4ndig anpassbar f\u00fcr Gro\u00df- oder Einzelbestellungen, perfekt f\u00fcr Monteure, Gro\u00dfh\u00e4ndler und Unternehmen, die Premium-Produkte anbieten. <strong data-start=\"2806\" data-end=\"2831\">Lackschutzfolie<\/strong> L\u00f6sungen anbieten.<\/p>\n<p>\u00a0<img decoding=\"async\" class=\"alignnone wp-image-9226 size-full\" src=\"https:\/\/www.carliseppf.com\/wp-content\/uploads\/2025\/10\/a61982fcbcae63c8afe5e68eb1a17615.png\" alt=\"Car Wrap PPF \u2013 CARLISE Schwarz Hochglanz TPU Fronthaube\" width=\"800\" height=\"800\" srcset=\"https:\/\/www.carliseppf.com\/wp-content\/uploads\/2025\/10\/a61982fcbcae63c8afe5e68eb1a17615.png 800w, https:\/\/www.carliseppf.com\/wp-content\/uploads\/2025\/10\/a61982fcbcae63c8afe5e68eb1a17615-300x300.png 300w, https:\/\/www.carliseppf.com\/wp-content\/uploads\/2025\/10\/a61982fcbcae63c8afe5e68eb1a17615-150x150.png 150w, https:\/\/www.carliseppf.com\/wp-content\/uploads\/2025\/10\/a61982fcbcae63c8afe5e68eb1a17615-768x768.png 768w, https:\/\/www.carliseppf.com\/wp-content\/uploads\/2025\/10\/a61982fcbcae63c8afe5e68eb1a17615-370x370.png 370w, https:\/\/www.carliseppf.com\/wp-content\/uploads\/2025\/10\/a61982fcbcae63c8afe5e68eb1a17615-120x120.png 120w, https:\/\/www.carliseppf.com\/wp-content\/uploads\/2025\/10\/a61982fcbcae63c8afe5e68eb1a17615-410x410.png 410w, https:\/\/www.carliseppf.com\/wp-content\/uploads\/2025\/10\/a61982fcbcae63c8afe5e68eb1a17615-630x630.png 630w, https:\/\/www.carliseppf.com\/wp-content\/uploads\/2025\/10\/a61982fcbcae63c8afe5e68eb1a17615-730x730.png 730w, https:\/\/www.carliseppf.com\/wp-content\/uploads\/2025\/10\/a61982fcbcae63c8afe5e68eb1a17615-460x460.png 460w\" sizes=\"(max-width: 800px) 100vw, 800px\" \/> <img decoding=\"async\" class=\"alignnone wp-image-9227 size-full\" src=\"https:\/\/www.carliseppf.com\/wp-content\/uploads\/2025\/10\/f750cf0c4f17ae72bfa5415666b22bd5.png\" alt=\"Car Wrap PPF \u2013 CARLISE Schwarz Hochglanz TPU Seitent\u00fcrfolie\" width=\"800\" height=\"800\" srcset=\"https:\/\/www.carliseppf.com\/wp-content\/uploads\/2025\/10\/f750cf0c4f17ae72bfa5415666b22bd5.png 800w, https:\/\/www.carliseppf.com\/wp-content\/uploads\/2025\/10\/f750cf0c4f17ae72bfa5415666b22bd5-300x300.png 300w, https:\/\/www.carliseppf.com\/wp-content\/uploads\/2025\/10\/f750cf0c4f17ae72bfa5415666b22bd5-150x150.png 150w, https:\/\/www.carliseppf.com\/wp-content\/uploads\/2025\/10\/f750cf0c4f17ae72bfa5415666b22bd5-768x768.png 768w, https:\/\/www.carliseppf.com\/wp-content\/uploads\/2025\/10\/f750cf0c4f17ae72bfa5415666b22bd5-370x370.png 370w, https:\/\/www.carliseppf.com\/wp-content\/uploads\/2025\/10\/f750cf0c4f17ae72bfa5415666b22bd5-120x120.png 120w, https:\/\/www.carliseppf.com\/wp-content\/uploads\/2025\/10\/f750cf0c4f17ae72bfa5415666b22bd5-410x410.png 410w, https:\/\/www.carliseppf.com\/wp-content\/uploads\/2025\/10\/f750cf0c4f17ae72bfa5415666b22bd5-630x630.png 630w, https:\/\/www.carliseppf.com\/wp-content\/uploads\/2025\/10\/f750cf0c4f17ae72bfa5415666b22bd5-730x730.png 730w, https:\/\/www.carliseppf.com\/wp-content\/uploads\/2025\/10\/f750cf0c4f17ae72bfa5415666b22bd5-460x460.png 460w\" sizes=\"(max-width: 800px) 100vw, 800px\" \/> <img loading=\"lazy\" decoding=\"async\" class=\"alignnone size-full wp-image-9228\" src=\"https:\/\/www.carliseppf.com\/wp-content\/uploads\/2025\/10\/01becd7fbe3701c1e6404a0ea879d230.png\" alt=\"\" width=\"800\" height=\"800\" srcset=\"https:\/\/www.carliseppf.com\/wp-content\/uploads\/2025\/10\/01becd7fbe3701c1e6404a0ea879d230.png 800w, https:\/\/www.carliseppf.com\/wp-content\/uploads\/2025\/10\/01becd7fbe3701c1e6404a0ea879d230-300x300.png 300w, https:\/\/www.carliseppf.com\/wp-content\/uploads\/2025\/10\/01becd7fbe3701c1e6404a0ea879d230-150x150.png 150w, https:\/\/www.carliseppf.com\/wp-content\/uploads\/2025\/10\/01becd7fbe3701c1e6404a0ea879d230-768x768.png 768w, https:\/\/www.carliseppf.com\/wp-content\/uploads\/2025\/10\/01becd7fbe3701c1e6404a0ea879d230-370x370.png 370w, https:\/\/www.carliseppf.com\/wp-content\/uploads\/2025\/10\/01becd7fbe3701c1e6404a0ea879d230-120x120.png 120w, https:\/\/www.carliseppf.com\/wp-content\/uploads\/2025\/10\/01becd7fbe3701c1e6404a0ea879d230-410x410.png 410w, https:\/\/www.carliseppf.com\/wp-content\/uploads\/2025\/10\/01becd7fbe3701c1e6404a0ea879d230-630x630.png 630w, https:\/\/www.carliseppf.com\/wp-content\/uploads\/2025\/10\/01becd7fbe3701c1e6404a0ea879d230-730x730.png 730w, https:\/\/www.carliseppf.com\/wp-content\/uploads\/2025\/10\/01becd7fbe3701c1e6404a0ea879d230-460x460.png 460w\" sizes=\"(max-width: 800px) 100vw, 800px\" \/> <img loading=\"lazy\" decoding=\"async\" class=\"alignnone wp-image-9229 size-full\" src=\"https:\/\/www.carliseppf.com\/wp-content\/uploads\/2025\/10\/4a3fd3fc6e1eb5f64eaac77dac32030c.png\" alt=\"Car Wrap PPF \u2013 CARLISE Schwarz Hochglanz TPU Hecksto\u00dfstange\" width=\"800\" height=\"800\" srcset=\"https:\/\/www.carliseppf.com\/wp-content\/uploads\/2025\/10\/4a3fd3fc6e1eb5f64eaac77dac32030c.png 800w, https:\/\/www.carliseppf.com\/wp-content\/uploads\/2025\/10\/4a3fd3fc6e1eb5f64eaac77dac32030c-300x300.png 300w, https:\/\/www.carliseppf.com\/wp-content\/uploads\/2025\/10\/4a3fd3fc6e1eb5f64eaac77dac32030c-150x150.png 150w, https:\/\/www.carliseppf.com\/wp-content\/uploads\/2025\/10\/4a3fd3fc6e1eb5f64eaac77dac32030c-768x768.png 768w, https:\/\/www.carliseppf.com\/wp-content\/uploads\/2025\/10\/4a3fd3fc6e1eb5f64eaac77dac32030c-370x370.png 370w, https:\/\/www.carliseppf.com\/wp-content\/uploads\/2025\/10\/4a3fd3fc6e1eb5f64eaac77dac32030c-120x120.png 120w, https:\/\/www.carliseppf.com\/wp-content\/uploads\/2025\/10\/4a3fd3fc6e1eb5f64eaac77dac32030c-410x410.png 410w, https:\/\/www.carliseppf.com\/wp-content\/uploads\/2025\/10\/4a3fd3fc6e1eb5f64eaac77dac32030c-630x630.png 630w, https:\/\/www.carliseppf.com\/wp-content\/uploads\/2025\/10\/4a3fd3fc6e1eb5f64eaac77dac32030c-730x730.png 730w, https:\/\/www.carliseppf.com\/wp-content\/uploads\/2025\/10\/4a3fd3fc6e1eb5f64eaac77dac32030c-460x460.png 460w\" sizes=\"(max-width: 800px) 100vw, 800px\" \/> <img loading=\"lazy\" decoding=\"async\" class=\"alignnone wp-image-9230 size-full\" src=\"https:\/\/www.carliseppf.com\/wp-content\/uploads\/2025\/10\/5e45568bd0def4ac6c122997c1d41bee.png\" alt=\"Car Wrap PPF \u2013 TPU Chameleon Farbwechsel-Film f\u00fcr Vollfahrzeugfolierung\" width=\"800\" height=\"800\" srcset=\"https:\/\/www.carliseppf.com\/wp-content\/uploads\/2025\/10\/5e45568bd0def4ac6c122997c1d41bee.png 800w, https:\/\/www.carliseppf.com\/wp-content\/uploads\/2025\/10\/5e45568bd0def4ac6c122997c1d41bee-300x300.png 300w, https:\/\/www.carliseppf.com\/wp-content\/uploads\/2025\/10\/5e45568bd0def4ac6c122997c1d41bee-150x150.png 150w, https:\/\/www.carliseppf.com\/wp-content\/uploads\/2025\/10\/5e45568bd0def4ac6c122997c1d41bee-768x768.png 768w, https:\/\/www.carliseppf.com\/wp-content\/uploads\/2025\/10\/5e45568bd0def4ac6c122997c1d41bee-370x370.png 370w, https:\/\/www.carliseppf.com\/wp-content\/uploads\/2025\/10\/5e45568bd0def4ac6c122997c1d41bee-120x120.png 120w, https:\/\/www.carliseppf.com\/wp-content\/uploads\/2025\/10\/5e45568bd0def4ac6c122997c1d41bee-410x410.png 410w, https:\/\/www.carliseppf.com\/wp-content\/uploads\/2025\/10\/5e45568bd0def4ac6c122997c1d41bee-630x630.png 630w, https:\/\/www.carliseppf.com\/wp-content\/uploads\/2025\/10\/5e45568bd0def4ac6c122997c1d41bee-730x730.png 730w, https:\/\/www.carliseppf.com\/wp-content\/uploads\/2025\/10\/5e45568bd0def4ac6c122997c1d41bee-460x460.png 460w\" sizes=\"(max-width: 800px) 100vw, 800px\" \/><\/p>","protected":false},"excerpt":{"rendered":"<p>Sch\u00fctzen und stylen Sie Ihr Fahrzeug mit diesem hochwertigen Car Wrap PPF \u2013 Nado Grey TPU PPF farbwechselnder Vinylfolie mit selbstheilender und kratzfester Technologie. Direkt ab Werk, vollst\u00e4ndig anpassbar f\u00fcr Gro\u00dfbestellungen. Ideal f\u00fcr professionelle Monteure, Gro\u00dfh\u00e4ndler und Automobil-Enthusiasten.<\/p>","protected":false},"featured_media":9234,"comment_status":"open","ping_status":"closed","template":"","meta":[],"product_brand":[],"product_cat":[216],"product_tag":[],"class_list":{"0":"post-9233","1":"product","2":"type-product","3":"status-publish","4":"has-post-thumbnail","6":"product_cat-colored-ppf","8":"first","9":"instock","10":"shipping-taxable","11":"product-type-simple"},"_links":{"self":[{"href":"https:\/\/www.carliseppf.com\/de\/wp-json\/wp\/v2\/product\/9233","targetHints":{"allow":["GET"]}}],"collection":[{"href":"https:\/\/www.carliseppf.com\/de\/wp-json\/wp\/v2\/product"}],"about":[{"href":"https:\/\/www.carliseppf.com\/de\/wp-json\/wp\/v2\/types\/product"}],"replies":[{"embeddable":true,"href":"https:\/\/www.carliseppf.com\/de\/wp-json\/wp\/v2\/comments?post=9233"}],"wp:featuredmedia":[{"embeddable":true,"href":"https:\/\/www.carliseppf.com\/de\/wp-json\/wp\/v2\/media\/9234"}],"wp:attachment":[{"href":"https:\/\/www.carliseppf.com\/de\/wp-json\/wp\/v2\/media?parent=9233"}],"wp:term":[{"taxonomy":"product_brand","embeddable":true,"href":"https:\/\/www.carliseppf.com\/de\/wp-json\/wp\/v2\/product_brand?post=9233"},{"taxonomy":"product_cat","embeddable":true,"href":"https:\/\/www.carliseppf.com\/de\/wp-json\/wp\/v2\/product_cat?post=9233"},{"taxonomy":"product_tag","embeddable":true,"href":"https:\/\/www.carliseppf.com\/de\/wp-json\/wp\/v2\/product_tag?post=9233"}],"curies":[{"name":"wp","href":"https:\/\/api.w.org\/{rel}","templated":true}]}}