{"id":9235,"date":"2025-10-28T03:19:49","date_gmt":"2025-10-28T03:19:49","guid":{"rendered":"https:\/\/www.carliseppf.com\/?post_type=product&#038;p=9235"},"modified":"2025-11-20T11:04:57","modified_gmt":"2025-11-20T11:04:57","slug":"ppf-wrap-for-cars-tpu-chameleon","status":"publish","type":"product","link":"https:\/\/www.carliseppf.com\/de\/product\/ppf-wrap-for-cars-tpu-chameleon\/","title":{"rendered":"TPU Chameleon \u2013 Premium PPF-Wrap f\u00fcr Autos"},"content":{"rendered":"<h2 data-start=\"653\" data-end=\"674\">Produkt\u00fcbersicht<\/h2>\n<p data-start=\"675\" data-end=\"1052\">Dieses <strong data-start=\"680\" data-end=\"701\">PPF-Folie f\u00fcr Autos<\/strong> ist aus hochwertigem TPU Chameleon Material gefertigt und bietet lebendige, farbwechselnde Effekte, w\u00e4hrend es den Lack Ihres Autos vor Kratzern und kleineren St\u00f6\u00dfen sch\u00fctzt. Geeignet f\u00fcr Voll- oder Teilfolierungen an Autos, Motorr\u00e4dern<\/p>\n<p data-start=\"675\" data-end=\"1052\">, Motorhauben, Spiegeln und Dekorplatten. Direkt ab Werk lieferbar, erm\u00f6glicht Gro\u00dfbestellungen und individuelle Gr\u00f6\u00dfen f\u00fcr Monteure und Gro\u00dfh\u00e4ndler.<\/p>\n<h2 style=\"color: #ffffff; font-family: Manrope, sans-serif; font-size: 47.005px; font-weight: 600; font-style: normal; line-height: 47.9921px; text-decoration: none; text-transform: none; letter-spacing: normal; margin-top: 31.4934px; margin-bottom: 22.5624px; outline: 0px;\" data-start=\"1054\" data-end=\"1076\"><img fetchpriority=\"high\" decoding=\"async\" class=\"alignnone wp-image-9225 size-full\" style=\"color: #c0c0c1; font-size: 17px; font-weight: 400;\" src=\"https:\/\/www.carliseppf.com\/wp-content\/uploads\/2025\/10\/1947d55c4258ffa0e338a56de4d0540f.png\" alt=\"PPF-Folie f\u00fcr Autos\" width=\"800\" height=\"800\" srcset=\"https:\/\/www.carliseppf.com\/wp-content\/uploads\/2025\/10\/1947d55c4258ffa0e338a56de4d0540f.png 800w, https:\/\/www.carliseppf.com\/wp-content\/uploads\/2025\/10\/1947d55c4258ffa0e338a56de4d0540f-300x300.png 300w, https:\/\/www.carliseppf.com\/wp-content\/uploads\/2025\/10\/1947d55c4258ffa0e338a56de4d0540f-150x150.png 150w, https:\/\/www.carliseppf.com\/wp-content\/uploads\/2025\/10\/1947d55c4258ffa0e338a56de4d0540f-768x768.png 768w, https:\/\/www.carliseppf.com\/wp-content\/uploads\/2025\/10\/1947d55c4258ffa0e338a56de4d0540f-370x370.png 370w, https:\/\/www.carliseppf.com\/wp-content\/uploads\/2025\/10\/1947d55c4258ffa0e338a56de4d0540f-120x120.png 120w, https:\/\/www.carliseppf.com\/wp-content\/uploads\/2025\/10\/1947d55c4258ffa0e338a56de4d0540f-410x410.png 410w, https:\/\/www.carliseppf.com\/wp-content\/uploads\/2025\/10\/1947d55c4258ffa0e338a56de4d0540f-630x630.png 630w, https:\/\/www.carliseppf.com\/wp-content\/uploads\/2025\/10\/1947d55c4258ffa0e338a56de4d0540f-730x730.png 730w, https:\/\/www.carliseppf.com\/wp-content\/uploads\/2025\/10\/1947d55c4258ffa0e338a56de4d0540f-460x460.png 460w\" sizes=\"(max-width: 800px) 100vw, 800px\" \/><\/h2>\n<h2 data-start=\"1054\" data-end=\"1076\">Design &amp; Eigenschaften<\/h2>\n<ul data-start=\"1077\" data-end=\"1362\">\n<li data-start=\"1077\" data-end=\"1134\">\n<p data-start=\"1079\" data-end=\"1134\">Farbwechselndes TPU-Material f\u00fcr einzigartige visuelle Effekte<\/p>\n<\/li>\n<li data-start=\"1135\" data-end=\"1179\">\n<p data-start=\"1137\" data-end=\"1179\">Selbstheilende und kratzfeste Technologie<\/p>\n<\/li>\n<li data-start=\"1180\" data-end=\"1220\">\n<p data-start=\"1182\" data-end=\"1220\">Flexibel, langlebig und einfach anzubringen<\/p>\n<\/li>\n<li data-start=\"1221\" data-end=\"1281\">\n<p data-start=\"1223\" data-end=\"1281\">Kompatibel mit professionellen <strong data-start=\"1252\" data-end=\"1273\">PPF-Folie f\u00fcr Autos<\/strong> Werkzeugen<\/p>\n<\/li>\n<li data-start=\"1282\" data-end=\"1362\">\n<p data-start=\"1284\" data-end=\"1362\">Ideal f\u00fcr vollst\u00e4ndige oder partielle Fahrzeugabdeckungen, Gro\u00dfbestellungen und individuelle Projekte<\/p>\n<h2 style=\"color: #ffffff; font-family: Manrope, sans-serif; font-size: 47.005px; font-weight: 600; font-style: normal; line-height: 47.9921px; text-decoration: none; text-transform: none; letter-spacing: normal; margin-top: 31.4934px; margin-bottom: 22.5624px; outline: 0px;\" data-start=\"1364\" data-end=\"1390\"><img decoding=\"async\" class=\"alignnone size-full wp-image-9230\" style=\"color: #c0c0c1; font-size: 17px; font-weight: 400;\" src=\"https:\/\/www.carliseppf.com\/wp-content\/uploads\/2025\/10\/5e45568bd0def4ac6c122997c1d41bee.png\" alt=\"\" width=\"800\" height=\"800\" srcset=\"https:\/\/www.carliseppf.com\/wp-content\/uploads\/2025\/10\/5e45568bd0def4ac6c122997c1d41bee.png 800w, https:\/\/www.carliseppf.com\/wp-content\/uploads\/2025\/10\/5e45568bd0def4ac6c122997c1d41bee-300x300.png 300w, https:\/\/www.carliseppf.com\/wp-content\/uploads\/2025\/10\/5e45568bd0def4ac6c122997c1d41bee-150x150.png 150w, https:\/\/www.carliseppf.com\/wp-content\/uploads\/2025\/10\/5e45568bd0def4ac6c122997c1d41bee-768x768.png 768w, https:\/\/www.carliseppf.com\/wp-content\/uploads\/2025\/10\/5e45568bd0def4ac6c122997c1d41bee-370x370.png 370w, https:\/\/www.carliseppf.com\/wp-content\/uploads\/2025\/10\/5e45568bd0def4ac6c122997c1d41bee-120x120.png 120w, https:\/\/www.carliseppf.com\/wp-content\/uploads\/2025\/10\/5e45568bd0def4ac6c122997c1d41bee-410x410.png 410w, https:\/\/www.carliseppf.com\/wp-content\/uploads\/2025\/10\/5e45568bd0def4ac6c122997c1d41bee-630x630.png 630w, https:\/\/www.carliseppf.com\/wp-content\/uploads\/2025\/10\/5e45568bd0def4ac6c122997c1d41bee-730x730.png 730w, https:\/\/www.carliseppf.com\/wp-content\/uploads\/2025\/10\/5e45568bd0def4ac6c122997c1d41bee-460x460.png 460w\" sizes=\"(max-width: 800px) 100vw, 800px\" \/><\/h2>\n<\/li>\n<\/ul>\n<h2 data-start=\"1364\" data-end=\"1390\">Hochwertiges Material<\/h2>\n<ul data-start=\"1391\" data-end=\"1552\">\n<li data-start=\"1391\" data-end=\"1423\">\n<p data-start=\"1393\" data-end=\"1423\">Premium TPU-Autolackfolie<\/p>\n<\/li>\n<li data-start=\"1424\" data-end=\"1472\">\n<p data-start=\"1426\" data-end=\"1472\">UV-best\u00e4ndig, wasserdicht, sicher f\u00fcr OEM-Lack<\/p>\n<\/li>\n<li data-start=\"1473\" data-end=\"1521\">\n<p data-start=\"1475\" data-end=\"1521\">Langanhaltende Outdoor-Leistung (3\u20135 Jahre)<\/p>\n<\/li>\n<li data-start=\"1522\" data-end=\"1552\">\n<p data-start=\"1524\" data-end=\"1552\">Einfach zu reinigen und zu pflegen<\/p>\n<\/li>\n<li data-start=\"1522\" data-end=\"1552\">\n<p data-start=\"1524\" data-end=\"1552\"><img decoding=\"async\" class=\"alignnone size-full wp-image-9229\" src=\"https:\/\/www.carliseppf.com\/wp-content\/uploads\/2025\/10\/4a3fd3fc6e1eb5f64eaac77dac32030c.png\" alt=\"\" width=\"800\" height=\"800\" srcset=\"https:\/\/www.carliseppf.com\/wp-content\/uploads\/2025\/10\/4a3fd3fc6e1eb5f64eaac77dac32030c.png 800w, https:\/\/www.carliseppf.com\/wp-content\/uploads\/2025\/10\/4a3fd3fc6e1eb5f64eaac77dac32030c-300x300.png 300w, https:\/\/www.carliseppf.com\/wp-content\/uploads\/2025\/10\/4a3fd3fc6e1eb5f64eaac77dac32030c-150x150.png 150w, https:\/\/www.carliseppf.com\/wp-content\/uploads\/2025\/10\/4a3fd3fc6e1eb5f64eaac77dac32030c-768x768.png 768w, https:\/\/www.carliseppf.com\/wp-content\/uploads\/2025\/10\/4a3fd3fc6e1eb5f64eaac77dac32030c-370x370.png 370w, https:\/\/www.carliseppf.com\/wp-content\/uploads\/2025\/10\/4a3fd3fc6e1eb5f64eaac77dac32030c-120x120.png 120w, https:\/\/www.carliseppf.com\/wp-content\/uploads\/2025\/10\/4a3fd3fc6e1eb5f64eaac77dac32030c-410x410.png 410w, https:\/\/www.carliseppf.com\/wp-content\/uploads\/2025\/10\/4a3fd3fc6e1eb5f64eaac77dac32030c-630x630.png 630w, https:\/\/www.carliseppf.com\/wp-content\/uploads\/2025\/10\/4a3fd3fc6e1eb5f64eaac77dac32030c-730x730.png 730w, https:\/\/www.carliseppf.com\/wp-content\/uploads\/2025\/10\/4a3fd3fc6e1eb5f64eaac77dac32030c-460x460.png 460w\" sizes=\"(max-width: 800px) 100vw, 800px\" \/><\/p>\n<\/li>\n<\/ul>\n<h2 data-start=\"1554\" data-end=\"1592\">Einfache Installation &amp; Anpassung<\/h2>\n<ul data-start=\"1593\" data-end=\"1804\">\n<li data-start=\"1593\" data-end=\"1645\">\n<p data-start=\"1595\" data-end=\"1645\">Luftaustrittskleber f\u00fcr blasenfreie Anwendung<\/p>\n<\/li>\n<li data-start=\"1646\" data-end=\"1697\">\n<p data-start=\"1648\" data-end=\"1697\">Flexibel und hitzebest\u00e4ndig f\u00fcr Kurven und Kanten<\/p>\n<\/li>\n<li data-start=\"1698\" data-end=\"1749\">\n<p data-start=\"1700\" data-end=\"1749\">Anpassbare Rollen f\u00fcr Gro\u00df- oder Gro\u00dfhandelsbestellungen<\/p>\n<\/li>\n<li data-start=\"1750\" data-end=\"1804\">\n<p data-start=\"1752\" data-end=\"1804\">Geeignet f\u00fcr professionelle Monteure und Heimwerker<\/p>\n<h2 style=\"color: #ffffff; font-family: Manrope, sans-serif; font-size: 47.005px; font-weight: 600; font-style: normal; line-height: 47.9921px; text-decoration: none; text-transform: none; letter-spacing: normal; margin-top: 31.4934px; margin-bottom: 22.5624px; outline: 0px;\" data-start=\"2016\" data-end=\"2035\"><img loading=\"lazy\" decoding=\"async\" class=\"alignnone size-full wp-image-9228\" style=\"color: #c0c0c1; font-size: 17px; font-weight: 400;\" src=\"https:\/\/www.carliseppf.com\/wp-content\/uploads\/2025\/10\/01becd7fbe3701c1e6404a0ea879d230.png\" alt=\"\" width=\"800\" height=\"800\" srcset=\"https:\/\/www.carliseppf.com\/wp-content\/uploads\/2025\/10\/01becd7fbe3701c1e6404a0ea879d230.png 800w, https:\/\/www.carliseppf.com\/wp-content\/uploads\/2025\/10\/01becd7fbe3701c1e6404a0ea879d230-300x300.png 300w, https:\/\/www.carliseppf.com\/wp-content\/uploads\/2025\/10\/01becd7fbe3701c1e6404a0ea879d230-150x150.png 150w, https:\/\/www.carliseppf.com\/wp-content\/uploads\/2025\/10\/01becd7fbe3701c1e6404a0ea879d230-768x768.png 768w, https:\/\/www.carliseppf.com\/wp-content\/uploads\/2025\/10\/01becd7fbe3701c1e6404a0ea879d230-370x370.png 370w, https:\/\/www.carliseppf.com\/wp-content\/uploads\/2025\/10\/01becd7fbe3701c1e6404a0ea879d230-120x120.png 120w, https:\/\/www.carliseppf.com\/wp-content\/uploads\/2025\/10\/01becd7fbe3701c1e6404a0ea879d230-410x410.png 410w, https:\/\/www.carliseppf.com\/wp-content\/uploads\/2025\/10\/01becd7fbe3701c1e6404a0ea879d230-630x630.png 630w, https:\/\/www.carliseppf.com\/wp-content\/uploads\/2025\/10\/01becd7fbe3701c1e6404a0ea879d230-730x730.png 730w, https:\/\/www.carliseppf.com\/wp-content\/uploads\/2025\/10\/01becd7fbe3701c1e6404a0ea879d230-460x460.png 460w\" sizes=\"(max-width: 800px) 100vw, 800px\" \/><\/h2>\n<\/li>\n<\/ul>\n<h2 data-start=\"1806\" data-end=\"1823\">Anwendungen<\/h2>\n<ul data-start=\"1824\" data-end=\"2014\">\n<li data-start=\"1824\" data-end=\"1877\">\n<p data-start=\"1826\" data-end=\"1877\">Vollfahrzeugfolierungen: Autos, SUVs, Motorr\u00e4der, Vans<\/p>\n<\/li>\n<li data-start=\"1878\" data-end=\"1928\">\n<p data-start=\"1880\" data-end=\"1928\">Teilfolierungen: Motorhauben, D\u00e4cher, Spiegel, Spoiler<\/p>\n<\/li>\n<li data-start=\"1929\" data-end=\"1969\">\n<p data-start=\"1931\" data-end=\"1969\">Innenverkleidungen und Dekorationspaneele<\/p>\n<\/li>\n<li data-start=\"1970\" data-end=\"2014\">\n<p data-start=\"1972\" data-end=\"2014\">Ideal f\u00fcr <strong data-start=\"1982\" data-end=\"2003\">PPF-Folie f\u00fcr Autos<\/strong> Projekte<\/p>\n<\/li>\n<li data-start=\"1970\" data-end=\"2014\">\n<p data-start=\"1972\" data-end=\"2014\"><img loading=\"lazy\" decoding=\"async\" class=\"alignnone size-full wp-image-9227\" src=\"https:\/\/www.carliseppf.com\/wp-content\/uploads\/2025\/10\/f750cf0c4f17ae72bfa5415666b22bd5.png\" alt=\"\" width=\"800\" height=\"800\" srcset=\"https:\/\/www.carliseppf.com\/wp-content\/uploads\/2025\/10\/f750cf0c4f17ae72bfa5415666b22bd5.png 800w, https:\/\/www.carliseppf.com\/wp-content\/uploads\/2025\/10\/f750cf0c4f17ae72bfa5415666b22bd5-300x300.png 300w, https:\/\/www.carliseppf.com\/wp-content\/uploads\/2025\/10\/f750cf0c4f17ae72bfa5415666b22bd5-150x150.png 150w, https:\/\/www.carliseppf.com\/wp-content\/uploads\/2025\/10\/f750cf0c4f17ae72bfa5415666b22bd5-768x768.png 768w, https:\/\/www.carliseppf.com\/wp-content\/uploads\/2025\/10\/f750cf0c4f17ae72bfa5415666b22bd5-370x370.png 370w, https:\/\/www.carliseppf.com\/wp-content\/uploads\/2025\/10\/f750cf0c4f17ae72bfa5415666b22bd5-120x120.png 120w, https:\/\/www.carliseppf.com\/wp-content\/uploads\/2025\/10\/f750cf0c4f17ae72bfa5415666b22bd5-410x410.png 410w, https:\/\/www.carliseppf.com\/wp-content\/uploads\/2025\/10\/f750cf0c4f17ae72bfa5415666b22bd5-630x630.png 630w, https:\/\/www.carliseppf.com\/wp-content\/uploads\/2025\/10\/f750cf0c4f17ae72bfa5415666b22bd5-730x730.png 730w, https:\/\/www.carliseppf.com\/wp-content\/uploads\/2025\/10\/f750cf0c4f17ae72bfa5415666b22bd5-460x460.png 460w\" sizes=\"(max-width: 800px) 100vw, 800px\" \/><\/p>\n<\/li>\n<\/ul>\n<h2 data-start=\"2016\" data-end=\"2035\">Hauptvorteile<\/h2>\n<ul data-start=\"2036\" data-end=\"2320\">\n<li data-start=\"2036\" data-end=\"2077\">\n<p data-start=\"2038\" data-end=\"2077\">Premium <strong data-start=\"2046\" data-end=\"2067\">PPF-Folie f\u00fcr Autos<\/strong> Qualit\u00e4t<\/p>\n<\/li>\n<li data-start=\"2078\" data-end=\"2139\">\n<p data-start=\"2080\" data-end=\"2139\">Selbstheilende, kratzfeste und farbwechselnde Technologie<\/p>\n<\/li>\n<li data-start=\"2140\" data-end=\"2194\">\n<p data-start=\"2142\" data-end=\"2194\">Direkt vom Hersteller, vollst\u00e4ndig anpassbar f\u00fcr Gro\u00dfbestellungen<\/p>\n<\/li>\n<li data-start=\"2195\" data-end=\"2258\">\n<p data-start=\"2197\" data-end=\"2258\">Einfache Installation f\u00fcr Heimwerker und professionelle Installateure<\/p>\n<\/li>\n<li data-start=\"2259\" data-end=\"2320\">\n<p data-start=\"2261\" data-end=\"2320\">Perfekt f\u00fcr Autowerkst\u00e4tten, Installateure und Enthusiasten<\/p>\n<\/li>\n<\/ul>\n<h2 data-start=\"2322\" data-end=\"2343\">Paket beinhaltet<\/h2>\n<ul data-start=\"2344\" data-end=\"2446\">\n<li data-start=\"2344\" data-end=\"2377\">\n<p data-start=\"2346\" data-end=\"2377\">1 Rolle TPU Chameleon Vinyl<\/p>\n<\/li>\n<li data-start=\"2378\" data-end=\"2446\">\n<p data-start=\"2380\" data-end=\"2446\">Optionales Installationswerkzeugset: Rakel, Klinge, Mikrofasertuch<\/p>\n<\/li>\n<\/ul>\n<h2 data-start=\"2448\" data-end=\"2477\">Warum dieses Produkt w\u00e4hlen?<\/h2>\n<p data-start=\"2478\" data-end=\"2774\">Direkt vom Hersteller <strong data-start=\"2498\" data-end=\"2519\">PPF-Folie f\u00fcr Autos<\/strong> liefert professionelle Qualit\u00e4t, lebendige farbwechselnde Oberfl\u00e4che und langlebigen Lackschutz. Vollst\u00e4ndig anpassbar f\u00fcr Gro\u00df- oder Einzelbestellungen, ideal f\u00fcr Monteure, Gro\u00dfh\u00e4ndler und Unternehmen, die Premium-Produkte anbieten. <strong data-start=\"2736\" data-end=\"2761\">Lackschutzfolie<\/strong> L\u00f6sungen anbieten.<\/p>\n<p>\u00a0 \u00a0 \u00a0<img loading=\"lazy\" decoding=\"async\" class=\"alignnone size-full wp-image-9226\" src=\"https:\/\/www.carliseppf.com\/wp-content\/uploads\/2025\/10\/a61982fcbcae63c8afe5e68eb1a17615.png\" alt=\"\" width=\"800\" height=\"800\" srcset=\"https:\/\/www.carliseppf.com\/wp-content\/uploads\/2025\/10\/a61982fcbcae63c8afe5e68eb1a17615.png 800w, https:\/\/www.carliseppf.com\/wp-content\/uploads\/2025\/10\/a61982fcbcae63c8afe5e68eb1a17615-300x300.png 300w, https:\/\/www.carliseppf.com\/wp-content\/uploads\/2025\/10\/a61982fcbcae63c8afe5e68eb1a17615-150x150.png 150w, https:\/\/www.carliseppf.com\/wp-content\/uploads\/2025\/10\/a61982fcbcae63c8afe5e68eb1a17615-768x768.png 768w, https:\/\/www.carliseppf.com\/wp-content\/uploads\/2025\/10\/a61982fcbcae63c8afe5e68eb1a17615-370x370.png 370w, https:\/\/www.carliseppf.com\/wp-content\/uploads\/2025\/10\/a61982fcbcae63c8afe5e68eb1a17615-120x120.png 120w, https:\/\/www.carliseppf.com\/wp-content\/uploads\/2025\/10\/a61982fcbcae63c8afe5e68eb1a17615-410x410.png 410w, https:\/\/www.carliseppf.com\/wp-content\/uploads\/2025\/10\/a61982fcbcae63c8afe5e68eb1a17615-630x630.png 630w, https:\/\/www.carliseppf.com\/wp-content\/uploads\/2025\/10\/a61982fcbcae63c8afe5e68eb1a17615-730x730.png 730w, https:\/\/www.carliseppf.com\/wp-content\/uploads\/2025\/10\/a61982fcbcae63c8afe5e68eb1a17615-460x460.png 460w\" sizes=\"(max-width: 800px) 100vw, 800px\" \/><\/p>","protected":false},"excerpt":{"rendered":"<p data-start=\"348\" data-end=\"633\">Verbessern Sie Ihr Fahrzeug mit dieser <strong data-start=\"379\" data-end=\"408\">hochwertiger PPF-Folienauftrag f\u00fcr Autos<\/strong> \u2013 TPU Chameleon Vinyl mit selbstheilenden, kratzfesten und farbwechselnden Effekten. Direkt ab Werk lieferbar, vollst\u00e4ndig anpassbar f\u00fcr Gro\u00dfbestellungen. Ideal f\u00fcr professionelle Monteure, Gro\u00dfh\u00e4ndler und Automobilenthusiasten.<\/p>","protected":false},"featured_media":9236,"comment_status":"open","ping_status":"closed","template":"","meta":[],"product_brand":[],"product_cat":[216],"product_tag":[],"class_list":{"0":"post-9235","1":"product","2":"type-product","3":"status-publish","4":"has-post-thumbnail","6":"product_cat-colored-ppf","8":"first","9":"instock","10":"shipping-taxable","11":"product-type-simple"},"_links":{"self":[{"href":"https:\/\/www.carliseppf.com\/de\/wp-json\/wp\/v2\/product\/9235","targetHints":{"allow":["GET"]}}],"collection":[{"href":"https:\/\/www.carliseppf.com\/de\/wp-json\/wp\/v2\/product"}],"about":[{"href":"https:\/\/www.carliseppf.com\/de\/wp-json\/wp\/v2\/types\/product"}],"replies":[{"embeddable":true,"href":"https:\/\/www.carliseppf.com\/de\/wp-json\/wp\/v2\/comments?post=9235"}],"wp:featuredmedia":[{"embeddable":true,"href":"https:\/\/www.carliseppf.com\/de\/wp-json\/wp\/v2\/media\/9236"}],"wp:attachment":[{"href":"https:\/\/www.carliseppf.com\/de\/wp-json\/wp\/v2\/media?parent=9235"}],"wp:term":[{"taxonomy":"product_brand","embeddable":true,"href":"https:\/\/www.carliseppf.com\/de\/wp-json\/wp\/v2\/product_brand?post=9235"},{"taxonomy":"product_cat","embeddable":true,"href":"https:\/\/www.carliseppf.com\/de\/wp-json\/wp\/v2\/product_cat?post=9235"},{"taxonomy":"product_tag","embeddable":true,"href":"https:\/\/www.carliseppf.com\/de\/wp-json\/wp\/v2\/product_tag?post=9235"}],"curies":[{"name":"wp","href":"https:\/\/api.w.org\/{rel}","templated":true}]}}