{"id":9237,"date":"2025-10-28T03:24:47","date_gmt":"2025-10-28T03:24:47","guid":{"rendered":"https:\/\/www.carliseppf.com\/?post_type=product&#038;p=9237"},"modified":"2025-11-21T02:51:28","modified_gmt":"2025-11-21T02:51:28","slug":"tinted-window-film-for-home-blue","status":"publish","type":"product","link":"https:\/\/www.carliseppf.com\/de\/product\/tinted-window-film-for-home-blue\/","title":{"rendered":"2mil Blaue Metallspiegel Reflexionsfolie \u2013 T\u00f6nungsfolie f\u00fcr Zuhause"},"content":{"rendered":"<h2 data-start=\"764\" data-end=\"783\">Produkt\u00fcbersicht<\/h2>\n<p data-start=\"785\" data-end=\"1076\">Dieses Premium- <strong data-start=\"798\" data-end=\"829\">Get\u00f6nte Fensterfolie f\u00fcr Zuhause<\/strong> Verwendet eine 2mil blaue Metallspiegelreflexschicht, um effektiven W\u00e4rmer\u00fccksto\u00df, Innensichtschutz und UV-Schutz zu bieten. Perfekt f\u00fcr Wohnfenster, B\u00fcrogeb\u00e4ude, Winterg\u00e4rten und Glasw\u00e4nde, die ein stilvolles reflektierendes Erscheinungsbild erfordern.<\/p>\n<h2 data-start=\"1078\" data-end=\"1100\">Merkmale &amp; Vorteile<\/h2>\n<ul data-start=\"1102\" data-end=\"1455\">\n<li data-start=\"1102\" data-end=\"1154\">\n<p data-start=\"1104\" data-end=\"1154\">Hochleistung <strong data-start=\"1121\" data-end=\"1152\">Get\u00f6nte Fensterfolie f\u00fcr Zuhause<\/strong><\/p>\n<\/li>\n<li data-start=\"1155\" data-end=\"1224\">\n<p data-start=\"1157\" data-end=\"1224\">2mil Dicke f\u00fcr St\u00e4rke, Haltbarkeit und langanhaltende Klarheit<\/p>\n<\/li>\n<li data-start=\"1225\" data-end=\"1285\">\n<p data-start=\"1227\" data-end=\"1285\">Blauer reflektierender Spiegelfinish f\u00fcr Privatsph\u00e4re tags\u00fcber<\/p>\n<\/li>\n<li data-start=\"1286\" data-end=\"1330\">\n<p data-start=\"1288\" data-end=\"1330\">Reduziert Hitze, Blendung und sch\u00e4dliche UV-Strahlen<\/p>\n<\/li>\n<li data-start=\"1331\" data-end=\"1380\">\n<p data-start=\"1333\" data-end=\"1380\">Selbstklebende Struktur f\u00fcr einfache Installation<\/p>\n<\/li>\n<li data-start=\"1381\" data-end=\"1455\">\n<p data-start=\"1383\" data-end=\"1455\">Ideal f\u00fcr vollst\u00e4ndiges Haus-T\u00f6nung, Raumaufwertung und Energieeinsparung im Geb\u00e4ude<\/p>\n<\/li>\n<\/ul>\n<h2 data-start=\"1457\" data-end=\"1478\">Material &amp; Qualit\u00e4t<\/h2>\n<ul data-start=\"1480\" data-end=\"1679\">\n<li data-start=\"1480\" data-end=\"1509\">\n<p data-start=\"1482\" data-end=\"1509\">Robustes PET-Grundmaterial<\/p>\n<\/li>\n<li data-start=\"1510\" data-end=\"1569\">\n<p data-start=\"1512\" data-end=\"1569\">Metallisierte Reflexbeschichtung f\u00fcr maximale W\u00e4rmer\u00fcckweisung<\/p>\n<\/li>\n<li data-start=\"1570\" data-end=\"1594\">\n<p data-start=\"1572\" data-end=\"1594\">Anti-Kratz-Oberfl\u00e4che<\/p>\n<\/li>\n<li data-start=\"1595\" data-end=\"1629\">\n<p data-start=\"1597\" data-end=\"1629\">Stabile Farbe, nicht leicht verblassend<\/p>\n<\/li>\n<li data-start=\"1630\" data-end=\"1679\">\n<p data-start=\"1632\" data-end=\"1679\">Sicher f\u00fcr alle Innen- und Au\u00dfenfenster aus Glas<\/p>\n<\/li>\n<\/ul>\n<h2 data-start=\"1681\" data-end=\"1712\">Installation &amp; Anpassung<\/h2>\n<ul data-start=\"1714\" data-end=\"1950\">\n<li data-start=\"1714\" data-end=\"1773\">\n<p data-start=\"1716\" data-end=\"1773\">Selbstklebendes Design f\u00fcr schnelle, blasenfreie Installation<\/p>\n<\/li>\n<li data-start=\"1774\" data-end=\"1830\">\n<p data-start=\"1776\" data-end=\"1830\">Unterst\u00fctzt das Zuschneiden auf individuelle Gr\u00f6\u00dfen f\u00fcr Heimwerker<\/p>\n<\/li>\n<li data-start=\"1831\" data-end=\"1889\">\n<p data-start=\"1833\" data-end=\"1889\">Verf\u00fcgbar f\u00fcr Gro\u00dfbestellungen oder OEM-Markenanpassung<\/p>\n<\/li>\n<li data-start=\"1890\" data-end=\"1950\">\n<p data-start=\"1892\" data-end=\"1950\">Geeignet f\u00fcr professionelle Auftragnehmer und Heimwerker<\/p>\n<\/li>\n<\/ul>\n<h2 data-start=\"1952\" data-end=\"1967\">Anwendungen<\/h2>\n<ul data-start=\"1969\" data-end=\"2161\">\n<li data-start=\"1969\" data-end=\"2018\">\n<p data-start=\"1971\" data-end=\"2018\">Hausfenster (Wohnzimmer, Schlafzimmer, K\u00fcche)<\/p>\n<\/li>\n<li data-start=\"2019\" data-end=\"2060\">\n<p data-start=\"2021\" data-end=\"2060\">Mehrfamilienh\u00e4user und Balkonverglasung<\/p>\n<\/li>\n<li data-start=\"2061\" data-end=\"2101\">\n<p data-start=\"2063\" data-end=\"2101\">B\u00fcroglasscheiben und Winterg\u00e4rten<\/p>\n<\/li>\n<li data-start=\"2102\" data-end=\"2161\">\n<p data-start=\"2104\" data-end=\"2161\">Gewerbliche Schaufenster, die W\u00e4rme- und Privatsph\u00e4renkontrolle ben\u00f6tigen<\/p>\n<\/li>\n<\/ul>\n<h2 data-start=\"2163\" data-end=\"2180\">Hauptvorteile<\/h2>\n<ul data-start=\"2182\" data-end=\"2387\">\n<li data-start=\"2182\" data-end=\"2230\">\n<p data-start=\"2184\" data-end=\"2230\">Direktversorgung vom Hersteller mit Gro\u00dfhandelspreisen<\/p>\n<\/li>\n<li data-start=\"2231\" data-end=\"2285\">\n<p data-start=\"2233\" data-end=\"2285\">Professionelle Qualit\u00e4t <strong data-start=\"2252\" data-end=\"2283\">Get\u00f6nte Fensterfolie f\u00fcr Zuhause<\/strong><\/p>\n<\/li>\n<li data-start=\"2286\" data-end=\"2341\">\n<p data-start=\"2288\" data-end=\"2341\">Energieeffizienz durch Reduzierung des W\u00e4rmetransfers<\/p>\n<\/li>\n<li data-start=\"2342\" data-end=\"2387\">\n<p data-start=\"2344\" data-end=\"2387\">Verbessert den Innenkomfort und reduziert Blendung<\/p>\n<\/li>\n<\/ul>\n<h2 data-start=\"2389\" data-end=\"2408\">Paket beinhaltet<\/h2>\n<ul data-start=\"2410\" data-end=\"2523\">\n<li data-start=\"2410\" data-end=\"2462\">\n<p data-start=\"2412\" data-end=\"2462\">1 Rolle mit 2mil blauer Metallspiegel-Reflexionsfolie<\/p>\n<\/li>\n<li data-start=\"2463\" data-end=\"2523\">\n<p data-start=\"2465\" data-end=\"2523\">Optionale Werkzeuge: Spachtel, Universalmesser, Mikrofaser-Tuch<\/p>\n<\/li>\n<\/ul>\n<h2 data-start=\"2525\" data-end=\"2552\">Warum dieses Produkt w\u00e4hlen?<\/h2>\n<p data-start=\"2554\" data-end=\"2846\">Diese hochwertige <strong data-start=\"2572\" data-end=\"2603\">Get\u00f6nte Fensterfolie f\u00fcr Zuhause<\/strong> Steigert die Privatsph\u00e4re, blockiert UV-Strahlen und reduziert die Innentemperatur, w\u00e4hrend es Ihren Fenstern ein modernes bl\u00e4uliches Reflexionsbild verleiht. Ideal f\u00fcr Hausbesitzer, Auftragnehmer und H\u00e4ndler, die langlebige und effektive Fensterfolien suchen.<\/p>\n<p><img fetchpriority=\"high\" decoding=\"async\" class=\"alignnone wp-image-9238 size-full\" src=\"https:\/\/www.carliseppf.com\/wp-content\/uploads\/2025\/10\/21c2474754971abd3a65c3f8ad26a494.png\" alt=\"Blau get\u00f6nte Fenstfolie f\u00fcr die Heiminstallation\" width=\"800\" height=\"800\" srcset=\"https:\/\/www.carliseppf.com\/wp-content\/uploads\/2025\/10\/21c2474754971abd3a65c3f8ad26a494.png 800w, https:\/\/www.carliseppf.com\/wp-content\/uploads\/2025\/10\/21c2474754971abd3a65c3f8ad26a494-300x300.png 300w, https:\/\/www.carliseppf.com\/wp-content\/uploads\/2025\/10\/21c2474754971abd3a65c3f8ad26a494-150x150.png 150w, https:\/\/www.carliseppf.com\/wp-content\/uploads\/2025\/10\/21c2474754971abd3a65c3f8ad26a494-768x768.png 768w, https:\/\/www.carliseppf.com\/wp-content\/uploads\/2025\/10\/21c2474754971abd3a65c3f8ad26a494-370x370.png 370w, https:\/\/www.carliseppf.com\/wp-content\/uploads\/2025\/10\/21c2474754971abd3a65c3f8ad26a494-120x120.png 120w, https:\/\/www.carliseppf.com\/wp-content\/uploads\/2025\/10\/21c2474754971abd3a65c3f8ad26a494-410x410.png 410w, https:\/\/www.carliseppf.com\/wp-content\/uploads\/2025\/10\/21c2474754971abd3a65c3f8ad26a494-630x630.png 630w, https:\/\/www.carliseppf.com\/wp-content\/uploads\/2025\/10\/21c2474754971abd3a65c3f8ad26a494-730x730.png 730w, https:\/\/www.carliseppf.com\/wp-content\/uploads\/2025\/10\/21c2474754971abd3a65c3f8ad26a494-460x460.png 460w\" sizes=\"(max-width: 800px) 100vw, 800px\" \/><img decoding=\"async\" class=\"alignnone wp-image-9240 size-full\" src=\"https:\/\/www.carliseppf.com\/wp-content\/uploads\/2025\/10\/9b3864f3bb428a8f203f9cbce2f171c5.png\" alt=\"Reflektierende get\u00f6nte Fenstfolie zur W\u00e4rmereduktion im Haus\" width=\"800\" height=\"800\" srcset=\"https:\/\/www.carliseppf.com\/wp-content\/uploads\/2025\/10\/9b3864f3bb428a8f203f9cbce2f171c5.png 800w, https:\/\/www.carliseppf.com\/wp-content\/uploads\/2025\/10\/9b3864f3bb428a8f203f9cbce2f171c5-300x300.png 300w, https:\/\/www.carliseppf.com\/wp-content\/uploads\/2025\/10\/9b3864f3bb428a8f203f9cbce2f171c5-150x150.png 150w, https:\/\/www.carliseppf.com\/wp-content\/uploads\/2025\/10\/9b3864f3bb428a8f203f9cbce2f171c5-768x768.png 768w, https:\/\/www.carliseppf.com\/wp-content\/uploads\/2025\/10\/9b3864f3bb428a8f203f9cbce2f171c5-370x370.png 370w, https:\/\/www.carliseppf.com\/wp-content\/uploads\/2025\/10\/9b3864f3bb428a8f203f9cbce2f171c5-120x120.png 120w, https:\/\/www.carliseppf.com\/wp-content\/uploads\/2025\/10\/9b3864f3bb428a8f203f9cbce2f171c5-410x410.png 410w, https:\/\/www.carliseppf.com\/wp-content\/uploads\/2025\/10\/9b3864f3bb428a8f203f9cbce2f171c5-630x630.png 630w, https:\/\/www.carliseppf.com\/wp-content\/uploads\/2025\/10\/9b3864f3bb428a8f203f9cbce2f171c5-730x730.png 730w, https:\/\/www.carliseppf.com\/wp-content\/uploads\/2025\/10\/9b3864f3bb428a8f203f9cbce2f171c5-460x460.png 460w\" sizes=\"(max-width: 800px) 100vw, 800px\" \/> <img decoding=\"async\" class=\"alignnone wp-image-9241 size-full\" src=\"https:\/\/www.carliseppf.com\/wp-content\/uploads\/2025\/10\/5721d5f39a690d6b6ccea21ad76a74a8.png\" alt=\"Blaue Spiegel-Fenstfolie f\u00fcr den Privatsph\u00e4renschutz im Zuhause\" width=\"800\" height=\"800\" srcset=\"https:\/\/www.carliseppf.com\/wp-content\/uploads\/2025\/10\/5721d5f39a690d6b6ccea21ad76a74a8.png 800w, https:\/\/www.carliseppf.com\/wp-content\/uploads\/2025\/10\/5721d5f39a690d6b6ccea21ad76a74a8-300x300.png 300w, https:\/\/www.carliseppf.com\/wp-content\/uploads\/2025\/10\/5721d5f39a690d6b6ccea21ad76a74a8-150x150.png 150w, https:\/\/www.carliseppf.com\/wp-content\/uploads\/2025\/10\/5721d5f39a690d6b6ccea21ad76a74a8-768x768.png 768w, https:\/\/www.carliseppf.com\/wp-content\/uploads\/2025\/10\/5721d5f39a690d6b6ccea21ad76a74a8-370x370.png 370w, https:\/\/www.carliseppf.com\/wp-content\/uploads\/2025\/10\/5721d5f39a690d6b6ccea21ad76a74a8-120x120.png 120w, https:\/\/www.carliseppf.com\/wp-content\/uploads\/2025\/10\/5721d5f39a690d6b6ccea21ad76a74a8-410x410.png 410w, https:\/\/www.carliseppf.com\/wp-content\/uploads\/2025\/10\/5721d5f39a690d6b6ccea21ad76a74a8-630x630.png 630w, https:\/\/www.carliseppf.com\/wp-content\/uploads\/2025\/10\/5721d5f39a690d6b6ccea21ad76a74a8-730x730.png 730w, https:\/\/www.carliseppf.com\/wp-content\/uploads\/2025\/10\/5721d5f39a690d6b6ccea21ad76a74a8-460x460.png 460w\" sizes=\"(max-width: 800px) 100vw, 800px\" \/> <img loading=\"lazy\" decoding=\"async\" class=\"alignnone wp-image-9242 size-full\" src=\"https:\/\/www.carliseppf.com\/wp-content\/uploads\/2025\/10\/decb15c6ed8229b31b65ca884eace8d1.png\" alt=\"Wohnungsglas mit blauer get\u00f6nter Fenstfolie f\u00fcr das Zuhause\" width=\"800\" height=\"800\" srcset=\"https:\/\/www.carliseppf.com\/wp-content\/uploads\/2025\/10\/decb15c6ed8229b31b65ca884eace8d1.png 800w, https:\/\/www.carliseppf.com\/wp-content\/uploads\/2025\/10\/decb15c6ed8229b31b65ca884eace8d1-300x300.png 300w, https:\/\/www.carliseppf.com\/wp-content\/uploads\/2025\/10\/decb15c6ed8229b31b65ca884eace8d1-150x150.png 150w, https:\/\/www.carliseppf.com\/wp-content\/uploads\/2025\/10\/decb15c6ed8229b31b65ca884eace8d1-768x768.png 768w, https:\/\/www.carliseppf.com\/wp-content\/uploads\/2025\/10\/decb15c6ed8229b31b65ca884eace8d1-370x370.png 370w, https:\/\/www.carliseppf.com\/wp-content\/uploads\/2025\/10\/decb15c6ed8229b31b65ca884eace8d1-120x120.png 120w, https:\/\/www.carliseppf.com\/wp-content\/uploads\/2025\/10\/decb15c6ed8229b31b65ca884eace8d1-410x410.png 410w, https:\/\/www.carliseppf.com\/wp-content\/uploads\/2025\/10\/decb15c6ed8229b31b65ca884eace8d1-630x630.png 630w, https:\/\/www.carliseppf.com\/wp-content\/uploads\/2025\/10\/decb15c6ed8229b31b65ca884eace8d1-730x730.png 730w, https:\/\/www.carliseppf.com\/wp-content\/uploads\/2025\/10\/decb15c6ed8229b31b65ca884eace8d1-460x460.png 460w\" sizes=\"(max-width: 800px) 100vw, 800px\" \/><\/p>","protected":false},"excerpt":{"rendered":"<p>Hochwertig <strong data-start=\"485\" data-end=\"516\">Get\u00f6nte Fensterfolie f\u00fcr Zuhause<\/strong> Hergestellt mit 2mil blauem Metallspiegelspiegelreflexmaterial. Entwickelt f\u00fcr W\u00e4rmed\u00e4mmung, Privatsph\u00e4reschutz und UV-Blockierung. Ideal f\u00fcr Wohngeb\u00e4ude, B\u00fcros und Gesch\u00e4ftsr\u00e4ume, unterst\u00fctzt Gro\u00dfhandels- und individuelle Rollgr\u00f6\u00dfen.<\/p>","protected":false},"featured_media":9239,"comment_status":"open","ping_status":"closed","template":"","meta":[],"product_brand":[],"product_cat":[218],"product_tag":[],"class_list":{"0":"post-9237","1":"product","2":"type-product","3":"status-publish","4":"has-post-thumbnail","6":"product_cat-architectural-window-film","8":"first","9":"instock","10":"shipping-taxable","11":"product-type-simple"},"_links":{"self":[{"href":"https:\/\/www.carliseppf.com\/de\/wp-json\/wp\/v2\/product\/9237","targetHints":{"allow":["GET"]}}],"collection":[{"href":"https:\/\/www.carliseppf.com\/de\/wp-json\/wp\/v2\/product"}],"about":[{"href":"https:\/\/www.carliseppf.com\/de\/wp-json\/wp\/v2\/types\/product"}],"replies":[{"embeddable":true,"href":"https:\/\/www.carliseppf.com\/de\/wp-json\/wp\/v2\/comments?post=9237"}],"wp:featuredmedia":[{"embeddable":true,"href":"https:\/\/www.carliseppf.com\/de\/wp-json\/wp\/v2\/media\/9239"}],"wp:attachment":[{"href":"https:\/\/www.carliseppf.com\/de\/wp-json\/wp\/v2\/media?parent=9237"}],"wp:term":[{"taxonomy":"product_brand","embeddable":true,"href":"https:\/\/www.carliseppf.com\/de\/wp-json\/wp\/v2\/product_brand?post=9237"},{"taxonomy":"product_cat","embeddable":true,"href":"https:\/\/www.carliseppf.com\/de\/wp-json\/wp\/v2\/product_cat?post=9237"},{"taxonomy":"product_tag","embeddable":true,"href":"https:\/\/www.carliseppf.com\/de\/wp-json\/wp\/v2\/product_tag?post=9237"}],"curies":[{"name":"wp","href":"https:\/\/api.w.org\/{rel}","templated":true}]}}