{"id":9243,"date":"2025-10-28T03:29:17","date_gmt":"2025-10-28T03:29:17","guid":{"rendered":"https:\/\/www.carliseppf.com\/?post_type=product&#038;p=9243"},"modified":"2025-11-21T02:46:36","modified_gmt":"2025-11-21T02:46:36","slug":"commercial-window-tint-golden-film","status":"publish","type":"product","link":"https:\/\/www.carliseppf.com\/de\/product\/commercial-window-tint-golden-film\/","title":{"rendered":"2mil Goldene Metallspiegel Reflexionsfolie \u2013 L\u00f6sung f\u00fcr gewerbliche Fensterbeschichtungen"},"content":{"rendered":"<h2 data-start=\"764\" data-end=\"783\">Produkt\u00fcbersicht<\/h2>\n<p data-start=\"785\" data-end=\"1163\">Dieses <strong data-start=\"790\" data-end=\"816\">Gewerbliche Fensterfolie<\/strong> ist mit einer 2mil goldenen Metallspiegelschicht ausgestattet, die au\u00dfergew\u00f6hnliche Reflexion, W\u00e4rmed\u00e4mmung und Privatsph\u00e4re f\u00fcr Gesch\u00e4ftsgeb\u00e4ude bietet. Ideal f\u00fcr B\u00fcrohochh\u00e4user, Einzelhandelsgesch\u00e4fte, Glasw\u00e4nde und Wohnh\u00e4user, die energieeffiziente Leistung suchen. Das selbstklebende R\u00fcckenteil sorgt f\u00fcr eine schnelle und effiziente Installation auf gro\u00dfen Glasfl\u00e4chen.<\/p>\n<h2 style=\"color: #ffffff; font-family: Manrope, sans-serif; font-size: 47.005px; font-weight: 600; font-style: normal; line-height: 47.9921px; text-decoration: none; text-transform: none; letter-spacing: normal; margin-top: 31.4934px; margin-bottom: 22.5624px; outline: 0px;\" data-start=\"1170\" data-end=\"1192\"><img fetchpriority=\"high\" decoding=\"async\" class=\"alignnone wp-image-9238 size-full\" style=\"color: #c0c0c1; font-size: 17px; font-weight: 400;\" src=\"https:\/\/www.carliseppf.com\/wp-content\/uploads\/2025\/10\/21c2474754971abd3a65c3f8ad26a494.png\" alt=\"Installation von goldener gewerblicher Fensterfolie mit Reflexionseffekt\" width=\"800\" height=\"800\" srcset=\"https:\/\/www.carliseppf.com\/wp-content\/uploads\/2025\/10\/21c2474754971abd3a65c3f8ad26a494.png 800w, https:\/\/www.carliseppf.com\/wp-content\/uploads\/2025\/10\/21c2474754971abd3a65c3f8ad26a494-300x300.png 300w, https:\/\/www.carliseppf.com\/wp-content\/uploads\/2025\/10\/21c2474754971abd3a65c3f8ad26a494-150x150.png 150w, https:\/\/www.carliseppf.com\/wp-content\/uploads\/2025\/10\/21c2474754971abd3a65c3f8ad26a494-768x768.png 768w, https:\/\/www.carliseppf.com\/wp-content\/uploads\/2025\/10\/21c2474754971abd3a65c3f8ad26a494-370x370.png 370w, https:\/\/www.carliseppf.com\/wp-content\/uploads\/2025\/10\/21c2474754971abd3a65c3f8ad26a494-120x120.png 120w, https:\/\/www.carliseppf.com\/wp-content\/uploads\/2025\/10\/21c2474754971abd3a65c3f8ad26a494-410x410.png 410w, https:\/\/www.carliseppf.com\/wp-content\/uploads\/2025\/10\/21c2474754971abd3a65c3f8ad26a494-630x630.png 630w, https:\/\/www.carliseppf.com\/wp-content\/uploads\/2025\/10\/21c2474754971abd3a65c3f8ad26a494-730x730.png 730w, https:\/\/www.carliseppf.com\/wp-content\/uploads\/2025\/10\/21c2474754971abd3a65c3f8ad26a494-460x460.png 460w\" sizes=\"(max-width: 800px) 100vw, 800px\" \/><\/h2>\n<hr data-start=\"1165\" data-end=\"1168\" \/>\n<h2 data-start=\"1170\" data-end=\"1192\">Merkmale &amp; Vorteile<\/h2>\n<ul data-start=\"1194\" data-end=\"1582\">\n<li data-start=\"1194\" data-end=\"1253\">\n<p data-start=\"1196\" data-end=\"1253\">Hochleistung <strong data-start=\"1213\" data-end=\"1239\">Gewerbliche Fensterfolie<\/strong> f\u00fcr Geb\u00e4ude<\/p>\n<\/li>\n<li data-start=\"1254\" data-end=\"1309\">\n<p data-start=\"1256\" data-end=\"1309\">2mil Dicke mit goldener metallischer Spiegelfl\u00e4che<\/p>\n<\/li>\n<li data-start=\"1310\" data-end=\"1363\">\n<p data-start=\"1312\" data-end=\"1363\">Starker Hitzeschutz f\u00fcr niedrigere Innentemperaturen<\/p>\n<\/li>\n<li data-start=\"1364\" data-end=\"1417\">\n<p data-start=\"1366\" data-end=\"1417\">Ausgezeichnete Privatsph\u00e4re bei Tag und Blendungsreduzierung<\/p>\n<\/li>\n<li data-start=\"1418\" data-end=\"1479\">\n<p data-start=\"1420\" data-end=\"1479\">Blockiert sch\u00e4dliche UV-Strahlen zum Schutz von Innenr\u00e4umen und Einrichtungsgegenst\u00e4nden<\/p>\n<\/li>\n<li data-start=\"1480\" data-end=\"1525\">\n<p data-start=\"1482\" data-end=\"1525\">Selbstklebendes R\u00fcckenteil f\u00fcr einfache Installation<\/p>\n<\/li>\n<li data-start=\"1526\" data-end=\"1582\">\n<p data-start=\"1528\" data-end=\"1582\">Geeignet f\u00fcr gro\u00dfe gewerbliche und private Projekte<\/p>\n<\/li>\n<\/ul>\n<hr data-start=\"1584\" data-end=\"1587\" \/>\n<h2 data-start=\"1589\" data-end=\"1610\">Material &amp; Qualit\u00e4t<\/h2>\n<ul data-start=\"1612\" data-end=\"1825\">\n<li data-start=\"1612\" data-end=\"1652\">\n<p data-start=\"1614\" data-end=\"1652\">2mil langlebige metallisierte PET-Struktur<\/p>\n<\/li>\n<li data-start=\"1653\" data-end=\"1703\">\n<p data-start=\"1655\" data-end=\"1703\">Goldene reflektierende Beschichtung f\u00fcr hochwertige \u00c4sthetik<\/p>\n<\/li>\n<li data-start=\"1704\" data-end=\"1757\">\n<p data-start=\"1706\" data-end=\"1757\">Lang anhaltende Haftung mit fade-resistenter Oberfl\u00e4che<\/p>\n<\/li>\n<li data-start=\"1758\" data-end=\"1825\">\n<p data-start=\"1760\" data-end=\"1825\">Wetterbest\u00e4ndige Leistung f\u00fcr Innen- und Au\u00dfenanwendungen<\/p>\n<\/li>\n<\/ul>\n<hr data-start=\"1827\" data-end=\"1830\" \/>\n<h2 data-start=\"1832\" data-end=\"1863\">Installation &amp; Anpassung<\/h2>\n<ul data-start=\"1865\" data-end=\"2111\">\n<li data-start=\"1865\" data-end=\"1917\">\n<p data-start=\"1867\" data-end=\"1917\">Selbstklebendes Design\u2014keine zus\u00e4tzliche Klebstoffe erforderlich<\/p>\n<\/li>\n<li data-start=\"1918\" data-end=\"1984\">\n<p data-start=\"1920\" data-end=\"1984\">Glatte Anwendung f\u00fcr Glasw\u00e4nde, B\u00fcrofenster, Schaufenster<\/p>\n<\/li>\n<li data-start=\"1985\" data-end=\"2046\">\n<p data-start=\"1987\" data-end=\"2046\">Kann auf individuelle Gr\u00f6\u00dfen zugeschnitten werden f\u00fcr gro\u00dfe Ingenieurprojekte<\/p>\n<\/li>\n<li data-start=\"2047\" data-end=\"2111\">\n<p data-start=\"2049\" data-end=\"2111\">Ideal f\u00fcr Bauunternehmen und Installateure im gewerblichen Bereich<\/p>\n<\/li>\n<\/ul>\n<hr data-start=\"2113\" data-end=\"2116\" \/>\n<h2 data-start=\"2118\" data-end=\"2133\">Anwendungen<\/h2>\n<p data-start=\"2135\" data-end=\"2183\">Dieses <strong data-start=\"2140\" data-end=\"2166\">Gewerbliche Fensterfolie<\/strong> ist geeignet f\u00fcr:<\/p>\n<ul data-start=\"2185\" data-end=\"2379\">\n<li data-start=\"2185\" data-end=\"2212\">\n<p data-start=\"2187\" data-end=\"2212\">Fenster von B\u00fcrogeb\u00e4uden<\/p>\n<\/li>\n<li data-start=\"2213\" data-end=\"2236\">\n<p data-start=\"2215\" data-end=\"2236\">Glass-Vorhangfassaden<\/p>\n<\/li>\n<li data-start=\"2237\" data-end=\"2265\">\n<p data-start=\"2239\" data-end=\"2265\">Wohnungst\u00fcrenfenster<\/p>\n<\/li>\n<li data-start=\"2266\" data-end=\"2288\">\n<p data-start=\"2268\" data-end=\"2288\">Einzelhandelsfassaden<\/p>\n<\/li>\n<li data-start=\"2289\" data-end=\"2324\">\n<p data-start=\"2291\" data-end=\"2324\">Hotel- und Gesch\u00e4ftseinrichtungen<\/p>\n<\/li>\n<li data-start=\"2325\" data-end=\"2379\">\n<p data-start=\"2327\" data-end=\"2379\">Winterg\u00e4rten, Balkone und Innenglasw\u00e4nde<\/p>\n<\/li>\n<\/ul>\n<hr data-start=\"2381\" data-end=\"2384\" \/>\n<h2 data-start=\"2386\" data-end=\"2403\">Hauptvorteile<\/h2>\n<ul data-start=\"2405\" data-end=\"2655\">\n<li data-start=\"2405\" data-end=\"2461\">\n<p data-start=\"2407\" data-end=\"2461\">Verbessert das Erscheinungsbild des Geb\u00e4udes mit Goldspiegel-Effekt<\/p>\n<\/li>\n<li data-start=\"2462\" data-end=\"2514\">\n<p data-start=\"2464\" data-end=\"2514\">Senkt die Energiekosten durch Reduzierung der W\u00e4rme\u00fcbertragung<\/p>\n<\/li>\n<li data-start=\"2515\" data-end=\"2558\">\n<p data-start=\"2517\" data-end=\"2558\">Sch\u00fctzt die Privatsph\u00e4re mit hoher Reflexion<\/p>\n<\/li>\n<li data-start=\"2559\" data-end=\"2605\">\n<p data-start=\"2561\" data-end=\"2605\">Ausgezeichnete Langlebigkeit und Wetterbest\u00e4ndigkeit<\/p>\n<\/li>\n<li data-start=\"2606\" data-end=\"2655\">\n<p data-start=\"2608\" data-end=\"2655\">Direktlieferung vom Werk f\u00fcr Gro\u00df- und OEM-Bestellungen<\/p>\n<\/li>\n<\/ul>\n<hr data-start=\"2657\" data-end=\"2660\" \/>\n<h2 data-start=\"2662\" data-end=\"2681\">Paket beinhaltet<\/h2>\n<ul data-start=\"2683\" data-end=\"2809\">\n<li data-start=\"2683\" data-end=\"2737\">\n<p data-start=\"2685\" data-end=\"2737\">1 Rolle 2mil Goldene Metallspiegel-Reflexionsfolie<\/p>\n<\/li>\n<li data-start=\"2738\" data-end=\"2809\">\n<p data-start=\"2740\" data-end=\"2809\">Optionale Werkzeuge: Gummischieber, Trimmmesser, Installationsspr\u00fchflasche<\/p>\n<\/li>\n<\/ul>\n<hr data-start=\"2811\" data-end=\"2814\" \/>\n<h2 data-start=\"2816\" data-end=\"2843\">Warum dieses Produkt w\u00e4hlen?<\/h2>\n<p data-start=\"2845\" data-end=\"3124\">Dieses Premium- <strong data-start=\"2858\" data-end=\"2884\">Gewerbliche Fensterfolie<\/strong> Bietet eine Kombination aus stilvoller Goldreflexion, leistungsstarker W\u00e4rmeregelung und langlebiger Leistung. Entwickelt f\u00fcr Architekten, Auftragnehmer und gewerbliche Installateure, die zuverl\u00e4ssige und optisch beeindruckende Fenstermateriall\u00f6sungen suchen.<\/p>\n<p>\u00a0<img decoding=\"async\" class=\"alignnone wp-image-9240 size-full\" src=\"https:\/\/www.carliseppf.com\/wp-content\/uploads\/2025\/10\/9b3864f3bb428a8f203f9cbce2f171c5.png\" alt=\"2mil metallischer Spiegel-Gewerbefensterfolie f\u00fcr Geb\u00e4ude\" width=\"800\" height=\"800\" srcset=\"https:\/\/www.carliseppf.com\/wp-content\/uploads\/2025\/10\/9b3864f3bb428a8f203f9cbce2f171c5.png 800w, https:\/\/www.carliseppf.com\/wp-content\/uploads\/2025\/10\/9b3864f3bb428a8f203f9cbce2f171c5-300x300.png 300w, https:\/\/www.carliseppf.com\/wp-content\/uploads\/2025\/10\/9b3864f3bb428a8f203f9cbce2f171c5-150x150.png 150w, https:\/\/www.carliseppf.com\/wp-content\/uploads\/2025\/10\/9b3864f3bb428a8f203f9cbce2f171c5-768x768.png 768w, https:\/\/www.carliseppf.com\/wp-content\/uploads\/2025\/10\/9b3864f3bb428a8f203f9cbce2f171c5-370x370.png 370w, https:\/\/www.carliseppf.com\/wp-content\/uploads\/2025\/10\/9b3864f3bb428a8f203f9cbce2f171c5-120x120.png 120w, https:\/\/www.carliseppf.com\/wp-content\/uploads\/2025\/10\/9b3864f3bb428a8f203f9cbce2f171c5-410x410.png 410w, https:\/\/www.carliseppf.com\/wp-content\/uploads\/2025\/10\/9b3864f3bb428a8f203f9cbce2f171c5-630x630.png 630w, https:\/\/www.carliseppf.com\/wp-content\/uploads\/2025\/10\/9b3864f3bb428a8f203f9cbce2f171c5-730x730.png 730w, https:\/\/www.carliseppf.com\/wp-content\/uploads\/2025\/10\/9b3864f3bb428a8f203f9cbce2f171c5-460x460.png 460w\" sizes=\"(max-width: 800px) 100vw, 800px\" \/> <img decoding=\"async\" class=\"alignnone wp-image-9241 size-full\" src=\"https:\/\/www.carliseppf.com\/wp-content\/uploads\/2025\/10\/5721d5f39a690d6b6ccea21ad76a74a8.png\" alt=\"Goldene Spiegelfensterfolie f\u00fcr gewerbliche Glasw\u00e4nde\" width=\"800\" height=\"800\" srcset=\"https:\/\/www.carliseppf.com\/wp-content\/uploads\/2025\/10\/5721d5f39a690d6b6ccea21ad76a74a8.png 800w, https:\/\/www.carliseppf.com\/wp-content\/uploads\/2025\/10\/5721d5f39a690d6b6ccea21ad76a74a8-300x300.png 300w, https:\/\/www.carliseppf.com\/wp-content\/uploads\/2025\/10\/5721d5f39a690d6b6ccea21ad76a74a8-150x150.png 150w, https:\/\/www.carliseppf.com\/wp-content\/uploads\/2025\/10\/5721d5f39a690d6b6ccea21ad76a74a8-768x768.png 768w, https:\/\/www.carliseppf.com\/wp-content\/uploads\/2025\/10\/5721d5f39a690d6b6ccea21ad76a74a8-370x370.png 370w, https:\/\/www.carliseppf.com\/wp-content\/uploads\/2025\/10\/5721d5f39a690d6b6ccea21ad76a74a8-120x120.png 120w, https:\/\/www.carliseppf.com\/wp-content\/uploads\/2025\/10\/5721d5f39a690d6b6ccea21ad76a74a8-410x410.png 410w, https:\/\/www.carliseppf.com\/wp-content\/uploads\/2025\/10\/5721d5f39a690d6b6ccea21ad76a74a8-630x630.png 630w, https:\/\/www.carliseppf.com\/wp-content\/uploads\/2025\/10\/5721d5f39a690d6b6ccea21ad76a74a8-730x730.png 730w, https:\/\/www.carliseppf.com\/wp-content\/uploads\/2025\/10\/5721d5f39a690d6b6ccea21ad76a74a8-460x460.png 460w\" sizes=\"(max-width: 800px) 100vw, 800px\" \/> <img loading=\"lazy\" decoding=\"async\" class=\"alignnone wp-image-9242 size-full\" src=\"https:\/\/www.carliseppf.com\/wp-content\/uploads\/2025\/10\/decb15c6ed8229b31b65ca884eace8d1.png\" alt=\"Energieeffparende gewerbliche Fensterfolie mit goldenem Metall\" width=\"800\" height=\"800\" srcset=\"https:\/\/www.carliseppf.com\/wp-content\/uploads\/2025\/10\/decb15c6ed8229b31b65ca884eace8d1.png 800w, https:\/\/www.carliseppf.com\/wp-content\/uploads\/2025\/10\/decb15c6ed8229b31b65ca884eace8d1-300x300.png 300w, https:\/\/www.carliseppf.com\/wp-content\/uploads\/2025\/10\/decb15c6ed8229b31b65ca884eace8d1-150x150.png 150w, https:\/\/www.carliseppf.com\/wp-content\/uploads\/2025\/10\/decb15c6ed8229b31b65ca884eace8d1-768x768.png 768w, https:\/\/www.carliseppf.com\/wp-content\/uploads\/2025\/10\/decb15c6ed8229b31b65ca884eace8d1-370x370.png 370w, https:\/\/www.carliseppf.com\/wp-content\/uploads\/2025\/10\/decb15c6ed8229b31b65ca884eace8d1-120x120.png 120w, https:\/\/www.carliseppf.com\/wp-content\/uploads\/2025\/10\/decb15c6ed8229b31b65ca884eace8d1-410x410.png 410w, https:\/\/www.carliseppf.com\/wp-content\/uploads\/2025\/10\/decb15c6ed8229b31b65ca884eace8d1-630x630.png 630w, https:\/\/www.carliseppf.com\/wp-content\/uploads\/2025\/10\/decb15c6ed8229b31b65ca884eace8d1-730x730.png 730w, https:\/\/www.carliseppf.com\/wp-content\/uploads\/2025\/10\/decb15c6ed8229b31b65ca884eace8d1-460x460.png 460w\" sizes=\"(max-width: 800px) 100vw, 800px\" \/> <img loading=\"lazy\" decoding=\"async\" class=\"alignnone wp-image-9245 size-full\" src=\"https:\/\/www.carliseppf.com\/wp-content\/uploads\/2025\/10\/68abf62cde81ee6ee7a8e9142e2f69d2.png\" alt=\"Selbstklebende goldene reflektierende Fensterfolie f\u00fcr B\u00fcros\" width=\"800\" height=\"800\" srcset=\"https:\/\/www.carliseppf.com\/wp-content\/uploads\/2025\/10\/68abf62cde81ee6ee7a8e9142e2f69d2.png 800w, https:\/\/www.carliseppf.com\/wp-content\/uploads\/2025\/10\/68abf62cde81ee6ee7a8e9142e2f69d2-300x300.png 300w, https:\/\/www.carliseppf.com\/wp-content\/uploads\/2025\/10\/68abf62cde81ee6ee7a8e9142e2f69d2-150x150.png 150w, https:\/\/www.carliseppf.com\/wp-content\/uploads\/2025\/10\/68abf62cde81ee6ee7a8e9142e2f69d2-768x768.png 768w, https:\/\/www.carliseppf.com\/wp-content\/uploads\/2025\/10\/68abf62cde81ee6ee7a8e9142e2f69d2-370x370.png 370w, https:\/\/www.carliseppf.com\/wp-content\/uploads\/2025\/10\/68abf62cde81ee6ee7a8e9142e2f69d2-120x120.png 120w, https:\/\/www.carliseppf.com\/wp-content\/uploads\/2025\/10\/68abf62cde81ee6ee7a8e9142e2f69d2-410x410.png 410w, https:\/\/www.carliseppf.com\/wp-content\/uploads\/2025\/10\/68abf62cde81ee6ee7a8e9142e2f69d2-630x630.png 630w, https:\/\/www.carliseppf.com\/wp-content\/uploads\/2025\/10\/68abf62cde81ee6ee7a8e9142e2f69d2-730x730.png 730w, https:\/\/www.carliseppf.com\/wp-content\/uploads\/2025\/10\/68abf62cde81ee6ee7a8e9142e2f69d2-460x460.png 460w\" sizes=\"(max-width: 800px) 100vw, 800px\" \/> <img loading=\"lazy\" decoding=\"async\" class=\"alignnone size-full wp-image-9246\" src=\"https:\/\/www.carliseppf.com\/wp-content\/uploads\/2025\/10\/5250509bee433fda9bbeb24b22fe195f.png\" alt=\"\" width=\"800\" height=\"800\" srcset=\"https:\/\/www.carliseppf.com\/wp-content\/uploads\/2025\/10\/5250509bee433fda9bbeb24b22fe195f.png 800w, https:\/\/www.carliseppf.com\/wp-content\/uploads\/2025\/10\/5250509bee433fda9bbeb24b22fe195f-300x300.png 300w, https:\/\/www.carliseppf.com\/wp-content\/uploads\/2025\/10\/5250509bee433fda9bbeb24b22fe195f-150x150.png 150w, https:\/\/www.carliseppf.com\/wp-content\/uploads\/2025\/10\/5250509bee433fda9bbeb24b22fe195f-768x768.png 768w, https:\/\/www.carliseppf.com\/wp-content\/uploads\/2025\/10\/5250509bee433fda9bbeb24b22fe195f-370x370.png 370w, https:\/\/www.carliseppf.com\/wp-content\/uploads\/2025\/10\/5250509bee433fda9bbeb24b22fe195f-120x120.png 120w, https:\/\/www.carliseppf.com\/wp-content\/uploads\/2025\/10\/5250509bee433fda9bbeb24b22fe195f-410x410.png 410w, https:\/\/www.carliseppf.com\/wp-content\/uploads\/2025\/10\/5250509bee433fda9bbeb24b22fe195f-630x630.png 630w, https:\/\/www.carliseppf.com\/wp-content\/uploads\/2025\/10\/5250509bee433fda9bbeb24b22fe195f-730x730.png 730w, https:\/\/www.carliseppf.com\/wp-content\/uploads\/2025\/10\/5250509bee433fda9bbeb24b22fe195f-460x460.png 460w\" sizes=\"(max-width: 800px) 100vw, 800px\" \/><\/p>","protected":false},"excerpt":{"rendered":"<p>Premium <strong data-start=\"475\" data-end=\"501\">Gewerbliche Fensterfolie<\/strong> mit 2mil goldener reflektierender Metallbeschichtung f\u00fcr B\u00fcrogeb\u00e4ude, Glasw\u00e4nde und Gesch\u00e4ftsr\u00e4ume. Bietet leistungsstarken Hitzeschutz, Privatsph\u00e4re und Blendungsreduzierung. Selbstklebendes Design unterst\u00fctzt eine schnelle Installation bei gro\u00df angelegten Bauprojekten.<\/p>","protected":false},"featured_media":9244,"comment_status":"open","ping_status":"closed","template":"","meta":[],"product_brand":[],"product_cat":[218],"product_tag":[],"class_list":{"0":"post-9243","1":"product","2":"type-product","3":"status-publish","4":"has-post-thumbnail","6":"product_cat-architectural-window-film","8":"first","9":"instock","10":"shipping-taxable","11":"product-type-simple"},"_links":{"self":[{"href":"https:\/\/www.carliseppf.com\/de\/wp-json\/wp\/v2\/product\/9243","targetHints":{"allow":["GET"]}}],"collection":[{"href":"https:\/\/www.carliseppf.com\/de\/wp-json\/wp\/v2\/product"}],"about":[{"href":"https:\/\/www.carliseppf.com\/de\/wp-json\/wp\/v2\/types\/product"}],"replies":[{"embeddable":true,"href":"https:\/\/www.carliseppf.com\/de\/wp-json\/wp\/v2\/comments?post=9243"}],"wp:featuredmedia":[{"embeddable":true,"href":"https:\/\/www.carliseppf.com\/de\/wp-json\/wp\/v2\/media\/9244"}],"wp:attachment":[{"href":"https:\/\/www.carliseppf.com\/de\/wp-json\/wp\/v2\/media?parent=9243"}],"wp:term":[{"taxonomy":"product_brand","embeddable":true,"href":"https:\/\/www.carliseppf.com\/de\/wp-json\/wp\/v2\/product_brand?post=9243"},{"taxonomy":"product_cat","embeddable":true,"href":"https:\/\/www.carliseppf.com\/de\/wp-json\/wp\/v2\/product_cat?post=9243"},{"taxonomy":"product_tag","embeddable":true,"href":"https:\/\/www.carliseppf.com\/de\/wp-json\/wp\/v2\/product_tag?post=9243"}],"curies":[{"name":"wp","href":"https:\/\/api.w.org\/{rel}","templated":true}]}}