{"id":9247,"date":"2025-10-28T03:31:17","date_gmt":"2025-10-28T03:31:17","guid":{"rendered":"https:\/\/www.carliseppf.com\/?post_type=product&#038;p=9247"},"modified":"2025-11-21T02:40:34","modified_gmt":"2025-11-21T02:40:34","slug":"tinting-house-windows-green-mirror-film","status":"publish","type":"product","link":"https:\/\/www.carliseppf.com\/de\/product\/tinting-house-windows-green-mirror-film\/","title":{"rendered":"2mil Gr\u00fcne Metallspiegel Reflexionsfolie \u2013 Ideal f\u00fcr das T\u00f6nen von Hausfenstern"},"content":{"rendered":"<h2 data-start=\"759\" data-end=\"778\">Produkt\u00fcbersicht<\/h2>\n<p data-start=\"780\" data-end=\"1144\">Dieses <strong data-start=\"785\" data-end=\"828\">2mil gr\u00fcne Metallspiegel reflektierende Folie<\/strong> wird speziell entwickelt f\u00fcr <strong data-start=\"860\" data-end=\"885\">Hausfenster t\u00f6nen<\/strong>, bietet eine perfekte Balance zwischen W\u00e4rmekontrolle, UV-Blockierung und Privatsph\u00e4reverbesserung. Der gr\u00fcne Spiegel-Effekt auf der Au\u00dfenseite reduziert Solarw\u00e4rme und Blendung, w\u00e4hrend der Innenkomfort erhalten bleibt. Ideal f\u00fcr Wohngeb\u00e4ude, B\u00fcros, Winterg\u00e4rten und gewerbliche Glasw\u00e4nde.<\/p>\n<h2 data-start=\"1146\" data-end=\"1168\">Merkmale &amp; Vorteile<\/h2>\n<ul data-start=\"1170\" data-end=\"1553\">\n<li data-start=\"1170\" data-end=\"1247\">\n<p data-start=\"1172\" data-end=\"1247\">Entwickelt f\u00fcr <strong data-start=\"1185\" data-end=\"1210\">Hausfenster t\u00f6nen<\/strong> mit starker Reflexionsleistung<\/p>\n<\/li>\n<li data-start=\"1248\" data-end=\"1302\">\n<p data-start=\"1250\" data-end=\"1302\">2mil Dicke f\u00fcr verbesserte Haltbarkeit und Klarheit<\/p>\n<\/li>\n<li data-start=\"1303\" data-end=\"1368\">\n<p data-start=\"1305\" data-end=\"1368\">Gr\u00fcner Metallspiegel-Au\u00dfenbereich bietet \u00fcberlegene Privatsph\u00e4re tags\u00fcber<\/p>\n<\/li>\n<li data-start=\"1369\" data-end=\"1419\">\n<p data-start=\"1371\" data-end=\"1419\">Blockiert UV-Strahlen und reduziert die Hitzeentwicklung im Innenraum<\/p>\n<\/li>\n<li data-start=\"1420\" data-end=\"1482\">\n<p data-start=\"1422\" data-end=\"1482\">Selbstklebende R\u00fcckseite f\u00fcr glatte, blasenfreie Installation<\/p>\n<\/li>\n<li data-start=\"1483\" data-end=\"1553\">\n<p data-start=\"1485\" data-end=\"1553\">Geeignet f\u00fcr Wohn-, B\u00fcro- und Architekturglasprojekte<\/p>\n<\/li>\n<\/ul>\n<h2 data-start=\"1555\" data-end=\"1576\">Material &amp; Qualit\u00e4t<\/h2>\n<ul data-start=\"1578\" data-end=\"1791\">\n<li data-start=\"1578\" data-end=\"1611\">\n<p data-start=\"1580\" data-end=\"1611\">Hochwertige PET-Konstruktion<\/p>\n<\/li>\n<li data-start=\"1612\" data-end=\"1651\">\n<p data-start=\"1614\" data-end=\"1651\">Gr\u00fcnmetall-beschichtete reflektierende Schicht<\/p>\n<\/li>\n<li data-start=\"1652\" data-end=\"1691\">\n<p data-start=\"1654\" data-end=\"1691\">Anti-Kratz-Oberfl\u00e4che f\u00fcr Langlebigkeit<\/p>\n<\/li>\n<li data-start=\"1692\" data-end=\"1742\">\n<p data-start=\"1694\" data-end=\"1742\">Stabile Farbe, lichtbest\u00e4ndig und langlebig<\/p>\n<\/li>\n<li data-start=\"1743\" data-end=\"1791\">\n<p data-start=\"1745\" data-end=\"1791\">Erh\u00e4lt die Sichtbarkeit und verbessert gleichzeitig die Privatsph\u00e4re<\/p>\n<\/li>\n<\/ul>\n<h2 data-start=\"1793\" data-end=\"1824\">Installation &amp; Anpassung<\/h2>\n<ul data-start=\"1826\" data-end=\"2134\">\n<li data-start=\"1826\" data-end=\"1873\">\n<p data-start=\"1828\" data-end=\"1873\">Selbstklebende Folie \u2014 kein zus\u00e4tzlicher Kleber erforderlich<\/p>\n<\/li>\n<li data-start=\"1874\" data-end=\"1932\">\n<p data-start=\"1876\" data-end=\"1932\">Hitzebest\u00e4ndig formbar f\u00fcr eine bessere Passform auf gro\u00dfen Glasplatten<\/p>\n<\/li>\n<li data-start=\"1933\" data-end=\"1982\">\n<p data-start=\"1935\" data-end=\"1982\">Einfach f\u00fcr DIY-Installation oder professionelle Nutzung<\/p>\n<\/li>\n<li data-start=\"1983\" data-end=\"2072\">\n<p data-start=\"1985\" data-end=\"2072\">Unterst\u00fctzung f\u00fcr OEM\/ODM-Gro\u00dfbestellungen, benutzerdefinierte Breiten, individuelle Kartons und Private-Label-Verpackungen<\/p>\n<\/li>\n<li data-start=\"2073\" data-end=\"2134\">\n<p data-start=\"2075\" data-end=\"2134\">Verf\u00fcgbar in gro\u00dfen Rollen f\u00fcr Gro\u00dfh\u00e4ndler und H\u00e4ndler<\/p>\n<\/li>\n<\/ul>\n<h2 data-start=\"2136\" data-end=\"2151\">Anwendungen<\/h2>\n<ul data-start=\"2153\" data-end=\"2431\">\n<li data-start=\"2153\" data-end=\"2201\">\n<p data-start=\"2155\" data-end=\"2201\">Ideale L\u00f6sung f\u00fcr <strong data-start=\"2174\" data-end=\"2199\">Hausfenster t\u00f6nen<\/strong><\/p>\n<\/li>\n<li data-start=\"2202\" data-end=\"2261\">\n<p data-start=\"2204\" data-end=\"2261\">Perfekt f\u00fcr Schlafzimmer, Wohnzimmer, Sonnenr\u00e4ume, Balkone<\/p>\n<\/li>\n<li data-start=\"2262\" data-end=\"2318\">\n<p data-start=\"2264\" data-end=\"2318\">Fenster von B\u00fcrogeb\u00e4uden zur W\u00e4rmer\u00fcckweisung &amp; Privatsph\u00e4re<\/p>\n<\/li>\n<li data-start=\"2319\" data-end=\"2368\">\n<p data-start=\"2321\" data-end=\"2368\">Schaufenster, Trennw\u00e4nde und Glasw\u00e4nde<\/p>\n<\/li>\n<li data-start=\"2369\" data-end=\"2431\">\n<p data-start=\"2371\" data-end=\"2431\">Kann f\u00fcr architektonische und dekorative Folienprojekte verwendet werden<\/p>\n<\/li>\n<\/ul>\n<h2 data-start=\"2433\" data-end=\"2450\">Hauptvorteile<\/h2>\n<ul data-start=\"2452\" data-end=\"2735\">\n<li data-start=\"2452\" data-end=\"2502\">\n<p data-start=\"2454\" data-end=\"2502\">Direkt vom Hersteller Gro\u00dfhandelspreise mit schneller Lieferung<\/p>\n<\/li>\n<li data-start=\"2503\" data-end=\"2559\">\n<p data-start=\"2505\" data-end=\"2559\">Starke reflektierende Leistung f\u00fcr Privatsph\u00e4reschutz<\/p>\n<\/li>\n<li data-start=\"2560\" data-end=\"2618\">\n<p data-start=\"2562\" data-end=\"2618\">Ausgezeichnete UV-Blockierung und W\u00e4rmer\u00fcckweisungseffektivit\u00e4t<\/p>\n<\/li>\n<li data-start=\"2619\" data-end=\"2672\">\n<p data-start=\"2621\" data-end=\"2672\">Langlebige 2mil-Struktur, geeignet f\u00fcr langfristigen Einsatz<\/p>\n<\/li>\n<li data-start=\"2673\" data-end=\"2735\">\n<p data-start=\"2675\" data-end=\"2735\">\u00c4sthetisches gr\u00fcnes Spiegel-Finish verbessert das Erscheinungsbild des Geb\u00e4udes<\/p>\n<\/li>\n<\/ul>\n<h2 data-start=\"2737\" data-end=\"2756\">Paket beinhaltet<\/h2>\n<ul data-start=\"2758\" data-end=\"2878\">\n<li data-start=\"2758\" data-end=\"2815\">\n<p data-start=\"2760\" data-end=\"2815\">1 Rolle von <strong data-start=\"2770\" data-end=\"2813\">2mil gr\u00fcner Metallspiegel-Reflexionsfolie<\/strong><\/p>\n<\/li>\n<li data-start=\"2816\" data-end=\"2878\">\n<p data-start=\"2818\" data-end=\"2878\">Optionales Installationsset: Gummischieber, Messer, Reinigungstuch<\/p>\n<\/li>\n<\/ul>\n<h2 data-start=\"2880\" data-end=\"2907\">Warum dieses Produkt w\u00e4hlen?<\/h2>\n<p data-start=\"2909\" data-end=\"3203\">Wenn <strong data-start=\"2914\" data-end=\"2939\">Hausfenster t\u00f6nen<\/strong>, bietet diese gr\u00fcne reflektierende Folie eine ideale Balance zwischen Isolierung, Privatsph\u00e4re und dekorativem Stil. Ihre starke W\u00e4rmer\u00fcckweisung und Spiegeleffekt machen sie perfekt f\u00fcr Hausbesitzer, Installateure und H\u00e4ndler, die nach einer zuverl\u00e4ssigen architektonischen Fensterfolie suchen.<\/p>\n<p><img fetchpriority=\"high\" decoding=\"async\" class=\"alignnone wp-image-9238 size-full\" src=\"https:\/\/www.carliseppf.com\/wp-content\/uploads\/2025\/10\/21c2474754971abd3a65c3f8ad26a494.png\" alt=\"gr\u00fcne reflektierende Folie zum T\u00f6nen von Hausfenstern\" width=\"800\" height=\"800\" srcset=\"https:\/\/www.carliseppf.com\/wp-content\/uploads\/2025\/10\/21c2474754971abd3a65c3f8ad26a494.png 800w, https:\/\/www.carliseppf.com\/wp-content\/uploads\/2025\/10\/21c2474754971abd3a65c3f8ad26a494-300x300.png 300w, https:\/\/www.carliseppf.com\/wp-content\/uploads\/2025\/10\/21c2474754971abd3a65c3f8ad26a494-150x150.png 150w, https:\/\/www.carliseppf.com\/wp-content\/uploads\/2025\/10\/21c2474754971abd3a65c3f8ad26a494-768x768.png 768w, https:\/\/www.carliseppf.com\/wp-content\/uploads\/2025\/10\/21c2474754971abd3a65c3f8ad26a494-370x370.png 370w, https:\/\/www.carliseppf.com\/wp-content\/uploads\/2025\/10\/21c2474754971abd3a65c3f8ad26a494-120x120.png 120w, https:\/\/www.carliseppf.com\/wp-content\/uploads\/2025\/10\/21c2474754971abd3a65c3f8ad26a494-410x410.png 410w, https:\/\/www.carliseppf.com\/wp-content\/uploads\/2025\/10\/21c2474754971abd3a65c3f8ad26a494-630x630.png 630w, https:\/\/www.carliseppf.com\/wp-content\/uploads\/2025\/10\/21c2474754971abd3a65c3f8ad26a494-730x730.png 730w, https:\/\/www.carliseppf.com\/wp-content\/uploads\/2025\/10\/21c2474754971abd3a65c3f8ad26a494-460x460.png 460w\" sizes=\"(max-width: 800px) 100vw, 800px\" \/> <img decoding=\"async\" class=\"alignnone wp-image-9240 size-full\" src=\"https:\/\/www.carliseppf.com\/wp-content\/uploads\/2025\/10\/9b3864f3bb428a8f203f9cbce2f171c5.png\" alt=\"2mil gr\u00fcne Spiegelfenstert\u00f6nung f\u00fcr Wohnzimmert\u00fcren\" width=\"800\" height=\"800\" srcset=\"https:\/\/www.carliseppf.com\/wp-content\/uploads\/2025\/10\/9b3864f3bb428a8f203f9cbce2f171c5.png 800w, https:\/\/www.carliseppf.com\/wp-content\/uploads\/2025\/10\/9b3864f3bb428a8f203f9cbce2f171c5-300x300.png 300w, https:\/\/www.carliseppf.com\/wp-content\/uploads\/2025\/10\/9b3864f3bb428a8f203f9cbce2f171c5-150x150.png 150w, https:\/\/www.carliseppf.com\/wp-content\/uploads\/2025\/10\/9b3864f3bb428a8f203f9cbce2f171c5-768x768.png 768w, https:\/\/www.carliseppf.com\/wp-content\/uploads\/2025\/10\/9b3864f3bb428a8f203f9cbce2f171c5-370x370.png 370w, https:\/\/www.carliseppf.com\/wp-content\/uploads\/2025\/10\/9b3864f3bb428a8f203f9cbce2f171c5-120x120.png 120w, https:\/\/www.carliseppf.com\/wp-content\/uploads\/2025\/10\/9b3864f3bb428a8f203f9cbce2f171c5-410x410.png 410w, https:\/\/www.carliseppf.com\/wp-content\/uploads\/2025\/10\/9b3864f3bb428a8f203f9cbce2f171c5-630x630.png 630w, https:\/\/www.carliseppf.com\/wp-content\/uploads\/2025\/10\/9b3864f3bb428a8f203f9cbce2f171c5-730x730.png 730w, https:\/\/www.carliseppf.com\/wp-content\/uploads\/2025\/10\/9b3864f3bb428a8f203f9cbce2f171c5-460x460.png 460w\" sizes=\"(max-width: 800px) 100vw, 800px\" \/> <img decoding=\"async\" class=\"alignnone wp-image-9241 size-full\" src=\"https:\/\/www.carliseppf.com\/wp-content\/uploads\/2025\/10\/5721d5f39a690d6b6ccea21ad76a74a8.png\" alt=\"selbstklebende gr\u00fcne reflektierende Folie zum T\u00f6nen von Hausfenstern\" width=\"800\" height=\"800\" srcset=\"https:\/\/www.carliseppf.com\/wp-content\/uploads\/2025\/10\/5721d5f39a690d6b6ccea21ad76a74a8.png 800w, https:\/\/www.carliseppf.com\/wp-content\/uploads\/2025\/10\/5721d5f39a690d6b6ccea21ad76a74a8-300x300.png 300w, https:\/\/www.carliseppf.com\/wp-content\/uploads\/2025\/10\/5721d5f39a690d6b6ccea21ad76a74a8-150x150.png 150w, https:\/\/www.carliseppf.com\/wp-content\/uploads\/2025\/10\/5721d5f39a690d6b6ccea21ad76a74a8-768x768.png 768w, https:\/\/www.carliseppf.com\/wp-content\/uploads\/2025\/10\/5721d5f39a690d6b6ccea21ad76a74a8-370x370.png 370w, https:\/\/www.carliseppf.com\/wp-content\/uploads\/2025\/10\/5721d5f39a690d6b6ccea21ad76a74a8-120x120.png 120w, https:\/\/www.carliseppf.com\/wp-content\/uploads\/2025\/10\/5721d5f39a690d6b6ccea21ad76a74a8-410x410.png 410w, https:\/\/www.carliseppf.com\/wp-content\/uploads\/2025\/10\/5721d5f39a690d6b6ccea21ad76a74a8-630x630.png 630w, https:\/\/www.carliseppf.com\/wp-content\/uploads\/2025\/10\/5721d5f39a690d6b6ccea21ad76a74a8-730x730.png 730w, https:\/\/www.carliseppf.com\/wp-content\/uploads\/2025\/10\/5721d5f39a690d6b6ccea21ad76a74a8-460x460.png 460w\" sizes=\"(max-width: 800px) 100vw, 800px\" \/> <img loading=\"lazy\" decoding=\"async\" class=\"alignnone wp-image-9242 size-full\" src=\"https:\/\/www.carliseppf.com\/wp-content\/uploads\/2025\/10\/decb15c6ed8229b31b65ca884eace8d1.png\" alt=\"Hitze kontroll gr\u00fcne Spiegel T\u00f6nung auf Hausfenstern installiert\" width=\"800\" height=\"800\" srcset=\"https:\/\/www.carliseppf.com\/wp-content\/uploads\/2025\/10\/decb15c6ed8229b31b65ca884eace8d1.png 800w, https:\/\/www.carliseppf.com\/wp-content\/uploads\/2025\/10\/decb15c6ed8229b31b65ca884eace8d1-300x300.png 300w, https:\/\/www.carliseppf.com\/wp-content\/uploads\/2025\/10\/decb15c6ed8229b31b65ca884eace8d1-150x150.png 150w, https:\/\/www.carliseppf.com\/wp-content\/uploads\/2025\/10\/decb15c6ed8229b31b65ca884eace8d1-768x768.png 768w, https:\/\/www.carliseppf.com\/wp-content\/uploads\/2025\/10\/decb15c6ed8229b31b65ca884eace8d1-370x370.png 370w, https:\/\/www.carliseppf.com\/wp-content\/uploads\/2025\/10\/decb15c6ed8229b31b65ca884eace8d1-120x120.png 120w, https:\/\/www.carliseppf.com\/wp-content\/uploads\/2025\/10\/decb15c6ed8229b31b65ca884eace8d1-410x410.png 410w, https:\/\/www.carliseppf.com\/wp-content\/uploads\/2025\/10\/decb15c6ed8229b31b65ca884eace8d1-630x630.png 630w, https:\/\/www.carliseppf.com\/wp-content\/uploads\/2025\/10\/decb15c6ed8229b31b65ca884eace8d1-730x730.png 730w, https:\/\/www.carliseppf.com\/wp-content\/uploads\/2025\/10\/decb15c6ed8229b31b65ca884eace8d1-460x460.png 460w\" sizes=\"(max-width: 800px) 100vw, 800px\" \/> <img loading=\"lazy\" decoding=\"async\" class=\"alignnone wp-image-9245 size-full\" src=\"https:\/\/www.carliseppf.com\/wp-content\/uploads\/2025\/10\/68abf62cde81ee6ee7a8e9142e2f69d2.png\" alt=\"Gr\u00fcner Metallspiegel-Filmrolle f\u00fcr Heimfenstert\u00f6nung\" width=\"800\" height=\"800\" srcset=\"https:\/\/www.carliseppf.com\/wp-content\/uploads\/2025\/10\/68abf62cde81ee6ee7a8e9142e2f69d2.png 800w, https:\/\/www.carliseppf.com\/wp-content\/uploads\/2025\/10\/68abf62cde81ee6ee7a8e9142e2f69d2-300x300.png 300w, https:\/\/www.carliseppf.com\/wp-content\/uploads\/2025\/10\/68abf62cde81ee6ee7a8e9142e2f69d2-150x150.png 150w, https:\/\/www.carliseppf.com\/wp-content\/uploads\/2025\/10\/68abf62cde81ee6ee7a8e9142e2f69d2-768x768.png 768w, https:\/\/www.carliseppf.com\/wp-content\/uploads\/2025\/10\/68abf62cde81ee6ee7a8e9142e2f69d2-370x370.png 370w, https:\/\/www.carliseppf.com\/wp-content\/uploads\/2025\/10\/68abf62cde81ee6ee7a8e9142e2f69d2-120x120.png 120w, https:\/\/www.carliseppf.com\/wp-content\/uploads\/2025\/10\/68abf62cde81ee6ee7a8e9142e2f69d2-410x410.png 410w, https:\/\/www.carliseppf.com\/wp-content\/uploads\/2025\/10\/68abf62cde81ee6ee7a8e9142e2f69d2-630x630.png 630w, https:\/\/www.carliseppf.com\/wp-content\/uploads\/2025\/10\/68abf62cde81ee6ee7a8e9142e2f69d2-730x730.png 730w, https:\/\/www.carliseppf.com\/wp-content\/uploads\/2025\/10\/68abf62cde81ee6ee7a8e9142e2f69d2-460x460.png 460w\" sizes=\"(max-width: 800px) 100vw, 800px\" \/><\/p>","protected":false},"excerpt":{"rendered":"<p>Hochleistung <strong data-start=\"486\" data-end=\"524\">gr\u00fcner Metallspiegel reflektierende Folie<\/strong> entwickelt f\u00fcr <strong data-start=\"538\" data-end=\"563\">Hausfenster t\u00f6nen<\/strong>, bietet hervorragende W\u00e4rmereflektion, Privatsph\u00e4re tags\u00fcber und UV-Schutz. Selbstklebendes Design, einfache Installation und Gro\u00dfhandelsunterst\u00fctzung direkt ab Werk f\u00fcr OEM\/ODM-Anpassungen.<\/p>","protected":false},"featured_media":9248,"comment_status":"open","ping_status":"closed","template":"","meta":[],"product_brand":[],"product_cat":[218],"product_tag":[],"class_list":{"0":"post-9247","1":"product","2":"type-product","3":"status-publish","4":"has-post-thumbnail","6":"product_cat-architectural-window-film","8":"first","9":"instock","10":"shipping-taxable","11":"product-type-simple"},"_links":{"self":[{"href":"https:\/\/www.carliseppf.com\/de\/wp-json\/wp\/v2\/product\/9247","targetHints":{"allow":["GET"]}}],"collection":[{"href":"https:\/\/www.carliseppf.com\/de\/wp-json\/wp\/v2\/product"}],"about":[{"href":"https:\/\/www.carliseppf.com\/de\/wp-json\/wp\/v2\/types\/product"}],"replies":[{"embeddable":true,"href":"https:\/\/www.carliseppf.com\/de\/wp-json\/wp\/v2\/comments?post=9247"}],"wp:featuredmedia":[{"embeddable":true,"href":"https:\/\/www.carliseppf.com\/de\/wp-json\/wp\/v2\/media\/9248"}],"wp:attachment":[{"href":"https:\/\/www.carliseppf.com\/de\/wp-json\/wp\/v2\/media?parent=9247"}],"wp:term":[{"taxonomy":"product_brand","embeddable":true,"href":"https:\/\/www.carliseppf.com\/de\/wp-json\/wp\/v2\/product_brand?post=9247"},{"taxonomy":"product_cat","embeddable":true,"href":"https:\/\/www.carliseppf.com\/de\/wp-json\/wp\/v2\/product_cat?post=9247"},{"taxonomy":"product_tag","embeddable":true,"href":"https:\/\/www.carliseppf.com\/de\/wp-json\/wp\/v2\/product_tag?post=9247"}],"curies":[{"name":"wp","href":"https:\/\/api.w.org\/{rel}","templated":true}]}}