{"id":9249,"date":"2025-10-28T03:32:27","date_gmt":"2025-10-28T03:32:27","guid":{"rendered":"https:\/\/www.carliseppf.com\/?post_type=product&#038;p=9249"},"modified":"2025-11-21T02:34:06","modified_gmt":"2025-11-21T02:34:06","slug":"mirror-tint-for-house-windows-2mil-film","status":"publish","type":"product","link":"https:\/\/www.carliseppf.com\/de\/product\/mirror-tint-for-house-windows-2mil-film\/","title":{"rendered":"2mil Metallspiegel Reflexions-Baustofffolie \u2013 Selbstklebende Glaswand-T\u00f6nung"},"content":{"rendered":"<h2 data-start=\"795\" data-end=\"814\">Produkt\u00fcbersicht<\/h2>\n<p data-start=\"816\" data-end=\"1112\">Dieses <strong data-start=\"821\" data-end=\"854\">Spiegelt\u00f6nung f\u00fcr Hausfenster<\/strong> verf\u00fcgt \u00fcber eine langlebige 2mil metallisierte Konstruktion, die f\u00fcr \u00fcberlegene Reflexion, Privatsph\u00e4re und Energieeffizienz ausgelegt ist. Die selbstklebende R\u00fcckseite macht sie ideal f\u00fcr Hausfenster, B\u00fcrogeb\u00e4ude und gro\u00dfe Glasw\u00e4nde, die eine einfache und dennoch effektive Sonnenschutzl\u00f6sung erfordern.<\/p>\n<h2 data-start=\"1114\" data-end=\"1136\">Merkmale &amp; Vorteile<\/h2>\n<ul data-start=\"1138\" data-end=\"1488\">\n<li data-start=\"1138\" data-end=\"1218\">\n<p data-start=\"1140\" data-end=\"1218\">Premium <strong data-start=\"1148\" data-end=\"1181\">Spiegelt\u00f6nung f\u00fcr Hausfenster<\/strong> mit starker Reflexionsleistung<\/p>\n<\/li>\n<li data-start=\"1219\" data-end=\"1271\">\n<p data-start=\"1221\" data-end=\"1271\">2mil Dicke erh\u00f6ht Haltbarkeit und Stabilit\u00e4t<\/p>\n<\/li>\n<li data-start=\"1272\" data-end=\"1318\">\n<p data-start=\"1274\" data-end=\"1318\">Ausgezeichneter W\u00e4rmeschutz und UV-Schutz<\/p>\n<\/li>\n<li data-start=\"1319\" data-end=\"1375\">\n<p data-start=\"1321\" data-end=\"1375\">Verbessert die Tagesprivatsph\u00e4re durch spiegel\u00e4hnliche Reflexion<\/p>\n<\/li>\n<li data-start=\"1376\" data-end=\"1431\">\n<p data-start=\"1378\" data-end=\"1431\">Reduziert Sonnenscheinblendung und sch\u00fctzt Inneneinrichtungen<\/p>\n<\/li>\n<li data-start=\"1432\" data-end=\"1488\">\n<p data-start=\"1434\" data-end=\"1488\">Selbstklebend f\u00fcr schnelle und blasenfreie Installation<\/p>\n<\/li>\n<\/ul>\n<h2 data-start=\"1490\" data-end=\"1511\">Material &amp; Qualit\u00e4t<\/h2>\n<ul data-start=\"1513\" data-end=\"1720\">\n<li data-start=\"1513\" data-end=\"1552\">\n<p data-start=\"1515\" data-end=\"1552\">Metallisierte PET \/ PVC-Reflexionsfolie<\/p>\n<\/li>\n<li data-start=\"1553\" data-end=\"1594\">\n<p data-start=\"1555\" data-end=\"1594\">UV-best\u00e4ndige und kratzfeste Oberfl\u00e4che<\/p>\n<\/li>\n<li data-start=\"1595\" data-end=\"1665\">\n<p data-start=\"1597\" data-end=\"1665\">Lang anhaltende Haftung, geeignet f\u00fcr Innen- und Au\u00dfenanwendungen<\/p>\n<\/li>\n<li data-start=\"1666\" data-end=\"1720\">\n<p data-start=\"1668\" data-end=\"1720\">Bewahrt die Sichtklarheit bei gleichzeitiger Reduzierung der solaren W\u00e4rme<\/p>\n<\/li>\n<\/ul>\n<h2 data-start=\"1722\" data-end=\"1753\">Installation &amp; Anpassung<\/h2>\n<ul data-start=\"1755\" data-end=\"2001\">\n<li data-start=\"1755\" data-end=\"1799\">\n<p data-start=\"1757\" data-end=\"1799\">Einfach abziehbares und aufklebbare Selbstklebedesign<\/p>\n<\/li>\n<li data-start=\"1800\" data-end=\"1871\">\n<p data-start=\"1802\" data-end=\"1871\">Kompatibel mit Hausfenstern, Schaufenster-Glas und Gesch\u00e4ftsgeb\u00e4uden<\/p>\n<\/li>\n<li data-start=\"1872\" data-end=\"1927\">\n<p data-start=\"1874\" data-end=\"1927\">Unterst\u00fctzt OEM\/ODM anpassbare Rollenbreiten und -l\u00e4ngen<\/p>\n<\/li>\n<li data-start=\"1928\" data-end=\"2001\">\n<p data-start=\"1930\" data-end=\"2001\">Direktlieferung ab Werk f\u00fcr H\u00e4ndler und Auftragnehmer verf\u00fcgbar<\/p>\n<\/li>\n<\/ul>\n<h2 data-start=\"2003\" data-end=\"2018\">Anwendungen<\/h2>\n<ul data-start=\"2020\" data-end=\"2222\">\n<li data-start=\"2020\" data-end=\"2049\">\n<p data-start=\"2022\" data-end=\"2049\">Wohnhausfenster<\/p>\n<\/li>\n<li data-start=\"2050\" data-end=\"2096\">\n<p data-start=\"2052\" data-end=\"2096\">Fenster und Glasw\u00e4nde in B\u00fcrogeb\u00e4uden<\/p>\n<\/li>\n<li data-start=\"2097\" data-end=\"2120\">\n<p data-start=\"2099\" data-end=\"2120\">Glass-Vorhangfassaden<\/p>\n<\/li>\n<li data-start=\"2121\" data-end=\"2147\">\n<p data-start=\"2123\" data-end=\"2147\">Winterg\u00e4rten und Balkone<\/p>\n<\/li>\n<li data-start=\"2148\" data-end=\"2173\">\n<p data-start=\"2150\" data-end=\"2173\">Gesch\u00e4ftsschaufenster<\/p>\n<\/li>\n<li data-start=\"2174\" data-end=\"2222\">\n<p data-start=\"2176\" data-end=\"2222\">Innenraumglas, das dekorative Reflexion ben\u00f6tigt<\/p>\n<\/li>\n<\/ul>\n<h2 data-start=\"2224\" data-end=\"2241\">Hauptvorteile<\/h2>\n<ul data-start=\"2243\" data-end=\"2495\">\n<li data-start=\"2243\" data-end=\"2299\">\n<p data-start=\"2245\" data-end=\"2299\">Zuverl\u00e4ssige Sonnenschutz- und Energieeinsparleistung<\/p>\n<\/li>\n<li data-start=\"2300\" data-end=\"2354\">\n<p data-start=\"2302\" data-end=\"2354\">Erh\u00f6ht die Privatsph\u00e4re, ohne nat\u00fcrliches Licht zu opfern<\/p>\n<\/li>\n<li data-start=\"2355\" data-end=\"2416\">\n<p data-start=\"2357\" data-end=\"2416\">Ideal f\u00fcr Gro\u00dfprojekte im Ingenieurwesen und Wiederverk\u00e4uferpakete<\/p>\n<\/li>\n<li data-start=\"2417\" data-end=\"2495\">\n<p data-start=\"2419\" data-end=\"2495\">Premium-Qualit\u00e4t <strong data-start=\"2433\" data-end=\"2466\">Spiegelt\u00f6nung f\u00fcr Hausfenster<\/strong> direkt vom Hersteller<\/p>\n<\/li>\n<\/ul>\n<h2 data-start=\"2497\" data-end=\"2516\">Paket beinhaltet<\/h2>\n<ul data-start=\"2518\" data-end=\"2655\">\n<li data-start=\"2518\" data-end=\"2565\">\n<p data-start=\"2520\" data-end=\"2565\">1 Rolle 2mil Metallspiegel-Reflexionsfolie<\/p>\n<\/li>\n<li data-start=\"2566\" data-end=\"2655\">\n<p data-start=\"2568\" data-end=\"2655\">Optionale Installationswerkzeuge (Gummischieber, Klinge, Spr\u00fchflasche) f\u00fcr Gro\u00dfbestellungen erh\u00e4ltlich<\/p>\n<\/li>\n<\/ul>\n<h2 data-start=\"2657\" data-end=\"2684\">Warum dieses Produkt w\u00e4hlen?<\/h2>\n<p data-start=\"2686\" data-end=\"3018\">Diese hochwertige <strong data-start=\"2704\" data-end=\"2737\">Spiegelt\u00f6nung f\u00fcr Hausfenster<\/strong> bietet starke Reflexion, UV-Blockierung und Hitzereduktion, was es zu einer praktischen Wahl zur Verbesserung des Innenkomforts und der Fenstergestaltung macht. Mit werkseitig direkten Preisen und anpassbaren Spezifikationen ist es ideal f\u00fcr professionelle Installateure und Baumaterialh\u00e4ndler.<\/p>\n<p><img fetchpriority=\"high\" decoding=\"async\" class=\"alignnone wp-image-9238 size-full\" src=\"https:\/\/www.carliseppf.com\/wp-content\/uploads\/2025\/10\/21c2474754971abd3a65c3f8ad26a494.png\" alt=\"Spiegel-T\u00f6nung f\u00fcr Hausfenster, reflektierende Folieninstallation\" width=\"800\" height=\"800\" srcset=\"https:\/\/www.carliseppf.com\/wp-content\/uploads\/2025\/10\/21c2474754971abd3a65c3f8ad26a494.png 800w, https:\/\/www.carliseppf.com\/wp-content\/uploads\/2025\/10\/21c2474754971abd3a65c3f8ad26a494-300x300.png 300w, https:\/\/www.carliseppf.com\/wp-content\/uploads\/2025\/10\/21c2474754971abd3a65c3f8ad26a494-150x150.png 150w, https:\/\/www.carliseppf.com\/wp-content\/uploads\/2025\/10\/21c2474754971abd3a65c3f8ad26a494-768x768.png 768w, https:\/\/www.carliseppf.com\/wp-content\/uploads\/2025\/10\/21c2474754971abd3a65c3f8ad26a494-370x370.png 370w, https:\/\/www.carliseppf.com\/wp-content\/uploads\/2025\/10\/21c2474754971abd3a65c3f8ad26a494-120x120.png 120w, https:\/\/www.carliseppf.com\/wp-content\/uploads\/2025\/10\/21c2474754971abd3a65c3f8ad26a494-410x410.png 410w, https:\/\/www.carliseppf.com\/wp-content\/uploads\/2025\/10\/21c2474754971abd3a65c3f8ad26a494-630x630.png 630w, https:\/\/www.carliseppf.com\/wp-content\/uploads\/2025\/10\/21c2474754971abd3a65c3f8ad26a494-730x730.png 730w, https:\/\/www.carliseppf.com\/wp-content\/uploads\/2025\/10\/21c2474754971abd3a65c3f8ad26a494-460x460.png 460w\" sizes=\"(max-width: 800px) 100vw, 800px\" \/> <img decoding=\"async\" class=\"alignnone wp-image-9240 size-full\" src=\"https:\/\/www.carliseppf.com\/wp-content\/uploads\/2025\/10\/9b3864f3bb428a8f203f9cbce2f171c5.png\" alt=\"2mil Metallspiegel-T\u00f6nung f\u00fcr Hausfenster, Nahaufnahme\" width=\"800\" height=\"800\" srcset=\"https:\/\/www.carliseppf.com\/wp-content\/uploads\/2025\/10\/9b3864f3bb428a8f203f9cbce2f171c5.png 800w, https:\/\/www.carliseppf.com\/wp-content\/uploads\/2025\/10\/9b3864f3bb428a8f203f9cbce2f171c5-300x300.png 300w, https:\/\/www.carliseppf.com\/wp-content\/uploads\/2025\/10\/9b3864f3bb428a8f203f9cbce2f171c5-150x150.png 150w, https:\/\/www.carliseppf.com\/wp-content\/uploads\/2025\/10\/9b3864f3bb428a8f203f9cbce2f171c5-768x768.png 768w, https:\/\/www.carliseppf.com\/wp-content\/uploads\/2025\/10\/9b3864f3bb428a8f203f9cbce2f171c5-370x370.png 370w, https:\/\/www.carliseppf.com\/wp-content\/uploads\/2025\/10\/9b3864f3bb428a8f203f9cbce2f171c5-120x120.png 120w, https:\/\/www.carliseppf.com\/wp-content\/uploads\/2025\/10\/9b3864f3bb428a8f203f9cbce2f171c5-410x410.png 410w, https:\/\/www.carliseppf.com\/wp-content\/uploads\/2025\/10\/9b3864f3bb428a8f203f9cbce2f171c5-630x630.png 630w, https:\/\/www.carliseppf.com\/wp-content\/uploads\/2025\/10\/9b3864f3bb428a8f203f9cbce2f171c5-730x730.png 730w, https:\/\/www.carliseppf.com\/wp-content\/uploads\/2025\/10\/9b3864f3bb428a8f203f9cbce2f171c5-460x460.png 460w\" sizes=\"(max-width: 800px) 100vw, 800px\" \/> <img decoding=\"async\" class=\"alignnone wp-image-9241 size-full\" src=\"https:\/\/www.carliseppf.com\/wp-content\/uploads\/2025\/10\/5721d5f39a690d6b6ccea21ad76a74a8.png\" alt=\"Spiegel-T\u00f6nung f\u00fcr Hausfenster, Hitzeschutz-Demo\" width=\"800\" height=\"800\" srcset=\"https:\/\/www.carliseppf.com\/wp-content\/uploads\/2025\/10\/5721d5f39a690d6b6ccea21ad76a74a8.png 800w, https:\/\/www.carliseppf.com\/wp-content\/uploads\/2025\/10\/5721d5f39a690d6b6ccea21ad76a74a8-300x300.png 300w, https:\/\/www.carliseppf.com\/wp-content\/uploads\/2025\/10\/5721d5f39a690d6b6ccea21ad76a74a8-150x150.png 150w, https:\/\/www.carliseppf.com\/wp-content\/uploads\/2025\/10\/5721d5f39a690d6b6ccea21ad76a74a8-768x768.png 768w, https:\/\/www.carliseppf.com\/wp-content\/uploads\/2025\/10\/5721d5f39a690d6b6ccea21ad76a74a8-370x370.png 370w, https:\/\/www.carliseppf.com\/wp-content\/uploads\/2025\/10\/5721d5f39a690d6b6ccea21ad76a74a8-120x120.png 120w, https:\/\/www.carliseppf.com\/wp-content\/uploads\/2025\/10\/5721d5f39a690d6b6ccea21ad76a74a8-410x410.png 410w, https:\/\/www.carliseppf.com\/wp-content\/uploads\/2025\/10\/5721d5f39a690d6b6ccea21ad76a74a8-630x630.png 630w, https:\/\/www.carliseppf.com\/wp-content\/uploads\/2025\/10\/5721d5f39a690d6b6ccea21ad76a74a8-730x730.png 730w, https:\/\/www.carliseppf.com\/wp-content\/uploads\/2025\/10\/5721d5f39a690d6b6ccea21ad76a74a8-460x460.png 460w\" sizes=\"(max-width: 800px) 100vw, 800px\" \/> <img loading=\"lazy\" decoding=\"async\" class=\"alignnone wp-image-9242 size-full\" src=\"https:\/\/www.carliseppf.com\/wp-content\/uploads\/2025\/10\/decb15c6ed8229b31b65ca884eace8d1.png\" alt=\"Hausfenster mit aufgebrachter Metallreflexionsspiegel-T\u00f6nung\" width=\"800\" height=\"800\" srcset=\"https:\/\/www.carliseppf.com\/wp-content\/uploads\/2025\/10\/decb15c6ed8229b31b65ca884eace8d1.png 800w, https:\/\/www.carliseppf.com\/wp-content\/uploads\/2025\/10\/decb15c6ed8229b31b65ca884eace8d1-300x300.png 300w, https:\/\/www.carliseppf.com\/wp-content\/uploads\/2025\/10\/decb15c6ed8229b31b65ca884eace8d1-150x150.png 150w, https:\/\/www.carliseppf.com\/wp-content\/uploads\/2025\/10\/decb15c6ed8229b31b65ca884eace8d1-768x768.png 768w, https:\/\/www.carliseppf.com\/wp-content\/uploads\/2025\/10\/decb15c6ed8229b31b65ca884eace8d1-370x370.png 370w, https:\/\/www.carliseppf.com\/wp-content\/uploads\/2025\/10\/decb15c6ed8229b31b65ca884eace8d1-120x120.png 120w, https:\/\/www.carliseppf.com\/wp-content\/uploads\/2025\/10\/decb15c6ed8229b31b65ca884eace8d1-410x410.png 410w, https:\/\/www.carliseppf.com\/wp-content\/uploads\/2025\/10\/decb15c6ed8229b31b65ca884eace8d1-630x630.png 630w, https:\/\/www.carliseppf.com\/wp-content\/uploads\/2025\/10\/decb15c6ed8229b31b65ca884eace8d1-730x730.png 730w, https:\/\/www.carliseppf.com\/wp-content\/uploads\/2025\/10\/decb15c6ed8229b31b65ca884eace8d1-460x460.png 460w\" sizes=\"(max-width: 800px) 100vw, 800px\" \/> <img loading=\"lazy\" decoding=\"async\" class=\"alignnone wp-image-9245 size-full\" src=\"https:\/\/www.carliseppf.com\/wp-content\/uploads\/2025\/10\/68abf62cde81ee6ee7a8e9142e2f69d2.png\" alt=\"Spiegel-T\u00f6nung f\u00fcr Hausfenster, Tageslicht-Privatsph\u00e4re-Effekt\" width=\"800\" height=\"800\" srcset=\"https:\/\/www.carliseppf.com\/wp-content\/uploads\/2025\/10\/68abf62cde81ee6ee7a8e9142e2f69d2.png 800w, https:\/\/www.carliseppf.com\/wp-content\/uploads\/2025\/10\/68abf62cde81ee6ee7a8e9142e2f69d2-300x300.png 300w, https:\/\/www.carliseppf.com\/wp-content\/uploads\/2025\/10\/68abf62cde81ee6ee7a8e9142e2f69d2-150x150.png 150w, https:\/\/www.carliseppf.com\/wp-content\/uploads\/2025\/10\/68abf62cde81ee6ee7a8e9142e2f69d2-768x768.png 768w, https:\/\/www.carliseppf.com\/wp-content\/uploads\/2025\/10\/68abf62cde81ee6ee7a8e9142e2f69d2-370x370.png 370w, https:\/\/www.carliseppf.com\/wp-content\/uploads\/2025\/10\/68abf62cde81ee6ee7a8e9142e2f69d2-120x120.png 120w, https:\/\/www.carliseppf.com\/wp-content\/uploads\/2025\/10\/68abf62cde81ee6ee7a8e9142e2f69d2-410x410.png 410w, https:\/\/www.carliseppf.com\/wp-content\/uploads\/2025\/10\/68abf62cde81ee6ee7a8e9142e2f69d2-630x630.png 630w, https:\/\/www.carliseppf.com\/wp-content\/uploads\/2025\/10\/68abf62cde81ee6ee7a8e9142e2f69d2-730x730.png 730w, https:\/\/www.carliseppf.com\/wp-content\/uploads\/2025\/10\/68abf62cde81ee6ee7a8e9142e2f69d2-460x460.png 460w\" sizes=\"(max-width: 800px) 100vw, 800px\" \/><\/p>","protected":false},"excerpt":{"rendered":"<p>Hochleistung <strong data-start=\"503\" data-end=\"536\">Spiegelt\u00f6nung f\u00fcr Hausfenster<\/strong> mit 2mil metallischer Reflexionsbeschichtung. Bietet herausragende W\u00e4rmereflektierung, UV-Schutz, Blendreduzierung und Tagesprivatsph\u00e4re f\u00fcr Wohn- und Gesch\u00e4ftsglassw\u00e4nde. Direktlieferung ab Werk unterst\u00fctzt Gro\u00dfbestellungen und anpassbare Rollenl\u00e4ngen.<\/p>","protected":false},"featured_media":9250,"comment_status":"open","ping_status":"closed","template":"","meta":[],"product_brand":[],"product_cat":[218],"product_tag":[],"class_list":{"0":"post-9249","1":"product","2":"type-product","3":"status-publish","4":"has-post-thumbnail","6":"product_cat-architectural-window-film","8":"first","9":"instock","10":"shipping-taxable","11":"product-type-simple"},"_links":{"self":[{"href":"https:\/\/www.carliseppf.com\/de\/wp-json\/wp\/v2\/product\/9249","targetHints":{"allow":["GET"]}}],"collection":[{"href":"https:\/\/www.carliseppf.com\/de\/wp-json\/wp\/v2\/product"}],"about":[{"href":"https:\/\/www.carliseppf.com\/de\/wp-json\/wp\/v2\/types\/product"}],"replies":[{"embeddable":true,"href":"https:\/\/www.carliseppf.com\/de\/wp-json\/wp\/v2\/comments?post=9249"}],"wp:featuredmedia":[{"embeddable":true,"href":"https:\/\/www.carliseppf.com\/de\/wp-json\/wp\/v2\/media\/9250"}],"wp:attachment":[{"href":"https:\/\/www.carliseppf.com\/de\/wp-json\/wp\/v2\/media?parent=9249"}],"wp:term":[{"taxonomy":"product_brand","embeddable":true,"href":"https:\/\/www.carliseppf.com\/de\/wp-json\/wp\/v2\/product_brand?post=9249"},{"taxonomy":"product_cat","embeddable":true,"href":"https:\/\/www.carliseppf.com\/de\/wp-json\/wp\/v2\/product_cat?post=9249"},{"taxonomy":"product_tag","embeddable":true,"href":"https:\/\/www.carliseppf.com\/de\/wp-json\/wp\/v2\/product_tag?post=9249"}],"curies":[{"name":"wp","href":"https:\/\/api.w.org\/{rel}","templated":true}]}}