{"id":9259,"date":"2025-10-28T03:41:51","date_gmt":"2025-10-28T03:41:51","guid":{"rendered":"https:\/\/www.carliseppf.com\/?post_type=product&#038;p=9259"},"modified":"2025-11-20T11:55:28","modified_gmt":"2025-11-20T11:55:28","slug":"ppf-film-clear-7-5mil-10-year","status":"publish","type":"product","link":"https:\/\/www.carliseppf.com\/de\/product\/ppf-film-clear-7-5mil-10-year\/","title":{"rendered":"10-Jahres-Garantie Klare PPF \u2013 Premium 7,5 Mil TPU PPF-Folie"},"content":{"rendered":"<h2 data-start=\"798\" data-end=\"819\">Produkt\u00fcbersicht<\/h2>\n<p data-start=\"820\" data-end=\"1187\">Dieses <strong data-start=\"825\" data-end=\"837\">PPF-Folie<\/strong> ist gefertigt aus hochwertigem 7,5 Mil TPU-Material mit Lubrizol-Qualit\u00e4t aus Deutschland und Yashlan-Kleber, bietet Hochglanzklarheit, Selbstheilung und Kratzschutz. Perfekt f\u00fcr Voll- oder Teilfolierungen an Autos, Motorr\u00e4dern, Motorhauben, Spiegeln und Dekorplatten. Direktlieferung ab Werk unterst\u00fctzt Gro\u00dfbestellungen und individuelle Gr\u00f6\u00dfen f\u00fcr professionelle Monteure.<\/p>\n<h2 data-start=\"1189\" data-end=\"1213\">Merkmale &amp; Vorteile<\/h2>\n<ul data-start=\"1214\" data-end=\"1501\">\n<li data-start=\"1214\" data-end=\"1260\">\n<p data-start=\"1216\" data-end=\"1260\">Premium <strong data-start=\"1224\" data-end=\"1236\">PPF-Folie<\/strong> mit 10-Jahres-Garantie<\/p>\n<\/li>\n<li data-start=\"1261\" data-end=\"1319\">\n<p data-start=\"1263\" data-end=\"1319\">Hydrophobe, selbstheilende und kratzfeste Technologie<\/p>\n<\/li>\n<li data-start=\"1320\" data-end=\"1369\">\n<p data-start=\"1322\" data-end=\"1369\">7,5 Mil Dicke f\u00fcr langlebige Haltbarkeit<\/p>\n<\/li>\n<li data-start=\"1370\" data-end=\"1420\">\n<p data-start=\"1372\" data-end=\"1420\">Flexibel und einfach anzubringen auf Kurven und Kanten<\/p>\n<\/li>\n<li data-start=\"1421\" data-end=\"1501\">\n<p data-start=\"1423\" data-end=\"1501\">Ideal f\u00fcr vollst\u00e4ndige oder partielle Fahrzeugabdeckungen, Gro\u00dfbestellungen und individuelle Projekte<\/p>\n<\/li>\n<\/ul>\n<h2 data-start=\"1503\" data-end=\"1529\">Hochwertiges Material<\/h2>\n<ul data-start=\"1530\" data-end=\"1656\">\n<li data-start=\"1530\" data-end=\"1564\">\n<p data-start=\"1532\" data-end=\"1564\">Hochwertiger TPU-Autolackschutzfolie<\/p>\n<\/li>\n<li data-start=\"1565\" data-end=\"1596\">\n<p data-start=\"1567\" data-end=\"1596\">UV-best\u00e4ndig und wasserdicht<\/p>\n<\/li>\n<li data-start=\"1597\" data-end=\"1619\">\n<p data-start=\"1599\" data-end=\"1619\">Sicher f\u00fcr OEM-Lackierung<\/p>\n<\/li>\n<li data-start=\"1620\" data-end=\"1656\">\n<p data-start=\"1622\" data-end=\"1656\">Langlebige Outdoor-Performance<\/p>\n<\/li>\n<\/ul>\n<h2 data-start=\"1658\" data-end=\"1691\">Installation &amp; Anpassung<\/h2>\n<ul data-start=\"1692\" data-end=\"1890\">\n<li data-start=\"1692\" data-end=\"1744\">\n<p data-start=\"1694\" data-end=\"1744\">Luftaustrittskleber f\u00fcr blasenfreie Anwendung<\/p>\n<\/li>\n<li data-start=\"1745\" data-end=\"1783\">\n<p data-start=\"1747\" data-end=\"1783\">Hitzebest\u00e4ndig f\u00fcr Kurven und Kanten<\/p>\n<\/li>\n<li data-start=\"1784\" data-end=\"1835\">\n<p data-start=\"1786\" data-end=\"1835\">Anpassbare Rollen f\u00fcr Gro\u00df- oder Gro\u00dfhandelsbestellungen<\/p>\n<\/li>\n<li data-start=\"1836\" data-end=\"1890\">\n<p data-start=\"1838\" data-end=\"1890\">Geeignet f\u00fcr professionelle Monteure und Heimwerker<\/p>\n<\/li>\n<\/ul>\n<h2 data-start=\"1892\" data-end=\"1909\">Anwendungen<\/h2>\n<ul data-start=\"1910\" data-end=\"2087\">\n<li data-start=\"1910\" data-end=\"1957\">\n<p data-start=\"1912\" data-end=\"1957\">Vollst\u00e4ndige Fahrzeugbeklebungen: Autos, SUVs, Motorr\u00e4der<\/p>\n<\/li>\n<li data-start=\"1958\" data-end=\"2008\">\n<p data-start=\"1960\" data-end=\"2008\">Teilfolierungen: Motorhauben, D\u00e4cher, Spiegel, Spoiler<\/p>\n<\/li>\n<li data-start=\"2009\" data-end=\"2049\">\n<p data-start=\"2011\" data-end=\"2049\">Innenverkleidungen und Dekorationspaneele<\/p>\n<\/li>\n<li data-start=\"2050\" data-end=\"2087\">\n<p data-start=\"2052\" data-end=\"2087\">Perfekt f\u00fcr <strong data-start=\"2064\" data-end=\"2076\">PPF-Folie<\/strong> Projekte<\/p>\n<\/li>\n<\/ul>\n<h2 data-start=\"2089\" data-end=\"2108\">Hauptvorteile<\/h2>\n<ul data-start=\"2109\" data-end=\"2384\">\n<li data-start=\"2109\" data-end=\"2157\">\n<p data-start=\"2111\" data-end=\"2157\">Direktlieferung ab Werk und Gro\u00dfkundenanpassung<\/p>\n<\/li>\n<li data-start=\"2158\" data-end=\"2216\">\n<p data-start=\"2160\" data-end=\"2216\">Hydrophobe, selbstheilende und kratzfeste Schutzbeschichtung<\/p>\n<\/li>\n<li data-start=\"2217\" data-end=\"2260\">\n<p data-start=\"2219\" data-end=\"2260\">Professionelle Qualit\u00e4t <strong data-start=\"2238\" data-end=\"2250\">PPF-Folie<\/strong> Qualit\u00e4t<\/p>\n<\/li>\n<li data-start=\"2261\" data-end=\"2324\">\n<p data-start=\"2263\" data-end=\"2324\">Einfache Installation f\u00fcr Heimwerker und professionelle Installateure<\/p>\n<\/li>\n<li data-start=\"2325\" data-end=\"2384\">\n<p data-start=\"2327\" data-end=\"2384\">Ideal f\u00fcr Autowerkst\u00e4tten, Monteure und Enthusiasten<\/p>\n<\/li>\n<\/ul>\n<h2 data-start=\"2386\" data-end=\"2407\">Paket beinhaltet<\/h2>\n<ul data-start=\"2408\" data-end=\"2517\">\n<li data-start=\"2408\" data-end=\"2448\">\n<p data-start=\"2410\" data-end=\"2448\">1 Rolle 7,5 Mil klare TPU PPF-Folie<\/p>\n<\/li>\n<li data-start=\"2449\" data-end=\"2517\">\n<p data-start=\"2451\" data-end=\"2517\">Optionales Installationswerkzeugset: Rakel, Klinge, Mikrofasertuch<\/p>\n<\/li>\n<\/ul>\n<h2 data-start=\"2519\" data-end=\"2548\">Warum dieses Produkt w\u00e4hlen?<\/h2>\n<p data-start=\"2549\" data-end=\"2793\">Dieses <strong data-start=\"2554\" data-end=\"2566\">PPF-Folie<\/strong> liefert professionellen Lackschutz mit 10-j\u00e4hriger Haltbarkeit, Lubrizol-Qualit\u00e4t aus Deutschland und Yashlan-Klebstoff. Voll anpassbar f\u00fcr Gro\u00df- oder Einzelbestellungen, ideal f\u00fcr Monteure, Gro\u00dfh\u00e4ndler und Autoenthusiasten.<\/p>\n<p><img fetchpriority=\"high\" decoding=\"async\" class=\"alignnone wp-image-9255 size-full\" src=\"https:\/\/www.carliseppf.com\/wp-content\/uploads\/2025\/10\/25c7ff18d03fce79381c95f5f50cfe95.png\" alt=\"PPF-Folie\" width=\"800\" height=\"800\" srcset=\"https:\/\/www.carliseppf.com\/wp-content\/uploads\/2025\/10\/25c7ff18d03fce79381c95f5f50cfe95.png 800w, https:\/\/www.carliseppf.com\/wp-content\/uploads\/2025\/10\/25c7ff18d03fce79381c95f5f50cfe95-300x300.png 300w, https:\/\/www.carliseppf.com\/wp-content\/uploads\/2025\/10\/25c7ff18d03fce79381c95f5f50cfe95-150x150.png 150w, https:\/\/www.carliseppf.com\/wp-content\/uploads\/2025\/10\/25c7ff18d03fce79381c95f5f50cfe95-768x768.png 768w, https:\/\/www.carliseppf.com\/wp-content\/uploads\/2025\/10\/25c7ff18d03fce79381c95f5f50cfe95-370x370.png 370w, https:\/\/www.carliseppf.com\/wp-content\/uploads\/2025\/10\/25c7ff18d03fce79381c95f5f50cfe95-120x120.png 120w, https:\/\/www.carliseppf.com\/wp-content\/uploads\/2025\/10\/25c7ff18d03fce79381c95f5f50cfe95-410x410.png 410w, https:\/\/www.carliseppf.com\/wp-content\/uploads\/2025\/10\/25c7ff18d03fce79381c95f5f50cfe95-630x630.png 630w, https:\/\/www.carliseppf.com\/wp-content\/uploads\/2025\/10\/25c7ff18d03fce79381c95f5f50cfe95-730x730.png 730w, https:\/\/www.carliseppf.com\/wp-content\/uploads\/2025\/10\/25c7ff18d03fce79381c95f5f50cfe95-460x460.png 460w\" sizes=\"(max-width: 800px) 100vw, 800px\" \/> <img decoding=\"async\" class=\"alignnone wp-image-9253 size-full\" src=\"https:\/\/www.carliseppf.com\/wp-content\/uploads\/2025\/10\/3a997d47de1f32ea3c0c6af268b88a03.png\" alt=\"PPF-Folie \u2013 7,5 Mil klare TPU-Lackschutzfolie f\u00fcr Vollfolierung\" width=\"800\" height=\"800\" srcset=\"https:\/\/www.carliseppf.com\/wp-content\/uploads\/2025\/10\/3a997d47de1f32ea3c0c6af268b88a03.png 800w, https:\/\/www.carliseppf.com\/wp-content\/uploads\/2025\/10\/3a997d47de1f32ea3c0c6af268b88a03-300x300.png 300w, https:\/\/www.carliseppf.com\/wp-content\/uploads\/2025\/10\/3a997d47de1f32ea3c0c6af268b88a03-150x150.png 150w, https:\/\/www.carliseppf.com\/wp-content\/uploads\/2025\/10\/3a997d47de1f32ea3c0c6af268b88a03-768x768.png 768w, https:\/\/www.carliseppf.com\/wp-content\/uploads\/2025\/10\/3a997d47de1f32ea3c0c6af268b88a03-370x370.png 370w, https:\/\/www.carliseppf.com\/wp-content\/uploads\/2025\/10\/3a997d47de1f32ea3c0c6af268b88a03-120x120.png 120w, https:\/\/www.carliseppf.com\/wp-content\/uploads\/2025\/10\/3a997d47de1f32ea3c0c6af268b88a03-410x410.png 410w, https:\/\/www.carliseppf.com\/wp-content\/uploads\/2025\/10\/3a997d47de1f32ea3c0c6af268b88a03-630x630.png 630w, https:\/\/www.carliseppf.com\/wp-content\/uploads\/2025\/10\/3a997d47de1f32ea3c0c6af268b88a03-730x730.png 730w, https:\/\/www.carliseppf.com\/wp-content\/uploads\/2025\/10\/3a997d47de1f32ea3c0c6af268b88a03-460x460.png 460w\" sizes=\"(max-width: 800px) 100vw, 800px\" \/> <img decoding=\"async\" class=\"alignnone wp-image-9257 size-full\" src=\"https:\/\/www.carliseppf.com\/wp-content\/uploads\/2025\/10\/2672cc8791b66ee7f2c8b62c55ce68f7.png\" alt=\"PPF-Folie \u2013 Hydrophobe Selbstheilende Kratzfeste Autoprotektionsfolie\" width=\"800\" height=\"800\" srcset=\"https:\/\/www.carliseppf.com\/wp-content\/uploads\/2025\/10\/2672cc8791b66ee7f2c8b62c55ce68f7.png 800w, https:\/\/www.carliseppf.com\/wp-content\/uploads\/2025\/10\/2672cc8791b66ee7f2c8b62c55ce68f7-300x300.png 300w, https:\/\/www.carliseppf.com\/wp-content\/uploads\/2025\/10\/2672cc8791b66ee7f2c8b62c55ce68f7-150x150.png 150w, https:\/\/www.carliseppf.com\/wp-content\/uploads\/2025\/10\/2672cc8791b66ee7f2c8b62c55ce68f7-768x768.png 768w, https:\/\/www.carliseppf.com\/wp-content\/uploads\/2025\/10\/2672cc8791b66ee7f2c8b62c55ce68f7-370x370.png 370w, https:\/\/www.carliseppf.com\/wp-content\/uploads\/2025\/10\/2672cc8791b66ee7f2c8b62c55ce68f7-120x120.png 120w, https:\/\/www.carliseppf.com\/wp-content\/uploads\/2025\/10\/2672cc8791b66ee7f2c8b62c55ce68f7-410x410.png 410w, https:\/\/www.carliseppf.com\/wp-content\/uploads\/2025\/10\/2672cc8791b66ee7f2c8b62c55ce68f7-630x630.png 630w, https:\/\/www.carliseppf.com\/wp-content\/uploads\/2025\/10\/2672cc8791b66ee7f2c8b62c55ce68f7-730x730.png 730w, https:\/\/www.carliseppf.com\/wp-content\/uploads\/2025\/10\/2672cc8791b66ee7f2c8b62c55ce68f7-460x460.png 460w\" sizes=\"(max-width: 800px) 100vw, 800px\" \/> <img loading=\"lazy\" decoding=\"async\" class=\"alignnone wp-image-9258 size-full\" src=\"https:\/\/www.carliseppf.com\/wp-content\/uploads\/2025\/10\/864618d976298df0cf3cabf0e6edd00d.png\" alt=\"PPF-Folie \u2013 Hochwertiger transparenter 7,5 Mil Lackschutz f\u00fcr Fahrzeuge\" width=\"800\" height=\"800\" srcset=\"https:\/\/www.carliseppf.com\/wp-content\/uploads\/2025\/10\/864618d976298df0cf3cabf0e6edd00d.png 800w, https:\/\/www.carliseppf.com\/wp-content\/uploads\/2025\/10\/864618d976298df0cf3cabf0e6edd00d-300x300.png 300w, https:\/\/www.carliseppf.com\/wp-content\/uploads\/2025\/10\/864618d976298df0cf3cabf0e6edd00d-150x150.png 150w, https:\/\/www.carliseppf.com\/wp-content\/uploads\/2025\/10\/864618d976298df0cf3cabf0e6edd00d-768x768.png 768w, https:\/\/www.carliseppf.com\/wp-content\/uploads\/2025\/10\/864618d976298df0cf3cabf0e6edd00d-370x370.png 370w, https:\/\/www.carliseppf.com\/wp-content\/uploads\/2025\/10\/864618d976298df0cf3cabf0e6edd00d-120x120.png 120w, https:\/\/www.carliseppf.com\/wp-content\/uploads\/2025\/10\/864618d976298df0cf3cabf0e6edd00d-410x410.png 410w, https:\/\/www.carliseppf.com\/wp-content\/uploads\/2025\/10\/864618d976298df0cf3cabf0e6edd00d-630x630.png 630w, https:\/\/www.carliseppf.com\/wp-content\/uploads\/2025\/10\/864618d976298df0cf3cabf0e6edd00d-730x730.png 730w, https:\/\/www.carliseppf.com\/wp-content\/uploads\/2025\/10\/864618d976298df0cf3cabf0e6edd00d-460x460.png 460w\" sizes=\"(max-width: 800px) 100vw, 800px\" \/> <img loading=\"lazy\" decoding=\"async\" class=\"alignnone wp-image-9254 size-full\" src=\"https:\/\/www.carliseppf.com\/wp-content\/uploads\/2025\/10\/5b6b94d510df62466bd694977cc0df89.png\" alt=\"PPF-Folie \u2013 Vollfahrzeugabdeckung Hochglanz TPU-Fahrzeugfolie\" width=\"800\" height=\"491\" srcset=\"https:\/\/www.carliseppf.com\/wp-content\/uploads\/2025\/10\/5b6b94d510df62466bd694977cc0df89.png 800w, https:\/\/www.carliseppf.com\/wp-content\/uploads\/2025\/10\/5b6b94d510df62466bd694977cc0df89-300x184.png 300w, https:\/\/www.carliseppf.com\/wp-content\/uploads\/2025\/10\/5b6b94d510df62466bd694977cc0df89-768x471.png 768w, https:\/\/www.carliseppf.com\/wp-content\/uploads\/2025\/10\/5b6b94d510df62466bd694977cc0df89-370x227.png 370w, https:\/\/www.carliseppf.com\/wp-content\/uploads\/2025\/10\/5b6b94d510df62466bd694977cc0df89-410x252.png 410w, https:\/\/www.carliseppf.com\/wp-content\/uploads\/2025\/10\/5b6b94d510df62466bd694977cc0df89-730x448.png 730w\" sizes=\"(max-width: 800px) 100vw, 800px\" \/> <img loading=\"lazy\" decoding=\"async\" class=\"alignnone wp-image-9256 size-full\" src=\"https:\/\/www.carliseppf.com\/wp-content\/uploads\/2025\/10\/567c3cfba8d37c87cd094403c3bf00b5.png\" alt=\"PPF-Folie \u2013 Professionelle Installation klare Lackschutzfolie\" width=\"800\" height=\"465\" srcset=\"https:\/\/www.carliseppf.com\/wp-content\/uploads\/2025\/10\/567c3cfba8d37c87cd094403c3bf00b5.png 800w, https:\/\/www.carliseppf.com\/wp-content\/uploads\/2025\/10\/567c3cfba8d37c87cd094403c3bf00b5-300x174.png 300w, https:\/\/www.carliseppf.com\/wp-content\/uploads\/2025\/10\/567c3cfba8d37c87cd094403c3bf00b5-768x446.png 768w, https:\/\/www.carliseppf.com\/wp-content\/uploads\/2025\/10\/567c3cfba8d37c87cd094403c3bf00b5-370x215.png 370w, https:\/\/www.carliseppf.com\/wp-content\/uploads\/2025\/10\/567c3cfba8d37c87cd094403c3bf00b5-410x238.png 410w, https:\/\/www.carliseppf.com\/wp-content\/uploads\/2025\/10\/567c3cfba8d37c87cd094403c3bf00b5-730x424.png 730w\" sizes=\"(max-width: 800px) 100vw, 800px\" \/><\/p>","protected":false},"excerpt":{"rendered":"<p>Hochwertig <strong data-start=\"460\" data-end=\"472\">PPF-Folie<\/strong> mit 10-j\u00e4hriger Garantie von Lubrizol (Deutschland) und Yashlan Klebstoff. 7,5 Mil klare TPU-Lackschutzfolie bietet Selbstheilung, Kratzfestigkeit und langlebige Haltbarkeit. Direktlieferung ab Werk unterst\u00fctzt Gro\u00dfbestellungen und Anpassungen. Ideal f\u00fcr professionelle Monteure, Autowerkst\u00e4tten und Autoenthusiasten.<\/p>","protected":false},"featured_media":9260,"comment_status":"open","ping_status":"closed","template":"","meta":[],"product_brand":[],"product_cat":[215],"product_tag":[],"class_list":{"0":"post-9259","1":"product","2":"type-product","3":"status-publish","4":"has-post-thumbnail","6":"product_cat-paint-protection-film-ppf","8":"first","9":"instock","10":"shipping-taxable","11":"product-type-simple"},"_links":{"self":[{"href":"https:\/\/www.carliseppf.com\/de\/wp-json\/wp\/v2\/product\/9259","targetHints":{"allow":["GET"]}}],"collection":[{"href":"https:\/\/www.carliseppf.com\/de\/wp-json\/wp\/v2\/product"}],"about":[{"href":"https:\/\/www.carliseppf.com\/de\/wp-json\/wp\/v2\/types\/product"}],"replies":[{"embeddable":true,"href":"https:\/\/www.carliseppf.com\/de\/wp-json\/wp\/v2\/comments?post=9259"}],"wp:featuredmedia":[{"embeddable":true,"href":"https:\/\/www.carliseppf.com\/de\/wp-json\/wp\/v2\/media\/9260"}],"wp:attachment":[{"href":"https:\/\/www.carliseppf.com\/de\/wp-json\/wp\/v2\/media?parent=9259"}],"wp:term":[{"taxonomy":"product_brand","embeddable":true,"href":"https:\/\/www.carliseppf.com\/de\/wp-json\/wp\/v2\/product_brand?post=9259"},{"taxonomy":"product_cat","embeddable":true,"href":"https:\/\/www.carliseppf.com\/de\/wp-json\/wp\/v2\/product_cat?post=9259"},{"taxonomy":"product_tag","embeddable":true,"href":"https:\/\/www.carliseppf.com\/de\/wp-json\/wp\/v2\/product_tag?post=9259"}],"curies":[{"name":"wp","href":"https:\/\/api.w.org\/{rel}","templated":true}]}}