{"id":9261,"date":"2025-10-28T03:43:49","date_gmt":"2025-10-28T03:43:49","guid":{"rendered":"https:\/\/www.carliseppf.com\/?post_type=product&#038;p=9261"},"modified":"2025-11-20T11:45:49","modified_gmt":"2025-11-20T11:45:49","slug":"clear-ppf-high-gloss-7-5mil","status":"publish","type":"product","link":"https:\/\/www.carliseppf.com\/de\/product\/clear-ppf-high-gloss-7-5mil\/","title":{"rendered":"Hochglanz Klarer PPF \u2013 Hydrophober TPU 7,5 Mil Lackschutzfolie"},"content":{"rendered":"<h2 data-start=\"740\" data-end=\"761\">Produkt\u00fcbersicht<\/h2>\n<p data-start=\"762\" data-end=\"1118\">Dieses <strong data-start=\"767\" data-end=\"780\">klarer PPF<\/strong> ist aus hochwertigem 7,5 Mil TPU-Material mit hochgl\u00e4nzendem, hydrophoben Finish gefertigt. Es bietet \u00fcberlegene Selbstheilung und Kratzschutz f\u00fcr vollst\u00e4ndige oder partielle Fahrzeugbeklebungen. Perfekt f\u00fcr Autos, Motorr\u00e4der, Motorhauben, Spiegel und Dekorplatten. Direkt vom Hersteller, unterst\u00fctzt Gro\u00dfbestellungen und individuelle Gr\u00f6\u00dfenanpassungen f\u00fcr professionelle Monteure.<\/p>\n<h2 style=\"color: #ffffff; font-family: Manrope, sans-serif; font-size: 47.005px; font-weight: 600; font-style: normal; line-height: 47.9921px; text-decoration: none; text-transform: none; letter-spacing: normal; margin-top: 31.4934px; margin-bottom: 22.5624px; outline: 0px;\" data-start=\"1603\" data-end=\"1636\"><img fetchpriority=\"high\" decoding=\"async\" class=\"alignnone wp-image-9255 size-full\" style=\"color: #c0c0c1; font-size: 17px; font-weight: 400;\" src=\"https:\/\/www.carliseppf.com\/wp-content\/uploads\/2025\/10\/25c7ff18d03fce79381c95f5f50cfe95.png\" alt=\"klarer PPF\" width=\"800\" height=\"800\" srcset=\"https:\/\/www.carliseppf.com\/wp-content\/uploads\/2025\/10\/25c7ff18d03fce79381c95f5f50cfe95.png 800w, https:\/\/www.carliseppf.com\/wp-content\/uploads\/2025\/10\/25c7ff18d03fce79381c95f5f50cfe95-300x300.png 300w, https:\/\/www.carliseppf.com\/wp-content\/uploads\/2025\/10\/25c7ff18d03fce79381c95f5f50cfe95-150x150.png 150w, https:\/\/www.carliseppf.com\/wp-content\/uploads\/2025\/10\/25c7ff18d03fce79381c95f5f50cfe95-768x768.png 768w, https:\/\/www.carliseppf.com\/wp-content\/uploads\/2025\/10\/25c7ff18d03fce79381c95f5f50cfe95-370x370.png 370w, https:\/\/www.carliseppf.com\/wp-content\/uploads\/2025\/10\/25c7ff18d03fce79381c95f5f50cfe95-120x120.png 120w, https:\/\/www.carliseppf.com\/wp-content\/uploads\/2025\/10\/25c7ff18d03fce79381c95f5f50cfe95-410x410.png 410w, https:\/\/www.carliseppf.com\/wp-content\/uploads\/2025\/10\/25c7ff18d03fce79381c95f5f50cfe95-630x630.png 630w, https:\/\/www.carliseppf.com\/wp-content\/uploads\/2025\/10\/25c7ff18d03fce79381c95f5f50cfe95-730x730.png 730w, https:\/\/www.carliseppf.com\/wp-content\/uploads\/2025\/10\/25c7ff18d03fce79381c95f5f50cfe95-460x460.png 460w\" sizes=\"(max-width: 800px) 100vw, 800px\" \/><\/h2>\n<h2 data-start=\"1120\" data-end=\"1144\">Merkmale &amp; Vorteile<\/h2>\n<ul data-start=\"1145\" data-end=\"1448\">\n<li data-start=\"1145\" data-end=\"1207\">\n<p data-start=\"1147\" data-end=\"1207\">Hochglanz <strong data-start=\"1158\" data-end=\"1171\">klarer PPF<\/strong> f\u00fcr ultimativen Glanz und Schutz<\/p>\n<\/li>\n<li data-start=\"1208\" data-end=\"1266\">\n<p data-start=\"1210\" data-end=\"1266\">Hydrophobe, selbstheilende und kratzfeste Technologie<\/p>\n<\/li>\n<li data-start=\"1267\" data-end=\"1316\">\n<p data-start=\"1269\" data-end=\"1316\">7,5 Mil Dicke f\u00fcr langlebige Haltbarkeit<\/p>\n<\/li>\n<li data-start=\"1317\" data-end=\"1367\">\n<p data-start=\"1319\" data-end=\"1367\">Flexibel und einfach anzubringen auf Kurven und Kanten<\/p>\n<\/li>\n<li data-start=\"1368\" data-end=\"1448\">\n<p data-start=\"1370\" data-end=\"1448\">Ideal f\u00fcr vollst\u00e4ndige oder partielle Fahrzeugabdeckungen, Gro\u00dfbestellungen und individuelle Projekte<\/p>\n<\/li>\n<\/ul>\n<h2 data-start=\"1450\" data-end=\"1476\">Hochwertiges Material<\/h2>\n<ul data-start=\"1477\" data-end=\"1601\">\n<li data-start=\"1477\" data-end=\"1509\">\n<p data-start=\"1479\" data-end=\"1509\">Premium TPU-Autolackfolie<\/p>\n<\/li>\n<li data-start=\"1510\" data-end=\"1541\">\n<p data-start=\"1512\" data-end=\"1541\">UV-best\u00e4ndig und wasserdicht<\/p>\n<\/li>\n<li data-start=\"1542\" data-end=\"1564\">\n<p data-start=\"1544\" data-end=\"1564\">Sicher f\u00fcr OEM-Lackierung<\/p>\n<\/li>\n<li data-start=\"1565\" data-end=\"1601\">\n<p data-start=\"1567\" data-end=\"1601\">Langlebige Outdoor-Performance<\/p>\n<\/li>\n<\/ul>\n<h2 data-start=\"1603\" data-end=\"1636\">Installation &amp; Anpassung<\/h2>\n<ul data-start=\"1637\" data-end=\"1835\">\n<li data-start=\"1637\" data-end=\"1689\">\n<p data-start=\"1639\" data-end=\"1689\">Luftaustrittskleber f\u00fcr blasenfreie Anwendung<\/p>\n<\/li>\n<li data-start=\"1690\" data-end=\"1728\">\n<p data-start=\"1692\" data-end=\"1728\">Hitzebest\u00e4ndig f\u00fcr Kurven und Kanten<\/p>\n<\/li>\n<li data-start=\"1729\" data-end=\"1780\">\n<p data-start=\"1731\" data-end=\"1780\">Anpassbare Rollen f\u00fcr Gro\u00df- oder Gro\u00dfhandelsbestellungen<\/p>\n<\/li>\n<li data-start=\"1781\" data-end=\"1835\">\n<p data-start=\"1783\" data-end=\"1835\">Geeignet f\u00fcr professionelle Monteure und Heimwerker<\/p>\n<\/li>\n<\/ul>\n<h2 data-start=\"1837\" data-end=\"1854\">Anwendungen<\/h2>\n<ul data-start=\"1855\" data-end=\"2033\">\n<li data-start=\"1855\" data-end=\"1902\">\n<p data-start=\"1857\" data-end=\"1902\">Vollst\u00e4ndige Fahrzeugbeklebungen: Autos, SUVs, Motorr\u00e4der<\/p>\n<\/li>\n<li data-start=\"1903\" data-end=\"1953\">\n<p data-start=\"1905\" data-end=\"1953\">Teilfolierungen: Motorhauben, D\u00e4cher, Spiegel, Spoiler<\/p>\n<\/li>\n<li data-start=\"1954\" data-end=\"1994\">\n<p data-start=\"1956\" data-end=\"1994\">Innenverkleidungen und Dekorationspaneele<\/p>\n<\/li>\n<li data-start=\"1995\" data-end=\"2033\">\n<p data-start=\"1997\" data-end=\"2033\">Perfekt f\u00fcr <strong data-start=\"2009\" data-end=\"2022\">klarer PPF<\/strong> Projekte<\/p>\n<\/li>\n<\/ul>\n<h2 data-start=\"2035\" data-end=\"2054\">Hauptvorteile<\/h2>\n<ul data-start=\"2055\" data-end=\"2328\">\n<li data-start=\"2055\" data-end=\"2088\">\n<p data-start=\"2057\" data-end=\"2088\">Premium <strong data-start=\"2065\" data-end=\"2078\">klarer PPF<\/strong> Qualit\u00e4t<\/p>\n<\/li>\n<li data-start=\"2089\" data-end=\"2147\">\n<p data-start=\"2091\" data-end=\"2147\">Hydrophobe, selbstheilende und kratzfeste Schutzbeschichtung<\/p>\n<\/li>\n<li data-start=\"2148\" data-end=\"2202\">\n<p data-start=\"2150\" data-end=\"2202\">Direkt vom Hersteller, vollst\u00e4ndig anpassbar f\u00fcr Gro\u00dfbestellungen<\/p>\n<\/li>\n<li data-start=\"2203\" data-end=\"2266\">\n<p data-start=\"2205\" data-end=\"2266\">Einfache Installation f\u00fcr Heimwerker und professionelle Installateure<\/p>\n<\/li>\n<li data-start=\"2267\" data-end=\"2328\">\n<p data-start=\"2269\" data-end=\"2328\">Perfekt f\u00fcr Autowerkst\u00e4tten, Installateure und Enthusiasten<\/p>\n<\/li>\n<\/ul>\n<h2 data-start=\"2330\" data-end=\"2351\">Paket beinhaltet<\/h2>\n<ul data-start=\"2352\" data-end=\"2470\">\n<li data-start=\"2352\" data-end=\"2401\">\n<p data-start=\"2354\" data-end=\"2401\">1 Rolle Hochglanz-Klar-PPF-Film (7,5 Mil)<\/p>\n<\/li>\n<li data-start=\"2402\" data-end=\"2470\">\n<p data-start=\"2404\" data-end=\"2470\">Optionales Installationswerkzeugset: Rakel, Klinge, Mikrofasertuch<\/p>\n<\/li>\n<\/ul>\n<h2 data-start=\"2472\" data-end=\"2501\">Warum dieses Produkt w\u00e4hlen?<\/h2>\n<p data-start=\"2502\" data-end=\"2740\">Direkt vom Hersteller <strong data-start=\"2522\" data-end=\"2535\">klarer PPF<\/strong> bietet professionellen Schutz, hydrophobe Leistung und langlebige Haltbarkeit. Vollst\u00e4ndig anpassbar f\u00fcr Gro\u00df- oder Einzelbestellungen, ideal f\u00fcr Installateure, Gro\u00dfh\u00e4ndler und Autoenthusiasten.<\/p>\n<p>\u00a0<img decoding=\"async\" class=\"alignnone wp-image-9253 size-full\" src=\"https:\/\/www.carliseppf.com\/wp-content\/uploads\/2025\/10\/3a997d47de1f32ea3c0c6af268b88a03.png\" alt=\"Klarer PPF \u2013 Hochglanz-Hydrophobe TPU 7,5 Mil Vollfahrzeugfolie\" width=\"800\" height=\"800\" srcset=\"https:\/\/www.carliseppf.com\/wp-content\/uploads\/2025\/10\/3a997d47de1f32ea3c0c6af268b88a03.png 800w, https:\/\/www.carliseppf.com\/wp-content\/uploads\/2025\/10\/3a997d47de1f32ea3c0c6af268b88a03-300x300.png 300w, https:\/\/www.carliseppf.com\/wp-content\/uploads\/2025\/10\/3a997d47de1f32ea3c0c6af268b88a03-150x150.png 150w, https:\/\/www.carliseppf.com\/wp-content\/uploads\/2025\/10\/3a997d47de1f32ea3c0c6af268b88a03-768x768.png 768w, https:\/\/www.carliseppf.com\/wp-content\/uploads\/2025\/10\/3a997d47de1f32ea3c0c6af268b88a03-370x370.png 370w, https:\/\/www.carliseppf.com\/wp-content\/uploads\/2025\/10\/3a997d47de1f32ea3c0c6af268b88a03-120x120.png 120w, https:\/\/www.carliseppf.com\/wp-content\/uploads\/2025\/10\/3a997d47de1f32ea3c0c6af268b88a03-410x410.png 410w, https:\/\/www.carliseppf.com\/wp-content\/uploads\/2025\/10\/3a997d47de1f32ea3c0c6af268b88a03-630x630.png 630w, https:\/\/www.carliseppf.com\/wp-content\/uploads\/2025\/10\/3a997d47de1f32ea3c0c6af268b88a03-730x730.png 730w, https:\/\/www.carliseppf.com\/wp-content\/uploads\/2025\/10\/3a997d47de1f32ea3c0c6af268b88a03-460x460.png 460w\" sizes=\"(max-width: 800px) 100vw, 800px\" \/> <img decoding=\"async\" class=\"alignnone wp-image-9257 size-full\" src=\"https:\/\/www.carliseppf.com\/wp-content\/uploads\/2025\/10\/2672cc8791b66ee7f2c8b62c55ce68f7.png\" alt=\"Klarer PPF \u2013 Premium TPU-Lackschutzfolie Seitenansicht\" width=\"800\" height=\"800\" srcset=\"https:\/\/www.carliseppf.com\/wp-content\/uploads\/2025\/10\/2672cc8791b66ee7f2c8b62c55ce68f7.png 800w, https:\/\/www.carliseppf.com\/wp-content\/uploads\/2025\/10\/2672cc8791b66ee7f2c8b62c55ce68f7-300x300.png 300w, https:\/\/www.carliseppf.com\/wp-content\/uploads\/2025\/10\/2672cc8791b66ee7f2c8b62c55ce68f7-150x150.png 150w, https:\/\/www.carliseppf.com\/wp-content\/uploads\/2025\/10\/2672cc8791b66ee7f2c8b62c55ce68f7-768x768.png 768w, https:\/\/www.carliseppf.com\/wp-content\/uploads\/2025\/10\/2672cc8791b66ee7f2c8b62c55ce68f7-370x370.png 370w, https:\/\/www.carliseppf.com\/wp-content\/uploads\/2025\/10\/2672cc8791b66ee7f2c8b62c55ce68f7-120x120.png 120w, https:\/\/www.carliseppf.com\/wp-content\/uploads\/2025\/10\/2672cc8791b66ee7f2c8b62c55ce68f7-410x410.png 410w, https:\/\/www.carliseppf.com\/wp-content\/uploads\/2025\/10\/2672cc8791b66ee7f2c8b62c55ce68f7-630x630.png 630w, https:\/\/www.carliseppf.com\/wp-content\/uploads\/2025\/10\/2672cc8791b66ee7f2c8b62c55ce68f7-730x730.png 730w, https:\/\/www.carliseppf.com\/wp-content\/uploads\/2025\/10\/2672cc8791b66ee7f2c8b62c55ce68f7-460x460.png 460w\" sizes=\"(max-width: 800px) 100vw, 800px\" \/> <img loading=\"lazy\" decoding=\"async\" class=\"alignnone wp-image-9258 size-full\" src=\"https:\/\/www.carliseppf.com\/wp-content\/uploads\/2025\/10\/864618d976298df0cf3cabf0e6edd00d.png\" alt=\"Klarer PPF \u2013 Hydrophobe Selbstheilende Kratzfeste Auto-Folie\" width=\"800\" height=\"800\" srcset=\"https:\/\/www.carliseppf.com\/wp-content\/uploads\/2025\/10\/864618d976298df0cf3cabf0e6edd00d.png 800w, https:\/\/www.carliseppf.com\/wp-content\/uploads\/2025\/10\/864618d976298df0cf3cabf0e6edd00d-300x300.png 300w, https:\/\/www.carliseppf.com\/wp-content\/uploads\/2025\/10\/864618d976298df0cf3cabf0e6edd00d-150x150.png 150w, https:\/\/www.carliseppf.com\/wp-content\/uploads\/2025\/10\/864618d976298df0cf3cabf0e6edd00d-768x768.png 768w, https:\/\/www.carliseppf.com\/wp-content\/uploads\/2025\/10\/864618d976298df0cf3cabf0e6edd00d-370x370.png 370w, https:\/\/www.carliseppf.com\/wp-content\/uploads\/2025\/10\/864618d976298df0cf3cabf0e6edd00d-120x120.png 120w, https:\/\/www.carliseppf.com\/wp-content\/uploads\/2025\/10\/864618d976298df0cf3cabf0e6edd00d-410x410.png 410w, https:\/\/www.carliseppf.com\/wp-content\/uploads\/2025\/10\/864618d976298df0cf3cabf0e6edd00d-630x630.png 630w, https:\/\/www.carliseppf.com\/wp-content\/uploads\/2025\/10\/864618d976298df0cf3cabf0e6edd00d-730x730.png 730w, https:\/\/www.carliseppf.com\/wp-content\/uploads\/2025\/10\/864618d976298df0cf3cabf0e6edd00d-460x460.png 460w\" sizes=\"(max-width: 800px) 100vw, 800px\" \/> <img loading=\"lazy\" decoding=\"async\" class=\"alignnone wp-image-9254 size-full\" src=\"https:\/\/www.carliseppf.com\/wp-content\/uploads\/2025\/10\/5b6b94d510df62466bd694977cc0df89.png\" alt=\"Klarer PPF \u2013 Vollfahrzeugabdeckung Hochglanz TPU-Folie\" width=\"800\" height=\"491\" srcset=\"https:\/\/www.carliseppf.com\/wp-content\/uploads\/2025\/10\/5b6b94d510df62466bd694977cc0df89.png 800w, https:\/\/www.carliseppf.com\/wp-content\/uploads\/2025\/10\/5b6b94d510df62466bd694977cc0df89-300x184.png 300w, https:\/\/www.carliseppf.com\/wp-content\/uploads\/2025\/10\/5b6b94d510df62466bd694977cc0df89-768x471.png 768w, https:\/\/www.carliseppf.com\/wp-content\/uploads\/2025\/10\/5b6b94d510df62466bd694977cc0df89-370x227.png 370w, https:\/\/www.carliseppf.com\/wp-content\/uploads\/2025\/10\/5b6b94d510df62466bd694977cc0df89-410x252.png 410w, https:\/\/www.carliseppf.com\/wp-content\/uploads\/2025\/10\/5b6b94d510df62466bd694977cc0df89-730x448.png 730w\" sizes=\"(max-width: 800px) 100vw, 800px\" \/> <img loading=\"lazy\" decoding=\"async\" class=\"alignnone wp-image-9256 size-full\" src=\"https:\/\/www.carliseppf.com\/wp-content\/uploads\/2025\/10\/567c3cfba8d37c87cd094403c3bf00b5.png\" alt=\"Klarer PPF \u2013 Professionelle Installation Hochglanz-Autoprotektion\" width=\"800\" height=\"465\" srcset=\"https:\/\/www.carliseppf.com\/wp-content\/uploads\/2025\/10\/567c3cfba8d37c87cd094403c3bf00b5.png 800w, https:\/\/www.carliseppf.com\/wp-content\/uploads\/2025\/10\/567c3cfba8d37c87cd094403c3bf00b5-300x174.png 300w, https:\/\/www.carliseppf.com\/wp-content\/uploads\/2025\/10\/567c3cfba8d37c87cd094403c3bf00b5-768x446.png 768w, https:\/\/www.carliseppf.com\/wp-content\/uploads\/2025\/10\/567c3cfba8d37c87cd094403c3bf00b5-370x215.png 370w, https:\/\/www.carliseppf.com\/wp-content\/uploads\/2025\/10\/567c3cfba8d37c87cd094403c3bf00b5-410x238.png 410w, https:\/\/www.carliseppf.com\/wp-content\/uploads\/2025\/10\/567c3cfba8d37c87cd094403c3bf00b5-730x424.png 730w\" sizes=\"(max-width: 800px) 100vw, 800px\" \/><\/p>","protected":false},"excerpt":{"rendered":"<p>Sch\u00fctzen Sie Ihr Fahrzeug mit diesem <strong data-start=\"446\" data-end=\"459\">klarer PPF<\/strong> \u2013 Hochglanz hydrophobe TPU 7,5 Mil Lackschutzfolie, die selbstheilend, kratzfest und langlebig ist. Direkt vom Hersteller, vollst\u00e4ndig anpassbar f\u00fcr Gro\u00dfbestellungen. Ideal f\u00fcr professionelle Monteure, Autowerkst\u00e4tten und Autoenthusiasten.<\/p>","protected":false},"featured_media":9262,"comment_status":"open","ping_status":"closed","template":"","meta":[],"product_brand":[],"product_cat":[215],"product_tag":[],"class_list":{"0":"post-9261","1":"product","2":"type-product","3":"status-publish","4":"has-post-thumbnail","6":"product_cat-paint-protection-film-ppf","8":"first","9":"instock","10":"shipping-taxable","11":"product-type-simple"},"_links":{"self":[{"href":"https:\/\/www.carliseppf.com\/de\/wp-json\/wp\/v2\/product\/9261","targetHints":{"allow":["GET"]}}],"collection":[{"href":"https:\/\/www.carliseppf.com\/de\/wp-json\/wp\/v2\/product"}],"about":[{"href":"https:\/\/www.carliseppf.com\/de\/wp-json\/wp\/v2\/types\/product"}],"replies":[{"embeddable":true,"href":"https:\/\/www.carliseppf.com\/de\/wp-json\/wp\/v2\/comments?post=9261"}],"wp:featuredmedia":[{"embeddable":true,"href":"https:\/\/www.carliseppf.com\/de\/wp-json\/wp\/v2\/media\/9262"}],"wp:attachment":[{"href":"https:\/\/www.carliseppf.com\/de\/wp-json\/wp\/v2\/media?parent=9261"}],"wp:term":[{"taxonomy":"product_brand","embeddable":true,"href":"https:\/\/www.carliseppf.com\/de\/wp-json\/wp\/v2\/product_brand?post=9261"},{"taxonomy":"product_cat","embeddable":true,"href":"https:\/\/www.carliseppf.com\/de\/wp-json\/wp\/v2\/product_cat?post=9261"},{"taxonomy":"product_tag","embeddable":true,"href":"https:\/\/www.carliseppf.com\/de\/wp-json\/wp\/v2\/product_tag?post=9261"}],"curies":[{"name":"wp","href":"https:\/\/api.w.org\/{rel}","templated":true}]}}