{"id":9266,"date":"2025-10-28T03:54:38","date_gmt":"2025-10-28T03:54:38","guid":{"rendered":"https:\/\/www.carliseppf.com\/?post_type=product&#038;p=9266"},"modified":"2025-11-20T12:15:06","modified_gmt":"2025-11-20T12:15:06","slug":"car-window-tint-film-1-ply","status":"publish","type":"product","link":"https:\/\/www.carliseppf.com\/de\/product\/car-window-tint-film-1-ply\/","title":{"rendered":"1-lagige Auto-Fenstert\u00f6nungsfolie \u2013 Premium-Autoprotektion"},"content":{"rendered":"<h2 data-start=\"675\" data-end=\"696\">Produkt\u00fcbersicht<\/h2>\n<p data-start=\"697\" data-end=\"961\">Dieses <strong data-start=\"702\" data-end=\"726\">Auto-Fenstert\u00f6nungsfolie<\/strong> bietet 1-lagige Dicke und zuverl\u00e4ssigen Hitzeschutz, UV-Schutz und Privatsph\u00e4renerh\u00f6hung. Perfekt f\u00fcr Autos, SUVs, Lastwagen und Motorr\u00e4der. Direktlieferung ab Werk unterst\u00fctzt Gro\u00dfbestellungen und ma\u00dfgeschneiderte Gr\u00f6\u00dfen f\u00fcr professionelle Installation.<\/p>\n<h2 style=\"color: #ffffff; font-family: Manrope, sans-serif; font-size: 47.005px; font-weight: 600; font-style: normal; line-height: 47.9921px; text-decoration: none; text-transform: none; letter-spacing: normal; margin-top: 31.4934px; margin-bottom: 22.5624px; outline: 0px;\" data-start=\"1263\" data-end=\"1286\"><img fetchpriority=\"high\" decoding=\"async\" class=\"alignnone wp-image-9268 size-full\" style=\"color: #c0c0c1; font-size: 17px; font-weight: 400;\" src=\"https:\/\/www.carliseppf.com\/wp-content\/uploads\/2025\/10\/7ff4d022d5fb57cf43e71cfed1c3d236.png\" alt=\"Autofenster-T\u00f6nungsfolie \u2013 1-lagige Premium-Fahrzeugschutzfolie\" width=\"800\" height=\"800\" srcset=\"https:\/\/www.carliseppf.com\/wp-content\/uploads\/2025\/10\/7ff4d022d5fb57cf43e71cfed1c3d236.png 800w, https:\/\/www.carliseppf.com\/wp-content\/uploads\/2025\/10\/7ff4d022d5fb57cf43e71cfed1c3d236-300x300.png 300w, https:\/\/www.carliseppf.com\/wp-content\/uploads\/2025\/10\/7ff4d022d5fb57cf43e71cfed1c3d236-150x150.png 150w, https:\/\/www.carliseppf.com\/wp-content\/uploads\/2025\/10\/7ff4d022d5fb57cf43e71cfed1c3d236-768x768.png 768w, https:\/\/www.carliseppf.com\/wp-content\/uploads\/2025\/10\/7ff4d022d5fb57cf43e71cfed1c3d236-370x370.png 370w, https:\/\/www.carliseppf.com\/wp-content\/uploads\/2025\/10\/7ff4d022d5fb57cf43e71cfed1c3d236-120x120.png 120w, https:\/\/www.carliseppf.com\/wp-content\/uploads\/2025\/10\/7ff4d022d5fb57cf43e71cfed1c3d236-410x410.png 410w, https:\/\/www.carliseppf.com\/wp-content\/uploads\/2025\/10\/7ff4d022d5fb57cf43e71cfed1c3d236-630x630.png 630w, https:\/\/www.carliseppf.com\/wp-content\/uploads\/2025\/10\/7ff4d022d5fb57cf43e71cfed1c3d236-730x730.png 730w, https:\/\/www.carliseppf.com\/wp-content\/uploads\/2025\/10\/7ff4d022d5fb57cf43e71cfed1c3d236-460x460.png 460w\" sizes=\"(max-width: 800px) 100vw, 800px\" \/><\/h2>\n<h2 data-start=\"963\" data-end=\"987\">Merkmale &amp; Vorteile<\/h2>\n<ul data-start=\"988\" data-end=\"1261\">\n<li data-start=\"988\" data-end=\"1047\">\n<p data-start=\"990\" data-end=\"1047\">Premium <strong data-start=\"998\" data-end=\"1022\">Auto-Fenstert\u00f6nungsfolie<\/strong> zum Schutz des Fahrzeugs<\/p>\n<\/li>\n<li data-start=\"1048\" data-end=\"1107\">\n<p data-start=\"1050\" data-end=\"1107\">1-lagige Dicke f\u00fcr klare Sichtbarkeit und Hitzeblockierung<\/p>\n<\/li>\n<li data-start=\"1108\" data-end=\"1149\">\n<p data-start=\"1110\" data-end=\"1149\">UV-best\u00e4ndig, blendfrei und langlebig<\/p>\n<\/li>\n<li data-start=\"1150\" data-end=\"1192\">\n<p data-start=\"1152\" data-end=\"1192\">Einfach zu installieren an allen Fahrzeugfenstern<\/p>\n<\/li>\n<li data-start=\"1193\" data-end=\"1261\">\n<p data-start=\"1195\" data-end=\"1261\">Ideal f\u00fcr Gro\u00dfbestellungen, individuelle Gr\u00f6\u00dfen und professionelle Installateure<\/p>\n<\/li>\n<\/ul>\n<h2 data-start=\"1263\" data-end=\"1286\">Material &amp; Qualit\u00e4t<\/h2>\n<ul data-start=\"1287\" data-end=\"1430\">\n<li data-start=\"1287\" data-end=\"1316\">\n<p data-start=\"1289\" data-end=\"1316\">Automobil-geeigneter PET-Film<\/p>\n<\/li>\n<li data-start=\"1317\" data-end=\"1355\">\n<p data-start=\"1319\" data-end=\"1355\">kratzfest und langlebig<\/p>\n<\/li>\n<li data-start=\"1356\" data-end=\"1401\">\n<p data-start=\"1358\" data-end=\"1401\">Bewahrt Klarheit bei gleichzeitiger Privatsph\u00e4re<\/p>\n<\/li>\n<li data-start=\"1402\" data-end=\"1430\">\n<p data-start=\"1404\" data-end=\"1430\">Sicher f\u00fcr alle OEM-Fenster<\/p>\n<\/li>\n<\/ul>\n<h2 data-start=\"1432\" data-end=\"1465\">Installation &amp; Anpassung<\/h2>\n<ul data-start=\"1466\" data-end=\"1668\">\n<li data-start=\"1466\" data-end=\"1522\">\n<p data-start=\"1468\" data-end=\"1522\">Luftaustrittskleber sorgt f\u00fcr blasenfreie Anwendung<\/p>\n<\/li>\n<li data-start=\"1523\" data-end=\"1561\">\n<p data-start=\"1525\" data-end=\"1561\">Hitzebest\u00e4ndig f\u00fcr Kurven und Kanten<\/p>\n<\/li>\n<li data-start=\"1562\" data-end=\"1613\">\n<p data-start=\"1564\" data-end=\"1613\">Verf\u00fcgbar in Rollen f\u00fcr Gro\u00df- oder Gro\u00dfhandelsbestellungen<\/p>\n<\/li>\n<li data-start=\"1614\" data-end=\"1668\">\n<p data-start=\"1616\" data-end=\"1668\">Geeignet f\u00fcr professionelle Monteure und Heimwerker<\/p>\n<\/li>\n<\/ul>\n<h2 data-start=\"1670\" data-end=\"1687\">Anwendungen<\/h2>\n<ul data-start=\"1688\" data-end=\"1859\">\n<li data-start=\"1688\" data-end=\"1747\">\n<p data-start=\"1690\" data-end=\"1747\">Vollst\u00e4ndiger Fensterschutz f\u00fcr Privatsph\u00e4re und Hitzeblockierung<\/p>\n<\/li>\n<li data-start=\"1748\" data-end=\"1807\">\n<p data-start=\"1750\" data-end=\"1807\">Teilweise T\u00f6nung f\u00fcr Vorder-, Seiten- oder Heckfenster<\/p>\n<\/li>\n<li data-start=\"1808\" data-end=\"1859\">\n<p data-start=\"1810\" data-end=\"1859\">Perfekt f\u00fcr Autos, SUVs, Lastwagen und Motorr\u00e4der<\/p>\n<\/li>\n<\/ul>\n<h2 data-start=\"1861\" data-end=\"1880\">Hauptvorteile<\/h2>\n<ul data-start=\"1881\" data-end=\"2123\">\n<li data-start=\"1881\" data-end=\"1939\">\n<p data-start=\"1883\" data-end=\"1939\">Direktlieferung ab Werk und Gro\u00dfkundenanpassung verf\u00fcgbar<\/p>\n<\/li>\n<li data-start=\"1940\" data-end=\"1995\">\n<p data-start=\"1942\" data-end=\"1995\">Professionelle Qualit\u00e4t <strong data-start=\"1961\" data-end=\"1985\">Auto-Fenstert\u00f6nungsfolie<\/strong> Qualit\u00e4t<\/p>\n<\/li>\n<li data-start=\"1996\" data-end=\"2059\">\n<p data-start=\"1998\" data-end=\"2059\">Einfache Installation f\u00fcr Heimwerker und professionelle Installateure<\/p>\n<\/li>\n<li data-start=\"2060\" data-end=\"2123\">\n<p data-start=\"2062\" data-end=\"2123\">Ideal f\u00fcr Autowerkst\u00e4tten, Installateure und Autoenthusiasten<\/p>\n<\/li>\n<\/ul>\n<h2 data-start=\"2125\" data-end=\"2146\">Paket beinhaltet<\/h2>\n<ul data-start=\"2147\" data-end=\"2256\">\n<li data-start=\"2147\" data-end=\"2187\">\n<p data-start=\"2149\" data-end=\"2187\">1 Rolle 1-lagiges Autofenster-T\u00f6nungsfolie<\/p>\n<\/li>\n<li data-start=\"2188\" data-end=\"2256\">\n<p data-start=\"2190\" data-end=\"2256\">Optionales Installationswerkzeugset: Rakel, Klinge, Mikrofasertuch<\/p>\n<\/li>\n<\/ul>\n<h2 data-start=\"2258\" data-end=\"2287\">Warum dieses Produkt w\u00e4hlen?<\/h2>\n<p data-start=\"2288\" data-end=\"2520\">Diese hochwertige <strong data-start=\"2306\" data-end=\"2330\">Auto-Fenstert\u00f6nungsfolie<\/strong> bietet UV-Schutz, Hitzeabweisung und Privatsph\u00e4re bei gleichzeitiger Klarheit. Direkt vom Hersteller liefert Gro\u00dfbestellungen und individuelle Gr\u00f6\u00dfen f\u00fcr professionelle Installateure und Autoenthusiasten.<\/p>\n<p>\u00a0<img decoding=\"async\" class=\"alignnone wp-image-9269 size-full\" src=\"https:\/\/www.carliseppf.com\/wp-content\/uploads\/2025\/10\/ba2d5564652e49302b748bd4da89e49d.png\" alt=\"Hochwertige Autofenster-T\u00f6nungsfolie \u2013 UV-Schutz und Hitzeabweisung\" width=\"800\" height=\"800\" srcset=\"https:\/\/www.carliseppf.com\/wp-content\/uploads\/2025\/10\/ba2d5564652e49302b748bd4da89e49d.png 800w, https:\/\/www.carliseppf.com\/wp-content\/uploads\/2025\/10\/ba2d5564652e49302b748bd4da89e49d-300x300.png 300w, https:\/\/www.carliseppf.com\/wp-content\/uploads\/2025\/10\/ba2d5564652e49302b748bd4da89e49d-150x150.png 150w, https:\/\/www.carliseppf.com\/wp-content\/uploads\/2025\/10\/ba2d5564652e49302b748bd4da89e49d-768x768.png 768w, https:\/\/www.carliseppf.com\/wp-content\/uploads\/2025\/10\/ba2d5564652e49302b748bd4da89e49d-370x370.png 370w, https:\/\/www.carliseppf.com\/wp-content\/uploads\/2025\/10\/ba2d5564652e49302b748bd4da89e49d-120x120.png 120w, https:\/\/www.carliseppf.com\/wp-content\/uploads\/2025\/10\/ba2d5564652e49302b748bd4da89e49d-410x410.png 410w, https:\/\/www.carliseppf.com\/wp-content\/uploads\/2025\/10\/ba2d5564652e49302b748bd4da89e49d-630x630.png 630w, https:\/\/www.carliseppf.com\/wp-content\/uploads\/2025\/10\/ba2d5564652e49302b748bd4da89e49d-730x730.png 730w, https:\/\/www.carliseppf.com\/wp-content\/uploads\/2025\/10\/ba2d5564652e49302b748bd4da89e49d-460x460.png 460w\" sizes=\"(max-width: 800px) 100vw, 800px\" \/> <img decoding=\"async\" class=\"alignnone wp-image-9273 size-full\" src=\"https:\/\/www.carliseppf.com\/wp-content\/uploads\/2025\/10\/2a17e4b44799b2f3aabc02d82c4e1fcd.png\" alt=\"Professionelle Autofenster-T\u00f6nungsfolie \u2013 Strapazierf\u00e4hige kratzfeste Folie\" width=\"800\" height=\"989\" srcset=\"https:\/\/www.carliseppf.com\/wp-content\/uploads\/2025\/10\/2a17e4b44799b2f3aabc02d82c4e1fcd.png 800w, https:\/\/www.carliseppf.com\/wp-content\/uploads\/2025\/10\/2a17e4b44799b2f3aabc02d82c4e1fcd-243x300.png 243w, https:\/\/www.carliseppf.com\/wp-content\/uploads\/2025\/10\/2a17e4b44799b2f3aabc02d82c4e1fcd-768x949.png 768w, https:\/\/www.carliseppf.com\/wp-content\/uploads\/2025\/10\/2a17e4b44799b2f3aabc02d82c4e1fcd-370x457.png 370w, https:\/\/www.carliseppf.com\/wp-content\/uploads\/2025\/10\/2a17e4b44799b2f3aabc02d82c4e1fcd-410x507.png 410w, https:\/\/www.carliseppf.com\/wp-content\/uploads\/2025\/10\/2a17e4b44799b2f3aabc02d82c4e1fcd-730x902.png 730w\" sizes=\"(max-width: 800px) 100vw, 800px\" \/> <img loading=\"lazy\" decoding=\"async\" class=\"alignnone wp-image-9274 size-full\" src=\"https:\/\/www.carliseppf.com\/wp-content\/uploads\/2025\/10\/0c6be8a5589ebcb8d9bda893698f4c8c.png\" alt=\"Direkt vom Hersteller Autofenster-T\u00f6nungsfolie \u2013 1-lagige Folie f\u00fcr Autos und SUVs\" width=\"800\" height=\"800\" srcset=\"https:\/\/www.carliseppf.com\/wp-content\/uploads\/2025\/10\/0c6be8a5589ebcb8d9bda893698f4c8c.png 800w, https:\/\/www.carliseppf.com\/wp-content\/uploads\/2025\/10\/0c6be8a5589ebcb8d9bda893698f4c8c-300x300.png 300w, https:\/\/www.carliseppf.com\/wp-content\/uploads\/2025\/10\/0c6be8a5589ebcb8d9bda893698f4c8c-150x150.png 150w, https:\/\/www.carliseppf.com\/wp-content\/uploads\/2025\/10\/0c6be8a5589ebcb8d9bda893698f4c8c-768x768.png 768w, https:\/\/www.carliseppf.com\/wp-content\/uploads\/2025\/10\/0c6be8a5589ebcb8d9bda893698f4c8c-370x370.png 370w, https:\/\/www.carliseppf.com\/wp-content\/uploads\/2025\/10\/0c6be8a5589ebcb8d9bda893698f4c8c-120x120.png 120w, https:\/\/www.carliseppf.com\/wp-content\/uploads\/2025\/10\/0c6be8a5589ebcb8d9bda893698f4c8c-410x410.png 410w, https:\/\/www.carliseppf.com\/wp-content\/uploads\/2025\/10\/0c6be8a5589ebcb8d9bda893698f4c8c-630x630.png 630w, https:\/\/www.carliseppf.com\/wp-content\/uploads\/2025\/10\/0c6be8a5589ebcb8d9bda893698f4c8c-730x730.png 730w, https:\/\/www.carliseppf.com\/wp-content\/uploads\/2025\/10\/0c6be8a5589ebcb8d9bda893698f4c8c-460x460.png 460w\" sizes=\"(max-width: 800px) 100vw, 800px\" \/> <img loading=\"lazy\" decoding=\"async\" class=\"alignnone wp-image-9272 size-full\" src=\"https:\/\/www.carliseppf.com\/wp-content\/uploads\/2025\/10\/5069f7764369e32b60f8acc95cfde4ab.png\" alt=\"Einfach anzubringende Autofenster-T\u00f6nungsfolie \u2013 1-lagige Automobilfolie\" width=\"800\" height=\"800\" srcset=\"https:\/\/www.carliseppf.com\/wp-content\/uploads\/2025\/10\/5069f7764369e32b60f8acc95cfde4ab.png 800w, https:\/\/www.carliseppf.com\/wp-content\/uploads\/2025\/10\/5069f7764369e32b60f8acc95cfde4ab-300x300.png 300w, https:\/\/www.carliseppf.com\/wp-content\/uploads\/2025\/10\/5069f7764369e32b60f8acc95cfde4ab-150x150.png 150w, https:\/\/www.carliseppf.com\/wp-content\/uploads\/2025\/10\/5069f7764369e32b60f8acc95cfde4ab-768x768.png 768w, https:\/\/www.carliseppf.com\/wp-content\/uploads\/2025\/10\/5069f7764369e32b60f8acc95cfde4ab-370x370.png 370w, https:\/\/www.carliseppf.com\/wp-content\/uploads\/2025\/10\/5069f7764369e32b60f8acc95cfde4ab-120x120.png 120w, https:\/\/www.carliseppf.com\/wp-content\/uploads\/2025\/10\/5069f7764369e32b60f8acc95cfde4ab-410x410.png 410w, https:\/\/www.carliseppf.com\/wp-content\/uploads\/2025\/10\/5069f7764369e32b60f8acc95cfde4ab-630x630.png 630w, https:\/\/www.carliseppf.com\/wp-content\/uploads\/2025\/10\/5069f7764369e32b60f8acc95cfde4ab-730x730.png 730w, https:\/\/www.carliseppf.com\/wp-content\/uploads\/2025\/10\/5069f7764369e32b60f8acc95cfde4ab-460x460.png 460w\" sizes=\"(max-width: 800px) 100vw, 800px\" \/> <img loading=\"lazy\" decoding=\"async\" class=\"alignnone wp-image-9271 size-full\" src=\"https:\/\/www.carliseppf.com\/wp-content\/uploads\/2025\/10\/c5d2f6550e7a34e29d3e3bc4c9aef7b2.png\" alt=\"Premium Autofenster-T\u00f6nungsfolie \u2013 1-lagige klare Folie f\u00fcr Fahrzeugfenster\" width=\"800\" height=\"800\" srcset=\"https:\/\/www.carliseppf.com\/wp-content\/uploads\/2025\/10\/c5d2f6550e7a34e29d3e3bc4c9aef7b2.png 800w, https:\/\/www.carliseppf.com\/wp-content\/uploads\/2025\/10\/c5d2f6550e7a34e29d3e3bc4c9aef7b2-300x300.png 300w, https:\/\/www.carliseppf.com\/wp-content\/uploads\/2025\/10\/c5d2f6550e7a34e29d3e3bc4c9aef7b2-150x150.png 150w, https:\/\/www.carliseppf.com\/wp-content\/uploads\/2025\/10\/c5d2f6550e7a34e29d3e3bc4c9aef7b2-768x768.png 768w, https:\/\/www.carliseppf.com\/wp-content\/uploads\/2025\/10\/c5d2f6550e7a34e29d3e3bc4c9aef7b2-370x370.png 370w, https:\/\/www.carliseppf.com\/wp-content\/uploads\/2025\/10\/c5d2f6550e7a34e29d3e3bc4c9aef7b2-120x120.png 120w, https:\/\/www.carliseppf.com\/wp-content\/uploads\/2025\/10\/c5d2f6550e7a34e29d3e3bc4c9aef7b2-410x410.png 410w, https:\/\/www.carliseppf.com\/wp-content\/uploads\/2025\/10\/c5d2f6550e7a34e29d3e3bc4c9aef7b2-630x630.png 630w, https:\/\/www.carliseppf.com\/wp-content\/uploads\/2025\/10\/c5d2f6550e7a34e29d3e3bc4c9aef7b2-730x730.png 730w, https:\/\/www.carliseppf.com\/wp-content\/uploads\/2025\/10\/c5d2f6550e7a34e29d3e3bc4c9aef7b2-460x460.png 460w\" sizes=\"(max-width: 800px) 100vw, 800px\" \/> <img loading=\"lazy\" decoding=\"async\" class=\"alignnone wp-image-9270 size-full\" src=\"https:\/\/www.carliseppf.com\/wp-content\/uploads\/2025\/10\/3d40f45354fd7aebeabc12009e3c5867.png\" alt=\"Automobilische Autofenster-T\u00f6nungsfolie \u2013 Strapazierf\u00e4hige 1-lagige Hitzeabweisende Folie\" width=\"800\" height=\"800\" srcset=\"https:\/\/www.carliseppf.com\/wp-content\/uploads\/2025\/10\/3d40f45354fd7aebeabc12009e3c5867.png 800w, https:\/\/www.carliseppf.com\/wp-content\/uploads\/2025\/10\/3d40f45354fd7aebeabc12009e3c5867-300x300.png 300w, https:\/\/www.carliseppf.com\/wp-content\/uploads\/2025\/10\/3d40f45354fd7aebeabc12009e3c5867-150x150.png 150w, https:\/\/www.carliseppf.com\/wp-content\/uploads\/2025\/10\/3d40f45354fd7aebeabc12009e3c5867-768x768.png 768w, https:\/\/www.carliseppf.com\/wp-content\/uploads\/2025\/10\/3d40f45354fd7aebeabc12009e3c5867-370x370.png 370w, https:\/\/www.carliseppf.com\/wp-content\/uploads\/2025\/10\/3d40f45354fd7aebeabc12009e3c5867-120x120.png 120w, https:\/\/www.carliseppf.com\/wp-content\/uploads\/2025\/10\/3d40f45354fd7aebeabc12009e3c5867-410x410.png 410w, https:\/\/www.carliseppf.com\/wp-content\/uploads\/2025\/10\/3d40f45354fd7aebeabc12009e3c5867-630x630.png 630w, https:\/\/www.carliseppf.com\/wp-content\/uploads\/2025\/10\/3d40f45354fd7aebeabc12009e3c5867-730x730.png 730w, https:\/\/www.carliseppf.com\/wp-content\/uploads\/2025\/10\/3d40f45354fd7aebeabc12009e3c5867-460x460.png 460w\" sizes=\"(max-width: 800px) 100vw, 800px\" \/><\/p>","protected":false},"excerpt":{"rendered":"<p>Hochwertig <strong data-start=\"411\" data-end=\"435\">Auto-Fenstert\u00f6nungsfolie<\/strong> mit 1-lagiger Dicke f\u00fcr \u00fcberlegenen UV-Schutz, Hitzeblockierung und verbesserten Fahrzeugschutz. Direktlieferung ab Werk unterst\u00fctzt Gro\u00dfbestellungen und individuelle Gr\u00f6\u00dfen, ideal f\u00fcr professionelle Installateure und Autoenthusiasten.<\/p>","protected":false},"featured_media":9267,"comment_status":"open","ping_status":"closed","template":"","meta":[],"product_brand":[],"product_cat":[217],"product_tag":[],"class_list":{"0":"post-9266","1":"product","2":"type-product","3":"status-publish","4":"has-post-thumbnail","6":"product_cat-window-tint-films","8":"first","9":"instock","10":"shipping-taxable","11":"product-type-simple"},"_links":{"self":[{"href":"https:\/\/www.carliseppf.com\/de\/wp-json\/wp\/v2\/product\/9266","targetHints":{"allow":["GET"]}}],"collection":[{"href":"https:\/\/www.carliseppf.com\/de\/wp-json\/wp\/v2\/product"}],"about":[{"href":"https:\/\/www.carliseppf.com\/de\/wp-json\/wp\/v2\/types\/product"}],"replies":[{"embeddable":true,"href":"https:\/\/www.carliseppf.com\/de\/wp-json\/wp\/v2\/comments?post=9266"}],"wp:featuredmedia":[{"embeddable":true,"href":"https:\/\/www.carliseppf.com\/de\/wp-json\/wp\/v2\/media\/9267"}],"wp:attachment":[{"href":"https:\/\/www.carliseppf.com\/de\/wp-json\/wp\/v2\/media?parent=9266"}],"wp:term":[{"taxonomy":"product_brand","embeddable":true,"href":"https:\/\/www.carliseppf.com\/de\/wp-json\/wp\/v2\/product_brand?post=9266"},{"taxonomy":"product_cat","embeddable":true,"href":"https:\/\/www.carliseppf.com\/de\/wp-json\/wp\/v2\/product_cat?post=9266"},{"taxonomy":"product_tag","embeddable":true,"href":"https:\/\/www.carliseppf.com\/de\/wp-json\/wp\/v2\/product_tag?post=9266"}],"curies":[{"name":"wp","href":"https:\/\/api.w.org\/{rel}","templated":true}]}}