{"id":9279,"date":"2025-10-28T04:04:56","date_gmt":"2025-10-28T04:04:56","guid":{"rendered":"https:\/\/www.carliseppf.com\/?post_type=product&#038;p=9279"},"modified":"2025-11-20T12:07:38","modified_gmt":"2025-11-20T12:07:38","slug":"car-window-tint-purple-2mil","status":"publish","type":"product","link":"https:\/\/www.carliseppf.com\/de\/product\/car-window-tint-purple-2mil\/","title":{"rendered":"2 Mil Purple Chameleon Film \u2013 Premium-Auto-Fenstert\u00f6nung"},"content":{"rendered":"<h2 data-start=\"678\" data-end=\"699\">Produkt\u00fcbersicht<\/h2>\n<p data-start=\"700\" data-end=\"1013\">Dieses <strong data-start=\"705\" data-end=\"724\">Autoscheibenfolie<\/strong> Merkmale 2 Mil Dicke und einen einzigartigen lila Cham\u00e4leon-Effekt, der \u00fcberlegene Hitzeabweisung, UV-Schutz und verbesserten Fahrzeugschutz bietet. Perfekt f\u00fcr Autos, SUVs, Lastwagen und Motorr\u00e4der. Direktlieferung vom Hersteller unterst\u00fctzt Gro\u00dfbestellungen und anpassbare Gr\u00f6\u00dfen f\u00fcr professionelle Monteure.<\/p>\n<h2 style=\"color: #ffffff; font-family: Manrope, sans-serif; font-size: 47.005px; font-weight: 600; font-style: normal; line-height: 47.9921px; text-decoration: none; text-transform: none; letter-spacing: normal; margin-top: 31.4934px; margin-bottom: 22.5624px; outline: 0px;\" data-start=\"1327\" data-end=\"1350\"><img fetchpriority=\"high\" decoding=\"async\" class=\"alignnone wp-image-9268 size-full\" style=\"color: #c0c0c1; font-size: 17px; font-weight: 400;\" src=\"https:\/\/www.carliseppf.com\/wp-content\/uploads\/2025\/10\/7ff4d022d5fb57cf43e71cfed1c3d236.png\" alt=\"Autoscheibenfolie\" width=\"800\" height=\"800\" srcset=\"https:\/\/www.carliseppf.com\/wp-content\/uploads\/2025\/10\/7ff4d022d5fb57cf43e71cfed1c3d236.png 800w, https:\/\/www.carliseppf.com\/wp-content\/uploads\/2025\/10\/7ff4d022d5fb57cf43e71cfed1c3d236-300x300.png 300w, https:\/\/www.carliseppf.com\/wp-content\/uploads\/2025\/10\/7ff4d022d5fb57cf43e71cfed1c3d236-150x150.png 150w, https:\/\/www.carliseppf.com\/wp-content\/uploads\/2025\/10\/7ff4d022d5fb57cf43e71cfed1c3d236-768x768.png 768w, https:\/\/www.carliseppf.com\/wp-content\/uploads\/2025\/10\/7ff4d022d5fb57cf43e71cfed1c3d236-370x370.png 370w, https:\/\/www.carliseppf.com\/wp-content\/uploads\/2025\/10\/7ff4d022d5fb57cf43e71cfed1c3d236-120x120.png 120w, https:\/\/www.carliseppf.com\/wp-content\/uploads\/2025\/10\/7ff4d022d5fb57cf43e71cfed1c3d236-410x410.png 410w, https:\/\/www.carliseppf.com\/wp-content\/uploads\/2025\/10\/7ff4d022d5fb57cf43e71cfed1c3d236-630x630.png 630w, https:\/\/www.carliseppf.com\/wp-content\/uploads\/2025\/10\/7ff4d022d5fb57cf43e71cfed1c3d236-730x730.png 730w, https:\/\/www.carliseppf.com\/wp-content\/uploads\/2025\/10\/7ff4d022d5fb57cf43e71cfed1c3d236-460x460.png 460w\" sizes=\"(max-width: 800px) 100vw, 800px\" \/><\/h2>\n<h2 data-start=\"1015\" data-end=\"1039\">Merkmale &amp; Vorteile<\/h2>\n<ul data-start=\"1040\" data-end=\"1325\">\n<li data-start=\"1040\" data-end=\"1097\">\n<p data-start=\"1042\" data-end=\"1097\">Hochwertig <strong data-start=\"1055\" data-end=\"1074\">Autoscheibenfolie<\/strong> mit 2 Mil Dicke<\/p>\n<\/li>\n<li data-start=\"1098\" data-end=\"1154\">\n<p data-start=\"1100\" data-end=\"1154\">Einzigartige lila Cham\u00e4leon-Farbe f\u00fcr stilvolles Erscheinungsbild<\/p>\n<\/li>\n<li data-start=\"1155\" data-end=\"1213\">\n<p data-start=\"1157\" data-end=\"1213\">UV-best\u00e4ndige, hitzereduzierende und blendfreie Eigenschaften<\/p>\n<\/li>\n<li data-start=\"1214\" data-end=\"1254\">\n<p data-start=\"1216\" data-end=\"1254\">Einfach auf alle Fahrzeugfenster aufzubringen<\/p>\n<\/li>\n<li data-start=\"1255\" data-end=\"1325\">\n<p data-start=\"1257\" data-end=\"1325\">Ideal f\u00fcr Gro\u00dfbestellungen, individuelle Gr\u00f6\u00dfen und professionelle Installation<\/p>\n<\/li>\n<\/ul>\n<h2 data-start=\"1327\" data-end=\"1350\">Material &amp; Qualit\u00e4t<\/h2>\n<ul data-start=\"1351\" data-end=\"1512\">\n<li data-start=\"1351\" data-end=\"1388\">\n<p data-start=\"1353\" data-end=\"1388\">Hochwertiger automotive PET-Film<\/p>\n<\/li>\n<li data-start=\"1389\" data-end=\"1437\">\n<p data-start=\"1391\" data-end=\"1437\">Langlebig, kratzfest und dauerhaft<\/p>\n<\/li>\n<li data-start=\"1438\" data-end=\"1483\">\n<p data-start=\"1440\" data-end=\"1483\">Bewahrt Klarheit bei gleichzeitiger Privatsph\u00e4re<\/p>\n<\/li>\n<li data-start=\"1484\" data-end=\"1512\">\n<p data-start=\"1486\" data-end=\"1512\">Sicher f\u00fcr alle OEM-Fenster<\/p>\n<\/li>\n<\/ul>\n<h2 data-start=\"1514\" data-end=\"1547\">Installation &amp; Anpassung<\/h2>\n<ul data-start=\"1548\" data-end=\"1756\">\n<li data-start=\"1548\" data-end=\"1600\">\n<p data-start=\"1550\" data-end=\"1600\">Luftaustrittskleber f\u00fcr blasenfreie Anwendung<\/p>\n<\/li>\n<li data-start=\"1601\" data-end=\"1639\">\n<p data-start=\"1603\" data-end=\"1639\">Hitzebest\u00e4ndig f\u00fcr Kurven und Kanten<\/p>\n<\/li>\n<li data-start=\"1640\" data-end=\"1701\">\n<p data-start=\"1642\" data-end=\"1701\">Anpassbare Rollen f\u00fcr Gro\u00df- oder Gro\u00dfhandelsbestellungen erh\u00e4ltlich<\/p>\n<\/li>\n<li data-start=\"1702\" data-end=\"1756\">\n<p data-start=\"1704\" data-end=\"1756\">Geeignet f\u00fcr professionelle Monteure und Heimwerker<\/p>\n<\/li>\n<\/ul>\n<h2 data-start=\"1758\" data-end=\"1775\">Anwendungen<\/h2>\n<ul data-start=\"1776\" data-end=\"1947\">\n<li data-start=\"1776\" data-end=\"1835\">\n<p data-start=\"1778\" data-end=\"1835\">Vollst\u00e4ndiger Fensterschutz f\u00fcr Privatsph\u00e4re und Hitzeblockierung<\/p>\n<\/li>\n<li data-start=\"1836\" data-end=\"1895\">\n<p data-start=\"1838\" data-end=\"1895\">Teilweise T\u00f6nung f\u00fcr Vorder-, Seiten- oder Heckfenster<\/p>\n<\/li>\n<li data-start=\"1896\" data-end=\"1947\">\n<p data-start=\"1898\" data-end=\"1947\">Perfekt f\u00fcr Autos, SUVs, Lastwagen und Motorr\u00e4der<\/p>\n<\/li>\n<\/ul>\n<h2 data-start=\"1949\" data-end=\"1968\">Hauptvorteile<\/h2>\n<ul data-start=\"1969\" data-end=\"2268\">\n<li data-start=\"1969\" data-end=\"2030\">\n<p data-start=\"1971\" data-end=\"2030\">Stilvoller lila Cham\u00e4leon-Effekt f\u00fcr ein einzigartiges Fahrzeugdesign<\/p>\n<\/li>\n<li data-start=\"2031\" data-end=\"2089\">\n<p data-start=\"2033\" data-end=\"2089\">Direktlieferung ab Werk und Gro\u00dfkundenanpassung verf\u00fcgbar<\/p>\n<\/li>\n<li data-start=\"2090\" data-end=\"2140\">\n<p data-start=\"2092\" data-end=\"2140\">Professionelle Qualit\u00e4t <strong data-start=\"2111\" data-end=\"2130\">Autoscheibenfolie<\/strong> Qualit\u00e4t<\/p>\n<\/li>\n<li data-start=\"2141\" data-end=\"2204\">\n<p data-start=\"2143\" data-end=\"2204\">Einfache Installation f\u00fcr Heimwerker und professionelle Installateure<\/p>\n<\/li>\n<li data-start=\"2205\" data-end=\"2268\">\n<p data-start=\"2207\" data-end=\"2268\">Ideal f\u00fcr Autowerkst\u00e4tten, Installateure und Autoenthusiasten<\/p>\n<\/li>\n<\/ul>\n<h2 data-start=\"2270\" data-end=\"2291\">Paket beinhaltet<\/h2>\n<ul data-start=\"2292\" data-end=\"2418\">\n<li data-start=\"2292\" data-end=\"2349\">\n<p data-start=\"2294\" data-end=\"2349\">1 Rolle lila Cham\u00e4leon-Autoscheibenfolie mit 2 Mil Dicke<\/p>\n<\/li>\n<li data-start=\"2350\" data-end=\"2418\">\n<p data-start=\"2352\" data-end=\"2418\">Optionales Installationswerkzeugset: Rakel, Klinge, Mikrofasertuch<\/p>\n<\/li>\n<\/ul>\n<h2 data-start=\"2420\" data-end=\"2449\">Warum dieses Produkt w\u00e4hlen?<\/h2>\n<p data-start=\"2450\" data-end=\"2673\">Dieses Premium- <strong data-start=\"2463\" data-end=\"2482\">Autoscheibenfolie<\/strong> Bietet eine perfekte Balance zwischen Stil, UV-Schutz, Hitzeabweisung und Privatsph\u00e4re. Direktlieferung vom Hersteller gew\u00e4hrleistet Gro\u00dfbestellungen und Anpassungen f\u00fcr professionelle Monteure oder Autoenthusiasten.<\/p>\n<p>\u00a0<img decoding=\"async\" class=\"alignnone wp-image-9269 size-full\" src=\"https:\/\/www.carliseppf.com\/wp-content\/uploads\/2025\/10\/ba2d5564652e49302b748bd4da89e49d.png\" alt=\"Autoscheibenfolie \u2013 2 Mil lila Cham\u00e4leon-Film f\u00fcr vollst\u00e4ndige Fahrzeugabdeckung\" width=\"800\" height=\"800\" srcset=\"https:\/\/www.carliseppf.com\/wp-content\/uploads\/2025\/10\/ba2d5564652e49302b748bd4da89e49d.png 800w, https:\/\/www.carliseppf.com\/wp-content\/uploads\/2025\/10\/ba2d5564652e49302b748bd4da89e49d-300x300.png 300w, https:\/\/www.carliseppf.com\/wp-content\/uploads\/2025\/10\/ba2d5564652e49302b748bd4da89e49d-150x150.png 150w, https:\/\/www.carliseppf.com\/wp-content\/uploads\/2025\/10\/ba2d5564652e49302b748bd4da89e49d-768x768.png 768w, https:\/\/www.carliseppf.com\/wp-content\/uploads\/2025\/10\/ba2d5564652e49302b748bd4da89e49d-370x370.png 370w, https:\/\/www.carliseppf.com\/wp-content\/uploads\/2025\/10\/ba2d5564652e49302b748bd4da89e49d-120x120.png 120w, https:\/\/www.carliseppf.com\/wp-content\/uploads\/2025\/10\/ba2d5564652e49302b748bd4da89e49d-410x410.png 410w, https:\/\/www.carliseppf.com\/wp-content\/uploads\/2025\/10\/ba2d5564652e49302b748bd4da89e49d-630x630.png 630w, https:\/\/www.carliseppf.com\/wp-content\/uploads\/2025\/10\/ba2d5564652e49302b748bd4da89e49d-730x730.png 730w, https:\/\/www.carliseppf.com\/wp-content\/uploads\/2025\/10\/ba2d5564652e49302b748bd4da89e49d-460x460.png 460w\" sizes=\"(max-width: 800px) 100vw, 800px\" \/> <img decoding=\"async\" class=\"alignnone wp-image-9273 size-full\" src=\"https:\/\/www.carliseppf.com\/wp-content\/uploads\/2025\/10\/2a17e4b44799b2f3aabc02d82c4e1fcd.png\" alt=\"Hochwertige Autoscheibenfolie \u2013 UV-Schutz und Hitzeabweisung\" width=\"800\" height=\"989\" srcset=\"https:\/\/www.carliseppf.com\/wp-content\/uploads\/2025\/10\/2a17e4b44799b2f3aabc02d82c4e1fcd.png 800w, https:\/\/www.carliseppf.com\/wp-content\/uploads\/2025\/10\/2a17e4b44799b2f3aabc02d82c4e1fcd-243x300.png 243w, https:\/\/www.carliseppf.com\/wp-content\/uploads\/2025\/10\/2a17e4b44799b2f3aabc02d82c4e1fcd-768x949.png 768w, https:\/\/www.carliseppf.com\/wp-content\/uploads\/2025\/10\/2a17e4b44799b2f3aabc02d82c4e1fcd-370x457.png 370w, https:\/\/www.carliseppf.com\/wp-content\/uploads\/2025\/10\/2a17e4b44799b2f3aabc02d82c4e1fcd-410x507.png 410w, https:\/\/www.carliseppf.com\/wp-content\/uploads\/2025\/10\/2a17e4b44799b2f3aabc02d82c4e1fcd-730x902.png 730w\" sizes=\"(max-width: 800px) 100vw, 800px\" \/> <img loading=\"lazy\" decoding=\"async\" class=\"alignnone wp-image-9274 size-full\" src=\"https:\/\/www.carliseppf.com\/wp-content\/uploads\/2025\/10\/0c6be8a5589ebcb8d9bda893698f4c8c.png\" alt=\"Stilvolle lila Autoscheibenfolie \u2013 langlebiger und kratzfester Film\" width=\"800\" height=\"800\" srcset=\"https:\/\/www.carliseppf.com\/wp-content\/uploads\/2025\/10\/0c6be8a5589ebcb8d9bda893698f4c8c.png 800w, https:\/\/www.carliseppf.com\/wp-content\/uploads\/2025\/10\/0c6be8a5589ebcb8d9bda893698f4c8c-300x300.png 300w, https:\/\/www.carliseppf.com\/wp-content\/uploads\/2025\/10\/0c6be8a5589ebcb8d9bda893698f4c8c-150x150.png 150w, https:\/\/www.carliseppf.com\/wp-content\/uploads\/2025\/10\/0c6be8a5589ebcb8d9bda893698f4c8c-768x768.png 768w, https:\/\/www.carliseppf.com\/wp-content\/uploads\/2025\/10\/0c6be8a5589ebcb8d9bda893698f4c8c-370x370.png 370w, https:\/\/www.carliseppf.com\/wp-content\/uploads\/2025\/10\/0c6be8a5589ebcb8d9bda893698f4c8c-120x120.png 120w, https:\/\/www.carliseppf.com\/wp-content\/uploads\/2025\/10\/0c6be8a5589ebcb8d9bda893698f4c8c-410x410.png 410w, https:\/\/www.carliseppf.com\/wp-content\/uploads\/2025\/10\/0c6be8a5589ebcb8d9bda893698f4c8c-630x630.png 630w, https:\/\/www.carliseppf.com\/wp-content\/uploads\/2025\/10\/0c6be8a5589ebcb8d9bda893698f4c8c-730x730.png 730w, https:\/\/www.carliseppf.com\/wp-content\/uploads\/2025\/10\/0c6be8a5589ebcb8d9bda893698f4c8c-460x460.png 460w\" sizes=\"(max-width: 800px) 100vw, 800px\" \/> <img loading=\"lazy\" decoding=\"async\" class=\"alignnone wp-image-9272 size-full\" src=\"https:\/\/www.carliseppf.com\/wp-content\/uploads\/2025\/10\/5069f7764369e32b60f8acc95cfde4ab.png\" alt=\"Direktlieferung vom Hersteller Autoscheibenfolie \u2013 2 Mil Cham\u00e4leon-Film f\u00fcr Autos und SUVs\" width=\"800\" height=\"800\" srcset=\"https:\/\/www.carliseppf.com\/wp-content\/uploads\/2025\/10\/5069f7764369e32b60f8acc95cfde4ab.png 800w, https:\/\/www.carliseppf.com\/wp-content\/uploads\/2025\/10\/5069f7764369e32b60f8acc95cfde4ab-300x300.png 300w, https:\/\/www.carliseppf.com\/wp-content\/uploads\/2025\/10\/5069f7764369e32b60f8acc95cfde4ab-150x150.png 150w, https:\/\/www.carliseppf.com\/wp-content\/uploads\/2025\/10\/5069f7764369e32b60f8acc95cfde4ab-768x768.png 768w, https:\/\/www.carliseppf.com\/wp-content\/uploads\/2025\/10\/5069f7764369e32b60f8acc95cfde4ab-370x370.png 370w, https:\/\/www.carliseppf.com\/wp-content\/uploads\/2025\/10\/5069f7764369e32b60f8acc95cfde4ab-120x120.png 120w, https:\/\/www.carliseppf.com\/wp-content\/uploads\/2025\/10\/5069f7764369e32b60f8acc95cfde4ab-410x410.png 410w, https:\/\/www.carliseppf.com\/wp-content\/uploads\/2025\/10\/5069f7764369e32b60f8acc95cfde4ab-630x630.png 630w, https:\/\/www.carliseppf.com\/wp-content\/uploads\/2025\/10\/5069f7764369e32b60f8acc95cfde4ab-730x730.png 730w, https:\/\/www.carliseppf.com\/wp-content\/uploads\/2025\/10\/5069f7764369e32b60f8acc95cfde4ab-460x460.png 460w\" sizes=\"(max-width: 800px) 100vw, 800px\" \/> <img loading=\"lazy\" decoding=\"async\" class=\"alignnone wp-image-9271 size-full\" src=\"https:\/\/www.carliseppf.com\/wp-content\/uploads\/2025\/10\/c5d2f6550e7a34e29d3e3bc4c9aef7b2.png\" alt=\"Professionelle Autoscheibenfolie \u2013 Einfach anzubringen, lila Cham\u00e4leon-Film\" width=\"800\" height=\"800\" srcset=\"https:\/\/www.carliseppf.com\/wp-content\/uploads\/2025\/10\/c5d2f6550e7a34e29d3e3bc4c9aef7b2.png 800w, https:\/\/www.carliseppf.com\/wp-content\/uploads\/2025\/10\/c5d2f6550e7a34e29d3e3bc4c9aef7b2-300x300.png 300w, https:\/\/www.carliseppf.com\/wp-content\/uploads\/2025\/10\/c5d2f6550e7a34e29d3e3bc4c9aef7b2-150x150.png 150w, https:\/\/www.carliseppf.com\/wp-content\/uploads\/2025\/10\/c5d2f6550e7a34e29d3e3bc4c9aef7b2-768x768.png 768w, https:\/\/www.carliseppf.com\/wp-content\/uploads\/2025\/10\/c5d2f6550e7a34e29d3e3bc4c9aef7b2-370x370.png 370w, https:\/\/www.carliseppf.com\/wp-content\/uploads\/2025\/10\/c5d2f6550e7a34e29d3e3bc4c9aef7b2-120x120.png 120w, https:\/\/www.carliseppf.com\/wp-content\/uploads\/2025\/10\/c5d2f6550e7a34e29d3e3bc4c9aef7b2-410x410.png 410w, https:\/\/www.carliseppf.com\/wp-content\/uploads\/2025\/10\/c5d2f6550e7a34e29d3e3bc4c9aef7b2-630x630.png 630w, https:\/\/www.carliseppf.com\/wp-content\/uploads\/2025\/10\/c5d2f6550e7a34e29d3e3bc4c9aef7b2-730x730.png 730w, https:\/\/www.carliseppf.com\/wp-content\/uploads\/2025\/10\/c5d2f6550e7a34e29d3e3bc4c9aef7b2-460x460.png 460w\" sizes=\"(max-width: 800px) 100vw, 800px\" \/><\/p>","protected":false},"excerpt":{"rendered":"<p>Premium <strong data-start=\"408\" data-end=\"427\">Autoscheibenfolie<\/strong> mit 2 Mil Dicke in lila Cham\u00e4leon-Design. Bietet UV-Schutz, Hitzeabweisung und Privatsph\u00e4re f\u00fcr Fahrzeuge. Direktlieferung vom Hersteller unterst\u00fctzt Gro\u00dfbestellungen und Anpassungen, ideal f\u00fcr Automobilprofis und Enthusiasten.<\/p>","protected":false},"featured_media":9280,"comment_status":"open","ping_status":"closed","template":"","meta":[],"product_brand":[],"product_cat":[217],"product_tag":[],"class_list":{"0":"post-9279","1":"product","2":"type-product","3":"status-publish","4":"has-post-thumbnail","6":"product_cat-window-tint-films","8":"first","9":"instock","10":"shipping-taxable","11":"product-type-simple"},"_links":{"self":[{"href":"https:\/\/www.carliseppf.com\/de\/wp-json\/wp\/v2\/product\/9279","targetHints":{"allow":["GET"]}}],"collection":[{"href":"https:\/\/www.carliseppf.com\/de\/wp-json\/wp\/v2\/product"}],"about":[{"href":"https:\/\/www.carliseppf.com\/de\/wp-json\/wp\/v2\/types\/product"}],"replies":[{"embeddable":true,"href":"https:\/\/www.carliseppf.com\/de\/wp-json\/wp\/v2\/comments?post=9279"}],"wp:featuredmedia":[{"embeddable":true,"href":"https:\/\/www.carliseppf.com\/de\/wp-json\/wp\/v2\/media\/9280"}],"wp:attachment":[{"href":"https:\/\/www.carliseppf.com\/de\/wp-json\/wp\/v2\/media?parent=9279"}],"wp:term":[{"taxonomy":"product_brand","embeddable":true,"href":"https:\/\/www.carliseppf.com\/de\/wp-json\/wp\/v2\/product_brand?post=9279"},{"taxonomy":"product_cat","embeddable":true,"href":"https:\/\/www.carliseppf.com\/de\/wp-json\/wp\/v2\/product_cat?post=9279"},{"taxonomy":"product_tag","embeddable":true,"href":"https:\/\/www.carliseppf.com\/de\/wp-json\/wp\/v2\/product_tag?post=9279"}],"curies":[{"name":"wp","href":"https:\/\/api.w.org\/{rel}","templated":true}]}}