{"id":9402,"date":"2025-11-06T09:38:10","date_gmt":"2025-11-06T09:38:10","guid":{"rendered":"https:\/\/www.carliseppf.com\/?post_type=product&#038;p=9402"},"modified":"2025-11-20T11:31:49","modified_gmt":"2025-11-20T11:31:49","slug":"clear-ppf-car-wrap-transparent-tpu","status":"publish","type":"product","link":"https:\/\/www.carliseppf.com\/de\/product\/clear-ppf-car-wrap-transparent-tpu\/","title":{"rendered":"Hochwertige transparente TPU-Lackschutzfolie \u2013 10-Jahres-Garantie, Premium-Materialien aus Deutschland"},"content":{"rendered":"<h2 data-start=\"757\" data-end=\"778\">Produkt\u00fcbersicht<\/h2>\n<p data-start=\"779\" data-end=\"1165\">Dieses <strong data-start=\"784\" data-end=\"806\">klarer PPF Auto-Folie<\/strong> wird aus hochwertigen TPU-Materialien aus Deutschland gefertigt und bietet \u00fcberlegene Klarheit, Selbstheilung und Kratzschutz. Mit einer Garantie von 10 Jahren sorgt es f\u00fcr langanhaltenden Lackschutz bei Voll- oder Teilfolierungen an Autos, Motorr\u00e4dern, Motorhauben, Spiegeln und Dekorplatten. Direkt vom Hersteller, unterst\u00fctzt Gro\u00dfbestellungen und Anpassungen f\u00fcr professionelle Monteure.<\/p>\n<p data-start=\"779\" data-end=\"1165\"><img fetchpriority=\"high\" decoding=\"async\" class=\"alignnone wp-image-9375 size-full\" src=\"https:\/\/www.carliseppf.com\/wp-content\/uploads\/2025\/11\/\u53d1\u8d27.jpg\" alt=\"klarer PPF Auto-Folie\" width=\"1440\" height=\"1080\" srcset=\"https:\/\/www.carliseppf.com\/wp-content\/uploads\/2025\/11\/\u53d1\u8d27.jpg 1440w, https:\/\/www.carliseppf.com\/wp-content\/uploads\/2025\/11\/\u53d1\u8d27-300x225.jpg 300w, https:\/\/www.carliseppf.com\/wp-content\/uploads\/2025\/11\/\u53d1\u8d27-1024x768.jpg 1024w, https:\/\/www.carliseppf.com\/wp-content\/uploads\/2025\/11\/\u53d1\u8d27-768x576.jpg 768w, https:\/\/www.carliseppf.com\/wp-content\/uploads\/2025\/11\/\u53d1\u8d27-370x278.jpg 370w, https:\/\/www.carliseppf.com\/wp-content\/uploads\/2025\/11\/\u53d1\u8d27-840x630.jpg 840w, https:\/\/www.carliseppf.com\/wp-content\/uploads\/2025\/11\/\u53d1\u8d27-410x308.jpg 410w, https:\/\/www.carliseppf.com\/wp-content\/uploads\/2025\/11\/\u53d1\u8d27-730x548.jpg 730w, https:\/\/www.carliseppf.com\/wp-content\/uploads\/2025\/11\/elementor\/thumbs\/\u53d1\u8d27-re5rja5867tgsyfqoyoalvsonkkdojf2bxo1jjsmgo.jpg 400w\" sizes=\"(max-width: 1440px) 100vw, 1440px\" \/><\/p>\n<h2 data-start=\"1167\" data-end=\"1191\">Merkmale &amp; Vorteile<\/h2>\n<ul data-start=\"1192\" data-end=\"1475\">\n<li data-start=\"1192\" data-end=\"1256\">\n<p data-start=\"1194\" data-end=\"1256\">Transparenter TPU-Film f\u00fcr hohe Klarheit <strong data-start=\"1232\" data-end=\"1254\">klarer PPF Auto-Folie<\/strong><\/p>\n<\/li>\n<li data-start=\"1257\" data-end=\"1301\">\n<p data-start=\"1259\" data-end=\"1301\">Selbstheilende und kratzfeste Technologie<\/p>\n<\/li>\n<li data-start=\"1302\" data-end=\"1343\">\n<p data-start=\"1304\" data-end=\"1343\">Gl\u00e4nzendes Finish mit erstklassiger Haltbarkeit<\/p>\n<\/li>\n<li data-start=\"1344\" data-end=\"1394\">\n<p data-start=\"1346\" data-end=\"1394\">Flexibel und einfach anzubringen auf Kurven und Kanten<\/p>\n<\/li>\n<li data-start=\"1395\" data-end=\"1475\">\n<p data-start=\"1397\" data-end=\"1475\">Ideal f\u00fcr vollst\u00e4ndige oder partielle Fahrzeugabdeckungen, Gro\u00dfbestellungen und individuelle Projekte<\/p>\n<\/li>\n<\/ul>\n<h2 data-start=\"1477\" data-end=\"1503\">Hochwertiges Material<\/h2>\n<ul data-start=\"1504\" data-end=\"1641\">\n<li data-start=\"1504\" data-end=\"1538\">\n<p data-start=\"1506\" data-end=\"1538\">Hochwertiger TPU-Autolackschutzfolie<\/p>\n<\/li>\n<li data-start=\"1539\" data-end=\"1570\">\n<p data-start=\"1541\" data-end=\"1570\">UV-best\u00e4ndig und wasserdicht<\/p>\n<\/li>\n<li data-start=\"1571\" data-end=\"1593\">\n<p data-start=\"1573\" data-end=\"1593\">Sicher f\u00fcr OEM-Lackierung<\/p>\n<\/li>\n<li data-start=\"1594\" data-end=\"1641\">\n<p data-start=\"1596\" data-end=\"1641\">Langanhaltende Outdoor-Leistung (10 Jahre)<\/p>\n<\/li>\n<\/ul>\n<h2 data-start=\"1643\" data-end=\"1676\">Installation &amp; Anpassung<\/h2>\n<ul data-start=\"1677\" data-end=\"1875\">\n<li data-start=\"1677\" data-end=\"1729\">\n<p data-start=\"1679\" data-end=\"1729\">Luftaustrittskleber f\u00fcr blasenfreie Anwendung<\/p>\n<\/li>\n<li data-start=\"1730\" data-end=\"1768\">\n<p data-start=\"1732\" data-end=\"1768\">Hitzebest\u00e4ndig f\u00fcr Kurven und Kanten<\/p>\n<\/li>\n<li data-start=\"1769\" data-end=\"1820\">\n<p data-start=\"1771\" data-end=\"1820\">Anpassbare Rollen f\u00fcr Gro\u00df- oder Gro\u00dfhandelsbestellungen<\/p>\n<\/li>\n<li data-start=\"1821\" data-end=\"1875\">\n<p data-start=\"1823\" data-end=\"1875\">Geeignet f\u00fcr professionelle Monteure und Heimwerker<\/p>\n<\/li>\n<\/ul>\n<h2 data-start=\"1877\" data-end=\"1894\">Anwendungen<\/h2>\n<ul data-start=\"1895\" data-end=\"2082\">\n<li data-start=\"1895\" data-end=\"1942\">\n<p data-start=\"1897\" data-end=\"1942\">Vollst\u00e4ndige Fahrzeugbeklebungen: Autos, SUVs, Motorr\u00e4der<\/p>\n<\/li>\n<li data-start=\"1943\" data-end=\"1993\">\n<p data-start=\"1945\" data-end=\"1993\">Teilfolierungen: Motorhauben, D\u00e4cher, Spiegel, Spoiler<\/p>\n<\/li>\n<li data-start=\"1994\" data-end=\"2034\">\n<p data-start=\"1996\" data-end=\"2034\">Innenverkleidungen und Dekorationspaneele<\/p>\n<\/li>\n<li data-start=\"2035\" data-end=\"2082\">\n<p data-start=\"2037\" data-end=\"2082\">Perfekt f\u00fcr <strong data-start=\"2049\" data-end=\"2071\">klarer PPF Auto-Folie<\/strong> Projekte<\/p>\n<\/li>\n<\/ul>\n<h2 data-start=\"2084\" data-end=\"2103\">Hauptvorteile<\/h2>\n<ul data-start=\"2104\" data-end=\"2384\">\n<li data-start=\"2104\" data-end=\"2146\">\n<p data-start=\"2106\" data-end=\"2146\">Premium <strong data-start=\"2114\" data-end=\"2136\">klarer PPF Auto-Folie<\/strong> Qualit\u00e4t<\/p>\n<\/li>\n<li data-start=\"2147\" data-end=\"2203\">\n<p data-start=\"2149\" data-end=\"2203\">Selbstheilend, kratzfest und langanhaltende Klarheit<\/p>\n<\/li>\n<li data-start=\"2204\" data-end=\"2258\">\n<p data-start=\"2206\" data-end=\"2258\">Direkt vom Hersteller, vollst\u00e4ndig anpassbar f\u00fcr Gro\u00dfbestellungen<\/p>\n<\/li>\n<li data-start=\"2259\" data-end=\"2322\">\n<p data-start=\"2261\" data-end=\"2322\">Einfache Installation f\u00fcr Heimwerker und professionelle Installateure<\/p>\n<\/li>\n<li data-start=\"2323\" data-end=\"2384\">\n<p data-start=\"2325\" data-end=\"2384\">Perfekt f\u00fcr Autowerkst\u00e4tten, Installateure und Enthusiasten<\/p>\n<\/li>\n<\/ul>\n<h2 data-start=\"2386\" data-end=\"2407\">Paket beinhaltet<\/h2>\n<ul data-start=\"2408\" data-end=\"2515\">\n<li data-start=\"2408\" data-end=\"2446\">\n<p data-start=\"2410\" data-end=\"2446\">1 Rolle transparentes TPU-PFF-Film<\/p>\n<\/li>\n<li data-start=\"2447\" data-end=\"2515\">\n<p data-start=\"2449\" data-end=\"2515\">Optionales Installationswerkzeugset: Rakel, Klinge, Mikrofasertuch<\/p>\n<\/li>\n<\/ul>\n<h2 data-start=\"2517\" data-end=\"2546\">Warum dieses Produkt w\u00e4hlen?<\/h2>\n<p data-start=\"2547\" data-end=\"2782\">Direkt vom Hersteller <strong data-start=\"2567\" data-end=\"2589\">klarer PPF Auto-Folie<\/strong> bietet professionellen Schutz, ultimative Klarheit und 10 Jahre Haltbarkeit. Vollst\u00e4ndig anpassbar f\u00fcr Gro\u00df- oder Einzelbestellungen, ideal f\u00fcr Monteure, Gro\u00dfh\u00e4ndler und Automobil-Enthusiasten.<\/p>","protected":false},"excerpt":{"rendered":"<p>Sch\u00fctzen Sie Ihr Fahrzeug mit diesem <strong data-start=\"448\" data-end=\"470\">klarer PPF Auto-Folie<\/strong> \u2013 hochwertiger transparenter TPU-Lackschutzfilm mit 10 Jahren Garantie und Premium-Materialien aus Deutschland. Direkt vom Hersteller, anpassbar f\u00fcr Gro\u00dfbestellungen. Ideal f\u00fcr professionelle Monteure, Autowerkst\u00e4tten und Enthusiasten, die h\u00f6chste Klarheit und Langlebigkeit suchen.<\/p>","protected":false},"featured_media":9407,"comment_status":"open","ping_status":"closed","template":"","meta":[],"product_brand":[],"product_cat":[215],"product_tag":[],"class_list":{"0":"post-9402","1":"product","2":"type-product","3":"status-publish","4":"has-post-thumbnail","6":"product_cat-paint-protection-film-ppf","8":"first","9":"instock","10":"shipping-taxable","11":"product-type-simple"},"_links":{"self":[{"href":"https:\/\/www.carliseppf.com\/de\/wp-json\/wp\/v2\/product\/9402","targetHints":{"allow":["GET"]}}],"collection":[{"href":"https:\/\/www.carliseppf.com\/de\/wp-json\/wp\/v2\/product"}],"about":[{"href":"https:\/\/www.carliseppf.com\/de\/wp-json\/wp\/v2\/types\/product"}],"replies":[{"embeddable":true,"href":"https:\/\/www.carliseppf.com\/de\/wp-json\/wp\/v2\/comments?post=9402"}],"wp:featuredmedia":[{"embeddable":true,"href":"https:\/\/www.carliseppf.com\/de\/wp-json\/wp\/v2\/media\/9407"}],"wp:attachment":[{"href":"https:\/\/www.carliseppf.com\/de\/wp-json\/wp\/v2\/media?parent=9402"}],"wp:term":[{"taxonomy":"product_brand","embeddable":true,"href":"https:\/\/www.carliseppf.com\/de\/wp-json\/wp\/v2\/product_brand?post=9402"},{"taxonomy":"product_cat","embeddable":true,"href":"https:\/\/www.carliseppf.com\/de\/wp-json\/wp\/v2\/product_cat?post=9402"},{"taxonomy":"product_tag","embeddable":true,"href":"https:\/\/www.carliseppf.com\/de\/wp-json\/wp\/v2\/product_tag?post=9402"}],"curies":[{"name":"wp","href":"https:\/\/api.w.org\/{rel}","templated":true}]}}