{"id":9417,"date":"2025-11-14T06:57:49","date_gmt":"2025-11-14T06:57:49","guid":{"rendered":"https:\/\/www.carliseppf.com\/?post_type=product&#038;p=9417"},"modified":"2025-11-20T11:26:53","modified_gmt":"2025-11-20T11:26:53","slug":"tpu-film-suppliers-custom-brand-ppf","status":"publish","type":"product","link":"https:\/\/www.carliseppf.com\/de\/product\/tpu-film-suppliers-custom-brand-ppf\/","title":{"rendered":"Benutzerdefinierte Marken-TPU-Lackschutzfolie \u2013 10 Jahre Nicht-Gelbf\u00e4rbend Auto-PPF"},"content":{"rendered":"<h2 data-start=\"698\" data-end=\"719\">Produkt\u00fcbersicht<\/h2>\n<p data-start=\"720\" data-end=\"1033\">Diese hochwertige TPU-Lackschutzfolie von f\u00fchrenden <strong data-start=\"777\" data-end=\"799\">TPU-Folienlieferanten<\/strong> sorgt daf\u00fcr, dass Ihr Fahrzeug mit einem langlebigen, nicht vergilbenden Finish gesch\u00fctzt bleibt. Perfekt f\u00fcr Voll- oder Teilfolierungen an Autos, Motorr\u00e4dern, Motorhauben, Spiegeln und Dekorplatten. Direktlieferung ab Werk unterst\u00fctzt Gro\u00dfbestellungen und individuelle Gr\u00f6\u00dfenanpassungen.<\/p>\n<p data-start=\"720\" data-end=\"1033\"><img fetchpriority=\"high\" decoding=\"async\" class=\"alignnone wp-image-9419 size-full\" src=\"https:\/\/www.carliseppf.com\/wp-content\/uploads\/2025\/11\/b79361e7481a3db96fa1948f973fc6fe.png\" alt=\"TPU-Folienlieferanten\" width=\"790\" height=\"1133\" srcset=\"https:\/\/www.carliseppf.com\/wp-content\/uploads\/2025\/11\/b79361e7481a3db96fa1948f973fc6fe.png 790w, https:\/\/www.carliseppf.com\/wp-content\/uploads\/2025\/11\/b79361e7481a3db96fa1948f973fc6fe-209x300.png 209w, https:\/\/www.carliseppf.com\/wp-content\/uploads\/2025\/11\/b79361e7481a3db96fa1948f973fc6fe-714x1024.png 714w, https:\/\/www.carliseppf.com\/wp-content\/uploads\/2025\/11\/b79361e7481a3db96fa1948f973fc6fe-768x1101.png 768w, https:\/\/www.carliseppf.com\/wp-content\/uploads\/2025\/11\/b79361e7481a3db96fa1948f973fc6fe-370x531.png 370w, https:\/\/www.carliseppf.com\/wp-content\/uploads\/2025\/11\/b79361e7481a3db96fa1948f973fc6fe-410x588.png 410w, https:\/\/www.carliseppf.com\/wp-content\/uploads\/2025\/11\/b79361e7481a3db96fa1948f973fc6fe-730x1047.png 730w\" sizes=\"(max-width: 790px) 100vw, 790px\" \/><\/p>\n<h2 data-start=\"1035\" data-end=\"1059\">Merkmale &amp; Vorteile<\/h2>\n<ul data-start=\"1060\" data-end=\"1310\">\n<li data-start=\"1060\" data-end=\"1114\">\n<p data-start=\"1062\" data-end=\"1114\">Nicht vergilbende TPU-Folie f\u00fcr langanhaltenden Schutz<\/p>\n<\/li>\n<li data-start=\"1115\" data-end=\"1159\">\n<p data-start=\"1117\" data-end=\"1159\">Selbstheilende und kratzfeste Technologie<\/p>\n<\/li>\n<li data-start=\"1160\" data-end=\"1196\">\n<p data-start=\"1162\" data-end=\"1196\">Verf\u00fcgbar in gl\u00e4nzender oder matter Ausf\u00fchrung<\/p>\n<\/li>\n<li data-start=\"1197\" data-end=\"1243\">\n<p data-start=\"1199\" data-end=\"1243\">Flexibel und langlebig f\u00fcr einfache Installation<\/p>\n<\/li>\n<li data-start=\"1244\" data-end=\"1310\">\n<p data-start=\"1246\" data-end=\"1310\">Ideal f\u00fcr Gro\u00dfbestellungen von professionellen <strong data-start=\"1286\" data-end=\"1308\">TPU-Folienlieferanten<\/strong><\/p>\n<\/li>\n<\/ul>\n<h2 data-start=\"1312\" data-end=\"1338\">Hochwertiges Material<\/h2>\n<ul data-start=\"1339\" data-end=\"1478\">\n<li data-start=\"1339\" data-end=\"1371\">\n<p data-start=\"1341\" data-end=\"1371\">Premium TPU-Autolackfolie<\/p>\n<\/li>\n<li data-start=\"1372\" data-end=\"1403\">\n<p data-start=\"1374\" data-end=\"1403\">UV-best\u00e4ndig und wasserdicht<\/p>\n<\/li>\n<li data-start=\"1404\" data-end=\"1426\">\n<p data-start=\"1406\" data-end=\"1426\">Sicher f\u00fcr OEM-Lackierung<\/p>\n<\/li>\n<li data-start=\"1427\" data-end=\"1478\">\n<p data-start=\"1429\" data-end=\"1478\">Langanhaltende Outdoor-Leistung bis zu 10 Jahren<\/p>\n<\/li>\n<\/ul>\n<h2 data-start=\"1480\" data-end=\"1513\">Installation &amp; Anpassung<\/h2>\n<ul data-start=\"1514\" data-end=\"1712\">\n<li data-start=\"1514\" data-end=\"1566\">\n<p data-start=\"1516\" data-end=\"1566\">Luftaustrittskleber f\u00fcr blasenfreie Anwendung<\/p>\n<\/li>\n<li data-start=\"1567\" data-end=\"1605\">\n<p data-start=\"1569\" data-end=\"1605\">Hitzebest\u00e4ndig f\u00fcr Kurven und Kanten<\/p>\n<\/li>\n<li data-start=\"1606\" data-end=\"1657\">\n<p data-start=\"1608\" data-end=\"1657\">Anpassbare Rollen f\u00fcr Gro\u00df- oder Gro\u00dfhandelsbestellungen<\/p>\n<\/li>\n<li data-start=\"1658\" data-end=\"1712\">\n<p data-start=\"1660\" data-end=\"1712\">Geeignet f\u00fcr professionelle Monteure und Heimwerker<\/p>\n<\/li>\n<\/ul>\n<h2 data-start=\"1714\" data-end=\"1731\">Anwendungen<\/h2>\n<ul data-start=\"1732\" data-end=\"1936\">\n<li data-start=\"1732\" data-end=\"1779\">\n<p data-start=\"1734\" data-end=\"1779\">Vollst\u00e4ndige Fahrzeugbeklebungen: Autos, SUVs, Motorr\u00e4der<\/p>\n<\/li>\n<li data-start=\"1780\" data-end=\"1830\">\n<p data-start=\"1782\" data-end=\"1830\">Teilfolierungen: Motorhauben, D\u00e4cher, Spiegel, Spoiler<\/p>\n<\/li>\n<li data-start=\"1831\" data-end=\"1871\">\n<p data-start=\"1833\" data-end=\"1871\">Innenverkleidungen und Dekorationspaneele<\/p>\n<\/li>\n<li data-start=\"1872\" data-end=\"1936\">\n<p data-start=\"1874\" data-end=\"1936\">Ideal f\u00fcr <strong data-start=\"1884\" data-end=\"1906\">TPU-Folienlieferanten<\/strong> Gro\u00df- oder ma\u00dfgeschneiderte Projekte<\/p>\n<\/li>\n<\/ul>\n<h2 data-start=\"1938\" data-end=\"1959\">Paket beinhaltet<\/h2>\n<ul data-start=\"1960\" data-end=\"2068\">\n<li data-start=\"1960\" data-end=\"1999\">\n<p data-start=\"1962\" data-end=\"1999\">1 Rolle individuell Marken TPU PPF-Folie<\/p>\n<\/li>\n<li data-start=\"2000\" data-end=\"2068\">\n<p data-start=\"2002\" data-end=\"2068\">Optionales Installationswerkzeugset: Rakel, Klinge, Mikrofasertuch<\/p>\n<\/li>\n<\/ul>\n<h2 data-start=\"2070\" data-end=\"2099\">Warum dieses Produkt w\u00e4hlen?<\/h2>\n<p data-start=\"2100\" data-end=\"2357\">Als Top-Produkt von <strong data-start=\"2122\" data-end=\"2144\">TPU-Folienlieferanten<\/strong>, bietet diese TPU-Lackschutzfolie professionellen Schutz, langlebige nicht vergilbende Leistung und individuelle Anpassung ab Werk. Perfekt f\u00fcr Installateure, Gro\u00dfh\u00e4ndler und Autoenthusiasten.<\/p>","protected":false},"excerpt":{"rendered":"<p>Premium TPU-Filmlieferantenprodukt \u2013 Individuelle Marken TPU-Lackschutzfolie mit 10 Jahren nicht vergilbender Haltbarkeit. Ideal f\u00fcr professionelle Installateure, Autowerkst\u00e4tten und Unternehmen, die hochwertige Autopflegefolien suchen. Direktlieferung ab Werk unterst\u00fctzt Gro\u00dfbestellungen und Anpassungen.<\/p>","protected":false},"featured_media":9418,"comment_status":"open","ping_status":"closed","template":"","meta":[],"product_brand":[],"product_cat":[215],"product_tag":[],"class_list":{"0":"post-9417","1":"product","2":"type-product","3":"status-publish","4":"has-post-thumbnail","6":"product_cat-paint-protection-film-ppf","8":"first","9":"instock","10":"shipping-taxable","11":"product-type-simple"},"_links":{"self":[{"href":"https:\/\/www.carliseppf.com\/de\/wp-json\/wp\/v2\/product\/9417","targetHints":{"allow":["GET"]}}],"collection":[{"href":"https:\/\/www.carliseppf.com\/de\/wp-json\/wp\/v2\/product"}],"about":[{"href":"https:\/\/www.carliseppf.com\/de\/wp-json\/wp\/v2\/types\/product"}],"replies":[{"embeddable":true,"href":"https:\/\/www.carliseppf.com\/de\/wp-json\/wp\/v2\/comments?post=9417"}],"wp:featuredmedia":[{"embeddable":true,"href":"https:\/\/www.carliseppf.com\/de\/wp-json\/wp\/v2\/media\/9418"}],"wp:attachment":[{"href":"https:\/\/www.carliseppf.com\/de\/wp-json\/wp\/v2\/media?parent=9417"}],"wp:term":[{"taxonomy":"product_brand","embeddable":true,"href":"https:\/\/www.carliseppf.com\/de\/wp-json\/wp\/v2\/product_brand?post=9417"},{"taxonomy":"product_cat","embeddable":true,"href":"https:\/\/www.carliseppf.com\/de\/wp-json\/wp\/v2\/product_cat?post=9417"},{"taxonomy":"product_tag","embeddable":true,"href":"https:\/\/www.carliseppf.com\/de\/wp-json\/wp\/v2\/product_tag?post=9417"}],"curies":[{"name":"wp","href":"https:\/\/api.w.org\/{rel}","templated":true}]}}