{"id":9461,"date":"2025-11-17T06:44:40","date_gmt":"2025-11-17T06:44:40","guid":{"rendered":"https:\/\/www.carliseppf.com\/?post_type=product&#038;p=9461"},"modified":"2025-11-20T10:10:40","modified_gmt":"2025-11-20T10:10:40","slug":"color-changing-car-wrap-dragon-blood-red","status":"publish","type":"product","link":"https:\/\/www.carliseppf.com\/de\/product\/color-changing-car-wrap-dragon-blood-red\/","title":{"rendered":"Drachenblut Rote Fl\u00fcssigmetall \u2013 Farbwechsel Auto-Folie"},"content":{"rendered":"<h2 data-start=\"756\" data-end=\"777\">Produkt\u00fcbersicht<\/h2>\n<p data-start=\"778\" data-end=\"1123\">Dieses Premium- <strong data-start=\"791\" data-end=\"818\">Farbwechsel Auto-Folie<\/strong> Vinyl mit Drachenblut Rote Fl\u00fcssigmetall-PVC, bietet einen dynamischen, auff\u00e4lligen Effekt f\u00fcr Autos, Motorr\u00e4der und individuelle Fahrzeuge. Perfekt f\u00fcr Voll- oder Teilverklebungen, Karosserieteile und dekorative Zierleisten. Direktlieferung ab Werk gew\u00e4hrleistet Gro\u00dfbestellungen und individuelle Gr\u00f6\u00dfen f\u00fcr Monteure und Gro\u00dfh\u00e4ndler.<\/p>\n<p data-start=\"778\" data-end=\"1123\"><img fetchpriority=\"high\" decoding=\"async\" class=\"alignnone wp-image-9464 size-full\" src=\"https:\/\/www.carliseppf.com\/wp-content\/uploads\/2025\/11\/\u9f99\u8840\u7ea22.png\" alt=\"Farbwechsel Auto-Folie\" width=\"800\" height=\"800\" srcset=\"https:\/\/www.carliseppf.com\/wp-content\/uploads\/2025\/11\/\u9f99\u8840\u7ea22.png 800w, https:\/\/www.carliseppf.com\/wp-content\/uploads\/2025\/11\/\u9f99\u8840\u7ea22-300x300.png 300w, https:\/\/www.carliseppf.com\/wp-content\/uploads\/2025\/11\/\u9f99\u8840\u7ea22-150x150.png 150w, https:\/\/www.carliseppf.com\/wp-content\/uploads\/2025\/11\/\u9f99\u8840\u7ea22-768x768.png 768w, https:\/\/www.carliseppf.com\/wp-content\/uploads\/2025\/11\/\u9f99\u8840\u7ea22-370x370.png 370w, https:\/\/www.carliseppf.com\/wp-content\/uploads\/2025\/11\/\u9f99\u8840\u7ea22-120x120.png 120w, https:\/\/www.carliseppf.com\/wp-content\/uploads\/2025\/11\/\u9f99\u8840\u7ea22-410x410.png 410w, https:\/\/www.carliseppf.com\/wp-content\/uploads\/2025\/11\/\u9f99\u8840\u7ea22-630x630.png 630w, https:\/\/www.carliseppf.com\/wp-content\/uploads\/2025\/11\/\u9f99\u8840\u7ea22-730x730.png 730w, https:\/\/www.carliseppf.com\/wp-content\/uploads\/2025\/11\/\u9f99\u8840\u7ea22-460x460.png 460w\" sizes=\"(max-width: 800px) 100vw, 800px\" \/><\/p>\n<h2 data-start=\"1125\" data-end=\"1147\">Design &amp; Eigenschaften<\/h2>\n<ul data-start=\"1148\" data-end=\"1491\">\n<li data-start=\"1148\" data-end=\"1211\">\n<p data-start=\"1150\" data-end=\"1211\">Dynamischer Drachenblut Rote Fl\u00fcssigmetall-Farbwechsel-Effekt<\/p>\n<\/li>\n<li data-start=\"1212\" data-end=\"1292\">\n<p data-start=\"1214\" data-end=\"1292\">Hochwertiges PET\/PVC-Material f\u00fcr professionelle <strong data-start=\"1261\" data-end=\"1282\">Autofolien<\/strong> Ergebnisse<\/p>\n<\/li>\n<li data-start=\"1293\" data-end=\"1343\">\n<p data-start=\"1295\" data-end=\"1343\">Kratzfest, flexibel und einfach anzubringen<\/p>\n<\/li>\n<li data-start=\"1344\" data-end=\"1410\">\n<p data-start=\"1346\" data-end=\"1410\">Kompatibel mit professionellen <strong data-start=\"1375\" data-end=\"1402\">Farbwechsel Auto-Folie<\/strong> Werkzeugen<\/p>\n<\/li>\n<li data-start=\"1411\" data-end=\"1491\">\n<p data-start=\"1413\" data-end=\"1491\">Ideal f\u00fcr vollst\u00e4ndige oder partielle Fahrzeugabdeckungen, Gro\u00dfbestellungen und individuelle Projekte<\/p>\n<\/li>\n<\/ul>\n<h2 data-start=\"1493\" data-end=\"1519\">Hochwertiges Material<\/h2>\n<ul data-start=\"1520\" data-end=\"1689\">\n<li data-start=\"1520\" data-end=\"1556\">\n<p data-start=\"1522\" data-end=\"1556\">Langlebiger PET\/PVC-Auto-Vinyl<\/p>\n<\/li>\n<li data-start=\"1557\" data-end=\"1609\">\n<p data-start=\"1559\" data-end=\"1609\">UV-best\u00e4ndig, wasserdicht und sicher f\u00fcr OEM-Lacke<\/p>\n<\/li>\n<li data-start=\"1610\" data-end=\"1658\">\n<p data-start=\"1612\" data-end=\"1658\">Langanhaltende Outdoor-Leistung (3\u20135 Jahre)<\/p>\n<\/li>\n<li data-start=\"1659\" data-end=\"1689\">\n<p data-start=\"1661\" data-end=\"1689\">Einfach zu reinigen und zu pflegen<\/p>\n<\/li>\n<\/ul>\n<h2 data-start=\"1691\" data-end=\"1729\">Einfache Installation &amp; Anpassung<\/h2>\n<ul data-start=\"1730\" data-end=\"1961\">\n<li data-start=\"1730\" data-end=\"1783\">\n<p data-start=\"1732\" data-end=\"1783\">Luftablasskleber f\u00fcr blasenfreie Montage<\/p>\n<\/li>\n<li data-start=\"1784\" data-end=\"1854\">\n<p data-start=\"1786\" data-end=\"1854\">Flexibel und hitzebest\u00e4ndig formbar f\u00fcr Kanten, Kurven und komplexe Oberfl\u00e4chen<\/p>\n<\/li>\n<li data-start=\"1855\" data-end=\"1906\">\n<p data-start=\"1857\" data-end=\"1906\">Anpassbare Rollen f\u00fcr Gro\u00df- oder Gro\u00dfhandelsbestellungen<\/p>\n<\/li>\n<li data-start=\"1907\" data-end=\"1961\">\n<p data-start=\"1909\" data-end=\"1961\">Geeignet f\u00fcr professionelle Monteure und Heimwerker<\/p>\n<\/li>\n<\/ul>\n<h2 data-start=\"1963\" data-end=\"1980\">Anwendungen<\/h2>\n<ul data-start=\"1981\" data-end=\"2177\">\n<li data-start=\"1981\" data-end=\"2034\">\n<p data-start=\"1983\" data-end=\"2034\">Vollfahrzeugfolierungen: Autos, SUVs, Motorr\u00e4der, Vans<\/p>\n<\/li>\n<li data-start=\"2035\" data-end=\"2085\">\n<p data-start=\"2037\" data-end=\"2085\">Teilfolierungen: Motorhauben, D\u00e4cher, Spiegel, Spoiler<\/p>\n<\/li>\n<li data-start=\"2086\" data-end=\"2126\">\n<p data-start=\"2088\" data-end=\"2126\">Innenverkleidungen und Dekorationspaneele<\/p>\n<\/li>\n<li data-start=\"2127\" data-end=\"2177\">\n<p data-start=\"2129\" data-end=\"2177\">Ideal f\u00fcr <strong data-start=\"2139\" data-end=\"2166\">Farbwechsel Auto-Folie<\/strong> Projekte<\/p>\n<\/li>\n<\/ul>\n<h2 data-start=\"2179\" data-end=\"2198\">Spezifikationen<\/h2>\n<p data-start=\"2199\" data-end=\"2445\">Material: PET\/PVC-Auto-Vinyl<br data-start=\"2233\" data-end=\"2236\" \/>Farbe: Drachenblut Rote Fl\u00fcssigmetall<br data-start=\"2272\" data-end=\"2275\" \/>Oberfl\u00e4che: Gl\u00e4nzend \/ Matt-Optionen<br data-start=\"2305\" data-end=\"2308\" \/>Dicke: 150\u2013180 \u03bcm<br data-start=\"2329\" data-end=\"2332\" \/>Klebstoff: Luftablass, repositionierbar<br data-start=\"2369\" data-end=\"2372\" \/>Haltbarkeit: 3\u20135 Jahre im Freien<br data-start=\"2401\" data-end=\"2404\" \/>Rollengr\u00f6\u00dfe: Anpassbar f\u00fcr Gro\u00dfbestellungen<\/p>\n<h2 data-start=\"2447\" data-end=\"2466\">Hauptvorteile<\/h2>\n<ul data-start=\"2467\" data-end=\"2740\">\n<li data-start=\"2467\" data-end=\"2514\">\n<p data-start=\"2469\" data-end=\"2514\">Premium <strong data-start=\"2477\" data-end=\"2504\">Farbwechsel Auto-Folie<\/strong> Qualit\u00e4t<\/p>\n<\/li>\n<li data-start=\"2515\" data-end=\"2559\">\n<p data-start=\"2517\" data-end=\"2559\">Kratzfest, langlebig und flexibel<\/p>\n<\/li>\n<li data-start=\"2560\" data-end=\"2614\">\n<p data-start=\"2562\" data-end=\"2614\">Direkt vom Hersteller, vollst\u00e4ndig anpassbar f\u00fcr Gro\u00dfbestellungen<\/p>\n<\/li>\n<li data-start=\"2615\" data-end=\"2678\">\n<p data-start=\"2617\" data-end=\"2678\">Einfache Installation f\u00fcr Heimwerker und professionelle Installateure<\/p>\n<\/li>\n<li data-start=\"2679\" data-end=\"2740\">\n<p data-start=\"2681\" data-end=\"2740\">Perfekt f\u00fcr Autowerkst\u00e4tten, Installateure und Enthusiasten<\/p>\n<\/li>\n<\/ul>\n<h2 data-start=\"2742\" data-end=\"2763\">Paket beinhaltet<\/h2>\n<ul data-start=\"2764\" data-end=\"2886\">\n<li data-start=\"2764\" data-end=\"2817\">\n<p data-start=\"2766\" data-end=\"2817\">1 Rolle Drachenblut Rote Fl\u00fcssigmetall PVC-Vinyl<\/p>\n<\/li>\n<li data-start=\"2818\" data-end=\"2886\">\n<p data-start=\"2820\" data-end=\"2886\">Optionales Installationswerkzeugset: Rakel, Klinge, Mikrofasertuch<\/p>\n<\/li>\n<\/ul>\n<h2 data-start=\"2888\" data-end=\"2917\">Warum dieses Produkt w\u00e4hlen?<\/h2>\n<p data-start=\"2918\" data-end=\"3235\">Direkt vom Hersteller <strong data-start=\"2938\" data-end=\"2965\">Farbwechsel Auto-Folie<\/strong> Vinyl bietet professionelle Qualit\u00e4t, lebendiges Drachenblut Rote Fl\u00fcssigmetall-Finish und langanhaltenden Schutz. Vollst\u00e4ndig anpassbar f\u00fcr Gro\u00df- oder Einzelbestellungen, perfekt f\u00fcr Monteure, Gro\u00dfh\u00e4ndler und Unternehmen, die Premium-Vinyll\u00f6sungen anbieten. <strong data-start=\"3199\" data-end=\"3222\">Vinylfolie f\u00fcr Autos<\/strong> L\u00f6sungen anbieten.<\/p>","protected":false},"excerpt":{"rendered":"<p>R\u00fcsten Sie Ihr Fahrzeug mit diesem <strong data-start=\"459\" data-end=\"486\">Farbwechsel Auto-Folie<\/strong> \u2013 hochwertiger Drachenblut Rote Fl\u00fcssigmetall-Film. Kratzfest, langlebig und direkt ab Werk, vollst\u00e4ndig anpassbar f\u00fcr Gro\u00dfbestellungen. Ideal f\u00fcr professionelle Monteure, Gro\u00dfh\u00e4ndler und Automobilenthusiasten, die Premium-Vinylfolienl\u00f6sungen suchen.<\/p>","protected":false},"featured_media":9462,"comment_status":"open","ping_status":"closed","template":"","meta":[],"product_brand":[],"product_cat":[214],"product_tag":[],"class_list":{"0":"post-9461","1":"product","2":"type-product","3":"status-publish","4":"has-post-thumbnail","6":"product_cat-car-vinyl-wrap-film","8":"first","9":"instock","10":"shipping-taxable","11":"product-type-simple"},"_links":{"self":[{"href":"https:\/\/www.carliseppf.com\/de\/wp-json\/wp\/v2\/product\/9461","targetHints":{"allow":["GET"]}}],"collection":[{"href":"https:\/\/www.carliseppf.com\/de\/wp-json\/wp\/v2\/product"}],"about":[{"href":"https:\/\/www.carliseppf.com\/de\/wp-json\/wp\/v2\/types\/product"}],"replies":[{"embeddable":true,"href":"https:\/\/www.carliseppf.com\/de\/wp-json\/wp\/v2\/comments?post=9461"}],"wp:featuredmedia":[{"embeddable":true,"href":"https:\/\/www.carliseppf.com\/de\/wp-json\/wp\/v2\/media\/9462"}],"wp:attachment":[{"href":"https:\/\/www.carliseppf.com\/de\/wp-json\/wp\/v2\/media?parent=9461"}],"wp:term":[{"taxonomy":"product_brand","embeddable":true,"href":"https:\/\/www.carliseppf.com\/de\/wp-json\/wp\/v2\/product_brand?post=9461"},{"taxonomy":"product_cat","embeddable":true,"href":"https:\/\/www.carliseppf.com\/de\/wp-json\/wp\/v2\/product_cat?post=9461"},{"taxonomy":"product_tag","embeddable":true,"href":"https:\/\/www.carliseppf.com\/de\/wp-json\/wp\/v2\/product_tag?post=9461"}],"curies":[{"name":"wp","href":"https:\/\/api.w.org\/{rel}","templated":true}]}}