{"id":9481,"date":"2025-11-17T07:53:09","date_gmt":"2025-11-17T07:53:09","guid":{"rendered":"https:\/\/www.carliseppf.com\/?post_type=product&#038;p=9481"},"modified":"2025-11-20T10:09:30","modified_gmt":"2025-11-20T10:09:30","slug":"cool-car-wraps-rainbow-pvc","status":"publish","type":"product","link":"https:\/\/www.carliseppf.com\/de\/product\/cool-car-wraps-rainbow-pvc\/","title":{"rendered":"Calise PVC Regenbogen-Farbwechsel-Film \u2013 Coole Auto-Folien"},"content":{"rendered":"<h2 data-start=\"720\" data-end=\"741\">Produkt\u00fcbersicht<\/h2>\n<p data-start=\"742\" data-end=\"1073\">Dieses Premium- <strong data-start=\"755\" data-end=\"773\">coole Auto-Folien<\/strong> Film zeigt eine rainbow elektroplattierte, farbwechselnde PVC, die einen atemberaubenden und dynamischen Look f\u00fcr Autos, Motorr\u00e4der und Elektrofahrzeuge bietet. Ideal f\u00fcr vollst\u00e4ndige oder partielle Folierungen, Gaspedale und Karosserieteile. Direktlieferung ab Werk sorgt f\u00fcr Gro\u00dfbestellungen und individuelle Gr\u00f6\u00dfen f\u00fcr Installateure und Gro\u00dfh\u00e4ndler.<\/p>\n<p data-start=\"742\" data-end=\"1073\"><img fetchpriority=\"high\" decoding=\"async\" class=\"alignnone wp-image-9483 size-full\" src=\"https:\/\/www.carliseppf.com\/wp-content\/uploads\/2025\/11\/Ha20ca167d7c243d095653ea9aaae8b7fq.png_avifclosewebpclose.png\" alt=\"coole Auto-Folien\" width=\"800\" height=\"800\" srcset=\"https:\/\/www.carliseppf.com\/wp-content\/uploads\/2025\/11\/Ha20ca167d7c243d095653ea9aaae8b7fq.png_avifclosewebpclose.png 800w, https:\/\/www.carliseppf.com\/wp-content\/uploads\/2025\/11\/Ha20ca167d7c243d095653ea9aaae8b7fq.png_avifclosewebpclose-300x300.png 300w, https:\/\/www.carliseppf.com\/wp-content\/uploads\/2025\/11\/Ha20ca167d7c243d095653ea9aaae8b7fq.png_avifclosewebpclose-150x150.png 150w, https:\/\/www.carliseppf.com\/wp-content\/uploads\/2025\/11\/Ha20ca167d7c243d095653ea9aaae8b7fq.png_avifclosewebpclose-768x768.png 768w, https:\/\/www.carliseppf.com\/wp-content\/uploads\/2025\/11\/Ha20ca167d7c243d095653ea9aaae8b7fq.png_avifclosewebpclose-370x370.png 370w, https:\/\/www.carliseppf.com\/wp-content\/uploads\/2025\/11\/Ha20ca167d7c243d095653ea9aaae8b7fq.png_avifclosewebpclose-120x120.png 120w, https:\/\/www.carliseppf.com\/wp-content\/uploads\/2025\/11\/Ha20ca167d7c243d095653ea9aaae8b7fq.png_avifclosewebpclose-410x410.png 410w, https:\/\/www.carliseppf.com\/wp-content\/uploads\/2025\/11\/Ha20ca167d7c243d095653ea9aaae8b7fq.png_avifclosewebpclose-630x630.png 630w, https:\/\/www.carliseppf.com\/wp-content\/uploads\/2025\/11\/Ha20ca167d7c243d095653ea9aaae8b7fq.png_avifclosewebpclose-730x730.png 730w, https:\/\/www.carliseppf.com\/wp-content\/uploads\/2025\/11\/Ha20ca167d7c243d095653ea9aaae8b7fq.png_avifclosewebpclose-460x460.png 460w\" sizes=\"(max-width: 800px) 100vw, 800px\" \/><\/p>\n<h2 data-start=\"1075\" data-end=\"1097\">Design &amp; Eigenschaften<\/h2>\n<ul data-start=\"1098\" data-end=\"1394\">\n<li data-start=\"1098\" data-end=\"1146\">\n<p data-start=\"1100\" data-end=\"1146\">Rainbow elektroplattierter, farbwechselnder Effekt<\/p>\n<\/li>\n<li data-start=\"1147\" data-end=\"1217\">\n<p data-start=\"1149\" data-end=\"1217\">Glattes PVC-Material f\u00fcr professionelle <strong data-start=\"1186\" data-end=\"1207\">Autofolien<\/strong> Ergebnisse<\/p>\n<\/li>\n<li data-start=\"1218\" data-end=\"1283\">\n<p data-start=\"1220\" data-end=\"1283\">Kratzfest, langlebig und flexibel f\u00fcr Kurven und Kanten<\/p>\n<\/li>\n<li data-start=\"1284\" data-end=\"1332\">\n<p data-start=\"1286\" data-end=\"1332\">Perfekt f\u00fcr vollst\u00e4ndige oder partielle Fahrzeugabdeckungen<\/p>\n<\/li>\n<li data-start=\"1333\" data-end=\"1394\">\n<p data-start=\"1335\" data-end=\"1394\">Kompatibel mit professionellen Werkzeugen f\u00fcr <strong data-start=\"1374\" data-end=\"1392\">coole Auto-Folien<\/strong><\/p>\n<\/li>\n<\/ul>\n<h2 data-start=\"1396\" data-end=\"1422\">Hochwertiges Material<\/h2>\n<ul data-start=\"1423\" data-end=\"1588\">\n<li data-start=\"1423\" data-end=\"1455\">\n<p data-start=\"1425\" data-end=\"1455\">Langlebiges PVC-Auto-Vinyl<\/p>\n<\/li>\n<li data-start=\"1456\" data-end=\"1508\">\n<p data-start=\"1458\" data-end=\"1508\">UV-best\u00e4ndig, wasserdicht und sicher f\u00fcr OEM-Lacke<\/p>\n<\/li>\n<li data-start=\"1509\" data-end=\"1557\">\n<p data-start=\"1511\" data-end=\"1557\">Langanhaltende Outdoor-Leistung (3\u20135 Jahre)<\/p>\n<\/li>\n<li data-start=\"1558\" data-end=\"1588\">\n<p data-start=\"1560\" data-end=\"1588\">Einfach zu reinigen und zu pflegen<\/p>\n<\/li>\n<\/ul>\n<h2 data-start=\"1590\" data-end=\"1628\">Einfache Installation &amp; Anpassung<\/h2>\n<ul data-start=\"1629\" data-end=\"1850\">\n<li data-start=\"1629\" data-end=\"1681\">\n<p data-start=\"1631\" data-end=\"1681\">Luftaustrittskleber f\u00fcr blasenfreie Anwendung<\/p>\n<\/li>\n<li data-start=\"1682\" data-end=\"1743\">\n<p data-start=\"1684\" data-end=\"1743\">Flexibel und hitzebest\u00e4ndig f\u00fcr Kanten und komplexe Oberfl\u00e4chen<\/p>\n<\/li>\n<li data-start=\"1744\" data-end=\"1795\">\n<p data-start=\"1746\" data-end=\"1795\">Anpassbare Rollen f\u00fcr Gro\u00df- oder Gro\u00dfhandelsbestellungen<\/p>\n<\/li>\n<li data-start=\"1796\" data-end=\"1850\">\n<p data-start=\"1798\" data-end=\"1850\">Geeignet f\u00fcr professionelle Monteure und Heimwerker<\/p>\n<\/li>\n<\/ul>\n<h2 data-start=\"1852\" data-end=\"1869\">Anwendungen<\/h2>\n<ul data-start=\"1870\" data-end=\"2053\">\n<li data-start=\"1870\" data-end=\"1916\">\n<p data-start=\"1872\" data-end=\"1916\">Vollst\u00e4ndige Fahrzeugfolierungen: Autos, Motorr\u00e4der, E-Fahrzeuge<\/p>\n<\/li>\n<li data-start=\"1917\" data-end=\"1970\">\n<p data-start=\"1919\" data-end=\"1970\">Partielle Folierungen: Gaspedale, Spiegel, Motorhauben, D\u00e4cher<\/p>\n<\/li>\n<li data-start=\"1971\" data-end=\"2011\">\n<p data-start=\"1973\" data-end=\"2011\">Innenverkleidungen und Dekorationspaneele<\/p>\n<\/li>\n<li data-start=\"2012\" data-end=\"2053\">\n<p data-start=\"2014\" data-end=\"2053\">Ideal f\u00fcr <strong data-start=\"2024\" data-end=\"2042\">coole Auto-Folien<\/strong> Projekte<\/p>\n<\/li>\n<\/ul>\n<h2 data-start=\"2055\" data-end=\"2074\">Spezifikationen<\/h2>\n<p data-start=\"2075\" data-end=\"2325\">Material: PVC-Auto-Vinyl<br data-start=\"2105\" data-end=\"2108\" \/>Farbe: Rainbow Elektroplattierung (Farbwechselnd)<br data-start=\"2154\" data-end=\"2157\" \/>Oberfl\u00e4che: Gl\u00e4nzend \/ Matt-Optionen<br data-start=\"2185\" data-end=\"2188\" \/>Dicke: 150\u2013180 \u03bcm<br data-start=\"2209\" data-end=\"2212\" \/>Klebstoff: Luftablass, repositionierbar<br data-start=\"2249\" data-end=\"2252\" \/>Haltbarkeit: 3\u20135 Jahre im Freien<br data-start=\"2281\" data-end=\"2284\" \/>Rollengr\u00f6\u00dfe: Anpassbar f\u00fcr Gro\u00dfbestellungen<\/p>\n<h2 data-start=\"2327\" data-end=\"2346\">Hauptvorteile<\/h2>\n<ul data-start=\"2347\" data-end=\"2592\">\n<li data-start=\"2347\" data-end=\"2385\">\n<p data-start=\"2349\" data-end=\"2385\">Atemberaubend <strong data-start=\"2358\" data-end=\"2376\">coole Auto-Folien<\/strong> Effekt<\/p>\n<\/li>\n<li data-start=\"2386\" data-end=\"2430\">\n<p data-start=\"2388\" data-end=\"2430\">Kratzfest, langlebig und flexibel<\/p>\n<\/li>\n<li data-start=\"2431\" data-end=\"2485\">\n<p data-start=\"2433\" data-end=\"2485\">Direkt vom Hersteller, vollst\u00e4ndig anpassbar f\u00fcr Gro\u00dfbestellungen<\/p>\n<\/li>\n<li data-start=\"2486\" data-end=\"2549\">\n<p data-start=\"2488\" data-end=\"2549\">Einfache Installation f\u00fcr Heimwerker und professionelle Installateure<\/p>\n<\/li>\n<li data-start=\"2550\" data-end=\"2592\">\n<p data-start=\"2552\" data-end=\"2592\">Perfekt f\u00fcr Autos, Motorr\u00e4der und E-Fahrzeuge<\/p>\n<\/li>\n<\/ul>\n<h2 data-start=\"2594\" data-end=\"2615\">Paket beinhaltet<\/h2>\n<ul data-start=\"2616\" data-end=\"2731\">\n<li data-start=\"2616\" data-end=\"2662\">\n<p data-start=\"2618\" data-end=\"2662\">1 Rolle Rainbow-Farbwechselnder PVC-Folie<\/p>\n<\/li>\n<li data-start=\"2663\" data-end=\"2731\">\n<p data-start=\"2665\" data-end=\"2731\">Optionales Installationswerkzeugset: Rakel, Klinge, Mikrofasertuch<\/p>\n<\/li>\n<\/ul>\n<h2 data-start=\"2733\" data-end=\"2762\">Warum dieses Produkt w\u00e4hlen?<\/h2>\n<p data-start=\"2763\" data-end=\"3068\">Direkt vom Hersteller <strong data-start=\"2783\" data-end=\"2801\">coole Auto-Folien<\/strong> L\u00f6sung bietet lebendige rainbow farbwechselnde Effekte, professionelle Qualit\u00e4t und langanhaltenden Schutz. Vollst\u00e4ndig anpassbar f\u00fcr Gro\u00df- oder Einzelbestellungen, ideal f\u00fcr Installateure, Gro\u00dfh\u00e4ndler und Unternehmen, die Premium-Produkte anbieten <strong data-start=\"3032\" data-end=\"3055\">Vinylfolie f\u00fcr Autos<\/strong> L\u00f6sungen anbieten.<\/p>","protected":false},"excerpt":{"rendered":"<p>R\u00fcsten Sie Ihr Fahrzeug mit diesem <strong data-start=\"441\" data-end=\"459\">coole Auto-Folien<\/strong> L\u00f6sung \u2013 Calise PVC Regenbogen-Elektroplattierungs-Farbwechsel-Film. Direkt ab Werk, langlebig, kratzfest und vollst\u00e4ndig anpassbar f\u00fcr Gro\u00dfbestellungen. Perfekt f\u00fcr Autos, Motorr\u00e4der und Elektrofahrzeuge, die hochwertige Vinyl-Folieneffekte suchen.<\/p>","protected":false},"featured_media":9482,"comment_status":"open","ping_status":"closed","template":"","meta":[],"product_brand":[],"product_cat":[214],"product_tag":[],"class_list":{"0":"post-9481","1":"product","2":"type-product","3":"status-publish","4":"has-post-thumbnail","6":"product_cat-car-vinyl-wrap-film","8":"first","9":"instock","10":"shipping-taxable","11":"product-type-simple"},"_links":{"self":[{"href":"https:\/\/www.carliseppf.com\/de\/wp-json\/wp\/v2\/product\/9481","targetHints":{"allow":["GET"]}}],"collection":[{"href":"https:\/\/www.carliseppf.com\/de\/wp-json\/wp\/v2\/product"}],"about":[{"href":"https:\/\/www.carliseppf.com\/de\/wp-json\/wp\/v2\/types\/product"}],"replies":[{"embeddable":true,"href":"https:\/\/www.carliseppf.com\/de\/wp-json\/wp\/v2\/comments?post=9481"}],"wp:featuredmedia":[{"embeddable":true,"href":"https:\/\/www.carliseppf.com\/de\/wp-json\/wp\/v2\/media\/9482"}],"wp:attachment":[{"href":"https:\/\/www.carliseppf.com\/de\/wp-json\/wp\/v2\/media?parent=9481"}],"wp:term":[{"taxonomy":"product_brand","embeddable":true,"href":"https:\/\/www.carliseppf.com\/de\/wp-json\/wp\/v2\/product_brand?post=9481"},{"taxonomy":"product_cat","embeddable":true,"href":"https:\/\/www.carliseppf.com\/de\/wp-json\/wp\/v2\/product_cat?post=9481"},{"taxonomy":"product_tag","embeddable":true,"href":"https:\/\/www.carliseppf.com\/de\/wp-json\/wp\/v2\/product_tag?post=9481"}],"curies":[{"name":"wp","href":"https:\/\/api.w.org\/{rel}","templated":true}]}}