{"id":9506,"date":"2025-11-18T03:50:04","date_gmt":"2025-11-18T03:50:04","guid":{"rendered":"https:\/\/www.carliseppf.com\/?post_type=product&#038;p=9506"},"modified":"2025-11-20T09:17:19","modified_gmt":"2025-11-20T09:17:19","slug":"car-wrapping-film-nado-gray","status":"publish","type":"product","link":"https:\/\/www.carliseppf.com\/de\/product\/car-wrapping-film-nado-gray\/","title":{"rendered":"Nado Grau Deep Crystal Farbwechsel-Vinyl \u2013 Auto-Folienfilm"},"content":{"rendered":"<h2 data-start=\"740\" data-end=\"761\">Produkt\u00fcbersicht<\/h2>\n<p data-start=\"762\" data-end=\"1092\">Dieses Premium- <strong data-start=\"775\" data-end=\"796\">Autofolien<\/strong> verf\u00fcgt \u00fcber Nado Gray Deep Crystal Farbwechsel-Vinyl, das Stil und langanhaltenden Lackschutz kombiniert. Perfekt f\u00fcr vollst\u00e4ndige oder partielle Fahrzeugfolierungen, Motorr\u00e4der, Innentrennm\u00f6glichkeiten und kreative individuelle Designs. Direkt ab Werk lieferbar, erm\u00f6glicht Gro\u00dfbestellungen und individuelle Gr\u00f6\u00dfen f\u00fcr Installateure und Gro\u00dfh\u00e4ndler.<\/p>\n<p data-start=\"762\" data-end=\"1092\"><img fetchpriority=\"high\" decoding=\"async\" class=\"alignnone wp-image-9510 size-full\" src=\"https:\/\/www.carliseppf.com\/wp-content\/uploads\/2025\/11\/\u7eb3\u591a\u70703.jpg\" alt=\"Auto-Folienfilm\" width=\"1080\" height=\"1440\" srcset=\"https:\/\/www.carliseppf.com\/wp-content\/uploads\/2025\/11\/\u7eb3\u591a\u70703.jpg 1080w, https:\/\/www.carliseppf.com\/wp-content\/uploads\/2025\/11\/\u7eb3\u591a\u70703-225x300.jpg 225w, https:\/\/www.carliseppf.com\/wp-content\/uploads\/2025\/11\/\u7eb3\u591a\u70703-768x1024.jpg 768w, https:\/\/www.carliseppf.com\/wp-content\/uploads\/2025\/11\/\u7eb3\u591a\u70703-370x493.jpg 370w, https:\/\/www.carliseppf.com\/wp-content\/uploads\/2025\/11\/\u7eb3\u591a\u70703-840x1120.jpg 840w, https:\/\/www.carliseppf.com\/wp-content\/uploads\/2025\/11\/\u7eb3\u591a\u70703-410x547.jpg 410w, https:\/\/www.carliseppf.com\/wp-content\/uploads\/2025\/11\/\u7eb3\u591a\u70703-730x973.jpg 730w\" sizes=\"(max-width: 1080px) 100vw, 1080px\" \/><\/p>\n<h2 data-start=\"1094\" data-end=\"1116\">Design &amp; Eigenschaften<\/h2>\n<ul data-start=\"1117\" data-end=\"1429\">\n<li data-start=\"1117\" data-end=\"1174\">\n<p data-start=\"1119\" data-end=\"1174\">Atemberaubendes Nado Gray Deep Crystal Farbwechsel-Finish<\/p>\n<\/li>\n<li data-start=\"1175\" data-end=\"1241\">\n<p data-start=\"1177\" data-end=\"1241\">Glattes PET\/PVC-Material f\u00fcr professionelle <strong data-start=\"1218\" data-end=\"1239\">Autofolien<\/strong><\/p>\n<\/li>\n<li data-start=\"1242\" data-end=\"1312\">\n<p data-start=\"1244\" data-end=\"1312\">Geeignet f\u00fcr Ganzk\u00f6rper- oder Teilfolierungen <strong data-start=\"1278\" data-end=\"1301\">Vinylfolie f\u00fcr Autos<\/strong> Projekte<\/p>\n<\/li>\n<li data-start=\"1313\" data-end=\"1362\">\n<p data-start=\"1315\" data-end=\"1362\">Ideal f\u00fcr die Erstellung einzigartiger <strong data-start=\"1341\" data-end=\"1360\">Auto-Folienfarben<\/strong><\/p>\n<\/li>\n<li data-start=\"1363\" data-end=\"1429\">\n<p data-start=\"1365\" data-end=\"1429\">Perfekt f\u00fcr Kfz-Werkst\u00e4tten, Gro\u00dfbestellungen und individuelle Projekte<\/p>\n<\/li>\n<\/ul>\n<h2 data-start=\"1431\" data-end=\"1457\">Hochwertiges Material<\/h2>\n<ul data-start=\"1458\" data-end=\"1663\">\n<li data-start=\"1458\" data-end=\"1508\">\n<p data-start=\"1460\" data-end=\"1508\">Langlebiges, UV-best\u00e4ndiges PET\/PVC-Auto-Vinyl<\/p>\n<\/li>\n<li data-start=\"1509\" data-end=\"1558\">\n<p data-start=\"1511\" data-end=\"1558\">Kratzfest, wasserdicht, sicher f\u00fcr OEM-Lacke<\/p>\n<\/li>\n<li data-start=\"1559\" data-end=\"1607\">\n<p data-start=\"1561\" data-end=\"1607\">Langanhaltende Outdoor-Leistung (3\u20135 Jahre)<\/p>\n<\/li>\n<li data-start=\"1608\" data-end=\"1663\">\n<p data-start=\"1610\" data-end=\"1663\">Kompatibel mit professionellen <strong data-start=\"1639\" data-end=\"1661\">Fahrzeugfolierungswerkzeuge<\/strong><\/p>\n<\/li>\n<\/ul>\n<h2 data-start=\"1665\" data-end=\"1703\">Einfache Installation &amp; Anpassung<\/h2>\n<ul data-start=\"1704\" data-end=\"1919\">\n<li data-start=\"1704\" data-end=\"1760\">\n<p data-start=\"1706\" data-end=\"1760\">Luftaustrittskleber sorgt f\u00fcr blasenfreie Anwendung<\/p>\n<\/li>\n<li data-start=\"1761\" data-end=\"1812\">\n<p data-start=\"1763\" data-end=\"1812\">Flexibel und hitzebest\u00e4ndig f\u00fcr Kurven und Kanten<\/p>\n<\/li>\n<li data-start=\"1813\" data-end=\"1864\">\n<p data-start=\"1815\" data-end=\"1864\">Anpassbare Rollen f\u00fcr Gro\u00df- oder Gro\u00dfhandelsbestellungen<\/p>\n<\/li>\n<li data-start=\"1865\" data-end=\"1919\">\n<p data-start=\"1867\" data-end=\"1919\">Geeignet f\u00fcr professionelle Monteure und Heimwerker<\/p>\n<\/li>\n<\/ul>\n<h2 data-start=\"1921\" data-end=\"1938\">Anwendungen<\/h2>\n<ul data-start=\"1939\" data-end=\"2129\">\n<li data-start=\"1939\" data-end=\"1992\">\n<p data-start=\"1941\" data-end=\"1992\">Vollfahrzeugfolierungen: Autos, SUVs, Motorr\u00e4der, Vans<\/p>\n<\/li>\n<li data-start=\"1993\" data-end=\"2043\">\n<p data-start=\"1995\" data-end=\"2043\">Teilfolierungen: Motorhauben, D\u00e4cher, Spiegel, Spoiler<\/p>\n<\/li>\n<li data-start=\"2044\" data-end=\"2084\">\n<p data-start=\"2046\" data-end=\"2084\">Innenverkleidungen und Dekorationspaneele<\/p>\n<\/li>\n<li data-start=\"2085\" data-end=\"2129\">\n<p data-start=\"2087\" data-end=\"2129\">Ideal f\u00fcr <strong data-start=\"2097\" data-end=\"2118\">Autofolien<\/strong> Projekte<\/p>\n<\/li>\n<\/ul>\n<h2 data-start=\"2131\" data-end=\"2150\">Spezifikationen<\/h2>\n<p data-start=\"2151\" data-end=\"2406\">Material: PET\/PVC-Auto-Vinyl<br data-start=\"2185\" data-end=\"2188\" \/>Farbe: Nado Gray Deep Crystal (Farbwechsel)<br data-start=\"2234\" data-end=\"2237\" \/>Finish: Hochglanz<br data-start=\"2255\" data-end=\"2258\" \/>Dicke: 150\u2013180 \u03bcm<br data-start=\"2279\" data-end=\"2282\" \/>Klebstoff: Luftablass, repositionierbar<br data-start=\"2319\" data-end=\"2322\" \/>Haltbarkeit: 3\u20135 Jahre im Freien<br data-start=\"2351\" data-end=\"2354\" \/>Rollenma\u00df: 1,52*17M (anpassbar f\u00fcr Gro\u00dfbestellungen)<\/p>\n<h2 data-start=\"2408\" data-end=\"2427\">Hauptvorteile<\/h2>\n<ul data-start=\"2428\" data-end=\"2684\">\n<li data-start=\"2428\" data-end=\"2472\">\n<p data-start=\"2430\" data-end=\"2472\">Professionelle Qualit\u00e4t <strong data-start=\"2449\" data-end=\"2470\">Autofolien<\/strong><\/p>\n<\/li>\n<li data-start=\"2473\" data-end=\"2524\">\n<p data-start=\"2475\" data-end=\"2524\">Lebendiges Nado Gray Crystal Farbwechsel-Finish<\/p>\n<\/li>\n<li data-start=\"2525\" data-end=\"2565\">\n<p data-start=\"2527\" data-end=\"2565\">Langlebig, UV-best\u00e4ndig, kratzfest<\/p>\n<\/li>\n<li data-start=\"2566\" data-end=\"2620\">\n<p data-start=\"2568\" data-end=\"2620\">Direkt vom Hersteller, vollst\u00e4ndig anpassbar f\u00fcr Gro\u00dfbestellungen<\/p>\n<\/li>\n<li data-start=\"2621\" data-end=\"2684\">\n<p data-start=\"2623\" data-end=\"2684\">Einfache Installation f\u00fcr Heimwerker und professionelle Installateure<\/p>\n<\/li>\n<\/ul>\n<h2 data-start=\"2686\" data-end=\"2707\">Paket beinhaltet<\/h2>\n<ul data-start=\"2708\" data-end=\"2828\">\n<li data-start=\"2708\" data-end=\"2759\">\n<p data-start=\"2710\" data-end=\"2759\">1 Rolle Nado Gray Deep Crystal Vinyl-Fahrzeugfolie<\/p>\n<\/li>\n<li data-start=\"2760\" data-end=\"2828\">\n<p data-start=\"2762\" data-end=\"2828\">Optionales Installationswerkzeugset: Rakel, Klinge, Mikrofasertuch<\/p>\n<\/li>\n<\/ul>\n<h2 data-start=\"2830\" data-end=\"2859\">Warum dieses Produkt w\u00e4hlen?<\/h2>\n<p data-start=\"2860\" data-end=\"3157\">Direkt vom Hersteller <strong data-start=\"2880\" data-end=\"2901\">Autofolien<\/strong> liefert professionelle Qualit\u00e4t, lebendige Farbwechsel-Effekte und langanhaltenden Schutz. Vollst\u00e4ndig anpassbar f\u00fcr Gro\u00df- oder Einzelbestellungen, perfekt f\u00fcr Installateure, Gro\u00dfh\u00e4ndler und Unternehmen, die hochwertige L\u00f6sungen anbieten <strong data-start=\"3121\" data-end=\"3144\">Vinylfolie f\u00fcr Autos<\/strong> L\u00f6sungen anbieten.<\/p>","protected":false},"excerpt":{"rendered":"<p>Sch\u00fctzen und verwandeln Sie Ihr Fahrzeug mit diesem <strong data-start=\"465\" data-end=\"486\">Autofolien<\/strong> in Nado Gray Deep Crystal Farbwechsel-Vinyl. Direkt ab Werk, vollst\u00e4ndig anpassbar f\u00fcr Gro\u00dfbestellungen, langlebig, kratzfest und perfekt f\u00fcr Installateure, Gro\u00dfh\u00e4ndler und Automobilenthusiasten, die hochwertige Fahrzeugfolienl\u00f6sungen suchen.<\/p>","protected":false},"featured_media":9508,"comment_status":"open","ping_status":"closed","template":"","meta":[],"product_brand":[],"product_cat":[214],"product_tag":[],"class_list":{"0":"post-9506","1":"product","2":"type-product","3":"status-publish","4":"has-post-thumbnail","6":"product_cat-car-vinyl-wrap-film","8":"first","9":"instock","10":"shipping-taxable","11":"product-type-simple"},"_links":{"self":[{"href":"https:\/\/www.carliseppf.com\/de\/wp-json\/wp\/v2\/product\/9506","targetHints":{"allow":["GET"]}}],"collection":[{"href":"https:\/\/www.carliseppf.com\/de\/wp-json\/wp\/v2\/product"}],"about":[{"href":"https:\/\/www.carliseppf.com\/de\/wp-json\/wp\/v2\/types\/product"}],"replies":[{"embeddable":true,"href":"https:\/\/www.carliseppf.com\/de\/wp-json\/wp\/v2\/comments?post=9506"}],"wp:featuredmedia":[{"embeddable":true,"href":"https:\/\/www.carliseppf.com\/de\/wp-json\/wp\/v2\/media\/9508"}],"wp:attachment":[{"href":"https:\/\/www.carliseppf.com\/de\/wp-json\/wp\/v2\/media?parent=9506"}],"wp:term":[{"taxonomy":"product_brand","embeddable":true,"href":"https:\/\/www.carliseppf.com\/de\/wp-json\/wp\/v2\/product_brand?post=9506"},{"taxonomy":"product_cat","embeddable":true,"href":"https:\/\/www.carliseppf.com\/de\/wp-json\/wp\/v2\/product_cat?post=9506"},{"taxonomy":"product_tag","embeddable":true,"href":"https:\/\/www.carliseppf.com\/de\/wp-json\/wp\/v2\/product_tag?post=9506"}],"curies":[{"name":"wp","href":"https:\/\/api.w.org\/{rel}","templated":true}]}}