{"id":9513,"date":"2025-11-18T05:20:04","date_gmt":"2025-11-18T05:20:04","guid":{"rendered":"https:\/\/www.carliseppf.com\/?post_type=product&#038;p=9513"},"modified":"2025-11-20T09:12:24","modified_gmt":"2025-11-20T09:12:24","slug":"car-transport-wrap-vehicle-paint-protection-film-midnight-purple","status":"publish","type":"product","link":"https:\/\/www.carliseppf.com\/de\/product\/car-transport-wrap-vehicle-paint-protection-film-midnight-purple\/","title":{"rendered":"Auto-Transport-Folie Fahrzeuglackschutzfolie \u2013 Midnight Purple Metallic Vinyl"},"content":{"rendered":"<h2 data-start=\"770\" data-end=\"791\">Produkt\u00fcbersicht<\/h2>\n<p data-start=\"792\" data-end=\"1129\">Dieses Premium- <strong data-start=\"805\" data-end=\"857\">Auto-Transportfolie Fahrzeuglackschutzfolie<\/strong> bietet ein hochgl\u00e4nzendes Mitternachtslila Metallic-Finish, das Stil und Schutz vereint. Perfekt f\u00fcr Voll- oder Teilfolierungen, Motorr\u00e4der, Innentrennm\u00f6glichkeiten und kreative Anpassungen. Fabrikdirektlieferung gew\u00e4hrleistet Gro\u00dfbestellungen und individuelle Gr\u00f6\u00dfen f\u00fcr Verarbeiter und Gro\u00dfh\u00e4ndler.<\/p>\n<p data-start=\"792\" data-end=\"1129\"><img fetchpriority=\"high\" decoding=\"async\" class=\"alignnone wp-image-9540 size-full\" src=\"https:\/\/www.carliseppf.com\/wp-content\/uploads\/2025\/11\/He15c1bb80314407daedbea52e3dec2505.png_avifclosewebpclose.png\" alt=\"Auto-Transport-Folie Fahrzeuglackschutzfolie\" width=\"800\" height=\"800\" srcset=\"https:\/\/www.carliseppf.com\/wp-content\/uploads\/2025\/11\/He15c1bb80314407daedbea52e3dec2505.png_avifclosewebpclose.png 800w, https:\/\/www.carliseppf.com\/wp-content\/uploads\/2025\/11\/He15c1bb80314407daedbea52e3dec2505.png_avifclosewebpclose-300x300.png 300w, https:\/\/www.carliseppf.com\/wp-content\/uploads\/2025\/11\/He15c1bb80314407daedbea52e3dec2505.png_avifclosewebpclose-150x150.png 150w, https:\/\/www.carliseppf.com\/wp-content\/uploads\/2025\/11\/He15c1bb80314407daedbea52e3dec2505.png_avifclosewebpclose-768x768.png 768w, https:\/\/www.carliseppf.com\/wp-content\/uploads\/2025\/11\/He15c1bb80314407daedbea52e3dec2505.png_avifclosewebpclose-370x370.png 370w, https:\/\/www.carliseppf.com\/wp-content\/uploads\/2025\/11\/He15c1bb80314407daedbea52e3dec2505.png_avifclosewebpclose-120x120.png 120w, https:\/\/www.carliseppf.com\/wp-content\/uploads\/2025\/11\/He15c1bb80314407daedbea52e3dec2505.png_avifclosewebpclose-410x410.png 410w, https:\/\/www.carliseppf.com\/wp-content\/uploads\/2025\/11\/He15c1bb80314407daedbea52e3dec2505.png_avifclosewebpclose-630x630.png 630w, https:\/\/www.carliseppf.com\/wp-content\/uploads\/2025\/11\/He15c1bb80314407daedbea52e3dec2505.png_avifclosewebpclose-730x730.png 730w, https:\/\/www.carliseppf.com\/wp-content\/uploads\/2025\/11\/He15c1bb80314407daedbea52e3dec2505.png_avifclosewebpclose-460x460.png 460w\" sizes=\"(max-width: 800px) 100vw, 800px\" \/><\/p>\n<h2 data-start=\"1131\" data-end=\"1153\">Design &amp; Eigenschaften<\/h2>\n<ul data-start=\"1154\" data-end=\"1455\">\n<li data-start=\"1154\" data-end=\"1205\">\n<p data-start=\"1156\" data-end=\"1205\">Fettes hochgl\u00e4nzendes Mitternachtslila Metallic-Finish<\/p>\n<\/li>\n<li data-start=\"1206\" data-end=\"1268\">\n<p data-start=\"1208\" data-end=\"1268\">Glattes PET\/PVC-Material f\u00fcr professionelle <strong data-start=\"1249\" data-end=\"1266\">Car Wrap Film<\/strong><\/p>\n<\/li>\n<li data-start=\"1269\" data-end=\"1338\">\n<p data-start=\"1271\" data-end=\"1338\">Geeignet f\u00fcr Ganzk\u00f6rper- oder Teilfolierungen <strong data-start=\"1305\" data-end=\"1327\">Folien f\u00fcr Autoklebungen<\/strong> Projekte<\/p>\n<\/li>\n<li data-start=\"1339\" data-end=\"1388\">\n<p data-start=\"1341\" data-end=\"1388\">Ideal f\u00fcr die Erstellung einzigartiger <strong data-start=\"1367\" data-end=\"1386\">Auto-Folienfarben<\/strong><\/p>\n<\/li>\n<li data-start=\"1389\" data-end=\"1455\">\n<p data-start=\"1391\" data-end=\"1455\">Perfekt f\u00fcr Kfz-Werkst\u00e4tten, Gro\u00dfbestellungen und individuelle Projekte<\/p>\n<\/li>\n<\/ul>\n<h2 data-start=\"1457\" data-end=\"1483\">Hochwertiges Material<\/h2>\n<ul data-start=\"1484\" data-end=\"1697\">\n<li data-start=\"1484\" data-end=\"1534\">\n<p data-start=\"1486\" data-end=\"1534\">Langlebiges, UV-best\u00e4ndiges PET\/PVC-Auto-Vinyl<\/p>\n<\/li>\n<li data-start=\"1535\" data-end=\"1588\">\n<p data-start=\"1537\" data-end=\"1588\">kratzfest, wasserdicht und sicher f\u00fcr OEM-Lacke<\/p>\n<\/li>\n<li data-start=\"1589\" data-end=\"1637\">\n<p data-start=\"1591\" data-end=\"1637\">Langanhaltende Outdoor-Leistung (3\u20135 Jahre)<\/p>\n<\/li>\n<li data-start=\"1638\" data-end=\"1697\">\n<p data-start=\"1640\" data-end=\"1697\">Kompatibel mit professionellen <strong data-start=\"1669\" data-end=\"1689\">3M Auto-Folienfilm<\/strong> Werkzeugen<\/p>\n<\/li>\n<\/ul>\n<h2 data-start=\"1699\" data-end=\"1737\">Einfache Installation &amp; Anpassung<\/h2>\n<ul data-start=\"1738\" data-end=\"1949\">\n<li data-start=\"1738\" data-end=\"1790\">\n<p data-start=\"1740\" data-end=\"1790\">Luftaustrittskleber f\u00fcr blasenfreie Anwendung<\/p>\n<\/li>\n<li data-start=\"1791\" data-end=\"1842\">\n<p data-start=\"1793\" data-end=\"1842\">Flexibel und hitzebest\u00e4ndig f\u00fcr Kurven und Kanten<\/p>\n<\/li>\n<li data-start=\"1843\" data-end=\"1894\">\n<p data-start=\"1845\" data-end=\"1894\">Anpassbare Rollen f\u00fcr Gro\u00df- oder Gro\u00dfhandelsbestellungen<\/p>\n<\/li>\n<li data-start=\"1895\" data-end=\"1949\">\n<p data-start=\"1897\" data-end=\"1949\">Geeignet f\u00fcr professionelle Monteure und Heimwerker<\/p>\n<\/li>\n<\/ul>\n<h2 data-start=\"1951\" data-end=\"1968\">Anwendungen<\/h2>\n<ul data-start=\"1969\" data-end=\"2181\">\n<li data-start=\"1969\" data-end=\"2022\">\n<p data-start=\"1971\" data-end=\"2022\">Vollfahrzeugfolierungen: Autos, SUVs, Motorr\u00e4der, Vans<\/p>\n<\/li>\n<li data-start=\"2023\" data-end=\"2073\">\n<p data-start=\"2025\" data-end=\"2073\">Teilfolierungen: Motorhauben, D\u00e4cher, Spiegel, Spoiler<\/p>\n<\/li>\n<li data-start=\"2074\" data-end=\"2114\">\n<p data-start=\"2076\" data-end=\"2114\">Innenverkleidungen und Dekorationspaneele<\/p>\n<\/li>\n<li data-start=\"2115\" data-end=\"2181\">\n<p data-start=\"2117\" data-end=\"2181\">Ideal f\u00fcr <strong data-start=\"2127\" data-end=\"2149\">Auto-Transportfolie<\/strong> und Lackschutzprojekte<\/p>\n<\/li>\n<\/ul>\n<h2 data-start=\"2183\" data-end=\"2202\">Spezifikationen<\/h2>\n<p data-start=\"2203\" data-end=\"2432\">Material: PET\/PVC-Auto-Vinyl<br data-start=\"2237\" data-end=\"2240\" \/>Farbe: Mitternachtslila Metallic<br data-start=\"2271\" data-end=\"2274\" \/>Finish: Hochglanz<br data-start=\"2292\" data-end=\"2295\" \/>Dicke: 150\u2013180 \u03bcm<br data-start=\"2316\" data-end=\"2319\" \/>Klebstoff: Luftablass, repositionierbar<br data-start=\"2356\" data-end=\"2359\" \/>Haltbarkeit: 3\u20135 Jahre im Freien<br data-start=\"2388\" data-end=\"2391\" \/>Rollengr\u00f6\u00dfe: Anpassbar f\u00fcr Gro\u00dfbestellungen<\/p>\n<h2 data-start=\"2434\" data-end=\"2453\">Hauptvorteile<\/h2>\n<ul data-start=\"2454\" data-end=\"2752\">\n<li data-start=\"2454\" data-end=\"2529\">\n<p data-start=\"2456\" data-end=\"2529\">Professionelle Qualit\u00e4t <strong data-start=\"2475\" data-end=\"2527\">Auto-Transportfolie Fahrzeuglackschutzfolie<\/strong><\/p>\n<\/li>\n<li data-start=\"2530\" data-end=\"2593\">\n<p data-start=\"2532\" data-end=\"2593\">Hochgl\u00e4nzendes Metallic-Finish mit lebendigen <strong data-start=\"2572\" data-end=\"2591\">Auto-Folienfarben<\/strong><\/p>\n<\/li>\n<li data-start=\"2594\" data-end=\"2634\">\n<p data-start=\"2596\" data-end=\"2634\">Langlebig, UV-best\u00e4ndig, kratzfest<\/p>\n<\/li>\n<li data-start=\"2635\" data-end=\"2689\">\n<p data-start=\"2637\" data-end=\"2689\">Direkt vom Hersteller, vollst\u00e4ndig anpassbar f\u00fcr Gro\u00dfbestellungen<\/p>\n<\/li>\n<li data-start=\"2690\" data-end=\"2752\">\n<p data-start=\"2692\" data-end=\"2752\">Einfache Installation f\u00fcr Heimwerker und professionelle Verarbeiter<\/p>\n<\/li>\n<\/ul>\n<h2 data-start=\"2754\" data-end=\"2775\">Paket beinhaltet<\/h2>\n<ul data-start=\"2776\" data-end=\"2898\">\n<li data-start=\"2776\" data-end=\"2829\">\n<p data-start=\"2778\" data-end=\"2829\">1 Rolle Mitternachtslila Metallic Vinyl Auto-Folie<\/p>\n<\/li>\n<li data-start=\"2830\" data-end=\"2898\">\n<p data-start=\"2832\" data-end=\"2898\">Optionales Installationswerkzeugset: Rakel, Klinge, Mikrofasertuch<\/p>\n<\/li>\n<\/ul>\n<h2 data-start=\"2900\" data-end=\"2929\">Warum dieses Produkt w\u00e4hlen?<\/h2>\n<p data-start=\"2930\" data-end=\"3237\">Direkt vom Hersteller <strong data-start=\"2950\" data-end=\"3002\">Auto-Transportfolie Fahrzeuglackschutzfolie<\/strong> bietet professionelle Qualit\u00e4t, lebendige Farben und langanhaltenden Schutz. Vollst\u00e4ndig anpassbar f\u00fcr Gro\u00df- oder Einzelbestellungen, ideal f\u00fcr Verarbeiter, Gro\u00dfh\u00e4ndler und Unternehmen, die hochwertige Produkte anbieten <strong data-start=\"3201\" data-end=\"3224\">Vinylfolie f\u00fcr Autos<\/strong> L\u00f6sungen anbieten.<\/p>","protected":false},"excerpt":{"rendered":"<p data-start=\"853\" data-end=\"1131\">R\u00fcsten Sie Ihr Fahrzeug mit diesem <strong data-start=\"884\" data-end=\"927\">Mitternacht Purple Metallic Vinyl Fahrzeugfolie<\/strong>. Hochgl\u00e4nzendes Finish mit einer langlebigen PET\/PVC-Folie. Geeignet f\u00fcr professionelle Fahrzeugfolierungen, Vinyl-Fahrzeugfolienprojekte und die Erstellung auff\u00e4lliger Fahrzeugfolienfarben. Vollst\u00e4ndig anpassbar und f\u00fcr Gro\u00dfbestellungen erh\u00e4ltlich.<\/p>","protected":false},"featured_media":9516,"comment_status":"open","ping_status":"closed","template":"","meta":[],"product_brand":[],"product_cat":[214],"product_tag":[],"class_list":{"0":"post-9513","1":"product","2":"type-product","3":"status-publish","4":"has-post-thumbnail","6":"product_cat-car-vinyl-wrap-film","8":"first","9":"instock","10":"shipping-taxable","11":"product-type-simple"},"_links":{"self":[{"href":"https:\/\/www.carliseppf.com\/de\/wp-json\/wp\/v2\/product\/9513","targetHints":{"allow":["GET"]}}],"collection":[{"href":"https:\/\/www.carliseppf.com\/de\/wp-json\/wp\/v2\/product"}],"about":[{"href":"https:\/\/www.carliseppf.com\/de\/wp-json\/wp\/v2\/types\/product"}],"replies":[{"embeddable":true,"href":"https:\/\/www.carliseppf.com\/de\/wp-json\/wp\/v2\/comments?post=9513"}],"wp:featuredmedia":[{"embeddable":true,"href":"https:\/\/www.carliseppf.com\/de\/wp-json\/wp\/v2\/media\/9516"}],"wp:attachment":[{"href":"https:\/\/www.carliseppf.com\/de\/wp-json\/wp\/v2\/media?parent=9513"}],"wp:term":[{"taxonomy":"product_brand","embeddable":true,"href":"https:\/\/www.carliseppf.com\/de\/wp-json\/wp\/v2\/product_brand?post=9513"},{"taxonomy":"product_cat","embeddable":true,"href":"https:\/\/www.carliseppf.com\/de\/wp-json\/wp\/v2\/product_cat?post=9513"},{"taxonomy":"product_tag","embeddable":true,"href":"https:\/\/www.carliseppf.com\/de\/wp-json\/wp\/v2\/product_tag?post=9513"}],"curies":[{"name":"wp","href":"https:\/\/api.w.org\/{rel}","templated":true}]}}