{"id":9527,"date":"2025-11-18T06:51:01","date_gmt":"2025-11-18T06:51:01","guid":{"rendered":"https:\/\/www.carliseppf.com\/?post_type=product&#038;p=9527"},"modified":"2025-11-20T08:48:54","modified_gmt":"2025-11-20T08:48:54","slug":"vinyl-wrap-for-cars-carbon-fiber-camo","status":"publish","type":"product","link":"https:\/\/www.carliseppf.com\/de\/product\/vinyl-wrap-for-cars-carbon-fiber-camo\/","title":{"rendered":"Premium Carbon-Fiber-Camouflage-Vinyl-Auto-Folie"},"content":{"rendered":"<h3 data-start=\"1225\" data-end=\"1251\"><strong data-start=\"1229\" data-end=\"1251\">Produkt\u00fcbersicht<\/strong><\/h3>\n<p data-start=\"1252\" data-end=\"1559\">Dieses <strong data-start=\"1257\" data-end=\"1288\">Premium-Vinylfolie f\u00fcr Autos<\/strong> kombiniert mutige 3D-Kohlenstofffaserstruktur mit Tarnmuster. Entwickelt f\u00fcr professionelle <strong data-start=\"1377\" data-end=\"1390\">Auto-Folierungen<\/strong>, ist dieser Film perfekt f\u00fcr Voll- oder Teilverklebungen, Motorr\u00e4der, Innentrennungen und Gro\u00dfprojekte. Direktlieferung ab Werk macht ihn ideal f\u00fcr Gro\u00dfh\u00e4ndler und Sonderbestellungen.<\/p>\n<p data-start=\"1252\" data-end=\"1559\"><img fetchpriority=\"high\" decoding=\"async\" class=\"alignnone wp-image-9529 size-full\" src=\"https:\/\/www.carliseppf.com\/wp-content\/uploads\/2025\/11\/H5fd831a3b1db4bc6953b256714d3beccn.png_avifclosewebpclose.png\" alt=\"Vinylfolie f\u00fcr Autos\" width=\"800\" height=\"800\" srcset=\"https:\/\/www.carliseppf.com\/wp-content\/uploads\/2025\/11\/H5fd831a3b1db4bc6953b256714d3beccn.png_avifclosewebpclose.png 800w, https:\/\/www.carliseppf.com\/wp-content\/uploads\/2025\/11\/H5fd831a3b1db4bc6953b256714d3beccn.png_avifclosewebpclose-300x300.png 300w, https:\/\/www.carliseppf.com\/wp-content\/uploads\/2025\/11\/H5fd831a3b1db4bc6953b256714d3beccn.png_avifclosewebpclose-150x150.png 150w, https:\/\/www.carliseppf.com\/wp-content\/uploads\/2025\/11\/H5fd831a3b1db4bc6953b256714d3beccn.png_avifclosewebpclose-768x768.png 768w, https:\/\/www.carliseppf.com\/wp-content\/uploads\/2025\/11\/H5fd831a3b1db4bc6953b256714d3beccn.png_avifclosewebpclose-370x370.png 370w, https:\/\/www.carliseppf.com\/wp-content\/uploads\/2025\/11\/H5fd831a3b1db4bc6953b256714d3beccn.png_avifclosewebpclose-120x120.png 120w, https:\/\/www.carliseppf.com\/wp-content\/uploads\/2025\/11\/H5fd831a3b1db4bc6953b256714d3beccn.png_avifclosewebpclose-410x410.png 410w, https:\/\/www.carliseppf.com\/wp-content\/uploads\/2025\/11\/H5fd831a3b1db4bc6953b256714d3beccn.png_avifclosewebpclose-630x630.png 630w, https:\/\/www.carliseppf.com\/wp-content\/uploads\/2025\/11\/H5fd831a3b1db4bc6953b256714d3beccn.png_avifclosewebpclose-730x730.png 730w, https:\/\/www.carliseppf.com\/wp-content\/uploads\/2025\/11\/H5fd831a3b1db4bc6953b256714d3beccn.png_avifclosewebpclose-460x460.png 460w\" sizes=\"(max-width: 800px) 100vw, 800px\" \/><\/p>\n<hr data-start=\"1561\" data-end=\"1564\" \/>\n<h3 data-start=\"1566\" data-end=\"1601\"><strong data-start=\"1570\" data-end=\"1601\">Design &amp; Visuelle Merkmale<\/strong><\/h3>\n<ul data-start=\"1602\" data-end=\"1795\">\n<li data-start=\"1602\" data-end=\"1640\">\n<p data-start=\"1604\" data-end=\"1640\">3D-Kohlenstofffaser-Tarnmuster<\/p>\n<\/li>\n<li data-start=\"1641\" data-end=\"1678\">\n<p data-start=\"1643\" data-end=\"1678\">Ghost-Schwarz Matt\/Glanz-Finish<\/p>\n<\/li>\n<li data-start=\"1679\" data-end=\"1730\">\n<p data-start=\"1681\" data-end=\"1730\">Hervorstechen <strong data-start=\"1690\" data-end=\"1709\">Auto-Folienfarben<\/strong> f\u00fcr einzigartigen Stil<\/p>\n<\/li>\n<li data-start=\"1731\" data-end=\"1795\">\n<p data-start=\"1733\" data-end=\"1795\">Geeignet f\u00fcr Ganzk\u00f6rper- oder Teilfolierungen <strong data-start=\"1767\" data-end=\"1784\">Auto-Folie<\/strong> Projekte<\/p>\n<\/li>\n<\/ul>\n<p data-start=\"1797\" data-end=\"1873\">Perfekt f\u00fcr Installateure und Werkst\u00e4tten, die <strong data-start=\"1840\" data-end=\"1863\">Vinylfolie f\u00fcr Autos<\/strong> Dienstleistungen anbieten.<\/p>\n<hr data-start=\"1875\" data-end=\"1878\" \/>\n<h3 data-start=\"1880\" data-end=\"1916\"><strong data-start=\"1884\" data-end=\"1916\">Hochwertiges PVC-Material<\/strong><\/h3>\n<ul data-start=\"1917\" data-end=\"2063\">\n<li data-start=\"1917\" data-end=\"1945\">\n<p data-start=\"1919\" data-end=\"1945\">Langlebig und UV-best\u00e4ndig<\/p>\n<\/li>\n<li data-start=\"1946\" data-end=\"1991\">\n<p data-start=\"1948\" data-end=\"1991\">Kratzfest, wasserdicht und sch\u00fctzend<\/p>\n<\/li>\n<li data-start=\"1992\" data-end=\"2027\">\n<p data-start=\"1994\" data-end=\"2027\">Sicher f\u00fcr alle OEM-Lackoberfl\u00e4chen<\/p>\n<\/li>\n<li data-start=\"2028\" data-end=\"2063\">\n<p data-start=\"2030\" data-end=\"2063\">Lang anhaltend 3\u20135 Jahre im Freien<\/p>\n<\/li>\n<\/ul>\n<p data-start=\"2065\" data-end=\"2146\">Eine zuverl\u00e4ssige <strong data-start=\"2076\" data-end=\"2094\">Vinyl-Auto-Folie<\/strong> L\u00f6sung f\u00fcr professionelle Projekte und Gro\u00dfbestellungen.<\/p>\n<hr data-start=\"2148\" data-end=\"2151\" \/>\n<h3 data-start=\"2153\" data-end=\"2197\"><strong data-start=\"2157\" data-end=\"2197\">\u00a0Einfache Installation &amp; Anpassung<\/strong><\/h3>\n<ul data-start=\"2198\" data-end=\"2418\">\n<li data-start=\"2198\" data-end=\"2250\">\n<p data-start=\"2200\" data-end=\"2250\">Luftablasskan\u00e4le f\u00fcr blasenfreie Anwendung<\/p>\n<\/li>\n<li data-start=\"2251\" data-end=\"2306\">\n<p data-start=\"2253\" data-end=\"2306\">Dehnbar und repositionierbar f\u00fcr Kurven und Kanten<\/p>\n<\/li>\n<li data-start=\"2307\" data-end=\"2359\">\n<p data-start=\"2309\" data-end=\"2359\">Hitzeformbar f\u00fcr pr\u00e4zise Installation kompatibel<\/p>\n<\/li>\n<li data-start=\"2360\" data-end=\"2418\">\n<p data-start=\"2362\" data-end=\"2418\">Verf\u00fcgbar in Sondergr\u00f6\u00dfen f\u00fcr Gro\u00df- oder Gro\u00dfhandelsbestellungen<\/p>\n<\/li>\n<\/ul>\n<p data-start=\"2420\" data-end=\"2477\">Ideal f\u00fcr vollst\u00e4ndiges oder teilweises <strong data-start=\"2446\" data-end=\"2463\">Wrapping f\u00fcr Autos<\/strong> Anwendungen.<\/p>\n<hr data-start=\"2479\" data-end=\"2482\" \/>\n<h3 data-start=\"2484\" data-end=\"2507\"><strong data-start=\"2488\" data-end=\"2507\">\u00a0Anwendungen<\/strong><\/h3>\n<ul data-start=\"2508\" data-end=\"2728\">\n<li data-start=\"2508\" data-end=\"2561\">\n<p data-start=\"2510\" data-end=\"2561\">Vollfahrzeug-Wraps: Autos, SUVs, Vans, Motorr\u00e4der<\/p>\n<\/li>\n<li data-start=\"2562\" data-end=\"2612\">\n<p data-start=\"2564\" data-end=\"2612\">Teilfolierungen: Motorhauben, D\u00e4cher, Spiegel, Spoiler<\/p>\n<\/li>\n<li data-start=\"2613\" data-end=\"2653\">\n<p data-start=\"2615\" data-end=\"2653\">Innenverkleidungen und Dekorationspaneele<\/p>\n<\/li>\n<li data-start=\"2654\" data-end=\"2728\">\n<p data-start=\"2656\" data-end=\"2728\">Perfekt f\u00fcr Installateure und Gro\u00dfh\u00e4ndler, die suchen <strong data-start=\"2703\" data-end=\"2726\">Vinylfolie f\u00fcr Autos<\/strong><\/p>\n<\/li>\n<\/ul>\n<hr data-start=\"2730\" data-end=\"2733\" \/>\n<h3 data-start=\"2735\" data-end=\"2760\"><strong data-start=\"2739\" data-end=\"2760\">\u00a0Spezifikationen<\/strong><\/h3>\n<div class=\"_tableContainer_1rjym_1\">\n<div class=\"group _tableWrapper_1rjym_13 flex w-fit flex-col-reverse\" tabindex=\"-1\">\n<table class=\"w-fit min-w-(--thread-content-width)\" data-start=\"2761\" data-end=\"3057\">\n<thead data-start=\"2761\" data-end=\"2782\">\n<tr data-start=\"2761\" data-end=\"2782\">\n<th data-start=\"2761\" data-end=\"2771\" data-col-size=\"sm\">Eigenschaft<\/th>\n<th data-start=\"2771\" data-end=\"2782\" data-col-size=\"sm\">Details<\/th>\n<\/tr>\n<\/thead>\n<tbody data-start=\"2805\" data-end=\"3057\">\n<tr data-start=\"2805\" data-end=\"2848\">\n<td data-start=\"2805\" data-end=\"2816\" data-col-size=\"sm\">Material<\/td>\n<td data-start=\"2816\" data-end=\"2848\" data-col-size=\"sm\">Premium PVC-Auto-Folien<\/td>\n<\/tr>\n<tr data-start=\"2849\" data-end=\"2889\">\n<td data-start=\"2849\" data-end=\"2859\" data-col-size=\"sm\">Muster<\/td>\n<td data-start=\"2859\" data-end=\"2889\" data-col-size=\"sm\">Carbon Fiber 3D-Camouflage<\/td>\n<\/tr>\n<tr data-start=\"2890\" data-end=\"2913\">\n<td data-start=\"2890\" data-end=\"2898\" data-col-size=\"sm\">Farbe<\/td>\n<td data-start=\"2898\" data-end=\"2913\" data-col-size=\"sm\">Ghost Schwarz<\/td>\n<\/tr>\n<tr data-start=\"2914\" data-end=\"2940\">\n<td data-start=\"2914\" data-end=\"2926\" data-col-size=\"sm\">Dicke<\/td>\n<td data-start=\"2926\" data-end=\"2940\" data-col-size=\"sm\">150\u2013180 \u03bcm<\/td>\n<\/tr>\n<tr data-start=\"2941\" data-end=\"2979\">\n<td data-start=\"2941\" data-end=\"2950\" data-col-size=\"sm\">Finish<\/td>\n<td data-start=\"2950\" data-end=\"2979\" data-col-size=\"sm\">Matte \/ Gl\u00e4nzende 3D-Struktur<\/td>\n<\/tr>\n<tr data-start=\"2980\" data-end=\"3022\">\n<td data-start=\"2980\" data-end=\"2991\" data-col-size=\"sm\">Klebstoff<\/td>\n<td data-start=\"2991\" data-end=\"3022\" data-col-size=\"sm\">Luftablass, repositionierbar<\/td>\n<\/tr>\n<tr data-start=\"3023\" data-end=\"3057\">\n<td data-start=\"3023\" data-end=\"3036\" data-col-size=\"sm\">Haltbarkeit<\/td>\n<td data-start=\"3036\" data-end=\"3057\" data-col-size=\"sm\">3\u20135 Jahre im Freien<\/td>\n<\/tr>\n<\/tbody>\n<\/table>\n<\/div>\n<\/div>\n<hr data-start=\"3059\" data-end=\"3062\" \/>\n<h3 data-start=\"3064\" data-end=\"3089\"><strong data-start=\"3068\" data-end=\"3089\">Hauptvorteile<\/strong><\/h3>\n<ul data-start=\"3090\" data-end=\"3413\">\n<li data-start=\"3090\" data-end=\"3165\">\n<p data-start=\"3092\" data-end=\"3165\">Fettes 3D-Carbon-Fiber-Camouflage-Design mit Premium <strong data-start=\"3144\" data-end=\"3163\">Auto-Folienfarben<\/strong><\/p>\n<\/li>\n<li data-start=\"3166\" data-end=\"3211\">\n<p data-start=\"3168\" data-end=\"3211\">Langlebig, UV-best\u00e4ndig <strong data-start=\"3186\" data-end=\"3209\">Vinylfolie f\u00fcr Autos<\/strong><\/p>\n<\/li>\n<li data-start=\"3212\" data-end=\"3279\">\n<p data-start=\"3214\" data-end=\"3279\">Direktlieferung ab Werk f\u00fcr Gro\u00dfbestellungen und anpassbare Projekte<\/p>\n<\/li>\n<li data-start=\"3280\" data-end=\"3333\">\n<p data-start=\"3282\" data-end=\"3333\">Einfache Installation f\u00fcr Profis und Heimwerker<\/p>\n<\/li>\n<li data-start=\"3334\" data-end=\"3413\">\n<p data-start=\"3336\" data-end=\"3413\">Ideal f\u00fcr Gro\u00dfh\u00e4ndler oder Car-Wrap-Shops, die anbieten <strong data-start=\"3385\" data-end=\"3402\">Auto-Folie<\/strong> Dienstleistungen<\/p>\n<\/li>\n<\/ul>\n<hr data-start=\"3415\" data-end=\"3418\" \/>\n<h3 data-start=\"3420\" data-end=\"3447\"><strong data-start=\"3424\" data-end=\"3447\">Paket beinhaltet<\/strong><\/h3>\n<ul data-start=\"3448\" data-end=\"3565\">\n<li data-start=\"3448\" data-end=\"3496\">\n<p data-start=\"3450\" data-end=\"3496\">1 Rolle Carbon Fiber Camouflage Vinylfolie<\/p>\n<\/li>\n<li data-start=\"3497\" data-end=\"3565\">\n<p data-start=\"3499\" data-end=\"3565\">Optionales Installationswerkzeugset: Rakel, Klinge, Mikrofasertuch<\/p>\n<\/li>\n<\/ul>\n<hr data-start=\"3567\" data-end=\"3570\" \/>\n<h3 data-start=\"3572\" data-end=\"3607\"><strong data-start=\"3576\" data-end=\"3607\">Warum dieses Produkt w\u00e4hlen?<\/strong><\/h3>\n<p data-start=\"3608\" data-end=\"3850\">Dieses <strong data-start=\"3613\" data-end=\"3646\">werkseigene Vinyl-Auto-Folie<\/strong> bietet professionell hochwertige und vollst\u00e4ndig anpassbare Optionen. Ideal f\u00fcr Installateure und Gro\u00dfh\u00e4ndler, die hochwertige Qualit\u00e4t suchen <strong data-start=\"3773\" data-end=\"3786\">Auto-Folierungen<\/strong>, mit hervorstechendem <strong data-start=\"3802\" data-end=\"3821\">Auto-Folienfarben<\/strong> und langlebigem Schutz.<\/p>","protected":false},"excerpt":{"rendered":"<p data-start=\"908\" data-end=\"1191\">Verbessern Sie Ihr Fahrzeug mit dieser <strong data-start=\"939\" data-end=\"970\">Premium-Vinylfolie f\u00fcr Autos<\/strong>. Direkt ab Werk und vollst\u00e4ndig anpassbar f\u00fcr Gro\u00dfbestellungen, bietet sie langlebigen Schutz, einzigartig <strong data-start=\"1066\" data-end=\"1085\">Auto-Folienfarben<\/strong>, und professionell hochwertige Qualit\u00e4t. Ideal f\u00fcr Installateure und Gro\u00dfh\u00e4ndler, die nach hochwertigem <strong data-start=\"1177\" data-end=\"1190\">Auto-Folierungen<\/strong>.<\/p>","protected":false},"featured_media":9528,"comment_status":"open","ping_status":"closed","template":"","meta":[],"product_brand":[],"product_cat":[214],"product_tag":[],"class_list":{"0":"post-9527","1":"product","2":"type-product","3":"status-publish","4":"has-post-thumbnail","6":"product_cat-car-vinyl-wrap-film","8":"first","9":"instock","10":"shipping-taxable","11":"product-type-simple"},"_links":{"self":[{"href":"https:\/\/www.carliseppf.com\/de\/wp-json\/wp\/v2\/product\/9527","targetHints":{"allow":["GET"]}}],"collection":[{"href":"https:\/\/www.carliseppf.com\/de\/wp-json\/wp\/v2\/product"}],"about":[{"href":"https:\/\/www.carliseppf.com\/de\/wp-json\/wp\/v2\/types\/product"}],"replies":[{"embeddable":true,"href":"https:\/\/www.carliseppf.com\/de\/wp-json\/wp\/v2\/comments?post=9527"}],"wp:featuredmedia":[{"embeddable":true,"href":"https:\/\/www.carliseppf.com\/de\/wp-json\/wp\/v2\/media\/9528"}],"wp:attachment":[{"href":"https:\/\/www.carliseppf.com\/de\/wp-json\/wp\/v2\/media?parent=9527"}],"wp:term":[{"taxonomy":"product_brand","embeddable":true,"href":"https:\/\/www.carliseppf.com\/de\/wp-json\/wp\/v2\/product_brand?post=9527"},{"taxonomy":"product_cat","embeddable":true,"href":"https:\/\/www.carliseppf.com\/de\/wp-json\/wp\/v2\/product_cat?post=9527"},{"taxonomy":"product_tag","embeddable":true,"href":"https:\/\/www.carliseppf.com\/de\/wp-json\/wp\/v2\/product_tag?post=9527"}],"curies":[{"name":"wp","href":"https:\/\/api.w.org\/{rel}","templated":true}]}}