{"id":9592,"date":"2025-11-19T08:20:23","date_gmt":"2025-11-19T08:20:23","guid":{"rendered":"https:\/\/www.carliseppf.com\/?post_type=product&#038;p=9592"},"modified":"2025-11-20T07:53:59","modified_gmt":"2025-11-20T07:53:59","slug":"yellow-vinyl-car-wrap","status":"publish","type":"product","link":"https:\/\/www.carliseppf.com\/de\/product\/yellow-vinyl-car-wrap\/","title":{"rendered":"Premium-Gelbe Vinyl-Auto-Folie f\u00fcr Farbwechsel &amp; Schutz"},"content":{"rendered":"<h2 data-start=\"135\" data-end=\"156\">Produkt\u00fcbersicht<\/h2>\n<p data-start=\"157\" data-end=\"574\">R\u00fcsten Sie Ihr Fahrzeug mit unserem <strong data-start=\"187\" data-end=\"220\">Premium-Gelber Vinyl-Fahrzeugfolien<\/strong>, entwickelt f\u00fcr \u00fcberlegene Farbabstimmung und langanhaltenden Lackschutz. Perfekt f\u00fcr Voll- und Teilfolierungen, bietet dieser Film eine glatte Oberfl\u00e4che und einen lebendigen Farbwechsel-Effekt. Ob Sie ein professioneller Monteur sind oder ein Unternehmen, das Gro\u00dfmengen an Folien beschafft, unser direkt ab Werk stammender Film bietet die beste Kombination aus Leistung, Flexibilit\u00e4t und Wert.<\/p>\n<p data-start=\"157\" data-end=\"574\"><img fetchpriority=\"high\" decoding=\"async\" class=\"alignnone size-medium wp-image-9599\" src=\"https:\/\/www.carliseppf.com\/wp-content\/uploads\/2025\/11\/H34b5f89c52e84b9097ef72727cee5241T.png_avifclosewebpclose-300x300.png\" alt=\"Vinylfolie f\u00fcr Autos\" width=\"300\" height=\"300\" srcset=\"https:\/\/www.carliseppf.com\/wp-content\/uploads\/2025\/11\/H34b5f89c52e84b9097ef72727cee5241T.png_avifclosewebpclose-300x300.png 300w, https:\/\/www.carliseppf.com\/wp-content\/uploads\/2025\/11\/H34b5f89c52e84b9097ef72727cee5241T.png_avifclosewebpclose-1024x1024.png 1024w, https:\/\/www.carliseppf.com\/wp-content\/uploads\/2025\/11\/H34b5f89c52e84b9097ef72727cee5241T.png_avifclosewebpclose-150x150.png 150w, https:\/\/www.carliseppf.com\/wp-content\/uploads\/2025\/11\/H34b5f89c52e84b9097ef72727cee5241T.png_avifclosewebpclose-768x768.png 768w, https:\/\/www.carliseppf.com\/wp-content\/uploads\/2025\/11\/H34b5f89c52e84b9097ef72727cee5241T.png_avifclosewebpclose-370x370.png 370w, https:\/\/www.carliseppf.com\/wp-content\/uploads\/2025\/11\/H34b5f89c52e84b9097ef72727cee5241T.png_avifclosewebpclose-120x120.png 120w, https:\/\/www.carliseppf.com\/wp-content\/uploads\/2025\/11\/H34b5f89c52e84b9097ef72727cee5241T.png_avifclosewebpclose-840x840.png 840w, https:\/\/www.carliseppf.com\/wp-content\/uploads\/2025\/11\/H34b5f89c52e84b9097ef72727cee5241T.png_avifclosewebpclose-410x410.png 410w, https:\/\/www.carliseppf.com\/wp-content\/uploads\/2025\/11\/H34b5f89c52e84b9097ef72727cee5241T.png_avifclosewebpclose-630x630.png 630w, https:\/\/www.carliseppf.com\/wp-content\/uploads\/2025\/11\/H34b5f89c52e84b9097ef72727cee5241T.png_avifclosewebpclose-730x730.png 730w, https:\/\/www.carliseppf.com\/wp-content\/uploads\/2025\/11\/H34b5f89c52e84b9097ef72727cee5241T.png_avifclosewebpclose-460x460.png 460w, https:\/\/www.carliseppf.com\/wp-content\/uploads\/2025\/11\/H34b5f89c52e84b9097ef72727cee5241T.png_avifclosewebpclose.png 1080w\" sizes=\"(max-width: 300px) 100vw, 300px\" \/><\/p>\n<hr data-start=\"576\" data-end=\"579\" \/>\n<h2 data-start=\"581\" data-end=\"598\">\u00a0Hauptmerkmale<\/h2>\n<h4 data-start=\"600\" data-end=\"633\">\u2714 Premium-Vinyl-Folie f\u00fcr Autos<\/h4>\n<p data-start=\"634\" data-end=\"778\">Dieser Hochleistungsfilm ist speziell f\u00fcr den Automobilbereich entwickelt und bietet au\u00dfergew\u00f6hnliche Haltbarkeit, Dehnbarkeit und Haftung.<\/p>\n<h4 data-start=\"780\" data-end=\"818\">\u2714 Fettfarbige und stilvolle Auto-Folienfarben<\/h4>\n<p data-start=\"819\" data-end=\"984\">Der auff\u00e4llige gelbe Farbton verbessert das Erscheinungsbild des Fahrzeugs und sorgt daf\u00fcr, dass es auf der Stra\u00dfe hervorsticht, ideal f\u00fcr Kunden, die eine helle und moderne Farbver\u00e4nderung suchen.<\/p>\n<h4 data-start=\"986\" data-end=\"1017\">\u2714 Verbesserter Lackschutz<\/h4>\n<p data-start=\"1018\" data-end=\"1156\">Der Film enth\u00e4lt eine kratzfeste Beschichtung, die vor t\u00e4glichem Verschlei\u00df wie Staub, Steinschl\u00e4gen, UV-Exposition und kleinen Abriebstellen sch\u00fctzt.<\/p>\n<h4 data-start=\"1158\" data-end=\"1202\">\u2714 Luftablass- &amp; Blasenfreie Installation<\/h4>\n<p data-start=\"1203\" data-end=\"1332\">Mit Mikrokanal-Luftaustrittstechnologie gefertigt, erleichtert, beschleunigt und professioneller macht die Installation \u2013 auch bei gro\u00dfen Paneelen.<\/p>\n<h4 data-start=\"1334\" data-end=\"1369\">\u2714 Leicht zu entfernen ohne Sch\u00e4den<\/h4>\n<p data-start=\"1370\" data-end=\"1486\">Mit einem abnehmbaren Acrylkleber formuliert, kann die Folie ohne Besch\u00e4digung der Originallackierung entfernt werden.<\/p>\n<hr data-start=\"1488\" data-end=\"1491\" \/>\n<h2 data-start=\"1493\" data-end=\"1529\">\u00a0Warum diese Vinyl-Auto-Folie w\u00e4hlen?<\/h2>\n<ul data-start=\"1530\" data-end=\"1802\">\n<li data-start=\"1530\" data-end=\"1559\">\n<p data-start=\"1532\" data-end=\"1559\">Direkt ab Werk hergestellt<\/p>\n<\/li>\n<li data-start=\"1560\" data-end=\"1614\">\n<p data-start=\"1562\" data-end=\"1614\">Hochwertiges PVC, geeignet f\u00fcr extreme Temperaturen<\/p>\n<\/li>\n<li data-start=\"1615\" data-end=\"1658\">\n<p data-start=\"1617\" data-end=\"1658\">Starke Farbbest\u00e4ndigkeit, lichtbest\u00e4ndig<\/p>\n<\/li>\n<li data-start=\"1659\" data-end=\"1708\">\n<p data-start=\"1661\" data-end=\"1708\">Ausgezeichnete Anpassungsf\u00e4higkeit an Kurven und Kanten<\/p>\n<\/li>\n<li data-start=\"1709\" data-end=\"1761\">\n<p data-start=\"1711\" data-end=\"1761\">Verf\u00fcgbar f\u00fcr Gro\u00dfhandel, OEM- &amp; ODM-Anpassungen<\/p>\n<\/li>\n<li data-start=\"1762\" data-end=\"1802\">\n<p data-start=\"1764\" data-end=\"1802\">Wettbewerbsf\u00e4hige Preise f\u00fcr H\u00e4ndler<\/p>\n<\/li>\n<\/ul>\n<hr data-start=\"1804\" data-end=\"1807\" \/>\n<h2 data-start=\"1809\" data-end=\"1838\">Technische Spezifikationen<\/h2>\n<div class=\"_tableContainer_1rjym_1\">\n<div class=\"group _tableWrapper_1rjym_13 flex w-fit flex-col-reverse\" tabindex=\"-1\">\n<table class=\"w-fit min-w-(--thread-content-width)\" data-start=\"1839\" data-end=\"2215\">\n<thead data-start=\"1839\" data-end=\"1865\">\n<tr data-start=\"1839\" data-end=\"1865\">\n<th data-start=\"1839\" data-end=\"1850\" data-col-size=\"sm\"><strong data-start=\"1841\" data-end=\"1849\">Artikel<\/strong><\/th>\n<th data-start=\"1850\" data-end=\"1865\" data-col-size=\"sm\"><strong data-start=\"1852\" data-end=\"1863\">Details<\/strong><\/th>\n<\/tr>\n<\/thead>\n<tbody data-start=\"1892\" data-end=\"2215\">\n<tr data-start=\"1892\" data-end=\"1927\">\n<td data-start=\"1892\" data-end=\"1903\" data-col-size=\"sm\">Material<\/td>\n<td data-col-size=\"sm\" data-start=\"1903\" data-end=\"1927\">PVC Automotive Vinyl<\/td>\n<\/tr>\n<tr data-start=\"1928\" data-end=\"1970\">\n<td data-start=\"1928\" data-end=\"1936\" data-col-size=\"sm\">Farbe<\/td>\n<td data-col-size=\"sm\" data-start=\"1936\" data-end=\"1970\">Gelb (Glanz \/ Matt Optionen)<\/td>\n<\/tr>\n<tr data-start=\"1971\" data-end=\"1998\">\n<td data-start=\"1971\" data-end=\"1983\" data-col-size=\"sm\">Dicke<\/td>\n<td data-col-size=\"sm\" data-start=\"1983\" data-end=\"1998\">150\u2013180 Mikron<\/td>\n<\/tr>\n<tr data-start=\"1999\" data-end=\"2040\">\n<td data-start=\"1999\" data-end=\"2010\" data-col-size=\"sm\">Klebstoff<\/td>\n<td data-col-size=\"sm\" data-start=\"2010\" data-end=\"2040\">Abziehbare Acrylkleber<\/td>\n<\/tr>\n<tr data-start=\"2041\" data-end=\"2090\">\n<td data-start=\"2041\" data-end=\"2055\" data-col-size=\"sm\">Leistung<\/td>\n<td data-col-size=\"sm\" data-start=\"2055\" data-end=\"2090\">Kratzfest, Wetterbest\u00e4ndig<\/td>\n<\/tr>\n<tr data-start=\"2091\" data-end=\"2125\">\n<td data-start=\"2091\" data-end=\"2104\" data-col-size=\"sm\">Haltbarkeit<\/td>\n<td data-col-size=\"sm\" data-start=\"2104\" data-end=\"2125\">F\u00fcr den Au\u00dfenbereich 3\u20135 Jahre<\/td>\n<\/tr>\n<tr data-start=\"2126\" data-end=\"2163\">\n<td data-start=\"2126\" data-end=\"2145\" data-col-size=\"sm\">Anwendungstemperatur<\/td>\n<td data-col-size=\"sm\" data-start=\"2145\" data-end=\"2163\">+10\u00b0C bis +40\u00b0C<\/td>\n<\/tr>\n<tr data-start=\"2164\" data-end=\"2215\">\n<td data-start=\"2164\" data-end=\"2180\" data-col-size=\"sm\">Kompatibilit\u00e4t<\/td>\n<td data-col-size=\"sm\" data-start=\"2180\" data-end=\"2215\">Autos, SUVs, LKWs, Motorr\u00e4der<\/td>\n<\/tr>\n<\/tbody>\n<\/table>\n<\/div>\n<\/div>\n<hr data-start=\"2217\" data-end=\"2220\" \/>\n<h2 data-start=\"2222\" data-end=\"2239\">\u00a0Anwendungen<\/h2>\n<h4 data-start=\"2241\" data-end=\"2267\">\u2713 Fahrzeugfarbwechsel<\/h4>\n<p data-start=\"2268\" data-end=\"2360\">Eine schnelle, kosteng\u00fcnstige L\u00f6sung, um das gesamte Erscheinungsbild des Fahrzeugs ohne Neulackierung zu ver\u00e4ndern.<\/p>\n<h4 data-start=\"2362\" data-end=\"2384\">\u2713 Lackschutz<\/h4>\n<p data-start=\"2385\" data-end=\"2460\">Die langlebige Oberfl\u00e4che sch\u00fctzt die Originalfarbe vor Kratzern und leichten St\u00f6\u00dfen.<\/p>\n<h4 data-start=\"2462\" data-end=\"2487\">\u2713 Gewerbliche Markenbildung<\/h4>\n<p data-start=\"2488\" data-end=\"2571\">Perfekt f\u00fcr Firmenfahrzeuge, Taxi-Flotten, Lieferwagen oder Werbekampagnen.<\/p>\n<h4 data-start=\"2573\" data-end=\"2610\">\u2713 Teilfolierungen &amp; individuelle Grafiken<\/h4>\n<p data-start=\"2611\" data-end=\"2690\">Ideal f\u00fcr D\u00e4cher, Motorhauben, Spiegel, Zierleisten, Rennstreifen und dekorative Akzente.<\/p>\n<hr data-start=\"2692\" data-end=\"2695\" \/>\n<h4 data-start=\"2697\" data-end=\"2714\">\u2b50 Geeignet F\u00fcr<\/h4>\n<ul data-start=\"2715\" data-end=\"2870\">\n<li data-start=\"2715\" data-end=\"2733\">\n<p data-start=\"2717\" data-end=\"2733\">Auto-Folierungswerkst\u00e4tten<\/p>\n<\/li>\n<li data-start=\"2734\" data-end=\"2755\">\n<p data-start=\"2736\" data-end=\"2755\">Detailing-Center<\/p>\n<\/li>\n<li data-start=\"2756\" data-end=\"2772\">\n<p data-start=\"2758\" data-end=\"2772\">Auto H\u00e4ndler<\/p>\n<\/li>\n<li data-start=\"2773\" data-end=\"2803\">\n<p data-start=\"2775\" data-end=\"2803\">Flottenmanagement-Unternehmen<\/p>\n<\/li>\n<li data-start=\"2804\" data-end=\"2836\">\n<p data-start=\"2806\" data-end=\"2836\">Auto-Modifikations-Enthusiasten<\/p>\n<\/li>\n<li data-start=\"2837\" data-end=\"2870\">\n<p data-start=\"2839\" data-end=\"2870\">Unternehmen f\u00fcr gewerbliche Markenbildung<\/p>\n<\/li>\n<\/ul>\n<hr data-start=\"2872\" data-end=\"2875\" \/>\n<h4 data-start=\"2877\" data-end=\"2905\">\u2b50 OEM \/ ODM Anpassung<\/h4>\n<p data-start=\"2906\" data-end=\"2946\">Als professionelle Fabrik unterst\u00fctzen wir:<\/p>\n<ul data-start=\"2947\" data-end=\"3140\">\n<li data-start=\"2947\" data-end=\"2974\">\n<p data-start=\"2949\" data-end=\"2974\">Individuelle gelbe T\u00f6ne<\/p>\n<\/li>\n<li data-start=\"2975\" data-end=\"3040\">\n<p data-start=\"2977\" data-end=\"3040\">Besondere Texturen (matt, gl\u00e4nzend, satin, metallic, perlmuttartig)<\/p>\n<\/li>\n<li data-start=\"3041\" data-end=\"3068\">\n<p data-start=\"3043\" data-end=\"3068\">Individuelle L\u00e4ngen &amp; Breiten<\/p>\n<\/li>\n<li data-start=\"3069\" data-end=\"3096\">\n<p data-start=\"3071\" data-end=\"3096\">Private Label Verpackung<\/p>\n<\/li>\n<li data-start=\"3097\" data-end=\"3140\">\n<p data-start=\"3099\" data-end=\"3140\">Exklusive Formulierungen f\u00fcr H\u00e4ndler<\/p>\n<\/li>\n<\/ul>\n<hr data-start=\"3142\" data-end=\"3145\" \/>\n<h4 data-start=\"3147\" data-end=\"3187\">\u2b50 Warum eine gelbe Vinyl-Auto-Folie w\u00e4hlen?<\/h4>\n<p data-start=\"3188\" data-end=\"3355\">Gelb ist eine der auff\u00e4lligsten Farben <strong data-start=\"3227\" data-end=\"3246\">Auto-Folienfarben<\/strong>, symbolisiert Energie, Sichtbarkeit und sportliche Leistung \u2013 ideal f\u00fcr diejenigen, die ihr Fahrzeug hervorheben m\u00f6chten.<\/p>","protected":false},"excerpt":{"rendered":"<p>Erleben Sie ein Premium <strong data-start=\"249\" data-end=\"274\">gelber Vinyl-Auto-Folie<\/strong> entwickelt f\u00fcr vollst\u00e4ndigen Fahrzeugfarbwechsel und Lackschutz. Diese automotive-Qualit\u00e4t <strong data-start=\"358\" data-end=\"376\">Vinyl-Auto-Folie<\/strong> verf\u00fcgt \u00fcber kratzfeste Beschichtung, Luftablasskan\u00e4le und langlebige, lebendige <strong data-start=\"455\" data-end=\"474\">Auto-Folienfarben<\/strong>\u2014ideal f\u00fcr professionelle Monteure und Fahrzeuganpassungen.<\/p>","protected":false},"featured_media":9599,"comment_status":"open","ping_status":"closed","template":"","meta":[],"product_brand":[],"product_cat":[214],"product_tag":[],"class_list":{"0":"post-9592","1":"product","2":"type-product","3":"status-publish","4":"has-post-thumbnail","6":"product_cat-car-vinyl-wrap-film","8":"first","9":"instock","10":"shipping-taxable","11":"product-type-simple"},"_links":{"self":[{"href":"https:\/\/www.carliseppf.com\/de\/wp-json\/wp\/v2\/product\/9592","targetHints":{"allow":["GET"]}}],"collection":[{"href":"https:\/\/www.carliseppf.com\/de\/wp-json\/wp\/v2\/product"}],"about":[{"href":"https:\/\/www.carliseppf.com\/de\/wp-json\/wp\/v2\/types\/product"}],"replies":[{"embeddable":true,"href":"https:\/\/www.carliseppf.com\/de\/wp-json\/wp\/v2\/comments?post=9592"}],"wp:featuredmedia":[{"embeddable":true,"href":"https:\/\/www.carliseppf.com\/de\/wp-json\/wp\/v2\/media\/9599"}],"wp:attachment":[{"href":"https:\/\/www.carliseppf.com\/de\/wp-json\/wp\/v2\/media?parent=9592"}],"wp:term":[{"taxonomy":"product_brand","embeddable":true,"href":"https:\/\/www.carliseppf.com\/de\/wp-json\/wp\/v2\/product_brand?post=9592"},{"taxonomy":"product_cat","embeddable":true,"href":"https:\/\/www.carliseppf.com\/de\/wp-json\/wp\/v2\/product_cat?post=9592"},{"taxonomy":"product_tag","embeddable":true,"href":"https:\/\/www.carliseppf.com\/de\/wp-json\/wp\/v2\/product_tag?post=9592"}],"curies":[{"name":"wp","href":"https:\/\/api.w.org\/{rel}","templated":true}]}}