{"id":9950,"date":"2025-11-22T02:31:02","date_gmt":"2025-11-22T02:31:02","guid":{"rendered":"https:\/\/www.carliseppf.com\/?post_type=product&#038;p=9950"},"modified":"2025-11-23T10:00:56","modified_gmt":"2025-11-23T10:00:56","slug":"gemstone-red-ppf-film","status":"publish","type":"product","link":"https:\/\/www.carliseppf.com\/de\/product\/gemstone-red-ppf-film\/","title":{"rendered":"3M Automobil-Farb-PPF-Beschichtung, klassischer TPU-Film f\u00fcr Karosserieverpackung - Edelstein-Rot PPF-Film"},"content":{"rendered":"<h2 data-start=\"709\" data-end=\"730\">Produkt\u00fcbersicht<\/h2>\n<p>Dieses Premium- <strong data-start=\"744\" data-end=\"760\">Auto\u00a0 <\/strong>PPF\u00a0(1,52*15m) verf\u00fcgt \u00fcber Gemstone Red PPF-Folie mit selbstheilender und kratzfester Eigenschaft, bietet hervorragenden Schutz f\u00fcr den Lack Ihres Autos. Perfekt f\u00fcr Voll- oder Teilfolierungen, Motorr\u00e4der, Motorhauben, Spiegel und Dekorplatten. Direkt ab Fabrik, erm\u00f6glicht Gro\u00dfbestellungen und individuelle Gr\u00f6\u00dfen f\u00fcr Monteure und Gro\u00dfh\u00e4ndler.<\/p>\n<p><img fetchpriority=\"high\" decoding=\"async\" class=\"wp-image-9954 aligncenter\" src=\"https:\/\/www.carliseppf.com\/wp-content\/uploads\/2025\/11\/Ha5e06718fc074b578dabc8a7cea16b72W.png_avifclosewebpclose-300x300.png\" alt=\"Gemstone Red PPF-Folie\" width=\"323\" height=\"323\" srcset=\"https:\/\/www.carliseppf.com\/wp-content\/uploads\/2025\/11\/Ha5e06718fc074b578dabc8a7cea16b72W.png_avifclosewebpclose-300x300.png 300w, https:\/\/www.carliseppf.com\/wp-content\/uploads\/2025\/11\/Ha5e06718fc074b578dabc8a7cea16b72W.png_avifclosewebpclose-150x150.png 150w, https:\/\/www.carliseppf.com\/wp-content\/uploads\/2025\/11\/Ha5e06718fc074b578dabc8a7cea16b72W.png_avifclosewebpclose-768x768.png 768w, https:\/\/www.carliseppf.com\/wp-content\/uploads\/2025\/11\/Ha5e06718fc074b578dabc8a7cea16b72W.png_avifclosewebpclose-12x12.png 12w, https:\/\/www.carliseppf.com\/wp-content\/uploads\/2025\/11\/Ha5e06718fc074b578dabc8a7cea16b72W.png_avifclosewebpclose-370x370.png 370w, https:\/\/www.carliseppf.com\/wp-content\/uploads\/2025\/11\/Ha5e06718fc074b578dabc8a7cea16b72W.png_avifclosewebpclose-120x120.png 120w, https:\/\/www.carliseppf.com\/wp-content\/uploads\/2025\/11\/Ha5e06718fc074b578dabc8a7cea16b72W.png_avifclosewebpclose-410x410.png 410w, https:\/\/www.carliseppf.com\/wp-content\/uploads\/2025\/11\/Ha5e06718fc074b578dabc8a7cea16b72W.png_avifclosewebpclose-630x630.png 630w, https:\/\/www.carliseppf.com\/wp-content\/uploads\/2025\/11\/Ha5e06718fc074b578dabc8a7cea16b72W.png_avifclosewebpclose-730x730.png 730w, https:\/\/www.carliseppf.com\/wp-content\/uploads\/2025\/11\/Ha5e06718fc074b578dabc8a7cea16b72W.png_avifclosewebpclose-460x460.png 460w, https:\/\/www.carliseppf.com\/wp-content\/uploads\/2025\/11\/Ha5e06718fc074b578dabc8a7cea16b72W.png_avifclosewebpclose.png 800w\" sizes=\"(max-width: 600px) 100vw, 323px\" \/><\/p>\n<h2 data-start=\"1092\" data-end=\"1114\">Design &amp; Eigenschaften<\/h2>\n<ul data-start=\"1115\" data-end=\"1416\">\n<li data-start=\"1170\" data-end=\"1238\">\n<p title=\"Kalise Fabrik Gro\u00dfhandel Automobilfarbige PPF-Beschichtung, klassischer TPU-Film f\u00fcr Karosserieverpackung, Gemstone Red PPF-Folie\" data-spm-anchor-id=\"a2700.details.0.i119.4f6f40ecYqVDKL\">Automobilfarbige PPF-Beschichtung, klassischer TPU-Film f\u00fcr Karosserieverpackung, Gemstone Red PPF-Folie<\/p>\n<\/li>\n<li data-start=\"1170\" data-end=\"1238\">\n<p data-start=\"1172\" data-end=\"1238\">Selbstheilende und kratzfeste Technologie f\u00fcr \u00fcberlegenen Schutz<\/p>\n<\/li>\n<li data-start=\"1239\" data-end=\"1279\">\n<p data-start=\"1241\" data-end=\"1279\">Flexibel, langlebig und einfach anzubringen<\/p>\n<\/li>\n<li data-start=\"1280\" data-end=\"1335\">\n<p data-start=\"1282\" data-end=\"1335\">Kompatibel mit professionellen <strong data-start=\"1311\" data-end=\"1327\">PPF Auto-Folie<\/strong> Werkzeugen<\/p>\n<\/li>\n<li data-start=\"1336\" data-end=\"1416\">\n<p data-start=\"1338\" data-end=\"1416\">Ideal f\u00fcr vollst\u00e4ndige oder partielle Fahrzeugabdeckungen, Gro\u00dfbestellungen und individuelle Projekte<\/p>\n<\/li>\n<\/ul>\n<h2 data-start=\"1418\" data-end=\"1444\">Hochwertiges Material<\/h2>\n<ul data-start=\"1445\" data-end=\"1606\">\n<li data-start=\"1445\" data-end=\"1477\">\n<p data-start=\"1447\" data-end=\"1477\">Langlebige TPU-Autowrap<\/p>\n<\/li>\n<li data-start=\"1478\" data-end=\"1526\">\n<p data-start=\"1480\" data-end=\"1526\">UV-best\u00e4ndig, wasserdicht, sicher f\u00fcr OEM-Lack<\/p>\n<\/li>\n<li data-start=\"1527\" data-end=\"1575\">\n<p data-start=\"1529\" data-end=\"1575\">Langanhaltende Outdoor-Leistung (3\u20135 Jahre)<\/p>\n<\/li>\n<li data-start=\"1576\" data-end=\"1606\">\n<p data-start=\"1578\" data-end=\"1606\">Einfach zu reinigen und zu pflegen<\/p>\n<\/li>\n<\/ul>\n<h2 data-start=\"1608\" data-end=\"1646\">Einfache Installation &amp; Anpassung<\/h2>\n<ul data-start=\"1647\" data-end=\"1878\">\n<li data-start=\"1647\" data-end=\"1700\">\n<p data-start=\"1649\" data-end=\"1700\">Luftablasskleber f\u00fcr blasenfreie Montage<\/p>\n<\/li>\n<li data-start=\"1701\" data-end=\"1771\">\n<p data-start=\"1703\" data-end=\"1771\">Flexibel und hitzebest\u00e4ndig formbar f\u00fcr Kanten, Kurven und komplexe Oberfl\u00e4chen<\/p>\n<\/li>\n<li data-start=\"1772\" data-end=\"1823\">\n<p data-start=\"1774\" data-end=\"1823\">Anpassbare Rollen f\u00fcr Gro\u00df- oder Gro\u00dfhandelsbestellungen<\/p>\n<\/li>\n<li data-start=\"1824\" data-end=\"1878\">\n<p data-start=\"1826\" data-end=\"1878\">Geeignet f\u00fcr professionelle Monteure und Heimwerker<\/p>\n<\/li>\n<\/ul>\n<h2 data-start=\"1880\" data-end=\"1897\">Anwendungen<\/h2>\n<ul data-start=\"1898\" data-end=\"2083\">\n<li data-start=\"1898\" data-end=\"1951\">\n<p data-start=\"1900\" data-end=\"1951\">Vollfahrzeugfolierungen: Autos, SUVs, Motorr\u00e4der, Vans<\/p>\n<\/li>\n<li data-start=\"1952\" data-end=\"2002\">\n<p data-start=\"1954\" data-end=\"2002\">Teilfolierungen: Motorhauben, D\u00e4cher, Spiegel, Spoiler<\/p>\n<\/li>\n<li data-start=\"2003\" data-end=\"2043\">\n<p data-start=\"2005\" data-end=\"2043\">Innenverkleidungen und Dekorationspaneele<\/p>\n<\/li>\n<li data-start=\"2044\" data-end=\"2083\">\n<p data-start=\"2046\" data-end=\"2083\">Ideal f\u00fcr <strong data-start=\"2056\" data-end=\"2072\">PPF Auto-Folie<\/strong> Projekte<\/p>\n<\/li>\n<\/ul>\n<h2 data-start=\"2085\" data-end=\"2104\">Spezifikationen<\/h2>\n<p data-start=\"2105\" data-end=\"2330\">Material: TPU-Autolackfolie<br data-start=\"2135\" data-end=\"2138\" \/>Farbe: Edelsteinrot<br data-start=\"2156\" data-end=\"2159\" \/>Gr\u00f6\u00dfe: 1,52*15m<br data-start=\"2173\" data-end=\"2176\" \/>Oberfl\u00e4che: Gl\u00e4nzend<br data-start=\"2190\" data-end=\"2193\" \/>Dicke: 150\u2013180 \u03bcm<br data-start=\"2214\" data-end=\"2217\" \/>Klebstoff: Luftablass, repositionierbar<br data-start=\"2254\" data-end=\"2257\" \/>Haltbarkeit: 3\u20135 Jahre im Freien<br data-start=\"2286\" data-end=\"2289\" \/>Rollengr\u00f6\u00dfe: Anpassbar f\u00fcr Gro\u00dfbestellungen<\/p>\n<h2 data-start=\"2332\" data-end=\"2351\">Hauptvorteile<\/h2>\n<ul data-start=\"2352\" data-end=\"2632\">\n<li data-start=\"2352\" data-end=\"2388\">\n<p data-start=\"2354\" data-end=\"2388\">Premium <strong data-start=\"2362\" data-end=\"2378\">PPF Auto-Folie<\/strong> Qualit\u00e4t<\/p>\n<\/li>\n<li data-start=\"2389\" data-end=\"2451\">\n<p data-start=\"2391\" data-end=\"2451\">Selbstheilend und kratzfest f\u00fcr \u00fcberlegenen Schutz<\/p>\n<\/li>\n<li data-start=\"2452\" data-end=\"2506\">\n<p data-start=\"2454\" data-end=\"2506\">Direkt vom Hersteller, vollst\u00e4ndig anpassbar f\u00fcr Gro\u00dfbestellungen<\/p>\n<\/li>\n<li data-start=\"2507\" data-end=\"2570\">\n<p data-start=\"2509\" data-end=\"2570\">Einfache Installation f\u00fcr Heimwerker und professionelle Installateure<\/p>\n<\/li>\n<li data-start=\"2571\" data-end=\"2632\">\n<p data-start=\"2573\" data-end=\"2632\">Perfekt f\u00fcr Autowerkst\u00e4tten, Installateure und Enthusiasten<\/p>\n<\/li>\n<\/ul>\n<h2 data-start=\"2634\" data-end=\"2655\">Paket beinhaltet<\/h2>\n<ul data-start=\"2656\" data-end=\"2780\">\n<li data-start=\"2656\" data-end=\"2711\">\n<p data-start=\"2658\" data-end=\"2711\">1 Rolle Gemstone Red PPF-Folie (1,52*15m)<\/p>\n<\/li>\n<li data-start=\"2712\" data-end=\"2780\">\n<p data-start=\"2714\" data-end=\"2780\">Optionales Installationswerkzeugset: Rakel, Klinge, Mikrofasertuch<\/p>\n<\/li>\n<\/ul>\n<h2 data-start=\"2782\" data-end=\"2811\">Warum dieses Produkt w\u00e4hlen?<\/h2>\n<p data-start=\"2812\" data-end=\"3117\">Direkt vom Hersteller <strong data-start=\"2832\" data-end=\"2848\">PPF Auto-Folie<\/strong> Vinyl (1,52 * 15 m) bietet professionelle Qualit\u00e4t, ein lebendiges Venom Green TPU-Finish und langanhaltenden Schutz. Vollst\u00e4ndig anpassbar f\u00fcr Gro\u00df- oder Einzelbestellungen, perfekt f\u00fcr Installateure, Gro\u00dfh\u00e4ndler und Unternehmen, die Premium- <strong data-start=\"3079\" data-end=\"3104\">Lackschutzfolie<\/strong> L\u00f6sungen anbieten.<\/p>\n<p><iframe title=\"e70f7ffda7839d5ca0a39ce0635a9a5f roher Datensatz\" width=\"1260\" height=\"709\" src=\"https:\/\/www.youtube.com\/embed\/2qLp3wbKQCs?feature=oembed\" frameborder=\"0\" allow=\"accelerometer; autoplay; clipboard-write; encrypted-media; gyroscope; picture-in-picture; web-share\" referrerpolicy=\"strict-origin-when-cross-origin\" allowfullscreen><\/iframe><\/p>","protected":false},"excerpt":{"rendered":"<p>Sch\u00fctzen und stylen Sie Ihr Fahrzeug mit diesem <strong data-start=\"398\" data-end=\"414\">PPF Auto-Folie<\/strong> \u2013 Edelstein Rote PPF-Folie 1,52*15m mit selbstheilender und kratzfester Technologie. Direkt ab Fabrik, vollst\u00e4ndig anpassbar f\u00fcr Gro\u00dfbestellungen. Ideal f\u00fcr professionelle Monteure, Gro\u00dfh\u00e4ndler und Automobilenthusiasten, die hochwertige Lackschutzfolienl\u00f6sungen suchen.<\/p>","protected":false},"featured_media":9955,"comment_status":"closed","ping_status":"closed","template":"","meta":[],"product_brand":[],"product_cat":[216],"product_tag":[],"class_list":{"0":"post-9950","1":"product","2":"type-product","3":"status-publish","4":"has-post-thumbnail","6":"product_cat-colored-ppf","8":"first","9":"instock","10":"shipping-taxable","11":"product-type-simple"},"_links":{"self":[{"href":"https:\/\/www.carliseppf.com\/de\/wp-json\/wp\/v2\/product\/9950","targetHints":{"allow":["GET"]}}],"collection":[{"href":"https:\/\/www.carliseppf.com\/de\/wp-json\/wp\/v2\/product"}],"about":[{"href":"https:\/\/www.carliseppf.com\/de\/wp-json\/wp\/v2\/types\/product"}],"replies":[{"embeddable":true,"href":"https:\/\/www.carliseppf.com\/de\/wp-json\/wp\/v2\/comments?post=9950"}],"wp:featuredmedia":[{"embeddable":true,"href":"https:\/\/www.carliseppf.com\/de\/wp-json\/wp\/v2\/media\/9955"}],"wp:attachment":[{"href":"https:\/\/www.carliseppf.com\/de\/wp-json\/wp\/v2\/media?parent=9950"}],"wp:term":[{"taxonomy":"product_brand","embeddable":true,"href":"https:\/\/www.carliseppf.com\/de\/wp-json\/wp\/v2\/product_brand?post=9950"},{"taxonomy":"product_cat","embeddable":true,"href":"https:\/\/www.carliseppf.com\/de\/wp-json\/wp\/v2\/product_cat?post=9950"},{"taxonomy":"product_tag","embeddable":true,"href":"https:\/\/www.carliseppf.com\/de\/wp-json\/wp\/v2\/product_tag?post=9950"}],"curies":[{"name":"wp","href":"https:\/\/api.w.org\/{rel}","templated":true}]}}