{"id":250,"date":"2024-03-15T17:19:14","date_gmt":"2024-03-15T17:19:14","guid":{"rendered":"https:\/\/www.carliseppf.com\/?page_id=250"},"modified":"2025-11-19T10:01:55","modified_gmt":"2025-11-19T10:01:55","slug":"privacy-policy","status":"publish","type":"page","link":"https:\/\/www.carliseppf.com\/es\/privacy-policy\/","title":{"rendered":"Pol\u00edtica de Privacidad"},"content":{"rendered":"<p>Nos tomamos su privacidad en serio y esta declaraci\u00f3n de privacidad explica c\u00f3mo\u00a0\u00a0(colectivamente, \u201cnosotros,\u201d \u201cnos,\u201d o \u201cnuestro\u201d) recopilamos, usamos, compartimos y procesamos su informaci\u00f3n.<\/p>\n<p><strong><b>Recopilaci\u00f3n y Uso de Datos Personales<\/b><\/strong><\/p>\n<p>Los datos personales son informaci\u00f3n que puede usarse para identificarle directa o indirectamente. Los datos personales tambi\u00e9n incluyen datos an\u00f3nimos que est\u00e1n vinculados a informaci\u00f3n que puede usarse para identificarle directa o indirectamente. Los datos personales no incluyen datos que hayan sido anonimizado de forma irreversible o agregados de modo que ya no puedan permitirnos, ya sea en combinaci\u00f3n con otra informaci\u00f3n o de otra manera, identificarle.<\/p>\n<p><strong><b>Promoviendo la seguridad y protecci\u00f3n<\/b><\/strong><\/p>\n<p>Cumplimos con los principios de legalidad, legitimidad y transparencia, usamos y procesamos la menor cantidad de datos posible dentro de un alcance limitado de prop\u00f3sito, y tomamos medidas t\u00e9cnicas y administrativas para proteger la seguridad de los datos. Usamos datos personales para ayudar a verificar cuentas y actividad de usuarios, as\u00ed como para promover la seguridad y protecci\u00f3n, como mediante la monitorizaci\u00f3n de fraudes e investigaciones de actividades sospechosas o potencialmente ilegales o violaciones de nuestros t\u00e9rminos o pol\u00edticas. Este procesamiento se basa en nuestro inter\u00e9s leg\u00edtimo en ayudar a garantizar la seguridad de nuestros productos y servicios.<\/p>\n<p>Aqu\u00ed hay una descripci\u00f3n de los tipos de datos personales que podemos recopilar y c\u00f3mo podemos usarlos:<\/p>\n<p><strong><b>Qu\u00e9 Datos Personales Recopilamos<\/b><\/strong><\/p>\n<p>\u2170. Datos que usted proporciona:<\/p>\n<p>Recopilamos los datos personales que usted proporciona cuando usa nuestros productos y servicios o interact\u00faa con nosotros de otra manera, como cuando crea una cuenta, nos contacta, participa en una encuesta en l\u00ednea, usa nuestra ayuda en l\u00ednea o herramienta de chat en l\u00ednea. Si realiza una compra, recopilamos datos personales en relaci\u00f3n con la compra. Estos datos incluyen su informaci\u00f3n de pago, como el n\u00famero de su tarjeta de cr\u00e9dito o d\u00e9bito y otra informaci\u00f3n de la tarjeta, as\u00ed como otra informaci\u00f3n de cuenta y autenticaci\u00f3n, adem\u00e1s de detalles de facturaci\u00f3n, env\u00edo y contacto.<\/p>\n<p>\u2171. Datos sobre el uso de nuestros servicios y productos:<\/p>\n<p>Cuando visita nuestros sitios web, podemos recopilar datos sobre el tipo de dispositivo que usa, el identificador \u00fanico de su dispositivo, la direcci\u00f3n IP de su dispositivo, su sistema operativo, el tipo de navegador de Internet que usa, informaci\u00f3n de uso, informaci\u00f3n de diagn\u00f3stico y datos de ubicaci\u00f3n de o sobre las computadoras, tel\u00e9fonos u otros dispositivos en los que instala o accede a nuestros productos o servicios. Cuando est\u00e9 disponible, nuestros servicios pueden usar GPS, su direcci\u00f3n IP y otras tecnolog\u00edas para determinar la ubicaci\u00f3n aproximada de un dispositivo y as\u00ed poder mejorar nuestros productos y servicios.<\/p>\n<p><strong><b>C\u00f3mo Usamos Sus Datos Personales<\/b><\/strong><\/p>\n<p>En t\u00e9rminos generales, usamos datos personales para proporcionar, mejorar y desarrollar nuestros productos y servicios, para comunicarnos con usted, para ofrecerle publicidad y servicios dirigidos, y para protegernos a nosotros y a nuestros clientes.<\/p>\n<p>\u2170. Proporcionar, mejorar y desarrollar nuestros productos y servicios:<\/p>\n<p>Usamos datos personales para ayudarnos a proporcionar, mejorar y desarrollar nuestros productos, servicios y publicidad. Esto incluye usar datos personales para an\u00e1lisis de datos, investigaci\u00f3n y auditor\u00edas. Este procesamiento se basa en nuestro inter\u00e9s leg\u00edtimo en ofrecerle productos y servicios y en la continuidad del negocio. Si participa en un concurso u otra promoci\u00f3n, podemos usar los datos personales que proporciona para administrar esos programas. Algunas de estas actividades tienen reglas adicionales, que pueden contener m\u00e1s informaci\u00f3n sobre c\u00f3mo usamos los datos personales, por lo que le recomendamos leer esas reglas cuidadosamente antes de participar.<\/p>\n<p>\u2171. Comunicarnos con usted:<\/p>\n<p>Sujeto a su consentimiento previo expreso, podemos usar datos personales para enviarle comunicaciones de marketing relacionadas con nuestros propios productos y servicios, comunicarnos con usted sobre su cuenta o transacciones, e informarle sobre nuestras pol\u00edticas y t\u00e9rminos. Si ya no desea recibir comunicaciones por correo electr\u00f3nico con fines de marketing, cont\u00e1ctenos para darse de baja. Tambi\u00e9n podemos usar sus datos para procesar y responder a sus solicitudes cuando nos contacte. Sujeto a su consentimiento previo expreso, podemos compartir sus datos personales con socios terceros que puedan enviarle comunicaciones de marketing relacionadas con sus productos y servicios. Sujeto a su consentimiento previo expreso, podemos usar datos personales para personalizar su experiencia con nuestros productos y servicios y en sitios web y aplicaciones de terceros, y para determinar la efectividad de nuestras campa\u00f1as promocionales.<\/p>\n<p>NOTA: Para cualquiera de los usos de sus datos descritos anteriormente que requieran su consentimiento previo expreso, tenga en cuenta que puede retirar su consentimiento contact\u00e1ndonos.<\/p>\n<p><strong><b>Definici\u00f3n de Cookies<\/b><\/strong><\/p>\n<p>Las cookies son peque\u00f1os fragmentos de texto utilizados para almacenar informaci\u00f3n en navegadores web. Las cookies se usan ampliamente para almacenar y recibir identificadores y otra informaci\u00f3n en computadoras, tel\u00e9fonos y otros dispositivos. Tambi\u00e9n usamos otras tecnolog\u00edas, incluyendo datos que almacenamos en su navegador web o dispositivo, identificadores asociados con su dispositivo y otro software, para fines similares. En esta Declaraci\u00f3n de Cookies, nos referimos a todas estas tecnolog\u00edas como cookies<\/p>\n<p><strong><b>Uso de Cookies<\/b><\/strong><\/p>\n<p>Utilizamos cookies para proporcionar, proteger y mejorar nuestros productos y servicios, como personalizar contenido, ofrecer y medir anuncios, entender el comportamiento del usuario y ofrecer una experiencia m\u00e1s segura. Tenga en cuenta que las cookies espec\u00edficas que podemos usar var\u00edan seg\u00fan los sitios web y servicios que utilice.<\/p>\n<p><strong><b>Divulgaci\u00f3n de Datos Personales<\/b><\/strong><\/p>\n<p>Ponemos ciertos datos personales a disposici\u00f3n de socios estrat\u00e9gicos que trabajan con nosotros para ofrecer nuestros productos y servicios o ayudarnos a comercializar a los clientes. Los datos personales solo ser\u00e1n compartidos por nosotros con estas empresas para proporcionar o mejorar nuestros productos, servicios y publicidad; no ser\u00e1n compartidos con terceros para sus propios fines de marketing sin su consentimiento expreso previo.<\/p>\n<p><strong><b>Divulgaci\u00f3n, Almacenamiento, Transferencia y Procesamiento de Datos<\/b><\/strong><\/p>\n<p>\u2170. Cumplimiento de obligaciones legales:<\/p>\n<p>Debido a las leyes obligatorias de Espa\u00f1a, existen o han ocurrido ciertos actos legales y es necesario cumplir con ciertas obligaciones legales. El tratamiento de datos personales de residentes en Espa\u00f1a \u2014Como se describe a continuaci\u00f3n, si reside en Espa\u00f1a, nuestro procesamiento de sus datos personales estar\u00e1 legitimado: Siempre que requiramos su consentimiento para el procesamiento de sus datos personales, dicho procesamiento estar\u00e1 justificado conforme al Art\u00edculo 6(1) del Reglamento General de Protecci\u00f3n de Datos (Espa\u00f1a).<\/p>\n<p>\u2171. Para la implementaci\u00f3n o aplicaci\u00f3n razonable de este art\u00edculo:<\/p>\n<p>Podemos compartir datos personales con todas nuestras empresas afiliadas. En caso de fusi\u00f3n, reorganizaci\u00f3n, adquisici\u00f3n, empresa conjunta, cesi\u00f3n, escisi\u00f3n, transferencia o venta o disposici\u00f3n de toda o parte de nuestro negocio, incluyendo en relaci\u00f3n con cualquier procedimiento de quiebra o similar, podemos transferir cualquier dato personal relevante a terceros pertinentes. Tambi\u00e9n podemos divulgar datos personales si determinamos de buena fe que la divulgaci\u00f3n es razonablemente necesaria para proteger nuestros derechos y buscar remedios disponibles, hacer cumplir nuestros t\u00e9rminos y condiciones, investigar fraudes o proteger nuestras operaciones o usuarios.<\/p>\n<p>\u2172. Cumplimiento legal y Seguridad o Protecci\u00f3n de Otros Derechos<\/p>\n<p>Puede ser necesario \u2014por ley, proceso legal, litigio y\/o solicitudes de autoridades p\u00fablicas y gubernamentales dentro o fuera de su pa\u00eds de residencia\u2014 que divulguemos datos personales. Tambi\u00e9n podemos divulgar datos personales si determinamos que, con fines de seguridad nacional, aplicaci\u00f3n de la ley u otros asuntos de inter\u00e9s p\u00fablico, la divulgaci\u00f3n es necesaria o apropiada.<\/p>\n<p><strong><b>Ni\u00f1os<\/b><\/strong><\/p>\n<p>Nuestros productos y servicios est\u00e1n destinados a adultos. En consecuencia, no recopilamos, usamos ni divulgamos datos de ni\u00f1os menores de 18 a\u00f1os. Si descubrimos que hemos recopilado datos personales de un ni\u00f1o menor de 18 a\u00f1os, o la edad m\u00ednima equivalente seg\u00fan la jurisdicci\u00f3n, tomaremos medidas para eliminar los datos lo antes posible. Por favor, cont\u00e1ctenos de inmediato si tiene conocimiento de que un ni\u00f1o menor de 18 a\u00f1os nos ha proporcionado datos personales.<\/p>\n<p><strong><b>Sus Derechos<\/b><\/strong><\/p>\n<p>Tomamos medidas razonables para garantizar que sus datos personales sean precisos, completos y est\u00e9n actualizados. Tiene derecho a acceder, corregir o eliminar los datos personales que recopilamos. Tambi\u00e9n tiene derecho a restringir u oponerse, en cualquier momento, al procesamiento adicional de sus datos personales. Tiene derecho a recibir sus datos en un formato estructurado y est\u00e1ndar. Puede presentar una reclamaci\u00f3n ante la autoridad de protecci\u00f3n de datos competente respecto al procesamiento de sus datos personales. Para proteger la privacidad y seguridad de sus datos, podemos solicitarle datos para poder confirmar su identidad y derecho a acceder a dichos datos, as\u00ed como para buscar y proporcionarle los datos personales que mantenemos. Existen casos en los que las leyes aplicables o requisitos regulatorios nos permiten o nos obligan a negarnos a proporcionar o eliminar algunos o todos los datos personales que mantenemos. Puede contactarnos para ejercer sus derechos. Responderemos a su solicitud en un plazo razonable, y en cualquier caso en menos de 30 d\u00edas.<\/p>\n<p><strong><b>Sitios web y servicios de terceros<\/b><\/strong><\/p>\n<p>Cuando un cliente opera un enlace a un sitio web de terceros que tiene relaci\u00f3n con nosotros, no asumimos ninguna obligaci\u00f3n o responsabilidad por dicha pol\u00edtica debido a la pol\u00edtica de privacidad del tercero. Nuestros sitios web, productos y servicios pueden contener enlaces o la posibilidad de acceder a sitios web, productos y servicios de terceros. No somos responsables de las pr\u00e1cticas de privacidad empleadas por esos terceros, ni de la informaci\u00f3n o contenido que contienen sus productos y servicios. Esta Declaraci\u00f3n de Privacidad se aplica \u00fanicamente a los datos recopilados por nosotros a trav\u00e9s de nuestros productos y servicios. Le animamos a leer las pol\u00edticas de privacidad de cualquier tercero antes de proceder a usar sus sitios web, productos o servicios.<\/p>\n<p><strong><b>Seguridad, Integridad y Retenci\u00f3n de Datos<\/b><\/strong><\/p>\n<p>Utilizamos medidas de seguridad t\u00e9cnicas, administrativas y f\u00edsicas razonables dise\u00f1adas para proteger y ayudar a prevenir accesos no autorizados a sus datos, y para usar correctamente los datos que recopilamos. Retendremos sus datos personales mientras sean necesarios para cumplir los fines descritos en esta Declaraci\u00f3n de Privacidad, a menos que un per\u00edodo de retenci\u00f3n m\u00e1s largo sea requerido o permitido por la ley.<\/p>\n<p><strong><b>Cambios en esta Declaraci\u00f3n de Privacidad<\/b><\/strong><\/p>\n<p>Es posible que modifiquemos peri\u00f3dicamente esta Declaraci\u00f3n de Privacidad para mantenernos al d\u00eda con las nuevas tecnolog\u00edas, pr\u00e1cticas de la industria y requisitos regulatorios, entre otras razones. Su uso continuado de nuestros productos y servicios despu\u00e9s de la fecha de vigencia de la Declaraci\u00f3n de Privacidad implica que acepta la versi\u00f3n revisada de la misma. Si no est\u00e1 de acuerdo con la versi\u00f3n revisada de la Declaraci\u00f3n de Privacidad, por favor, p\u00f3ngase en contacto con nosotros y abst\u00e9ngase de usar nuestros productos o servicios y cierre cualquier cuenta que haya creado.<\/p>\n<p><strong><b>Privacidad de Menores<\/b><\/strong><\/p>\n<p>Nos comprometemos a proteger la privacidad de las personas menores de 18 a\u00f1os. No recopilamos, usamos ni divulgamos knowingly informaci\u00f3n personal de menores de 18 a\u00f1os. Si llegamos a saber que hemos recopilado inadvertidamente datos personales de un menor, tomaremos medidas razonables para eliminar dicha informaci\u00f3n de nuestros registros. Si usted es padre o tutor y cree que su hijo nos ha proporcionado informaci\u00f3n personal, por favor, p\u00f3ngase en contacto con nosotros para que podamos atender el asunto r\u00e1pidamente.<\/p>","protected":false},"excerpt":{"rendered":"<p>We take your privacy seriously and this privacy statement explains how\u00a0\u00a0(collectively, \u201cwe,\u201d \u201cus,\u201d or \u201cour\u201d) collects, uses, shares, and processes your information. Collection and Use for Personal Data Personal data&hellip;<\/p>","protected":false},"author":1,"featured_media":0,"parent":0,"menu_order":0,"comment_status":"closed","ping_status":"closed","template":"","meta":{"footnotes":""},"class_list":["post-250","page","type-page","status-publish","hentry"],"_hostinger_reach_plugin_has_subscription_block":false,"_hostinger_reach_plugin_is_elementor":false,"_links":{"self":[{"href":"https:\/\/www.carliseppf.com\/es\/wp-json\/wp\/v2\/pages\/250","targetHints":{"allow":["GET"]}}],"collection":[{"href":"https:\/\/www.carliseppf.com\/es\/wp-json\/wp\/v2\/pages"}],"about":[{"href":"https:\/\/www.carliseppf.com\/es\/wp-json\/wp\/v2\/types\/page"}],"author":[{"embeddable":true,"href":"https:\/\/www.carliseppf.com\/es\/wp-json\/wp\/v2\/users\/1"}],"replies":[{"embeddable":true,"href":"https:\/\/www.carliseppf.com\/es\/wp-json\/wp\/v2\/comments?post=250"}],"version-history":[{"count":3,"href":"https:\/\/www.carliseppf.com\/es\/wp-json\/wp\/v2\/pages\/250\/revisions"}],"predecessor-version":[{"id":9664,"href":"https:\/\/www.carliseppf.com\/es\/wp-json\/wp\/v2\/pages\/250\/revisions\/9664"}],"wp:attachment":[{"href":"https:\/\/www.carliseppf.com\/es\/wp-json\/wp\/v2\/media?parent=250"}],"curies":[{"name":"wp","href":"https:\/\/api.w.org\/{rel}","templated":true}]}}