{"id":10054,"date":"2025-11-28T07:08:46","date_gmt":"2025-11-28T07:08:46","guid":{"rendered":"https:\/\/www.carliseppf.com\/?post_type=product&#038;p=10054"},"modified":"2025-12-01T02:28:25","modified_gmt":"2025-12-01T02:28:25","slug":"gold-carbon-fiber-vinyl-film-car-wrap","status":"publish","type":"product","link":"https:\/\/www.carliseppf.com\/es\/product\/gold-carbon-fiber-vinyl-film-car-wrap\/","title":{"rendered":"Pel\u00edcula de vinilo de fibra de carbono dorada 2D de alto brillo de calidad superior, para envolver coches, con liberaci\u00f3n de aire, pegatina decorativa para bricolaje"},"content":{"rendered":"<p data-start=\"450\" data-end=\"771\">Este <strong data-start=\"455\" data-end=\"505\">Pel\u00edcula de vinilo de fibra de carbono dorada brillante 2D para coche<\/strong> est\u00e1 dise\u00f1ada para decoraci\u00f3n automotriz profesional y proyectos de personalizaci\u00f3n a gran volumen. Producida directamente en nuestra f\u00e1brica, la pel\u00edcula presenta un acabado brillante de primera calidad, una textura duradera de fibra de carbono y un canal de liberaci\u00f3n de aire mejorado para una instalaci\u00f3n m\u00e1s sencilla.<\/p>\n<p data-start=\"773\" data-end=\"1064\">Dise\u00f1ada para envolver coches completos o parciales, esta <strong data-start=\"821\" data-end=\"862\">Pel\u00edcula de vinilo de fibra de carbono dorada para coche<\/strong> ofrece una adhesi\u00f3n estable, una excelente elasticidad y una protecci\u00f3n exterior duradera, lo que la hace adecuada para distribuidores, instaladores y marcas de personalizaci\u00f3n del mercado secundario que buscan un suministro fiable.<\/p>\n<p data-start=\"1066\" data-end=\"1255\">Ya sea para estilismo personal de coches, reventa en paquetes minoristas o proyectos OEM, nuestra <strong data-start=\"1144\" data-end=\"1173\">pel\u00edcula de fibra de carbono dorada 2D<\/strong> ayuda a mejorar el atractivo visual mientras garantiza una calidad constante en pedidos al por mayor.<\/p>\n<p data-start=\"1066\" data-end=\"1255\">La superficie refleja un sutil tono met\u00e1lico dorado que cambia suavemente bajo la luz, dando a los veh\u00edculos una est\u00e9tica refinada y moderna.<\/p>\n<p><iframe title=\"c6dd24e0c98ed30e1624b75374608f8a en crudo\" width=\"1260\" height=\"709\" src=\"https:\/\/www.youtube.com\/embed\/anSZDgbbCZ4?feature=oembed\" frameborder=\"0\" allow=\"accelerometer; autoplay; clipboard-write; encrypted-media; gyroscope; picture-in-picture; web-share\" referrerpolicy=\"strict-origin-when-cross-origin\" allowfullscreen><\/iframe><\/p>","protected":false},"excerpt":{"rendered":"<p>Pel\u00edcula de vinilo de fibra de carbono dorada brillante 2D de alta calidad con adhesivo de liberaci\u00f3n de aire, perfecta para estilismo de coches, personalizaci\u00f3n OEM y distribuci\u00f3n al por mayor.<\/p>","protected":false},"featured_media":10060,"comment_status":"open","ping_status":"closed","template":"","meta":[],"product_brand":[],"product_cat":[214],"product_tag":[],"class_list":{"0":"post-10054","1":"product","2":"type-product","3":"status-publish","4":"has-post-thumbnail","6":"product_cat-car-vinyl-wrap-film","8":"first","9":"instock","10":"shipping-taxable","11":"product-type-simple"},"_links":{"self":[{"href":"https:\/\/www.carliseppf.com\/es\/wp-json\/wp\/v2\/product\/10054","targetHints":{"allow":["GET"]}}],"collection":[{"href":"https:\/\/www.carliseppf.com\/es\/wp-json\/wp\/v2\/product"}],"about":[{"href":"https:\/\/www.carliseppf.com\/es\/wp-json\/wp\/v2\/types\/product"}],"replies":[{"embeddable":true,"href":"https:\/\/www.carliseppf.com\/es\/wp-json\/wp\/v2\/comments?post=10054"}],"wp:featuredmedia":[{"embeddable":true,"href":"https:\/\/www.carliseppf.com\/es\/wp-json\/wp\/v2\/media\/10060"}],"wp:attachment":[{"href":"https:\/\/www.carliseppf.com\/es\/wp-json\/wp\/v2\/media?parent=10054"}],"wp:term":[{"taxonomy":"product_brand","embeddable":true,"href":"https:\/\/www.carliseppf.com\/es\/wp-json\/wp\/v2\/product_brand?post=10054"},{"taxonomy":"product_cat","embeddable":true,"href":"https:\/\/www.carliseppf.com\/es\/wp-json\/wp\/v2\/product_cat?post=10054"},{"taxonomy":"product_tag","embeddable":true,"href":"https:\/\/www.carliseppf.com\/es\/wp-json\/wp\/v2\/product_tag?post=10054"}],"curies":[{"name":"wp","href":"https:\/\/api.w.org\/{rel}","templated":true}]}}