{"id":10061,"date":"2025-11-29T07:17:25","date_gmt":"2025-11-29T07:17:25","guid":{"rendered":"https:\/\/www.carliseppf.com\/?post_type=product&#038;p=10061"},"modified":"2025-12-01T02:35:21","modified_gmt":"2025-12-01T02:35:21","slug":"purple-paint-protection-film","status":"publish","type":"product","link":"https:\/\/www.carliseppf.com\/es\/product\/purple-paint-protection-film\/","title":{"rendered":"Pel\u00edcula protectora de pintura antirayaduras, autorreparable, de color p\u00farpura veneciano, protecci\u00f3n UV\/IR, garant\u00eda de 5 a\u00f1os para carrocer\u00eda"},"content":{"rendered":"<h2 data-start=\"829\" data-end=\"852\"><strong data-start=\"832\" data-end=\"852\">Resumen del Producto<\/strong><\/h2>\n<p data-start=\"854\" data-end=\"1203\">Este avanzado <strong data-start=\"868\" data-end=\"900\">Pel\u00edcula protectora de pintura morada<\/strong> est\u00e1 dise\u00f1ado con tecnolog\u00eda de auto-reparaci\u00f3n en TPU, proporcionando una defensa duradera para la pintura del autom\u00f3vil. El color Violeta Venecia ofrece un acabado brillante y de alta calidad, mejorando tanto el estilo como la protecci\u00f3n de los veh\u00edculos. Perfecto para talleres, instaladores, centros de detailing y distribuidores B2B.<\/p>\n<h2 data-start=\"1205\" data-end=\"1235\"><strong data-start=\"1208\" data-end=\"1235\">Caracter\u00edsticas y beneficios clave<\/strong><\/h2>\n<ul data-start=\"1237\" data-end=\"1714\">\n<li data-start=\"1237\" data-end=\"1308\">\n<p data-start=\"1239\" data-end=\"1308\">Basado en TPU <strong data-start=\"1249\" data-end=\"1281\">Pel\u00edcula protectora de pintura morada<\/strong> con recubrimiento superior duradero<\/p>\n<\/li>\n<li data-start=\"1309\" data-end=\"1365\">\n<p data-start=\"1311\" data-end=\"1365\">Auto-reparaci\u00f3n instant\u00e1nea de ara\u00f1azos leves y remolinos<\/p>\n<\/li>\n<li data-start=\"1366\" data-end=\"1449\">\n<p data-start=\"1368\" data-end=\"1449\">Excelente resistencia a piedras, escombros de la carretera, excrementos de aves y productos qu\u00edmicos<\/p>\n<\/li>\n<li data-start=\"1450\" data-end=\"1518\">\n<p data-start=\"1452\" data-end=\"1518\">Estabilidad antiamarillamiento adecuada para exposici\u00f3n prolongada al exterior<\/p>\n<\/li>\n<li data-start=\"1519\" data-end=\"1580\">\n<p data-start=\"1521\" data-end=\"1580\">Bloqueo UV y IR para proteger la pintura y la integridad del color del veh\u00edculo<\/p>\n<\/li>\n<li data-start=\"1581\" data-end=\"1648\">\n<p data-start=\"1583\" data-end=\"1648\">Acabado brillante en Violeta Venecia para mejorar la apariencia del veh\u00edculo<\/p>\n<\/li>\n<li data-start=\"1649\" data-end=\"1714\">\n<p data-start=\"1651\" data-end=\"1714\">Garant\u00eda de 5 a\u00f1os para la durabilidad del color y el rendimiento del adhesivo<\/p>\n<\/li>\n<\/ul>\n<h2 data-start=\"1716\" data-end=\"1741\"><strong data-start=\"1719\" data-end=\"1741\">Material y Calidad<\/strong><\/h2>\n<ul data-start=\"1743\" data-end=\"1950\">\n<li data-start=\"1743\" data-end=\"1771\">\n<p data-start=\"1745\" data-end=\"1771\">TPU alif\u00e1tico de alta calidad<\/p>\n<\/li>\n<li data-start=\"1772\" data-end=\"1804\">\n<p data-start=\"1774\" data-end=\"1804\">Recubrimiento antiara\u00f1azos en la superficie<\/p>\n<\/li>\n<li data-start=\"1805\" data-end=\"1848\">\n<p data-start=\"1807\" data-end=\"1848\">Capa superior hidrof\u00f3bica para facilitar la limpieza<\/p>\n<\/li>\n<li data-start=\"1849\" data-end=\"1892\">\n<p data-start=\"1851\" data-end=\"1892\">Resistente a UV\/IR para una durabilidad prolongada<\/p>\n<\/li>\n<li data-start=\"1893\" data-end=\"1950\">\n<p data-start=\"1895\" data-end=\"1950\">Tecnolog\u00eda de color estable que previene la decoloraci\u00f3n y el amarillamiento<\/p>\n<\/li>\n<\/ul>\n<h2 data-start=\"1952\" data-end=\"1985\"><strong data-start=\"1955\" data-end=\"1985\">Instalaci\u00f3n y rendimiento<\/strong><\/h2>\n<ul data-start=\"1987\" data-end=\"2297\">\n<li data-start=\"1987\" data-end=\"2057\">\n<p data-start=\"1989\" data-end=\"2057\">TPU flexible para un ajuste suave en curvas y superficies complejas<\/p>\n<\/li>\n<li data-start=\"2058\" data-end=\"2114\">\n<p data-start=\"2060\" data-end=\"2114\">Adhesivo acr\u00edlico fuerte para una instalaci\u00f3n sin burbujas<\/p>\n<\/li>\n<li data-start=\"2115\" data-end=\"2179\">\n<p data-start=\"2117\" data-end=\"2179\">Adecuado para protecci\u00f3n de cuerpo completo o aplicaci\u00f3n parcial de PPF<\/p>\n<\/li>\n<li data-start=\"2180\" data-end=\"2222\">\n<p data-start=\"2182\" data-end=\"2222\">Compatible con pistolas de calor profesionales<\/p>\n<\/li>\n<li data-start=\"2223\" data-end=\"2297\">\n<p data-start=\"2225\" data-end=\"2297\">Dise\u00f1ado para instaladores comerciales que requieren un rendimiento fiable del film<\/p>\n<\/li>\n<\/ul>\n<h2 data-start=\"2299\" data-end=\"2318\"><strong data-start=\"2302\" data-end=\"2318\">Aplicaciones<\/strong><\/h2>\n<ul data-start=\"2320\" data-end=\"2549\">\n<li data-start=\"2320\" data-end=\"2363\">\n<p data-start=\"2322\" data-end=\"2363\">Cambio de color completo del coche + protecci\u00f3n<\/p>\n<\/li>\n<li data-start=\"2364\" data-end=\"2420\">\n<p data-start=\"2366\" data-end=\"2420\">PPF parcial (cap\u00f3, bordes de puertas, parachoques, tapas de espejos)<\/p>\n<\/li>\n<li data-start=\"2421\" data-end=\"2477\">\n<p data-start=\"2423\" data-end=\"2477\">Talleres de detailing automotriz y centros profesionales de envoltura<\/p>\n<\/li>\n<li data-start=\"2478\" data-end=\"2549\">\n<p data-start=\"2480\" data-end=\"2549\">Adecuado para sedanes, SUVs, camiones, autos deportivos y veh\u00edculos de lujo<\/p>\n<\/li>\n<\/ul>\n<h2 data-start=\"2551\" data-end=\"2602\"><strong data-start=\"2554\" data-end=\"2602\">\u00bfPor qu\u00e9 elegir nuestro Film de Protecci\u00f3n de Pintura P\u00farpura?<\/strong><\/h2>\n<p data-start=\"2604\" data-end=\"2889\">Nuestro P\u00farpura Venecia <strong data-start=\"2622\" data-end=\"2654\">Pel\u00edcula protectora de pintura morada<\/strong> combina material TPU de alta gama, brillo excepcional y durabilidad l\u00edder en la industria. Fabricantes, distribuidores e instaladores eligen este film por su rendimiento fiable, f\u00e1cil instalaci\u00f3n y satisfacci\u00f3n del cliente a largo plazo.<\/p>\n<h2 data-start=\"2891\" data-end=\"2914\"><strong data-start=\"2894\" data-end=\"2914\">Incluye el paquete<\/strong><\/h2>\n<ul data-start=\"2916\" data-end=\"3078\">\n<li data-start=\"2916\" data-end=\"2969\">\n<p data-start=\"2918\" data-end=\"2969\">1 Rollo de Film de Protecci\u00f3n de Pintura TPU P\u00farpura Venecia<\/p>\n<\/li>\n<li data-start=\"2970\" data-end=\"3017\">\n<p data-start=\"2972\" data-end=\"3017\">Grosor: 7.5\u20138.5mil (T\u00edpico para TPU PPF)<\/p>\n<\/li>\n<li data-start=\"3018\" data-end=\"3078\">\n<p data-start=\"3020\" data-end=\"3078\">Kits de herramientas de instalaci\u00f3n opcionales disponibles para pedidos al por mayor<\/p>\n<\/li>\n<\/ul>\n<p><img fetchpriority=\"high\" decoding=\"async\" class=\"alignnone wp-image-10065 size-full\" src=\"https:\/\/www.carliseppf.com\/wp-content\/uploads\/2025\/11\/H090e79a5d2e54f47b2b33a595d1029e4s.png_avifclosewebpclose.png\" alt=\"Film de Protecci\u00f3n de Pintura P\u00farpura - TPU Autocurativo PPF \" width=\"800\" height=\"800\" srcset=\"https:\/\/www.carliseppf.com\/wp-content\/uploads\/2025\/11\/H090e79a5d2e54f47b2b33a595d1029e4s.png_avifclosewebpclose.png 800w, https:\/\/www.carliseppf.com\/wp-content\/uploads\/2025\/11\/H090e79a5d2e54f47b2b33a595d1029e4s.png_avifclosewebpclose-300x300.png 300w, https:\/\/www.carliseppf.com\/wp-content\/uploads\/2025\/11\/H090e79a5d2e54f47b2b33a595d1029e4s.png_avifclosewebpclose-150x150.png 150w, https:\/\/www.carliseppf.com\/wp-content\/uploads\/2025\/11\/H090e79a5d2e54f47b2b33a595d1029e4s.png_avifclosewebpclose-768x768.png 768w, https:\/\/www.carliseppf.com\/wp-content\/uploads\/2025\/11\/H090e79a5d2e54f47b2b33a595d1029e4s.png_avifclosewebpclose-12x12.png 12w, https:\/\/www.carliseppf.com\/wp-content\/uploads\/2025\/11\/H090e79a5d2e54f47b2b33a595d1029e4s.png_avifclosewebpclose-370x370.png 370w, https:\/\/www.carliseppf.com\/wp-content\/uploads\/2025\/11\/H090e79a5d2e54f47b2b33a595d1029e4s.png_avifclosewebpclose-120x120.png 120w, https:\/\/www.carliseppf.com\/wp-content\/uploads\/2025\/11\/H090e79a5d2e54f47b2b33a595d1029e4s.png_avifclosewebpclose-410x410.png 410w, https:\/\/www.carliseppf.com\/wp-content\/uploads\/2025\/11\/H090e79a5d2e54f47b2b33a595d1029e4s.png_avifclosewebpclose-630x630.png 630w, https:\/\/www.carliseppf.com\/wp-content\/uploads\/2025\/11\/H090e79a5d2e54f47b2b33a595d1029e4s.png_avifclosewebpclose-730x730.png 730w, https:\/\/www.carliseppf.com\/wp-content\/uploads\/2025\/11\/H090e79a5d2e54f47b2b33a595d1029e4s.png_avifclosewebpclose-460x460.png 460w\" sizes=\"(max-width: 800px) 100vw, 800px\" \/><\/p>","protected":false},"excerpt":{"rendered":"<p>Premium <strong data-start=\"886\" data-end=\"918\">Pel\u00edcula protectora de pintura morada<\/strong> fabricada con TPU de alta calidad, que presenta auto-reparaci\u00f3n, recubrimiento antiara\u00f1azos, protecci\u00f3n UV\/IR y durabilidad de 5 a\u00f1os. Ideal para protecci\u00f3n de carrocer\u00eda, distribuidores, instaladores y pedidos al por mayor OEM.<\/p>","protected":false},"featured_media":10064,"comment_status":"open","ping_status":"closed","template":"","meta":[],"product_brand":[],"product_cat":[216],"product_tag":[],"class_list":{"0":"post-10061","1":"product","2":"type-product","3":"status-publish","4":"has-post-thumbnail","6":"product_cat-colored-ppf","8":"first","9":"instock","10":"shipping-taxable","11":"product-type-simple"},"_links":{"self":[{"href":"https:\/\/www.carliseppf.com\/es\/wp-json\/wp\/v2\/product\/10061","targetHints":{"allow":["GET"]}}],"collection":[{"href":"https:\/\/www.carliseppf.com\/es\/wp-json\/wp\/v2\/product"}],"about":[{"href":"https:\/\/www.carliseppf.com\/es\/wp-json\/wp\/v2\/types\/product"}],"replies":[{"embeddable":true,"href":"https:\/\/www.carliseppf.com\/es\/wp-json\/wp\/v2\/comments?post=10061"}],"wp:featuredmedia":[{"embeddable":true,"href":"https:\/\/www.carliseppf.com\/es\/wp-json\/wp\/v2\/media\/10064"}],"wp:attachment":[{"href":"https:\/\/www.carliseppf.com\/es\/wp-json\/wp\/v2\/media?parent=10061"}],"wp:term":[{"taxonomy":"product_brand","embeddable":true,"href":"https:\/\/www.carliseppf.com\/es\/wp-json\/wp\/v2\/product_brand?post=10061"},{"taxonomy":"product_cat","embeddable":true,"href":"https:\/\/www.carliseppf.com\/es\/wp-json\/wp\/v2\/product_cat?post=10061"},{"taxonomy":"product_tag","embeddable":true,"href":"https:\/\/www.carliseppf.com\/es\/wp-json\/wp\/v2\/product_tag?post=10061"}],"curies":[{"name":"wp","href":"https:\/\/api.w.org\/{rel}","templated":true}]}}