{"id":10084,"date":"2025-12-01T08:54:13","date_gmt":"2025-12-01T08:54:13","guid":{"rendered":"https:\/\/www.carliseppf.com\/?post_type=product&#038;p=10084"},"modified":"2025-12-03T11:04:22","modified_gmt":"2025-12-03T11:04:22","slug":"car-window-protective-shield-pink","status":"publish","type":"product","link":"https:\/\/www.carliseppf.com\/es\/product\/car-window-protective-shield-pink\/","title":{"rendered":"Pantalla protectora de pel\u00edcula de protecci\u00f3n de pintura de PVC rosa con protecci\u00f3n reflectante de arco\u00edris de siete colores para ventanas de coche, con funci\u00f3n antiara\u00f1azos en el cuerpo"},"content":{"rendered":"<h2 data-start=\"878\" data-end=\"901\"><strong data-start=\"881\" data-end=\"901\">Resumen del Producto<\/strong><\/h2>\n<p data-start=\"903\" data-end=\"1223\">Este <strong data-start=\"908\" data-end=\"945\">Escudo protector de ventana de coche rosa<\/strong> el film combina la durabilidad del PET con un acabado reflectante de arco\u00edris de siete colores vivos. Su capa de protecci\u00f3n de pintura de PVC mejora la resistencia de la superficie y a\u00f1ade un tono rosa \u00fanico a las ventanas y paneles del coche. Dise\u00f1ado para instaladores que buscan protecci\u00f3n decorativa y reducci\u00f3n de calor.<\/p>\n<h2 data-start=\"1225\" data-end=\"1255\"><strong data-start=\"1228\" data-end=\"1255\">Caracter\u00edsticas y beneficios clave<\/strong><\/h2>\n<ul data-start=\"1257\" data-end=\"1645\">\n<li data-start=\"1257\" data-end=\"1337\">\n<p data-start=\"1259\" data-end=\"1337\">Premium <strong data-start=\"1267\" data-end=\"1304\">Escudo protector de ventana de coche rosa<\/strong> con efecto reflectante de arco\u00edris<\/p>\n<\/li>\n<li data-start=\"1338\" data-end=\"1380\">\n<p data-start=\"1340\" data-end=\"1380\">capa base de PET para una durabilidad superior<\/p>\n<\/li>\n<li data-start=\"1381\" data-end=\"1420\">\n<p data-start=\"1383\" data-end=\"1420\">Recubrimiento protector de PVC antiara\u00f1azos<\/p>\n<\/li>\n<li data-start=\"1421\" data-end=\"1471\">\n<p data-start=\"1423\" data-end=\"1471\">capacidad de bloqueo UV para protecci\u00f3n interior<\/p>\n<\/li>\n<li data-start=\"1472\" data-end=\"1527\">\n<p data-start=\"1474\" data-end=\"1527\">Apariencia rosa elegante con reflexi\u00f3n multicolor<\/p>\n<\/li>\n<li data-start=\"1528\" data-end=\"1599\">\n<p data-start=\"1530\" data-end=\"1599\">Adecuado para ventanas de coche, acentos en el cuerpo y aplicaciones decorativas<\/p>\n<\/li>\n<li data-start=\"1600\" data-end=\"1645\">\n<p data-start=\"1602\" data-end=\"1645\">F\u00e1cil de instalar con adhesivo de liberaci\u00f3n de aire<\/p>\n<\/li>\n<\/ul>\n<h2 data-start=\"1647\" data-end=\"1672\"><strong data-start=\"1650\" data-end=\"1672\">Material y Calidad<\/strong><\/h2>\n<ul data-start=\"1674\" data-end=\"1904\">\n<li data-start=\"1674\" data-end=\"1704\">\n<p data-start=\"1676\" data-end=\"1704\">Sustrato de PET de alta calidad<\/p>\n<\/li>\n<li data-start=\"1705\" data-end=\"1752\">\n<p data-start=\"1707\" data-end=\"1752\">Recubrimiento superior de PVC rosa para mayor resistencia<\/p>\n<\/li>\n<li data-start=\"1753\" data-end=\"1802\">\n<p data-start=\"1755\" data-end=\"1802\">Superficie resistente a ara\u00f1azos y productos qu\u00edmicos<\/p>\n<\/li>\n<li data-start=\"1803\" data-end=\"1848\">\n<p data-start=\"1805\" data-end=\"1848\">Adhesi\u00f3n fuerte para uso exterior a largo plazo<\/p>\n<\/li>\n<li data-start=\"1849\" data-end=\"1904\">\n<p data-start=\"1851\" data-end=\"1904\">Colores resistentes a la decoloraci\u00f3n con efecto de reflexi\u00f3n estable<\/p>\n<\/li>\n<\/ul>\n<h2 data-start=\"1906\" data-end=\"1941\"><strong data-start=\"1909\" data-end=\"1941\">Instalaci\u00f3n y personalizaci\u00f3n<\/strong><\/h2>\n<ul data-start=\"1943\" data-end=\"2159\">\n<li data-start=\"1943\" data-end=\"1996\">\n<p data-start=\"1945\" data-end=\"1996\">Canales de liberaci\u00f3n de aire para una instalaci\u00f3n sin burbujas<\/p>\n<\/li>\n<li data-start=\"1997\" data-end=\"2052\">\n<p data-start=\"1999\" data-end=\"2052\">Material formable por calor adecuado para superficies curvas<\/p>\n<\/li>\n<li data-start=\"2053\" data-end=\"2091\">\n<p data-start=\"2055\" data-end=\"2091\">Disponible en rollos para pedidos al por mayor<\/p>\n<\/li>\n<li data-start=\"2092\" data-end=\"2159\">\n<p data-start=\"2094\" data-end=\"2159\">Personalizaci\u00f3n OEM disponible para tama\u00f1o, tono de color y embalaje<\/p>\n<\/li>\n<\/ul>\n<h2 data-start=\"2161\" data-end=\"2180\"><strong data-start=\"2164\" data-end=\"2180\">Aplicaciones<\/strong><\/h2>\n<ul data-start=\"2182\" data-end=\"2370\">\n<li data-start=\"2182\" data-end=\"2222\">\n<p data-start=\"2184\" data-end=\"2222\">Decoraci\u00f3n y protecci\u00f3n de ventanas de coche<\/p>\n<\/li>\n<li data-start=\"2223\" data-end=\"2270\">\n<p data-start=\"2225\" data-end=\"2270\">Envoltorio parcial del cuerpo ( pilares, espejos, molduras)<\/p>\n<\/li>\n<li data-start=\"2271\" data-end=\"2303\">\n<p data-start=\"2273\" data-end=\"2303\">Mejora en el estilo interior<\/p>\n<\/li>\n<li data-start=\"2304\" data-end=\"2370\">\n<p data-start=\"2306\" data-end=\"2370\">Adecuado para sedanes, SUV, motocicletas y veh\u00edculos de estilo de vida<\/p>\n<\/li>\n<\/ul>\n<h2 data-start=\"2372\" data-end=\"2403\"><strong data-start=\"2375\" data-end=\"2403\">\u00bfPor qu\u00e9 elegir este producto?<\/strong><\/h2>\n<p data-start=\"2405\" data-end=\"2679\">Este <strong data-start=\"2410\" data-end=\"2447\">Escudo protector de ventana de coche rosa<\/strong> la pel\u00edcula combina atractivo decorativo con resistencia protectora. Su acabado reflectante arco\u00edris hace que los veh\u00edculos destaquen mientras protegen el vidrio y la pintura de ara\u00f1azos y exposici\u00f3n solar\u2014ideal para distribuidores, talleres de detailing y instaladores.<\/p>\n<h2 data-start=\"2681\" data-end=\"2704\"><strong data-start=\"2684\" data-end=\"2704\">Incluye el paquete<\/strong><\/h2>\n<ul data-start=\"2706\" data-end=\"2834\">\n<li data-start=\"2706\" data-end=\"2781\">\n<p data-start=\"2708\" data-end=\"2781\">1 Rollo de pel\u00edcula protectora reflectante de PET rosa para ventanas de coche<\/p>\n<\/li>\n<li data-start=\"2782\" data-end=\"2834\">\n<p data-start=\"2784\" data-end=\"2834\">Kit de herramientas de instalaci\u00f3n opcional para compras al por mayor<\/p>\n<\/li>\n<\/ul>\n<p><iframe title=\"e70f7ffda7839d5ca0a39ce0635a9a5f raw\" width=\"1260\" height=\"709\" src=\"https:\/\/www.youtube.com\/embed\/2qLp3wbKQCs?feature=oembed\" frameborder=\"0\" allow=\"accelerometer; autoplay; clipboard-write; encrypted-media; gyroscope; picture-in-picture; web-share\" referrerpolicy=\"strict-origin-when-cross-origin\" allowfullscreen><\/iframe><\/p>","protected":false},"excerpt":{"rendered":"<p>Product Overview This Car Window Protective Shield Pink film combines PET durability with a vivid seven-color rainbow reflective finish. Its PVC paint protection layer enhances surface resistance while adding a&hellip;<\/p>","protected":false},"featured_media":10086,"comment_status":"open","ping_status":"closed","template":"","meta":[],"product_brand":[],"product_cat":[216],"product_tag":[],"class_list":{"0":"post-10084","1":"product","2":"type-product","3":"status-publish","4":"has-post-thumbnail","6":"product_cat-colored-ppf","8":"first","9":"instock","10":"shipping-taxable","11":"product-type-simple"},"_links":{"self":[{"href":"https:\/\/www.carliseppf.com\/es\/wp-json\/wp\/v2\/product\/10084","targetHints":{"allow":["GET"]}}],"collection":[{"href":"https:\/\/www.carliseppf.com\/es\/wp-json\/wp\/v2\/product"}],"about":[{"href":"https:\/\/www.carliseppf.com\/es\/wp-json\/wp\/v2\/types\/product"}],"replies":[{"embeddable":true,"href":"https:\/\/www.carliseppf.com\/es\/wp-json\/wp\/v2\/comments?post=10084"}],"wp:featuredmedia":[{"embeddable":true,"href":"https:\/\/www.carliseppf.com\/es\/wp-json\/wp\/v2\/media\/10086"}],"wp:attachment":[{"href":"https:\/\/www.carliseppf.com\/es\/wp-json\/wp\/v2\/media?parent=10084"}],"wp:term":[{"taxonomy":"product_brand","embeddable":true,"href":"https:\/\/www.carliseppf.com\/es\/wp-json\/wp\/v2\/product_brand?post=10084"},{"taxonomy":"product_cat","embeddable":true,"href":"https:\/\/www.carliseppf.com\/es\/wp-json\/wp\/v2\/product_cat?post=10084"},{"taxonomy":"product_tag","embeddable":true,"href":"https:\/\/www.carliseppf.com\/es\/wp-json\/wp\/v2\/product_tag?post=10084"}],"curies":[{"name":"wp","href":"https:\/\/api.w.org\/{rel}","templated":true}]}}