{"id":10091,"date":"2025-12-02T07:12:03","date_gmt":"2025-12-02T07:12:03","guid":{"rendered":"https:\/\/www.carliseppf.com\/?post_type=product&#038;p=10091"},"modified":"2025-12-03T11:11:26","modified_gmt":"2025-12-03T11:11:26","slug":"colored-ppf-film-mimosa-red","status":"publish","type":"product","link":"https:\/\/www.carliseppf.com\/es\/product\/colored-ppf-film-mimosa-red\/","title":{"rendered":"Pegatinas de vinilo TPU de color cambiante con funci\u00f3n de cambio de color brillante, 1.52*15m, protecci\u00f3n del cuerpo, garant\u00eda de 5 a\u00f1os, MIMOSA ROJA Directa de f\u00e1brica"},"content":{"rendered":"<h2 data-start=\"854\" data-end=\"877\"><strong data-start=\"857\" data-end=\"877\">Resumen del Producto<\/strong><\/h2>\n<p data-start=\"879\" data-end=\"1190\">Este Rojo Mimosa <strong data-start=\"895\" data-end=\"915\">pel\u00edcula PPF de color<\/strong> est\u00e1 dise\u00f1ado con material TPU y pensado para ofrecer una est\u00e9tica de cambio de color avanzada, adem\u00e1s de proporcionar protecci\u00f3n duradera para la pintura del veh\u00edculo. Su acabado brillante y vibrante mejora la apariencia del veh\u00edculo y protege la carrocer\u00eda de ara\u00f1azos, piedras y exposici\u00f3n a los rayos UV.<\/p>\n<h2 data-start=\"1192\" data-end=\"1218\"><strong data-start=\"1195\" data-end=\"1218\">Caracter\u00edsticas y Beneficios<\/strong><\/h2>\n<ul data-start=\"1220\" data-end=\"1571\">\n<li data-start=\"1220\" data-end=\"1282\">\n<p data-start=\"1222\" data-end=\"1282\">Rojo Mimosa Premium <strong data-start=\"1241\" data-end=\"1261\">pel\u00edcula PPF de color<\/strong> con acabado brillante<\/p>\n<\/li>\n<li data-start=\"1283\" data-end=\"1350\">\n<p data-start=\"1285\" data-end=\"1350\">Material TPU con tecnolog\u00eda de auto-reparaci\u00f3n y antiara\u00f1azos<\/p>\n<\/li>\n<li data-start=\"1351\" data-end=\"1414\">\n<p data-start=\"1353\" data-end=\"1414\">El efecto de cambio de color mejora el estilo y la visibilidad del veh\u00edculo<\/p>\n<\/li>\n<li data-start=\"1415\" data-end=\"1467\">\n<p data-start=\"1417\" data-end=\"1467\">Resistente a los rayos UV, manchas y no amarillea<\/p>\n<\/li>\n<li data-start=\"1468\" data-end=\"1518\">\n<p data-start=\"1470\" data-end=\"1518\">Adecuado para instalaci\u00f3n en toda la carrocer\u00eda o parcialmente<\/p>\n<\/li>\n<li data-start=\"1519\" data-end=\"1571\">\n<p data-start=\"1521\" data-end=\"1571\">Soporta <strong data-start=\"1530\" data-end=\"1545\">pedidos al por mayor<\/strong> y <strong data-start=\"1550\" data-end=\"1571\">personalizaci\u00f3n OEM<\/strong><\/p>\n<\/li>\n<\/ul>\n<h2 data-start=\"1573\" data-end=\"1602\"><strong data-start=\"1576\" data-end=\"1602\">Material y Rendimiento<\/strong><\/h2>\n<ul data-start=\"1604\" data-end=\"1811\">\n<li data-start=\"1604\" data-end=\"1657\">\n<p data-start=\"1606\" data-end=\"1657\">TPU avanzado con alta elasticidad y auto-reparaci\u00f3n<\/p>\n<\/li>\n<li data-start=\"1658\" data-end=\"1720\">\n<p data-start=\"1660\" data-end=\"1720\">Resistente al desgaste diario, impactos y abrasiones superficiales<\/p>\n<\/li>\n<li data-start=\"1721\" data-end=\"1762\">\n<p data-start=\"1723\" data-end=\"1762\">Mantiene el brillo y la claridad a largo plazo<\/p>\n<\/li>\n<li data-start=\"1763\" data-end=\"1811\">\n<p data-start=\"1765\" data-end=\"1811\">Capacidad de conformado por calor para curvas y bordes<\/p>\n<\/li>\n<\/ul>\n<h2 data-start=\"1813\" data-end=\"1848\"><strong data-start=\"1816\" data-end=\"1848\">Instalaci\u00f3n y personalizaci\u00f3n<\/strong><\/h2>\n<ul data-start=\"1850\" data-end=\"2059\">\n<li data-start=\"1850\" data-end=\"1911\">\n<p data-start=\"1852\" data-end=\"1911\">Adhesivo con liberaci\u00f3n de aire para una instalaci\u00f3n suave y sin burbujas<\/p>\n<\/li>\n<li data-start=\"1912\" data-end=\"1970\">\n<p data-start=\"1914\" data-end=\"1970\">Ideal para instaladores profesionales y estudios de envoltura de veh\u00edculos<\/p>\n<\/li>\n<li data-start=\"1971\" data-end=\"2016\">\n<p data-start=\"1973\" data-end=\"2016\">Tama\u00f1os y grosores personalizados disponibles<\/p>\n<\/li>\n<li data-start=\"2017\" data-end=\"2059\">\n<p data-start=\"2019\" data-end=\"2059\">Precios directos de f\u00e1brica para mayoristas<\/p>\n<\/li>\n<\/ul>\n<h2 data-start=\"2061\" data-end=\"2080\"><strong data-start=\"2064\" data-end=\"2080\">Aplicaciones<\/strong><\/h2>\n<ul data-start=\"2082\" data-end=\"2230\">\n<li data-start=\"2082\" data-end=\"2114\">\n<p data-start=\"2084\" data-end=\"2114\">Protecci\u00f3n completa del carro<\/p>\n<\/li>\n<li data-start=\"2115\" data-end=\"2167\">\n<p data-start=\"2117\" data-end=\"2167\">Instalaci\u00f3n parcial: cap\u00f3, techo, espejos, puertas<\/p>\n<\/li>\n<li data-start=\"2168\" data-end=\"2230\">\n<p data-start=\"2170\" data-end=\"2230\">Adecuado para coches, SUV, veh\u00edculos de alto rendimiento, motocicletas<\/p>\n<\/li>\n<\/ul>\n<h2 data-start=\"2232\" data-end=\"2253\"><strong data-start=\"2235\" data-end=\"2253\">Ventajas clave<\/strong><\/h2>\n<ul data-start=\"2255\" data-end=\"2493\">\n<li data-start=\"2255\" data-end=\"2298\">\n<p data-start=\"2257\" data-end=\"2298\">Apariencia de alto impacto con acabado Gloss Mimosa Red<\/p>\n<\/li>\n<li data-start=\"2299\" data-end=\"2370\">\n<p data-start=\"2301\" data-end=\"2370\">Duradero <strong data-start=\"2309\" data-end=\"2329\">pel\u00edcula PPF de color<\/strong> apto tanto para venta minorista como mayorista<\/p>\n<\/li>\n<li data-start=\"2371\" data-end=\"2424\">\n<p data-start=\"2373\" data-end=\"2424\">Garant\u00eda de 5 a\u00f1os en durabilidad y estabilidad del color<\/p>\n<\/li>\n<li data-start=\"2425\" data-end=\"2493\">\n<p data-start=\"2427\" data-end=\"2493\">Dise\u00f1ado para protecci\u00f3n premium del veh\u00edculo y mejora visual<\/p>\n<\/li>\n<\/ul>\n<h2 data-start=\"2495\" data-end=\"2518\"><strong data-start=\"2498\" data-end=\"2518\">Incluye el paquete<\/strong><\/h2>\n<ul data-start=\"2520\" data-end=\"2639\">\n<li data-start=\"2520\" data-end=\"2582\">\n<p data-start=\"2522\" data-end=\"2582\">1 Rollo de Gloss Mimosa Red <strong data-start=\"2546\" data-end=\"2566\">pel\u00edcula PPF de color<\/strong> (1.52m \u00d7 15m)<\/p>\n<\/li>\n<li data-start=\"2583\" data-end=\"2639\">\n<p data-start=\"2585\" data-end=\"2639\">Kit de herramientas de instalaci\u00f3n opcional (disponible bajo solicitud)<\/p>\n<\/li>\n<\/ul>\n<h2 data-start=\"2641\" data-end=\"2672\"><strong data-start=\"2644\" data-end=\"2672\">\u00bfPor qu\u00e9 elegir este producto?<\/strong><\/h2>\n<p data-start=\"2674\" data-end=\"2996\">Este Rojo Mimosa <strong data-start=\"2690\" data-end=\"2710\">pel\u00edcula PPF de color<\/strong> combina protecci\u00f3n superior de TPU con un acabado de cambio de color llamativo, haciendo que sea ideal para propietarios de coches que buscan est\u00e9tica y durabilidad. Con fabricaci\u00f3n directa en f\u00e1brica, suministro r\u00e1pido y opciones de personalizaci\u00f3n, es perfecto para negocios de envoltura de coches y distribuidores internacionales.<\/p>\n<p><img fetchpriority=\"high\" decoding=\"async\" class=\"aligncenter wp-image-10097 size-full\" src=\"https:\/\/www.carliseppf.com\/wp-content\/uploads\/2025\/12\/Hee828b3e9567443997268ff060cc3c58l.jpg_avifclosewebpclose.png\" alt=\"rollo de pel\u00edcula PPF de color Mimosa Red\" width=\"1004\" height=\"1004\" srcset=\"https:\/\/www.carliseppf.com\/wp-content\/uploads\/2025\/12\/Hee828b3e9567443997268ff060cc3c58l.jpg_avifclosewebpclose.png 1004w, https:\/\/www.carliseppf.com\/wp-content\/uploads\/2025\/12\/Hee828b3e9567443997268ff060cc3c58l.jpg_avifclosewebpclose-300x300.png 300w, https:\/\/www.carliseppf.com\/wp-content\/uploads\/2025\/12\/Hee828b3e9567443997268ff060cc3c58l.jpg_avifclosewebpclose-150x150.png 150w, https:\/\/www.carliseppf.com\/wp-content\/uploads\/2025\/12\/Hee828b3e9567443997268ff060cc3c58l.jpg_avifclosewebpclose-768x768.png 768w, https:\/\/www.carliseppf.com\/wp-content\/uploads\/2025\/12\/Hee828b3e9567443997268ff060cc3c58l.jpg_avifclosewebpclose-12x12.png 12w, https:\/\/www.carliseppf.com\/wp-content\/uploads\/2025\/12\/Hee828b3e9567443997268ff060cc3c58l.jpg_avifclosewebpclose-370x370.png 370w, https:\/\/www.carliseppf.com\/wp-content\/uploads\/2025\/12\/Hee828b3e9567443997268ff060cc3c58l.jpg_avifclosewebpclose-120x120.png 120w, https:\/\/www.carliseppf.com\/wp-content\/uploads\/2025\/12\/Hee828b3e9567443997268ff060cc3c58l.jpg_avifclosewebpclose-840x840.png 840w, https:\/\/www.carliseppf.com\/wp-content\/uploads\/2025\/12\/Hee828b3e9567443997268ff060cc3c58l.jpg_avifclosewebpclose-410x410.png 410w, https:\/\/www.carliseppf.com\/wp-content\/uploads\/2025\/12\/Hee828b3e9567443997268ff060cc3c58l.jpg_avifclosewebpclose-630x630.png 630w, https:\/\/www.carliseppf.com\/wp-content\/uploads\/2025\/12\/Hee828b3e9567443997268ff060cc3c58l.jpg_avifclosewebpclose-730x730.png 730w, https:\/\/www.carliseppf.com\/wp-content\/uploads\/2025\/12\/Hee828b3e9567443997268ff060cc3c58l.jpg_avifclosewebpclose-460x460.png 460w\" sizes=\"(max-width: 1004px) 100vw, 1004px\" \/><\/p>\n<p><iframe title=\"e70f7ffda7839d5ca0a39ce0635a9a5f raw\" width=\"1260\" height=\"709\" src=\"https:\/\/www.youtube.com\/embed\/2qLp3wbKQCs?feature=oembed\" frameborder=\"0\" allow=\"accelerometer; autoplay; clipboard-write; encrypted-media; gyroscope; picture-in-picture; web-share\" referrerpolicy=\"strict-origin-when-cross-origin\" allowfullscreen><\/iframe><\/p>","protected":false},"excerpt":{"rendered":"<p>Alta calidad <strong data-start=\"570\" data-end=\"590\">pel\u00edcula PPF de color<\/strong> en Rojo Mimosa, fabricada con TPU duradero y un acabado brillante que cambia de color. Ofrece protecci\u00f3n de auto-reparaci\u00f3n, antiara\u00f1azos y resistente a los rayos UV. Suministro directo de f\u00e1brica con personalizaci\u00f3n completa y garant\u00eda de 5 a\u00f1os, ideal para instaladores y mayoristas.<\/p>","protected":false},"featured_media":10095,"comment_status":"open","ping_status":"closed","template":"","meta":[],"product_brand":[],"product_cat":[216],"product_tag":[],"class_list":{"0":"post-10091","1":"product","2":"type-product","3":"status-publish","4":"has-post-thumbnail","6":"product_cat-colored-ppf","8":"first","9":"instock","10":"shipping-taxable","11":"product-type-simple"},"_links":{"self":[{"href":"https:\/\/www.carliseppf.com\/es\/wp-json\/wp\/v2\/product\/10091","targetHints":{"allow":["GET"]}}],"collection":[{"href":"https:\/\/www.carliseppf.com\/es\/wp-json\/wp\/v2\/product"}],"about":[{"href":"https:\/\/www.carliseppf.com\/es\/wp-json\/wp\/v2\/types\/product"}],"replies":[{"embeddable":true,"href":"https:\/\/www.carliseppf.com\/es\/wp-json\/wp\/v2\/comments?post=10091"}],"wp:featuredmedia":[{"embeddable":true,"href":"https:\/\/www.carliseppf.com\/es\/wp-json\/wp\/v2\/media\/10095"}],"wp:attachment":[{"href":"https:\/\/www.carliseppf.com\/es\/wp-json\/wp\/v2\/media?parent=10091"}],"wp:term":[{"taxonomy":"product_brand","embeddable":true,"href":"https:\/\/www.carliseppf.com\/es\/wp-json\/wp\/v2\/product_brand?post=10091"},{"taxonomy":"product_cat","embeddable":true,"href":"https:\/\/www.carliseppf.com\/es\/wp-json\/wp\/v2\/product_cat?post=10091"},{"taxonomy":"product_tag","embeddable":true,"href":"https:\/\/www.carliseppf.com\/es\/wp-json\/wp\/v2\/product_tag?post=10091"}],"curies":[{"name":"wp","href":"https:\/\/api.w.org\/{rel}","templated":true}]}}