{"id":9223,"date":"2025-10-28T03:11:18","date_gmt":"2025-10-28T03:11:18","guid":{"rendered":"https:\/\/www.carliseppf.com\/?post_type=product&#038;p=9223"},"modified":"2025-11-20T11:17:26","modified_gmt":"2025-11-20T11:17:26","slug":"ppf-wrap-for-car-american-tpu-matte","status":"publish","type":"product","link":"https:\/\/www.carliseppf.com\/es\/product\/ppf-wrap-for-car-american-tpu-matte\/","title":{"rendered":"Pel\u00edcula TPU de auto-reparaci\u00f3n americana \u2013 Envoltorio de coche mate, protecci\u00f3n de 10 a\u00f1os"},"content":{"rendered":"<h2 data-start=\"670\" data-end=\"691\">Resumen del Producto<\/h2>\n<p data-start=\"692\" data-end=\"1119\">Este <strong data-start=\"697\" data-end=\"717\">envoltura ppf para coche<\/strong> est\u00e1 fabricado con TPU espa\u00f1ol de alta calidad, ofreciendo autorreparaci\u00f3n y acabado mate para una protecci\u00f3n superior de la pintura. Con una garant\u00eda de 10 a\u00f1os, proporciona una defensa confiable contra ara\u00f1azos, impactos menores y da\u00f1os por UV. Perfecto para envolturas completas o parciales en coches, motocicletas, cap\u00f3s, espejos y paneles decorativos. El suministro directo de f\u00e1brica asegura pedidos al por mayor y tama\u00f1os personalizados para instaladores profesionales.<\/p>\n<h2 style=\"color: #ffffff; font-family: Manrope, sans-serif; font-size: 47.005px; font-weight: 600; font-style: normal; line-height: 47.9921px; text-decoration: none; text-transform: none; letter-spacing: normal; margin-top: 31.4934px; margin-bottom: 22.5624px; outline: 0px;\" data-start=\"2085\" data-end=\"2104\"><img fetchpriority=\"high\" decoding=\"async\" class=\"alignnone wp-image-9225 size-full\" style=\"color: #c0c0c1; font-size: 17px; font-weight: 400;\" src=\"https:\/\/www.carliseppf.com\/wp-content\/uploads\/2025\/10\/1947d55c4258ffa0e338a56de4d0540f.png\" alt=\"envoltura ppf para coche\" width=\"800\" height=\"800\" srcset=\"https:\/\/www.carliseppf.com\/wp-content\/uploads\/2025\/10\/1947d55c4258ffa0e338a56de4d0540f.png 800w, https:\/\/www.carliseppf.com\/wp-content\/uploads\/2025\/10\/1947d55c4258ffa0e338a56de4d0540f-300x300.png 300w, https:\/\/www.carliseppf.com\/wp-content\/uploads\/2025\/10\/1947d55c4258ffa0e338a56de4d0540f-150x150.png 150w, https:\/\/www.carliseppf.com\/wp-content\/uploads\/2025\/10\/1947d55c4258ffa0e338a56de4d0540f-768x768.png 768w, https:\/\/www.carliseppf.com\/wp-content\/uploads\/2025\/10\/1947d55c4258ffa0e338a56de4d0540f-370x370.png 370w, https:\/\/www.carliseppf.com\/wp-content\/uploads\/2025\/10\/1947d55c4258ffa0e338a56de4d0540f-120x120.png 120w, https:\/\/www.carliseppf.com\/wp-content\/uploads\/2025\/10\/1947d55c4258ffa0e338a56de4d0540f-410x410.png 410w, https:\/\/www.carliseppf.com\/wp-content\/uploads\/2025\/10\/1947d55c4258ffa0e338a56de4d0540f-630x630.png 630w, https:\/\/www.carliseppf.com\/wp-content\/uploads\/2025\/10\/1947d55c4258ffa0e338a56de4d0540f-730x730.png 730w, https:\/\/www.carliseppf.com\/wp-content\/uploads\/2025\/10\/1947d55c4258ffa0e338a56de4d0540f-460x460.png 460w\" sizes=\"(max-width: 800px) 100vw, 800px\" \/><\/h2>\n<h2 data-start=\"1121\" data-end=\"1143\">Dise\u00f1o y caracter\u00edsticas<\/h2>\n<ul data-start=\"1144\" data-end=\"1439\">\n<li data-start=\"1144\" data-end=\"1216\">\n<p data-start=\"1146\" data-end=\"1216\">TPU espa\u00f1ol con acabado mate para premium <strong data-start=\"1189\" data-end=\"1209\">envoltura ppf para coche<\/strong> y elegante<\/p>\n<\/li>\n<li data-start=\"1217\" data-end=\"1261\">\n<p data-start=\"1219\" data-end=\"1261\">Tecnolog\u00eda de auto-reparaci\u00f3n y anti-rayaduras<\/p>\n<\/li>\n<li data-start=\"1262\" data-end=\"1302\">\n<p data-start=\"1264\" data-end=\"1302\">Flexible, duradero y f\u00e1cil de aplicar<\/p>\n<\/li>\n<li data-start=\"1303\" data-end=\"1358\">\n<p data-start=\"1305\" data-end=\"1358\">Compatible con herramientas profesionales de instalaci\u00f3n de PPF<\/p>\n<\/li>\n<li data-start=\"1359\" data-end=\"1439\">\n<p data-start=\"1361\" data-end=\"1439\">Ideal para cobertura completa o parcial del veh\u00edculo, pedidos al por mayor y proyectos personalizados<\/p>\n<\/li>\n<\/ul>\n<h2 data-start=\"1441\" data-end=\"1467\">Material de alta calidad<\/h2>\n<ul data-start=\"1468\" data-end=\"1628\">\n<li data-start=\"1468\" data-end=\"1500\">\n<p data-start=\"1470\" data-end=\"1500\">Vinilo automotriz TPU de alta calidad<\/p>\n<\/li>\n<li data-start=\"1501\" data-end=\"1549\">\n<p data-start=\"1503\" data-end=\"1549\">Resistente a UV, impermeable, seguro para pintura OEM<\/p>\n<\/li>\n<li data-start=\"1550\" data-end=\"1597\">\n<p data-start=\"1552\" data-end=\"1597\">Rendimiento duradero en exteriores (10 a\u00f1os)<\/p>\n<\/li>\n<li data-start=\"1598\" data-end=\"1628\">\n<p data-start=\"1600\" data-end=\"1628\">F\u00e1cil de limpiar y mantener<\/p>\n<\/li>\n<\/ul>\n<h2 data-start=\"1630\" data-end=\"1668\">F\u00e1cil instalaci\u00f3n y personalizaci\u00f3n<\/h2>\n<ul data-start=\"1669\" data-end=\"1880\">\n<li data-start=\"1669\" data-end=\"1721\">\n<p data-start=\"1671\" data-end=\"1721\">Adhesivo con liberaci\u00f3n de aire para una aplicaci\u00f3n sin burbujas<\/p>\n<\/li>\n<li data-start=\"1722\" data-end=\"1773\">\n<p data-start=\"1724\" data-end=\"1773\">Flexible y termoformable para curvas y bordes<\/p>\n<\/li>\n<li data-start=\"1774\" data-end=\"1825\">\n<p data-start=\"1776\" data-end=\"1825\">Rollos personalizables para pedidos al por mayor o en volumen<\/p>\n<\/li>\n<li data-start=\"1826\" data-end=\"1880\">\n<p data-start=\"1828\" data-end=\"1880\">Apto para instaladores profesionales y usuarios de bricolaje<\/p>\n<\/li>\n<\/ul>\n<h2 data-start=\"1882\" data-end=\"1899\">Aplicaciones<\/h2>\n<ul data-start=\"1900\" data-end=\"2083\">\n<li data-start=\"1900\" data-end=\"1947\">\n<p data-start=\"1902\" data-end=\"1947\">Envolturas completas de veh\u00edculos: coches, SUVs, motocicletas<\/p>\n<\/li>\n<li data-start=\"1948\" data-end=\"1998\">\n<p data-start=\"1950\" data-end=\"1998\">Envoltorios parciales: cap\u00f3s, techos, espejos, spoilers<\/p>\n<\/li>\n<li data-start=\"1999\" data-end=\"2039\">\n<p data-start=\"2001\" data-end=\"2039\">Ajustes interiores y paneles decorativos<\/p>\n<\/li>\n<li data-start=\"2040\" data-end=\"2083\">\n<p data-start=\"2042\" data-end=\"2083\">Ideal para <strong data-start=\"2052\" data-end=\"2072\">envoltura ppf para coche<\/strong> proyectos<\/p>\n<\/li>\n<\/ul>\n<h2 data-start=\"2085\" data-end=\"2104\">Ventajas clave<\/h2>\n<ul data-start=\"2105\" data-end=\"2392\">\n<li data-start=\"2105\" data-end=\"2145\">\n<p data-start=\"2107\" data-end=\"2145\">Premium <strong data-start=\"2115\" data-end=\"2135\">envoltura ppf para coche<\/strong> calidad<\/p>\n<\/li>\n<li data-start=\"2146\" data-end=\"2211\">\n<p data-start=\"2148\" data-end=\"2211\">Autorreparaci\u00f3n, antiara\u00f1azos y protecci\u00f3n mate duradera<\/p>\n<\/li>\n<li data-start=\"2212\" data-end=\"2266\">\n<p data-start=\"2214\" data-end=\"2266\">Directo de f\u00e1brica, completamente personalizable para pedidos al por mayor<\/p>\n<\/li>\n<li data-start=\"2267\" data-end=\"2330\">\n<p data-start=\"2269\" data-end=\"2330\">F\u00e1cil instalaci\u00f3n para usuarios de bricolaje e instaladores profesionales<\/p>\n<\/li>\n<li data-start=\"2331\" data-end=\"2392\">\n<p data-start=\"2333\" data-end=\"2392\">Perfecto para talleres automotrices, instaladores y entusiastas<\/p>\n<\/li>\n<\/ul>\n<h2 data-start=\"2394\" data-end=\"2415\">Incluye el paquete<\/h2>\n<ul data-start=\"2416\" data-end=\"2526\">\n<li data-start=\"2416\" data-end=\"2457\">\n<p data-start=\"2418\" data-end=\"2457\">1 Rollo de pel\u00edcula TPU mate espa\u00f1ola para PPF<\/p>\n<\/li>\n<li data-start=\"2458\" data-end=\"2526\">\n<p data-start=\"2460\" data-end=\"2526\">Kit de instalaci\u00f3n opcional: esp\u00e1tula, cuchilla, pa\u00f1o de microfibra<\/p>\n<\/li>\n<\/ul>\n<h2 data-start=\"2528\" data-end=\"2557\">\u00bfPor qu\u00e9 elegir este producto?<\/h2>\n<p data-start=\"2558\" data-end=\"2819\">Este directo de f\u00e1brica <strong data-start=\"2578\" data-end=\"2598\">envoltura ppf para coche<\/strong> ofrece protecci\u00f3n de grado profesional, acabado mate y durabilidad de 10 a\u00f1os. Completamente personalizable para pedidos al por mayor o individuales, ideal para instaladores, mayoristas y negocios que ofrecen soluciones de protecci\u00f3n de pintura premium.<\/p>\n<p>\u00a0<img decoding=\"async\" class=\"alignnone wp-image-9226 size-full\" src=\"https:\/\/www.carliseppf.com\/wp-content\/uploads\/2025\/10\/a61982fcbcae63c8afe5e68eb1a17615.png\" alt=\"Envoltura de PPF para coche \u2013 TPU espa\u00f1ol autorreparable con acabado mate para envoltura completa del coche\" width=\"800\" height=\"800\" srcset=\"https:\/\/www.carliseppf.com\/wp-content\/uploads\/2025\/10\/a61982fcbcae63c8afe5e68eb1a17615.png 800w, https:\/\/www.carliseppf.com\/wp-content\/uploads\/2025\/10\/a61982fcbcae63c8afe5e68eb1a17615-300x300.png 300w, https:\/\/www.carliseppf.com\/wp-content\/uploads\/2025\/10\/a61982fcbcae63c8afe5e68eb1a17615-150x150.png 150w, https:\/\/www.carliseppf.com\/wp-content\/uploads\/2025\/10\/a61982fcbcae63c8afe5e68eb1a17615-768x768.png 768w, https:\/\/www.carliseppf.com\/wp-content\/uploads\/2025\/10\/a61982fcbcae63c8afe5e68eb1a17615-370x370.png 370w, https:\/\/www.carliseppf.com\/wp-content\/uploads\/2025\/10\/a61982fcbcae63c8afe5e68eb1a17615-120x120.png 120w, https:\/\/www.carliseppf.com\/wp-content\/uploads\/2025\/10\/a61982fcbcae63c8afe5e68eb1a17615-410x410.png 410w, https:\/\/www.carliseppf.com\/wp-content\/uploads\/2025\/10\/a61982fcbcae63c8afe5e68eb1a17615-630x630.png 630w, https:\/\/www.carliseppf.com\/wp-content\/uploads\/2025\/10\/a61982fcbcae63c8afe5e68eb1a17615-730x730.png 730w, https:\/\/www.carliseppf.com\/wp-content\/uploads\/2025\/10\/a61982fcbcae63c8afe5e68eb1a17615-460x460.png 460w\" sizes=\"(max-width: 800px) 100vw, 800px\" \/> <img decoding=\"async\" class=\"alignnone wp-image-9227 size-full\" src=\"https:\/\/www.carliseppf.com\/wp-content\/uploads\/2025\/10\/f750cf0c4f17ae72bfa5415666b22bd5.png\" alt=\"Envoltura de PPF para coche \u2013 Pel\u00edcula TPU espa\u00f1ola mate con protecci\u00f3n antiara\u00f1azos\" width=\"800\" height=\"800\" srcset=\"https:\/\/www.carliseppf.com\/wp-content\/uploads\/2025\/10\/f750cf0c4f17ae72bfa5415666b22bd5.png 800w, https:\/\/www.carliseppf.com\/wp-content\/uploads\/2025\/10\/f750cf0c4f17ae72bfa5415666b22bd5-300x300.png 300w, https:\/\/www.carliseppf.com\/wp-content\/uploads\/2025\/10\/f750cf0c4f17ae72bfa5415666b22bd5-150x150.png 150w, https:\/\/www.carliseppf.com\/wp-content\/uploads\/2025\/10\/f750cf0c4f17ae72bfa5415666b22bd5-768x768.png 768w, https:\/\/www.carliseppf.com\/wp-content\/uploads\/2025\/10\/f750cf0c4f17ae72bfa5415666b22bd5-370x370.png 370w, https:\/\/www.carliseppf.com\/wp-content\/uploads\/2025\/10\/f750cf0c4f17ae72bfa5415666b22bd5-120x120.png 120w, https:\/\/www.carliseppf.com\/wp-content\/uploads\/2025\/10\/f750cf0c4f17ae72bfa5415666b22bd5-410x410.png 410w, https:\/\/www.carliseppf.com\/wp-content\/uploads\/2025\/10\/f750cf0c4f17ae72bfa5415666b22bd5-630x630.png 630w, https:\/\/www.carliseppf.com\/wp-content\/uploads\/2025\/10\/f750cf0c4f17ae72bfa5415666b22bd5-730x730.png 730w, https:\/\/www.carliseppf.com\/wp-content\/uploads\/2025\/10\/f750cf0c4f17ae72bfa5415666b22bd5-460x460.png 460w\" sizes=\"(max-width: 800px) 100vw, 800px\" \/> <img loading=\"lazy\" decoding=\"async\" class=\"alignnone size-full wp-image-9228\" src=\"https:\/\/www.carliseppf.com\/wp-content\/uploads\/2025\/10\/01becd7fbe3701c1e6404a0ea879d230.png\" alt=\"\" width=\"800\" height=\"800\" srcset=\"https:\/\/www.carliseppf.com\/wp-content\/uploads\/2025\/10\/01becd7fbe3701c1e6404a0ea879d230.png 800w, https:\/\/www.carliseppf.com\/wp-content\/uploads\/2025\/10\/01becd7fbe3701c1e6404a0ea879d230-300x300.png 300w, https:\/\/www.carliseppf.com\/wp-content\/uploads\/2025\/10\/01becd7fbe3701c1e6404a0ea879d230-150x150.png 150w, https:\/\/www.carliseppf.com\/wp-content\/uploads\/2025\/10\/01becd7fbe3701c1e6404a0ea879d230-768x768.png 768w, https:\/\/www.carliseppf.com\/wp-content\/uploads\/2025\/10\/01becd7fbe3701c1e6404a0ea879d230-370x370.png 370w, https:\/\/www.carliseppf.com\/wp-content\/uploads\/2025\/10\/01becd7fbe3701c1e6404a0ea879d230-120x120.png 120w, https:\/\/www.carliseppf.com\/wp-content\/uploads\/2025\/10\/01becd7fbe3701c1e6404a0ea879d230-410x410.png 410w, https:\/\/www.carliseppf.com\/wp-content\/uploads\/2025\/10\/01becd7fbe3701c1e6404a0ea879d230-630x630.png 630w, https:\/\/www.carliseppf.com\/wp-content\/uploads\/2025\/10\/01becd7fbe3701c1e6404a0ea879d230-730x730.png 730w, https:\/\/www.carliseppf.com\/wp-content\/uploads\/2025\/10\/01becd7fbe3701c1e6404a0ea879d230-460x460.png 460w\" sizes=\"(max-width: 800px) 100vw, 800px\" \/> <img loading=\"lazy\" decoding=\"async\" class=\"alignnone wp-image-9229 size-full\" src=\"https:\/\/www.carliseppf.com\/wp-content\/uploads\/2025\/10\/4a3fd3fc6e1eb5f64eaac77dac32030c.png\" alt=\"Envoltura de PPF para coche \u2013 Envoltura de vinilo para coche con TPU espa\u00f1ol mate y autorreparaci\u00f3n\" width=\"800\" height=\"800\" srcset=\"https:\/\/www.carliseppf.com\/wp-content\/uploads\/2025\/10\/4a3fd3fc6e1eb5f64eaac77dac32030c.png 800w, https:\/\/www.carliseppf.com\/wp-content\/uploads\/2025\/10\/4a3fd3fc6e1eb5f64eaac77dac32030c-300x300.png 300w, https:\/\/www.carliseppf.com\/wp-content\/uploads\/2025\/10\/4a3fd3fc6e1eb5f64eaac77dac32030c-150x150.png 150w, https:\/\/www.carliseppf.com\/wp-content\/uploads\/2025\/10\/4a3fd3fc6e1eb5f64eaac77dac32030c-768x768.png 768w, https:\/\/www.carliseppf.com\/wp-content\/uploads\/2025\/10\/4a3fd3fc6e1eb5f64eaac77dac32030c-370x370.png 370w, https:\/\/www.carliseppf.com\/wp-content\/uploads\/2025\/10\/4a3fd3fc6e1eb5f64eaac77dac32030c-120x120.png 120w, https:\/\/www.carliseppf.com\/wp-content\/uploads\/2025\/10\/4a3fd3fc6e1eb5f64eaac77dac32030c-410x410.png 410w, https:\/\/www.carliseppf.com\/wp-content\/uploads\/2025\/10\/4a3fd3fc6e1eb5f64eaac77dac32030c-630x630.png 630w, https:\/\/www.carliseppf.com\/wp-content\/uploads\/2025\/10\/4a3fd3fc6e1eb5f64eaac77dac32030c-730x730.png 730w, https:\/\/www.carliseppf.com\/wp-content\/uploads\/2025\/10\/4a3fd3fc6e1eb5f64eaac77dac32030c-460x460.png 460w\" sizes=\"(max-width: 800px) 100vw, 800px\" \/> <img loading=\"lazy\" decoding=\"async\" class=\"alignnone wp-image-9230 size-full\" src=\"https:\/\/www.carliseppf.com\/wp-content\/uploads\/2025\/10\/5e45568bd0def4ac6c122997c1d41bee.png\" alt=\"Envoltura de PPF para coche \u2013 Pel\u00edcula de protecci\u00f3n de pintura con TPU espa\u00f1ol mate para puerta lateral\" width=\"800\" height=\"800\" srcset=\"https:\/\/www.carliseppf.com\/wp-content\/uploads\/2025\/10\/5e45568bd0def4ac6c122997c1d41bee.png 800w, https:\/\/www.carliseppf.com\/wp-content\/uploads\/2025\/10\/5e45568bd0def4ac6c122997c1d41bee-300x300.png 300w, https:\/\/www.carliseppf.com\/wp-content\/uploads\/2025\/10\/5e45568bd0def4ac6c122997c1d41bee-150x150.png 150w, https:\/\/www.carliseppf.com\/wp-content\/uploads\/2025\/10\/5e45568bd0def4ac6c122997c1d41bee-768x768.png 768w, https:\/\/www.carliseppf.com\/wp-content\/uploads\/2025\/10\/5e45568bd0def4ac6c122997c1d41bee-370x370.png 370w, https:\/\/www.carliseppf.com\/wp-content\/uploads\/2025\/10\/5e45568bd0def4ac6c122997c1d41bee-120x120.png 120w, https:\/\/www.carliseppf.com\/wp-content\/uploads\/2025\/10\/5e45568bd0def4ac6c122997c1d41bee-410x410.png 410w, https:\/\/www.carliseppf.com\/wp-content\/uploads\/2025\/10\/5e45568bd0def4ac6c122997c1d41bee-630x630.png 630w, https:\/\/www.carliseppf.com\/wp-content\/uploads\/2025\/10\/5e45568bd0def4ac6c122997c1d41bee-730x730.png 730w, https:\/\/www.carliseppf.com\/wp-content\/uploads\/2025\/10\/5e45568bd0def4ac6c122997c1d41bee-460x460.png 460w\" sizes=\"(max-width: 800px) 100vw, 800px\" \/><\/p>","protected":false},"excerpt":{"rendered":"<p>Protege tu veh\u00edculo con esto <strong data-start=\"374\" data-end=\"402\">envoltura de PPF premium para coche<\/strong> \u2013 Pel\u00edcula TPU espa\u00f1ola con autorreparaci\u00f3n, acabado mate y durabilidad de 10 a\u00f1os. Suministro directo de f\u00e1brica, completamente personalizable para pedidos al por mayor. Perfecto para instaladores profesionales, talleres automotrices y entusiastas que buscan protecci\u00f3n de pintura duradera.<\/p>","protected":false},"featured_media":9224,"comment_status":"open","ping_status":"closed","template":"","meta":[],"product_brand":[],"product_cat":[216],"product_tag":[],"class_list":{"0":"post-9223","1":"product","2":"type-product","3":"status-publish","4":"has-post-thumbnail","6":"product_cat-colored-ppf","8":"first","9":"instock","10":"shipping-taxable","11":"product-type-simple"},"_links":{"self":[{"href":"https:\/\/www.carliseppf.com\/es\/wp-json\/wp\/v2\/product\/9223","targetHints":{"allow":["GET"]}}],"collection":[{"href":"https:\/\/www.carliseppf.com\/es\/wp-json\/wp\/v2\/product"}],"about":[{"href":"https:\/\/www.carliseppf.com\/es\/wp-json\/wp\/v2\/types\/product"}],"replies":[{"embeddable":true,"href":"https:\/\/www.carliseppf.com\/es\/wp-json\/wp\/v2\/comments?post=9223"}],"wp:featuredmedia":[{"embeddable":true,"href":"https:\/\/www.carliseppf.com\/es\/wp-json\/wp\/v2\/media\/9224"}],"wp:attachment":[{"href":"https:\/\/www.carliseppf.com\/es\/wp-json\/wp\/v2\/media?parent=9223"}],"wp:term":[{"taxonomy":"product_brand","embeddable":true,"href":"https:\/\/www.carliseppf.com\/es\/wp-json\/wp\/v2\/product_brand?post=9223"},{"taxonomy":"product_cat","embeddable":true,"href":"https:\/\/www.carliseppf.com\/es\/wp-json\/wp\/v2\/product_cat?post=9223"},{"taxonomy":"product_tag","embeddable":true,"href":"https:\/\/www.carliseppf.com\/es\/wp-json\/wp\/v2\/product_tag?post=9223"}],"curies":[{"name":"wp","href":"https:\/\/api.w.org\/{rel}","templated":true}]}}