{"id":9231,"date":"2025-10-28T03:17:17","date_gmt":"2025-10-28T03:17:17","guid":{"rendered":"https:\/\/www.carliseppf.com\/?post_type=product&#038;p=9231"},"modified":"2025-11-20T11:13:36","modified_gmt":"2025-11-20T11:13:36","slug":"ppf-wrap-car-ferrari-red-tpu","status":"publish","type":"product","link":"https:\/\/www.carliseppf.com\/es\/product\/ppf-wrap-car-ferrari-red-tpu\/","title":{"rendered":"TPU Rojo Ferrari \u2013 Envoltorio PPF Premium para coche"},"content":{"rendered":"<h2 data-start=\"710\" data-end=\"731\">Resumen del Producto<\/h2>\n<p data-start=\"732\" data-end=\"1143\">Este <strong data-start=\"737\" data-end=\"753\">envoltura ppf para coche<\/strong> ofrece protecci\u00f3n superior y un acabado brillante en color rojo Ferrari impresionante. Fabricado con material TPU de alta calidad, ofrece capacidades de autorreparaci\u00f3n y antiara\u00f1azos, asegurando una protecci\u00f3n duradera de la pintura. Perfecto para envolturas completas o parciales en coches, motocicletas, cap\u00f3s, espejos y paneles decorativos. El suministro directo de f\u00e1brica soporta pedidos al por mayor y tama\u00f1os personalizados para instaladores profesionales.<\/p>\n<p data-start=\"732\" data-end=\"1143\"><img fetchpriority=\"high\" decoding=\"async\" class=\"alignnone size-medium wp-image-9232\" src=\"https:\/\/www.carliseppf.com\/wp-content\/uploads\/2025\/10\/1-1-300x300.png\" alt=\"envoltura ppf para coche\" width=\"300\" height=\"300\" srcset=\"https:\/\/www.carliseppf.com\/wp-content\/uploads\/2025\/10\/1-1-300x300.png 300w, https:\/\/www.carliseppf.com\/wp-content\/uploads\/2025\/10\/1-1-150x150.png 150w, https:\/\/www.carliseppf.com\/wp-content\/uploads\/2025\/10\/1-1-768x768.png 768w, https:\/\/www.carliseppf.com\/wp-content\/uploads\/2025\/10\/1-1-370x370.png 370w, https:\/\/www.carliseppf.com\/wp-content\/uploads\/2025\/10\/1-1-120x120.png 120w, https:\/\/www.carliseppf.com\/wp-content\/uploads\/2025\/10\/1-1-410x410.png 410w, https:\/\/www.carliseppf.com\/wp-content\/uploads\/2025\/10\/1-1-630x630.png 630w, https:\/\/www.carliseppf.com\/wp-content\/uploads\/2025\/10\/1-1-730x730.png 730w, https:\/\/www.carliseppf.com\/wp-content\/uploads\/2025\/10\/1-1-460x460.png 460w, https:\/\/www.carliseppf.com\/wp-content\/uploads\/2025\/10\/1-1.png 800w\" sizes=\"(max-width: 300px) 100vw, 300px\" \/><\/p>\n<h2 data-start=\"1145\" data-end=\"1167\">Dise\u00f1o y caracter\u00edsticas<\/h2>\n<ul data-start=\"1168\" data-end=\"1463\">\n<li data-start=\"1168\" data-end=\"1240\">\n<p data-start=\"1170\" data-end=\"1240\">TPU rojo Ferrari con acabado brillante para premium <strong data-start=\"1217\" data-end=\"1233\">envoltura ppf para coche<\/strong> y elegante<\/p>\n<\/li>\n<li data-start=\"1241\" data-end=\"1285\">\n<p data-start=\"1243\" data-end=\"1285\">Tecnolog\u00eda de auto-reparaci\u00f3n y anti-rayaduras<\/p>\n<\/li>\n<li data-start=\"1286\" data-end=\"1326\">\n<p data-start=\"1288\" data-end=\"1326\">Flexible, duradero y f\u00e1cil de aplicar<\/p>\n<\/li>\n<li data-start=\"1327\" data-end=\"1382\">\n<p data-start=\"1329\" data-end=\"1382\">Compatible con herramientas profesionales de instalaci\u00f3n de PPF<\/p>\n<\/li>\n<li data-start=\"1383\" data-end=\"1463\">\n<p data-start=\"1385\" data-end=\"1463\">Ideal para cobertura completa o parcial del veh\u00edculo, pedidos al por mayor y proyectos personalizados<\/p>\n<\/li>\n<\/ul>\n<h2 data-start=\"1465\" data-end=\"1491\">Material de alta calidad<\/h2>\n<ul data-start=\"1492\" data-end=\"1653\">\n<li data-start=\"1492\" data-end=\"1524\">\n<p data-start=\"1494\" data-end=\"1524\">Vinilo automotriz TPU de alta calidad<\/p>\n<\/li>\n<li data-start=\"1525\" data-end=\"1573\">\n<p data-start=\"1527\" data-end=\"1573\">Resistente a UV, impermeable, seguro para pintura OEM<\/p>\n<\/li>\n<li data-start=\"1574\" data-end=\"1622\">\n<p data-start=\"1576\" data-end=\"1622\">Rendimiento duradero en exteriores (3\u20135 a\u00f1os)<\/p>\n<\/li>\n<li data-start=\"1623\" data-end=\"1653\">\n<p data-start=\"1625\" data-end=\"1653\">F\u00e1cil de limpiar y mantener<\/p>\n<\/li>\n<\/ul>\n<h2 data-start=\"1655\" data-end=\"1693\">F\u00e1cil instalaci\u00f3n y personalizaci\u00f3n<\/h2>\n<ul data-start=\"1694\" data-end=\"1905\">\n<li data-start=\"1694\" data-end=\"1746\">\n<p data-start=\"1696\" data-end=\"1746\">Adhesivo con liberaci\u00f3n de aire para una aplicaci\u00f3n sin burbujas<\/p>\n<\/li>\n<li data-start=\"1747\" data-end=\"1798\">\n<p data-start=\"1749\" data-end=\"1798\">Flexible y termoformable para curvas y bordes<\/p>\n<\/li>\n<li data-start=\"1799\" data-end=\"1850\">\n<p data-start=\"1801\" data-end=\"1850\">Rollos personalizables para pedidos al por mayor o en volumen<\/p>\n<\/li>\n<li data-start=\"1851\" data-end=\"1905\">\n<p data-start=\"1853\" data-end=\"1905\">Apto para instaladores profesionales y usuarios de bricolaje<\/p>\n<\/li>\n<\/ul>\n<h2 data-start=\"1907\" data-end=\"1924\">Aplicaciones<\/h2>\n<ul data-start=\"1925\" data-end=\"2104\">\n<li data-start=\"1925\" data-end=\"1972\">\n<p data-start=\"1927\" data-end=\"1972\">Envolturas completas de veh\u00edculos: coches, SUVs, motocicletas<\/p>\n<\/li>\n<li data-start=\"1973\" data-end=\"2023\">\n<p data-start=\"1975\" data-end=\"2023\">Envoltorios parciales: cap\u00f3s, techos, espejos, spoilers<\/p>\n<\/li>\n<li data-start=\"2024\" data-end=\"2064\">\n<p data-start=\"2026\" data-end=\"2064\">Ajustes interiores y paneles decorativos<\/p>\n<\/li>\n<li data-start=\"2065\" data-end=\"2104\">\n<p data-start=\"2067\" data-end=\"2104\">Ideal para <strong data-start=\"2077\" data-end=\"2093\">envoltura ppf para coche<\/strong> proyectos<\/p>\n<\/li>\n<\/ul>\n<h2 data-start=\"2106\" data-end=\"2125\">Ventajas clave<\/h2>\n<ul data-start=\"2126\" data-end=\"2409\">\n<li data-start=\"2126\" data-end=\"2162\">\n<p data-start=\"2128\" data-end=\"2162\">Premium <strong data-start=\"2136\" data-end=\"2152\">envoltura ppf para coche<\/strong> calidad<\/p>\n<\/li>\n<li data-start=\"2163\" data-end=\"2228\">\n<p data-start=\"2165\" data-end=\"2228\">Tecnolog\u00eda de protecci\u00f3n de autorreparaci\u00f3n, antiara\u00f1azos y en color<\/p>\n<\/li>\n<li data-start=\"2229\" data-end=\"2283\">\n<p data-start=\"2231\" data-end=\"2283\">Directo de f\u00e1brica, completamente personalizable para pedidos al por mayor<\/p>\n<\/li>\n<li data-start=\"2284\" data-end=\"2347\">\n<p data-start=\"2286\" data-end=\"2347\">F\u00e1cil instalaci\u00f3n para usuarios de bricolaje e instaladores profesionales<\/p>\n<\/li>\n<li data-start=\"2348\" data-end=\"2409\">\n<p data-start=\"2350\" data-end=\"2409\">Perfecto para talleres automotrices, instaladores y entusiastas<\/p>\n<\/li>\n<\/ul>\n<h2 data-start=\"2411\" data-end=\"2432\">Incluye el paquete<\/h2>\n<ul data-start=\"2433\" data-end=\"2541\">\n<li data-start=\"2433\" data-end=\"2472\">\n<p data-start=\"2435\" data-end=\"2472\">1 rollo de vinilo TPU PPF rojo Ferrari<\/p>\n<\/li>\n<li data-start=\"2473\" data-end=\"2541\">\n<p data-start=\"2475\" data-end=\"2541\">Kit de instalaci\u00f3n opcional: esp\u00e1tula, cuchilla, pa\u00f1o de microfibra<\/p>\n<\/li>\n<\/ul>\n<h2 data-start=\"2543\" data-end=\"2572\">\u00bfPor qu\u00e9 elegir este producto?<\/h2>\n<p data-start=\"2573\" data-end=\"2851\">Este directo de f\u00e1brica <strong data-start=\"2593\" data-end=\"2609\">envoltura ppf para coche<\/strong> ofrece protecci\u00f3n de grado profesional, un acabado brillante en rojo Ferrari y rendimiento duradero. Completamente personalizable para pedidos al por mayor o individuales, ideal para instaladores, mayoristas y negocios que ofrecen soluciones de protecci\u00f3n de pintura premium.<\/p>","protected":false},"excerpt":{"rendered":"<p>Protege tu veh\u00edculo con esta envoltura de PPF premium para coche \u2013 pel\u00edcula TPU PPF de color rojo Ferrari que presenta tecnolog\u00eda de autorreparaci\u00f3n, antiara\u00f1azos y protecci\u00f3n en color. Suministro directo de f\u00e1brica, completamente personalizable para pedidos al por mayor. Ideal para instaladores profesionales, talleres automotrices y entusiastas que buscan protecci\u00f3n de pintura de alta calidad.<\/p>","protected":false},"featured_media":9232,"comment_status":"open","ping_status":"closed","template":"","meta":[],"product_brand":[],"product_cat":[216],"product_tag":[],"class_list":{"0":"post-9231","1":"product","2":"type-product","3":"status-publish","4":"has-post-thumbnail","6":"product_cat-colored-ppf","8":"first","9":"instock","10":"shipping-taxable","11":"product-type-simple"},"_links":{"self":[{"href":"https:\/\/www.carliseppf.com\/es\/wp-json\/wp\/v2\/product\/9231","targetHints":{"allow":["GET"]}}],"collection":[{"href":"https:\/\/www.carliseppf.com\/es\/wp-json\/wp\/v2\/product"}],"about":[{"href":"https:\/\/www.carliseppf.com\/es\/wp-json\/wp\/v2\/types\/product"}],"replies":[{"embeddable":true,"href":"https:\/\/www.carliseppf.com\/es\/wp-json\/wp\/v2\/comments?post=9231"}],"wp:featuredmedia":[{"embeddable":true,"href":"https:\/\/www.carliseppf.com\/es\/wp-json\/wp\/v2\/media\/9232"}],"wp:attachment":[{"href":"https:\/\/www.carliseppf.com\/es\/wp-json\/wp\/v2\/media?parent=9231"}],"wp:term":[{"taxonomy":"product_brand","embeddable":true,"href":"https:\/\/www.carliseppf.com\/es\/wp-json\/wp\/v2\/product_brand?post=9231"},{"taxonomy":"product_cat","embeddable":true,"href":"https:\/\/www.carliseppf.com\/es\/wp-json\/wp\/v2\/product_cat?post=9231"},{"taxonomy":"product_tag","embeddable":true,"href":"https:\/\/www.carliseppf.com\/es\/wp-json\/wp\/v2\/product_tag?post=9231"}],"curies":[{"name":"wp","href":"https:\/\/api.w.org\/{rel}","templated":true}]}}