{"id":9233,"date":"2025-10-28T03:18:44","date_gmt":"2025-10-28T03:18:44","guid":{"rendered":"https:\/\/www.carliseppf.com\/?post_type=product&#038;p=9233"},"modified":"2025-11-20T11:10:21","modified_gmt":"2025-11-20T11:10:21","slug":"car-wrap-ppf-nado-grey-tpu","status":"publish","type":"product","link":"https:\/\/www.carliseppf.com\/es\/product\/car-wrap-ppf-nado-grey-tpu\/","title":{"rendered":"TPU Nado Gris \u2013 PPF de envoltorio de coche Premium"},"content":{"rendered":"<h2 data-start=\"666\" data-end=\"687\">Resumen del Producto<\/h2>\n<p data-start=\"688\" data-end=\"1079\">Este <strong data-start=\"693\" data-end=\"709\">envoltura de coche ppf<\/strong> caracter\u00edsticas del material Nado Grey TPU con efectos de cambio de color, que proporciona una excelente protecci\u00f3n para la pintura de tu veh\u00edculo. Las propiedades de autoreparaci\u00f3n y antiara\u00f1azos aseguran resultados duraderos. Perfecto para envoltorios completos o parciales, motocicletas, cap\u00f3s, espejos y paneles decorativos. El suministro directo de f\u00e1brica soporta pedidos al por mayor y tama\u00f1os personalizados para instaladores y mayoristas.<\/p>\n<h2 style=\"color: #ffffff; font-family: Manrope, sans-serif; font-size: 47.005px; font-weight: 600; font-style: normal; line-height: 47.9921px; text-decoration: none; text-transform: none; letter-spacing: normal; margin-top: 31.4934px; margin-bottom: 22.5624px; outline: 0px;\" data-start=\"1081\" data-end=\"1103\"><img fetchpriority=\"high\" decoding=\"async\" class=\"alignnone wp-image-9225 size-full\" style=\"color: #c0c0c1; font-size: 17px; font-weight: 400;\" src=\"https:\/\/www.carliseppf.com\/wp-content\/uploads\/2025\/10\/1947d55c4258ffa0e338a56de4d0540f.png\" alt=\"envoltura de coche ppf\" width=\"800\" height=\"800\" srcset=\"https:\/\/www.carliseppf.com\/wp-content\/uploads\/2025\/10\/1947d55c4258ffa0e338a56de4d0540f.png 800w, https:\/\/www.carliseppf.com\/wp-content\/uploads\/2025\/10\/1947d55c4258ffa0e338a56de4d0540f-300x300.png 300w, https:\/\/www.carliseppf.com\/wp-content\/uploads\/2025\/10\/1947d55c4258ffa0e338a56de4d0540f-150x150.png 150w, https:\/\/www.carliseppf.com\/wp-content\/uploads\/2025\/10\/1947d55c4258ffa0e338a56de4d0540f-768x768.png 768w, https:\/\/www.carliseppf.com\/wp-content\/uploads\/2025\/10\/1947d55c4258ffa0e338a56de4d0540f-370x370.png 370w, https:\/\/www.carliseppf.com\/wp-content\/uploads\/2025\/10\/1947d55c4258ffa0e338a56de4d0540f-120x120.png 120w, https:\/\/www.carliseppf.com\/wp-content\/uploads\/2025\/10\/1947d55c4258ffa0e338a56de4d0540f-410x410.png 410w, https:\/\/www.carliseppf.com\/wp-content\/uploads\/2025\/10\/1947d55c4258ffa0e338a56de4d0540f-630x630.png 630w, https:\/\/www.carliseppf.com\/wp-content\/uploads\/2025\/10\/1947d55c4258ffa0e338a56de4d0540f-730x730.png 730w, https:\/\/www.carliseppf.com\/wp-content\/uploads\/2025\/10\/1947d55c4258ffa0e338a56de4d0540f-460x460.png 460w\" sizes=\"(max-width: 800px) 100vw, 800px\" \/><\/h2>\n<h2 data-start=\"1081\" data-end=\"1103\">Dise\u00f1o y caracter\u00edsticas<\/h2>\n<ul data-start=\"1104\" data-end=\"1397\">\n<li data-start=\"1104\" data-end=\"1174\">\n<p data-start=\"1106\" data-end=\"1174\">Nado Grey TPU con efecto de cambio de color para un atractivo visual premium<\/p>\n<\/li>\n<li data-start=\"1175\" data-end=\"1219\">\n<p data-start=\"1177\" data-end=\"1219\">Tecnolog\u00eda de auto-reparaci\u00f3n y anti-rayaduras<\/p>\n<\/li>\n<li data-start=\"1220\" data-end=\"1260\">\n<p data-start=\"1222\" data-end=\"1260\">Flexible, duradero y f\u00e1cil de aplicar<\/p>\n<\/li>\n<li data-start=\"1261\" data-end=\"1316\">\n<p data-start=\"1263\" data-end=\"1316\">Compatible con profesionales <strong data-start=\"1292\" data-end=\"1308\">envoltura de coche ppf<\/strong> herramientas<\/p>\n<\/li>\n<li data-start=\"1317\" data-end=\"1397\">\n<p data-start=\"1319\" data-end=\"1397\">Ideal para cobertura completa o parcial del veh\u00edculo, pedidos al por mayor y proyectos personalizados<\/p>\n<\/li>\n<\/ul>\n<h2 data-start=\"1399\" data-end=\"1425\">Material de alta calidad<\/h2>\n<ul data-start=\"1426\" data-end=\"1587\">\n<li data-start=\"1426\" data-end=\"1458\">\n<p data-start=\"1428\" data-end=\"1458\">Vinilo automotriz TPU duradero<\/p>\n<\/li>\n<li data-start=\"1459\" data-end=\"1507\">\n<p data-start=\"1461\" data-end=\"1507\">Resistente a UV, impermeable, seguro para pintura OEM<\/p>\n<\/li>\n<li data-start=\"1508\" data-end=\"1556\">\n<p data-start=\"1510\" data-end=\"1556\">Rendimiento duradero en exteriores (3\u20135 a\u00f1os)<\/p>\n<\/li>\n<li data-start=\"1557\" data-end=\"1587\">\n<p data-start=\"1559\" data-end=\"1587\">F\u00e1cil de limpiar y mantener<\/p>\n<\/li>\n<\/ul>\n<h2 data-start=\"1589\" data-end=\"1627\">F\u00e1cil instalaci\u00f3n y personalizaci\u00f3n<\/h2>\n<ul data-start=\"1628\" data-end=\"1858\">\n<li data-start=\"1628\" data-end=\"1680\">\n<p data-start=\"1630\" data-end=\"1680\">Adhesivo con liberaci\u00f3n de aire para una aplicaci\u00f3n sin burbujas<\/p>\n<\/li>\n<li data-start=\"1681\" data-end=\"1751\">\n<p data-start=\"1683\" data-end=\"1751\">Flexible y moldeable con calor para bordes, curvas y superficies complejas<\/p>\n<\/li>\n<li data-start=\"1752\" data-end=\"1803\">\n<p data-start=\"1754\" data-end=\"1803\">Rollos personalizables para pedidos al por mayor o en volumen<\/p>\n<\/li>\n<li data-start=\"1804\" data-end=\"1858\">\n<p data-start=\"1806\" data-end=\"1858\">Apto para instaladores profesionales y usuarios de bricolaje<\/p>\n<\/li>\n<\/ul>\n<h2 data-start=\"1860\" data-end=\"1877\">Aplicaciones<\/h2>\n<ul data-start=\"1878\" data-end=\"2063\">\n<li data-start=\"1878\" data-end=\"1931\">\n<p data-start=\"1880\" data-end=\"1931\">Envoltorios completos para veh\u00edculos: coches, SUVs, motocicletas, furgonetas<\/p>\n<\/li>\n<li data-start=\"1932\" data-end=\"1982\">\n<p data-start=\"1934\" data-end=\"1982\">Envoltorios parciales: cap\u00f3s, techos, espejos, spoilers<\/p>\n<\/li>\n<li data-start=\"1983\" data-end=\"2023\">\n<p data-start=\"1985\" data-end=\"2023\">Ajustes interiores y paneles decorativos<\/p>\n<\/li>\n<li data-start=\"2024\" data-end=\"2063\">\n<p data-start=\"2026\" data-end=\"2063\">Ideal para <strong data-start=\"2036\" data-end=\"2052\">envoltura de coche ppf<\/strong> proyectos<\/p>\n<\/li>\n<\/ul>\n<h2 data-start=\"2065\" data-end=\"2084\">Ventajas clave<\/h2>\n<ul data-start=\"2085\" data-end=\"2364\">\n<li data-start=\"2085\" data-end=\"2121\">\n<p data-start=\"2087\" data-end=\"2121\">Premium <strong data-start=\"2095\" data-end=\"2111\">envoltura de coche ppf<\/strong> calidad<\/p>\n<\/li>\n<li data-start=\"2122\" data-end=\"2183\">\n<p data-start=\"2124\" data-end=\"2183\">Tecnolog\u00eda de autorreparaci\u00f3n, antiara\u00f1azos y cambio de color<\/p>\n<\/li>\n<li data-start=\"2184\" data-end=\"2238\">\n<p data-start=\"2186\" data-end=\"2238\">Directo de f\u00e1brica, completamente personalizable para pedidos al por mayor<\/p>\n<\/li>\n<li data-start=\"2239\" data-end=\"2302\">\n<p data-start=\"2241\" data-end=\"2302\">F\u00e1cil instalaci\u00f3n para usuarios de bricolaje e instaladores profesionales<\/p>\n<\/li>\n<li data-start=\"2303\" data-end=\"2364\">\n<p data-start=\"2305\" data-end=\"2364\">Perfecto para talleres automotrices, instaladores y entusiastas<\/p>\n<\/li>\n<\/ul>\n<h2 data-start=\"2366\" data-end=\"2387\">Incluye el paquete<\/h2>\n<ul data-start=\"2388\" data-end=\"2503\">\n<li data-start=\"2388\" data-end=\"2434\">\n<p data-start=\"2390\" data-end=\"2434\">1 rollo de vinilo Nado Grey TPU para envoltorio de coche ppf<\/p>\n<\/li>\n<li data-start=\"2435\" data-end=\"2503\">\n<p data-start=\"2437\" data-end=\"2503\">Kit de instalaci\u00f3n opcional: esp\u00e1tula, cuchilla, pa\u00f1o de microfibra<\/p>\n<\/li>\n<\/ul>\n<h2 data-start=\"2505\" data-end=\"2534\">\u00bfPor qu\u00e9 elegir este producto?<\/h2>\n<p data-start=\"2535\" data-end=\"2844\">Este directo de f\u00e1brica <strong data-start=\"2555\" data-end=\"2571\">envoltura de coche ppf<\/strong> el vinilo ofrece calidad profesional, acabado vibrante de cambio de color Nado Grey y protecci\u00f3n duradera de la pintura. Completamente personalizable para pedidos al por mayor o individuales, perfecto para instaladores, mayoristas y negocios que ofrecen productos premium <strong data-start=\"2806\" data-end=\"2831\">pel\u00edcula de protecci\u00f3n de pintura<\/strong> soluciones.<\/p>\n<p>\u00a0<img decoding=\"async\" class=\"alignnone wp-image-9226 size-full\" src=\"https:\/\/www.carliseppf.com\/wp-content\/uploads\/2025\/10\/a61982fcbcae63c8afe5e68eb1a17615.png\" alt=\"Car Wrap PPF \u2013 CARLISE negro de alto brillo TPU para cap\u00f3 delantero\" width=\"800\" height=\"800\" srcset=\"https:\/\/www.carliseppf.com\/wp-content\/uploads\/2025\/10\/a61982fcbcae63c8afe5e68eb1a17615.png 800w, https:\/\/www.carliseppf.com\/wp-content\/uploads\/2025\/10\/a61982fcbcae63c8afe5e68eb1a17615-300x300.png 300w, https:\/\/www.carliseppf.com\/wp-content\/uploads\/2025\/10\/a61982fcbcae63c8afe5e68eb1a17615-150x150.png 150w, https:\/\/www.carliseppf.com\/wp-content\/uploads\/2025\/10\/a61982fcbcae63c8afe5e68eb1a17615-768x768.png 768w, https:\/\/www.carliseppf.com\/wp-content\/uploads\/2025\/10\/a61982fcbcae63c8afe5e68eb1a17615-370x370.png 370w, https:\/\/www.carliseppf.com\/wp-content\/uploads\/2025\/10\/a61982fcbcae63c8afe5e68eb1a17615-120x120.png 120w, https:\/\/www.carliseppf.com\/wp-content\/uploads\/2025\/10\/a61982fcbcae63c8afe5e68eb1a17615-410x410.png 410w, https:\/\/www.carliseppf.com\/wp-content\/uploads\/2025\/10\/a61982fcbcae63c8afe5e68eb1a17615-630x630.png 630w, https:\/\/www.carliseppf.com\/wp-content\/uploads\/2025\/10\/a61982fcbcae63c8afe5e68eb1a17615-730x730.png 730w, https:\/\/www.carliseppf.com\/wp-content\/uploads\/2025\/10\/a61982fcbcae63c8afe5e68eb1a17615-460x460.png 460w\" sizes=\"(max-width: 800px) 100vw, 800px\" \/> <img decoding=\"async\" class=\"alignnone wp-image-9227 size-full\" src=\"https:\/\/www.carliseppf.com\/wp-content\/uploads\/2025\/10\/f750cf0c4f17ae72bfa5415666b22bd5.png\" alt=\"Car Wrap PPF \u2013 CARLISE negro de alto brillo TPU para envoltorio lateral de puerta\" width=\"800\" height=\"800\" srcset=\"https:\/\/www.carliseppf.com\/wp-content\/uploads\/2025\/10\/f750cf0c4f17ae72bfa5415666b22bd5.png 800w, https:\/\/www.carliseppf.com\/wp-content\/uploads\/2025\/10\/f750cf0c4f17ae72bfa5415666b22bd5-300x300.png 300w, https:\/\/www.carliseppf.com\/wp-content\/uploads\/2025\/10\/f750cf0c4f17ae72bfa5415666b22bd5-150x150.png 150w, https:\/\/www.carliseppf.com\/wp-content\/uploads\/2025\/10\/f750cf0c4f17ae72bfa5415666b22bd5-768x768.png 768w, https:\/\/www.carliseppf.com\/wp-content\/uploads\/2025\/10\/f750cf0c4f17ae72bfa5415666b22bd5-370x370.png 370w, https:\/\/www.carliseppf.com\/wp-content\/uploads\/2025\/10\/f750cf0c4f17ae72bfa5415666b22bd5-120x120.png 120w, https:\/\/www.carliseppf.com\/wp-content\/uploads\/2025\/10\/f750cf0c4f17ae72bfa5415666b22bd5-410x410.png 410w, https:\/\/www.carliseppf.com\/wp-content\/uploads\/2025\/10\/f750cf0c4f17ae72bfa5415666b22bd5-630x630.png 630w, https:\/\/www.carliseppf.com\/wp-content\/uploads\/2025\/10\/f750cf0c4f17ae72bfa5415666b22bd5-730x730.png 730w, https:\/\/www.carliseppf.com\/wp-content\/uploads\/2025\/10\/f750cf0c4f17ae72bfa5415666b22bd5-460x460.png 460w\" sizes=\"(max-width: 800px) 100vw, 800px\" \/> <img loading=\"lazy\" decoding=\"async\" class=\"alignnone size-full wp-image-9228\" src=\"https:\/\/www.carliseppf.com\/wp-content\/uploads\/2025\/10\/01becd7fbe3701c1e6404a0ea879d230.png\" alt=\"\" width=\"800\" height=\"800\" srcset=\"https:\/\/www.carliseppf.com\/wp-content\/uploads\/2025\/10\/01becd7fbe3701c1e6404a0ea879d230.png 800w, https:\/\/www.carliseppf.com\/wp-content\/uploads\/2025\/10\/01becd7fbe3701c1e6404a0ea879d230-300x300.png 300w, https:\/\/www.carliseppf.com\/wp-content\/uploads\/2025\/10\/01becd7fbe3701c1e6404a0ea879d230-150x150.png 150w, https:\/\/www.carliseppf.com\/wp-content\/uploads\/2025\/10\/01becd7fbe3701c1e6404a0ea879d230-768x768.png 768w, https:\/\/www.carliseppf.com\/wp-content\/uploads\/2025\/10\/01becd7fbe3701c1e6404a0ea879d230-370x370.png 370w, https:\/\/www.carliseppf.com\/wp-content\/uploads\/2025\/10\/01becd7fbe3701c1e6404a0ea879d230-120x120.png 120w, https:\/\/www.carliseppf.com\/wp-content\/uploads\/2025\/10\/01becd7fbe3701c1e6404a0ea879d230-410x410.png 410w, https:\/\/www.carliseppf.com\/wp-content\/uploads\/2025\/10\/01becd7fbe3701c1e6404a0ea879d230-630x630.png 630w, https:\/\/www.carliseppf.com\/wp-content\/uploads\/2025\/10\/01becd7fbe3701c1e6404a0ea879d230-730x730.png 730w, https:\/\/www.carliseppf.com\/wp-content\/uploads\/2025\/10\/01becd7fbe3701c1e6404a0ea879d230-460x460.png 460w\" sizes=\"(max-width: 800px) 100vw, 800px\" \/> <img loading=\"lazy\" decoding=\"async\" class=\"alignnone wp-image-9229 size-full\" src=\"https:\/\/www.carliseppf.com\/wp-content\/uploads\/2025\/10\/4a3fd3fc6e1eb5f64eaac77dac32030c.png\" alt=\"Car Wrap PPF \u2013 CARLISE negro de alto brillo TPU para parachoques trasero\" width=\"800\" height=\"800\" srcset=\"https:\/\/www.carliseppf.com\/wp-content\/uploads\/2025\/10\/4a3fd3fc6e1eb5f64eaac77dac32030c.png 800w, https:\/\/www.carliseppf.com\/wp-content\/uploads\/2025\/10\/4a3fd3fc6e1eb5f64eaac77dac32030c-300x300.png 300w, https:\/\/www.carliseppf.com\/wp-content\/uploads\/2025\/10\/4a3fd3fc6e1eb5f64eaac77dac32030c-150x150.png 150w, https:\/\/www.carliseppf.com\/wp-content\/uploads\/2025\/10\/4a3fd3fc6e1eb5f64eaac77dac32030c-768x768.png 768w, https:\/\/www.carliseppf.com\/wp-content\/uploads\/2025\/10\/4a3fd3fc6e1eb5f64eaac77dac32030c-370x370.png 370w, https:\/\/www.carliseppf.com\/wp-content\/uploads\/2025\/10\/4a3fd3fc6e1eb5f64eaac77dac32030c-120x120.png 120w, https:\/\/www.carliseppf.com\/wp-content\/uploads\/2025\/10\/4a3fd3fc6e1eb5f64eaac77dac32030c-410x410.png 410w, https:\/\/www.carliseppf.com\/wp-content\/uploads\/2025\/10\/4a3fd3fc6e1eb5f64eaac77dac32030c-630x630.png 630w, https:\/\/www.carliseppf.com\/wp-content\/uploads\/2025\/10\/4a3fd3fc6e1eb5f64eaac77dac32030c-730x730.png 730w, https:\/\/www.carliseppf.com\/wp-content\/uploads\/2025\/10\/4a3fd3fc6e1eb5f64eaac77dac32030c-460x460.png 460w\" sizes=\"(max-width: 800px) 100vw, 800px\" \/> <img loading=\"lazy\" decoding=\"async\" class=\"alignnone wp-image-9230 size-full\" src=\"https:\/\/www.carliseppf.com\/wp-content\/uploads\/2025\/10\/5e45568bd0def4ac6c122997c1d41bee.png\" alt=\"Car Wrap PPF \u2013 pel\u00edcula de cambio de color TPU Chameleon para envoltorio completo del veh\u00edculo\" width=\"800\" height=\"800\" srcset=\"https:\/\/www.carliseppf.com\/wp-content\/uploads\/2025\/10\/5e45568bd0def4ac6c122997c1d41bee.png 800w, https:\/\/www.carliseppf.com\/wp-content\/uploads\/2025\/10\/5e45568bd0def4ac6c122997c1d41bee-300x300.png 300w, https:\/\/www.carliseppf.com\/wp-content\/uploads\/2025\/10\/5e45568bd0def4ac6c122997c1d41bee-150x150.png 150w, https:\/\/www.carliseppf.com\/wp-content\/uploads\/2025\/10\/5e45568bd0def4ac6c122997c1d41bee-768x768.png 768w, https:\/\/www.carliseppf.com\/wp-content\/uploads\/2025\/10\/5e45568bd0def4ac6c122997c1d41bee-370x370.png 370w, https:\/\/www.carliseppf.com\/wp-content\/uploads\/2025\/10\/5e45568bd0def4ac6c122997c1d41bee-120x120.png 120w, https:\/\/www.carliseppf.com\/wp-content\/uploads\/2025\/10\/5e45568bd0def4ac6c122997c1d41bee-410x410.png 410w, https:\/\/www.carliseppf.com\/wp-content\/uploads\/2025\/10\/5e45568bd0def4ac6c122997c1d41bee-630x630.png 630w, https:\/\/www.carliseppf.com\/wp-content\/uploads\/2025\/10\/5e45568bd0def4ac6c122997c1d41bee-730x730.png 730w, https:\/\/www.carliseppf.com\/wp-content\/uploads\/2025\/10\/5e45568bd0def4ac6c122997c1d41bee-460x460.png 460w\" sizes=\"(max-width: 800px) 100vw, 800px\" \/><\/p>","protected":false},"excerpt":{"rendered":"<p>Protege y estiliza tu veh\u00edculo con este envoltorio de coche premium ppf \u2013 vinilo de cambio de color Nado Grey TPU PPF con tecnolog\u00eda de autoreparaci\u00f3n y antiara\u00f1azos. Suministro directo de f\u00e1brica, completamente personalizable para pedidos al por mayor. Ideal para instaladores profesionales, mayoristas y entusiastas del automovilismo.<\/p>","protected":false},"featured_media":9234,"comment_status":"open","ping_status":"closed","template":"","meta":[],"product_brand":[],"product_cat":[216],"product_tag":[],"class_list":{"0":"post-9233","1":"product","2":"type-product","3":"status-publish","4":"has-post-thumbnail","6":"product_cat-colored-ppf","8":"first","9":"instock","10":"shipping-taxable","11":"product-type-simple"},"_links":{"self":[{"href":"https:\/\/www.carliseppf.com\/es\/wp-json\/wp\/v2\/product\/9233","targetHints":{"allow":["GET"]}}],"collection":[{"href":"https:\/\/www.carliseppf.com\/es\/wp-json\/wp\/v2\/product"}],"about":[{"href":"https:\/\/www.carliseppf.com\/es\/wp-json\/wp\/v2\/types\/product"}],"replies":[{"embeddable":true,"href":"https:\/\/www.carliseppf.com\/es\/wp-json\/wp\/v2\/comments?post=9233"}],"wp:featuredmedia":[{"embeddable":true,"href":"https:\/\/www.carliseppf.com\/es\/wp-json\/wp\/v2\/media\/9234"}],"wp:attachment":[{"href":"https:\/\/www.carliseppf.com\/es\/wp-json\/wp\/v2\/media?parent=9233"}],"wp:term":[{"taxonomy":"product_brand","embeddable":true,"href":"https:\/\/www.carliseppf.com\/es\/wp-json\/wp\/v2\/product_brand?post=9233"},{"taxonomy":"product_cat","embeddable":true,"href":"https:\/\/www.carliseppf.com\/es\/wp-json\/wp\/v2\/product_cat?post=9233"},{"taxonomy":"product_tag","embeddable":true,"href":"https:\/\/www.carliseppf.com\/es\/wp-json\/wp\/v2\/product_tag?post=9233"}],"curies":[{"name":"wp","href":"https:\/\/api.w.org\/{rel}","templated":true}]}}