{"id":9235,"date":"2025-10-28T03:19:49","date_gmt":"2025-10-28T03:19:49","guid":{"rendered":"https:\/\/www.carliseppf.com\/?post_type=product&#038;p=9235"},"modified":"2025-11-20T11:04:57","modified_gmt":"2025-11-20T11:04:57","slug":"ppf-wrap-for-cars-tpu-chameleon","status":"publish","type":"product","link":"https:\/\/www.carliseppf.com\/es\/product\/ppf-wrap-for-cars-tpu-chameleon\/","title":{"rendered":"TPU Camale\u00f3n \u2013 Envoltorio PPF Premium para coches"},"content":{"rendered":"<h2 data-start=\"653\" data-end=\"674\">Resumen del Producto<\/h2>\n<p data-start=\"675\" data-end=\"1052\">Este <strong data-start=\"680\" data-end=\"701\">envoltura ppf para coches<\/strong> est\u00e1 fabricado con material TPU Chameleon de alta calidad, que ofrece efectos vibrantes de cambio de color mientras protege la pintura de su coche de ara\u00f1azos y peque\u00f1os impactos. Adecuado para envolturas completas o parciales en coches, motocicletas<\/p>\n<p data-start=\"675\" data-end=\"1052\">cap\u00f3s, espejos y paneles decorativos. El suministro directo de f\u00e1brica garantiza pedidos al por mayor y tama\u00f1os personalizados para instaladores y mayoristas.<\/p>\n<h2 style=\"color: #ffffff; font-family: Manrope, sans-serif; font-size: 47.005px; font-weight: 600; font-style: normal; line-height: 47.9921px; text-decoration: none; text-transform: none; letter-spacing: normal; margin-top: 31.4934px; margin-bottom: 22.5624px; outline: 0px;\" data-start=\"1054\" data-end=\"1076\"><img fetchpriority=\"high\" decoding=\"async\" class=\"alignnone wp-image-9225 size-full\" style=\"color: #c0c0c1; font-size: 17px; font-weight: 400;\" src=\"https:\/\/www.carliseppf.com\/wp-content\/uploads\/2025\/10\/1947d55c4258ffa0e338a56de4d0540f.png\" alt=\"envoltura ppf para coches\" width=\"800\" height=\"800\" srcset=\"https:\/\/www.carliseppf.com\/wp-content\/uploads\/2025\/10\/1947d55c4258ffa0e338a56de4d0540f.png 800w, https:\/\/www.carliseppf.com\/wp-content\/uploads\/2025\/10\/1947d55c4258ffa0e338a56de4d0540f-300x300.png 300w, https:\/\/www.carliseppf.com\/wp-content\/uploads\/2025\/10\/1947d55c4258ffa0e338a56de4d0540f-150x150.png 150w, https:\/\/www.carliseppf.com\/wp-content\/uploads\/2025\/10\/1947d55c4258ffa0e338a56de4d0540f-768x768.png 768w, https:\/\/www.carliseppf.com\/wp-content\/uploads\/2025\/10\/1947d55c4258ffa0e338a56de4d0540f-370x370.png 370w, https:\/\/www.carliseppf.com\/wp-content\/uploads\/2025\/10\/1947d55c4258ffa0e338a56de4d0540f-120x120.png 120w, https:\/\/www.carliseppf.com\/wp-content\/uploads\/2025\/10\/1947d55c4258ffa0e338a56de4d0540f-410x410.png 410w, https:\/\/www.carliseppf.com\/wp-content\/uploads\/2025\/10\/1947d55c4258ffa0e338a56de4d0540f-630x630.png 630w, https:\/\/www.carliseppf.com\/wp-content\/uploads\/2025\/10\/1947d55c4258ffa0e338a56de4d0540f-730x730.png 730w, https:\/\/www.carliseppf.com\/wp-content\/uploads\/2025\/10\/1947d55c4258ffa0e338a56de4d0540f-460x460.png 460w\" sizes=\"(max-width: 800px) 100vw, 800px\" \/><\/h2>\n<h2 data-start=\"1054\" data-end=\"1076\">Dise\u00f1o y caracter\u00edsticas<\/h2>\n<ul data-start=\"1077\" data-end=\"1362\">\n<li data-start=\"1077\" data-end=\"1134\">\n<p data-start=\"1079\" data-end=\"1134\">Material TPU que cambia de color para efectos visuales \u00fanicos<\/p>\n<\/li>\n<li data-start=\"1135\" data-end=\"1179\">\n<p data-start=\"1137\" data-end=\"1179\">Tecnolog\u00eda de auto-reparaci\u00f3n y anti-rayaduras<\/p>\n<\/li>\n<li data-start=\"1180\" data-end=\"1220\">\n<p data-start=\"1182\" data-end=\"1220\">Flexible, duradero y f\u00e1cil de aplicar<\/p>\n<\/li>\n<li data-start=\"1221\" data-end=\"1281\">\n<p data-start=\"1223\" data-end=\"1281\">Compatible con profesionales <strong data-start=\"1252\" data-end=\"1273\">envoltura ppf para coches<\/strong> herramientas<\/p>\n<\/li>\n<li data-start=\"1282\" data-end=\"1362\">\n<p data-start=\"1284\" data-end=\"1362\">Ideal para cobertura completa o parcial del veh\u00edculo, pedidos al por mayor y proyectos personalizados<\/p>\n<h2 style=\"color: #ffffff; font-family: Manrope, sans-serif; font-size: 47.005px; font-weight: 600; font-style: normal; line-height: 47.9921px; text-decoration: none; text-transform: none; letter-spacing: normal; margin-top: 31.4934px; margin-bottom: 22.5624px; outline: 0px;\" data-start=\"1364\" data-end=\"1390\"><img decoding=\"async\" class=\"alignnone size-full wp-image-9230\" style=\"color: #c0c0c1; font-size: 17px; font-weight: 400;\" src=\"https:\/\/www.carliseppf.com\/wp-content\/uploads\/2025\/10\/5e45568bd0def4ac6c122997c1d41bee.png\" alt=\"\" width=\"800\" height=\"800\" srcset=\"https:\/\/www.carliseppf.com\/wp-content\/uploads\/2025\/10\/5e45568bd0def4ac6c122997c1d41bee.png 800w, https:\/\/www.carliseppf.com\/wp-content\/uploads\/2025\/10\/5e45568bd0def4ac6c122997c1d41bee-300x300.png 300w, https:\/\/www.carliseppf.com\/wp-content\/uploads\/2025\/10\/5e45568bd0def4ac6c122997c1d41bee-150x150.png 150w, https:\/\/www.carliseppf.com\/wp-content\/uploads\/2025\/10\/5e45568bd0def4ac6c122997c1d41bee-768x768.png 768w, https:\/\/www.carliseppf.com\/wp-content\/uploads\/2025\/10\/5e45568bd0def4ac6c122997c1d41bee-370x370.png 370w, https:\/\/www.carliseppf.com\/wp-content\/uploads\/2025\/10\/5e45568bd0def4ac6c122997c1d41bee-120x120.png 120w, https:\/\/www.carliseppf.com\/wp-content\/uploads\/2025\/10\/5e45568bd0def4ac6c122997c1d41bee-410x410.png 410w, https:\/\/www.carliseppf.com\/wp-content\/uploads\/2025\/10\/5e45568bd0def4ac6c122997c1d41bee-630x630.png 630w, https:\/\/www.carliseppf.com\/wp-content\/uploads\/2025\/10\/5e45568bd0def4ac6c122997c1d41bee-730x730.png 730w, https:\/\/www.carliseppf.com\/wp-content\/uploads\/2025\/10\/5e45568bd0def4ac6c122997c1d41bee-460x460.png 460w\" sizes=\"(max-width: 800px) 100vw, 800px\" \/><\/h2>\n<\/li>\n<\/ul>\n<h2 data-start=\"1364\" data-end=\"1390\">Material de alta calidad<\/h2>\n<ul data-start=\"1391\" data-end=\"1552\">\n<li data-start=\"1391\" data-end=\"1423\">\n<p data-start=\"1393\" data-end=\"1423\">Vinilo automotriz TPU de alta calidad<\/p>\n<\/li>\n<li data-start=\"1424\" data-end=\"1472\">\n<p data-start=\"1426\" data-end=\"1472\">Resistente a UV, impermeable, seguro para pintura OEM<\/p>\n<\/li>\n<li data-start=\"1473\" data-end=\"1521\">\n<p data-start=\"1475\" data-end=\"1521\">Rendimiento duradero en exteriores (3\u20135 a\u00f1os)<\/p>\n<\/li>\n<li data-start=\"1522\" data-end=\"1552\">\n<p data-start=\"1524\" data-end=\"1552\">F\u00e1cil de limpiar y mantener<\/p>\n<\/li>\n<li data-start=\"1522\" data-end=\"1552\">\n<p data-start=\"1524\" data-end=\"1552\"><img decoding=\"async\" class=\"alignnone size-full wp-image-9229\" src=\"https:\/\/www.carliseppf.com\/wp-content\/uploads\/2025\/10\/4a3fd3fc6e1eb5f64eaac77dac32030c.png\" alt=\"\" width=\"800\" height=\"800\" srcset=\"https:\/\/www.carliseppf.com\/wp-content\/uploads\/2025\/10\/4a3fd3fc6e1eb5f64eaac77dac32030c.png 800w, https:\/\/www.carliseppf.com\/wp-content\/uploads\/2025\/10\/4a3fd3fc6e1eb5f64eaac77dac32030c-300x300.png 300w, https:\/\/www.carliseppf.com\/wp-content\/uploads\/2025\/10\/4a3fd3fc6e1eb5f64eaac77dac32030c-150x150.png 150w, https:\/\/www.carliseppf.com\/wp-content\/uploads\/2025\/10\/4a3fd3fc6e1eb5f64eaac77dac32030c-768x768.png 768w, https:\/\/www.carliseppf.com\/wp-content\/uploads\/2025\/10\/4a3fd3fc6e1eb5f64eaac77dac32030c-370x370.png 370w, https:\/\/www.carliseppf.com\/wp-content\/uploads\/2025\/10\/4a3fd3fc6e1eb5f64eaac77dac32030c-120x120.png 120w, https:\/\/www.carliseppf.com\/wp-content\/uploads\/2025\/10\/4a3fd3fc6e1eb5f64eaac77dac32030c-410x410.png 410w, https:\/\/www.carliseppf.com\/wp-content\/uploads\/2025\/10\/4a3fd3fc6e1eb5f64eaac77dac32030c-630x630.png 630w, https:\/\/www.carliseppf.com\/wp-content\/uploads\/2025\/10\/4a3fd3fc6e1eb5f64eaac77dac32030c-730x730.png 730w, https:\/\/www.carliseppf.com\/wp-content\/uploads\/2025\/10\/4a3fd3fc6e1eb5f64eaac77dac32030c-460x460.png 460w\" sizes=\"(max-width: 800px) 100vw, 800px\" \/><\/p>\n<\/li>\n<\/ul>\n<h2 data-start=\"1554\" data-end=\"1592\">F\u00e1cil instalaci\u00f3n y personalizaci\u00f3n<\/h2>\n<ul data-start=\"1593\" data-end=\"1804\">\n<li data-start=\"1593\" data-end=\"1645\">\n<p data-start=\"1595\" data-end=\"1645\">Adhesivo con liberaci\u00f3n de aire para una aplicaci\u00f3n sin burbujas<\/p>\n<\/li>\n<li data-start=\"1646\" data-end=\"1697\">\n<p data-start=\"1648\" data-end=\"1697\">Flexible y termoformable para curvas y bordes<\/p>\n<\/li>\n<li data-start=\"1698\" data-end=\"1749\">\n<p data-start=\"1700\" data-end=\"1749\">Rollos personalizables para pedidos al por mayor o en volumen<\/p>\n<\/li>\n<li data-start=\"1750\" data-end=\"1804\">\n<p data-start=\"1752\" data-end=\"1804\">Apto para instaladores profesionales y usuarios de bricolaje<\/p>\n<h2 style=\"color: #ffffff; font-family: Manrope, sans-serif; font-size: 47.005px; font-weight: 600; font-style: normal; line-height: 47.9921px; text-decoration: none; text-transform: none; letter-spacing: normal; margin-top: 31.4934px; margin-bottom: 22.5624px; outline: 0px;\" data-start=\"2016\" data-end=\"2035\"><img loading=\"lazy\" decoding=\"async\" class=\"alignnone size-full wp-image-9228\" style=\"color: #c0c0c1; font-size: 17px; font-weight: 400;\" src=\"https:\/\/www.carliseppf.com\/wp-content\/uploads\/2025\/10\/01becd7fbe3701c1e6404a0ea879d230.png\" alt=\"\" width=\"800\" height=\"800\" srcset=\"https:\/\/www.carliseppf.com\/wp-content\/uploads\/2025\/10\/01becd7fbe3701c1e6404a0ea879d230.png 800w, https:\/\/www.carliseppf.com\/wp-content\/uploads\/2025\/10\/01becd7fbe3701c1e6404a0ea879d230-300x300.png 300w, https:\/\/www.carliseppf.com\/wp-content\/uploads\/2025\/10\/01becd7fbe3701c1e6404a0ea879d230-150x150.png 150w, https:\/\/www.carliseppf.com\/wp-content\/uploads\/2025\/10\/01becd7fbe3701c1e6404a0ea879d230-768x768.png 768w, https:\/\/www.carliseppf.com\/wp-content\/uploads\/2025\/10\/01becd7fbe3701c1e6404a0ea879d230-370x370.png 370w, https:\/\/www.carliseppf.com\/wp-content\/uploads\/2025\/10\/01becd7fbe3701c1e6404a0ea879d230-120x120.png 120w, https:\/\/www.carliseppf.com\/wp-content\/uploads\/2025\/10\/01becd7fbe3701c1e6404a0ea879d230-410x410.png 410w, https:\/\/www.carliseppf.com\/wp-content\/uploads\/2025\/10\/01becd7fbe3701c1e6404a0ea879d230-630x630.png 630w, https:\/\/www.carliseppf.com\/wp-content\/uploads\/2025\/10\/01becd7fbe3701c1e6404a0ea879d230-730x730.png 730w, https:\/\/www.carliseppf.com\/wp-content\/uploads\/2025\/10\/01becd7fbe3701c1e6404a0ea879d230-460x460.png 460w\" sizes=\"(max-width: 800px) 100vw, 800px\" \/><\/h2>\n<\/li>\n<\/ul>\n<h2 data-start=\"1806\" data-end=\"1823\">Aplicaciones<\/h2>\n<ul data-start=\"1824\" data-end=\"2014\">\n<li data-start=\"1824\" data-end=\"1877\">\n<p data-start=\"1826\" data-end=\"1877\">Envoltorios completos para veh\u00edculos: coches, SUVs, motocicletas, furgonetas<\/p>\n<\/li>\n<li data-start=\"1878\" data-end=\"1928\">\n<p data-start=\"1880\" data-end=\"1928\">Envoltorios parciales: cap\u00f3s, techos, espejos, spoilers<\/p>\n<\/li>\n<li data-start=\"1929\" data-end=\"1969\">\n<p data-start=\"1931\" data-end=\"1969\">Ajustes interiores y paneles decorativos<\/p>\n<\/li>\n<li data-start=\"1970\" data-end=\"2014\">\n<p data-start=\"1972\" data-end=\"2014\">Ideal para <strong data-start=\"1982\" data-end=\"2003\">envoltura ppf para coches<\/strong> proyectos<\/p>\n<\/li>\n<li data-start=\"1970\" data-end=\"2014\">\n<p data-start=\"1972\" data-end=\"2014\"><img loading=\"lazy\" decoding=\"async\" class=\"alignnone size-full wp-image-9227\" src=\"https:\/\/www.carliseppf.com\/wp-content\/uploads\/2025\/10\/f750cf0c4f17ae72bfa5415666b22bd5.png\" alt=\"\" width=\"800\" height=\"800\" srcset=\"https:\/\/www.carliseppf.com\/wp-content\/uploads\/2025\/10\/f750cf0c4f17ae72bfa5415666b22bd5.png 800w, https:\/\/www.carliseppf.com\/wp-content\/uploads\/2025\/10\/f750cf0c4f17ae72bfa5415666b22bd5-300x300.png 300w, https:\/\/www.carliseppf.com\/wp-content\/uploads\/2025\/10\/f750cf0c4f17ae72bfa5415666b22bd5-150x150.png 150w, https:\/\/www.carliseppf.com\/wp-content\/uploads\/2025\/10\/f750cf0c4f17ae72bfa5415666b22bd5-768x768.png 768w, https:\/\/www.carliseppf.com\/wp-content\/uploads\/2025\/10\/f750cf0c4f17ae72bfa5415666b22bd5-370x370.png 370w, https:\/\/www.carliseppf.com\/wp-content\/uploads\/2025\/10\/f750cf0c4f17ae72bfa5415666b22bd5-120x120.png 120w, https:\/\/www.carliseppf.com\/wp-content\/uploads\/2025\/10\/f750cf0c4f17ae72bfa5415666b22bd5-410x410.png 410w, https:\/\/www.carliseppf.com\/wp-content\/uploads\/2025\/10\/f750cf0c4f17ae72bfa5415666b22bd5-630x630.png 630w, https:\/\/www.carliseppf.com\/wp-content\/uploads\/2025\/10\/f750cf0c4f17ae72bfa5415666b22bd5-730x730.png 730w, https:\/\/www.carliseppf.com\/wp-content\/uploads\/2025\/10\/f750cf0c4f17ae72bfa5415666b22bd5-460x460.png 460w\" sizes=\"(max-width: 800px) 100vw, 800px\" \/><\/p>\n<\/li>\n<\/ul>\n<h2 data-start=\"2016\" data-end=\"2035\">Ventajas clave<\/h2>\n<ul data-start=\"2036\" data-end=\"2320\">\n<li data-start=\"2036\" data-end=\"2077\">\n<p data-start=\"2038\" data-end=\"2077\">Premium <strong data-start=\"2046\" data-end=\"2067\">envoltura ppf para coches<\/strong> calidad<\/p>\n<\/li>\n<li data-start=\"2078\" data-end=\"2139\">\n<p data-start=\"2080\" data-end=\"2139\">Tecnolog\u00eda de autorreparaci\u00f3n, antiara\u00f1azos y cambio de color<\/p>\n<\/li>\n<li data-start=\"2140\" data-end=\"2194\">\n<p data-start=\"2142\" data-end=\"2194\">Directo de f\u00e1brica, completamente personalizable para pedidos al por mayor<\/p>\n<\/li>\n<li data-start=\"2195\" data-end=\"2258\">\n<p data-start=\"2197\" data-end=\"2258\">F\u00e1cil instalaci\u00f3n para usuarios de bricolaje e instaladores profesionales<\/p>\n<\/li>\n<li data-start=\"2259\" data-end=\"2320\">\n<p data-start=\"2261\" data-end=\"2320\">Perfecto para talleres automotrices, instaladores y entusiastas<\/p>\n<\/li>\n<\/ul>\n<h2 data-start=\"2322\" data-end=\"2343\">Incluye el paquete<\/h2>\n<ul data-start=\"2344\" data-end=\"2446\">\n<li data-start=\"2344\" data-end=\"2377\">\n<p data-start=\"2346\" data-end=\"2377\">1 Rollo de Vinilo TPU Chameleon<\/p>\n<\/li>\n<li data-start=\"2378\" data-end=\"2446\">\n<p data-start=\"2380\" data-end=\"2446\">Kit de instalaci\u00f3n opcional: esp\u00e1tula, cuchilla, pa\u00f1o de microfibra<\/p>\n<\/li>\n<\/ul>\n<h2 data-start=\"2448\" data-end=\"2477\">\u00bfPor qu\u00e9 elegir este producto?<\/h2>\n<p data-start=\"2478\" data-end=\"2774\">Este directo de f\u00e1brica <strong data-start=\"2498\" data-end=\"2519\">envoltura ppf para coches<\/strong> ofrece calidad profesional, acabado vibrante de cambio de color y protecci\u00f3n duradera de la pintura. Completamente personalizable para pedidos al por mayor o individuales, ideal para instaladores, mayoristas y negocios que ofrecen productos premium <strong data-start=\"2736\" data-end=\"2761\">pel\u00edcula de protecci\u00f3n de pintura<\/strong> soluciones.<\/p>\n<p>\u00a0 \u00a0 \u00a0<img loading=\"lazy\" decoding=\"async\" class=\"alignnone size-full wp-image-9226\" src=\"https:\/\/www.carliseppf.com\/wp-content\/uploads\/2025\/10\/a61982fcbcae63c8afe5e68eb1a17615.png\" alt=\"\" width=\"800\" height=\"800\" srcset=\"https:\/\/www.carliseppf.com\/wp-content\/uploads\/2025\/10\/a61982fcbcae63c8afe5e68eb1a17615.png 800w, https:\/\/www.carliseppf.com\/wp-content\/uploads\/2025\/10\/a61982fcbcae63c8afe5e68eb1a17615-300x300.png 300w, https:\/\/www.carliseppf.com\/wp-content\/uploads\/2025\/10\/a61982fcbcae63c8afe5e68eb1a17615-150x150.png 150w, https:\/\/www.carliseppf.com\/wp-content\/uploads\/2025\/10\/a61982fcbcae63c8afe5e68eb1a17615-768x768.png 768w, https:\/\/www.carliseppf.com\/wp-content\/uploads\/2025\/10\/a61982fcbcae63c8afe5e68eb1a17615-370x370.png 370w, https:\/\/www.carliseppf.com\/wp-content\/uploads\/2025\/10\/a61982fcbcae63c8afe5e68eb1a17615-120x120.png 120w, https:\/\/www.carliseppf.com\/wp-content\/uploads\/2025\/10\/a61982fcbcae63c8afe5e68eb1a17615-410x410.png 410w, https:\/\/www.carliseppf.com\/wp-content\/uploads\/2025\/10\/a61982fcbcae63c8afe5e68eb1a17615-630x630.png 630w, https:\/\/www.carliseppf.com\/wp-content\/uploads\/2025\/10\/a61982fcbcae63c8afe5e68eb1a17615-730x730.png 730w, https:\/\/www.carliseppf.com\/wp-content\/uploads\/2025\/10\/a61982fcbcae63c8afe5e68eb1a17615-460x460.png 460w\" sizes=\"(max-width: 800px) 100vw, 800px\" \/><\/p>","protected":false},"excerpt":{"rendered":"<p data-start=\"348\" data-end=\"633\">Mejora tu veh\u00edculo con esto <strong data-start=\"379\" data-end=\"408\">envoltura premium ppf para coches<\/strong> \u2013 Vinilo TPU Chameleon con caracter\u00edsticas de autorreparaci\u00f3n, antiara\u00f1azos y efectos de cambio de color. Suministro directo de f\u00e1brica, completamente personalizable para pedidos al por mayor. Ideal para instaladores profesionales, mayoristas y entusiastas del automovilismo.<\/p>","protected":false},"featured_media":9236,"comment_status":"open","ping_status":"closed","template":"","meta":[],"product_brand":[],"product_cat":[216],"product_tag":[],"class_list":{"0":"post-9235","1":"product","2":"type-product","3":"status-publish","4":"has-post-thumbnail","6":"product_cat-colored-ppf","8":"first","9":"instock","10":"shipping-taxable","11":"product-type-simple"},"_links":{"self":[{"href":"https:\/\/www.carliseppf.com\/es\/wp-json\/wp\/v2\/product\/9235","targetHints":{"allow":["GET"]}}],"collection":[{"href":"https:\/\/www.carliseppf.com\/es\/wp-json\/wp\/v2\/product"}],"about":[{"href":"https:\/\/www.carliseppf.com\/es\/wp-json\/wp\/v2\/types\/product"}],"replies":[{"embeddable":true,"href":"https:\/\/www.carliseppf.com\/es\/wp-json\/wp\/v2\/comments?post=9235"}],"wp:featuredmedia":[{"embeddable":true,"href":"https:\/\/www.carliseppf.com\/es\/wp-json\/wp\/v2\/media\/9236"}],"wp:attachment":[{"href":"https:\/\/www.carliseppf.com\/es\/wp-json\/wp\/v2\/media?parent=9235"}],"wp:term":[{"taxonomy":"product_brand","embeddable":true,"href":"https:\/\/www.carliseppf.com\/es\/wp-json\/wp\/v2\/product_brand?post=9235"},{"taxonomy":"product_cat","embeddable":true,"href":"https:\/\/www.carliseppf.com\/es\/wp-json\/wp\/v2\/product_cat?post=9235"},{"taxonomy":"product_tag","embeddable":true,"href":"https:\/\/www.carliseppf.com\/es\/wp-json\/wp\/v2\/product_tag?post=9235"}],"curies":[{"name":"wp","href":"https:\/\/api.w.org\/{rel}","templated":true}]}}