{"id":9237,"date":"2025-10-28T03:24:47","date_gmt":"2025-10-28T03:24:47","guid":{"rendered":"https:\/\/www.carliseppf.com\/?post_type=product&#038;p=9237"},"modified":"2025-11-21T02:51:28","modified_gmt":"2025-11-21T02:51:28","slug":"tinted-window-film-for-home-blue","status":"publish","type":"product","link":"https:\/\/www.carliseppf.com\/es\/product\/tinted-window-film-for-home-blue\/","title":{"rendered":"Pel\u00edcula reflectante met\u00e1lica azul de 2mil \u2013 Pel\u00edcula tintada para ventanas en hogares"},"content":{"rendered":"<h2 data-start=\"764\" data-end=\"783\">Resumen del Producto<\/h2>\n<p data-start=\"785\" data-end=\"1076\">Este premium <strong data-start=\"798\" data-end=\"829\">Pel\u00edcula tintada para ventanas en hogares<\/strong> utiliza una capa reflectante de espejo met\u00e1lico azul de 2mil para proporcionar rechazo efectivo del calor, privacidad interior y protecci\u00f3n UV. Es perfecto para ventanas residenciales, edificios de oficinas, invernaderos y paredes de vidrio que requieren una apariencia reflectante elegante.<\/p>\n<h2 data-start=\"1078\" data-end=\"1100\">Caracter\u00edsticas y Beneficios<\/h2>\n<ul data-start=\"1102\" data-end=\"1455\">\n<li data-start=\"1102\" data-end=\"1154\">\n<p data-start=\"1104\" data-end=\"1154\">Alto rendimiento <strong data-start=\"1121\" data-end=\"1152\">Pel\u00edcula tintada para ventanas en hogares<\/strong><\/p>\n<\/li>\n<li data-start=\"1155\" data-end=\"1224\">\n<p data-start=\"1157\" data-end=\"1224\">grosor de 2mil para resistencia, durabilidad y claridad duradera<\/p>\n<\/li>\n<li data-start=\"1225\" data-end=\"1285\">\n<p data-start=\"1227\" data-end=\"1285\">Acabado reflectante de espejo azul para privacidad durante el d\u00eda<\/p>\n<\/li>\n<li data-start=\"1286\" data-end=\"1330\">\n<p data-start=\"1288\" data-end=\"1330\">Reduce el calor, el deslumbramiento y los rayos UV da\u00f1inos<\/p>\n<\/li>\n<li data-start=\"1331\" data-end=\"1380\">\n<p data-start=\"1333\" data-end=\"1380\">Estructura autoadhesiva para una instalaci\u00f3n sencilla<\/p>\n<\/li>\n<li data-start=\"1381\" data-end=\"1455\">\n<p data-start=\"1383\" data-end=\"1455\">Ideal para tintado completo del hogar, mejoras en habitaciones y ahorro energ\u00e9tico en edificios<\/p>\n<\/li>\n<\/ul>\n<h2 data-start=\"1457\" data-end=\"1478\">Material y Calidad<\/h2>\n<ul data-start=\"1480\" data-end=\"1679\">\n<li data-start=\"1480\" data-end=\"1509\">\n<p data-start=\"1482\" data-end=\"1509\">Material base de PET duradero<\/p>\n<\/li>\n<li data-start=\"1510\" data-end=\"1569\">\n<p data-start=\"1512\" data-end=\"1569\">Revestimiento reflectante metalizado para m\u00e1xima rechazo del calor<\/p>\n<\/li>\n<li data-start=\"1570\" data-end=\"1594\">\n<p data-start=\"1572\" data-end=\"1594\">Superficie antiara\u00f1azos<\/p>\n<\/li>\n<li data-start=\"1595\" data-end=\"1629\">\n<p data-start=\"1597\" data-end=\"1629\">Color estable, no se decolora f\u00e1cilmente<\/p>\n<\/li>\n<li data-start=\"1630\" data-end=\"1679\">\n<p data-start=\"1632\" data-end=\"1679\">Seguro para todas las ventanas de vidrio interiores y exteriores<\/p>\n<\/li>\n<\/ul>\n<h2 data-start=\"1681\" data-end=\"1712\">Instalaci\u00f3n y personalizaci\u00f3n<\/h2>\n<ul data-start=\"1714\" data-end=\"1950\">\n<li data-start=\"1714\" data-end=\"1773\">\n<p data-start=\"1716\" data-end=\"1773\">Dise\u00f1o autoadhesivo para una instalaci\u00f3n r\u00e1pida sin burbujas<\/p>\n<\/li>\n<li data-start=\"1774\" data-end=\"1830\">\n<p data-start=\"1776\" data-end=\"1830\">Permite cortar a tama\u00f1os personalizados para instaladores dom\u00e9sticos<\/p>\n<\/li>\n<li data-start=\"1831\" data-end=\"1889\">\n<p data-start=\"1833\" data-end=\"1889\">Disponible para compra al por mayor o personalizaci\u00f3n de marca OEM<\/p>\n<\/li>\n<li data-start=\"1890\" data-end=\"1950\">\n<p data-start=\"1892\" data-end=\"1950\">Apto para contratistas profesionales y propietarios que hagan bricolaje<\/p>\n<\/li>\n<\/ul>\n<h2 data-start=\"1952\" data-end=\"1967\">Aplicaciones<\/h2>\n<ul data-start=\"1969\" data-end=\"2161\">\n<li data-start=\"1969\" data-end=\"2018\">\n<p data-start=\"1971\" data-end=\"2018\">Ventanas de la casa (sal\u00f3n, dormitorio, cocina)<\/p>\n<\/li>\n<li data-start=\"2019\" data-end=\"2060\">\n<p data-start=\"2021\" data-end=\"2060\">Edificios de apartamentos y vidrios de balcones<\/p>\n<\/li>\n<li data-start=\"2061\" data-end=\"2101\">\n<p data-start=\"2063\" data-end=\"2101\">Divisiones de vidrio en oficinas y invernaderos<\/p>\n<\/li>\n<li data-start=\"2102\" data-end=\"2161\">\n<p data-start=\"2104\" data-end=\"2161\">Locales comerciales que necesitan control de calor y privacidad<\/p>\n<\/li>\n<\/ul>\n<h2 data-start=\"2163\" data-end=\"2180\">Ventajas clave<\/h2>\n<ul data-start=\"2182\" data-end=\"2387\">\n<li data-start=\"2182\" data-end=\"2230\">\n<p data-start=\"2184\" data-end=\"2230\">Suministro directo de f\u00e1brica con precios al por mayor<\/p>\n<\/li>\n<li data-start=\"2231\" data-end=\"2285\">\n<p data-start=\"2233\" data-end=\"2285\">De grado profesional <strong data-start=\"2252\" data-end=\"2283\">Pel\u00edcula tintada para ventanas en hogares<\/strong><\/p>\n<\/li>\n<li data-start=\"2286\" data-end=\"2341\">\n<p data-start=\"2288\" data-end=\"2341\">Rendimiento de ahorro de energ\u00eda al reducir la transferencia de calor<\/p>\n<\/li>\n<li data-start=\"2342\" data-end=\"2387\">\n<p data-start=\"2344\" data-end=\"2387\">Mejora la comodidad interior y reduce el deslumbramiento<\/p>\n<\/li>\n<\/ul>\n<h2 data-start=\"2389\" data-end=\"2408\">Incluye el paquete<\/h2>\n<ul data-start=\"2410\" data-end=\"2523\">\n<li data-start=\"2410\" data-end=\"2462\">\n<p data-start=\"2412\" data-end=\"2462\">1 Rollo de pel\u00edcula reflectante met\u00e1lica azul de 2mil<\/p>\n<\/li>\n<li data-start=\"2463\" data-end=\"2523\">\n<p data-start=\"2465\" data-end=\"2523\">Herramientas opcionales: esp\u00e1tula, cuchillo multiusos, pa\u00f1o de microfibra<\/p>\n<\/li>\n<\/ul>\n<h2 data-start=\"2525\" data-end=\"2552\">\u00bfPor qu\u00e9 elegir este producto?<\/h2>\n<p data-start=\"2554\" data-end=\"2846\">Este de alta calidad <strong data-start=\"2572\" data-end=\"2603\">Pel\u00edcula tintada para ventanas en hogares<\/strong> mejora la privacidad, bloquea los rayos UV y reduce el calor interior, todo mientras da a tus ventanas una apariencia moderna reflectante azul. Es ideal para propietarios, contratistas y distribuidores que buscan materiales de tintado de ventanas duraderos y efectivos.<\/p>\n<p><img fetchpriority=\"high\" decoding=\"async\" class=\"alignnone wp-image-9238 size-full\" src=\"https:\/\/www.carliseppf.com\/wp-content\/uploads\/2025\/10\/21c2474754971abd3a65c3f8ad26a494.png\" alt=\"pel\u00edcula de ventana tintada azul para instalaci\u00f3n en el hogar\" width=\"800\" height=\"800\" srcset=\"https:\/\/www.carliseppf.com\/wp-content\/uploads\/2025\/10\/21c2474754971abd3a65c3f8ad26a494.png 800w, https:\/\/www.carliseppf.com\/wp-content\/uploads\/2025\/10\/21c2474754971abd3a65c3f8ad26a494-300x300.png 300w, https:\/\/www.carliseppf.com\/wp-content\/uploads\/2025\/10\/21c2474754971abd3a65c3f8ad26a494-150x150.png 150w, https:\/\/www.carliseppf.com\/wp-content\/uploads\/2025\/10\/21c2474754971abd3a65c3f8ad26a494-768x768.png 768w, https:\/\/www.carliseppf.com\/wp-content\/uploads\/2025\/10\/21c2474754971abd3a65c3f8ad26a494-370x370.png 370w, https:\/\/www.carliseppf.com\/wp-content\/uploads\/2025\/10\/21c2474754971abd3a65c3f8ad26a494-120x120.png 120w, https:\/\/www.carliseppf.com\/wp-content\/uploads\/2025\/10\/21c2474754971abd3a65c3f8ad26a494-410x410.png 410w, https:\/\/www.carliseppf.com\/wp-content\/uploads\/2025\/10\/21c2474754971abd3a65c3f8ad26a494-630x630.png 630w, https:\/\/www.carliseppf.com\/wp-content\/uploads\/2025\/10\/21c2474754971abd3a65c3f8ad26a494-730x730.png 730w, https:\/\/www.carliseppf.com\/wp-content\/uploads\/2025\/10\/21c2474754971abd3a65c3f8ad26a494-460x460.png 460w\" sizes=\"(max-width: 800px) 100vw, 800px\" \/><img decoding=\"async\" class=\"alignnone wp-image-9240 size-full\" src=\"https:\/\/www.carliseppf.com\/wp-content\/uploads\/2025\/10\/9b3864f3bb428a8f203f9cbce2f171c5.png\" alt=\"pel\u00edcula reflectante tintada para reducci\u00f3n de calor en el hogar\" width=\"800\" height=\"800\" srcset=\"https:\/\/www.carliseppf.com\/wp-content\/uploads\/2025\/10\/9b3864f3bb428a8f203f9cbce2f171c5.png 800w, https:\/\/www.carliseppf.com\/wp-content\/uploads\/2025\/10\/9b3864f3bb428a8f203f9cbce2f171c5-300x300.png 300w, https:\/\/www.carliseppf.com\/wp-content\/uploads\/2025\/10\/9b3864f3bb428a8f203f9cbce2f171c5-150x150.png 150w, https:\/\/www.carliseppf.com\/wp-content\/uploads\/2025\/10\/9b3864f3bb428a8f203f9cbce2f171c5-768x768.png 768w, https:\/\/www.carliseppf.com\/wp-content\/uploads\/2025\/10\/9b3864f3bb428a8f203f9cbce2f171c5-370x370.png 370w, https:\/\/www.carliseppf.com\/wp-content\/uploads\/2025\/10\/9b3864f3bb428a8f203f9cbce2f171c5-120x120.png 120w, https:\/\/www.carliseppf.com\/wp-content\/uploads\/2025\/10\/9b3864f3bb428a8f203f9cbce2f171c5-410x410.png 410w, https:\/\/www.carliseppf.com\/wp-content\/uploads\/2025\/10\/9b3864f3bb428a8f203f9cbce2f171c5-630x630.png 630w, https:\/\/www.carliseppf.com\/wp-content\/uploads\/2025\/10\/9b3864f3bb428a8f203f9cbce2f171c5-730x730.png 730w, https:\/\/www.carliseppf.com\/wp-content\/uploads\/2025\/10\/9b3864f3bb428a8f203f9cbce2f171c5-460x460.png 460w\" sizes=\"(max-width: 800px) 100vw, 800px\" \/> <img decoding=\"async\" class=\"alignnone wp-image-9241 size-full\" src=\"https:\/\/www.carliseppf.com\/wp-content\/uploads\/2025\/10\/5721d5f39a690d6b6ccea21ad76a74a8.png\" alt=\"pel\u00edcula de ventana tintada con espejo azul para privacidad en el hogar\" width=\"800\" height=\"800\" srcset=\"https:\/\/www.carliseppf.com\/wp-content\/uploads\/2025\/10\/5721d5f39a690d6b6ccea21ad76a74a8.png 800w, https:\/\/www.carliseppf.com\/wp-content\/uploads\/2025\/10\/5721d5f39a690d6b6ccea21ad76a74a8-300x300.png 300w, https:\/\/www.carliseppf.com\/wp-content\/uploads\/2025\/10\/5721d5f39a690d6b6ccea21ad76a74a8-150x150.png 150w, https:\/\/www.carliseppf.com\/wp-content\/uploads\/2025\/10\/5721d5f39a690d6b6ccea21ad76a74a8-768x768.png 768w, https:\/\/www.carliseppf.com\/wp-content\/uploads\/2025\/10\/5721d5f39a690d6b6ccea21ad76a74a8-370x370.png 370w, https:\/\/www.carliseppf.com\/wp-content\/uploads\/2025\/10\/5721d5f39a690d6b6ccea21ad76a74a8-120x120.png 120w, https:\/\/www.carliseppf.com\/wp-content\/uploads\/2025\/10\/5721d5f39a690d6b6ccea21ad76a74a8-410x410.png 410w, https:\/\/www.carliseppf.com\/wp-content\/uploads\/2025\/10\/5721d5f39a690d6b6ccea21ad76a74a8-630x630.png 630w, https:\/\/www.carliseppf.com\/wp-content\/uploads\/2025\/10\/5721d5f39a690d6b6ccea21ad76a74a8-730x730.png 730w, https:\/\/www.carliseppf.com\/wp-content\/uploads\/2025\/10\/5721d5f39a690d6b6ccea21ad76a74a8-460x460.png 460w\" sizes=\"(max-width: 800px) 100vw, 800px\" \/> <img loading=\"lazy\" decoding=\"async\" class=\"alignnone wp-image-9242 size-full\" src=\"https:\/\/www.carliseppf.com\/wp-content\/uploads\/2025\/10\/decb15c6ed8229b31b65ca884eace8d1.png\" alt=\"vidrio residencial con pel\u00edcula de ventana tintada azul para el hogar\" width=\"800\" height=\"800\" srcset=\"https:\/\/www.carliseppf.com\/wp-content\/uploads\/2025\/10\/decb15c6ed8229b31b65ca884eace8d1.png 800w, https:\/\/www.carliseppf.com\/wp-content\/uploads\/2025\/10\/decb15c6ed8229b31b65ca884eace8d1-300x300.png 300w, https:\/\/www.carliseppf.com\/wp-content\/uploads\/2025\/10\/decb15c6ed8229b31b65ca884eace8d1-150x150.png 150w, https:\/\/www.carliseppf.com\/wp-content\/uploads\/2025\/10\/decb15c6ed8229b31b65ca884eace8d1-768x768.png 768w, https:\/\/www.carliseppf.com\/wp-content\/uploads\/2025\/10\/decb15c6ed8229b31b65ca884eace8d1-370x370.png 370w, https:\/\/www.carliseppf.com\/wp-content\/uploads\/2025\/10\/decb15c6ed8229b31b65ca884eace8d1-120x120.png 120w, https:\/\/www.carliseppf.com\/wp-content\/uploads\/2025\/10\/decb15c6ed8229b31b65ca884eace8d1-410x410.png 410w, https:\/\/www.carliseppf.com\/wp-content\/uploads\/2025\/10\/decb15c6ed8229b31b65ca884eace8d1-630x630.png 630w, https:\/\/www.carliseppf.com\/wp-content\/uploads\/2025\/10\/decb15c6ed8229b31b65ca884eace8d1-730x730.png 730w, https:\/\/www.carliseppf.com\/wp-content\/uploads\/2025\/10\/decb15c6ed8229b31b65ca884eace8d1-460x460.png 460w\" sizes=\"(max-width: 800px) 100vw, 800px\" \/><\/p>","protected":false},"excerpt":{"rendered":"<p>Alta calidad <strong data-start=\"485\" data-end=\"516\">Pel\u00edcula tintada para ventanas en hogares<\/strong> fabricado con material reflectante de espejo met\u00e1lico azul de 2mil de grosor. Dise\u00f1ado para aislamiento t\u00e9rmico, protecci\u00f3n de la privacidad y bloqueo UV. Ideal para edificios residenciales, oficinas y espacios comerciales, soportando tama\u00f1os de rollo al por mayor y personalizados.<\/p>","protected":false},"featured_media":9239,"comment_status":"open","ping_status":"closed","template":"","meta":[],"product_brand":[],"product_cat":[218],"product_tag":[],"class_list":{"0":"post-9237","1":"product","2":"type-product","3":"status-publish","4":"has-post-thumbnail","6":"product_cat-architectural-window-film","8":"first","9":"instock","10":"shipping-taxable","11":"product-type-simple"},"_links":{"self":[{"href":"https:\/\/www.carliseppf.com\/es\/wp-json\/wp\/v2\/product\/9237","targetHints":{"allow":["GET"]}}],"collection":[{"href":"https:\/\/www.carliseppf.com\/es\/wp-json\/wp\/v2\/product"}],"about":[{"href":"https:\/\/www.carliseppf.com\/es\/wp-json\/wp\/v2\/types\/product"}],"replies":[{"embeddable":true,"href":"https:\/\/www.carliseppf.com\/es\/wp-json\/wp\/v2\/comments?post=9237"}],"wp:featuredmedia":[{"embeddable":true,"href":"https:\/\/www.carliseppf.com\/es\/wp-json\/wp\/v2\/media\/9239"}],"wp:attachment":[{"href":"https:\/\/www.carliseppf.com\/es\/wp-json\/wp\/v2\/media?parent=9237"}],"wp:term":[{"taxonomy":"product_brand","embeddable":true,"href":"https:\/\/www.carliseppf.com\/es\/wp-json\/wp\/v2\/product_brand?post=9237"},{"taxonomy":"product_cat","embeddable":true,"href":"https:\/\/www.carliseppf.com\/es\/wp-json\/wp\/v2\/product_cat?post=9237"},{"taxonomy":"product_tag","embeddable":true,"href":"https:\/\/www.carliseppf.com\/es\/wp-json\/wp\/v2\/product_tag?post=9237"}],"curies":[{"name":"wp","href":"https:\/\/api.w.org\/{rel}","templated":true}]}}