{"id":9247,"date":"2025-10-28T03:31:17","date_gmt":"2025-10-28T03:31:17","guid":{"rendered":"https:\/\/www.carliseppf.com\/?post_type=product&#038;p=9247"},"modified":"2025-11-21T02:40:34","modified_gmt":"2025-11-21T02:40:34","slug":"tinting-house-windows-green-mirror-film","status":"publish","type":"product","link":"https:\/\/www.carliseppf.com\/es\/product\/tinting-house-windows-green-mirror-film\/","title":{"rendered":"Pel\u00edcula reflectante met\u00e1lica verde de 2mil \u2013 Ideal para tintar ventanas de casas"},"content":{"rendered":"<h2 data-start=\"759\" data-end=\"778\">Resumen del Producto<\/h2>\n<p data-start=\"780\" data-end=\"1144\">Este <strong data-start=\"785\" data-end=\"828\">pel\u00edcula reflectante de espejo met\u00e1lico verde de 2mil<\/strong> est\u00e1 dise\u00f1ada espec\u00edficamente para <strong data-start=\"860\" data-end=\"885\">Tintado de ventanas de casas<\/strong>, ofreciendo un equilibrio perfecto entre control de calor, bloqueo de UV y mejora de la privacidad. El efecto de espejo verde exterior reduce el calor solar y el deslumbramiento mientras mantiene la comodidad interior. Ideal para edificios residenciales, oficinas, invernaderos y paredes de vidrio comerciales.<\/p>\n<h2 data-start=\"1146\" data-end=\"1168\">Caracter\u00edsticas y Beneficios<\/h2>\n<ul data-start=\"1170\" data-end=\"1553\">\n<li data-start=\"1170\" data-end=\"1247\">\n<p data-start=\"1172\" data-end=\"1247\">Dise\u00f1ado para <strong data-start=\"1185\" data-end=\"1210\">Tintado de ventanas de casas<\/strong> con un rendimiento reflectante fuerte<\/p>\n<\/li>\n<li data-start=\"1248\" data-end=\"1302\">\n<p data-start=\"1250\" data-end=\"1302\">espesor de 2mil para mayor durabilidad y claridad<\/p>\n<\/li>\n<li data-start=\"1303\" data-end=\"1368\">\n<p data-start=\"1305\" data-end=\"1368\">La capa exterior de espejo met\u00e1lico verde proporciona una privacidad diurna superior<\/p>\n<\/li>\n<li data-start=\"1369\" data-end=\"1419\">\n<p data-start=\"1371\" data-end=\"1419\">Bloquea los rayos UV y reduce la acumulaci\u00f3n de calor en interiores<\/p>\n<\/li>\n<li data-start=\"1420\" data-end=\"1482\">\n<p data-start=\"1422\" data-end=\"1482\">Respaldo autoadhesivo para una instalaci\u00f3n suave y sin burbujas<\/p>\n<\/li>\n<li data-start=\"1483\" data-end=\"1553\">\n<p data-start=\"1485\" data-end=\"1553\">Apto para proyectos de vidrio residencial, de oficina y arquitect\u00f3nico<\/p>\n<\/li>\n<\/ul>\n<h2 data-start=\"1555\" data-end=\"1576\">Material y Calidad<\/h2>\n<ul data-start=\"1578\" data-end=\"1791\">\n<li data-start=\"1578\" data-end=\"1611\">\n<p data-start=\"1580\" data-end=\"1611\">Construcci\u00f3n de PET de alta calidad<\/p>\n<\/li>\n<li data-start=\"1612\" data-end=\"1651\">\n<p data-start=\"1614\" data-end=\"1651\">Capa reflectante recubierta de metal verde<\/p>\n<\/li>\n<li data-start=\"1652\" data-end=\"1691\">\n<p data-start=\"1654\" data-end=\"1691\">Superficie antiara\u00f1azos para mayor durabilidad<\/p>\n<\/li>\n<li data-start=\"1692\" data-end=\"1742\">\n<p data-start=\"1694\" data-end=\"1742\">Color estable, resistente a la decoloraci\u00f3n y de larga duraci\u00f3n<\/p>\n<\/li>\n<li data-start=\"1743\" data-end=\"1791\">\n<p data-start=\"1745\" data-end=\"1791\">Mantiene la visibilidad mientras mejora la privacidad<\/p>\n<\/li>\n<\/ul>\n<h2 data-start=\"1793\" data-end=\"1824\">Instalaci\u00f3n y personalizaci\u00f3n<\/h2>\n<ul data-start=\"1826\" data-end=\"2134\">\n<li data-start=\"1826\" data-end=\"1873\">\n<p data-start=\"1828\" data-end=\"1873\">Pel\u00edcula autoadhesiva \u2014 sin necesidad de pegamento adicional<\/p>\n<\/li>\n<li data-start=\"1874\" data-end=\"1932\">\n<p data-start=\"1876\" data-end=\"1932\">Formable al calor para un mejor ajuste en paneles de vidrio grandes<\/p>\n<\/li>\n<li data-start=\"1933\" data-end=\"1982\">\n<p data-start=\"1935\" data-end=\"1982\">F\u00e1cil de instalar para bricolaje o uso profesional<\/p>\n<\/li>\n<li data-start=\"1983\" data-end=\"2072\">\n<p data-start=\"1985\" data-end=\"2072\">Soporte para pedidos al por mayor OEM\/ODM, ancho personalizado, caja personalizada y embalaje con etiqueta privada<\/p>\n<\/li>\n<li data-start=\"2073\" data-end=\"2134\">\n<p data-start=\"2075\" data-end=\"2134\">Disponible en rollos grandes para mayoristas y distribuidores<\/p>\n<\/li>\n<\/ul>\n<h2 data-start=\"2136\" data-end=\"2151\">Aplicaciones<\/h2>\n<ul data-start=\"2153\" data-end=\"2431\">\n<li data-start=\"2153\" data-end=\"2201\">\n<p data-start=\"2155\" data-end=\"2201\">Soluci\u00f3n ideal para <strong data-start=\"2174\" data-end=\"2199\">Tintado de ventanas de casas<\/strong><\/p>\n<\/li>\n<li data-start=\"2202\" data-end=\"2261\">\n<p data-start=\"2204\" data-end=\"2261\">Perfecto para dormitorios, salas de estar, solariums, balcones<\/p>\n<\/li>\n<li data-start=\"2262\" data-end=\"2318\">\n<p data-start=\"2264\" data-end=\"2318\">Ventanas de edificios de oficinas para rechazo de calor y privacidad<\/p>\n<\/li>\n<li data-start=\"2319\" data-end=\"2368\">\n<p data-start=\"2321\" data-end=\"2368\">Cristales de escaparates, particiones y paredes de cristal<\/p>\n<\/li>\n<li data-start=\"2369\" data-end=\"2431\">\n<p data-start=\"2371\" data-end=\"2431\">Puede ser utilizado para proyectos de pel\u00edculas arquitect\u00f3nicas y decorativas<\/p>\n<\/li>\n<\/ul>\n<h2 data-start=\"2433\" data-end=\"2450\">Ventajas clave<\/h2>\n<ul data-start=\"2452\" data-end=\"2735\">\n<li data-start=\"2452\" data-end=\"2502\">\n<p data-start=\"2454\" data-end=\"2502\">Precios al por mayor directos de f\u00e1brica con entrega r\u00e1pida<\/p>\n<\/li>\n<li data-start=\"2503\" data-end=\"2559\">\n<p data-start=\"2505\" data-end=\"2559\">Rendimiento reflectante fuerte para protecci\u00f3n de la privacidad<\/p>\n<\/li>\n<li data-start=\"2560\" data-end=\"2618\">\n<p data-start=\"2562\" data-end=\"2618\">Excelente bloqueo de UV y efectividad en reducci\u00f3n de calor<\/p>\n<\/li>\n<li data-start=\"2619\" data-end=\"2672\">\n<p data-start=\"2621\" data-end=\"2672\">Estructura duradera de 2mil adecuada para uso a largo plazo<\/p>\n<\/li>\n<li data-start=\"2673\" data-end=\"2735\">\n<p data-start=\"2675\" data-end=\"2735\">Acabado est\u00e9tico en espejo verde que mejora la apariencia del edificio<\/p>\n<\/li>\n<\/ul>\n<h2 data-start=\"2737\" data-end=\"2756\">Incluye el paquete<\/h2>\n<ul data-start=\"2758\" data-end=\"2878\">\n<li data-start=\"2758\" data-end=\"2815\">\n<p data-start=\"2760\" data-end=\"2815\">1 Rollo de <strong data-start=\"2770\" data-end=\"2813\">Pel\u00edcula reflectante de espejo met\u00e1lico verde de 2mil<\/strong><\/p>\n<\/li>\n<li data-start=\"2816\" data-end=\"2878\">\n<p data-start=\"2818\" data-end=\"2878\">Kit de instalaci\u00f3n opcional: esp\u00e1tula, cuchillo, pa\u00f1o de limpieza<\/p>\n<\/li>\n<\/ul>\n<h2 data-start=\"2880\" data-end=\"2907\">\u00bfPor qu\u00e9 elegir este producto?<\/h2>\n<p data-start=\"2909\" data-end=\"3203\">Cuando <strong data-start=\"2914\" data-end=\"2939\">Tintado de ventanas de casas<\/strong>, esta pel\u00edcula reflectante verde proporciona un equilibrio ideal de aislamiento, privacidad y estilo decorativo. Su fuerte rechazo de calor y efecto espejo la hacen perfecta para propietarios, instaladores y distribuidores que buscan una soluci\u00f3n confiable de pel\u00edcula arquitect\u00f3nica para ventanas.<\/p>\n<p><img fetchpriority=\"high\" decoding=\"async\" class=\"alignnone wp-image-9238 size-full\" src=\"https:\/\/www.carliseppf.com\/wp-content\/uploads\/2025\/10\/21c2474754971abd3a65c3f8ad26a494.png\" alt=\"pel\u00edcula reflectante verde para tintar ventanas de casas\" width=\"800\" height=\"800\" srcset=\"https:\/\/www.carliseppf.com\/wp-content\/uploads\/2025\/10\/21c2474754971abd3a65c3f8ad26a494.png 800w, https:\/\/www.carliseppf.com\/wp-content\/uploads\/2025\/10\/21c2474754971abd3a65c3f8ad26a494-300x300.png 300w, https:\/\/www.carliseppf.com\/wp-content\/uploads\/2025\/10\/21c2474754971abd3a65c3f8ad26a494-150x150.png 150w, https:\/\/www.carliseppf.com\/wp-content\/uploads\/2025\/10\/21c2474754971abd3a65c3f8ad26a494-768x768.png 768w, https:\/\/www.carliseppf.com\/wp-content\/uploads\/2025\/10\/21c2474754971abd3a65c3f8ad26a494-370x370.png 370w, https:\/\/www.carliseppf.com\/wp-content\/uploads\/2025\/10\/21c2474754971abd3a65c3f8ad26a494-120x120.png 120w, https:\/\/www.carliseppf.com\/wp-content\/uploads\/2025\/10\/21c2474754971abd3a65c3f8ad26a494-410x410.png 410w, https:\/\/www.carliseppf.com\/wp-content\/uploads\/2025\/10\/21c2474754971abd3a65c3f8ad26a494-630x630.png 630w, https:\/\/www.carliseppf.com\/wp-content\/uploads\/2025\/10\/21c2474754971abd3a65c3f8ad26a494-730x730.png 730w, https:\/\/www.carliseppf.com\/wp-content\/uploads\/2025\/10\/21c2474754971abd3a65c3f8ad26a494-460x460.png 460w\" sizes=\"(max-width: 800px) 100vw, 800px\" \/> <img decoding=\"async\" class=\"alignnone wp-image-9240 size-full\" src=\"https:\/\/www.carliseppf.com\/wp-content\/uploads\/2025\/10\/9b3864f3bb428a8f203f9cbce2f171c5.png\" alt=\"Pel\u00edcula tintada de ventana de espejo verde de 2mil para vidrio residencial\" width=\"800\" height=\"800\" srcset=\"https:\/\/www.carliseppf.com\/wp-content\/uploads\/2025\/10\/9b3864f3bb428a8f203f9cbce2f171c5.png 800w, https:\/\/www.carliseppf.com\/wp-content\/uploads\/2025\/10\/9b3864f3bb428a8f203f9cbce2f171c5-300x300.png 300w, https:\/\/www.carliseppf.com\/wp-content\/uploads\/2025\/10\/9b3864f3bb428a8f203f9cbce2f171c5-150x150.png 150w, https:\/\/www.carliseppf.com\/wp-content\/uploads\/2025\/10\/9b3864f3bb428a8f203f9cbce2f171c5-768x768.png 768w, https:\/\/www.carliseppf.com\/wp-content\/uploads\/2025\/10\/9b3864f3bb428a8f203f9cbce2f171c5-370x370.png 370w, https:\/\/www.carliseppf.com\/wp-content\/uploads\/2025\/10\/9b3864f3bb428a8f203f9cbce2f171c5-120x120.png 120w, https:\/\/www.carliseppf.com\/wp-content\/uploads\/2025\/10\/9b3864f3bb428a8f203f9cbce2f171c5-410x410.png 410w, https:\/\/www.carliseppf.com\/wp-content\/uploads\/2025\/10\/9b3864f3bb428a8f203f9cbce2f171c5-630x630.png 630w, https:\/\/www.carliseppf.com\/wp-content\/uploads\/2025\/10\/9b3864f3bb428a8f203f9cbce2f171c5-730x730.png 730w, https:\/\/www.carliseppf.com\/wp-content\/uploads\/2025\/10\/9b3864f3bb428a8f203f9cbce2f171c5-460x460.png 460w\" sizes=\"(max-width: 800px) 100vw, 800px\" \/> <img decoding=\"async\" class=\"alignnone wp-image-9241 size-full\" src=\"https:\/\/www.carliseppf.com\/wp-content\/uploads\/2025\/10\/5721d5f39a690d6b6ccea21ad76a74a8.png\" alt=\"Pel\u00edcula reflectante verde autoadhesiva para tintar ventanas de casas\" width=\"800\" height=\"800\" srcset=\"https:\/\/www.carliseppf.com\/wp-content\/uploads\/2025\/10\/5721d5f39a690d6b6ccea21ad76a74a8.png 800w, https:\/\/www.carliseppf.com\/wp-content\/uploads\/2025\/10\/5721d5f39a690d6b6ccea21ad76a74a8-300x300.png 300w, https:\/\/www.carliseppf.com\/wp-content\/uploads\/2025\/10\/5721d5f39a690d6b6ccea21ad76a74a8-150x150.png 150w, https:\/\/www.carliseppf.com\/wp-content\/uploads\/2025\/10\/5721d5f39a690d6b6ccea21ad76a74a8-768x768.png 768w, https:\/\/www.carliseppf.com\/wp-content\/uploads\/2025\/10\/5721d5f39a690d6b6ccea21ad76a74a8-370x370.png 370w, https:\/\/www.carliseppf.com\/wp-content\/uploads\/2025\/10\/5721d5f39a690d6b6ccea21ad76a74a8-120x120.png 120w, https:\/\/www.carliseppf.com\/wp-content\/uploads\/2025\/10\/5721d5f39a690d6b6ccea21ad76a74a8-410x410.png 410w, https:\/\/www.carliseppf.com\/wp-content\/uploads\/2025\/10\/5721d5f39a690d6b6ccea21ad76a74a8-630x630.png 630w, https:\/\/www.carliseppf.com\/wp-content\/uploads\/2025\/10\/5721d5f39a690d6b6ccea21ad76a74a8-730x730.png 730w, https:\/\/www.carliseppf.com\/wp-content\/uploads\/2025\/10\/5721d5f39a690d6b6ccea21ad76a74a8-460x460.png 460w\" sizes=\"(max-width: 800px) 100vw, 800px\" \/> <img loading=\"lazy\" decoding=\"async\" class=\"alignnone wp-image-9242 size-full\" src=\"https:\/\/www.carliseppf.com\/wp-content\/uploads\/2025\/10\/decb15c6ed8229b31b65ca884eace8d1.png\" alt=\"Pel\u00edcula de espejo verde para control de calor instalada en ventanas de la casa\" width=\"800\" height=\"800\" srcset=\"https:\/\/www.carliseppf.com\/wp-content\/uploads\/2025\/10\/decb15c6ed8229b31b65ca884eace8d1.png 800w, https:\/\/www.carliseppf.com\/wp-content\/uploads\/2025\/10\/decb15c6ed8229b31b65ca884eace8d1-300x300.png 300w, https:\/\/www.carliseppf.com\/wp-content\/uploads\/2025\/10\/decb15c6ed8229b31b65ca884eace8d1-150x150.png 150w, https:\/\/www.carliseppf.com\/wp-content\/uploads\/2025\/10\/decb15c6ed8229b31b65ca884eace8d1-768x768.png 768w, https:\/\/www.carliseppf.com\/wp-content\/uploads\/2025\/10\/decb15c6ed8229b31b65ca884eace8d1-370x370.png 370w, https:\/\/www.carliseppf.com\/wp-content\/uploads\/2025\/10\/decb15c6ed8229b31b65ca884eace8d1-120x120.png 120w, https:\/\/www.carliseppf.com\/wp-content\/uploads\/2025\/10\/decb15c6ed8229b31b65ca884eace8d1-410x410.png 410w, https:\/\/www.carliseppf.com\/wp-content\/uploads\/2025\/10\/decb15c6ed8229b31b65ca884eace8d1-630x630.png 630w, https:\/\/www.carliseppf.com\/wp-content\/uploads\/2025\/10\/decb15c6ed8229b31b65ca884eace8d1-730x730.png 730w, https:\/\/www.carliseppf.com\/wp-content\/uploads\/2025\/10\/decb15c6ed8229b31b65ca884eace8d1-460x460.png 460w\" sizes=\"(max-width: 800px) 100vw, 800px\" \/> <img loading=\"lazy\" decoding=\"async\" class=\"alignnone wp-image-9245 size-full\" src=\"https:\/\/www.carliseppf.com\/wp-content\/uploads\/2025\/10\/68abf62cde81ee6ee7a8e9142e2f69d2.png\" alt=\"Rollo de pel\u00edcula de espejo met\u00e1lico verde para tintado de ventanas dom\u00e9sticas\" width=\"800\" height=\"800\" srcset=\"https:\/\/www.carliseppf.com\/wp-content\/uploads\/2025\/10\/68abf62cde81ee6ee7a8e9142e2f69d2.png 800w, https:\/\/www.carliseppf.com\/wp-content\/uploads\/2025\/10\/68abf62cde81ee6ee7a8e9142e2f69d2-300x300.png 300w, https:\/\/www.carliseppf.com\/wp-content\/uploads\/2025\/10\/68abf62cde81ee6ee7a8e9142e2f69d2-150x150.png 150w, https:\/\/www.carliseppf.com\/wp-content\/uploads\/2025\/10\/68abf62cde81ee6ee7a8e9142e2f69d2-768x768.png 768w, https:\/\/www.carliseppf.com\/wp-content\/uploads\/2025\/10\/68abf62cde81ee6ee7a8e9142e2f69d2-370x370.png 370w, https:\/\/www.carliseppf.com\/wp-content\/uploads\/2025\/10\/68abf62cde81ee6ee7a8e9142e2f69d2-120x120.png 120w, https:\/\/www.carliseppf.com\/wp-content\/uploads\/2025\/10\/68abf62cde81ee6ee7a8e9142e2f69d2-410x410.png 410w, https:\/\/www.carliseppf.com\/wp-content\/uploads\/2025\/10\/68abf62cde81ee6ee7a8e9142e2f69d2-630x630.png 630w, https:\/\/www.carliseppf.com\/wp-content\/uploads\/2025\/10\/68abf62cde81ee6ee7a8e9142e2f69d2-730x730.png 730w, https:\/\/www.carliseppf.com\/wp-content\/uploads\/2025\/10\/68abf62cde81ee6ee7a8e9142e2f69d2-460x460.png 460w\" sizes=\"(max-width: 800px) 100vw, 800px\" \/><\/p>","protected":false},"excerpt":{"rendered":"<p>Alto rendimiento <strong data-start=\"486\" data-end=\"524\">pel\u00edcula reflectante de espejo met\u00e1lico verde<\/strong> dise\u00f1ado para <strong data-start=\"538\" data-end=\"563\">Tintado de ventanas de casas<\/strong>, proporcionando una excelente rechazo de calor, privacidad diurna y protecci\u00f3n UV. Dise\u00f1o autoadhesivo, instalaci\u00f3n f\u00e1cil y soporte mayorista directo de f\u00e1brica para personalizaci\u00f3n OEM\/ODM.<\/p>","protected":false},"featured_media":9248,"comment_status":"open","ping_status":"closed","template":"","meta":[],"product_brand":[],"product_cat":[218],"product_tag":[],"class_list":{"0":"post-9247","1":"product","2":"type-product","3":"status-publish","4":"has-post-thumbnail","6":"product_cat-architectural-window-film","8":"first","9":"instock","10":"shipping-taxable","11":"product-type-simple"},"_links":{"self":[{"href":"https:\/\/www.carliseppf.com\/es\/wp-json\/wp\/v2\/product\/9247","targetHints":{"allow":["GET"]}}],"collection":[{"href":"https:\/\/www.carliseppf.com\/es\/wp-json\/wp\/v2\/product"}],"about":[{"href":"https:\/\/www.carliseppf.com\/es\/wp-json\/wp\/v2\/types\/product"}],"replies":[{"embeddable":true,"href":"https:\/\/www.carliseppf.com\/es\/wp-json\/wp\/v2\/comments?post=9247"}],"wp:featuredmedia":[{"embeddable":true,"href":"https:\/\/www.carliseppf.com\/es\/wp-json\/wp\/v2\/media\/9248"}],"wp:attachment":[{"href":"https:\/\/www.carliseppf.com\/es\/wp-json\/wp\/v2\/media?parent=9247"}],"wp:term":[{"taxonomy":"product_brand","embeddable":true,"href":"https:\/\/www.carliseppf.com\/es\/wp-json\/wp\/v2\/product_brand?post=9247"},{"taxonomy":"product_cat","embeddable":true,"href":"https:\/\/www.carliseppf.com\/es\/wp-json\/wp\/v2\/product_cat?post=9247"},{"taxonomy":"product_tag","embeddable":true,"href":"https:\/\/www.carliseppf.com\/es\/wp-json\/wp\/v2\/product_tag?post=9247"}],"curies":[{"name":"wp","href":"https:\/\/api.w.org\/{rel}","templated":true}]}}