{"id":9249,"date":"2025-10-28T03:32:27","date_gmt":"2025-10-28T03:32:27","guid":{"rendered":"https:\/\/www.carliseppf.com\/?post_type=product&#038;p=9249"},"modified":"2025-11-21T02:34:06","modified_gmt":"2025-11-21T02:34:06","slug":"mirror-tint-for-house-windows-2mil-film","status":"publish","type":"product","link":"https:\/\/www.carliseppf.com\/es\/product\/mirror-tint-for-house-windows-2mil-film\/","title":{"rendered":"Pel\u00edcula Reflectante de Espejo Met\u00e1lico de 2mil para Edificios \u2013 Tinte de Vidrio Autoadhesivo para Paredes"},"content":{"rendered":"<h2 data-start=\"795\" data-end=\"814\">Resumen del Producto<\/h2>\n<p data-start=\"816\" data-end=\"1112\">Este <strong data-start=\"821\" data-end=\"854\">tinte espejo para ventanas de casa<\/strong> cuenta con una construcci\u00f3n duradera de metalizado de 2mil dise\u00f1ada para una reflectividad superior, privacidad y eficiencia energ\u00e9tica. La base autoadhesiva lo hace ideal para ventanas de hogar, edificios de oficinas y grandes paredes de vidrio que requieren un control solar f\u00e1cil y efectivo.<\/p>\n<h2 data-start=\"1114\" data-end=\"1136\">Caracter\u00edsticas y Beneficios<\/h2>\n<ul data-start=\"1138\" data-end=\"1488\">\n<li data-start=\"1138\" data-end=\"1218\">\n<p data-start=\"1140\" data-end=\"1218\">Premium <strong data-start=\"1148\" data-end=\"1181\">tinte espejo para ventanas de casa<\/strong> con un rendimiento reflectante fuerte<\/p>\n<\/li>\n<li data-start=\"1219\" data-end=\"1271\">\n<p data-start=\"1221\" data-end=\"1271\">el grosor de 2mil mejora la durabilidad y estabilidad<\/p>\n<\/li>\n<li data-start=\"1272\" data-end=\"1318\">\n<p data-start=\"1274\" data-end=\"1318\">Excelente rechazo de calor y protecci\u00f3n UV<\/p>\n<\/li>\n<li data-start=\"1319\" data-end=\"1375\">\n<p data-start=\"1321\" data-end=\"1375\">Mejora la privacidad diurna con reflejo similar a un espejo<\/p>\n<\/li>\n<li data-start=\"1376\" data-end=\"1431\">\n<p data-start=\"1378\" data-end=\"1431\">Reduce el deslumbramiento solar y protege los muebles interiores<\/p>\n<\/li>\n<li data-start=\"1432\" data-end=\"1488\">\n<p data-start=\"1434\" data-end=\"1488\">Autoadhesivo para una instalaci\u00f3n r\u00e1pida y sin burbujas<\/p>\n<\/li>\n<\/ul>\n<h2 data-start=\"1490\" data-end=\"1511\">Material y Calidad<\/h2>\n<ul data-start=\"1513\" data-end=\"1720\">\n<li data-start=\"1513\" data-end=\"1552\">\n<p data-start=\"1515\" data-end=\"1552\">Pel\u00edcula reflectante de PET \/ PVC metalizado<\/p>\n<\/li>\n<li data-start=\"1553\" data-end=\"1594\">\n<p data-start=\"1555\" data-end=\"1594\">Superficie resistente a los rayos UV y antiara\u00f1azos<\/p>\n<\/li>\n<li data-start=\"1595\" data-end=\"1665\">\n<p data-start=\"1597\" data-end=\"1665\">Adhesi\u00f3n duradera adecuada para aplicaciones en interiores y exteriores<\/p>\n<\/li>\n<li data-start=\"1666\" data-end=\"1720\">\n<p data-start=\"1668\" data-end=\"1720\">Mantiene la claridad visual mientras reduce el calor solar<\/p>\n<\/li>\n<\/ul>\n<h2 data-start=\"1722\" data-end=\"1753\">Instalaci\u00f3n y personalizaci\u00f3n<\/h2>\n<ul data-start=\"1755\" data-end=\"2001\">\n<li data-start=\"1755\" data-end=\"1799\">\n<p data-start=\"1757\" data-end=\"1799\">Dise\u00f1o autoadhesivo f\u00e1cil de despegar y aplicar<\/p>\n<\/li>\n<li data-start=\"1800\" data-end=\"1871\">\n<p data-start=\"1802\" data-end=\"1871\">Compatible con ventanas dom\u00e9sticas, cristales de escaparates y edificios comerciales<\/p>\n<\/li>\n<li data-start=\"1872\" data-end=\"1927\">\n<p data-start=\"1874\" data-end=\"1927\">Soporta anchos y longitudes de rollo personalizadas OEM\/ODM<\/p>\n<\/li>\n<li data-start=\"1928\" data-end=\"2001\">\n<p data-start=\"1930\" data-end=\"2001\">Suministro a granel directo de f\u00e1brica disponible para distribuidores y contratistas<\/p>\n<\/li>\n<\/ul>\n<h2 data-start=\"2003\" data-end=\"2018\">Aplicaciones<\/h2>\n<ul data-start=\"2020\" data-end=\"2222\">\n<li data-start=\"2020\" data-end=\"2049\">\n<p data-start=\"2022\" data-end=\"2049\">Ventanas de viviendas residenciales<\/p>\n<\/li>\n<li data-start=\"2050\" data-end=\"2096\">\n<p data-start=\"2052\" data-end=\"2096\">Ventanas de edificios de oficinas y particiones de vidrio<\/p>\n<\/li>\n<li data-start=\"2097\" data-end=\"2120\">\n<p data-start=\"2099\" data-end=\"2120\">Muros cortina de vidrio<\/p>\n<\/li>\n<li data-start=\"2121\" data-end=\"2147\">\n<p data-start=\"2123\" data-end=\"2147\">Solariums y balcones<\/p>\n<\/li>\n<li data-start=\"2148\" data-end=\"2173\">\n<p data-start=\"2150\" data-end=\"2173\">Escaparates comerciales<\/p>\n<\/li>\n<li data-start=\"2174\" data-end=\"2222\">\n<p data-start=\"2176\" data-end=\"2222\">Cristaler\u00eda interior que requiere reflexi\u00f3n decorativa<\/p>\n<\/li>\n<\/ul>\n<h2 data-start=\"2224\" data-end=\"2241\">Ventajas clave<\/h2>\n<ul data-start=\"2243\" data-end=\"2495\">\n<li data-start=\"2243\" data-end=\"2299\">\n<p data-start=\"2245\" data-end=\"2299\">Rendimiento confiable en control solar y ahorro de energ\u00eda<\/p>\n<\/li>\n<li data-start=\"2300\" data-end=\"2354\">\n<p data-start=\"2302\" data-end=\"2354\">Mejora la privacidad sin sacrificar la luz natural<\/p>\n<\/li>\n<li data-start=\"2355\" data-end=\"2416\">\n<p data-start=\"2357\" data-end=\"2416\">Ideal para proyectos de ingenier\u00eda a granel y paquetes para revendedores<\/p>\n<\/li>\n<li data-start=\"2417\" data-end=\"2495\">\n<p data-start=\"2419\" data-end=\"2495\">De grado premium <strong data-start=\"2433\" data-end=\"2466\">tinte espejo para ventanas de casa<\/strong> Directamente del fabricante<\/p>\n<\/li>\n<\/ul>\n<h2 data-start=\"2497\" data-end=\"2516\">Incluye el paquete<\/h2>\n<ul data-start=\"2518\" data-end=\"2655\">\n<li data-start=\"2518\" data-end=\"2565\">\n<p data-start=\"2520\" data-end=\"2565\">1 Rollo de pel\u00edcula reflectante met\u00e1lica de 2 mil<\/p>\n<\/li>\n<li data-start=\"2566\" data-end=\"2655\">\n<p data-start=\"2568\" data-end=\"2655\">Herramientas de instalaci\u00f3n opcionales (esp\u00e1tula, cuchilla, pulverizador) disponibles para pedidos al por mayor<\/p>\n<\/li>\n<\/ul>\n<h2 data-start=\"2657\" data-end=\"2684\">\u00bfPor qu\u00e9 elegir este producto?<\/h2>\n<p data-start=\"2686\" data-end=\"3018\">Este de alta calidad <strong data-start=\"2704\" data-end=\"2737\">tinte espejo para ventanas de casa<\/strong> ofrece una fuerte reflectividad, bloqueo UV y reducci\u00f3n de calor, lo que lo convierte en una opci\u00f3n pr\u00e1ctica para mejorar la comodidad interior y la privacidad de las ventanas. Con precios directos de f\u00e1brica y especificaciones personalizables, es ideal tanto para instaladores profesionales como para distribuidores de materiales de construcci\u00f3n.<\/p>\n<p><img fetchpriority=\"high\" decoding=\"async\" class=\"alignnone wp-image-9238 size-full\" src=\"https:\/\/www.carliseppf.com\/wp-content\/uploads\/2025\/10\/21c2474754971abd3a65c3f8ad26a494.png\" alt=\"tinte espejo para ventanas de casas, instalaci\u00f3n de pel\u00edcula reflectante\" width=\"800\" height=\"800\" srcset=\"https:\/\/www.carliseppf.com\/wp-content\/uploads\/2025\/10\/21c2474754971abd3a65c3f8ad26a494.png 800w, https:\/\/www.carliseppf.com\/wp-content\/uploads\/2025\/10\/21c2474754971abd3a65c3f8ad26a494-300x300.png 300w, https:\/\/www.carliseppf.com\/wp-content\/uploads\/2025\/10\/21c2474754971abd3a65c3f8ad26a494-150x150.png 150w, https:\/\/www.carliseppf.com\/wp-content\/uploads\/2025\/10\/21c2474754971abd3a65c3f8ad26a494-768x768.png 768w, https:\/\/www.carliseppf.com\/wp-content\/uploads\/2025\/10\/21c2474754971abd3a65c3f8ad26a494-370x370.png 370w, https:\/\/www.carliseppf.com\/wp-content\/uploads\/2025\/10\/21c2474754971abd3a65c3f8ad26a494-120x120.png 120w, https:\/\/www.carliseppf.com\/wp-content\/uploads\/2025\/10\/21c2474754971abd3a65c3f8ad26a494-410x410.png 410w, https:\/\/www.carliseppf.com\/wp-content\/uploads\/2025\/10\/21c2474754971abd3a65c3f8ad26a494-630x630.png 630w, https:\/\/www.carliseppf.com\/wp-content\/uploads\/2025\/10\/21c2474754971abd3a65c3f8ad26a494-730x730.png 730w, https:\/\/www.carliseppf.com\/wp-content\/uploads\/2025\/10\/21c2474754971abd3a65c3f8ad26a494-460x460.png 460w\" sizes=\"(max-width: 800px) 100vw, 800px\" \/> <img decoding=\"async\" class=\"alignnone wp-image-9240 size-full\" src=\"https:\/\/www.carliseppf.com\/wp-content\/uploads\/2025\/10\/9b3864f3bb428a8f203f9cbce2f171c5.png\" alt=\"Tinte de espejo met\u00e1lico de 2mil para ventanas de casas, vista de cerca\" width=\"800\" height=\"800\" srcset=\"https:\/\/www.carliseppf.com\/wp-content\/uploads\/2025\/10\/9b3864f3bb428a8f203f9cbce2f171c5.png 800w, https:\/\/www.carliseppf.com\/wp-content\/uploads\/2025\/10\/9b3864f3bb428a8f203f9cbce2f171c5-300x300.png 300w, https:\/\/www.carliseppf.com\/wp-content\/uploads\/2025\/10\/9b3864f3bb428a8f203f9cbce2f171c5-150x150.png 150w, https:\/\/www.carliseppf.com\/wp-content\/uploads\/2025\/10\/9b3864f3bb428a8f203f9cbce2f171c5-768x768.png 768w, https:\/\/www.carliseppf.com\/wp-content\/uploads\/2025\/10\/9b3864f3bb428a8f203f9cbce2f171c5-370x370.png 370w, https:\/\/www.carliseppf.com\/wp-content\/uploads\/2025\/10\/9b3864f3bb428a8f203f9cbce2f171c5-120x120.png 120w, https:\/\/www.carliseppf.com\/wp-content\/uploads\/2025\/10\/9b3864f3bb428a8f203f9cbce2f171c5-410x410.png 410w, https:\/\/www.carliseppf.com\/wp-content\/uploads\/2025\/10\/9b3864f3bb428a8f203f9cbce2f171c5-630x630.png 630w, https:\/\/www.carliseppf.com\/wp-content\/uploads\/2025\/10\/9b3864f3bb428a8f203f9cbce2f171c5-730x730.png 730w, https:\/\/www.carliseppf.com\/wp-content\/uploads\/2025\/10\/9b3864f3bb428a8f203f9cbce2f171c5-460x460.png 460w\" sizes=\"(max-width: 800px) 100vw, 800px\" \/> <img decoding=\"async\" class=\"alignnone wp-image-9241 size-full\" src=\"https:\/\/www.carliseppf.com\/wp-content\/uploads\/2025\/10\/5721d5f39a690d6b6ccea21ad76a74a8.png\" alt=\"Demostraci\u00f3n de rechazo de calor con tinte espejo para ventanas de casas\" width=\"800\" height=\"800\" srcset=\"https:\/\/www.carliseppf.com\/wp-content\/uploads\/2025\/10\/5721d5f39a690d6b6ccea21ad76a74a8.png 800w, https:\/\/www.carliseppf.com\/wp-content\/uploads\/2025\/10\/5721d5f39a690d6b6ccea21ad76a74a8-300x300.png 300w, https:\/\/www.carliseppf.com\/wp-content\/uploads\/2025\/10\/5721d5f39a690d6b6ccea21ad76a74a8-150x150.png 150w, https:\/\/www.carliseppf.com\/wp-content\/uploads\/2025\/10\/5721d5f39a690d6b6ccea21ad76a74a8-768x768.png 768w, https:\/\/www.carliseppf.com\/wp-content\/uploads\/2025\/10\/5721d5f39a690d6b6ccea21ad76a74a8-370x370.png 370w, https:\/\/www.carliseppf.com\/wp-content\/uploads\/2025\/10\/5721d5f39a690d6b6ccea21ad76a74a8-120x120.png 120w, https:\/\/www.carliseppf.com\/wp-content\/uploads\/2025\/10\/5721d5f39a690d6b6ccea21ad76a74a8-410x410.png 410w, https:\/\/www.carliseppf.com\/wp-content\/uploads\/2025\/10\/5721d5f39a690d6b6ccea21ad76a74a8-630x630.png 630w, https:\/\/www.carliseppf.com\/wp-content\/uploads\/2025\/10\/5721d5f39a690d6b6ccea21ad76a74a8-730x730.png 730w, https:\/\/www.carliseppf.com\/wp-content\/uploads\/2025\/10\/5721d5f39a690d6b6ccea21ad76a74a8-460x460.png 460w\" sizes=\"(max-width: 800px) 100vw, 800px\" \/> <img loading=\"lazy\" decoding=\"async\" class=\"alignnone wp-image-9242 size-full\" src=\"https:\/\/www.carliseppf.com\/wp-content\/uploads\/2025\/10\/decb15c6ed8229b31b65ca884eace8d1.png\" alt=\"ventana de casa con tinte espejo met\u00e1lico aplicado\" width=\"800\" height=\"800\" srcset=\"https:\/\/www.carliseppf.com\/wp-content\/uploads\/2025\/10\/decb15c6ed8229b31b65ca884eace8d1.png 800w, https:\/\/www.carliseppf.com\/wp-content\/uploads\/2025\/10\/decb15c6ed8229b31b65ca884eace8d1-300x300.png 300w, https:\/\/www.carliseppf.com\/wp-content\/uploads\/2025\/10\/decb15c6ed8229b31b65ca884eace8d1-150x150.png 150w, https:\/\/www.carliseppf.com\/wp-content\/uploads\/2025\/10\/decb15c6ed8229b31b65ca884eace8d1-768x768.png 768w, https:\/\/www.carliseppf.com\/wp-content\/uploads\/2025\/10\/decb15c6ed8229b31b65ca884eace8d1-370x370.png 370w, https:\/\/www.carliseppf.com\/wp-content\/uploads\/2025\/10\/decb15c6ed8229b31b65ca884eace8d1-120x120.png 120w, https:\/\/www.carliseppf.com\/wp-content\/uploads\/2025\/10\/decb15c6ed8229b31b65ca884eace8d1-410x410.png 410w, https:\/\/www.carliseppf.com\/wp-content\/uploads\/2025\/10\/decb15c6ed8229b31b65ca884eace8d1-630x630.png 630w, https:\/\/www.carliseppf.com\/wp-content\/uploads\/2025\/10\/decb15c6ed8229b31b65ca884eace8d1-730x730.png 730w, https:\/\/www.carliseppf.com\/wp-content\/uploads\/2025\/10\/decb15c6ed8229b31b65ca884eace8d1-460x460.png 460w\" sizes=\"(max-width: 800px) 100vw, 800px\" \/> <img loading=\"lazy\" decoding=\"async\" class=\"alignnone wp-image-9245 size-full\" src=\"https:\/\/www.carliseppf.com\/wp-content\/uploads\/2025\/10\/68abf62cde81ee6ee7a8e9142e2f69d2.png\" alt=\"Efecto de privacidad diurna con tinte espejo para ventanas de casas\" width=\"800\" height=\"800\" srcset=\"https:\/\/www.carliseppf.com\/wp-content\/uploads\/2025\/10\/68abf62cde81ee6ee7a8e9142e2f69d2.png 800w, https:\/\/www.carliseppf.com\/wp-content\/uploads\/2025\/10\/68abf62cde81ee6ee7a8e9142e2f69d2-300x300.png 300w, https:\/\/www.carliseppf.com\/wp-content\/uploads\/2025\/10\/68abf62cde81ee6ee7a8e9142e2f69d2-150x150.png 150w, https:\/\/www.carliseppf.com\/wp-content\/uploads\/2025\/10\/68abf62cde81ee6ee7a8e9142e2f69d2-768x768.png 768w, https:\/\/www.carliseppf.com\/wp-content\/uploads\/2025\/10\/68abf62cde81ee6ee7a8e9142e2f69d2-370x370.png 370w, https:\/\/www.carliseppf.com\/wp-content\/uploads\/2025\/10\/68abf62cde81ee6ee7a8e9142e2f69d2-120x120.png 120w, https:\/\/www.carliseppf.com\/wp-content\/uploads\/2025\/10\/68abf62cde81ee6ee7a8e9142e2f69d2-410x410.png 410w, https:\/\/www.carliseppf.com\/wp-content\/uploads\/2025\/10\/68abf62cde81ee6ee7a8e9142e2f69d2-630x630.png 630w, https:\/\/www.carliseppf.com\/wp-content\/uploads\/2025\/10\/68abf62cde81ee6ee7a8e9142e2f69d2-730x730.png 730w, https:\/\/www.carliseppf.com\/wp-content\/uploads\/2025\/10\/68abf62cde81ee6ee7a8e9142e2f69d2-460x460.png 460w\" sizes=\"(max-width: 800px) 100vw, 800px\" \/><\/p>","protected":false},"excerpt":{"rendered":"<p>Alto rendimiento <strong data-start=\"503\" data-end=\"536\">tinte espejo para ventanas de casa<\/strong> con recubrimiento reflectante met\u00e1lico de 2mil. Ofrece una excelente rechazo de calor, protecci\u00f3n UV, reducci\u00f3n de deslumbramiento y privacidad diurna para paredes de vidrio residenciales y comerciales. El suministro directo de f\u00e1brica soporta pedidos en volumen y tama\u00f1os de rollo personalizables.<\/p>","protected":false},"featured_media":9250,"comment_status":"open","ping_status":"closed","template":"","meta":[],"product_brand":[],"product_cat":[218],"product_tag":[],"class_list":{"0":"post-9249","1":"product","2":"type-product","3":"status-publish","4":"has-post-thumbnail","6":"product_cat-architectural-window-film","8":"first","9":"instock","10":"shipping-taxable","11":"product-type-simple"},"_links":{"self":[{"href":"https:\/\/www.carliseppf.com\/es\/wp-json\/wp\/v2\/product\/9249","targetHints":{"allow":["GET"]}}],"collection":[{"href":"https:\/\/www.carliseppf.com\/es\/wp-json\/wp\/v2\/product"}],"about":[{"href":"https:\/\/www.carliseppf.com\/es\/wp-json\/wp\/v2\/types\/product"}],"replies":[{"embeddable":true,"href":"https:\/\/www.carliseppf.com\/es\/wp-json\/wp\/v2\/comments?post=9249"}],"wp:featuredmedia":[{"embeddable":true,"href":"https:\/\/www.carliseppf.com\/es\/wp-json\/wp\/v2\/media\/9250"}],"wp:attachment":[{"href":"https:\/\/www.carliseppf.com\/es\/wp-json\/wp\/v2\/media?parent=9249"}],"wp:term":[{"taxonomy":"product_brand","embeddable":true,"href":"https:\/\/www.carliseppf.com\/es\/wp-json\/wp\/v2\/product_brand?post=9249"},{"taxonomy":"product_cat","embeddable":true,"href":"https:\/\/www.carliseppf.com\/es\/wp-json\/wp\/v2\/product_cat?post=9249"},{"taxonomy":"product_tag","embeddable":true,"href":"https:\/\/www.carliseppf.com\/es\/wp-json\/wp\/v2\/product_tag?post=9249"}],"curies":[{"name":"wp","href":"https:\/\/api.w.org\/{rel}","templated":true}]}}