{"id":9251,"date":"2025-10-28T03:40:37","date_gmt":"2025-10-28T03:40:37","guid":{"rendered":"https:\/\/www.carliseppf.com\/?post_type=product&#038;p=9251"},"modified":"2025-11-20T12:03:25","modified_gmt":"2025-11-20T12:03:25","slug":"car-ppf-clear-7-5mil-10-year","status":"publish","type":"product","link":"https:\/\/www.carliseppf.com\/es\/product\/car-ppf-clear-7-5mil-10-year\/","title":{"rendered":"Garant\u00eda de 10 a\u00f1os, PPF transparente de 7.5 mil para coche \u2013 Pel\u00edcula de protecci\u00f3n de pintura de alta calidad"},"content":{"rendered":"<h2 data-start=\"708\" data-end=\"729\">Resumen del Producto<\/h2>\n<p data-start=\"730\" data-end=\"1040\">Este <strong data-start=\"735\" data-end=\"765\">pel\u00edcula transparente premium de 7.5 mil<\/strong> ofrece protecci\u00f3n hidrof\u00f3bica, autorreparable y antiara\u00f1azos para la pintura de su veh\u00edculo. Ideal para envolturas completas o parciales en coches, motocicletas, cap\u00f3s, espejos y paneles decorativos. El suministro directo de f\u00e1brica soporta pedidos al por mayor y tama\u00f1os personalizados para instaladores profesionales.<\/p>\n<h2 data-start=\"1042\" data-end=\"1066\">Caracter\u00edsticas y Beneficios<\/h2>\n<ul data-start=\"1067\" data-end=\"1375\">\n<li data-start=\"1067\" data-end=\"1131\">\n<p data-start=\"1069\" data-end=\"1131\">Alta calidad <strong data-start=\"1082\" data-end=\"1107\">pel\u00edcula de protecci\u00f3n de pintura<\/strong> con garant\u00eda de 10 a\u00f1os<\/p>\n<\/li>\n<li data-start=\"1132\" data-end=\"1190\">\n<p data-start=\"1134\" data-end=\"1190\">Propiedades hidrof\u00f3bicas, autorreparables y antiara\u00f1azos<\/p>\n<\/li>\n<li data-start=\"1191\" data-end=\"1240\">\n<p data-start=\"1193\" data-end=\"1240\">espesor de 7.5 mil para una durabilidad prolongada<\/p>\n<\/li>\n<li data-start=\"1241\" data-end=\"1291\">\n<p data-start=\"1243\" data-end=\"1291\">Flexible y f\u00e1cil de aplicar en curvas y bordes<\/p>\n<\/li>\n<li data-start=\"1292\" data-end=\"1375\">\n<p data-start=\"1294\" data-end=\"1375\">Adecuado para cobertura completa o parcial del veh\u00edculo, pedidos al por mayor y proyectos personalizados<\/p>\n<\/li>\n<\/ul>\n<h2 data-start=\"1377\" data-end=\"1403\">Material de alta calidad<\/h2>\n<ul data-start=\"1404\" data-end=\"1530\">\n<li data-start=\"1404\" data-end=\"1438\">\n<p data-start=\"1406\" data-end=\"1438\">Vinilo automotriz de TPU de alta calidad<\/p>\n<\/li>\n<li data-start=\"1439\" data-end=\"1470\">\n<p data-start=\"1441\" data-end=\"1470\">Resistente a los rayos UV y al agua<\/p>\n<\/li>\n<li data-start=\"1471\" data-end=\"1493\">\n<p data-start=\"1473\" data-end=\"1493\">Seguro para la pintura OEM<\/p>\n<\/li>\n<li data-start=\"1494\" data-end=\"1530\">\n<p data-start=\"1496\" data-end=\"1530\">Rendimiento exterior duradero<\/p>\n<\/li>\n<\/ul>\n<h2 data-start=\"1532\" data-end=\"1565\">Instalaci\u00f3n y personalizaci\u00f3n<\/h2>\n<ul data-start=\"1566\" data-end=\"1763\">\n<li data-start=\"1566\" data-end=\"1618\">\n<p data-start=\"1568\" data-end=\"1618\">Adhesivo con liberaci\u00f3n de aire para una aplicaci\u00f3n sin burbujas<\/p>\n<\/li>\n<li data-start=\"1619\" data-end=\"1657\">\n<p data-start=\"1621\" data-end=\"1657\">Formable con calor para curvas y bordes<\/p>\n<\/li>\n<li data-start=\"1658\" data-end=\"1709\">\n<p data-start=\"1660\" data-end=\"1709\">Rollos personalizables para pedidos al por mayor o en volumen<\/p>\n<\/li>\n<li data-start=\"1710\" data-end=\"1763\">\n<p data-start=\"1712\" data-end=\"1763\">Perfecto para instaladores profesionales y usuarios de bricolaje<\/p>\n<\/li>\n<\/ul>\n<h2 data-start=\"1765\" data-end=\"1782\">Aplicaciones<\/h2>\n<ul data-start=\"1783\" data-end=\"1961\">\n<li data-start=\"1783\" data-end=\"1830\">\n<p data-start=\"1785\" data-end=\"1830\">Envolturas completas de veh\u00edculos: coches, SUVs, motocicletas<\/p>\n<\/li>\n<li data-start=\"1831\" data-end=\"1881\">\n<p data-start=\"1833\" data-end=\"1881\">Envoltorios parciales: cap\u00f3s, techos, espejos, spoilers<\/p>\n<\/li>\n<li data-start=\"1882\" data-end=\"1922\">\n<p data-start=\"1884\" data-end=\"1922\">Ajustes interiores y paneles decorativos<\/p>\n<\/li>\n<li data-start=\"1923\" data-end=\"1961\">\n<p data-start=\"1925\" data-end=\"1961\">Ideal para <strong data-start=\"1935\" data-end=\"1950\">PPF para veh\u00edculos<\/strong> proyectos<\/p>\n<\/li>\n<\/ul>\n<h2 data-start=\"1963\" data-end=\"1982\">Ventajas clave<\/h2>\n<ul data-start=\"1983\" data-end=\"2264\">\n<li data-start=\"1983\" data-end=\"2031\">\n<p data-start=\"1985\" data-end=\"2031\">Suministro directo de f\u00e1brica y personalizaci\u00f3n al por mayor<\/p>\n<\/li>\n<li data-start=\"2032\" data-end=\"2090\">\n<p data-start=\"2034\" data-end=\"2090\">Protecci\u00f3n hidrof\u00f3bica, autorreparaci\u00f3n y antiara\u00f1azos<\/p>\n<\/li>\n<li data-start=\"2091\" data-end=\"2137\">\n<p data-start=\"2093\" data-end=\"2137\">Calidad de pel\u00edcula protectora de grado profesional<\/p>\n<\/li>\n<li data-start=\"2138\" data-end=\"2201\">\n<p data-start=\"2140\" data-end=\"2201\">F\u00e1cil instalaci\u00f3n para usuarios de bricolaje e instaladores profesionales<\/p>\n<\/li>\n<li data-start=\"2202\" data-end=\"2264\">\n<p data-start=\"2204\" data-end=\"2264\">Adecuado para talleres de automoci\u00f3n, instaladores y entusiastas<\/p>\n<\/li>\n<\/ul>\n<h2 data-start=\"2266\" data-end=\"2287\">Incluye el paquete<\/h2>\n<ul data-start=\"2288\" data-end=\"2397\">\n<li data-start=\"2288\" data-end=\"2328\">\n<p data-start=\"2290\" data-end=\"2328\">1 Rollo de pel\u00edcula de protecci\u00f3n de pintura transparente de TPU de 7.5 mil<\/p>\n<\/li>\n<li data-start=\"2329\" data-end=\"2397\">\n<p data-start=\"2331\" data-end=\"2397\">Kit de instalaci\u00f3n opcional: esp\u00e1tula, cuchilla, pa\u00f1o de microfibra<\/p>\n<\/li>\n<\/ul>\n<h2 data-start=\"2399\" data-end=\"2428\">\u00bfPor qu\u00e9 elegir este producto?<\/h2>\n<p data-start=\"2429\" data-end=\"2647\">Este directo de f\u00e1brica <strong data-start=\"2449\" data-end=\"2474\">pel\u00edcula de protecci\u00f3n de pintura<\/strong> ofrece durabilidad de grado profesional con garant\u00eda de 10 a\u00f1os. Totalmente personalizable para pedidos al por mayor o individuales, ideal para instaladores, mayoristas y entusiastas del autom\u00f3vil.<\/p>\n<h2 data-start=\"738\" data-end=\"759\"><img fetchpriority=\"high\" decoding=\"async\" class=\"alignnone wp-image-9255 size-full\" style=\"color: #c0c0c1; font-size: 17px; font-weight: 400;\" src=\"https:\/\/www.carliseppf.com\/wp-content\/uploads\/2025\/10\/25c7ff18d03fce79381c95f5f50cfe95.png\" alt=\"car ppf\" width=\"800\" height=\"800\" srcset=\"https:\/\/www.carliseppf.com\/wp-content\/uploads\/2025\/10\/25c7ff18d03fce79381c95f5f50cfe95.png 800w, https:\/\/www.carliseppf.com\/wp-content\/uploads\/2025\/10\/25c7ff18d03fce79381c95f5f50cfe95-300x300.png 300w, https:\/\/www.carliseppf.com\/wp-content\/uploads\/2025\/10\/25c7ff18d03fce79381c95f5f50cfe95-150x150.png 150w, https:\/\/www.carliseppf.com\/wp-content\/uploads\/2025\/10\/25c7ff18d03fce79381c95f5f50cfe95-768x768.png 768w, https:\/\/www.carliseppf.com\/wp-content\/uploads\/2025\/10\/25c7ff18d03fce79381c95f5f50cfe95-370x370.png 370w, https:\/\/www.carliseppf.com\/wp-content\/uploads\/2025\/10\/25c7ff18d03fce79381c95f5f50cfe95-120x120.png 120w, https:\/\/www.carliseppf.com\/wp-content\/uploads\/2025\/10\/25c7ff18d03fce79381c95f5f50cfe95-410x410.png 410w, https:\/\/www.carliseppf.com\/wp-content\/uploads\/2025\/10\/25c7ff18d03fce79381c95f5f50cfe95-630x630.png 630w, https:\/\/www.carliseppf.com\/wp-content\/uploads\/2025\/10\/25c7ff18d03fce79381c95f5f50cfe95-730x730.png 730w, https:\/\/www.carliseppf.com\/wp-content\/uploads\/2025\/10\/25c7ff18d03fce79381c95f5f50cfe95-460x460.png 460w\" sizes=\"(max-width: 800px) 100vw, 800px\" \/> <img decoding=\"async\" class=\"alignnone wp-image-9253 size-full\" style=\"color: #c0c0c1; font-size: 17px; font-weight: 400;\" src=\"https:\/\/www.carliseppf.com\/wp-content\/uploads\/2025\/10\/3a997d47de1f32ea3c0c6af268b88a03.png\" alt=\"Car PPF \u2013 Pel\u00edcula de protecci\u00f3n de pintura TPU transparente de 7.5 mil para envoltura completa de coche\" width=\"800\" height=\"800\" srcset=\"https:\/\/www.carliseppf.com\/wp-content\/uploads\/2025\/10\/3a997d47de1f32ea3c0c6af268b88a03.png 800w, https:\/\/www.carliseppf.com\/wp-content\/uploads\/2025\/10\/3a997d47de1f32ea3c0c6af268b88a03-300x300.png 300w, https:\/\/www.carliseppf.com\/wp-content\/uploads\/2025\/10\/3a997d47de1f32ea3c0c6af268b88a03-150x150.png 150w, https:\/\/www.carliseppf.com\/wp-content\/uploads\/2025\/10\/3a997d47de1f32ea3c0c6af268b88a03-768x768.png 768w, https:\/\/www.carliseppf.com\/wp-content\/uploads\/2025\/10\/3a997d47de1f32ea3c0c6af268b88a03-370x370.png 370w, https:\/\/www.carliseppf.com\/wp-content\/uploads\/2025\/10\/3a997d47de1f32ea3c0c6af268b88a03-120x120.png 120w, https:\/\/www.carliseppf.com\/wp-content\/uploads\/2025\/10\/3a997d47de1f32ea3c0c6af268b88a03-410x410.png 410w, https:\/\/www.carliseppf.com\/wp-content\/uploads\/2025\/10\/3a997d47de1f32ea3c0c6af268b88a03-630x630.png 630w, https:\/\/www.carliseppf.com\/wp-content\/uploads\/2025\/10\/3a997d47de1f32ea3c0c6af268b88a03-730x730.png 730w, https:\/\/www.carliseppf.com\/wp-content\/uploads\/2025\/10\/3a997d47de1f32ea3c0c6af268b88a03-460x460.png 460w\" sizes=\"(max-width: 800px) 100vw, 800px\" \/> <img decoding=\"async\" class=\"alignnone wp-image-9257 size-full\" style=\"color: #c0c0c1; font-size: 17px; font-weight: 400;\" src=\"https:\/\/www.carliseppf.com\/wp-content\/uploads\/2025\/10\/2672cc8791b66ee7f2c8b62c55ce68f7.png\" alt=\"Car PPF de alto brillo \u2013 Pel\u00edcula protectora hidrof\u00f3bica y autorreparable para veh\u00edculos\" width=\"800\" height=\"800\" srcset=\"https:\/\/www.carliseppf.com\/wp-content\/uploads\/2025\/10\/2672cc8791b66ee7f2c8b62c55ce68f7.png 800w, https:\/\/www.carliseppf.com\/wp-content\/uploads\/2025\/10\/2672cc8791b66ee7f2c8b62c55ce68f7-300x300.png 300w, https:\/\/www.carliseppf.com\/wp-content\/uploads\/2025\/10\/2672cc8791b66ee7f2c8b62c55ce68f7-150x150.png 150w, https:\/\/www.carliseppf.com\/wp-content\/uploads\/2025\/10\/2672cc8791b66ee7f2c8b62c55ce68f7-768x768.png 768w, https:\/\/www.carliseppf.com\/wp-content\/uploads\/2025\/10\/2672cc8791b66ee7f2c8b62c55ce68f7-370x370.png 370w, https:\/\/www.carliseppf.com\/wp-content\/uploads\/2025\/10\/2672cc8791b66ee7f2c8b62c55ce68f7-120x120.png 120w, https:\/\/www.carliseppf.com\/wp-content\/uploads\/2025\/10\/2672cc8791b66ee7f2c8b62c55ce68f7-410x410.png 410w, https:\/\/www.carliseppf.com\/wp-content\/uploads\/2025\/10\/2672cc8791b66ee7f2c8b62c55ce68f7-630x630.png 630w, https:\/\/www.carliseppf.com\/wp-content\/uploads\/2025\/10\/2672cc8791b66ee7f2c8b62c55ce68f7-730x730.png 730w, https:\/\/www.carliseppf.com\/wp-content\/uploads\/2025\/10\/2672cc8791b66ee7f2c8b62c55ce68f7-460x460.png 460w\" sizes=\"(max-width: 800px) 100vw, 800px\" \/> <img loading=\"lazy\" decoding=\"async\" class=\"alignnone wp-image-9258 size-full\" style=\"color: #c0c0c1; font-size: 17px; font-weight: 400;\" src=\"https:\/\/www.carliseppf.com\/wp-content\/uploads\/2025\/10\/864618d976298df0cf3cabf0e6edd00d.png\" alt=\"Car PPF premium \u2013 Pel\u00edcula de protecci\u00f3n de pintura transparente para coches y motocicletas\" width=\"800\" height=\"800\" srcset=\"https:\/\/www.carliseppf.com\/wp-content\/uploads\/2025\/10\/864618d976298df0cf3cabf0e6edd00d.png 800w, https:\/\/www.carliseppf.com\/wp-content\/uploads\/2025\/10\/864618d976298df0cf3cabf0e6edd00d-300x300.png 300w, https:\/\/www.carliseppf.com\/wp-content\/uploads\/2025\/10\/864618d976298df0cf3cabf0e6edd00d-150x150.png 150w, https:\/\/www.carliseppf.com\/wp-content\/uploads\/2025\/10\/864618d976298df0cf3cabf0e6edd00d-768x768.png 768w, https:\/\/www.carliseppf.com\/wp-content\/uploads\/2025\/10\/864618d976298df0cf3cabf0e6edd00d-370x370.png 370w, https:\/\/www.carliseppf.com\/wp-content\/uploads\/2025\/10\/864618d976298df0cf3cabf0e6edd00d-120x120.png 120w, https:\/\/www.carliseppf.com\/wp-content\/uploads\/2025\/10\/864618d976298df0cf3cabf0e6edd00d-410x410.png 410w, https:\/\/www.carliseppf.com\/wp-content\/uploads\/2025\/10\/864618d976298df0cf3cabf0e6edd00d-630x630.png 630w, https:\/\/www.carliseppf.com\/wp-content\/uploads\/2025\/10\/864618d976298df0cf3cabf0e6edd00d-730x730.png 730w, https:\/\/www.carliseppf.com\/wp-content\/uploads\/2025\/10\/864618d976298df0cf3cabf0e6edd00d-460x460.png 460w\" sizes=\"(max-width: 800px) 100vw, 800px\" \/> <img loading=\"lazy\" decoding=\"async\" class=\"alignnone wp-image-9254 size-full\" style=\"color: #c0c0c1; font-size: 17px; font-weight: 400;\" src=\"https:\/\/www.carliseppf.com\/wp-content\/uploads\/2025\/10\/5b6b94d510df62466bd694977cc0df89.png\" alt=\"Car PPF directo de f\u00e1brica \u2013 Pel\u00edcula TPU de 7.5 mil para cobertura completa del veh\u00edculo\" width=\"800\" height=\"491\" srcset=\"https:\/\/www.carliseppf.com\/wp-content\/uploads\/2025\/10\/5b6b94d510df62466bd694977cc0df89.png 800w, https:\/\/www.carliseppf.com\/wp-content\/uploads\/2025\/10\/5b6b94d510df62466bd694977cc0df89-300x184.png 300w, https:\/\/www.carliseppf.com\/wp-content\/uploads\/2025\/10\/5b6b94d510df62466bd694977cc0df89-768x471.png 768w, https:\/\/www.carliseppf.com\/wp-content\/uploads\/2025\/10\/5b6b94d510df62466bd694977cc0df89-370x227.png 370w, https:\/\/www.carliseppf.com\/wp-content\/uploads\/2025\/10\/5b6b94d510df62466bd694977cc0df89-410x252.png 410w, https:\/\/www.carliseppf.com\/wp-content\/uploads\/2025\/10\/5b6b94d510df62466bd694977cc0df89-730x448.png 730w\" sizes=\"(max-width: 800px) 100vw, 800px\" \/> <img loading=\"lazy\" decoding=\"async\" class=\"alignnone wp-image-9256 size-full\" style=\"color: #c0c0c1; font-size: 17px; font-weight: 400;\" src=\"https:\/\/www.carliseppf.com\/wp-content\/uploads\/2025\/10\/567c3cfba8d37c87cd094403c3bf00b5.png\" alt=\"Car PPF profesional \u2013 Pel\u00edcula protectora de pintura transparente de f\u00e1cil instalaci\u00f3n\" width=\"800\" height=\"465\" srcset=\"https:\/\/www.carliseppf.com\/wp-content\/uploads\/2025\/10\/567c3cfba8d37c87cd094403c3bf00b5.png 800w, https:\/\/www.carliseppf.com\/wp-content\/uploads\/2025\/10\/567c3cfba8d37c87cd094403c3bf00b5-300x174.png 300w, https:\/\/www.carliseppf.com\/wp-content\/uploads\/2025\/10\/567c3cfba8d37c87cd094403c3bf00b5-768x446.png 768w, https:\/\/www.carliseppf.com\/wp-content\/uploads\/2025\/10\/567c3cfba8d37c87cd094403c3bf00b5-370x215.png 370w, https:\/\/www.carliseppf.com\/wp-content\/uploads\/2025\/10\/567c3cfba8d37c87cd094403c3bf00b5-410x238.png 410w, https:\/\/www.carliseppf.com\/wp-content\/uploads\/2025\/10\/567c3cfba8d37c87cd094403c3bf00b5-730x424.png 730w\" sizes=\"(max-width: 800px) 100vw, 800px\" \/><\/h2>","protected":false},"excerpt":{"rendered":"<p>Protege tu veh\u00edculo con esto <strong data-start=\"439\" data-end=\"450\">car ppf<\/strong> Pel\u00edcula de protecci\u00f3n de pintura transparente de 7.5 mil con garant\u00eda de 10 a\u00f1os. Caracter\u00edsticas hidrof\u00f3bicas, autorreparables y antiara\u00f1azos que aseguran una durabilidad duradera. El suministro directo de f\u00e1brica soporta pedidos al por mayor y personalizaci\u00f3n, perfecto para profesionales del autom\u00f3vil y entusiastas de los coches.<\/p>","protected":false},"featured_media":9252,"comment_status":"open","ping_status":"closed","template":"","meta":[],"product_brand":[],"product_cat":[215],"product_tag":[],"class_list":{"0":"post-9251","1":"product","2":"type-product","3":"status-publish","4":"has-post-thumbnail","6":"product_cat-paint-protection-film-ppf","8":"first","9":"instock","10":"shipping-taxable","11":"product-type-simple"},"_links":{"self":[{"href":"https:\/\/www.carliseppf.com\/es\/wp-json\/wp\/v2\/product\/9251","targetHints":{"allow":["GET"]}}],"collection":[{"href":"https:\/\/www.carliseppf.com\/es\/wp-json\/wp\/v2\/product"}],"about":[{"href":"https:\/\/www.carliseppf.com\/es\/wp-json\/wp\/v2\/types\/product"}],"replies":[{"embeddable":true,"href":"https:\/\/www.carliseppf.com\/es\/wp-json\/wp\/v2\/comments?post=9251"}],"wp:featuredmedia":[{"embeddable":true,"href":"https:\/\/www.carliseppf.com\/es\/wp-json\/wp\/v2\/media\/9252"}],"wp:attachment":[{"href":"https:\/\/www.carliseppf.com\/es\/wp-json\/wp\/v2\/media?parent=9251"}],"wp:term":[{"taxonomy":"product_brand","embeddable":true,"href":"https:\/\/www.carliseppf.com\/es\/wp-json\/wp\/v2\/product_brand?post=9251"},{"taxonomy":"product_cat","embeddable":true,"href":"https:\/\/www.carliseppf.com\/es\/wp-json\/wp\/v2\/product_cat?post=9251"},{"taxonomy":"product_tag","embeddable":true,"href":"https:\/\/www.carliseppf.com\/es\/wp-json\/wp\/v2\/product_tag?post=9251"}],"curies":[{"name":"wp","href":"https:\/\/api.w.org\/{rel}","templated":true}]}}