{"id":9259,"date":"2025-10-28T03:41:51","date_gmt":"2025-10-28T03:41:51","guid":{"rendered":"https:\/\/www.carliseppf.com\/?post_type=product&#038;p=9259"},"modified":"2025-11-20T11:55:28","modified_gmt":"2025-11-20T11:55:28","slug":"ppf-film-clear-7-5mil-10-year","status":"publish","type":"product","link":"https:\/\/www.carliseppf.com\/es\/product\/ppf-film-clear-7-5mil-10-year\/","title":{"rendered":"Garant\u00eda de 10 a\u00f1os en PPF transparente \u2013 Pel\u00edcula de TPU de 7.5 mils de alta calidad"},"content":{"rendered":"<h2 data-start=\"798\" data-end=\"819\">Resumen del Producto<\/h2>\n<p data-start=\"820\" data-end=\"1187\">Este <strong data-start=\"825\" data-end=\"837\">pel\u00edcula PPF<\/strong> est\u00e1 fabricada con material TPU premium de 7.5 mil con calidad Lubrizol (Espa\u00f1a) y pegamento Yashlan, ofreciendo claridad de alto brillo, autorreparaci\u00f3n y protecci\u00f3n antiara\u00f1azos. Perfecta para envolturas completas o parciales en coches, motocicletas, cap\u00f3s, espejos y paneles decorativos. El suministro directo de f\u00e1brica soporta pedidos al por mayor y tama\u00f1os personalizados para instaladores profesionales.<\/p>\n<h2 data-start=\"1189\" data-end=\"1213\">Caracter\u00edsticas y Beneficios<\/h2>\n<ul data-start=\"1214\" data-end=\"1501\">\n<li data-start=\"1214\" data-end=\"1260\">\n<p data-start=\"1216\" data-end=\"1260\">Premium <strong data-start=\"1224\" data-end=\"1236\">pel\u00edcula PPF<\/strong> con garant\u00eda de 10 a\u00f1os<\/p>\n<\/li>\n<li data-start=\"1261\" data-end=\"1319\">\n<p data-start=\"1263\" data-end=\"1319\">Tecnolog\u00eda hidrof\u00f3bica, autorreparaci\u00f3n y antiara\u00f1azos<\/p>\n<\/li>\n<li data-start=\"1320\" data-end=\"1369\">\n<p data-start=\"1322\" data-end=\"1369\">espesor de 7.5 mil para una durabilidad prolongada<\/p>\n<\/li>\n<li data-start=\"1370\" data-end=\"1420\">\n<p data-start=\"1372\" data-end=\"1420\">Flexible y f\u00e1cil de aplicar en curvas y bordes<\/p>\n<\/li>\n<li data-start=\"1421\" data-end=\"1501\">\n<p data-start=\"1423\" data-end=\"1501\">Ideal para cobertura completa o parcial del veh\u00edculo, pedidos al por mayor y proyectos personalizados<\/p>\n<\/li>\n<\/ul>\n<h2 data-start=\"1503\" data-end=\"1529\">Material de alta calidad<\/h2>\n<ul data-start=\"1530\" data-end=\"1656\">\n<li data-start=\"1530\" data-end=\"1564\">\n<p data-start=\"1532\" data-end=\"1564\">Vinilo automotriz de TPU de alta calidad<\/p>\n<\/li>\n<li data-start=\"1565\" data-end=\"1596\">\n<p data-start=\"1567\" data-end=\"1596\">Resistente a los rayos UV y al agua<\/p>\n<\/li>\n<li data-start=\"1597\" data-end=\"1619\">\n<p data-start=\"1599\" data-end=\"1619\">Seguro para la pintura OEM<\/p>\n<\/li>\n<li data-start=\"1620\" data-end=\"1656\">\n<p data-start=\"1622\" data-end=\"1656\">Rendimiento exterior duradero<\/p>\n<\/li>\n<\/ul>\n<h2 data-start=\"1658\" data-end=\"1691\">Instalaci\u00f3n y personalizaci\u00f3n<\/h2>\n<ul data-start=\"1692\" data-end=\"1890\">\n<li data-start=\"1692\" data-end=\"1744\">\n<p data-start=\"1694\" data-end=\"1744\">Adhesivo con liberaci\u00f3n de aire para una aplicaci\u00f3n sin burbujas<\/p>\n<\/li>\n<li data-start=\"1745\" data-end=\"1783\">\n<p data-start=\"1747\" data-end=\"1783\">Formable con calor para curvas y bordes<\/p>\n<\/li>\n<li data-start=\"1784\" data-end=\"1835\">\n<p data-start=\"1786\" data-end=\"1835\">Rollos personalizables para pedidos al por mayor o en volumen<\/p>\n<\/li>\n<li data-start=\"1836\" data-end=\"1890\">\n<p data-start=\"1838\" data-end=\"1890\">Apto para instaladores profesionales y usuarios de bricolaje<\/p>\n<\/li>\n<\/ul>\n<h2 data-start=\"1892\" data-end=\"1909\">Aplicaciones<\/h2>\n<ul data-start=\"1910\" data-end=\"2087\">\n<li data-start=\"1910\" data-end=\"1957\">\n<p data-start=\"1912\" data-end=\"1957\">Envolturas completas de veh\u00edculos: coches, SUVs, motocicletas<\/p>\n<\/li>\n<li data-start=\"1958\" data-end=\"2008\">\n<p data-start=\"1960\" data-end=\"2008\">Envoltorios parciales: cap\u00f3s, techos, espejos, spoilers<\/p>\n<\/li>\n<li data-start=\"2009\" data-end=\"2049\">\n<p data-start=\"2011\" data-end=\"2049\">Ajustes interiores y paneles decorativos<\/p>\n<\/li>\n<li data-start=\"2050\" data-end=\"2087\">\n<p data-start=\"2052\" data-end=\"2087\">Perfecto para <strong data-start=\"2064\" data-end=\"2076\">pel\u00edcula PPF<\/strong> proyectos<\/p>\n<\/li>\n<\/ul>\n<h2 data-start=\"2089\" data-end=\"2108\">Ventajas clave<\/h2>\n<ul data-start=\"2109\" data-end=\"2384\">\n<li data-start=\"2109\" data-end=\"2157\">\n<p data-start=\"2111\" data-end=\"2157\">Suministro directo de f\u00e1brica y personalizaci\u00f3n al por mayor<\/p>\n<\/li>\n<li data-start=\"2158\" data-end=\"2216\">\n<p data-start=\"2160\" data-end=\"2216\">Protecci\u00f3n hidrof\u00f3bica, autorreparaci\u00f3n y antiara\u00f1azos<\/p>\n<\/li>\n<li data-start=\"2217\" data-end=\"2260\">\n<p data-start=\"2219\" data-end=\"2260\">De grado profesional <strong data-start=\"2238\" data-end=\"2250\">pel\u00edcula PPF<\/strong> calidad<\/p>\n<\/li>\n<li data-start=\"2261\" data-end=\"2324\">\n<p data-start=\"2263\" data-end=\"2324\">F\u00e1cil instalaci\u00f3n para usuarios de bricolaje e instaladores profesionales<\/p>\n<\/li>\n<li data-start=\"2325\" data-end=\"2384\">\n<p data-start=\"2327\" data-end=\"2384\">Ideal para talleres automotrices, instaladores y entusiastas<\/p>\n<\/li>\n<\/ul>\n<h2 data-start=\"2386\" data-end=\"2407\">Incluye el paquete<\/h2>\n<ul data-start=\"2408\" data-end=\"2517\">\n<li data-start=\"2408\" data-end=\"2448\">\n<p data-start=\"2410\" data-end=\"2448\">1 Rollo de pel\u00edcula de protecci\u00f3n de pintura transparente de TPU de 7.5 mil<\/p>\n<\/li>\n<li data-start=\"2449\" data-end=\"2517\">\n<p data-start=\"2451\" data-end=\"2517\">Kit de instalaci\u00f3n opcional: esp\u00e1tula, cuchilla, pa\u00f1o de microfibra<\/p>\n<\/li>\n<\/ul>\n<h2 data-start=\"2519\" data-end=\"2548\">\u00bfPor qu\u00e9 elegir este producto?<\/h2>\n<p data-start=\"2549\" data-end=\"2793\">Este <strong data-start=\"2554\" data-end=\"2566\">pel\u00edcula PPF<\/strong> ofrece protecci\u00f3n de pintura de grado profesional con durabilidad de 10 a\u00f1os, calidad Lubrizol (Espa\u00f1a) y adhesivo Yashlan. Totalmente personalizable para pedidos al por mayor o individuales, ideal para instaladores, mayoristas y entusiastas del autom\u00f3vil.<\/p>\n<p><img fetchpriority=\"high\" decoding=\"async\" class=\"alignnone wp-image-9255 size-full\" src=\"https:\/\/www.carliseppf.com\/wp-content\/uploads\/2025\/10\/25c7ff18d03fce79381c95f5f50cfe95.png\" alt=\"pel\u00edcula PPF\" width=\"800\" height=\"800\" srcset=\"https:\/\/www.carliseppf.com\/wp-content\/uploads\/2025\/10\/25c7ff18d03fce79381c95f5f50cfe95.png 800w, https:\/\/www.carliseppf.com\/wp-content\/uploads\/2025\/10\/25c7ff18d03fce79381c95f5f50cfe95-300x300.png 300w, https:\/\/www.carliseppf.com\/wp-content\/uploads\/2025\/10\/25c7ff18d03fce79381c95f5f50cfe95-150x150.png 150w, https:\/\/www.carliseppf.com\/wp-content\/uploads\/2025\/10\/25c7ff18d03fce79381c95f5f50cfe95-768x768.png 768w, https:\/\/www.carliseppf.com\/wp-content\/uploads\/2025\/10\/25c7ff18d03fce79381c95f5f50cfe95-370x370.png 370w, https:\/\/www.carliseppf.com\/wp-content\/uploads\/2025\/10\/25c7ff18d03fce79381c95f5f50cfe95-120x120.png 120w, https:\/\/www.carliseppf.com\/wp-content\/uploads\/2025\/10\/25c7ff18d03fce79381c95f5f50cfe95-410x410.png 410w, https:\/\/www.carliseppf.com\/wp-content\/uploads\/2025\/10\/25c7ff18d03fce79381c95f5f50cfe95-630x630.png 630w, https:\/\/www.carliseppf.com\/wp-content\/uploads\/2025\/10\/25c7ff18d03fce79381c95f5f50cfe95-730x730.png 730w, https:\/\/www.carliseppf.com\/wp-content\/uploads\/2025\/10\/25c7ff18d03fce79381c95f5f50cfe95-460x460.png 460w\" sizes=\"(max-width: 800px) 100vw, 800px\" \/> <img decoding=\"async\" class=\"alignnone wp-image-9253 size-full\" src=\"https:\/\/www.carliseppf.com\/wp-content\/uploads\/2025\/10\/3a997d47de1f32ea3c0c6af268b88a03.png\" alt=\"Pel\u00edcula PPF \u2013 Pel\u00edcula de protecci\u00f3n de pintura de TPU transparente de 7.5 mil para envoltura completa de coche\" width=\"800\" height=\"800\" srcset=\"https:\/\/www.carliseppf.com\/wp-content\/uploads\/2025\/10\/3a997d47de1f32ea3c0c6af268b88a03.png 800w, https:\/\/www.carliseppf.com\/wp-content\/uploads\/2025\/10\/3a997d47de1f32ea3c0c6af268b88a03-300x300.png 300w, https:\/\/www.carliseppf.com\/wp-content\/uploads\/2025\/10\/3a997d47de1f32ea3c0c6af268b88a03-150x150.png 150w, https:\/\/www.carliseppf.com\/wp-content\/uploads\/2025\/10\/3a997d47de1f32ea3c0c6af268b88a03-768x768.png 768w, https:\/\/www.carliseppf.com\/wp-content\/uploads\/2025\/10\/3a997d47de1f32ea3c0c6af268b88a03-370x370.png 370w, https:\/\/www.carliseppf.com\/wp-content\/uploads\/2025\/10\/3a997d47de1f32ea3c0c6af268b88a03-120x120.png 120w, https:\/\/www.carliseppf.com\/wp-content\/uploads\/2025\/10\/3a997d47de1f32ea3c0c6af268b88a03-410x410.png 410w, https:\/\/www.carliseppf.com\/wp-content\/uploads\/2025\/10\/3a997d47de1f32ea3c0c6af268b88a03-630x630.png 630w, https:\/\/www.carliseppf.com\/wp-content\/uploads\/2025\/10\/3a997d47de1f32ea3c0c6af268b88a03-730x730.png 730w, https:\/\/www.carliseppf.com\/wp-content\/uploads\/2025\/10\/3a997d47de1f32ea3c0c6af268b88a03-460x460.png 460w\" sizes=\"(max-width: 800px) 100vw, 800px\" \/> <img decoding=\"async\" class=\"alignnone wp-image-9257 size-full\" src=\"https:\/\/www.carliseppf.com\/wp-content\/uploads\/2025\/10\/2672cc8791b66ee7f2c8b62c55ce68f7.png\" alt=\"Pel\u00edcula PPF \u2013 Pel\u00edcula de protecci\u00f3n de coche antiara\u00f1azos, autorreparaci\u00f3n e hidrof\u00f3bica\" width=\"800\" height=\"800\" srcset=\"https:\/\/www.carliseppf.com\/wp-content\/uploads\/2025\/10\/2672cc8791b66ee7f2c8b62c55ce68f7.png 800w, https:\/\/www.carliseppf.com\/wp-content\/uploads\/2025\/10\/2672cc8791b66ee7f2c8b62c55ce68f7-300x300.png 300w, https:\/\/www.carliseppf.com\/wp-content\/uploads\/2025\/10\/2672cc8791b66ee7f2c8b62c55ce68f7-150x150.png 150w, https:\/\/www.carliseppf.com\/wp-content\/uploads\/2025\/10\/2672cc8791b66ee7f2c8b62c55ce68f7-768x768.png 768w, https:\/\/www.carliseppf.com\/wp-content\/uploads\/2025\/10\/2672cc8791b66ee7f2c8b62c55ce68f7-370x370.png 370w, https:\/\/www.carliseppf.com\/wp-content\/uploads\/2025\/10\/2672cc8791b66ee7f2c8b62c55ce68f7-120x120.png 120w, https:\/\/www.carliseppf.com\/wp-content\/uploads\/2025\/10\/2672cc8791b66ee7f2c8b62c55ce68f7-410x410.png 410w, https:\/\/www.carliseppf.com\/wp-content\/uploads\/2025\/10\/2672cc8791b66ee7f2c8b62c55ce68f7-630x630.png 630w, https:\/\/www.carliseppf.com\/wp-content\/uploads\/2025\/10\/2672cc8791b66ee7f2c8b62c55ce68f7-730x730.png 730w, https:\/\/www.carliseppf.com\/wp-content\/uploads\/2025\/10\/2672cc8791b66ee7f2c8b62c55ce68f7-460x460.png 460w\" sizes=\"(max-width: 800px) 100vw, 800px\" \/> <img loading=\"lazy\" decoding=\"async\" class=\"alignnone wp-image-9258 size-full\" src=\"https:\/\/www.carliseppf.com\/wp-content\/uploads\/2025\/10\/864618d976298df0cf3cabf0e6edd00d.png\" alt=\"Pel\u00edcula PPF \u2013 Protecci\u00f3n de pintura transparente premium de 7.5 mil para veh\u00edculos\" width=\"800\" height=\"800\" srcset=\"https:\/\/www.carliseppf.com\/wp-content\/uploads\/2025\/10\/864618d976298df0cf3cabf0e6edd00d.png 800w, https:\/\/www.carliseppf.com\/wp-content\/uploads\/2025\/10\/864618d976298df0cf3cabf0e6edd00d-300x300.png 300w, https:\/\/www.carliseppf.com\/wp-content\/uploads\/2025\/10\/864618d976298df0cf3cabf0e6edd00d-150x150.png 150w, https:\/\/www.carliseppf.com\/wp-content\/uploads\/2025\/10\/864618d976298df0cf3cabf0e6edd00d-768x768.png 768w, https:\/\/www.carliseppf.com\/wp-content\/uploads\/2025\/10\/864618d976298df0cf3cabf0e6edd00d-370x370.png 370w, https:\/\/www.carliseppf.com\/wp-content\/uploads\/2025\/10\/864618d976298df0cf3cabf0e6edd00d-120x120.png 120w, https:\/\/www.carliseppf.com\/wp-content\/uploads\/2025\/10\/864618d976298df0cf3cabf0e6edd00d-410x410.png 410w, https:\/\/www.carliseppf.com\/wp-content\/uploads\/2025\/10\/864618d976298df0cf3cabf0e6edd00d-630x630.png 630w, https:\/\/www.carliseppf.com\/wp-content\/uploads\/2025\/10\/864618d976298df0cf3cabf0e6edd00d-730x730.png 730w, https:\/\/www.carliseppf.com\/wp-content\/uploads\/2025\/10\/864618d976298df0cf3cabf0e6edd00d-460x460.png 460w\" sizes=\"(max-width: 800px) 100vw, 800px\" \/> <img loading=\"lazy\" decoding=\"async\" class=\"alignnone wp-image-9254 size-full\" src=\"https:\/\/www.carliseppf.com\/wp-content\/uploads\/2025\/10\/5b6b94d510df62466bd694977cc0df89.png\" alt=\"Pel\u00edcula PPF \u2013 Cobertura completa del veh\u00edculo, envoltura de coche de TPU de alto brillo\" width=\"800\" height=\"491\" srcset=\"https:\/\/www.carliseppf.com\/wp-content\/uploads\/2025\/10\/5b6b94d510df62466bd694977cc0df89.png 800w, https:\/\/www.carliseppf.com\/wp-content\/uploads\/2025\/10\/5b6b94d510df62466bd694977cc0df89-300x184.png 300w, https:\/\/www.carliseppf.com\/wp-content\/uploads\/2025\/10\/5b6b94d510df62466bd694977cc0df89-768x471.png 768w, https:\/\/www.carliseppf.com\/wp-content\/uploads\/2025\/10\/5b6b94d510df62466bd694977cc0df89-370x227.png 370w, https:\/\/www.carliseppf.com\/wp-content\/uploads\/2025\/10\/5b6b94d510df62466bd694977cc0df89-410x252.png 410w, https:\/\/www.carliseppf.com\/wp-content\/uploads\/2025\/10\/5b6b94d510df62466bd694977cc0df89-730x448.png 730w\" sizes=\"(max-width: 800px) 100vw, 800px\" \/> <img loading=\"lazy\" decoding=\"async\" class=\"alignnone wp-image-9256 size-full\" src=\"https:\/\/www.carliseppf.com\/wp-content\/uploads\/2025\/10\/567c3cfba8d37c87cd094403c3bf00b5.png\" alt=\"Pel\u00edcula PPF \u2013 Pel\u00edcula de protecci\u00f3n de pintura transparente para instalaci\u00f3n profesional\" width=\"800\" height=\"465\" srcset=\"https:\/\/www.carliseppf.com\/wp-content\/uploads\/2025\/10\/567c3cfba8d37c87cd094403c3bf00b5.png 800w, https:\/\/www.carliseppf.com\/wp-content\/uploads\/2025\/10\/567c3cfba8d37c87cd094403c3bf00b5-300x174.png 300w, https:\/\/www.carliseppf.com\/wp-content\/uploads\/2025\/10\/567c3cfba8d37c87cd094403c3bf00b5-768x446.png 768w, https:\/\/www.carliseppf.com\/wp-content\/uploads\/2025\/10\/567c3cfba8d37c87cd094403c3bf00b5-370x215.png 370w, https:\/\/www.carliseppf.com\/wp-content\/uploads\/2025\/10\/567c3cfba8d37c87cd094403c3bf00b5-410x238.png 410w, https:\/\/www.carliseppf.com\/wp-content\/uploads\/2025\/10\/567c3cfba8d37c87cd094403c3bf00b5-730x424.png 730w\" sizes=\"(max-width: 800px) 100vw, 800px\" \/><\/p>","protected":false},"excerpt":{"rendered":"<p>Alta calidad <strong data-start=\"460\" data-end=\"472\">pel\u00edcula PPF<\/strong> con garant\u00eda de 10 a\u00f1os de Lubrizol (Espa\u00f1a) y adhesivo Yashlan. La pel\u00edcula de protecci\u00f3n de pintura transparente de TPU de 7.5 mil ofrece autorreparaci\u00f3n, antiara\u00f1azos y durabilidad prolongada. El suministro directo de f\u00e1brica soporta pedidos al por mayor y personalizaci\u00f3n. Ideal para instaladores profesionales, talleres automotrices y entusiastas de los coches.<\/p>","protected":false},"featured_media":9260,"comment_status":"open","ping_status":"closed","template":"","meta":[],"product_brand":[],"product_cat":[215],"product_tag":[],"class_list":{"0":"post-9259","1":"product","2":"type-product","3":"status-publish","4":"has-post-thumbnail","6":"product_cat-paint-protection-film-ppf","8":"first","9":"instock","10":"shipping-taxable","11":"product-type-simple"},"_links":{"self":[{"href":"https:\/\/www.carliseppf.com\/es\/wp-json\/wp\/v2\/product\/9259","targetHints":{"allow":["GET"]}}],"collection":[{"href":"https:\/\/www.carliseppf.com\/es\/wp-json\/wp\/v2\/product"}],"about":[{"href":"https:\/\/www.carliseppf.com\/es\/wp-json\/wp\/v2\/types\/product"}],"replies":[{"embeddable":true,"href":"https:\/\/www.carliseppf.com\/es\/wp-json\/wp\/v2\/comments?post=9259"}],"wp:featuredmedia":[{"embeddable":true,"href":"https:\/\/www.carliseppf.com\/es\/wp-json\/wp\/v2\/media\/9260"}],"wp:attachment":[{"href":"https:\/\/www.carliseppf.com\/es\/wp-json\/wp\/v2\/media?parent=9259"}],"wp:term":[{"taxonomy":"product_brand","embeddable":true,"href":"https:\/\/www.carliseppf.com\/es\/wp-json\/wp\/v2\/product_brand?post=9259"},{"taxonomy":"product_cat","embeddable":true,"href":"https:\/\/www.carliseppf.com\/es\/wp-json\/wp\/v2\/product_cat?post=9259"},{"taxonomy":"product_tag","embeddable":true,"href":"https:\/\/www.carliseppf.com\/es\/wp-json\/wp\/v2\/product_tag?post=9259"}],"curies":[{"name":"wp","href":"https:\/\/api.w.org\/{rel}","templated":true}]}}