{"id":9266,"date":"2025-10-28T03:54:38","date_gmt":"2025-10-28T03:54:38","guid":{"rendered":"https:\/\/www.carliseppf.com\/?post_type=product&#038;p=9266"},"modified":"2025-11-20T12:15:06","modified_gmt":"2025-11-20T12:15:06","slug":"car-window-tint-film-1-ply","status":"publish","type":"product","link":"https:\/\/www.carliseppf.com\/es\/product\/car-window-tint-film-1-ply\/","title":{"rendered":"Pel\u00edcula de tintado de ventanas de coche de 1 capa \u2013 Protecci\u00f3n automotriz premium"},"content":{"rendered":"<h2 data-start=\"675\" data-end=\"696\">Resumen del Producto<\/h2>\n<p data-start=\"697\" data-end=\"961\">Este <strong data-start=\"702\" data-end=\"726\">pel\u00edcula de tintado de ventanas de coche<\/strong> ofrece grosor de 1 capa y rechazo de calor confiable, protecci\u00f3n UV y mejora de la privacidad. Perfecto para coches, SUVs, camiones y motocicletas. El suministro directo de f\u00e1brica soporta pedidos al por mayor y tama\u00f1os personalizados para instalaci\u00f3n profesional.<\/p>\n<h2 style=\"color: #ffffff; font-family: Manrope, sans-serif; font-size: 47.005px; font-weight: 600; font-style: normal; line-height: 47.9921px; text-decoration: none; text-transform: none; letter-spacing: normal; margin-top: 31.4934px; margin-bottom: 22.5624px; outline: 0px;\" data-start=\"1263\" data-end=\"1286\"><img fetchpriority=\"high\" decoding=\"async\" class=\"alignnone wp-image-9268 size-full\" style=\"color: #c0c0c1; font-size: 17px; font-weight: 400;\" src=\"https:\/\/www.carliseppf.com\/wp-content\/uploads\/2025\/10\/7ff4d022d5fb57cf43e71cfed1c3d236.png\" alt=\"Pel\u00edcula tintada para ventanas de coche \u2013 Pel\u00edcula de protecci\u00f3n premium de 1 capa para veh\u00edculos\" width=\"800\" height=\"800\" srcset=\"https:\/\/www.carliseppf.com\/wp-content\/uploads\/2025\/10\/7ff4d022d5fb57cf43e71cfed1c3d236.png 800w, https:\/\/www.carliseppf.com\/wp-content\/uploads\/2025\/10\/7ff4d022d5fb57cf43e71cfed1c3d236-300x300.png 300w, https:\/\/www.carliseppf.com\/wp-content\/uploads\/2025\/10\/7ff4d022d5fb57cf43e71cfed1c3d236-150x150.png 150w, https:\/\/www.carliseppf.com\/wp-content\/uploads\/2025\/10\/7ff4d022d5fb57cf43e71cfed1c3d236-768x768.png 768w, https:\/\/www.carliseppf.com\/wp-content\/uploads\/2025\/10\/7ff4d022d5fb57cf43e71cfed1c3d236-370x370.png 370w, https:\/\/www.carliseppf.com\/wp-content\/uploads\/2025\/10\/7ff4d022d5fb57cf43e71cfed1c3d236-120x120.png 120w, https:\/\/www.carliseppf.com\/wp-content\/uploads\/2025\/10\/7ff4d022d5fb57cf43e71cfed1c3d236-410x410.png 410w, https:\/\/www.carliseppf.com\/wp-content\/uploads\/2025\/10\/7ff4d022d5fb57cf43e71cfed1c3d236-630x630.png 630w, https:\/\/www.carliseppf.com\/wp-content\/uploads\/2025\/10\/7ff4d022d5fb57cf43e71cfed1c3d236-730x730.png 730w, https:\/\/www.carliseppf.com\/wp-content\/uploads\/2025\/10\/7ff4d022d5fb57cf43e71cfed1c3d236-460x460.png 460w\" sizes=\"(max-width: 800px) 100vw, 800px\" \/><\/h2>\n<h2 data-start=\"963\" data-end=\"987\">Caracter\u00edsticas y Beneficios<\/h2>\n<ul data-start=\"988\" data-end=\"1261\">\n<li data-start=\"988\" data-end=\"1047\">\n<p data-start=\"990\" data-end=\"1047\">Premium <strong data-start=\"998\" data-end=\"1022\">pel\u00edcula de tintado de ventanas de coche<\/strong> para protecci\u00f3n del veh\u00edculo<\/p>\n<\/li>\n<li data-start=\"1048\" data-end=\"1107\">\n<p data-start=\"1050\" data-end=\"1107\">Grosor de 1 capa para visibilidad clara y rechazo de calor<\/p>\n<\/li>\n<li data-start=\"1108\" data-end=\"1149\">\n<p data-start=\"1110\" data-end=\"1149\">Resistente a los rayos UV, anti-reflejo y duradero<\/p>\n<\/li>\n<li data-start=\"1150\" data-end=\"1192\">\n<p data-start=\"1152\" data-end=\"1192\">F\u00e1cil de instalar en todas las ventanas del veh\u00edculo<\/p>\n<\/li>\n<li data-start=\"1193\" data-end=\"1261\">\n<p data-start=\"1195\" data-end=\"1261\">Ideal para pedidos al por mayor, tama\u00f1os personalizados e instaladores profesionales<\/p>\n<\/li>\n<\/ul>\n<h2 data-start=\"1263\" data-end=\"1286\">Material y Calidad<\/h2>\n<ul data-start=\"1287\" data-end=\"1430\">\n<li data-start=\"1287\" data-end=\"1316\">\n<p data-start=\"1289\" data-end=\"1316\">Pel\u00edcula PET de grado automotriz<\/p>\n<\/li>\n<li data-start=\"1317\" data-end=\"1355\">\n<p data-start=\"1319\" data-end=\"1355\">Resistente a los ara\u00f1azos y duradera<\/p>\n<\/li>\n<li data-start=\"1356\" data-end=\"1401\">\n<p data-start=\"1358\" data-end=\"1401\">Mantiene la claridad mientras proporciona privacidad<\/p>\n<\/li>\n<li data-start=\"1402\" data-end=\"1430\">\n<p data-start=\"1404\" data-end=\"1430\">Segura para todas las ventanas OEM<\/p>\n<\/li>\n<\/ul>\n<h2 data-start=\"1432\" data-end=\"1465\">Instalaci\u00f3n y personalizaci\u00f3n<\/h2>\n<ul data-start=\"1466\" data-end=\"1668\">\n<li data-start=\"1466\" data-end=\"1522\">\n<p data-start=\"1468\" data-end=\"1522\">Adhesivo con liberaci\u00f3n de aire que garantiza una aplicaci\u00f3n sin burbujas<\/p>\n<\/li>\n<li data-start=\"1523\" data-end=\"1561\">\n<p data-start=\"1525\" data-end=\"1561\">Formable con calor para curvas y bordes<\/p>\n<\/li>\n<li data-start=\"1562\" data-end=\"1613\">\n<p data-start=\"1564\" data-end=\"1613\">Disponible en rollos para pedidos al por mayor o mayoristas<\/p>\n<\/li>\n<li data-start=\"1614\" data-end=\"1668\">\n<p data-start=\"1616\" data-end=\"1668\">Apto para instaladores profesionales y usuarios de bricolaje<\/p>\n<\/li>\n<\/ul>\n<h2 data-start=\"1670\" data-end=\"1687\">Aplicaciones<\/h2>\n<ul data-start=\"1688\" data-end=\"1859\">\n<li data-start=\"1688\" data-end=\"1747\">\n<p data-start=\"1690\" data-end=\"1747\">Cobertura completa de ventanas del coche para privacidad y rechazo de calor<\/p>\n<\/li>\n<li data-start=\"1748\" data-end=\"1807\">\n<p data-start=\"1750\" data-end=\"1807\">Tintado parcial de ventanas para ventanas delanteras, laterales o traseras<\/p>\n<\/li>\n<li data-start=\"1808\" data-end=\"1859\">\n<p data-start=\"1810\" data-end=\"1859\">Perfecto para coches, SUVs, camiones y motocicletas<\/p>\n<\/li>\n<\/ul>\n<h2 data-start=\"1861\" data-end=\"1880\">Ventajas clave<\/h2>\n<ul data-start=\"1881\" data-end=\"2123\">\n<li data-start=\"1881\" data-end=\"1939\">\n<p data-start=\"1883\" data-end=\"1939\">Suministro directo de f\u00e1brica y personalizaci\u00f3n en volumen disponible<\/p>\n<\/li>\n<li data-start=\"1940\" data-end=\"1995\">\n<p data-start=\"1942\" data-end=\"1995\">De grado profesional <strong data-start=\"1961\" data-end=\"1985\">pel\u00edcula de tintado de ventanas de coche<\/strong> calidad<\/p>\n<\/li>\n<li data-start=\"1996\" data-end=\"2059\">\n<p data-start=\"1998\" data-end=\"2059\">F\u00e1cil instalaci\u00f3n para usuarios de bricolaje e instaladores profesionales<\/p>\n<\/li>\n<li data-start=\"2060\" data-end=\"2123\">\n<p data-start=\"2062\" data-end=\"2123\">Ideal para talleres automotrices, instaladores y entusiastas de los coches<\/p>\n<\/li>\n<\/ul>\n<h2 data-start=\"2125\" data-end=\"2146\">Incluye el paquete<\/h2>\n<ul data-start=\"2147\" data-end=\"2256\">\n<li data-start=\"2147\" data-end=\"2187\">\n<p data-start=\"2149\" data-end=\"2187\">1 rollo de pel\u00edcula tintada para ventanas de coche de 1 capa<\/p>\n<\/li>\n<li data-start=\"2188\" data-end=\"2256\">\n<p data-start=\"2190\" data-end=\"2256\">Kit de instalaci\u00f3n opcional: esp\u00e1tula, cuchilla, pa\u00f1o de microfibra<\/p>\n<\/li>\n<\/ul>\n<h2 data-start=\"2258\" data-end=\"2287\">\u00bfPor qu\u00e9 elegir este producto?<\/h2>\n<p data-start=\"2288\" data-end=\"2520\">Este de alta calidad <strong data-start=\"2306\" data-end=\"2330\">pel\u00edcula de tintado de ventanas de coche<\/strong> ofrece protecci\u00f3n UV, rechazo de calor y privacidad mientras mantiene la claridad. El suministro directo de f\u00e1brica garantiza pedidos en volumen y tama\u00f1os personalizados para instaladores profesionales y entusiastas de los coches.<\/p>\n<p>\u00a0<img decoding=\"async\" class=\"alignnone wp-image-9269 size-full\" src=\"https:\/\/www.carliseppf.com\/wp-content\/uploads\/2025\/10\/ba2d5564652e49302b748bd4da89e49d.png\" alt=\"Pel\u00edcula tintada de alta calidad para ventanas de coche \u2013 Protecci\u00f3n UV y rechazo de calor\" width=\"800\" height=\"800\" srcset=\"https:\/\/www.carliseppf.com\/wp-content\/uploads\/2025\/10\/ba2d5564652e49302b748bd4da89e49d.png 800w, https:\/\/www.carliseppf.com\/wp-content\/uploads\/2025\/10\/ba2d5564652e49302b748bd4da89e49d-300x300.png 300w, https:\/\/www.carliseppf.com\/wp-content\/uploads\/2025\/10\/ba2d5564652e49302b748bd4da89e49d-150x150.png 150w, https:\/\/www.carliseppf.com\/wp-content\/uploads\/2025\/10\/ba2d5564652e49302b748bd4da89e49d-768x768.png 768w, https:\/\/www.carliseppf.com\/wp-content\/uploads\/2025\/10\/ba2d5564652e49302b748bd4da89e49d-370x370.png 370w, https:\/\/www.carliseppf.com\/wp-content\/uploads\/2025\/10\/ba2d5564652e49302b748bd4da89e49d-120x120.png 120w, https:\/\/www.carliseppf.com\/wp-content\/uploads\/2025\/10\/ba2d5564652e49302b748bd4da89e49d-410x410.png 410w, https:\/\/www.carliseppf.com\/wp-content\/uploads\/2025\/10\/ba2d5564652e49302b748bd4da89e49d-630x630.png 630w, https:\/\/www.carliseppf.com\/wp-content\/uploads\/2025\/10\/ba2d5564652e49302b748bd4da89e49d-730x730.png 730w, https:\/\/www.carliseppf.com\/wp-content\/uploads\/2025\/10\/ba2d5564652e49302b748bd4da89e49d-460x460.png 460w\" sizes=\"(max-width: 800px) 100vw, 800px\" \/> <img decoding=\"async\" class=\"alignnone wp-image-9273 size-full\" src=\"https:\/\/www.carliseppf.com\/wp-content\/uploads\/2025\/10\/2a17e4b44799b2f3aabc02d82c4e1fcd.png\" alt=\"Pel\u00edcula tintada profesional para ventanas de coche \u2013 Pel\u00edcula resistente a ara\u00f1azos y duradera\" width=\"800\" height=\"989\" srcset=\"https:\/\/www.carliseppf.com\/wp-content\/uploads\/2025\/10\/2a17e4b44799b2f3aabc02d82c4e1fcd.png 800w, https:\/\/www.carliseppf.com\/wp-content\/uploads\/2025\/10\/2a17e4b44799b2f3aabc02d82c4e1fcd-243x300.png 243w, https:\/\/www.carliseppf.com\/wp-content\/uploads\/2025\/10\/2a17e4b44799b2f3aabc02d82c4e1fcd-768x949.png 768w, https:\/\/www.carliseppf.com\/wp-content\/uploads\/2025\/10\/2a17e4b44799b2f3aabc02d82c4e1fcd-370x457.png 370w, https:\/\/www.carliseppf.com\/wp-content\/uploads\/2025\/10\/2a17e4b44799b2f3aabc02d82c4e1fcd-410x507.png 410w, https:\/\/www.carliseppf.com\/wp-content\/uploads\/2025\/10\/2a17e4b44799b2f3aabc02d82c4e1fcd-730x902.png 730w\" sizes=\"(max-width: 800px) 100vw, 800px\" \/> <img loading=\"lazy\" decoding=\"async\" class=\"alignnone wp-image-9274 size-full\" src=\"https:\/\/www.carliseppf.com\/wp-content\/uploads\/2025\/10\/0c6be8a5589ebcb8d9bda893698f4c8c.png\" alt=\"Pel\u00edcula tintada para ventanas de coche de f\u00e1brica \u2013 Pel\u00edcula de 1 capa para coches y SUVs\" width=\"800\" height=\"800\" srcset=\"https:\/\/www.carliseppf.com\/wp-content\/uploads\/2025\/10\/0c6be8a5589ebcb8d9bda893698f4c8c.png 800w, https:\/\/www.carliseppf.com\/wp-content\/uploads\/2025\/10\/0c6be8a5589ebcb8d9bda893698f4c8c-300x300.png 300w, https:\/\/www.carliseppf.com\/wp-content\/uploads\/2025\/10\/0c6be8a5589ebcb8d9bda893698f4c8c-150x150.png 150w, https:\/\/www.carliseppf.com\/wp-content\/uploads\/2025\/10\/0c6be8a5589ebcb8d9bda893698f4c8c-768x768.png 768w, https:\/\/www.carliseppf.com\/wp-content\/uploads\/2025\/10\/0c6be8a5589ebcb8d9bda893698f4c8c-370x370.png 370w, https:\/\/www.carliseppf.com\/wp-content\/uploads\/2025\/10\/0c6be8a5589ebcb8d9bda893698f4c8c-120x120.png 120w, https:\/\/www.carliseppf.com\/wp-content\/uploads\/2025\/10\/0c6be8a5589ebcb8d9bda893698f4c8c-410x410.png 410w, https:\/\/www.carliseppf.com\/wp-content\/uploads\/2025\/10\/0c6be8a5589ebcb8d9bda893698f4c8c-630x630.png 630w, https:\/\/www.carliseppf.com\/wp-content\/uploads\/2025\/10\/0c6be8a5589ebcb8d9bda893698f4c8c-730x730.png 730w, https:\/\/www.carliseppf.com\/wp-content\/uploads\/2025\/10\/0c6be8a5589ebcb8d9bda893698f4c8c-460x460.png 460w\" sizes=\"(max-width: 800px) 100vw, 800px\" \/> <img loading=\"lazy\" decoding=\"async\" class=\"alignnone wp-image-9272 size-full\" src=\"https:\/\/www.carliseppf.com\/wp-content\/uploads\/2025\/10\/5069f7764369e32b60f8acc95cfde4ab.png\" alt=\"Pel\u00edcula tintada para ventanas de coche f\u00e1cil de aplicar \u2013 Pel\u00edcula automotriz de 1 capa\" width=\"800\" height=\"800\" srcset=\"https:\/\/www.carliseppf.com\/wp-content\/uploads\/2025\/10\/5069f7764369e32b60f8acc95cfde4ab.png 800w, https:\/\/www.carliseppf.com\/wp-content\/uploads\/2025\/10\/5069f7764369e32b60f8acc95cfde4ab-300x300.png 300w, https:\/\/www.carliseppf.com\/wp-content\/uploads\/2025\/10\/5069f7764369e32b60f8acc95cfde4ab-150x150.png 150w, https:\/\/www.carliseppf.com\/wp-content\/uploads\/2025\/10\/5069f7764369e32b60f8acc95cfde4ab-768x768.png 768w, https:\/\/www.carliseppf.com\/wp-content\/uploads\/2025\/10\/5069f7764369e32b60f8acc95cfde4ab-370x370.png 370w, https:\/\/www.carliseppf.com\/wp-content\/uploads\/2025\/10\/5069f7764369e32b60f8acc95cfde4ab-120x120.png 120w, https:\/\/www.carliseppf.com\/wp-content\/uploads\/2025\/10\/5069f7764369e32b60f8acc95cfde4ab-410x410.png 410w, https:\/\/www.carliseppf.com\/wp-content\/uploads\/2025\/10\/5069f7764369e32b60f8acc95cfde4ab-630x630.png 630w, https:\/\/www.carliseppf.com\/wp-content\/uploads\/2025\/10\/5069f7764369e32b60f8acc95cfde4ab-730x730.png 730w, https:\/\/www.carliseppf.com\/wp-content\/uploads\/2025\/10\/5069f7764369e32b60f8acc95cfde4ab-460x460.png 460w\" sizes=\"(max-width: 800px) 100vw, 800px\" \/> <img loading=\"lazy\" decoding=\"async\" class=\"alignnone wp-image-9271 size-full\" src=\"https:\/\/www.carliseppf.com\/wp-content\/uploads\/2025\/10\/c5d2f6550e7a34e29d3e3bc4c9aef7b2.png\" alt=\"Pel\u00edcula tintada premium para ventanas de coche \u2013 Pel\u00edcula transparente de 1 capa para ventanas automotrices\" width=\"800\" height=\"800\" srcset=\"https:\/\/www.carliseppf.com\/wp-content\/uploads\/2025\/10\/c5d2f6550e7a34e29d3e3bc4c9aef7b2.png 800w, https:\/\/www.carliseppf.com\/wp-content\/uploads\/2025\/10\/c5d2f6550e7a34e29d3e3bc4c9aef7b2-300x300.png 300w, https:\/\/www.carliseppf.com\/wp-content\/uploads\/2025\/10\/c5d2f6550e7a34e29d3e3bc4c9aef7b2-150x150.png 150w, https:\/\/www.carliseppf.com\/wp-content\/uploads\/2025\/10\/c5d2f6550e7a34e29d3e3bc4c9aef7b2-768x768.png 768w, https:\/\/www.carliseppf.com\/wp-content\/uploads\/2025\/10\/c5d2f6550e7a34e29d3e3bc4c9aef7b2-370x370.png 370w, https:\/\/www.carliseppf.com\/wp-content\/uploads\/2025\/10\/c5d2f6550e7a34e29d3e3bc4c9aef7b2-120x120.png 120w, https:\/\/www.carliseppf.com\/wp-content\/uploads\/2025\/10\/c5d2f6550e7a34e29d3e3bc4c9aef7b2-410x410.png 410w, https:\/\/www.carliseppf.com\/wp-content\/uploads\/2025\/10\/c5d2f6550e7a34e29d3e3bc4c9aef7b2-630x630.png 630w, https:\/\/www.carliseppf.com\/wp-content\/uploads\/2025\/10\/c5d2f6550e7a34e29d3e3bc4c9aef7b2-730x730.png 730w, https:\/\/www.carliseppf.com\/wp-content\/uploads\/2025\/10\/c5d2f6550e7a34e29d3e3bc4c9aef7b2-460x460.png 460w\" sizes=\"(max-width: 800px) 100vw, 800px\" \/> <img loading=\"lazy\" decoding=\"async\" class=\"alignnone wp-image-9270 size-full\" src=\"https:\/\/www.carliseppf.com\/wp-content\/uploads\/2025\/10\/3d40f45354fd7aebeabc12009e3c5867.png\" alt=\"Pel\u00edcula tintada automotriz \u2013 Pel\u00edcula duradera de 1 capa para rechazo de calor\" width=\"800\" height=\"800\" srcset=\"https:\/\/www.carliseppf.com\/wp-content\/uploads\/2025\/10\/3d40f45354fd7aebeabc12009e3c5867.png 800w, https:\/\/www.carliseppf.com\/wp-content\/uploads\/2025\/10\/3d40f45354fd7aebeabc12009e3c5867-300x300.png 300w, https:\/\/www.carliseppf.com\/wp-content\/uploads\/2025\/10\/3d40f45354fd7aebeabc12009e3c5867-150x150.png 150w, https:\/\/www.carliseppf.com\/wp-content\/uploads\/2025\/10\/3d40f45354fd7aebeabc12009e3c5867-768x768.png 768w, https:\/\/www.carliseppf.com\/wp-content\/uploads\/2025\/10\/3d40f45354fd7aebeabc12009e3c5867-370x370.png 370w, https:\/\/www.carliseppf.com\/wp-content\/uploads\/2025\/10\/3d40f45354fd7aebeabc12009e3c5867-120x120.png 120w, https:\/\/www.carliseppf.com\/wp-content\/uploads\/2025\/10\/3d40f45354fd7aebeabc12009e3c5867-410x410.png 410w, https:\/\/www.carliseppf.com\/wp-content\/uploads\/2025\/10\/3d40f45354fd7aebeabc12009e3c5867-630x630.png 630w, https:\/\/www.carliseppf.com\/wp-content\/uploads\/2025\/10\/3d40f45354fd7aebeabc12009e3c5867-730x730.png 730w, https:\/\/www.carliseppf.com\/wp-content\/uploads\/2025\/10\/3d40f45354fd7aebeabc12009e3c5867-460x460.png 460w\" sizes=\"(max-width: 800px) 100vw, 800px\" \/><\/p>","protected":false},"excerpt":{"rendered":"<p>Alta calidad <strong data-start=\"411\" data-end=\"435\">pel\u00edcula de tintado de ventanas de coche<\/strong> con grosor de 1 capa para una protecci\u00f3n superior contra los rayos UV, rechazo de calor y mayor privacidad del veh\u00edculo. El suministro directo de f\u00e1brica soporta pedidos al por mayor y tama\u00f1os personalizados, ideal para instaladores profesionales y entusiastas del autom\u00f3vil.<\/p>","protected":false},"featured_media":9267,"comment_status":"open","ping_status":"closed","template":"","meta":[],"product_brand":[],"product_cat":[217],"product_tag":[],"class_list":{"0":"post-9266","1":"product","2":"type-product","3":"status-publish","4":"has-post-thumbnail","6":"product_cat-window-tint-films","8":"first","9":"instock","10":"shipping-taxable","11":"product-type-simple"},"_links":{"self":[{"href":"https:\/\/www.carliseppf.com\/es\/wp-json\/wp\/v2\/product\/9266","targetHints":{"allow":["GET"]}}],"collection":[{"href":"https:\/\/www.carliseppf.com\/es\/wp-json\/wp\/v2\/product"}],"about":[{"href":"https:\/\/www.carliseppf.com\/es\/wp-json\/wp\/v2\/types\/product"}],"replies":[{"embeddable":true,"href":"https:\/\/www.carliseppf.com\/es\/wp-json\/wp\/v2\/comments?post=9266"}],"wp:featuredmedia":[{"embeddable":true,"href":"https:\/\/www.carliseppf.com\/es\/wp-json\/wp\/v2\/media\/9267"}],"wp:attachment":[{"href":"https:\/\/www.carliseppf.com\/es\/wp-json\/wp\/v2\/media?parent=9266"}],"wp:term":[{"taxonomy":"product_brand","embeddable":true,"href":"https:\/\/www.carliseppf.com\/es\/wp-json\/wp\/v2\/product_brand?post=9266"},{"taxonomy":"product_cat","embeddable":true,"href":"https:\/\/www.carliseppf.com\/es\/wp-json\/wp\/v2\/product_cat?post=9266"},{"taxonomy":"product_tag","embeddable":true,"href":"https:\/\/www.carliseppf.com\/es\/wp-json\/wp\/v2\/product_tag?post=9266"}],"curies":[{"name":"wp","href":"https:\/\/api.w.org\/{rel}","templated":true}]}}