{"id":9275,"date":"2025-10-28T04:03:03","date_gmt":"2025-10-28T04:03:03","guid":{"rendered":"https:\/\/www.carliseppf.com\/?post_type=product&#038;p=9275"},"modified":"2025-11-20T12:11:20","modified_gmt":"2025-11-20T12:11:20","slug":"window-tint-kit-blue-2mil","status":"publish","type":"product","link":"https:\/\/www.carliseppf.com\/es\/product\/window-tint-kit-blue-2mil\/","title":{"rendered":"Pel\u00edcula chameleon azul de 2 mil \u2013 Kit de pel\u00edcula tintada premium para ventanas"},"content":{"rendered":"<h2 data-start=\"674\" data-end=\"695\">Resumen del Producto<\/h2>\n<p data-start=\"696\" data-end=\"1007\">Este <strong data-start=\"701\" data-end=\"720\">kit de tintado de ventanas<\/strong> presenta un grosor de 2 mil y un efecto \u00fanico de camale\u00f3n p\u00farpura, ofreciendo un rechazo de calor superior, protecci\u00f3n UV y mayor privacidad del veh\u00edculo. Perfecto para coches, SUVs, camiones y motocicletas. Suministro directo de f\u00e1brica que soporta pedidos al por mayor y tama\u00f1os personalizables para instaladores profesionales.<\/p>\n<h2 data-start=\"1009\" data-end=\"1033\">Caracter\u00edsticas y Beneficios<\/h2>\n<ul data-start=\"1034\" data-end=\"1317\">\n<li data-start=\"1034\" data-end=\"1091\">\n<p data-start=\"1036\" data-end=\"1091\">Alta calidad <strong data-start=\"1049\" data-end=\"1068\">kit de tintado de ventanas<\/strong> con grosor de 2 mil<\/p>\n<\/li>\n<li data-start=\"1092\" data-end=\"1146\">\n<p data-start=\"1094\" data-end=\"1146\">Color \u00fanico de camale\u00f3n azul para una apariencia elegante<\/p>\n<\/li>\n<li data-start=\"1147\" data-end=\"1205\">\n<p data-start=\"1149\" data-end=\"1205\">Propiedades resistentes a UV, reducci\u00f3n de calor y anti-reflejo<\/p>\n<\/li>\n<li data-start=\"1206\" data-end=\"1246\">\n<p data-start=\"1208\" data-end=\"1246\">F\u00e1cil de aplicar en todas las ventanas del veh\u00edculo<\/p>\n<\/li>\n<li data-start=\"1247\" data-end=\"1317\">\n<p data-start=\"1249\" data-end=\"1317\">Ideal para pedidos al por mayor, tama\u00f1os personalizados y instalaci\u00f3n profesional<\/p>\n<\/li>\n<\/ul>\n<h2 data-start=\"1319\" data-end=\"1342\">Material y Calidad<\/h2>\n<ul data-start=\"1343\" data-end=\"1504\">\n<li data-start=\"1343\" data-end=\"1380\">\n<p data-start=\"1345\" data-end=\"1380\">Pel\u00edcula de PET de grado automotriz premium<\/p>\n<\/li>\n<li data-start=\"1381\" data-end=\"1429\">\n<p data-start=\"1383\" data-end=\"1429\">Duradera, resistente a ara\u00f1azos y de larga duraci\u00f3n<\/p>\n<\/li>\n<li data-start=\"1430\" data-end=\"1475\">\n<p data-start=\"1432\" data-end=\"1475\">Mantiene la claridad mientras proporciona privacidad<\/p>\n<\/li>\n<li data-start=\"1476\" data-end=\"1504\">\n<p data-start=\"1478\" data-end=\"1504\">Segura para todas las ventanas OEM<\/p>\n<\/li>\n<\/ul>\n<h2 data-start=\"1506\" data-end=\"1539\">Instalaci\u00f3n y personalizaci\u00f3n<\/h2>\n<ul data-start=\"1540\" data-end=\"1748\">\n<li data-start=\"1540\" data-end=\"1592\">\n<p data-start=\"1542\" data-end=\"1592\">Adhesivo con liberaci\u00f3n de aire para una aplicaci\u00f3n sin burbujas<\/p>\n<\/li>\n<li data-start=\"1593\" data-end=\"1631\">\n<p data-start=\"1595\" data-end=\"1631\">Formable con calor para curvas y bordes<\/p>\n<\/li>\n<li data-start=\"1632\" data-end=\"1693\">\n<p data-start=\"1634\" data-end=\"1693\">Rollos personalizables disponibles para pedidos al por mayor o mayoristas<\/p>\n<\/li>\n<li data-start=\"1694\" data-end=\"1748\">\n<p data-start=\"1696\" data-end=\"1748\">Apto para instaladores profesionales y usuarios de bricolaje<\/p>\n<\/li>\n<\/ul>\n<h2 data-start=\"1750\" data-end=\"1767\">Aplicaciones<\/h2>\n<ul data-start=\"1768\" data-end=\"1939\">\n<li data-start=\"1768\" data-end=\"1827\">\n<p data-start=\"1770\" data-end=\"1827\">Cobertura completa de ventanas del coche para privacidad y rechazo de calor<\/p>\n<\/li>\n<li data-start=\"1828\" data-end=\"1887\">\n<p data-start=\"1830\" data-end=\"1887\">Tintado parcial de ventanas para ventanas delanteras, laterales o traseras<\/p>\n<\/li>\n<li data-start=\"1888\" data-end=\"1939\">\n<p data-start=\"1890\" data-end=\"1939\">Perfecto para coches, SUVs, camiones y motocicletas<\/p>\n<\/li>\n<\/ul>\n<h2 data-start=\"1941\" data-end=\"1960\">Ventajas clave<\/h2>\n<ul data-start=\"1961\" data-end=\"2258\">\n<li data-start=\"1961\" data-end=\"2020\">\n<p data-start=\"1963\" data-end=\"2020\">Efecto de camale\u00f3n azul elegante para un aspecto \u00fanico del veh\u00edculo<\/p>\n<\/li>\n<li data-start=\"2021\" data-end=\"2079\">\n<p data-start=\"2023\" data-end=\"2079\">Suministro directo de f\u00e1brica y personalizaci\u00f3n en volumen disponible<\/p>\n<\/li>\n<li data-start=\"2080\" data-end=\"2130\">\n<p data-start=\"2082\" data-end=\"2130\">De grado profesional <strong data-start=\"2101\" data-end=\"2120\">kit de tintado de ventanas<\/strong> calidad<\/p>\n<\/li>\n<li data-start=\"2131\" data-end=\"2194\">\n<p data-start=\"2133\" data-end=\"2194\">F\u00e1cil instalaci\u00f3n para usuarios de bricolaje e instaladores profesionales<\/p>\n<\/li>\n<li data-start=\"2195\" data-end=\"2258\">\n<p data-start=\"2197\" data-end=\"2258\">Ideal para talleres automotrices, instaladores y entusiastas de los coches<\/p>\n<\/li>\n<\/ul>\n<h2 data-start=\"2260\" data-end=\"2281\">Incluye el paquete<\/h2>\n<ul data-start=\"2282\" data-end=\"2402\">\n<li data-start=\"2282\" data-end=\"2333\">\n<p data-start=\"2284\" data-end=\"2333\">1 rollo de pel\u00edcula de tintado de ventanas de 2 mil de camale\u00f3n azul<\/p>\n<\/li>\n<li data-start=\"2334\" data-end=\"2402\">\n<p data-start=\"2336\" data-end=\"2402\">Kit de instalaci\u00f3n opcional: esp\u00e1tula, cuchilla, pa\u00f1o de microfibra<\/p>\n<\/li>\n<\/ul>\n<h2 data-start=\"2404\" data-end=\"2433\">\u00bfPor qu\u00e9 elegir este producto?<\/h2>\n<p data-start=\"2434\" data-end=\"2657\">Este premium <strong data-start=\"2447\" data-end=\"2466\">kit de tintado de ventanas<\/strong> ofrece un equilibrio perfecto entre estilo, protecci\u00f3n UV, rechazo de calor y privacidad. El suministro directo de f\u00e1brica garantiza pedidos al por mayor y personalizaci\u00f3n para instaladores profesionales o entusiastas del autom\u00f3vil.<\/p>\n<p><img fetchpriority=\"high\" decoding=\"async\" class=\"alignnone wp-image-9268 size-full\" src=\"https:\/\/www.carliseppf.com\/wp-content\/uploads\/2025\/10\/7ff4d022d5fb57cf43e71cfed1c3d236.png\" alt=\"kit de tintado de ventanas\" width=\"800\" height=\"800\" srcset=\"https:\/\/www.carliseppf.com\/wp-content\/uploads\/2025\/10\/7ff4d022d5fb57cf43e71cfed1c3d236.png 800w, https:\/\/www.carliseppf.com\/wp-content\/uploads\/2025\/10\/7ff4d022d5fb57cf43e71cfed1c3d236-300x300.png 300w, https:\/\/www.carliseppf.com\/wp-content\/uploads\/2025\/10\/7ff4d022d5fb57cf43e71cfed1c3d236-150x150.png 150w, https:\/\/www.carliseppf.com\/wp-content\/uploads\/2025\/10\/7ff4d022d5fb57cf43e71cfed1c3d236-768x768.png 768w, https:\/\/www.carliseppf.com\/wp-content\/uploads\/2025\/10\/7ff4d022d5fb57cf43e71cfed1c3d236-370x370.png 370w, https:\/\/www.carliseppf.com\/wp-content\/uploads\/2025\/10\/7ff4d022d5fb57cf43e71cfed1c3d236-120x120.png 120w, https:\/\/www.carliseppf.com\/wp-content\/uploads\/2025\/10\/7ff4d022d5fb57cf43e71cfed1c3d236-410x410.png 410w, https:\/\/www.carliseppf.com\/wp-content\/uploads\/2025\/10\/7ff4d022d5fb57cf43e71cfed1c3d236-630x630.png 630w, https:\/\/www.carliseppf.com\/wp-content\/uploads\/2025\/10\/7ff4d022d5fb57cf43e71cfed1c3d236-730x730.png 730w, https:\/\/www.carliseppf.com\/wp-content\/uploads\/2025\/10\/7ff4d022d5fb57cf43e71cfed1c3d236-460x460.png 460w\" sizes=\"(max-width: 800px) 100vw, 800px\" \/> <img decoding=\"async\" class=\"alignnone wp-image-9269 size-full\" src=\"https:\/\/www.carliseppf.com\/wp-content\/uploads\/2025\/10\/ba2d5564652e49302b748bd4da89e49d.png\" alt=\"Kit de tintado de ventanas \u2013 Pel\u00edcula de camale\u00f3n azul de 2 mil para cobertura completa del veh\u00edculo\" width=\"800\" height=\"800\" srcset=\"https:\/\/www.carliseppf.com\/wp-content\/uploads\/2025\/10\/ba2d5564652e49302b748bd4da89e49d.png 800w, https:\/\/www.carliseppf.com\/wp-content\/uploads\/2025\/10\/ba2d5564652e49302b748bd4da89e49d-300x300.png 300w, https:\/\/www.carliseppf.com\/wp-content\/uploads\/2025\/10\/ba2d5564652e49302b748bd4da89e49d-150x150.png 150w, https:\/\/www.carliseppf.com\/wp-content\/uploads\/2025\/10\/ba2d5564652e49302b748bd4da89e49d-768x768.png 768w, https:\/\/www.carliseppf.com\/wp-content\/uploads\/2025\/10\/ba2d5564652e49302b748bd4da89e49d-370x370.png 370w, https:\/\/www.carliseppf.com\/wp-content\/uploads\/2025\/10\/ba2d5564652e49302b748bd4da89e49d-120x120.png 120w, https:\/\/www.carliseppf.com\/wp-content\/uploads\/2025\/10\/ba2d5564652e49302b748bd4da89e49d-410x410.png 410w, https:\/\/www.carliseppf.com\/wp-content\/uploads\/2025\/10\/ba2d5564652e49302b748bd4da89e49d-630x630.png 630w, https:\/\/www.carliseppf.com\/wp-content\/uploads\/2025\/10\/ba2d5564652e49302b748bd4da89e49d-730x730.png 730w, https:\/\/www.carliseppf.com\/wp-content\/uploads\/2025\/10\/ba2d5564652e49302b748bd4da89e49d-460x460.png 460w\" sizes=\"(max-width: 800px) 100vw, 800px\" \/> <img decoding=\"async\" class=\"alignnone wp-image-9273 size-full\" src=\"https:\/\/www.carliseppf.com\/wp-content\/uploads\/2025\/10\/2a17e4b44799b2f3aabc02d82c4e1fcd.png\" alt=\"Kit de tintado de ventanas premium \u2013 Pel\u00edcula con protecci\u00f3n UV y rechazo de calor\" width=\"800\" height=\"989\" srcset=\"https:\/\/www.carliseppf.com\/wp-content\/uploads\/2025\/10\/2a17e4b44799b2f3aabc02d82c4e1fcd.png 800w, https:\/\/www.carliseppf.com\/wp-content\/uploads\/2025\/10\/2a17e4b44799b2f3aabc02d82c4e1fcd-243x300.png 243w, https:\/\/www.carliseppf.com\/wp-content\/uploads\/2025\/10\/2a17e4b44799b2f3aabc02d82c4e1fcd-768x949.png 768w, https:\/\/www.carliseppf.com\/wp-content\/uploads\/2025\/10\/2a17e4b44799b2f3aabc02d82c4e1fcd-370x457.png 370w, https:\/\/www.carliseppf.com\/wp-content\/uploads\/2025\/10\/2a17e4b44799b2f3aabc02d82c4e1fcd-410x507.png 410w, https:\/\/www.carliseppf.com\/wp-content\/uploads\/2025\/10\/2a17e4b44799b2f3aabc02d82c4e1fcd-730x902.png 730w\" sizes=\"(max-width: 800px) 100vw, 800px\" \/> <img loading=\"lazy\" decoding=\"async\" class=\"alignnone wp-image-9274 size-full\" src=\"https:\/\/www.carliseppf.com\/wp-content\/uploads\/2025\/10\/0c6be8a5589ebcb8d9bda893698f4c8c.png\" alt=\"Kit de tintado de ventanas elegante azul \u2013 Pel\u00edcula duradera y resistente a los ara\u00f1azos\" width=\"800\" height=\"800\" srcset=\"https:\/\/www.carliseppf.com\/wp-content\/uploads\/2025\/10\/0c6be8a5589ebcb8d9bda893698f4c8c.png 800w, https:\/\/www.carliseppf.com\/wp-content\/uploads\/2025\/10\/0c6be8a5589ebcb8d9bda893698f4c8c-300x300.png 300w, https:\/\/www.carliseppf.com\/wp-content\/uploads\/2025\/10\/0c6be8a5589ebcb8d9bda893698f4c8c-150x150.png 150w, https:\/\/www.carliseppf.com\/wp-content\/uploads\/2025\/10\/0c6be8a5589ebcb8d9bda893698f4c8c-768x768.png 768w, https:\/\/www.carliseppf.com\/wp-content\/uploads\/2025\/10\/0c6be8a5589ebcb8d9bda893698f4c8c-370x370.png 370w, https:\/\/www.carliseppf.com\/wp-content\/uploads\/2025\/10\/0c6be8a5589ebcb8d9bda893698f4c8c-120x120.png 120w, https:\/\/www.carliseppf.com\/wp-content\/uploads\/2025\/10\/0c6be8a5589ebcb8d9bda893698f4c8c-410x410.png 410w, https:\/\/www.carliseppf.com\/wp-content\/uploads\/2025\/10\/0c6be8a5589ebcb8d9bda893698f4c8c-630x630.png 630w, https:\/\/www.carliseppf.com\/wp-content\/uploads\/2025\/10\/0c6be8a5589ebcb8d9bda893698f4c8c-730x730.png 730w, https:\/\/www.carliseppf.com\/wp-content\/uploads\/2025\/10\/0c6be8a5589ebcb8d9bda893698f4c8c-460x460.png 460w\" sizes=\"(max-width: 800px) 100vw, 800px\" \/> <img loading=\"lazy\" decoding=\"async\" class=\"alignnone wp-image-9271 size-full\" src=\"https:\/\/www.carliseppf.com\/wp-content\/uploads\/2025\/10\/c5d2f6550e7a34e29d3e3bc4c9aef7b2.png\" alt=\"Kit de tintado de ventanas directo de f\u00e1brica \u2013 Pel\u00edcula de camale\u00f3n de 2 mil para coches y SUVs\" width=\"800\" height=\"800\" srcset=\"https:\/\/www.carliseppf.com\/wp-content\/uploads\/2025\/10\/c5d2f6550e7a34e29d3e3bc4c9aef7b2.png 800w, https:\/\/www.carliseppf.com\/wp-content\/uploads\/2025\/10\/c5d2f6550e7a34e29d3e3bc4c9aef7b2-300x300.png 300w, https:\/\/www.carliseppf.com\/wp-content\/uploads\/2025\/10\/c5d2f6550e7a34e29d3e3bc4c9aef7b2-150x150.png 150w, https:\/\/www.carliseppf.com\/wp-content\/uploads\/2025\/10\/c5d2f6550e7a34e29d3e3bc4c9aef7b2-768x768.png 768w, https:\/\/www.carliseppf.com\/wp-content\/uploads\/2025\/10\/c5d2f6550e7a34e29d3e3bc4c9aef7b2-370x370.png 370w, https:\/\/www.carliseppf.com\/wp-content\/uploads\/2025\/10\/c5d2f6550e7a34e29d3e3bc4c9aef7b2-120x120.png 120w, https:\/\/www.carliseppf.com\/wp-content\/uploads\/2025\/10\/c5d2f6550e7a34e29d3e3bc4c9aef7b2-410x410.png 410w, https:\/\/www.carliseppf.com\/wp-content\/uploads\/2025\/10\/c5d2f6550e7a34e29d3e3bc4c9aef7b2-630x630.png 630w, https:\/\/www.carliseppf.com\/wp-content\/uploads\/2025\/10\/c5d2f6550e7a34e29d3e3bc4c9aef7b2-730x730.png 730w, https:\/\/www.carliseppf.com\/wp-content\/uploads\/2025\/10\/c5d2f6550e7a34e29d3e3bc4c9aef7b2-460x460.png 460w\" sizes=\"(max-width: 800px) 100vw, 800px\" \/><\/p>","protected":false},"excerpt":{"rendered":"<p>Premium <strong data-start=\"401\" data-end=\"420\">kit de tintado de ventanas<\/strong> con un grosor de 2 mil en dise\u00f1o de camale\u00f3n azul. Proporciona protecci\u00f3n UV, rechazo de calor y mayor privacidad para autom\u00f3viles. Suministro directo de f\u00e1brica que soporta pedidos al por mayor y personalizaci\u00f3n, ideal para profesionales y entusiastas del automovilismo.<\/p>","protected":false},"featured_media":9278,"comment_status":"open","ping_status":"closed","template":"","meta":[],"product_brand":[],"product_cat":[217],"product_tag":[],"class_list":{"0":"post-9275","1":"product","2":"type-product","3":"status-publish","4":"has-post-thumbnail","6":"product_cat-window-tint-films","8":"first","9":"instock","10":"shipping-taxable","11":"product-type-simple"},"_links":{"self":[{"href":"https:\/\/www.carliseppf.com\/es\/wp-json\/wp\/v2\/product\/9275","targetHints":{"allow":["GET"]}}],"collection":[{"href":"https:\/\/www.carliseppf.com\/es\/wp-json\/wp\/v2\/product"}],"about":[{"href":"https:\/\/www.carliseppf.com\/es\/wp-json\/wp\/v2\/types\/product"}],"replies":[{"embeddable":true,"href":"https:\/\/www.carliseppf.com\/es\/wp-json\/wp\/v2\/comments?post=9275"}],"wp:featuredmedia":[{"embeddable":true,"href":"https:\/\/www.carliseppf.com\/es\/wp-json\/wp\/v2\/media\/9278"}],"wp:attachment":[{"href":"https:\/\/www.carliseppf.com\/es\/wp-json\/wp\/v2\/media?parent=9275"}],"wp:term":[{"taxonomy":"product_brand","embeddable":true,"href":"https:\/\/www.carliseppf.com\/es\/wp-json\/wp\/v2\/product_brand?post=9275"},{"taxonomy":"product_cat","embeddable":true,"href":"https:\/\/www.carliseppf.com\/es\/wp-json\/wp\/v2\/product_cat?post=9275"},{"taxonomy":"product_tag","embeddable":true,"href":"https:\/\/www.carliseppf.com\/es\/wp-json\/wp\/v2\/product_tag?post=9275"}],"curies":[{"name":"wp","href":"https:\/\/api.w.org\/{rel}","templated":true}]}}