{"id":9402,"date":"2025-11-06T09:38:10","date_gmt":"2025-11-06T09:38:10","guid":{"rendered":"https:\/\/www.carliseppf.com\/?post_type=product&#038;p=9402"},"modified":"2025-11-20T11:31:49","modified_gmt":"2025-11-20T11:31:49","slug":"clear-ppf-car-wrap-transparent-tpu","status":"publish","type":"product","link":"https:\/\/www.carliseppf.com\/es\/product\/clear-ppf-car-wrap-transparent-tpu\/","title":{"rendered":"Pel\u00edcula protectora de pintura de TPU transparente de alta calidad \u2013 Garant\u00eda de 10 a\u00f1os, Materiales premium de Espa\u00f1a"},"content":{"rendered":"<h2 data-start=\"757\" data-end=\"778\">Resumen del Producto<\/h2>\n<p data-start=\"779\" data-end=\"1165\">Este <strong data-start=\"784\" data-end=\"806\">envoltura de coche transparente ppf<\/strong> est\u00e1 fabricada con materiales TPU premium de Espa\u00f1a, ofreciendo claridad superior, auto-reparaci\u00f3n y protecci\u00f3n anti-rayaduras. Con una garant\u00eda de 10 a\u00f1os, asegura una protecci\u00f3n duradera de la pintura para envolturas completas o parciales en coches, motocicletas, cap\u00f3s, espejos y paneles decorativos. El suministro directo de f\u00e1brica soporta pedidos al por mayor y personalizaci\u00f3n para instaladores profesionales.<\/p>\n<p data-start=\"779\" data-end=\"1165\"><img fetchpriority=\"high\" decoding=\"async\" class=\"alignnone wp-image-9375 size-full\" src=\"https:\/\/www.carliseppf.com\/wp-content\/uploads\/2025\/11\/\u53d1\u8d27.jpg\" alt=\"envoltura de coche transparente ppf\" width=\"1440\" height=\"1080\" srcset=\"https:\/\/www.carliseppf.com\/wp-content\/uploads\/2025\/11\/\u53d1\u8d27.jpg 1440w, https:\/\/www.carliseppf.com\/wp-content\/uploads\/2025\/11\/\u53d1\u8d27-300x225.jpg 300w, https:\/\/www.carliseppf.com\/wp-content\/uploads\/2025\/11\/\u53d1\u8d27-1024x768.jpg 1024w, https:\/\/www.carliseppf.com\/wp-content\/uploads\/2025\/11\/\u53d1\u8d27-768x576.jpg 768w, https:\/\/www.carliseppf.com\/wp-content\/uploads\/2025\/11\/\u53d1\u8d27-370x278.jpg 370w, https:\/\/www.carliseppf.com\/wp-content\/uploads\/2025\/11\/\u53d1\u8d27-840x630.jpg 840w, https:\/\/www.carliseppf.com\/wp-content\/uploads\/2025\/11\/\u53d1\u8d27-410x308.jpg 410w, https:\/\/www.carliseppf.com\/wp-content\/uploads\/2025\/11\/\u53d1\u8d27-730x548.jpg 730w, https:\/\/www.carliseppf.com\/wp-content\/uploads\/2025\/11\/elementor\/thumbs\/\u53d1\u8d27-re5rja5867tgsyfqoyoalvsonkkdojf2bxo1jjsmgo.jpg 400w\" sizes=\"(max-width: 1440px) 100vw, 1440px\" \/><\/p>\n<h2 data-start=\"1167\" data-end=\"1191\">Caracter\u00edsticas y Beneficios<\/h2>\n<ul data-start=\"1192\" data-end=\"1475\">\n<li data-start=\"1192\" data-end=\"1256\">\n<p data-start=\"1194\" data-end=\"1256\">Pel\u00edcula TPU transparente para alta claridad <strong data-start=\"1232\" data-end=\"1254\">envoltura de coche transparente ppf<\/strong><\/p>\n<\/li>\n<li data-start=\"1257\" data-end=\"1301\">\n<p data-start=\"1259\" data-end=\"1301\">Tecnolog\u00eda de auto-reparaci\u00f3n y anti-rayaduras<\/p>\n<\/li>\n<li data-start=\"1302\" data-end=\"1343\">\n<p data-start=\"1304\" data-end=\"1343\">Acabado brillante con durabilidad premium<\/p>\n<\/li>\n<li data-start=\"1344\" data-end=\"1394\">\n<p data-start=\"1346\" data-end=\"1394\">Flexible y f\u00e1cil de aplicar en curvas y bordes<\/p>\n<\/li>\n<li data-start=\"1395\" data-end=\"1475\">\n<p data-start=\"1397\" data-end=\"1475\">Ideal para cobertura completa o parcial del veh\u00edculo, pedidos al por mayor y proyectos personalizados<\/p>\n<\/li>\n<\/ul>\n<h2 data-start=\"1477\" data-end=\"1503\">Material de alta calidad<\/h2>\n<ul data-start=\"1504\" data-end=\"1641\">\n<li data-start=\"1504\" data-end=\"1538\">\n<p data-start=\"1506\" data-end=\"1538\">Vinilo automotriz de TPU de alta calidad<\/p>\n<\/li>\n<li data-start=\"1539\" data-end=\"1570\">\n<p data-start=\"1541\" data-end=\"1570\">Resistente a los rayos UV y al agua<\/p>\n<\/li>\n<li data-start=\"1571\" data-end=\"1593\">\n<p data-start=\"1573\" data-end=\"1593\">Seguro para la pintura OEM<\/p>\n<\/li>\n<li data-start=\"1594\" data-end=\"1641\">\n<p data-start=\"1596\" data-end=\"1641\">Rendimiento duradero en exteriores (10 a\u00f1os)<\/p>\n<\/li>\n<\/ul>\n<h2 data-start=\"1643\" data-end=\"1676\">Instalaci\u00f3n y personalizaci\u00f3n<\/h2>\n<ul data-start=\"1677\" data-end=\"1875\">\n<li data-start=\"1677\" data-end=\"1729\">\n<p data-start=\"1679\" data-end=\"1729\">Adhesivo con liberaci\u00f3n de aire para una aplicaci\u00f3n sin burbujas<\/p>\n<\/li>\n<li data-start=\"1730\" data-end=\"1768\">\n<p data-start=\"1732\" data-end=\"1768\">Formable con calor para curvas y bordes<\/p>\n<\/li>\n<li data-start=\"1769\" data-end=\"1820\">\n<p data-start=\"1771\" data-end=\"1820\">Rollos personalizables para pedidos al por mayor o en volumen<\/p>\n<\/li>\n<li data-start=\"1821\" data-end=\"1875\">\n<p data-start=\"1823\" data-end=\"1875\">Apto para instaladores profesionales y usuarios de bricolaje<\/p>\n<\/li>\n<\/ul>\n<h2 data-start=\"1877\" data-end=\"1894\">Aplicaciones<\/h2>\n<ul data-start=\"1895\" data-end=\"2082\">\n<li data-start=\"1895\" data-end=\"1942\">\n<p data-start=\"1897\" data-end=\"1942\">Envolturas completas de veh\u00edculos: coches, SUVs, motocicletas<\/p>\n<\/li>\n<li data-start=\"1943\" data-end=\"1993\">\n<p data-start=\"1945\" data-end=\"1993\">Envoltorios parciales: cap\u00f3s, techos, espejos, spoilers<\/p>\n<\/li>\n<li data-start=\"1994\" data-end=\"2034\">\n<p data-start=\"1996\" data-end=\"2034\">Ajustes interiores y paneles decorativos<\/p>\n<\/li>\n<li data-start=\"2035\" data-end=\"2082\">\n<p data-start=\"2037\" data-end=\"2082\">Perfecto para <strong data-start=\"2049\" data-end=\"2071\">envoltura de coche transparente ppf<\/strong> proyectos<\/p>\n<\/li>\n<\/ul>\n<h2 data-start=\"2084\" data-end=\"2103\">Ventajas clave<\/h2>\n<ul data-start=\"2104\" data-end=\"2384\">\n<li data-start=\"2104\" data-end=\"2146\">\n<p data-start=\"2106\" data-end=\"2146\">Premium <strong data-start=\"2114\" data-end=\"2136\">envoltura de coche transparente ppf<\/strong> calidad<\/p>\n<\/li>\n<li data-start=\"2147\" data-end=\"2203\">\n<p data-start=\"2149\" data-end=\"2203\">Auto-reparaci\u00f3n, anti-rayaduras y claridad duradera<\/p>\n<\/li>\n<li data-start=\"2204\" data-end=\"2258\">\n<p data-start=\"2206\" data-end=\"2258\">Directo de f\u00e1brica, completamente personalizable para pedidos al por mayor<\/p>\n<\/li>\n<li data-start=\"2259\" data-end=\"2322\">\n<p data-start=\"2261\" data-end=\"2322\">F\u00e1cil instalaci\u00f3n para usuarios de bricolaje e instaladores profesionales<\/p>\n<\/li>\n<li data-start=\"2323\" data-end=\"2384\">\n<p data-start=\"2325\" data-end=\"2384\">Perfecto para talleres automotrices, instaladores y entusiastas<\/p>\n<\/li>\n<\/ul>\n<h2 data-start=\"2386\" data-end=\"2407\">Incluye el paquete<\/h2>\n<ul data-start=\"2408\" data-end=\"2515\">\n<li data-start=\"2408\" data-end=\"2446\">\n<p data-start=\"2410\" data-end=\"2446\">1 rollo de pel\u00edcula protectora de TPU transparente<\/p>\n<\/li>\n<li data-start=\"2447\" data-end=\"2515\">\n<p data-start=\"2449\" data-end=\"2515\">Kit de instalaci\u00f3n opcional: esp\u00e1tula, cuchilla, pa\u00f1o de microfibra<\/p>\n<\/li>\n<\/ul>\n<h2 data-start=\"2517\" data-end=\"2546\">\u00bfPor qu\u00e9 elegir este producto?<\/h2>\n<p data-start=\"2547\" data-end=\"2782\">Este directo de f\u00e1brica <strong data-start=\"2567\" data-end=\"2589\">envoltura de coche transparente ppf<\/strong> ofrece protecci\u00f3n de grado profesional, m\u00e1xima claridad y durabilidad de 10 a\u00f1os. Totalmente personalizable para pedidos al por mayor o individuales, ideal para instaladores, mayoristas y entusiastas de la automoci\u00f3n.<\/p>","protected":false},"excerpt":{"rendered":"<p>Protege tu veh\u00edculo con esto <strong data-start=\"448\" data-end=\"470\">envoltura de coche transparente ppf<\/strong> \u2013 pel\u00edcula protectora de pintura de TPU transparente de alta calidad con garant\u00eda de 10 a\u00f1os y materiales premium de Espa\u00f1a. Suministro directo de f\u00e1brica, personalizable para pedidos al por mayor. Ideal para instaladores profesionales, talleres de automoci\u00f3n y entusiastas que buscan m\u00e1xima claridad y durabilidad.<\/p>","protected":false},"featured_media":9407,"comment_status":"open","ping_status":"closed","template":"","meta":[],"product_brand":[],"product_cat":[215],"product_tag":[],"class_list":{"0":"post-9402","1":"product","2":"type-product","3":"status-publish","4":"has-post-thumbnail","6":"product_cat-paint-protection-film-ppf","8":"first","9":"instock","10":"shipping-taxable","11":"product-type-simple"},"_links":{"self":[{"href":"https:\/\/www.carliseppf.com\/es\/wp-json\/wp\/v2\/product\/9402","targetHints":{"allow":["GET"]}}],"collection":[{"href":"https:\/\/www.carliseppf.com\/es\/wp-json\/wp\/v2\/product"}],"about":[{"href":"https:\/\/www.carliseppf.com\/es\/wp-json\/wp\/v2\/types\/product"}],"replies":[{"embeddable":true,"href":"https:\/\/www.carliseppf.com\/es\/wp-json\/wp\/v2\/comments?post=9402"}],"wp:featuredmedia":[{"embeddable":true,"href":"https:\/\/www.carliseppf.com\/es\/wp-json\/wp\/v2\/media\/9407"}],"wp:attachment":[{"href":"https:\/\/www.carliseppf.com\/es\/wp-json\/wp\/v2\/media?parent=9402"}],"wp:term":[{"taxonomy":"product_brand","embeddable":true,"href":"https:\/\/www.carliseppf.com\/es\/wp-json\/wp\/v2\/product_brand?post=9402"},{"taxonomy":"product_cat","embeddable":true,"href":"https:\/\/www.carliseppf.com\/es\/wp-json\/wp\/v2\/product_cat?post=9402"},{"taxonomy":"product_tag","embeddable":true,"href":"https:\/\/www.carliseppf.com\/es\/wp-json\/wp\/v2\/product_tag?post=9402"}],"curies":[{"name":"wp","href":"https:\/\/api.w.org\/{rel}","templated":true}]}}