{"id":9417,"date":"2025-11-14T06:57:49","date_gmt":"2025-11-14T06:57:49","guid":{"rendered":"https:\/\/www.carliseppf.com\/?post_type=product&#038;p=9417"},"modified":"2025-11-20T11:26:53","modified_gmt":"2025-11-20T11:26:53","slug":"tpu-film-suppliers-custom-brand-ppf","status":"publish","type":"product","link":"https:\/\/www.carliseppf.com\/es\/product\/tpu-film-suppliers-custom-brand-ppf\/","title":{"rendered":"Pel\u00edcula protectora de pintura de TPU de marca personalizada \u2013 Garant\u00eda de 10 a\u00f1os sin amarillamiento para coche ppf"},"content":{"rendered":"<h2 data-start=\"698\" data-end=\"719\">Resumen del Producto<\/h2>\n<p data-start=\"720\" data-end=\"1033\">Esta pel\u00edcula de protecci\u00f3n de pintura TPU de alta calidad de un fabricante l\u00edder <strong data-start=\"777\" data-end=\"799\">proveedores de pel\u00edculas de TPU<\/strong> garantiza que tu veh\u00edculo permanezca protegido con un acabado duradero y sin amarillamiento. Perfecta para envolturas completas o parciales en coches, motocicletas, cap\u00f3s, espejos y paneles decorativos. Suministro directo de f\u00e1brica que soporta pedidos al por mayor y tama\u00f1os personalizados.<\/p>\n<p data-start=\"720\" data-end=\"1033\"><img fetchpriority=\"high\" decoding=\"async\" class=\"alignnone wp-image-9419 size-full\" src=\"https:\/\/www.carliseppf.com\/wp-content\/uploads\/2025\/11\/b79361e7481a3db96fa1948f973fc6fe.png\" alt=\"proveedores de pel\u00edculas de TPU\" width=\"790\" height=\"1133\" srcset=\"https:\/\/www.carliseppf.com\/wp-content\/uploads\/2025\/11\/b79361e7481a3db96fa1948f973fc6fe.png 790w, https:\/\/www.carliseppf.com\/wp-content\/uploads\/2025\/11\/b79361e7481a3db96fa1948f973fc6fe-209x300.png 209w, https:\/\/www.carliseppf.com\/wp-content\/uploads\/2025\/11\/b79361e7481a3db96fa1948f973fc6fe-714x1024.png 714w, https:\/\/www.carliseppf.com\/wp-content\/uploads\/2025\/11\/b79361e7481a3db96fa1948f973fc6fe-768x1101.png 768w, https:\/\/www.carliseppf.com\/wp-content\/uploads\/2025\/11\/b79361e7481a3db96fa1948f973fc6fe-370x531.png 370w, https:\/\/www.carliseppf.com\/wp-content\/uploads\/2025\/11\/b79361e7481a3db96fa1948f973fc6fe-410x588.png 410w, https:\/\/www.carliseppf.com\/wp-content\/uploads\/2025\/11\/b79361e7481a3db96fa1948f973fc6fe-730x1047.png 730w\" sizes=\"(max-width: 790px) 100vw, 790px\" \/><\/p>\n<h2 data-start=\"1035\" data-end=\"1059\">Caracter\u00edsticas y Beneficios<\/h2>\n<ul data-start=\"1060\" data-end=\"1310\">\n<li data-start=\"1060\" data-end=\"1114\">\n<p data-start=\"1062\" data-end=\"1114\">Pel\u00edcula TPU sin amarillamiento para protecci\u00f3n duradera<\/p>\n<\/li>\n<li data-start=\"1115\" data-end=\"1159\">\n<p data-start=\"1117\" data-end=\"1159\">Tecnolog\u00eda de auto-reparaci\u00f3n y anti-rayaduras<\/p>\n<\/li>\n<li data-start=\"1160\" data-end=\"1196\">\n<p data-start=\"1162\" data-end=\"1196\">Acabado brillante o mate disponible<\/p>\n<\/li>\n<li data-start=\"1197\" data-end=\"1243\">\n<p data-start=\"1199\" data-end=\"1243\">Flexible y resistente para una f\u00e1cil instalaci\u00f3n<\/p>\n<\/li>\n<li data-start=\"1244\" data-end=\"1310\">\n<p data-start=\"1246\" data-end=\"1310\">Ideal para pedidos al por mayor de profesionales <strong data-start=\"1286\" data-end=\"1308\">proveedores de pel\u00edculas de TPU<\/strong><\/p>\n<\/li>\n<\/ul>\n<h2 data-start=\"1312\" data-end=\"1338\">Material de alta calidad<\/h2>\n<ul data-start=\"1339\" data-end=\"1478\">\n<li data-start=\"1339\" data-end=\"1371\">\n<p data-start=\"1341\" data-end=\"1371\">Vinilo automotriz TPU de alta calidad<\/p>\n<\/li>\n<li data-start=\"1372\" data-end=\"1403\">\n<p data-start=\"1374\" data-end=\"1403\">Resistente a los rayos UV y al agua<\/p>\n<\/li>\n<li data-start=\"1404\" data-end=\"1426\">\n<p data-start=\"1406\" data-end=\"1426\">Seguro para la pintura OEM<\/p>\n<\/li>\n<li data-start=\"1427\" data-end=\"1478\">\n<p data-start=\"1429\" data-end=\"1478\">Rendimiento exterior duradero hasta 10 a\u00f1os<\/p>\n<\/li>\n<\/ul>\n<h2 data-start=\"1480\" data-end=\"1513\">Instalaci\u00f3n y personalizaci\u00f3n<\/h2>\n<ul data-start=\"1514\" data-end=\"1712\">\n<li data-start=\"1514\" data-end=\"1566\">\n<p data-start=\"1516\" data-end=\"1566\">Adhesivo con liberaci\u00f3n de aire para una aplicaci\u00f3n sin burbujas<\/p>\n<\/li>\n<li data-start=\"1567\" data-end=\"1605\">\n<p data-start=\"1569\" data-end=\"1605\">Formable con calor para curvas y bordes<\/p>\n<\/li>\n<li data-start=\"1606\" data-end=\"1657\">\n<p data-start=\"1608\" data-end=\"1657\">Rollos personalizables para pedidos al por mayor o en volumen<\/p>\n<\/li>\n<li data-start=\"1658\" data-end=\"1712\">\n<p data-start=\"1660\" data-end=\"1712\">Apto para instaladores profesionales y usuarios de bricolaje<\/p>\n<\/li>\n<\/ul>\n<h2 data-start=\"1714\" data-end=\"1731\">Aplicaciones<\/h2>\n<ul data-start=\"1732\" data-end=\"1936\">\n<li data-start=\"1732\" data-end=\"1779\">\n<p data-start=\"1734\" data-end=\"1779\">Envolturas completas de veh\u00edculos: coches, SUVs, motocicletas<\/p>\n<\/li>\n<li data-start=\"1780\" data-end=\"1830\">\n<p data-start=\"1782\" data-end=\"1830\">Envoltorios parciales: cap\u00f3s, techos, espejos, spoilers<\/p>\n<\/li>\n<li data-start=\"1831\" data-end=\"1871\">\n<p data-start=\"1833\" data-end=\"1871\">Ajustes interiores y paneles decorativos<\/p>\n<\/li>\n<li data-start=\"1872\" data-end=\"1936\">\n<p data-start=\"1874\" data-end=\"1936\">Ideal para <strong data-start=\"1884\" data-end=\"1906\">proveedores de pel\u00edculas de TPU<\/strong> proyectos al por mayor o personalizados<\/p>\n<\/li>\n<\/ul>\n<h2 data-start=\"1938\" data-end=\"1959\">Incluye el paquete<\/h2>\n<ul data-start=\"1960\" data-end=\"2068\">\n<li data-start=\"1960\" data-end=\"1999\">\n<p data-start=\"1962\" data-end=\"1999\">1 Rollo de Pel\u00edcula TPU de Marca Personalizada<\/p>\n<\/li>\n<li data-start=\"2000\" data-end=\"2068\">\n<p data-start=\"2002\" data-end=\"2068\">Kit de instalaci\u00f3n opcional: esp\u00e1tula, cuchilla, pa\u00f1o de microfibra<\/p>\n<\/li>\n<\/ul>\n<h2 data-start=\"2070\" data-end=\"2099\">\u00bfPor qu\u00e9 elegir este producto?<\/h2>\n<p data-start=\"2100\" data-end=\"2357\">Como un producto destacado de <strong data-start=\"2122\" data-end=\"2144\">proveedores de pel\u00edculas de TPU<\/strong>, esta pel\u00edcula de protecci\u00f3n de pintura TPU ofrece protecci\u00f3n de grado profesional, rendimiento duradero sin amarillamiento y personalizaci\u00f3n directa de f\u00e1brica. Perfecta para instaladores, mayoristas y entusiastas del automovilismo.<\/p>","protected":false},"excerpt":{"rendered":"<p>Proveedor de productos de pel\u00edcula TPU premium \u2013 Pel\u00edcula de protecci\u00f3n de pintura TPU de marca personalizada con durabilidad de 10 a\u00f1os sin amarillamiento. Ideal para instaladores profesionales, talleres automotrices y negocios que buscan protecci\u00f3n de alta calidad para coches PPF. Suministro directo de f\u00e1brica que soporta pedidos al por mayor y personalizaci\u00f3n.<\/p>","protected":false},"featured_media":9418,"comment_status":"open","ping_status":"closed","template":"","meta":[],"product_brand":[],"product_cat":[215],"product_tag":[],"class_list":{"0":"post-9417","1":"product","2":"type-product","3":"status-publish","4":"has-post-thumbnail","6":"product_cat-paint-protection-film-ppf","8":"first","9":"instock","10":"shipping-taxable","11":"product-type-simple"},"_links":{"self":[{"href":"https:\/\/www.carliseppf.com\/es\/wp-json\/wp\/v2\/product\/9417","targetHints":{"allow":["GET"]}}],"collection":[{"href":"https:\/\/www.carliseppf.com\/es\/wp-json\/wp\/v2\/product"}],"about":[{"href":"https:\/\/www.carliseppf.com\/es\/wp-json\/wp\/v2\/types\/product"}],"replies":[{"embeddable":true,"href":"https:\/\/www.carliseppf.com\/es\/wp-json\/wp\/v2\/comments?post=9417"}],"wp:featuredmedia":[{"embeddable":true,"href":"https:\/\/www.carliseppf.com\/es\/wp-json\/wp\/v2\/media\/9418"}],"wp:attachment":[{"href":"https:\/\/www.carliseppf.com\/es\/wp-json\/wp\/v2\/media?parent=9417"}],"wp:term":[{"taxonomy":"product_brand","embeddable":true,"href":"https:\/\/www.carliseppf.com\/es\/wp-json\/wp\/v2\/product_brand?post=9417"},{"taxonomy":"product_cat","embeddable":true,"href":"https:\/\/www.carliseppf.com\/es\/wp-json\/wp\/v2\/product_cat?post=9417"},{"taxonomy":"product_tag","embeddable":true,"href":"https:\/\/www.carliseppf.com\/es\/wp-json\/wp\/v2\/product_tag?post=9417"}],"curies":[{"name":"wp","href":"https:\/\/api.w.org\/{rel}","templated":true}]}}