{"id":9428,"date":"2025-11-15T05:23:24","date_gmt":"2025-11-15T05:23:24","guid":{"rendered":"https:\/\/www.carliseppf.com\/?post_type=product&#038;p=9428"},"modified":"2025-11-20T10:20:27","modified_gmt":"2025-11-20T10:20:27","slug":"tpu-car-wrap-film","status":"publish","type":"product","link":"https:\/\/www.carliseppf.com\/es\/product\/tpu-car-wrap-film\/","title":{"rendered":"Pel\u00edcula protectora transparente de TPU para coche \u2013 Envoltura transparente de pel\u00edcula para coche"},"content":{"rendered":"<h2 data-start=\"795\" data-end=\"816\">Resumen del Producto<\/h2>\n<p data-start=\"817\" data-end=\"1178\">Este premium <strong data-start=\"830\" data-end=\"853\">envoltorio de pel\u00edcula transparente para coche<\/strong> y <strong data-start=\"858\" data-end=\"879\">Pel\u00edcula de envoltura para coche de TPU<\/strong> caracter\u00edsticas: material TPU transparente, que proporciona una protecci\u00f3n superior para la pintura del veh\u00edculo contra ara\u00f1azos, impactos menores y desgaste diario. Ideal para envolturas completas o parciales, cap\u00f3s, espejos y paneles decorativos. La oferta directa de f\u00e1brica garantiza pedidos al por mayor y tama\u00f1os personalizados para instaladores y mayoristas.<\/p>\n<p data-start=\"817\" data-end=\"1178\"><img fetchpriority=\"high\" decoding=\"async\" class=\"alignnone wp-image-9429 size-full\" src=\"https:\/\/www.carliseppf.com\/wp-content\/uploads\/2025\/11\/1.png\" alt=\"Pel\u00edcula de envoltura para coche de TPU\" width=\"800\" height=\"800\" srcset=\"https:\/\/www.carliseppf.com\/wp-content\/uploads\/2025\/11\/1.png 800w, https:\/\/www.carliseppf.com\/wp-content\/uploads\/2025\/11\/1-300x300.png 300w, https:\/\/www.carliseppf.com\/wp-content\/uploads\/2025\/11\/1-150x150.png 150w, https:\/\/www.carliseppf.com\/wp-content\/uploads\/2025\/11\/1-768x768.png 768w, https:\/\/www.carliseppf.com\/wp-content\/uploads\/2025\/11\/1-370x370.png 370w, https:\/\/www.carliseppf.com\/wp-content\/uploads\/2025\/11\/1-120x120.png 120w, https:\/\/www.carliseppf.com\/wp-content\/uploads\/2025\/11\/1-410x410.png 410w, https:\/\/www.carliseppf.com\/wp-content\/uploads\/2025\/11\/1-630x630.png 630w, https:\/\/www.carliseppf.com\/wp-content\/uploads\/2025\/11\/1-730x730.png 730w, https:\/\/www.carliseppf.com\/wp-content\/uploads\/2025\/11\/1-460x460.png 460w\" sizes=\"(max-width: 800px) 100vw, 800px\" \/><\/p>\n<h2 data-start=\"1180\" data-end=\"1202\">Dise\u00f1o y caracter\u00edsticas<\/h2>\n<ul data-start=\"1203\" data-end=\"1531\">\n<li data-start=\"1203\" data-end=\"1256\">\n<p data-start=\"1205\" data-end=\"1256\">Material TPU transparente para protecci\u00f3n invisible<\/p>\n<\/li>\n<li data-start=\"1257\" data-end=\"1304\">\n<p data-start=\"1259\" data-end=\"1304\">Resistente a ara\u00f1azos, impermeable y flexible<\/p>\n<\/li>\n<li data-start=\"1305\" data-end=\"1361\">\n<p data-start=\"1307\" data-end=\"1361\">F\u00e1cil de aplicar en curvas, bordes y superficies complejas<\/p>\n<\/li>\n<li data-start=\"1362\" data-end=\"1450\">\n<p data-start=\"1364\" data-end=\"1450\">Compatible con profesionales <strong data-start=\"1393\" data-end=\"1416\">envoltorio de pel\u00edcula transparente para coche<\/strong> y <strong data-start=\"1421\" data-end=\"1442\">Pel\u00edcula de envoltura para coche de TPU<\/strong> herramientas<\/p>\n<\/li>\n<li data-start=\"1451\" data-end=\"1531\">\n<p data-start=\"1453\" data-end=\"1531\">Ideal para cobertura completa o parcial del veh\u00edculo, pedidos al por mayor y proyectos personalizados<\/p>\n<\/li>\n<\/ul>\n<h2 data-start=\"1533\" data-end=\"1559\">Material de alta calidad<\/h2>\n<ul data-start=\"1560\" data-end=\"1725\">\n<li data-start=\"1560\" data-end=\"1592\">\n<p data-start=\"1562\" data-end=\"1592\">Vinilo automotriz TPU duradero<\/p>\n<\/li>\n<li data-start=\"1593\" data-end=\"1645\">\n<p data-start=\"1595\" data-end=\"1645\">Resistente a UV, impermeable y seguro para la pintura OEM<\/p>\n<\/li>\n<li data-start=\"1646\" data-end=\"1694\">\n<p data-start=\"1648\" data-end=\"1694\">Rendimiento duradero en exteriores (3\u20135 a\u00f1os)<\/p>\n<\/li>\n<li data-start=\"1695\" data-end=\"1725\">\n<p data-start=\"1697\" data-end=\"1725\">F\u00e1cil de limpiar y mantener<\/p>\n<\/li>\n<\/ul>\n<h2 data-start=\"1727\" data-end=\"1765\">F\u00e1cil instalaci\u00f3n y personalizaci\u00f3n<\/h2>\n<ul data-start=\"1766\" data-end=\"1988\">\n<li data-start=\"1766\" data-end=\"1819\">\n<p data-start=\"1768\" data-end=\"1819\">Adhesivo con liberaci\u00f3n de aire para una instalaci\u00f3n sin burbujas<\/p>\n<\/li>\n<li data-start=\"1820\" data-end=\"1881\">\n<p data-start=\"1822\" data-end=\"1881\">Flexible y moldeable con calor para bordes, curvas y esquinas<\/p>\n<\/li>\n<li data-start=\"1882\" data-end=\"1933\">\n<p data-start=\"1884\" data-end=\"1933\">Rollos personalizables para pedidos al por mayor o en volumen<\/p>\n<\/li>\n<li data-start=\"1934\" data-end=\"1988\">\n<p data-start=\"1936\" data-end=\"1988\">Apto para instaladores profesionales y usuarios de bricolaje<\/p>\n<\/li>\n<\/ul>\n<h2 data-start=\"1990\" data-end=\"2007\">Aplicaciones<\/h2>\n<ul data-start=\"2008\" data-end=\"2212\">\n<li data-start=\"2008\" data-end=\"2047\">\n<p data-start=\"2010\" data-end=\"2047\">Envolturas completas para protecci\u00f3n de la pintura del veh\u00edculo<\/p>\n<\/li>\n<li data-start=\"2048\" data-end=\"2098\">\n<p data-start=\"2050\" data-end=\"2098\">Envoltorios parciales: cap\u00f3s, techos, espejos, spoilers<\/p>\n<\/li>\n<li data-start=\"2099\" data-end=\"2139\">\n<p data-start=\"2101\" data-end=\"2139\">Ajustes interiores y paneles decorativos<\/p>\n<\/li>\n<li data-start=\"2140\" data-end=\"2212\">\n<p data-start=\"2142\" data-end=\"2212\">Ideal para <strong data-start=\"2152\" data-end=\"2175\">envoltorio de pel\u00edcula transparente para coche<\/strong> y <strong data-start=\"2180\" data-end=\"2201\">Pel\u00edcula de envoltura para coche de TPU<\/strong> proyectos<\/p>\n<\/li>\n<\/ul>\n<h2 data-start=\"2214\" data-end=\"2233\">Especificaciones<\/h2>\n<p data-start=\"2234\" data-end=\"2442\">Material: vinilo de TPU para autom\u00f3viles<br data-start=\"2264\" data-end=\"2267\" \/>Color: Transparente<br data-start=\"2285\" data-end=\"2288\" \/>Acabado: Brillante<br data-start=\"2302\" data-end=\"2305\" \/>Grosor: 150\u2013180 \u03bcm<br data-start=\"2326\" data-end=\"2329\" \/>Adhesivo: Liberaci\u00f3n de aire, reposicionable<br data-start=\"2366\" data-end=\"2369\" \/>Durabilidad: 3\u20135 a\u00f1os en exteriores<br data-start=\"2398\" data-end=\"2401\" \/>Tama\u00f1o del rollo: Personalizable para pedidos al por mayor<\/p>\n<h2 data-start=\"2444\" data-end=\"2463\">Ventajas clave<\/h2>\n<ul data-start=\"2464\" data-end=\"2732\">\n<li data-start=\"2464\" data-end=\"2506\">\n<p data-start=\"2466\" data-end=\"2506\">Protecci\u00f3n invisible para la pintura del veh\u00edculo<\/p>\n<\/li>\n<li data-start=\"2507\" data-end=\"2551\">\n<p data-start=\"2509\" data-end=\"2551\">Resistente a ara\u00f1azos, duradero y flexible<\/p>\n<\/li>\n<li data-start=\"2552\" data-end=\"2606\">\n<p data-start=\"2554\" data-end=\"2606\">Directo de f\u00e1brica, completamente personalizable para pedidos al por mayor<\/p>\n<\/li>\n<li data-start=\"2607\" data-end=\"2670\">\n<p data-start=\"2609\" data-end=\"2670\">F\u00e1cil instalaci\u00f3n para usuarios de bricolaje e instaladores profesionales<\/p>\n<\/li>\n<li data-start=\"2671\" data-end=\"2732\">\n<p data-start=\"2673\" data-end=\"2732\">Perfecto para talleres automotrices, instaladores y entusiastas<\/p>\n<\/li>\n<\/ul>\n<h2 data-start=\"2734\" data-end=\"2755\">Incluye el paquete<\/h2>\n<ul data-start=\"2756\" data-end=\"2874\">\n<li data-start=\"2756\" data-end=\"2805\">\n<p data-start=\"2758\" data-end=\"2805\">1 rollo de pel\u00edcula protectora transparente de TPU para coche<\/p>\n<\/li>\n<li data-start=\"2806\" data-end=\"2874\">\n<p data-start=\"2808\" data-end=\"2874\">Kit de instalaci\u00f3n opcional: esp\u00e1tula, cuchilla, pa\u00f1o de microfibra<\/p>\n<\/li>\n<\/ul>\n<h2 data-start=\"2876\" data-end=\"2905\">\u00bfPor qu\u00e9 elegir este producto?<\/h2>\n<p data-start=\"2906\" data-end=\"3202\">Este directo de f\u00e1brica <strong data-start=\"2926\" data-end=\"2949\">envoltorio de pel\u00edcula transparente para coche<\/strong> y <strong data-start=\"2954\" data-end=\"2975\">Pel\u00edcula de envoltura para coche de TPU<\/strong> ofrece calidad profesional, protecci\u00f3n invisible y durabilidad prolongada. Totalmente personalizable para pedidos al por mayor o individuales, perfecta para instaladores, mayoristas y negocios que ofrecen soluciones de envoltura de vinilo premium.<\/p>","protected":false},"excerpt":{"rendered":"<p data-start=\"459\" data-end=\"775\">Protege tu veh\u00edculo con esto <strong data-start=\"490\" data-end=\"513\">envoltorio de pel\u00edcula transparente para coche<\/strong> soluci\u00f3n \u2013 Pel\u00edcula protectora transparente de TPU para coche. Resistente a ara\u00f1azos, impermeable y directa de f\u00e1brica, totalmente personalizable para pedidos al por mayor. Perfecta para instaladores profesionales, mayoristas y entusiastas del autom\u00f3vil que buscan productos de alta calidad <strong data-start=\"742\" data-end=\"763\">Pel\u00edcula de envoltura para coche de TPU<\/strong> para coches.<\/p>","protected":false},"featured_media":9252,"comment_status":"open","ping_status":"closed","template":"","meta":[],"product_brand":[],"product_cat":[214],"product_tag":[],"class_list":{"0":"post-9428","1":"product","2":"type-product","3":"status-publish","4":"has-post-thumbnail","6":"product_cat-car-vinyl-wrap-film","8":"first","9":"instock","10":"shipping-taxable","11":"product-type-simple"},"_links":{"self":[{"href":"https:\/\/www.carliseppf.com\/es\/wp-json\/wp\/v2\/product\/9428","targetHints":{"allow":["GET"]}}],"collection":[{"href":"https:\/\/www.carliseppf.com\/es\/wp-json\/wp\/v2\/product"}],"about":[{"href":"https:\/\/www.carliseppf.com\/es\/wp-json\/wp\/v2\/types\/product"}],"replies":[{"embeddable":true,"href":"https:\/\/www.carliseppf.com\/es\/wp-json\/wp\/v2\/comments?post=9428"}],"wp:featuredmedia":[{"embeddable":true,"href":"https:\/\/www.carliseppf.com\/es\/wp-json\/wp\/v2\/media\/9252"}],"wp:attachment":[{"href":"https:\/\/www.carliseppf.com\/es\/wp-json\/wp\/v2\/media?parent=9428"}],"wp:term":[{"taxonomy":"product_brand","embeddable":true,"href":"https:\/\/www.carliseppf.com\/es\/wp-json\/wp\/v2\/product_brand?post=9428"},{"taxonomy":"product_cat","embeddable":true,"href":"https:\/\/www.carliseppf.com\/es\/wp-json\/wp\/v2\/product_cat?post=9428"},{"taxonomy":"product_tag","embeddable":true,"href":"https:\/\/www.carliseppf.com\/es\/wp-json\/wp\/v2\/product_tag?post=9428"}],"curies":[{"name":"wp","href":"https:\/\/api.w.org\/{rel}","templated":true}]}}