{"id":9461,"date":"2025-11-17T06:44:40","date_gmt":"2025-11-17T06:44:40","guid":{"rendered":"https:\/\/www.carliseppf.com\/?post_type=product&#038;p=9461"},"modified":"2025-11-20T10:10:40","modified_gmt":"2025-11-20T10:10:40","slug":"color-changing-car-wrap-dragon-blood-red","status":"publish","type":"product","link":"https:\/\/www.carliseppf.com\/es\/product\/color-changing-car-wrap-dragon-blood-red\/","title":{"rendered":"Metal l\u00edquido rojo Sangre de Drag\u00f3n \u2013 Envoltura de coche de cambio de color"},"content":{"rendered":"<h2 data-start=\"756\" data-end=\"777\">Resumen del Producto<\/h2>\n<p data-start=\"778\" data-end=\"1123\">Este premium <strong data-start=\"791\" data-end=\"818\">envoltura de coche de cambio de color<\/strong> las caracter\u00edsticas del vinilo incluyen PVC de metal l\u00edquido Rojo Sangre de Drag\u00f3n, proporcionando un efecto din\u00e1mico y llamativo para coches, motocicletas y veh\u00edculos personalizados. Perfecto para envolturas completas o parciales, paneles de carrocer\u00eda y molduras decorativas. La oferta directa de f\u00e1brica garantiza pedidos al por mayor y tama\u00f1os personalizados para instaladores y mayoristas.<\/p>\n<p data-start=\"778\" data-end=\"1123\"><img fetchpriority=\"high\" decoding=\"async\" class=\"alignnone wp-image-9464 size-full\" src=\"https:\/\/www.carliseppf.com\/wp-content\/uploads\/2025\/11\/\u9f99\u8840\u7ea22.png\" alt=\"envoltura de coche de cambio de color\" width=\"800\" height=\"800\" srcset=\"https:\/\/www.carliseppf.com\/wp-content\/uploads\/2025\/11\/\u9f99\u8840\u7ea22.png 800w, https:\/\/www.carliseppf.com\/wp-content\/uploads\/2025\/11\/\u9f99\u8840\u7ea22-300x300.png 300w, https:\/\/www.carliseppf.com\/wp-content\/uploads\/2025\/11\/\u9f99\u8840\u7ea22-150x150.png 150w, https:\/\/www.carliseppf.com\/wp-content\/uploads\/2025\/11\/\u9f99\u8840\u7ea22-768x768.png 768w, https:\/\/www.carliseppf.com\/wp-content\/uploads\/2025\/11\/\u9f99\u8840\u7ea22-370x370.png 370w, https:\/\/www.carliseppf.com\/wp-content\/uploads\/2025\/11\/\u9f99\u8840\u7ea22-120x120.png 120w, https:\/\/www.carliseppf.com\/wp-content\/uploads\/2025\/11\/\u9f99\u8840\u7ea22-410x410.png 410w, https:\/\/www.carliseppf.com\/wp-content\/uploads\/2025\/11\/\u9f99\u8840\u7ea22-630x630.png 630w, https:\/\/www.carliseppf.com\/wp-content\/uploads\/2025\/11\/\u9f99\u8840\u7ea22-730x730.png 730w, https:\/\/www.carliseppf.com\/wp-content\/uploads\/2025\/11\/\u9f99\u8840\u7ea22-460x460.png 460w\" sizes=\"(max-width: 800px) 100vw, 800px\" \/><\/p>\n<h2 data-start=\"1125\" data-end=\"1147\">Dise\u00f1o y caracter\u00edsticas<\/h2>\n<ul data-start=\"1148\" data-end=\"1491\">\n<li data-start=\"1148\" data-end=\"1211\">\n<p data-start=\"1150\" data-end=\"1211\">Efecto de cambio de color din\u00e1mico en metal l\u00edquido Rojo Sangre de Drag\u00f3n<\/p>\n<\/li>\n<li data-start=\"1212\" data-end=\"1292\">\n<p data-start=\"1214\" data-end=\"1292\">Material de alta calidad PET\/PVC para profesionales <strong data-start=\"1261\" data-end=\"1282\">pel\u00edcula para envoltura de autos<\/strong> resultados<\/p>\n<\/li>\n<li data-start=\"1293\" data-end=\"1343\">\n<p data-start=\"1295\" data-end=\"1343\">Resistente a ara\u00f1azos, flexible y f\u00e1cil de aplicar<\/p>\n<\/li>\n<li data-start=\"1344\" data-end=\"1410\">\n<p data-start=\"1346\" data-end=\"1410\">Compatible con profesionales <strong data-start=\"1375\" data-end=\"1402\">envoltura de coche de cambio de color<\/strong> herramientas<\/p>\n<\/li>\n<li data-start=\"1411\" data-end=\"1491\">\n<p data-start=\"1413\" data-end=\"1491\">Ideal para cobertura completa o parcial del veh\u00edculo, pedidos al por mayor y proyectos personalizados<\/p>\n<\/li>\n<\/ul>\n<h2 data-start=\"1493\" data-end=\"1519\">Material de alta calidad<\/h2>\n<ul data-start=\"1520\" data-end=\"1689\">\n<li data-start=\"1520\" data-end=\"1556\">\n<p data-start=\"1522\" data-end=\"1556\">Vinilo automotriz de PET\/PVC duradero<\/p>\n<\/li>\n<li data-start=\"1557\" data-end=\"1609\">\n<p data-start=\"1559\" data-end=\"1609\">Resistente a UV, impermeable y seguro para la pintura OEM<\/p>\n<\/li>\n<li data-start=\"1610\" data-end=\"1658\">\n<p data-start=\"1612\" data-end=\"1658\">Rendimiento duradero en exteriores (3\u20135 a\u00f1os)<\/p>\n<\/li>\n<li data-start=\"1659\" data-end=\"1689\">\n<p data-start=\"1661\" data-end=\"1689\">F\u00e1cil de limpiar y mantener<\/p>\n<\/li>\n<\/ul>\n<h2 data-start=\"1691\" data-end=\"1729\">F\u00e1cil instalaci\u00f3n y personalizaci\u00f3n<\/h2>\n<ul data-start=\"1730\" data-end=\"1961\">\n<li data-start=\"1730\" data-end=\"1783\">\n<p data-start=\"1732\" data-end=\"1783\">Adhesivo con liberaci\u00f3n de aire para una instalaci\u00f3n sin burbujas<\/p>\n<\/li>\n<li data-start=\"1784\" data-end=\"1854\">\n<p data-start=\"1786\" data-end=\"1854\">Flexible y moldeable con calor para bordes, curvas y superficies complejas<\/p>\n<\/li>\n<li data-start=\"1855\" data-end=\"1906\">\n<p data-start=\"1857\" data-end=\"1906\">Rollos personalizables para pedidos al por mayor o en volumen<\/p>\n<\/li>\n<li data-start=\"1907\" data-end=\"1961\">\n<p data-start=\"1909\" data-end=\"1961\">Apto para instaladores profesionales y usuarios de bricolaje<\/p>\n<\/li>\n<\/ul>\n<h2 data-start=\"1963\" data-end=\"1980\">Aplicaciones<\/h2>\n<ul data-start=\"1981\" data-end=\"2177\">\n<li data-start=\"1981\" data-end=\"2034\">\n<p data-start=\"1983\" data-end=\"2034\">Envoltorios completos para veh\u00edculos: coches, SUVs, motocicletas, furgonetas<\/p>\n<\/li>\n<li data-start=\"2035\" data-end=\"2085\">\n<p data-start=\"2037\" data-end=\"2085\">Envoltorios parciales: cap\u00f3s, techos, espejos, spoilers<\/p>\n<\/li>\n<li data-start=\"2086\" data-end=\"2126\">\n<p data-start=\"2088\" data-end=\"2126\">Ajustes interiores y paneles decorativos<\/p>\n<\/li>\n<li data-start=\"2127\" data-end=\"2177\">\n<p data-start=\"2129\" data-end=\"2177\">Ideal para <strong data-start=\"2139\" data-end=\"2166\">envoltura de coche de cambio de color<\/strong> proyectos<\/p>\n<\/li>\n<\/ul>\n<h2 data-start=\"2179\" data-end=\"2198\">Especificaciones<\/h2>\n<p data-start=\"2199\" data-end=\"2445\">Material: vinilo automotriz PET\/PVC<br data-start=\"2233\" data-end=\"2236\" \/>Color: Rojo Sangre de Drag\u00f3n en Metal L\u00edquido<br data-start=\"2272\" data-end=\"2275\" \/>Acabado: Opciones brillante \/ mate<br data-start=\"2305\" data-end=\"2308\" \/>Grosor: 150\u2013180 \u03bcm<br data-start=\"2329\" data-end=\"2332\" \/>Adhesivo: Liberaci\u00f3n de aire, reposicionable<br data-start=\"2369\" data-end=\"2372\" \/>Durabilidad: 3\u20135 a\u00f1os en exteriores<br data-start=\"2401\" data-end=\"2404\" \/>Tama\u00f1o del rollo: Personalizable para pedidos al por mayor<\/p>\n<h2 data-start=\"2447\" data-end=\"2466\">Ventajas clave<\/h2>\n<ul data-start=\"2467\" data-end=\"2740\">\n<li data-start=\"2467\" data-end=\"2514\">\n<p data-start=\"2469\" data-end=\"2514\">Premium <strong data-start=\"2477\" data-end=\"2504\">envoltura de coche de cambio de color<\/strong> calidad<\/p>\n<\/li>\n<li data-start=\"2515\" data-end=\"2559\">\n<p data-start=\"2517\" data-end=\"2559\">Resistente a ara\u00f1azos, duradero y flexible<\/p>\n<\/li>\n<li data-start=\"2560\" data-end=\"2614\">\n<p data-start=\"2562\" data-end=\"2614\">Directo de f\u00e1brica, completamente personalizable para pedidos al por mayor<\/p>\n<\/li>\n<li data-start=\"2615\" data-end=\"2678\">\n<p data-start=\"2617\" data-end=\"2678\">F\u00e1cil instalaci\u00f3n para usuarios de bricolaje e instaladores profesionales<\/p>\n<\/li>\n<li data-start=\"2679\" data-end=\"2740\">\n<p data-start=\"2681\" data-end=\"2740\">Perfecto para talleres automotrices, instaladores y entusiastas<\/p>\n<\/li>\n<\/ul>\n<h2 data-start=\"2742\" data-end=\"2763\">Incluye el paquete<\/h2>\n<ul data-start=\"2764\" data-end=\"2886\">\n<li data-start=\"2764\" data-end=\"2817\">\n<p data-start=\"2766\" data-end=\"2817\">1 Rollo de vinilo PVC en metal l\u00edquido Rojo Sangre de Drag\u00f3n<\/p>\n<\/li>\n<li data-start=\"2818\" data-end=\"2886\">\n<p data-start=\"2820\" data-end=\"2886\">Kit de instalaci\u00f3n opcional: esp\u00e1tula, cuchilla, pa\u00f1o de microfibra<\/p>\n<\/li>\n<\/ul>\n<h2 data-start=\"2888\" data-end=\"2917\">\u00bfPor qu\u00e9 elegir este producto?<\/h2>\n<p data-start=\"2918\" data-end=\"3235\">Este directo de f\u00e1brica <strong data-start=\"2938\" data-end=\"2965\">envoltura de coche de cambio de color<\/strong> el vinilo ofrece calidad profesional, acabado vibrante en metal l\u00edquido Rojo Sangre de Drag\u00f3n y protecci\u00f3n duradera. Completamente personalizable para pedidos al por mayor o individuales, perfecto para instaladores, mayoristas y negocios que ofrecen soluciones premium <strong data-start=\"3199\" data-end=\"3222\">envoltura de vinilo para coches<\/strong> soluciones.<\/p>","protected":false},"excerpt":{"rendered":"<p>Actualiza tu veh\u00edculo con esto <strong data-start=\"459\" data-end=\"486\">envoltura de coche de cambio de color<\/strong> \u2013 pel\u00edcula de metal l\u00edquido de alta calidad en color Rojo Sangre de Drag\u00f3n. Resistente a ara\u00f1azos, duradera y directa de f\u00e1brica, completamente personalizable para pedidos al por mayor. Ideal para instaladores profesionales, mayoristas y entusiastas del autom\u00f3vil que buscan soluciones de vinilo de primera calidad.<\/p>","protected":false},"featured_media":9462,"comment_status":"open","ping_status":"closed","template":"","meta":[],"product_brand":[],"product_cat":[214],"product_tag":[],"class_list":{"0":"post-9461","1":"product","2":"type-product","3":"status-publish","4":"has-post-thumbnail","6":"product_cat-car-vinyl-wrap-film","8":"first","9":"instock","10":"shipping-taxable","11":"product-type-simple"},"_links":{"self":[{"href":"https:\/\/www.carliseppf.com\/es\/wp-json\/wp\/v2\/product\/9461","targetHints":{"allow":["GET"]}}],"collection":[{"href":"https:\/\/www.carliseppf.com\/es\/wp-json\/wp\/v2\/product"}],"about":[{"href":"https:\/\/www.carliseppf.com\/es\/wp-json\/wp\/v2\/types\/product"}],"replies":[{"embeddable":true,"href":"https:\/\/www.carliseppf.com\/es\/wp-json\/wp\/v2\/comments?post=9461"}],"wp:featuredmedia":[{"embeddable":true,"href":"https:\/\/www.carliseppf.com\/es\/wp-json\/wp\/v2\/media\/9462"}],"wp:attachment":[{"href":"https:\/\/www.carliseppf.com\/es\/wp-json\/wp\/v2\/media?parent=9461"}],"wp:term":[{"taxonomy":"product_brand","embeddable":true,"href":"https:\/\/www.carliseppf.com\/es\/wp-json\/wp\/v2\/product_brand?post=9461"},{"taxonomy":"product_cat","embeddable":true,"href":"https:\/\/www.carliseppf.com\/es\/wp-json\/wp\/v2\/product_cat?post=9461"},{"taxonomy":"product_tag","embeddable":true,"href":"https:\/\/www.carliseppf.com\/es\/wp-json\/wp\/v2\/product_tag?post=9461"}],"curies":[{"name":"wp","href":"https:\/\/api.w.org\/{rel}","templated":true}]}}