{"id":9468,"date":"2025-11-17T07:17:32","date_gmt":"2025-11-17T07:17:32","guid":{"rendered":"https:\/\/www.carliseppf.com\/?post_type=product&#038;p=9468"},"modified":"2025-11-20T10:08:42","modified_gmt":"2025-11-20T10:08:42","slug":"car-wrap-colors-glossy-red","status":"publish","type":"product","link":"https:\/\/www.carliseppf.com\/es\/product\/car-wrap-colors-glossy-red\/","title":{"rendered":"Vinilo PVC brillante rojo \u2013 Colores para envoltorios de coche"},"content":{"rendered":"<h2 data-start=\"693\" data-end=\"714\">Resumen del Producto<\/h2>\n<p data-start=\"715\" data-end=\"1015\">Este premium <strong data-start=\"728\" data-end=\"747\">colores de envoltura de coche<\/strong> el vinilo proporciona un acabado brillante rojo vibrante, combinando estilo y protecci\u00f3n de la pintura. Perfecto para envolturas completas o parciales de coches, motocicletas, molduras interiores y paneles corporales personalizados. La oferta directa de f\u00e1brica garantiza pedidos al por mayor y tama\u00f1os personalizados para instaladores y mayoristas.<\/p>\n<p data-start=\"715\" data-end=\"1015\"><img fetchpriority=\"high\" decoding=\"async\" class=\"alignnone wp-image-9467 size-full\" src=\"https:\/\/www.carliseppf.com\/wp-content\/uploads\/2025\/11\/\u9f99\u8840\u7ea25-scaled.jpg\" alt=\"colores de envoltura de coche\" width=\"2560\" height=\"1440\" srcset=\"https:\/\/www.carliseppf.com\/wp-content\/uploads\/2025\/11\/\u9f99\u8840\u7ea25-scaled.jpg 2560w, https:\/\/www.carliseppf.com\/wp-content\/uploads\/2025\/11\/\u9f99\u8840\u7ea25-300x169.jpg 300w, https:\/\/www.carliseppf.com\/wp-content\/uploads\/2025\/11\/\u9f99\u8840\u7ea25-1024x576.jpg 1024w, https:\/\/www.carliseppf.com\/wp-content\/uploads\/2025\/11\/\u9f99\u8840\u7ea25-768x432.jpg 768w, https:\/\/www.carliseppf.com\/wp-content\/uploads\/2025\/11\/\u9f99\u8840\u7ea25-1536x864.jpg 1536w, https:\/\/www.carliseppf.com\/wp-content\/uploads\/2025\/11\/\u9f99\u8840\u7ea25-2048x1152.jpg 2048w, https:\/\/www.carliseppf.com\/wp-content\/uploads\/2025\/11\/\u9f99\u8840\u7ea25-370x208.jpg 370w, https:\/\/www.carliseppf.com\/wp-content\/uploads\/2025\/11\/\u9f99\u8840\u7ea25-1290x725.jpg 1290w, https:\/\/www.carliseppf.com\/wp-content\/uploads\/2025\/11\/\u9f99\u8840\u7ea25-840x473.jpg 840w, https:\/\/www.carliseppf.com\/wp-content\/uploads\/2025\/11\/\u9f99\u8840\u7ea25-410x231.jpg 410w, https:\/\/www.carliseppf.com\/wp-content\/uploads\/2025\/11\/\u9f99\u8840\u7ea25-730x411.jpg 730w, https:\/\/www.carliseppf.com\/wp-content\/uploads\/2025\/11\/\u9f99\u8840\u7ea25-270x152.jpg 270w\" sizes=\"(max-width: 2560px) 100vw, 2560px\" \/><\/p>\n<h2 data-start=\"1017\" data-end=\"1039\">Dise\u00f1o y caracter\u00edsticas<\/h2>\n<ul data-start=\"1040\" data-end=\"1346\">\n<li data-start=\"1040\" data-end=\"1120\">\n<p data-start=\"1042\" data-end=\"1120\">Acabado brillante rojo PVC vibrante para profesionales <strong data-start=\"1089\" data-end=\"1110\">pel\u00edcula para envoltura de autos<\/strong> resultados<\/p>\n<\/li>\n<li data-start=\"1121\" data-end=\"1183\">\n<p data-start=\"1123\" data-end=\"1183\">Resistente a ara\u00f1azos y con adhesivo en la parte trasera para una f\u00e1cil aplicaci\u00f3n<\/p>\n<\/li>\n<li data-start=\"1184\" data-end=\"1265\">\n<p data-start=\"1186\" data-end=\"1265\">Flexible, duradero y compatible con profesionales <strong data-start=\"1238\" data-end=\"1257\">colores de envoltura de coche<\/strong> herramientas<\/p>\n<\/li>\n<li data-start=\"1266\" data-end=\"1346\">\n<p data-start=\"1268\" data-end=\"1346\">Ideal para cobertura completa o parcial del veh\u00edculo, pedidos al por mayor y proyectos personalizados<\/p>\n<\/li>\n<\/ul>\n<h2 data-start=\"1348\" data-end=\"1374\">Material de alta calidad<\/h2>\n<ul data-start=\"1375\" data-end=\"1540\">\n<li data-start=\"1375\" data-end=\"1407\">\n<p data-start=\"1377\" data-end=\"1407\">Vinilo automotriz de PVC duradero<\/p>\n<\/li>\n<li data-start=\"1408\" data-end=\"1460\">\n<p data-start=\"1410\" data-end=\"1460\">Resistente a UV, impermeable y seguro para la pintura OEM<\/p>\n<\/li>\n<li data-start=\"1461\" data-end=\"1509\">\n<p data-start=\"1463\" data-end=\"1509\">Rendimiento duradero en exteriores (3\u20135 a\u00f1os)<\/p>\n<\/li>\n<li data-start=\"1510\" data-end=\"1540\">\n<p data-start=\"1512\" data-end=\"1540\">F\u00e1cil de limpiar y mantener<\/p>\n<\/li>\n<\/ul>\n<h2 data-start=\"1542\" data-end=\"1580\">F\u00e1cil instalaci\u00f3n y personalizaci\u00f3n<\/h2>\n<ul data-start=\"1581\" data-end=\"1811\">\n<li data-start=\"1581\" data-end=\"1633\">\n<p data-start=\"1583\" data-end=\"1633\">Adhesivo con liberaci\u00f3n de aire para una aplicaci\u00f3n sin burbujas<\/p>\n<\/li>\n<li data-start=\"1634\" data-end=\"1704\">\n<p data-start=\"1636\" data-end=\"1704\">Flexible y moldeable con calor para bordes, curvas y superficies complejas<\/p>\n<\/li>\n<li data-start=\"1705\" data-end=\"1756\">\n<p data-start=\"1707\" data-end=\"1756\">Rollos personalizables para pedidos al por mayor o en volumen<\/p>\n<\/li>\n<li data-start=\"1757\" data-end=\"1811\">\n<p data-start=\"1759\" data-end=\"1811\">Apto para instaladores profesionales y usuarios de bricolaje<\/p>\n<\/li>\n<\/ul>\n<h2 data-start=\"1813\" data-end=\"1830\">Aplicaciones<\/h2>\n<ul data-start=\"1831\" data-end=\"2019\">\n<li data-start=\"1831\" data-end=\"1884\">\n<p data-start=\"1833\" data-end=\"1884\">Envoltorios completos para veh\u00edculos: coches, SUVs, motocicletas, furgonetas<\/p>\n<\/li>\n<li data-start=\"1885\" data-end=\"1935\">\n<p data-start=\"1887\" data-end=\"1935\">Envoltorios parciales: cap\u00f3s, techos, espejos, spoilers<\/p>\n<\/li>\n<li data-start=\"1936\" data-end=\"1976\">\n<p data-start=\"1938\" data-end=\"1976\">Ajustes interiores y paneles decorativos<\/p>\n<\/li>\n<li data-start=\"1977\" data-end=\"2019\">\n<p data-start=\"1979\" data-end=\"2019\">Ideal para <strong data-start=\"1989\" data-end=\"2008\">colores de envoltura de coche<\/strong> proyectos<\/p>\n<\/li>\n<\/ul>\n<h2 data-start=\"2021\" data-end=\"2040\">Especificaciones<\/h2>\n<p data-start=\"2041\" data-end=\"2248\">Material: vinilo automotriz de PVC<br data-start=\"2071\" data-end=\"2074\" \/>Color: Rojo Brillante<br data-start=\"2091\" data-end=\"2094\" \/>Acabado: Brillante<br data-start=\"2108\" data-end=\"2111\" \/>Grosor: 150\u2013180 \u03bcm<br data-start=\"2132\" data-end=\"2135\" \/>Adhesivo: Liberaci\u00f3n de aire, reposicionable<br data-start=\"2172\" data-end=\"2175\" \/>Durabilidad: 3\u20135 a\u00f1os en exteriores<br data-start=\"2204\" data-end=\"2207\" \/>Tama\u00f1o del rollo: Personalizable para pedidos al por mayor<\/p>\n<h2 data-start=\"2250\" data-end=\"2269\">Ventajas clave<\/h2>\n<ul data-start=\"2270\" data-end=\"2535\">\n<li data-start=\"2270\" data-end=\"2309\">\n<p data-start=\"2272\" data-end=\"2309\">Premium <strong data-start=\"2280\" data-end=\"2299\">colores de envoltura de coche<\/strong> calidad<\/p>\n<\/li>\n<li data-start=\"2310\" data-end=\"2354\">\n<p data-start=\"2312\" data-end=\"2354\">Resistente a ara\u00f1azos, duradero y flexible<\/p>\n<\/li>\n<li data-start=\"2355\" data-end=\"2409\">\n<p data-start=\"2357\" data-end=\"2409\">Directo de f\u00e1brica, completamente personalizable para pedidos al por mayor<\/p>\n<\/li>\n<li data-start=\"2410\" data-end=\"2473\">\n<p data-start=\"2412\" data-end=\"2473\">F\u00e1cil instalaci\u00f3n para usuarios de bricolaje e instaladores profesionales<\/p>\n<\/li>\n<li data-start=\"2474\" data-end=\"2535\">\n<p data-start=\"2476\" data-end=\"2535\">Perfecto para talleres automotrices, instaladores y entusiastas<\/p>\n<\/li>\n<\/ul>\n<h2 data-start=\"2537\" data-end=\"2558\">Incluye el paquete<\/h2>\n<ul data-start=\"2559\" data-end=\"2676\">\n<li data-start=\"2559\" data-end=\"2607\">\n<p data-start=\"2561\" data-end=\"2607\">1 Rollo de l\u00e1mina de vinilo PVC brillante rojo<\/p>\n<\/li>\n<li data-start=\"2608\" data-end=\"2676\">\n<p data-start=\"2610\" data-end=\"2676\">Kit de instalaci\u00f3n opcional: esp\u00e1tula, cuchilla, pa\u00f1o de microfibra<\/p>\n<\/li>\n<\/ul>\n<h2 data-start=\"2678\" data-end=\"2707\">\u00bfPor qu\u00e9 elegir este producto?<\/h2>\n<p data-start=\"2708\" data-end=\"2998\">Este directo de f\u00e1brica <strong data-start=\"2728\" data-end=\"2747\">colores de envoltura de coche<\/strong> el vinilo ofrece calidad profesional, acabado brillante rojo vibrante y protecci\u00f3n duradera. Completamente personalizable para pedidos al por mayor o individuales, perfecto para instaladores, mayoristas y negocios que ofrecen productos premium <strong data-start=\"2962\" data-end=\"2985\">envoltura de vinilo para coches<\/strong> soluciones.<\/p>","protected":false},"excerpt":{"rendered":"<p>Mejora tu veh\u00edculo con esto <strong data-start=\"392\" data-end=\"411\">colores de envoltura de coche<\/strong> soluci\u00f3n \u2013 l\u00e1mina de vinilo de PVC brillante rojo a granel. Resistente a ara\u00f1azos, con adhesivo en la parte trasera y duradera, completamente personalizable para pedidos al por mayor. Ideal para instaladores profesionales, mayoristas y entusiastas del autom\u00f3vil que buscan soluciones de vinilo de alta calidad.<\/p>","protected":false},"featured_media":9469,"comment_status":"open","ping_status":"closed","template":"","meta":[],"product_brand":[],"product_cat":[214],"product_tag":[],"class_list":{"0":"post-9468","1":"product","2":"type-product","3":"status-publish","4":"has-post-thumbnail","6":"product_cat-car-vinyl-wrap-film","8":"first","9":"instock","10":"shipping-taxable","11":"product-type-simple"},"_links":{"self":[{"href":"https:\/\/www.carliseppf.com\/es\/wp-json\/wp\/v2\/product\/9468","targetHints":{"allow":["GET"]}}],"collection":[{"href":"https:\/\/www.carliseppf.com\/es\/wp-json\/wp\/v2\/product"}],"about":[{"href":"https:\/\/www.carliseppf.com\/es\/wp-json\/wp\/v2\/types\/product"}],"replies":[{"embeddable":true,"href":"https:\/\/www.carliseppf.com\/es\/wp-json\/wp\/v2\/comments?post=9468"}],"wp:featuredmedia":[{"embeddable":true,"href":"https:\/\/www.carliseppf.com\/es\/wp-json\/wp\/v2\/media\/9469"}],"wp:attachment":[{"href":"https:\/\/www.carliseppf.com\/es\/wp-json\/wp\/v2\/media?parent=9468"}],"wp:term":[{"taxonomy":"product_brand","embeddable":true,"href":"https:\/\/www.carliseppf.com\/es\/wp-json\/wp\/v2\/product_brand?post=9468"},{"taxonomy":"product_cat","embeddable":true,"href":"https:\/\/www.carliseppf.com\/es\/wp-json\/wp\/v2\/product_cat?post=9468"},{"taxonomy":"product_tag","embeddable":true,"href":"https:\/\/www.carliseppf.com\/es\/wp-json\/wp\/v2\/product_tag?post=9468"}],"curies":[{"name":"wp","href":"https:\/\/api.w.org\/{rel}","templated":true}]}}