{"id":9481,"date":"2025-11-17T07:53:09","date_gmt":"2025-11-17T07:53:09","guid":{"rendered":"https:\/\/www.carliseppf.com\/?post_type=product&#038;p=9481"},"modified":"2025-11-20T10:09:30","modified_gmt":"2025-11-20T10:09:30","slug":"cool-car-wraps-rainbow-pvc","status":"publish","type":"product","link":"https:\/\/www.carliseppf.com\/es\/product\/cool-car-wraps-rainbow-pvc\/","title":{"rendered":"Pel\u00edcula de cambio de color arco\u00edris de PVC Calise \u2013 Envolturas de coche geniales"},"content":{"rendered":"<h2 data-start=\"720\" data-end=\"741\">Resumen del Producto<\/h2>\n<p data-start=\"742\" data-end=\"1073\">Este premium <strong data-start=\"755\" data-end=\"773\">envolturas de coche geniales<\/strong> la pel\u00edcula presenta un PVC de electrochapado de arco\u00edris que cambia de color, proporcionando un aspecto impresionante y din\u00e1mico para coches, motocicletas y veh\u00edculos el\u00e9ctricos. Ideal para envolturas completas o parciales, pedales y paneles laterales. La oferta directa de f\u00e1brica garantiza pedidos al por mayor y tama\u00f1os personalizados para instaladores y mayoristas.<\/p>\n<p data-start=\"742\" data-end=\"1073\"><img fetchpriority=\"high\" decoding=\"async\" class=\"alignnone wp-image-9483 size-full\" src=\"https:\/\/www.carliseppf.com\/wp-content\/uploads\/2025\/11\/Ha20ca167d7c243d095653ea9aaae8b7fq.png_avifclosewebpclose.png\" alt=\"envolturas de coche geniales\" width=\"800\" height=\"800\" srcset=\"https:\/\/www.carliseppf.com\/wp-content\/uploads\/2025\/11\/Ha20ca167d7c243d095653ea9aaae8b7fq.png_avifclosewebpclose.png 800w, https:\/\/www.carliseppf.com\/wp-content\/uploads\/2025\/11\/Ha20ca167d7c243d095653ea9aaae8b7fq.png_avifclosewebpclose-300x300.png 300w, https:\/\/www.carliseppf.com\/wp-content\/uploads\/2025\/11\/Ha20ca167d7c243d095653ea9aaae8b7fq.png_avifclosewebpclose-150x150.png 150w, https:\/\/www.carliseppf.com\/wp-content\/uploads\/2025\/11\/Ha20ca167d7c243d095653ea9aaae8b7fq.png_avifclosewebpclose-768x768.png 768w, https:\/\/www.carliseppf.com\/wp-content\/uploads\/2025\/11\/Ha20ca167d7c243d095653ea9aaae8b7fq.png_avifclosewebpclose-370x370.png 370w, https:\/\/www.carliseppf.com\/wp-content\/uploads\/2025\/11\/Ha20ca167d7c243d095653ea9aaae8b7fq.png_avifclosewebpclose-120x120.png 120w, https:\/\/www.carliseppf.com\/wp-content\/uploads\/2025\/11\/Ha20ca167d7c243d095653ea9aaae8b7fq.png_avifclosewebpclose-410x410.png 410w, https:\/\/www.carliseppf.com\/wp-content\/uploads\/2025\/11\/Ha20ca167d7c243d095653ea9aaae8b7fq.png_avifclosewebpclose-630x630.png 630w, https:\/\/www.carliseppf.com\/wp-content\/uploads\/2025\/11\/Ha20ca167d7c243d095653ea9aaae8b7fq.png_avifclosewebpclose-730x730.png 730w, https:\/\/www.carliseppf.com\/wp-content\/uploads\/2025\/11\/Ha20ca167d7c243d095653ea9aaae8b7fq.png_avifclosewebpclose-460x460.png 460w\" sizes=\"(max-width: 800px) 100vw, 800px\" \/><\/p>\n<h2 data-start=\"1075\" data-end=\"1097\">Dise\u00f1o y caracter\u00edsticas<\/h2>\n<ul data-start=\"1098\" data-end=\"1394\">\n<li data-start=\"1098\" data-end=\"1146\">\n<p data-start=\"1100\" data-end=\"1146\">Efecto de electrochapado de arco\u00edris que cambia de color<\/p>\n<\/li>\n<li data-start=\"1147\" data-end=\"1217\">\n<p data-start=\"1149\" data-end=\"1217\">Material de PVC liso para profesional <strong data-start=\"1186\" data-end=\"1207\">pel\u00edcula para envoltura de autos<\/strong> resultados<\/p>\n<\/li>\n<li data-start=\"1218\" data-end=\"1283\">\n<p data-start=\"1220\" data-end=\"1283\">Resistente a ara\u00f1azos, duradero y flexible para curvas y bordes<\/p>\n<\/li>\n<li data-start=\"1284\" data-end=\"1332\">\n<p data-start=\"1286\" data-end=\"1332\">Perfecto para cobertura completa o parcial del veh\u00edculo<\/p>\n<\/li>\n<li data-start=\"1333\" data-end=\"1394\">\n<p data-start=\"1335\" data-end=\"1394\">Compatible con herramientas profesionales para <strong data-start=\"1374\" data-end=\"1392\">envolturas de coche geniales<\/strong><\/p>\n<\/li>\n<\/ul>\n<h2 data-start=\"1396\" data-end=\"1422\">Material de alta calidad<\/h2>\n<ul data-start=\"1423\" data-end=\"1588\">\n<li data-start=\"1423\" data-end=\"1455\">\n<p data-start=\"1425\" data-end=\"1455\">Vinilo automotriz de PVC duradero<\/p>\n<\/li>\n<li data-start=\"1456\" data-end=\"1508\">\n<p data-start=\"1458\" data-end=\"1508\">Resistente a UV, impermeable y seguro para la pintura OEM<\/p>\n<\/li>\n<li data-start=\"1509\" data-end=\"1557\">\n<p data-start=\"1511\" data-end=\"1557\">Rendimiento duradero en exteriores (3\u20135 a\u00f1os)<\/p>\n<\/li>\n<li data-start=\"1558\" data-end=\"1588\">\n<p data-start=\"1560\" data-end=\"1588\">F\u00e1cil de limpiar y mantener<\/p>\n<\/li>\n<\/ul>\n<h2 data-start=\"1590\" data-end=\"1628\">F\u00e1cil instalaci\u00f3n y personalizaci\u00f3n<\/h2>\n<ul data-start=\"1629\" data-end=\"1850\">\n<li data-start=\"1629\" data-end=\"1681\">\n<p data-start=\"1631\" data-end=\"1681\">Adhesivo con liberaci\u00f3n de aire para una aplicaci\u00f3n sin burbujas<\/p>\n<\/li>\n<li data-start=\"1682\" data-end=\"1743\">\n<p data-start=\"1684\" data-end=\"1743\">Flexible y moldeable con calor para bordes y superficies complejas<\/p>\n<\/li>\n<li data-start=\"1744\" data-end=\"1795\">\n<p data-start=\"1746\" data-end=\"1795\">Rollos personalizables para pedidos al por mayor o en volumen<\/p>\n<\/li>\n<li data-start=\"1796\" data-end=\"1850\">\n<p data-start=\"1798\" data-end=\"1850\">Apto para instaladores profesionales y usuarios de bricolaje<\/p>\n<\/li>\n<\/ul>\n<h2 data-start=\"1852\" data-end=\"1869\">Aplicaciones<\/h2>\n<ul data-start=\"1870\" data-end=\"2053\">\n<li data-start=\"1870\" data-end=\"1916\">\n<p data-start=\"1872\" data-end=\"1916\">Envolturas completas de veh\u00edculos: coches, motocicletas, veh\u00edculos el\u00e9ctricos<\/p>\n<\/li>\n<li data-start=\"1917\" data-end=\"1970\">\n<p data-start=\"1919\" data-end=\"1970\">Envolturas parciales: pedales, espejos, cap\u00f3s, techos<\/p>\n<\/li>\n<li data-start=\"1971\" data-end=\"2011\">\n<p data-start=\"1973\" data-end=\"2011\">Ajustes interiores y paneles decorativos<\/p>\n<\/li>\n<li data-start=\"2012\" data-end=\"2053\">\n<p data-start=\"2014\" data-end=\"2053\">Ideal para <strong data-start=\"2024\" data-end=\"2042\">envolturas de coche geniales<\/strong> proyectos<\/p>\n<\/li>\n<\/ul>\n<h2 data-start=\"2055\" data-end=\"2074\">Especificaciones<\/h2>\n<p data-start=\"2075\" data-end=\"2325\">Material: vinilo automotriz de PVC<br data-start=\"2105\" data-end=\"2108\" \/>Color: Electrochapado de arco\u00edris (que cambia de color)<br data-start=\"2154\" data-end=\"2157\" \/>Acabado: Opciones brillante\/mate<br data-start=\"2185\" data-end=\"2188\" \/>Grosor: 150\u2013180 \u03bcm<br data-start=\"2209\" data-end=\"2212\" \/>Adhesivo: Liberaci\u00f3n de aire, reposicionable<br data-start=\"2249\" data-end=\"2252\" \/>Durabilidad: 3\u20135 a\u00f1os en exteriores<br data-start=\"2281\" data-end=\"2284\" \/>Tama\u00f1o del rollo: Personalizable para pedidos al por mayor<\/p>\n<h2 data-start=\"2327\" data-end=\"2346\">Ventajas clave<\/h2>\n<ul data-start=\"2347\" data-end=\"2592\">\n<li data-start=\"2347\" data-end=\"2385\">\n<p data-start=\"2349\" data-end=\"2385\">Impresionante <strong data-start=\"2358\" data-end=\"2376\">envolturas de coche geniales<\/strong> efecto<\/p>\n<\/li>\n<li data-start=\"2386\" data-end=\"2430\">\n<p data-start=\"2388\" data-end=\"2430\">Resistente a ara\u00f1azos, duradero y flexible<\/p>\n<\/li>\n<li data-start=\"2431\" data-end=\"2485\">\n<p data-start=\"2433\" data-end=\"2485\">Directo de f\u00e1brica, completamente personalizable para pedidos al por mayor<\/p>\n<\/li>\n<li data-start=\"2486\" data-end=\"2549\">\n<p data-start=\"2488\" data-end=\"2549\">F\u00e1cil instalaci\u00f3n para usuarios de bricolaje e instaladores profesionales<\/p>\n<\/li>\n<li data-start=\"2550\" data-end=\"2592\">\n<p data-start=\"2552\" data-end=\"2592\">Perfecto para coches, motocicletas y veh\u00edculos el\u00e9ctricos<\/p>\n<\/li>\n<\/ul>\n<h2 data-start=\"2594\" data-end=\"2615\">Incluye el paquete<\/h2>\n<ul data-start=\"2616\" data-end=\"2731\">\n<li data-start=\"2616\" data-end=\"2662\">\n<p data-start=\"2618\" data-end=\"2662\">1 rollo de vinilo de PVC de cambio de color arco\u00edris<\/p>\n<\/li>\n<li data-start=\"2663\" data-end=\"2731\">\n<p data-start=\"2665\" data-end=\"2731\">Kit de instalaci\u00f3n opcional: esp\u00e1tula, cuchilla, pa\u00f1o de microfibra<\/p>\n<\/li>\n<\/ul>\n<h2 data-start=\"2733\" data-end=\"2762\">\u00bfPor qu\u00e9 elegir este producto?<\/h2>\n<p data-start=\"2763\" data-end=\"3068\">Este directo de f\u00e1brica <strong data-start=\"2783\" data-end=\"2801\">envolturas de coche geniales<\/strong> la soluci\u00f3n ofrece efectos vibrantes de cambio de color arco\u00edris, calidad profesional y protecci\u00f3n duradera. Completamente personalizable para pedidos al por mayor o individuales, perfecto para instaladores, mayoristas y negocios que ofrecen acabados de alta calidad <strong data-start=\"3032\" data-end=\"3055\">envoltura de vinilo para coches<\/strong> soluciones.<\/p>","protected":false},"excerpt":{"rendered":"<p>Actualiza tu veh\u00edculo con esto <strong data-start=\"441\" data-end=\"459\">envolturas de coche geniales<\/strong> soluci\u00f3n \u2013 Pel\u00edcula de electrochapado de arco\u00edris Calise PVC con cambio de color. Directamente de f\u00e1brica, duradera, resistente a ara\u00f1azos y completamente personalizable para pedidos al por mayor. Perfecta para coches, motocicletas y veh\u00edculos el\u00e9ctricos que buscan efectos de vinilo de alta calidad.<\/p>","protected":false},"featured_media":9482,"comment_status":"open","ping_status":"closed","template":"","meta":[],"product_brand":[],"product_cat":[214],"product_tag":[],"class_list":{"0":"post-9481","1":"product","2":"type-product","3":"status-publish","4":"has-post-thumbnail","6":"product_cat-car-vinyl-wrap-film","8":"first","9":"instock","10":"shipping-taxable","11":"product-type-simple"},"_links":{"self":[{"href":"https:\/\/www.carliseppf.com\/es\/wp-json\/wp\/v2\/product\/9481","targetHints":{"allow":["GET"]}}],"collection":[{"href":"https:\/\/www.carliseppf.com\/es\/wp-json\/wp\/v2\/product"}],"about":[{"href":"https:\/\/www.carliseppf.com\/es\/wp-json\/wp\/v2\/types\/product"}],"replies":[{"embeddable":true,"href":"https:\/\/www.carliseppf.com\/es\/wp-json\/wp\/v2\/comments?post=9481"}],"wp:featuredmedia":[{"embeddable":true,"href":"https:\/\/www.carliseppf.com\/es\/wp-json\/wp\/v2\/media\/9482"}],"wp:attachment":[{"href":"https:\/\/www.carliseppf.com\/es\/wp-json\/wp\/v2\/media?parent=9481"}],"wp:term":[{"taxonomy":"product_brand","embeddable":true,"href":"https:\/\/www.carliseppf.com\/es\/wp-json\/wp\/v2\/product_brand?post=9481"},{"taxonomy":"product_cat","embeddable":true,"href":"https:\/\/www.carliseppf.com\/es\/wp-json\/wp\/v2\/product_cat?post=9481"},{"taxonomy":"product_tag","embeddable":true,"href":"https:\/\/www.carliseppf.com\/es\/wp-json\/wp\/v2\/product_tag?post=9481"}],"curies":[{"name":"wp","href":"https:\/\/api.w.org\/{rel}","templated":true}]}}