{"id":9488,"date":"2025-11-17T08:35:02","date_gmt":"2025-11-17T08:35:02","guid":{"rendered":"https:\/\/www.carliseppf.com\/?post_type=product&#038;p=9488"},"modified":"2025-11-20T10:09:51","modified_gmt":"2025-11-20T10:09:51","slug":"3m-car-wrap-film-gold-pvc","status":"publish","type":"product","link":"https:\/\/www.carliseppf.com\/es\/product\/3m-car-wrap-film-gold-pvc\/","title":{"rendered":"Pegatinas de PVC dorado para coche \u2013 Pel\u00edcula de envoltura 3M"},"content":{"rendered":"<h2 data-start=\"688\" data-end=\"709\">Resumen del Producto<\/h2>\n<p data-start=\"710\" data-end=\"997\">Este premium <strong data-start=\"723\" data-end=\"743\">Pel\u00edcula de envoltura para coche 3M<\/strong> en pegatinas de PVC dorado ofrece estilo y protecci\u00f3n duradera para veh\u00edculos. Ideal para envolturas completas o parciales de coches, espejos, molduras interiores y paneles de carrocer\u00eda. El suministro directo de f\u00e1brica garantiza pedidos al por mayor y tama\u00f1os personalizados para instaladores y mayoristas.<\/p>\n<p data-start=\"710\" data-end=\"997\"><img fetchpriority=\"high\" decoding=\"async\" class=\"alignnone wp-image-9489 size-full\" src=\"https:\/\/www.carliseppf.com\/wp-content\/uploads\/2025\/11\/Hd3f0a148ec424813b7e5ea303bb0ca75q.png_avifclosewebpclose.png\" alt=\"Pel\u00edcula de envoltura para coche 3M\" width=\"800\" height=\"800\" srcset=\"https:\/\/www.carliseppf.com\/wp-content\/uploads\/2025\/11\/Hd3f0a148ec424813b7e5ea303bb0ca75q.png_avifclosewebpclose.png 800w, https:\/\/www.carliseppf.com\/wp-content\/uploads\/2025\/11\/Hd3f0a148ec424813b7e5ea303bb0ca75q.png_avifclosewebpclose-300x300.png 300w, https:\/\/www.carliseppf.com\/wp-content\/uploads\/2025\/11\/Hd3f0a148ec424813b7e5ea303bb0ca75q.png_avifclosewebpclose-150x150.png 150w, https:\/\/www.carliseppf.com\/wp-content\/uploads\/2025\/11\/Hd3f0a148ec424813b7e5ea303bb0ca75q.png_avifclosewebpclose-768x768.png 768w, https:\/\/www.carliseppf.com\/wp-content\/uploads\/2025\/11\/Hd3f0a148ec424813b7e5ea303bb0ca75q.png_avifclosewebpclose-370x370.png 370w, https:\/\/www.carliseppf.com\/wp-content\/uploads\/2025\/11\/Hd3f0a148ec424813b7e5ea303bb0ca75q.png_avifclosewebpclose-120x120.png 120w, https:\/\/www.carliseppf.com\/wp-content\/uploads\/2025\/11\/Hd3f0a148ec424813b7e5ea303bb0ca75q.png_avifclosewebpclose-410x410.png 410w, https:\/\/www.carliseppf.com\/wp-content\/uploads\/2025\/11\/Hd3f0a148ec424813b7e5ea303bb0ca75q.png_avifclosewebpclose-630x630.png 630w, https:\/\/www.carliseppf.com\/wp-content\/uploads\/2025\/11\/Hd3f0a148ec424813b7e5ea303bb0ca75q.png_avifclosewebpclose-730x730.png 730w, https:\/\/www.carliseppf.com\/wp-content\/uploads\/2025\/11\/Hd3f0a148ec424813b7e5ea303bb0ca75q.png_avifclosewebpclose-460x460.png 460w\" sizes=\"(max-width: 800px) 100vw, 800px\" \/><\/p>\n<h2 data-start=\"999\" data-end=\"1021\">Dise\u00f1o y caracter\u00edsticas<\/h2>\n<ul data-start=\"1022\" data-end=\"1320\">\n<li data-start=\"1022\" data-end=\"1071\">\n<p data-start=\"1024\" data-end=\"1071\">Color de PVC dorado vibrante con acabado de alto brillo<\/p>\n<\/li>\n<li data-start=\"1072\" data-end=\"1132\">\n<p data-start=\"1074\" data-end=\"1132\">Resistente a ara\u00f1azos y el\u00e1stico para una aplicaci\u00f3n suave<\/p>\n<\/li>\n<li data-start=\"1133\" data-end=\"1192\">\n<p data-start=\"1135\" data-end=\"1192\">Perfecto para envolturas completas o parciales <strong data-start=\"1168\" data-end=\"1190\">pel\u00edcula de envoltura para coches<\/strong><\/p>\n<\/li>\n<li data-start=\"1193\" data-end=\"1252\">\n<p data-start=\"1195\" data-end=\"1252\">Compatible con profesionales <strong data-start=\"1224\" data-end=\"1244\">Pel\u00edcula de envoltura para coche 3M<\/strong> herramientas<\/p>\n<\/li>\n<li data-start=\"1253\" data-end=\"1320\">\n<p data-start=\"1255\" data-end=\"1320\">Adecuado para pedidos al por mayor, proyectos personalizados y talleres de automoci\u00f3n<\/p>\n<\/li>\n<\/ul>\n<h2 data-start=\"1322\" data-end=\"1348\">Material de alta calidad<\/h2>\n<ul data-start=\"1349\" data-end=\"1502\">\n<li data-start=\"1349\" data-end=\"1384\">\n<p data-start=\"1351\" data-end=\"1384\">Vinilo de PVC duradero y resistente a los UV<\/p>\n<\/li>\n<li data-start=\"1385\" data-end=\"1422\">\n<p data-start=\"1387\" data-end=\"1422\">Impermeable y seguro para la pintura OEM<\/p>\n<\/li>\n<li data-start=\"1423\" data-end=\"1471\">\n<p data-start=\"1425\" data-end=\"1471\">Rendimiento duradero en exteriores (3\u20135 a\u00f1os)<\/p>\n<\/li>\n<li data-start=\"1472\" data-end=\"1502\">\n<p data-start=\"1474\" data-end=\"1502\">F\u00e1cil de limpiar y mantener<\/p>\n<\/li>\n<\/ul>\n<h2 data-start=\"1504\" data-end=\"1542\">F\u00e1cil instalaci\u00f3n y personalizaci\u00f3n<\/h2>\n<ul data-start=\"1543\" data-end=\"1759\">\n<li data-start=\"1543\" data-end=\"1600\">\n<p data-start=\"1545\" data-end=\"1600\">Adhesivo con liberaci\u00f3n de aire que garantiza una instalaci\u00f3n sin burbujas<\/p>\n<\/li>\n<li data-start=\"1601\" data-end=\"1652\">\n<p data-start=\"1603\" data-end=\"1652\">Flexible y termoformable para curvas y bordes<\/p>\n<\/li>\n<li data-start=\"1653\" data-end=\"1704\">\n<p data-start=\"1655\" data-end=\"1704\">Rollos personalizables para pedidos al por mayor o en volumen<\/p>\n<\/li>\n<li data-start=\"1705\" data-end=\"1759\">\n<p data-start=\"1707\" data-end=\"1759\">Apto para instaladores profesionales y usuarios de bricolaje<\/p>\n<\/li>\n<\/ul>\n<h2 data-start=\"1761\" data-end=\"1778\">Aplicaciones<\/h2>\n<ul data-start=\"1779\" data-end=\"1968\">\n<li data-start=\"1779\" data-end=\"1832\">\n<p data-start=\"1781\" data-end=\"1832\">Envoltorios completos para veh\u00edculos: coches, SUVs, motocicletas, furgonetas<\/p>\n<\/li>\n<li data-start=\"1833\" data-end=\"1883\">\n<p data-start=\"1835\" data-end=\"1883\">Envolturas parciales: espejos, cap\u00f3s, techos, spoilers<\/p>\n<\/li>\n<li data-start=\"1884\" data-end=\"1924\">\n<p data-start=\"1886\" data-end=\"1924\">Ajustes interiores y paneles decorativos<\/p>\n<\/li>\n<li data-start=\"1925\" data-end=\"1968\">\n<p data-start=\"1927\" data-end=\"1968\">Ideal para <strong data-start=\"1937\" data-end=\"1957\">Pel\u00edcula de envoltura para coche 3M<\/strong> proyectos<\/p>\n<\/li>\n<\/ul>\n<h2 data-start=\"1970\" data-end=\"1989\">Especificaciones<\/h2>\n<p data-start=\"1990\" data-end=\"2195\">Material: vinilo automotriz de PVC<br data-start=\"2020\" data-end=\"2023\" \/>Color: Dorado<br data-start=\"2034\" data-end=\"2037\" \/>Acabado: Alto brillo<br data-start=\"2055\" data-end=\"2058\" \/>Grosor: 150\u2013180 \u03bcm<br data-start=\"2079\" data-end=\"2082\" \/>Adhesivo: Liberaci\u00f3n de aire, reposicionable<br data-start=\"2119\" data-end=\"2122\" \/>Durabilidad: 3\u20135 a\u00f1os en exteriores<br data-start=\"2151\" data-end=\"2154\" \/>Tama\u00f1o del rollo: Personalizable para pedidos al por mayor<\/p>\n<h2 data-start=\"2197\" data-end=\"2216\">Ventajas clave<\/h2>\n<ul data-start=\"2217\" data-end=\"2474\">\n<li data-start=\"2217\" data-end=\"2257\">\n<p data-start=\"2219\" data-end=\"2257\">Premium <strong data-start=\"2227\" data-end=\"2247\">Pel\u00edcula de envoltura para coche 3M<\/strong> calidad<\/p>\n<\/li>\n<li data-start=\"2258\" data-end=\"2305\">\n<p data-start=\"2260\" data-end=\"2305\">Resistente a ara\u00f1azos, duradero y el\u00e1stico<\/p>\n<\/li>\n<li data-start=\"2306\" data-end=\"2360\">\n<p data-start=\"2308\" data-end=\"2360\">Directo de f\u00e1brica, completamente personalizable para pedidos al por mayor<\/p>\n<\/li>\n<li data-start=\"2361\" data-end=\"2424\">\n<p data-start=\"2363\" data-end=\"2424\">F\u00e1cil instalaci\u00f3n para usuarios de bricolaje e instaladores profesionales<\/p>\n<\/li>\n<li data-start=\"2425\" data-end=\"2474\">\n<p data-start=\"2427\" data-end=\"2474\">Ideal para espejos, veh\u00edculos y envolturas personalizadas<\/p>\n<\/li>\n<\/ul>\n<h2 data-start=\"2476\" data-end=\"2497\">Incluye el paquete<\/h2>\n<ul data-start=\"2498\" data-end=\"2608\">\n<li data-start=\"2498\" data-end=\"2539\">\n<p data-start=\"2500\" data-end=\"2539\">1 Rollo de Pegatinas de Vinilo de PVC Dorado para Coches<\/p>\n<\/li>\n<li data-start=\"2540\" data-end=\"2608\">\n<p data-start=\"2542\" data-end=\"2608\">Kit de instalaci\u00f3n opcional: esp\u00e1tula, cuchilla, pa\u00f1o de microfibra<\/p>\n<\/li>\n<\/ul>\n<h2 data-start=\"2610\" data-end=\"2639\">\u00bfPor qu\u00e9 elegir este producto?<\/h2>\n<p data-start=\"2640\" data-end=\"2924\">Este directo de f\u00e1brica <strong data-start=\"2660\" data-end=\"2680\">Pel\u00edcula de envoltura para coche 3M<\/strong> Ofrece calidad profesional, acabado vibrante en dorado y protecci\u00f3n duradera. Totalmente personalizable para pedidos al por mayor o individuales, perfecto para instaladores, mayoristas y negocios que ofrecen productos de alta calidad <strong data-start=\"2888\" data-end=\"2911\">envoltura de vinilo para coches<\/strong> soluciones.<\/p>","protected":false},"excerpt":{"rendered":"<p data-start=\"381\" data-end=\"668\">Mejora y protege tu veh\u00edculo con esto <strong data-start=\"424\" data-end=\"444\">Pel\u00edcula de envoltura para coche 3M<\/strong> en PVC dorado. Resistente a ara\u00f1azos, el\u00e1stico y duradero, el suministro directo de f\u00e1brica permite pedidos al por mayor y tama\u00f1os personalizados, ideal para instaladores, mayoristas y entusiastas del autom\u00f3vil que buscan soluciones profesionales de vinilo para envolturas.<\/p>","protected":false},"featured_media":9489,"comment_status":"open","ping_status":"closed","template":"","meta":[],"product_brand":[],"product_cat":[214],"product_tag":[],"class_list":{"0":"post-9488","1":"product","2":"type-product","3":"status-publish","4":"has-post-thumbnail","6":"product_cat-car-vinyl-wrap-film","8":"first","9":"instock","10":"shipping-taxable","11":"product-type-simple"},"_links":{"self":[{"href":"https:\/\/www.carliseppf.com\/es\/wp-json\/wp\/v2\/product\/9488","targetHints":{"allow":["GET"]}}],"collection":[{"href":"https:\/\/www.carliseppf.com\/es\/wp-json\/wp\/v2\/product"}],"about":[{"href":"https:\/\/www.carliseppf.com\/es\/wp-json\/wp\/v2\/types\/product"}],"replies":[{"embeddable":true,"href":"https:\/\/www.carliseppf.com\/es\/wp-json\/wp\/v2\/comments?post=9488"}],"wp:featuredmedia":[{"embeddable":true,"href":"https:\/\/www.carliseppf.com\/es\/wp-json\/wp\/v2\/media\/9489"}],"wp:attachment":[{"href":"https:\/\/www.carliseppf.com\/es\/wp-json\/wp\/v2\/media?parent=9488"}],"wp:term":[{"taxonomy":"product_brand","embeddable":true,"href":"https:\/\/www.carliseppf.com\/es\/wp-json\/wp\/v2\/product_brand?post=9488"},{"taxonomy":"product_cat","embeddable":true,"href":"https:\/\/www.carliseppf.com\/es\/wp-json\/wp\/v2\/product_cat?post=9488"},{"taxonomy":"product_tag","embeddable":true,"href":"https:\/\/www.carliseppf.com\/es\/wp-json\/wp\/v2\/product_tag?post=9488"}],"curies":[{"name":"wp","href":"https:\/\/api.w.org\/{rel}","templated":true}]}}