{"id":9505,"date":"2025-11-18T03:23:42","date_gmt":"2025-11-18T03:23:42","guid":{"rendered":"https:\/\/www.carliseppf.com\/?post_type=product&#038;p=9505"},"modified":"2025-11-20T10:29:33","modified_gmt":"2025-11-20T10:29:33","slug":"ppf-car-wrap-venom-green-1-52x15m","status":"publish","type":"product","link":"https:\/\/www.carliseppf.com\/es\/product\/ppf-car-wrap-venom-green-1-52x15m\/","title":{"rendered":"Vinilo TPU Verde Veneno 1.52*15m \u2013 Envoltorio de coche PPF"},"content":{"rendered":"<h2 data-start=\"709\" data-end=\"730\">Resumen del Producto<\/h2>\n<p data-start=\"731\" data-end=\"1090\">Este premium <strong data-start=\"744\" data-end=\"760\">envoltura de coche ppf<\/strong> El vinilo (1.52*15m) presenta material TPU Verde Veneno con propiedades de autorreparaci\u00f3n y antiara\u00f1azos, ofreciendo protecci\u00f3n superior para la pintura de tu coche. Perfecto para envoltorios completos o parciales, motocicletas, cap\u00f3s, espejos y paneles decorativos. El suministro directo de f\u00e1brica garantiza pedidos al por mayor y tama\u00f1os personalizados para instaladores y mayoristas.<\/p>\n<p data-start=\"731\" data-end=\"1090\"><img fetchpriority=\"high\" decoding=\"async\" class=\"alignnone wp-image-9455 size-full\" src=\"https:\/\/www.carliseppf.com\/wp-content\/uploads\/2025\/11\/\u6bd2\u6db2\u7eff4.png\" alt=\"envoltura de coche ppf\" width=\"1440\" height=\"1080\" srcset=\"https:\/\/www.carliseppf.com\/wp-content\/uploads\/2025\/11\/\u6bd2\u6db2\u7eff4.png 1440w, https:\/\/www.carliseppf.com\/wp-content\/uploads\/2025\/11\/\u6bd2\u6db2\u7eff4-300x225.png 300w, https:\/\/www.carliseppf.com\/wp-content\/uploads\/2025\/11\/\u6bd2\u6db2\u7eff4-1024x768.png 1024w, https:\/\/www.carliseppf.com\/wp-content\/uploads\/2025\/11\/\u6bd2\u6db2\u7eff4-768x576.png 768w, https:\/\/www.carliseppf.com\/wp-content\/uploads\/2025\/11\/\u6bd2\u6db2\u7eff4-370x278.png 370w, https:\/\/www.carliseppf.com\/wp-content\/uploads\/2025\/11\/\u6bd2\u6db2\u7eff4-840x630.png 840w, https:\/\/www.carliseppf.com\/wp-content\/uploads\/2025\/11\/\u6bd2\u6db2\u7eff4-410x308.png 410w, https:\/\/www.carliseppf.com\/wp-content\/uploads\/2025\/11\/\u6bd2\u6db2\u7eff4-730x548.png 730w\" sizes=\"(max-width: 1440px) 100vw, 1440px\" \/><\/p>\n<h2 data-start=\"1092\" data-end=\"1114\">Dise\u00f1o y caracter\u00edsticas<\/h2>\n<ul data-start=\"1115\" data-end=\"1416\">\n<li data-start=\"1115\" data-end=\"1169\">\n<p data-start=\"1117\" data-end=\"1169\">Vibrante TPU Verde Veneno con efecto cambiante de color<\/p>\n<\/li>\n<li data-start=\"1170\" data-end=\"1238\">\n<p data-start=\"1172\" data-end=\"1238\">Tecnolog\u00eda de autorreparaci\u00f3n y antiara\u00f1azos para protecci\u00f3n superior<\/p>\n<\/li>\n<li data-start=\"1239\" data-end=\"1279\">\n<p data-start=\"1241\" data-end=\"1279\">Flexible, duradero y f\u00e1cil de aplicar<\/p>\n<\/li>\n<li data-start=\"1280\" data-end=\"1335\">\n<p data-start=\"1282\" data-end=\"1335\">Compatible con profesionales <strong data-start=\"1311\" data-end=\"1327\">envoltura de coche ppf<\/strong> herramientas<\/p>\n<\/li>\n<li data-start=\"1336\" data-end=\"1416\">\n<p data-start=\"1338\" data-end=\"1416\">Ideal para cobertura completa o parcial del veh\u00edculo, pedidos al por mayor y proyectos personalizados<\/p>\n<\/li>\n<\/ul>\n<h2 data-start=\"1418\" data-end=\"1444\">Material de alta calidad<\/h2>\n<ul data-start=\"1445\" data-end=\"1606\">\n<li data-start=\"1445\" data-end=\"1477\">\n<p data-start=\"1447\" data-end=\"1477\">Vinilo automotriz TPU duradero<\/p>\n<\/li>\n<li data-start=\"1478\" data-end=\"1526\">\n<p data-start=\"1480\" data-end=\"1526\">Resistente a UV, impermeable, seguro para pintura OEM<\/p>\n<\/li>\n<li data-start=\"1527\" data-end=\"1575\">\n<p data-start=\"1529\" data-end=\"1575\">Rendimiento duradero en exteriores (3\u20135 a\u00f1os)<\/p>\n<\/li>\n<li data-start=\"1576\" data-end=\"1606\">\n<p data-start=\"1578\" data-end=\"1606\">F\u00e1cil de limpiar y mantener<\/p>\n<\/li>\n<\/ul>\n<h2 data-start=\"1608\" data-end=\"1646\">F\u00e1cil instalaci\u00f3n y personalizaci\u00f3n<\/h2>\n<ul data-start=\"1647\" data-end=\"1878\">\n<li data-start=\"1647\" data-end=\"1700\">\n<p data-start=\"1649\" data-end=\"1700\">Adhesivo con liberaci\u00f3n de aire para una instalaci\u00f3n sin burbujas<\/p>\n<\/li>\n<li data-start=\"1701\" data-end=\"1771\">\n<p data-start=\"1703\" data-end=\"1771\">Flexible y moldeable con calor para bordes, curvas y superficies complejas<\/p>\n<\/li>\n<li data-start=\"1772\" data-end=\"1823\">\n<p data-start=\"1774\" data-end=\"1823\">Rollos personalizables para pedidos al por mayor o en volumen<\/p>\n<\/li>\n<li data-start=\"1824\" data-end=\"1878\">\n<p data-start=\"1826\" data-end=\"1878\">Apto para instaladores profesionales y usuarios de bricolaje<\/p>\n<\/li>\n<\/ul>\n<h2 data-start=\"1880\" data-end=\"1897\">Aplicaciones<\/h2>\n<ul data-start=\"1898\" data-end=\"2083\">\n<li data-start=\"1898\" data-end=\"1951\">\n<p data-start=\"1900\" data-end=\"1951\">Envoltorios completos para veh\u00edculos: coches, SUVs, motocicletas, furgonetas<\/p>\n<\/li>\n<li data-start=\"1952\" data-end=\"2002\">\n<p data-start=\"1954\" data-end=\"2002\">Envoltorios parciales: cap\u00f3s, techos, espejos, spoilers<\/p>\n<\/li>\n<li data-start=\"2003\" data-end=\"2043\">\n<p data-start=\"2005\" data-end=\"2043\">Ajustes interiores y paneles decorativos<\/p>\n<\/li>\n<li data-start=\"2044\" data-end=\"2083\">\n<p data-start=\"2046\" data-end=\"2083\">Ideal para <strong data-start=\"2056\" data-end=\"2072\">envoltura de coche ppf<\/strong> proyectos<\/p>\n<\/li>\n<\/ul>\n<h2 data-start=\"2085\" data-end=\"2104\">Especificaciones<\/h2>\n<p data-start=\"2105\" data-end=\"2330\">Material: vinilo de TPU para autom\u00f3viles<br data-start=\"2135\" data-end=\"2138\" \/>Color: Verde Veneno<br data-start=\"2156\" data-end=\"2159\" \/>Tama\u00f1o: 1.52*15m<br data-start=\"2173\" data-end=\"2176\" \/>Acabado: Brillante<br data-start=\"2190\" data-end=\"2193\" \/>Grosor: 150\u2013180 \u03bcm<br data-start=\"2214\" data-end=\"2217\" \/>Adhesivo: Liberaci\u00f3n de aire, reposicionable<br data-start=\"2254\" data-end=\"2257\" \/>Durabilidad: 3\u20135 a\u00f1os en exteriores<br data-start=\"2286\" data-end=\"2289\" \/>Tama\u00f1o del rollo: Personalizable para pedidos al por mayor<\/p>\n<h2 data-start=\"2332\" data-end=\"2351\">Ventajas clave<\/h2>\n<ul data-start=\"2352\" data-end=\"2632\">\n<li data-start=\"2352\" data-end=\"2388\">\n<p data-start=\"2354\" data-end=\"2388\">Premium <strong data-start=\"2362\" data-end=\"2378\">envoltura de coche ppf<\/strong> calidad<\/p>\n<\/li>\n<li data-start=\"2389\" data-end=\"2451\">\n<p data-start=\"2391\" data-end=\"2451\">Autorreparable y resistente a ara\u00f1azos para protecci\u00f3n superior<\/p>\n<\/li>\n<li data-start=\"2452\" data-end=\"2506\">\n<p data-start=\"2454\" data-end=\"2506\">Directo de f\u00e1brica, completamente personalizable para pedidos al por mayor<\/p>\n<\/li>\n<li data-start=\"2507\" data-end=\"2570\">\n<p data-start=\"2509\" data-end=\"2570\">F\u00e1cil instalaci\u00f3n para usuarios de bricolaje e instaladores profesionales<\/p>\n<\/li>\n<li data-start=\"2571\" data-end=\"2632\">\n<p data-start=\"2573\" data-end=\"2632\">Perfecto para talleres automotrices, instaladores y entusiastas<\/p>\n<\/li>\n<\/ul>\n<h2 data-start=\"2634\" data-end=\"2655\">Incluye el paquete<\/h2>\n<ul data-start=\"2656\" data-end=\"2780\">\n<li data-start=\"2656\" data-end=\"2711\">\n<p data-start=\"2658\" data-end=\"2711\">1 rollo de vinilo TPU verde Veneno para envoltura de coche (1.52*15m)<\/p>\n<\/li>\n<li data-start=\"2712\" data-end=\"2780\">\n<p data-start=\"2714\" data-end=\"2780\">Kit de instalaci\u00f3n opcional: esp\u00e1tula, cuchilla, pa\u00f1o de microfibra<\/p>\n<\/li>\n<\/ul>\n<h2 data-start=\"2782\" data-end=\"2811\">\u00bfPor qu\u00e9 elegir este producto?<\/h2>\n<p data-start=\"2812\" data-end=\"3117\">Este directo de f\u00e1brica <strong data-start=\"2832\" data-end=\"2848\">envoltura de coche ppf<\/strong> el vinilo (1.52*15m) ofrece calidad profesional, acabado vibrante en TPU verde Veneno y protecci\u00f3n duradera. Completamente personalizable para pedidos al por mayor o individuales, perfecto para instaladores, mayoristas y negocios que ofrecen productos premium <strong data-start=\"3079\" data-end=\"3104\">pel\u00edcula de protecci\u00f3n de pintura<\/strong> soluciones.<\/p>","protected":false},"excerpt":{"rendered":"<p>Protege y estiliza tu veh\u00edculo con esto <strong data-start=\"398\" data-end=\"414\">envoltura de coche ppf<\/strong> \u2013 Vinilo TPU Verde Veneno 1.52*15m que presenta tecnolog\u00eda de autorreparaci\u00f3n y antiara\u00f1azos. Suministro directo de f\u00e1brica, completamente personalizable para pedidos al por mayor. Ideal para instaladores profesionales, mayoristas y entusiastas del autom\u00f3vil que buscan soluciones de pel\u00edcula de protecci\u00f3n de pintura de alta calidad.<\/p>","protected":false},"featured_media":9453,"comment_status":"open","ping_status":"closed","template":"","meta":[],"product_brand":[],"product_cat":[216],"product_tag":[],"class_list":{"0":"post-9505","1":"product","2":"type-product","3":"status-publish","4":"has-post-thumbnail","6":"product_cat-colored-ppf","8":"first","9":"instock","10":"shipping-taxable","11":"product-type-simple"},"_links":{"self":[{"href":"https:\/\/www.carliseppf.com\/es\/wp-json\/wp\/v2\/product\/9505","targetHints":{"allow":["GET"]}}],"collection":[{"href":"https:\/\/www.carliseppf.com\/es\/wp-json\/wp\/v2\/product"}],"about":[{"href":"https:\/\/www.carliseppf.com\/es\/wp-json\/wp\/v2\/types\/product"}],"replies":[{"embeddable":true,"href":"https:\/\/www.carliseppf.com\/es\/wp-json\/wp\/v2\/comments?post=9505"}],"wp:featuredmedia":[{"embeddable":true,"href":"https:\/\/www.carliseppf.com\/es\/wp-json\/wp\/v2\/media\/9453"}],"wp:attachment":[{"href":"https:\/\/www.carliseppf.com\/es\/wp-json\/wp\/v2\/media?parent=9505"}],"wp:term":[{"taxonomy":"product_brand","embeddable":true,"href":"https:\/\/www.carliseppf.com\/es\/wp-json\/wp\/v2\/product_brand?post=9505"},{"taxonomy":"product_cat","embeddable":true,"href":"https:\/\/www.carliseppf.com\/es\/wp-json\/wp\/v2\/product_cat?post=9505"},{"taxonomy":"product_tag","embeddable":true,"href":"https:\/\/www.carliseppf.com\/es\/wp-json\/wp\/v2\/product_tag?post=9505"}],"curies":[{"name":"wp","href":"https:\/\/api.w.org\/{rel}","templated":true}]}}