{"id":9506,"date":"2025-11-18T03:50:04","date_gmt":"2025-11-18T03:50:04","guid":{"rendered":"https:\/\/www.carliseppf.com\/?post_type=product&#038;p=9506"},"modified":"2025-11-20T09:17:19","modified_gmt":"2025-11-20T09:17:19","slug":"car-wrapping-film-nado-gray","status":"publish","type":"product","link":"https:\/\/www.carliseppf.com\/es\/product\/car-wrapping-film-nado-gray\/","title":{"rendered":"Vinilo de cambio de color Nado Gray Deep Crystal \u2013 Pel\u00edcula para envoltorios de autom\u00f3viles"},"content":{"rendered":"<h2 data-start=\"740\" data-end=\"761\">Resumen del Producto<\/h2>\n<p data-start=\"762\" data-end=\"1092\">Este premium <strong data-start=\"775\" data-end=\"796\">pel\u00edcula para envoltura de autos<\/strong> cuenta con vinilo Nado Gray Deep Crystal que cambia de color, combinando estilo y protecci\u00f3n de pintura duradera. Perfecto para envolturas de autom\u00f3viles completas o parciales, motocicletas, molduras interiores y dise\u00f1os creativos personalizados. El suministro directo de f\u00e1brica garantiza pedidos al por mayor y tama\u00f1os personalizados para instaladores y mayoristas.<\/p>\n<p data-start=\"762\" data-end=\"1092\"><img fetchpriority=\"high\" decoding=\"async\" class=\"alignnone wp-image-9510 size-full\" src=\"https:\/\/www.carliseppf.com\/wp-content\/uploads\/2025\/11\/\u7eb3\u591a\u70703.jpg\" alt=\"pel\u00edcula de envoltura de coche\u200b\" width=\"1080\" height=\"1440\" srcset=\"https:\/\/www.carliseppf.com\/wp-content\/uploads\/2025\/11\/\u7eb3\u591a\u70703.jpg 1080w, https:\/\/www.carliseppf.com\/wp-content\/uploads\/2025\/11\/\u7eb3\u591a\u70703-225x300.jpg 225w, https:\/\/www.carliseppf.com\/wp-content\/uploads\/2025\/11\/\u7eb3\u591a\u70703-768x1024.jpg 768w, https:\/\/www.carliseppf.com\/wp-content\/uploads\/2025\/11\/\u7eb3\u591a\u70703-370x493.jpg 370w, https:\/\/www.carliseppf.com\/wp-content\/uploads\/2025\/11\/\u7eb3\u591a\u70703-840x1120.jpg 840w, https:\/\/www.carliseppf.com\/wp-content\/uploads\/2025\/11\/\u7eb3\u591a\u70703-410x547.jpg 410w, https:\/\/www.carliseppf.com\/wp-content\/uploads\/2025\/11\/\u7eb3\u591a\u70703-730x973.jpg 730w\" sizes=\"(max-width: 1080px) 100vw, 1080px\" \/><\/p>\n<h2 data-start=\"1094\" data-end=\"1116\">Dise\u00f1o y caracter\u00edsticas<\/h2>\n<ul data-start=\"1117\" data-end=\"1429\">\n<li data-start=\"1117\" data-end=\"1174\">\n<p data-start=\"1119\" data-end=\"1174\">Impresionante acabado Nado Gray Deep Crystal que cambia de color<\/p>\n<\/li>\n<li data-start=\"1175\" data-end=\"1241\">\n<p data-start=\"1177\" data-end=\"1241\">Material PET\/PVC suave para profesionales <strong data-start=\"1218\" data-end=\"1239\">pel\u00edcula para envoltura de autos<\/strong><\/p>\n<\/li>\n<li data-start=\"1242\" data-end=\"1312\">\n<p data-start=\"1244\" data-end=\"1312\">Adecuado para carrocer\u00eda completa o parcial <strong data-start=\"1278\" data-end=\"1301\">envoltura de vinilo para coches<\/strong> proyectos<\/p>\n<\/li>\n<li data-start=\"1313\" data-end=\"1362\">\n<p data-start=\"1315\" data-end=\"1362\">Ideal para crear \u00fanicos <strong data-start=\"1341\" data-end=\"1360\">colores de envoltura de coche<\/strong><\/p>\n<\/li>\n<li data-start=\"1363\" data-end=\"1429\">\n<p data-start=\"1365\" data-end=\"1429\">Perfecto para talleres automotrices, pedidos al por mayor y proyectos personalizados<\/p>\n<\/li>\n<\/ul>\n<h2 data-start=\"1431\" data-end=\"1457\">Material de alta calidad<\/h2>\n<ul data-start=\"1458\" data-end=\"1663\">\n<li data-start=\"1458\" data-end=\"1508\">\n<p data-start=\"1460\" data-end=\"1508\">Vinilo automotriz PET\/PVC duradero y resistente a los rayos UV<\/p>\n<\/li>\n<li data-start=\"1509\" data-end=\"1558\">\n<p data-start=\"1511\" data-end=\"1558\">A prueba de ara\u00f1azos, impermeable, seguro para pintura OEM<\/p>\n<\/li>\n<li data-start=\"1559\" data-end=\"1607\">\n<p data-start=\"1561\" data-end=\"1607\">Rendimiento duradero en exteriores (3\u20135 a\u00f1os)<\/p>\n<\/li>\n<li data-start=\"1608\" data-end=\"1663\">\n<p data-start=\"1610\" data-end=\"1663\">Compatible con profesionales <strong data-start=\"1639\" data-end=\"1661\">herramientas para rotulaci\u00f3n de veh\u00edculos<\/strong><\/p>\n<\/li>\n<\/ul>\n<h2 data-start=\"1665\" data-end=\"1703\">F\u00e1cil instalaci\u00f3n y personalizaci\u00f3n<\/h2>\n<ul data-start=\"1704\" data-end=\"1919\">\n<li data-start=\"1704\" data-end=\"1760\">\n<p data-start=\"1706\" data-end=\"1760\">Adhesivo con liberaci\u00f3n de aire que garantiza una aplicaci\u00f3n sin burbujas<\/p>\n<\/li>\n<li data-start=\"1761\" data-end=\"1812\">\n<p data-start=\"1763\" data-end=\"1812\">Flexible y termoformable para curvas y bordes<\/p>\n<\/li>\n<li data-start=\"1813\" data-end=\"1864\">\n<p data-start=\"1815\" data-end=\"1864\">Rollos personalizables para pedidos al por mayor o en volumen<\/p>\n<\/li>\n<li data-start=\"1865\" data-end=\"1919\">\n<p data-start=\"1867\" data-end=\"1919\">Apto para instaladores profesionales y usuarios de bricolaje<\/p>\n<\/li>\n<\/ul>\n<h2 data-start=\"1921\" data-end=\"1938\">Aplicaciones<\/h2>\n<ul data-start=\"1939\" data-end=\"2129\">\n<li data-start=\"1939\" data-end=\"1992\">\n<p data-start=\"1941\" data-end=\"1992\">Envoltorios completos para veh\u00edculos: coches, SUVs, motocicletas, furgonetas<\/p>\n<\/li>\n<li data-start=\"1993\" data-end=\"2043\">\n<p data-start=\"1995\" data-end=\"2043\">Envoltorios parciales: cap\u00f3s, techos, espejos, spoilers<\/p>\n<\/li>\n<li data-start=\"2044\" data-end=\"2084\">\n<p data-start=\"2046\" data-end=\"2084\">Ajustes interiores y paneles decorativos<\/p>\n<\/li>\n<li data-start=\"2085\" data-end=\"2129\">\n<p data-start=\"2087\" data-end=\"2129\">Ideal para <strong data-start=\"2097\" data-end=\"2118\">pel\u00edcula para envoltura de autos<\/strong> proyectos<\/p>\n<\/li>\n<\/ul>\n<h2 data-start=\"2131\" data-end=\"2150\">Especificaciones<\/h2>\n<p data-start=\"2151\" data-end=\"2406\">Material: vinilo automotriz PET\/PVC<br data-start=\"2185\" data-end=\"2188\" \/>Color: Nado Gray Deep Crystal (cambio de color)<br data-start=\"2234\" data-end=\"2237\" \/>Acabado: Alto brillo<br data-start=\"2255\" data-end=\"2258\" \/>Grosor: 150\u2013180 \u03bcm<br data-start=\"2279\" data-end=\"2282\" \/>Adhesivo: Liberaci\u00f3n de aire, reposicionable<br data-start=\"2319\" data-end=\"2322\" \/>Durabilidad: 3\u20135 a\u00f1os en exteriores<br data-start=\"2351\" data-end=\"2354\" \/>Tama\u00f1o del rollo: 1.52*17M (personalizable para pedidos al por mayor)<\/p>\n<h2 data-start=\"2408\" data-end=\"2427\">Ventajas clave<\/h2>\n<ul data-start=\"2428\" data-end=\"2684\">\n<li data-start=\"2428\" data-end=\"2472\">\n<p data-start=\"2430\" data-end=\"2472\">De grado profesional <strong data-start=\"2449\" data-end=\"2470\">pel\u00edcula para envoltura de autos<\/strong><\/p>\n<\/li>\n<li data-start=\"2473\" data-end=\"2524\">\n<p data-start=\"2475\" data-end=\"2524\">Acabado vibrante de cambio de color Nado Gray Crystal<\/p>\n<\/li>\n<li data-start=\"2525\" data-end=\"2565\">\n<p data-start=\"2527\" data-end=\"2565\">Duradero, a prueba de UV, resistente a ara\u00f1azos<\/p>\n<\/li>\n<li data-start=\"2566\" data-end=\"2620\">\n<p data-start=\"2568\" data-end=\"2620\">Directo de f\u00e1brica, completamente personalizable para pedidos al por mayor<\/p>\n<\/li>\n<li data-start=\"2621\" data-end=\"2684\">\n<p data-start=\"2623\" data-end=\"2684\">F\u00e1cil instalaci\u00f3n para usuarios de bricolaje e instaladores profesionales<\/p>\n<\/li>\n<\/ul>\n<h2 data-start=\"2686\" data-end=\"2707\">Incluye el paquete<\/h2>\n<ul data-start=\"2708\" data-end=\"2828\">\n<li data-start=\"2708\" data-end=\"2759\">\n<p data-start=\"2710\" data-end=\"2759\">1 rollo de vinilo para envoltorios de coche Nado Gray Deep Crystal<\/p>\n<\/li>\n<li data-start=\"2760\" data-end=\"2828\">\n<p data-start=\"2762\" data-end=\"2828\">Kit de instalaci\u00f3n opcional: esp\u00e1tula, cuchilla, pa\u00f1o de microfibra<\/p>\n<\/li>\n<\/ul>\n<h2 data-start=\"2830\" data-end=\"2859\">\u00bfPor qu\u00e9 elegir este producto?<\/h2>\n<p data-start=\"2860\" data-end=\"3157\">Este directo de f\u00e1brica <strong data-start=\"2880\" data-end=\"2901\">pel\u00edcula para envoltura de autos<\/strong> ofrece calidad profesional, efectos vibrantes de cambio de color y protecci\u00f3n duradera. Totalmente personalizable para pedidos en volumen o individuales, perfecto para instaladores, mayoristas y negocios que ofrecen alta calidad <strong data-start=\"3121\" data-end=\"3144\">envoltura de vinilo para coches<\/strong> soluciones.<\/p>","protected":false},"excerpt":{"rendered":"<p>Protege y transforma tu veh\u00edculo con esto <strong data-start=\"465\" data-end=\"486\">pel\u00edcula para envoltura de autos<\/strong> en vinilo Nado Gray Deep Crystal que cambia de color. Directo de f\u00e1brica, totalmente personalizable para pedidos al por mayor, duradero, resistente a los ara\u00f1azos y perfecto para instaladores, mayoristas y entusiastas del autom\u00f3vil que buscan soluciones de envoltura de autom\u00f3viles de primera calidad.<\/p>","protected":false},"featured_media":9508,"comment_status":"open","ping_status":"closed","template":"","meta":[],"product_brand":[],"product_cat":[214],"product_tag":[],"class_list":{"0":"post-9506","1":"product","2":"type-product","3":"status-publish","4":"has-post-thumbnail","6":"product_cat-car-vinyl-wrap-film","8":"first","9":"instock","10":"shipping-taxable","11":"product-type-simple"},"_links":{"self":[{"href":"https:\/\/www.carliseppf.com\/es\/wp-json\/wp\/v2\/product\/9506","targetHints":{"allow":["GET"]}}],"collection":[{"href":"https:\/\/www.carliseppf.com\/es\/wp-json\/wp\/v2\/product"}],"about":[{"href":"https:\/\/www.carliseppf.com\/es\/wp-json\/wp\/v2\/types\/product"}],"replies":[{"embeddable":true,"href":"https:\/\/www.carliseppf.com\/es\/wp-json\/wp\/v2\/comments?post=9506"}],"wp:featuredmedia":[{"embeddable":true,"href":"https:\/\/www.carliseppf.com\/es\/wp-json\/wp\/v2\/media\/9508"}],"wp:attachment":[{"href":"https:\/\/www.carliseppf.com\/es\/wp-json\/wp\/v2\/media?parent=9506"}],"wp:term":[{"taxonomy":"product_brand","embeddable":true,"href":"https:\/\/www.carliseppf.com\/es\/wp-json\/wp\/v2\/product_brand?post=9506"},{"taxonomy":"product_cat","embeddable":true,"href":"https:\/\/www.carliseppf.com\/es\/wp-json\/wp\/v2\/product_cat?post=9506"},{"taxonomy":"product_tag","embeddable":true,"href":"https:\/\/www.carliseppf.com\/es\/wp-json\/wp\/v2\/product_tag?post=9506"}],"curies":[{"name":"wp","href":"https:\/\/api.w.org\/{rel}","templated":true}]}}